{"id":90939,"date":"2023-09-22T12:59:46","date_gmt":"2024-05-29T09:14:07","guid":{"rendered":"https:\/\/grontkontor.dk\/shop\/cap-in-cork\/"},"modified":"2025-11-06T11:29:00","modified_gmt":"2025-11-06T10:29:00","slug":"cap-in-cork","status":"publish","type":"product","link":"https:\/\/grontkontor.dk\/no\/shop\/cap-in-cork\/","title":{"rendered":"Lue i robust kork uten trykk"},"content":{"rendered":"<p>En caps i klimavennlig kork er et unikt og stilig alternativ til tradisjonelle capser. Kork er et milj\u00f8vennlig naturmateriale som er b\u00e5de lett, robust og naturlig vannavst\u00f8tende. Dette gir en hette som ikke bare er i\u00f8ynefallende, men som ogs\u00e5 varer til daglig bruk i all slags v\u00e6r.  <\/p>\n<p>Denne capsen er h\u00e5ndlaget i Portugal, hvor tradisjonelt h\u00e5ndverk og omtanke for materialer g\u00e5r opp i en enhet. Hver kork f\u00e5r sitt eget unike utseende fordi korkens naturlige struktur varierer, noe som gj\u00f8r den til et i\u00f8ynefallende tilbeh\u00f8r. Den klimavennlige korken gj\u00f8r ogs\u00e5 produktet til et opplagt valg for bedrifter og organisasjoner som \u00f8nsker \u00e5 signalisere milj\u00f8vennlige verdier p\u00e5 en praktisk og elegant m\u00e5te.  <\/p>\n<p>Capsen er tilgjengelig i assorterte farger, s\u00e5 det er noe for enhver smak. Den kan leveres med logotrykk, noe som gj\u00f8r den perfekt som firmagave, reklameartikkel eller som en del av en profilkolleksjon for ansatte. N\u00e5r logoen din er trykt p\u00e5 en milj\u00f8vennlig caps i kork, f\u00e5r du en s\u00e6regen og synlig merkevareeffekt samtidig som du st\u00f8tter et gr\u00f8nt budskap.  <\/p>\n<p>En caps i kork er derfor mer enn bare solbeskyttelse \u2013 det er et klimavennlig tilbeh\u00f8r som kombinerer funksjon, design og omtanke for klimaet. Et opplagt valg for b\u00e5de arrangementer, messer og hverdagsbruk. <\/p>\n<p>[kork]<\/p>\n<p>&nbsp;<\/p>\n<img loading=\"lazy\" decoding=\"async\" class=\"size-medium wp-image-21008\" src=\"https:\/\/grontkontor.dk\/wp-content\/uploads\/2020\/11\/eu-flag_1-300x199.jpg\" alt=\"Fremstillet i EU\" width=\"76\" height=\"50\" srcset=\"https:\/\/grontkontor.dk\/wp-content\/uploads\/2020\/11\/eu-flag_1-300x199.jpg 300w, https:\/\/grontkontor.dk\/wp-content\/uploads\/2020\/11\/eu-flag_1.jpg 530w\" sizes=\"(max-width: 76px) 100vw, 76px\" \/>\n","protected":false},"excerpt":{"rendered":"<p>En caps i klimavennlig kork er et unikt og stilig alternativ til tradisjonelle capser. Kork er et milj\u00f8vennlig naturmateriale som er b\u00e5de lett, robust og naturlig vannavst\u00f8tende. Dette gir en hette som ikke bare er i\u00f8ynefallende, men som ogs\u00e5 varer til daglig bruk i all slags v\u00e6r. Denne capsen er h\u00e5ndlaget i Portugal, hvor tradisjonelt [&hellip;]<\/p>\n","protected":false},"featured_media":52831,"comment_status":"closed","ping_status":"closed","template":"","meta":{"_acf_changed":false},"product_cat":[3199,4285,4835,3194,3198,3195,3201],"product_tag":[3871,4022],"class_list":{"0":"post-90939","1":"product","2":"type-product","3":"status-publish","4":"has-post-thumbnail","6":"product_cat-dummy-moq-1-no","7":"product_cat-generell-pris-dummy","8":"product_cat-hodeplagg","9":"product_cat-klimavennlige-firmagaver","10":"product_cat-kork-produkter","11":"product_cat-produktserier","12":"product_cat-sport-og-fritid-no","13":"product_tag-cap-no","14":"product_tag-hodeplagg","15":"pa_farve-blande","16":"pa_farve-brun-no-2","17":"pa_farve-natur-no","18":"pa_farve-roedbrun-no","19":"tm-has-options","21":"first","22":"instock","23":"sale","24":"taxable","25":"shipping-taxable","26":"purchasable","27":"product-type-simple"},"acf":[],"yoast_head":"<!-- This site is optimized with the Yoast SEO Premium plugin v21.2 (Yoast SEO v21.2) - https:\/\/yoast.com\/wordpress\/plugins\/seo\/ -->\n<title>Lue i robust kork uten trykk - Gr\u00f8nt Kontor<\/title>\n<meta name=\"description\" content=\"Klimavennlig caps i kork. Vannavst\u00f8tende hette, h\u00e5ndlaget i Portugal. Milj\u00f8vennlig tilbeh\u00f8r i assorterte farger. Kan leveres med logotrykk.\" \/>\n<meta name=\"robots\" content=\"index, follow, max-snippet:-1, max-image-preview:large, max-video-preview:-1\" \/>\n<link rel=\"canonical\" href=\"https:\/\/grontkontor.dk\/no\/shop\/cap-in-cork\/\" \/>\n<meta property=\"og:locale\" content=\"en_US\" \/>\n<meta property=\"og:type\" content=\"article\" \/>\n<meta property=\"og:title\" content=\"Lue i robust kork uten trykk\" \/>\n<meta property=\"og:description\" content=\"Klimavennlig caps i kork. Vannavst\u00f8tende hette, h\u00e5ndlaget i Portugal. Milj\u00f8vennlig tilbeh\u00f8r i assorterte farger. Kan leveres med logotrykk.\" \/>\n<meta property=\"og:url\" content=\"https:\/\/grontkontor.dk\/no\/shop\/cap-in-cork\/\" \/>\n<meta property=\"og:site_name\" content=\"Gr\u00f8nt Kontor\" \/>\n<meta property=\"article:publisher\" content=\"https:\/\/www.facebook.com\/grontkontor.dk\/\" \/>\n<meta property=\"article:modified_time\" content=\"2025-11-06T10:29:00+00:00\" \/>\n<meta property=\"og:image\" content=\"https:\/\/grontkontor.dk\/wp-content\/uploads\/2017\/03\/cap-kasket-kork-01.jpg\" \/>\n\t<meta property=\"og:image:width\" content=\"800\" \/>\n\t<meta property=\"og:image:height\" content=\"568\" \/>\n\t<meta property=\"og:image:type\" content=\"image\/jpeg\" \/>\n<meta name=\"twitter:card\" content=\"summary_large_image\" \/>\n<meta name=\"twitter:label1\" content=\"Est. reading time\" \/>\n\t<meta name=\"twitter:data1\" content=\"1 minute\" \/>\n<script type=\"application\/ld+json\" class=\"yoast-schema-graph\">{\"@context\":\"https:\/\/schema.org\",\"@graph\":[{\"@type\":\"WebPage\",\"@id\":\"https:\/\/grontkontor.dk\/no\/shop\/cap-in-cork\/\",\"url\":\"https:\/\/grontkontor.dk\/no\/shop\/cap-in-cork\/\",\"name\":\"Lue i robust kork uten trykk - Gr\u00f8nt Kontor\",\"isPartOf\":{\"@id\":\"https:\/\/grontkontor.dk\/#website\"},\"datePublished\":\"2024-05-29T09:14:07+00:00\",\"dateModified\":\"2025-11-06T10:29:00+00:00\",\"description\":\"Klimavennlig caps i kork. Vannavst\u00f8tende hette, h\u00e5ndlaget i Portugal. Milj\u00f8vennlig tilbeh\u00f8r i assorterte farger. Kan leveres med logotrykk.\",\"breadcrumb\":{\"@id\":\"https:\/\/grontkontor.dk\/no\/shop\/cap-in-cork\/#breadcrumb\"},\"inLanguage\":\"no-NO\",\"potentialAction\":[{\"@type\":\"ReadAction\",\"target\":[\"https:\/\/grontkontor.dk\/no\/shop\/cap-in-cork\/\"]}]},{\"@type\":\"BreadcrumbList\",\"@id\":\"https:\/\/grontkontor.dk\/no\/shop\/cap-in-cork\/#breadcrumb\",\"itemListElement\":[{\"@type\":\"ListItem\",\"position\":1,\"name\":\"Forside\",\"item\":\"https:\/\/grontkontor.dk\/\"},{\"@type\":\"ListItem\",\"position\":2,\"name\":\"Butikk\",\"item\":\"https:\/\/grontkontor.dk\/no\/butikk-2\/\"},{\"@type\":\"ListItem\",\"position\":3,\"name\":\"Kl\u00e6r\",\"item\":\"https:\/\/grontkontor.dk\/no\/produkt-kategori\/klaer\/\"},{\"@type\":\"ListItem\",\"position\":4,\"name\":\"Hodeplagg\",\"item\":\"https:\/\/grontkontor.dk\/no\/produkt-kategori\/klaer\/hodeplagg\/\"},{\"@type\":\"ListItem\",\"position\":5,\"name\":\"Lue i robust kork uten trykk\"}]},{\"@type\":\"WebSite\",\"@id\":\"https:\/\/grontkontor.dk\/#website\",\"url\":\"https:\/\/grontkontor.dk\/\",\"name\":\"Gr\u00f8nt Kontor\",\"description\":\"Milj\u00f8venlige produkter til kontor og erhverv med fokus p\u00e5 b\u00e6redygtighed, design og fair trade.\",\"publisher\":{\"@id\":\"https:\/\/grontkontor.dk\/#organization\"},\"potentialAction\":[{\"@type\":\"SearchAction\",\"target\":{\"@type\":\"EntryPoint\",\"urlTemplate\":\"https:\/\/grontkontor.dk\/?s={search_term_string}\"},\"query-input\":\"required name=search_term_string\"}],\"inLanguage\":\"no-NO\"},{\"@type\":\"Organization\",\"@id\":\"https:\/\/grontkontor.dk\/#organization\",\"name\":\"Gr\u00f8nt Kontor\",\"url\":\"https:\/\/grontkontor.dk\/\",\"logo\":{\"@type\":\"ImageObject\",\"inLanguage\":\"no-NO\",\"@id\":\"https:\/\/grontkontor.dk\/#\/schema\/logo\/image\/\",\"url\":\"https:\/\/grontkontor.dk\/wp-content\/uploads\/2014\/02\/Logo_groent_kontor_300x80.png\",\"contentUrl\":\"https:\/\/grontkontor.dk\/wp-content\/uploads\/2014\/02\/Logo_groent_kontor_300x80.png\",\"width\":300,\"height\":80,\"caption\":\"Gr\u00f8nt Kontor\"},\"image\":{\"@id\":\"https:\/\/grontkontor.dk\/#\/schema\/logo\/image\/\"},\"sameAs\":[\"https:\/\/www.facebook.com\/grontkontor.dk\/\"]}]}<\/script>\n<!-- \/ Yoast SEO Premium plugin. -->","yoast_head_json":{"title":"Lue i robust kork uten trykk - Gr\u00f8nt Kontor","description":"Klimavennlig caps i kork. Vannavst\u00f8tende hette, h\u00e5ndlaget i Portugal. Milj\u00f8vennlig tilbeh\u00f8r i assorterte farger. Kan leveres med logotrykk.","robots":{"index":"index","follow":"follow","max-snippet":"max-snippet:-1","max-image-preview":"max-image-preview:large","max-video-preview":"max-video-preview:-1"},"canonical":"https:\/\/grontkontor.dk\/no\/shop\/cap-in-cork\/","og_locale":"en_US","og_type":"article","og_title":"Lue i robust kork uten trykk","og_description":"Klimavennlig caps i kork. Vannavst\u00f8tende hette, h\u00e5ndlaget i Portugal. Milj\u00f8vennlig tilbeh\u00f8r i assorterte farger. Kan leveres med logotrykk.","og_url":"https:\/\/grontkontor.dk\/no\/shop\/cap-in-cork\/","og_site_name":"Gr\u00f8nt Kontor","article_publisher":"https:\/\/www.facebook.com\/grontkontor.dk\/","article_modified_time":"2025-11-06T10:29:00+00:00","og_image":[{"width":800,"height":568,"url":"https:\/\/grontkontor.dk\/wp-content\/uploads\/2017\/03\/cap-kasket-kork-01.jpg","type":"image\/jpeg"}],"twitter_card":"summary_large_image","twitter_misc":{"Est. reading time":"1 minute"},"schema":{"@context":"https:\/\/schema.org","@graph":[{"@type":"WebPage","@id":"https:\/\/grontkontor.dk\/no\/shop\/cap-in-cork\/","url":"https:\/\/grontkontor.dk\/no\/shop\/cap-in-cork\/","name":"Lue i robust kork uten trykk - Gr\u00f8nt Kontor","isPartOf":{"@id":"https:\/\/grontkontor.dk\/#website"},"datePublished":"2024-05-29T09:14:07+00:00","dateModified":"2025-11-06T10:29:00+00:00","description":"Klimavennlig caps i kork. Vannavst\u00f8tende hette, h\u00e5ndlaget i Portugal. Milj\u00f8vennlig tilbeh\u00f8r i assorterte farger. Kan leveres med logotrykk.","breadcrumb":{"@id":"https:\/\/grontkontor.dk\/no\/shop\/cap-in-cork\/#breadcrumb"},"inLanguage":"no-NO","potentialAction":[{"@type":"ReadAction","target":["https:\/\/grontkontor.dk\/no\/shop\/cap-in-cork\/"]}]},{"@type":"BreadcrumbList","@id":"https:\/\/grontkontor.dk\/no\/shop\/cap-in-cork\/#breadcrumb","itemListElement":[{"@type":"ListItem","position":1,"name":"Forside","item":"https:\/\/grontkontor.dk\/"},{"@type":"ListItem","position":2,"name":"Butikk","item":"https:\/\/grontkontor.dk\/no\/butikk-2\/"},{"@type":"ListItem","position":3,"name":"Kl\u00e6r","item":"https:\/\/grontkontor.dk\/no\/produkt-kategori\/klaer\/"},{"@type":"ListItem","position":4,"name":"Hodeplagg","item":"https:\/\/grontkontor.dk\/no\/produkt-kategori\/klaer\/hodeplagg\/"},{"@type":"ListItem","position":5,"name":"Lue i robust kork uten trykk"}]},{"@type":"WebSite","@id":"https:\/\/grontkontor.dk\/#website","url":"https:\/\/grontkontor.dk\/","name":"Gr\u00f8nt Kontor","description":"Milj\u00f8venlige produkter til kontor og erhverv med fokus p\u00e5 b\u00e6redygtighed, design og fair trade.","publisher":{"@id":"https:\/\/grontkontor.dk\/#organization"},"potentialAction":[{"@type":"SearchAction","target":{"@type":"EntryPoint","urlTemplate":"https:\/\/grontkontor.dk\/?s={search_term_string}"},"query-input":"required name=search_term_string"}],"inLanguage":"no-NO"},{"@type":"Organization","@id":"https:\/\/grontkontor.dk\/#organization","name":"Gr\u00f8nt Kontor","url":"https:\/\/grontkontor.dk\/","logo":{"@type":"ImageObject","inLanguage":"no-NO","@id":"https:\/\/grontkontor.dk\/#\/schema\/logo\/image\/","url":"https:\/\/grontkontor.dk\/wp-content\/uploads\/2014\/02\/Logo_groent_kontor_300x80.png","contentUrl":"https:\/\/grontkontor.dk\/wp-content\/uploads\/2014\/02\/Logo_groent_kontor_300x80.png","width":300,"height":80,"caption":"Gr\u00f8nt Kontor"},"image":{"@id":"https:\/\/grontkontor.dk\/#\/schema\/logo\/image\/"},"sameAs":["https:\/\/www.facebook.com\/grontkontor.dk\/"]}]}},"_links":{"self":[{"href":"https:\/\/grontkontor.dk\/no\/wp-json\/wp\/v2\/product\/90939"}],"collection":[{"href":"https:\/\/grontkontor.dk\/no\/wp-json\/wp\/v2\/product"}],"about":[{"href":"https:\/\/grontkontor.dk\/no\/wp-json\/wp\/v2\/types\/product"}],"replies":[{"embeddable":true,"href":"https:\/\/grontkontor.dk\/no\/wp-json\/wp\/v2\/comments?post=90939"}],"wp:featuredmedia":[{"embeddable":true,"href":"https:\/\/grontkontor.dk\/no\/wp-json\/wp\/v2\/media\/52831"}],"wp:attachment":[{"href":"https:\/\/grontkontor.dk\/no\/wp-json\/wp\/v2\/media?parent=90939"}],"wp:term":[{"taxonomy":"product_cat","embeddable":true,"href":"https:\/\/grontkontor.dk\/no\/wp-json\/wp\/v2\/product_cat?post=90939"},{"taxonomy":"product_tag","embeddable":true,"href":"https:\/\/grontkontor.dk\/no\/wp-json\/wp\/v2\/product_tag?post=90939"}],"curies":[{"name":"wp","href":"https:\/\/api.w.org\/{rel}","templated":true}]}}