{"id":91109,"date":"2023-09-22T13:00:03","date_gmt":"2024-05-29T09:14:16","guid":{"rendered":"https:\/\/grontkontor.dk\/shop\/ingeo-kulepenn-penn-bioplast-mekanisk\/"},"modified":"2024-10-31T09:38:49","modified_gmt":"2024-10-31T08:38:49","slug":"ingeo-kulepenn-penn-bioplast-mekanisk","status":"publish","type":"product","link":"https:\/\/grontkontor.dk\/no\/shop\/ingeo-kulepenn-penn-bioplast-mekanisk\/","title":{"rendered":"Bioplast kulepenn Ingeo med\/uten utskrift"},"content":{"rendered":"<p>Klimavennlig kulepenn i italiensk design med logotrykk i opptil 5 farger. Kroppen er laget av mais, foredlet til biologisk nedbrytbar bioplast (PLA). Kroppen er 100% biologisk nedbrytbar. Et klima- og milj\u00f8vennlig alternativ til forurensende PVC-merder. Laget i EU. <img loading=\"lazy\" decoding=\"async\" class=\"size-medium wp-image-21008\" src=\"https:\/\/grontkontor.dk\/wp-content\/uploads\/2020\/11\/eu-flag_1-300x199.jpg\" alt=\"Fremstillet i EU\" width=\"76\" height=\"50\" srcset=\"https:\/\/grontkontor.dk\/wp-content\/uploads\/2020\/11\/eu-flag_1-300x199.jpg 300w, https:\/\/grontkontor.dk\/wp-content\/uploads\/2020\/11\/eu-flag_1.jpg 530w\" sizes=\"(max-width: 76px) 100vw, 76px\" \/><\/p>\n","protected":false},"excerpt":{"rendered":"<p>Klimavennlig kulepenn i italiensk design med logotrykk i opptil 5 farger. Kroppen er laget av mais, foredlet til biologisk nedbrytbar bioplast (PLA). Kroppen er 100% biologisk nedbrytbar. Et klima- og milj\u00f8vennlig alternativ til forurensende PVC-merder. Laget i EU.<\/p>\n","protected":false},"featured_media":52034,"comment_status":"closed","ping_status":"closed","template":"","meta":{"_acf_changed":false},"product_cat":[3541,3300,4394,3299],"product_tag":[3302,3310],"class_list":{"0":"post-91109","1":"product","2":"type-product","3":"status-publish","4":"has-post-thumbnail","6":"product_cat-dummy-moq-50-100-no","7":"product_cat-penner","8":"product_cat-penner-og-blyanter","9":"product_cat-skrive-og-pekeutstyr","10":"product_tag-kulepenn","11":"product_tag-penn","12":"pa_farve-appelsin","13":"pa_farve-blaa-no","14":"pa_farve-groenn","15":"pa_farve-gul-no-2","16":"pa_farve-hvit","17":"pa_farve-lilla-no","18":"pa_farve-rosa","19":"pa_farve-roed-no","20":"pa_farve-svart","21":"tm-has-options","23":"first","24":"instock","25":"taxable","26":"shipping-taxable","27":"purchasable","28":"product-type-variable","29":"has-default-attributes"},"acf":[],"yoast_head":"<!-- This site is optimized with the Yoast SEO Premium plugin v21.2 (Yoast SEO v21.2) - https:\/\/yoast.com\/wordpress\/plugins\/seo\/ -->\n<title>Bioplast kulepenn Ingeo med\/uten utskrift - Gr\u00f8nt Kontor<\/title>\n<meta name=\"robots\" content=\"index, follow, max-snippet:-1, max-image-preview:large, max-video-preview:-1\" \/>\n<link rel=\"canonical\" href=\"https:\/\/grontkontor.dk\/no\/shop\/ingeo-kulepenn-penn-bioplast-mekanisk\/\" \/>\n<meta property=\"og:locale\" content=\"en_US\" \/>\n<meta property=\"og:type\" content=\"article\" \/>\n<meta property=\"og:title\" content=\"Bioplast kulepenn Ingeo med\/uten utskrift\" \/>\n<meta property=\"og:description\" content=\"Klimavennlig kulepenn i italiensk design med logotrykk i opptil 5 farger. Kroppen er laget av mais, foredlet til biologisk nedbrytbar bioplast (PLA). Kroppen er 100% biologisk nedbrytbar. Et klima- og milj\u00f8vennlig alternativ til forurensende PVC-merder. Laget i EU.\" \/>\n<meta property=\"og:url\" content=\"https:\/\/grontkontor.dk\/no\/shop\/ingeo-kulepenn-penn-bioplast-mekanisk\/\" \/>\n<meta property=\"og:site_name\" content=\"Gr\u00f8nt Kontor\" \/>\n<meta property=\"article:publisher\" content=\"https:\/\/www.facebook.com\/grontkontor.dk\/\" \/>\n<meta property=\"article:modified_time\" content=\"2024-10-31T08:38:49+00:00\" \/>\n<meta property=\"og:image\" content=\"https:\/\/grontkontor.dk\/wp-content\/uploads\/2017\/06\/kuglepen-i-bioplast-green.jpg\" \/>\n\t<meta property=\"og:image:width\" content=\"800\" \/>\n\t<meta property=\"og:image:height\" content=\"568\" \/>\n\t<meta property=\"og:image:type\" content=\"image\/jpeg\" \/>\n<meta name=\"twitter:card\" content=\"summary_large_image\" \/>\n<script type=\"application\/ld+json\" class=\"yoast-schema-graph\">{\"@context\":\"https:\/\/schema.org\",\"@graph\":[{\"@type\":\"WebPage\",\"@id\":\"https:\/\/grontkontor.dk\/no\/shop\/ingeo-kulepenn-penn-bioplast-mekanisk\/\",\"url\":\"https:\/\/grontkontor.dk\/no\/shop\/ingeo-kulepenn-penn-bioplast-mekanisk\/\",\"name\":\"Bioplast kulepenn Ingeo med\/uten utskrift - Gr\u00f8nt Kontor\",\"isPartOf\":{\"@id\":\"https:\/\/grontkontor.dk\/#website\"},\"datePublished\":\"2024-05-29T09:14:16+00:00\",\"dateModified\":\"2024-10-31T08:38:49+00:00\",\"breadcrumb\":{\"@id\":\"https:\/\/grontkontor.dk\/no\/shop\/ingeo-kulepenn-penn-bioplast-mekanisk\/#breadcrumb\"},\"inLanguage\":\"no-NO\",\"potentialAction\":[{\"@type\":\"ReadAction\",\"target\":[\"https:\/\/grontkontor.dk\/no\/shop\/ingeo-kulepenn-penn-bioplast-mekanisk\/\"]}]},{\"@type\":\"BreadcrumbList\",\"@id\":\"https:\/\/grontkontor.dk\/no\/shop\/ingeo-kulepenn-penn-bioplast-mekanisk\/#breadcrumb\",\"itemListElement\":[{\"@type\":\"ListItem\",\"position\":1,\"name\":\"Forside\",\"item\":\"https:\/\/grontkontor.dk\/\"},{\"@type\":\"ListItem\",\"position\":2,\"name\":\"Butikk\",\"item\":\"https:\/\/grontkontor.dk\/no\/butikk-2\/\"},{\"@type\":\"ListItem\",\"position\":3,\"name\":\"Skrive- og pekeutstyr\",\"item\":\"https:\/\/grontkontor.dk\/no\/produkt-kategori\/skrive-og-pekeutstyr\/\"},{\"@type\":\"ListItem\",\"position\":4,\"name\":\"Penner\",\"item\":\"https:\/\/grontkontor.dk\/no\/produkt-kategori\/skrive-og-pekeutstyr\/penner\/\"},{\"@type\":\"ListItem\",\"position\":5,\"name\":\"Bioplast kulepenn Ingeo med\/uten utskrift\"}]},{\"@type\":\"WebSite\",\"@id\":\"https:\/\/grontkontor.dk\/#website\",\"url\":\"https:\/\/grontkontor.dk\/\",\"name\":\"Gr\u00f8nt Kontor\",\"description\":\"Milj\u00f8venlige produkter til kontor og erhverv med fokus p\u00e5 b\u00e6redygtighed, design og fair trade.\",\"publisher\":{\"@id\":\"https:\/\/grontkontor.dk\/#organization\"},\"potentialAction\":[{\"@type\":\"SearchAction\",\"target\":{\"@type\":\"EntryPoint\",\"urlTemplate\":\"https:\/\/grontkontor.dk\/?s={search_term_string}\"},\"query-input\":\"required name=search_term_string\"}],\"inLanguage\":\"no-NO\"},{\"@type\":\"Organization\",\"@id\":\"https:\/\/grontkontor.dk\/#organization\",\"name\":\"Gr\u00f8nt Kontor\",\"url\":\"https:\/\/grontkontor.dk\/\",\"logo\":{\"@type\":\"ImageObject\",\"inLanguage\":\"no-NO\",\"@id\":\"https:\/\/grontkontor.dk\/#\/schema\/logo\/image\/\",\"url\":\"https:\/\/grontkontor.dk\/wp-content\/uploads\/2014\/02\/Logo_groent_kontor_300x80.png\",\"contentUrl\":\"https:\/\/grontkontor.dk\/wp-content\/uploads\/2014\/02\/Logo_groent_kontor_300x80.png\",\"width\":300,\"height\":80,\"caption\":\"Gr\u00f8nt Kontor\"},\"image\":{\"@id\":\"https:\/\/grontkontor.dk\/#\/schema\/logo\/image\/\"},\"sameAs\":[\"https:\/\/www.facebook.com\/grontkontor.dk\/\"]}]}<\/script>\n<!-- \/ Yoast SEO Premium plugin. -->","yoast_head_json":{"title":"Bioplast kulepenn Ingeo med\/uten utskrift - Gr\u00f8nt Kontor","robots":{"index":"index","follow":"follow","max-snippet":"max-snippet:-1","max-image-preview":"max-image-preview:large","max-video-preview":"max-video-preview:-1"},"canonical":"https:\/\/grontkontor.dk\/no\/shop\/ingeo-kulepenn-penn-bioplast-mekanisk\/","og_locale":"en_US","og_type":"article","og_title":"Bioplast kulepenn Ingeo med\/uten utskrift","og_description":"Klimavennlig kulepenn i italiensk design med logotrykk i opptil 5 farger. Kroppen er laget av mais, foredlet til biologisk nedbrytbar bioplast (PLA). Kroppen er 100% biologisk nedbrytbar. Et klima- og milj\u00f8vennlig alternativ til forurensende PVC-merder. Laget i EU.","og_url":"https:\/\/grontkontor.dk\/no\/shop\/ingeo-kulepenn-penn-bioplast-mekanisk\/","og_site_name":"Gr\u00f8nt Kontor","article_publisher":"https:\/\/www.facebook.com\/grontkontor.dk\/","article_modified_time":"2024-10-31T08:38:49+00:00","og_image":[{"width":800,"height":568,"url":"https:\/\/grontkontor.dk\/wp-content\/uploads\/2017\/06\/kuglepen-i-bioplast-green.jpg","type":"image\/jpeg"}],"twitter_card":"summary_large_image","schema":{"@context":"https:\/\/schema.org","@graph":[{"@type":"WebPage","@id":"https:\/\/grontkontor.dk\/no\/shop\/ingeo-kulepenn-penn-bioplast-mekanisk\/","url":"https:\/\/grontkontor.dk\/no\/shop\/ingeo-kulepenn-penn-bioplast-mekanisk\/","name":"Bioplast kulepenn Ingeo med\/uten utskrift - Gr\u00f8nt Kontor","isPartOf":{"@id":"https:\/\/grontkontor.dk\/#website"},"datePublished":"2024-05-29T09:14:16+00:00","dateModified":"2024-10-31T08:38:49+00:00","breadcrumb":{"@id":"https:\/\/grontkontor.dk\/no\/shop\/ingeo-kulepenn-penn-bioplast-mekanisk\/#breadcrumb"},"inLanguage":"no-NO","potentialAction":[{"@type":"ReadAction","target":["https:\/\/grontkontor.dk\/no\/shop\/ingeo-kulepenn-penn-bioplast-mekanisk\/"]}]},{"@type":"BreadcrumbList","@id":"https:\/\/grontkontor.dk\/no\/shop\/ingeo-kulepenn-penn-bioplast-mekanisk\/#breadcrumb","itemListElement":[{"@type":"ListItem","position":1,"name":"Forside","item":"https:\/\/grontkontor.dk\/"},{"@type":"ListItem","position":2,"name":"Butikk","item":"https:\/\/grontkontor.dk\/no\/butikk-2\/"},{"@type":"ListItem","position":3,"name":"Skrive- og pekeutstyr","item":"https:\/\/grontkontor.dk\/no\/produkt-kategori\/skrive-og-pekeutstyr\/"},{"@type":"ListItem","position":4,"name":"Penner","item":"https:\/\/grontkontor.dk\/no\/produkt-kategori\/skrive-og-pekeutstyr\/penner\/"},{"@type":"ListItem","position":5,"name":"Bioplast kulepenn Ingeo med\/uten utskrift"}]},{"@type":"WebSite","@id":"https:\/\/grontkontor.dk\/#website","url":"https:\/\/grontkontor.dk\/","name":"Gr\u00f8nt Kontor","description":"Milj\u00f8venlige produkter til kontor og erhverv med fokus p\u00e5 b\u00e6redygtighed, design og fair trade.","publisher":{"@id":"https:\/\/grontkontor.dk\/#organization"},"potentialAction":[{"@type":"SearchAction","target":{"@type":"EntryPoint","urlTemplate":"https:\/\/grontkontor.dk\/?s={search_term_string}"},"query-input":"required name=search_term_string"}],"inLanguage":"no-NO"},{"@type":"Organization","@id":"https:\/\/grontkontor.dk\/#organization","name":"Gr\u00f8nt Kontor","url":"https:\/\/grontkontor.dk\/","logo":{"@type":"ImageObject","inLanguage":"no-NO","@id":"https:\/\/grontkontor.dk\/#\/schema\/logo\/image\/","url":"https:\/\/grontkontor.dk\/wp-content\/uploads\/2014\/02\/Logo_groent_kontor_300x80.png","contentUrl":"https:\/\/grontkontor.dk\/wp-content\/uploads\/2014\/02\/Logo_groent_kontor_300x80.png","width":300,"height":80,"caption":"Gr\u00f8nt Kontor"},"image":{"@id":"https:\/\/grontkontor.dk\/#\/schema\/logo\/image\/"},"sameAs":["https:\/\/www.facebook.com\/grontkontor.dk\/"]}]}},"_links":{"self":[{"href":"https:\/\/grontkontor.dk\/no\/wp-json\/wp\/v2\/product\/91109"}],"collection":[{"href":"https:\/\/grontkontor.dk\/no\/wp-json\/wp\/v2\/product"}],"about":[{"href":"https:\/\/grontkontor.dk\/no\/wp-json\/wp\/v2\/types\/product"}],"replies":[{"embeddable":true,"href":"https:\/\/grontkontor.dk\/no\/wp-json\/wp\/v2\/comments?post=91109"}],"wp:featuredmedia":[{"embeddable":true,"href":"https:\/\/grontkontor.dk\/no\/wp-json\/wp\/v2\/media\/52034"}],"wp:attachment":[{"href":"https:\/\/grontkontor.dk\/no\/wp-json\/wp\/v2\/media?parent=91109"}],"wp:term":[{"taxonomy":"product_cat","embeddable":true,"href":"https:\/\/grontkontor.dk\/no\/wp-json\/wp\/v2\/product_cat?post=91109"},{"taxonomy":"product_tag","embeddable":true,"href":"https:\/\/grontkontor.dk\/no\/wp-json\/wp\/v2\/product_tag?post=91109"}],"curies":[{"name":"wp","href":"https:\/\/api.w.org\/{rel}","templated":true}]}}