{"id":91183,"date":"2023-09-22T12:59:32","date_gmt":"2024-05-29T09:15:25","guid":{"rendered":"https:\/\/grontkontor.dk\/shop\/visittkort-holder\/"},"modified":"2024-05-29T11:15:25","modified_gmt":"2024-05-29T09:15:25","slug":"visittkort-holder","status":"publish","type":"product","link":"https:\/\/grontkontor.dk\/no\/shop\/visittkort-holder\/","title":{"rendered":"Visittkortholder p\u00e6retre"},"content":{"rendered":"<p>Hold styr p\u00e5 visittkortene dine med denne eksklusive og klimavennlige visittkortholderen. En rull med solid rustfritt st\u00e5l ruller p\u00e5 den skr\u00e5nende overflaten mot kortene. Gummiringen som g\u00e5r i sporet sikrer at rullen ikke kan gli til siden. Fundamentet er oljet FSC-sertifisert p\u00e6retre. Et klima- og milj\u00f8vennlig produkt.<br \/>\nProdusert i EU av funksjonshemmede i et skjermet verksted.<\/p>\n<p>[staal_s]<\/p>\n<p>[kjf]<\/p>\n","protected":false},"excerpt":{"rendered":"<p>Hold styr p\u00e5 visittkortene dine med denne eksklusive og klimavennlige visittkortholderen. En rull med solid rustfritt st\u00e5l ruller p\u00e5 den skr\u00e5nende overflaten mot kortene. Gummiringen som g\u00e5r i sporet sikrer at rullen ikke kan gli til siden. Fundamentet er oljet FSC-sertifisert p\u00e6retre. Et klima- og milj\u00f8vennlig produkt. Produsert i EU av funksjonshemmede i et skjermet [&hellip;]<\/p>\n","protected":false},"featured_media":52229,"comment_status":"closed","ping_status":"closed","template":"","meta":{"_acf_changed":false},"product_cat":[3457,3199,3194,3195,3987,3514],"product_tag":[4282,4284,3200],"class_list":{"0":"post-91183","1":"product","2":"type-product","3":"status-publish","4":"has-post-thumbnail","6":"product_cat-diverse-for-skrivebordet","7":"product_cat-dummy-moq-1-no","8":"product_cat-klimavennlige-firmagaver","9":"product_cat-produktserier","10":"product_cat-paeretre","11":"product_cat-skrivebord-utstyr","12":"product_tag-dekorasjon","13":"product_tag-utforming","14":"product_tag-visittkort","15":"tm-has-options","17":"first","18":"instock","19":"taxable","20":"shipping-taxable","21":"purchasable","22":"product-type-simple"},"acf":[],"yoast_head":"<!-- This site is optimized with the Yoast SEO Premium plugin v21.2 (Yoast SEO v21.2) - https:\/\/yoast.com\/wordpress\/plugins\/seo\/ -->\n<title>Visittkortholder p\u00e6retre - Gr\u00f8nt Kontor<\/title>\n<meta name=\"robots\" content=\"index, follow, max-snippet:-1, max-image-preview:large, max-video-preview:-1\" \/>\n<link rel=\"canonical\" href=\"https:\/\/grontkontor.dk\/shop\/visitkortholder\/\" \/>\n<meta property=\"og:locale\" content=\"en_US\" \/>\n<meta property=\"og:type\" content=\"article\" \/>\n<meta property=\"og:title\" content=\"Visittkortholder p\u00e6retre\" \/>\n<meta property=\"og:description\" content=\"Hold styr p\u00e5 visittkortene dine med denne eksklusive og klimavennlige visittkortholderen. En rull med solid rustfritt st\u00e5l ruller p\u00e5 den skr\u00e5nende overflaten mot kortene. Gummiringen som g\u00e5r i sporet sikrer at rullen ikke kan gli til siden. Fundamentet er oljet FSC-sertifisert p\u00e6retre. Et klima- og milj\u00f8vennlig produkt. Produsert i EU av funksjonshemmede i et skjermet [&hellip;]\" \/>\n<meta property=\"og:url\" content=\"https:\/\/grontkontor.dk\/shop\/visitkortholder\/\" \/>\n<meta property=\"og:site_name\" content=\"Gr\u00f8nt Kontor\" \/>\n<meta property=\"article:publisher\" content=\"https:\/\/www.facebook.com\/grontkontor.dk\/\" \/>\n<meta property=\"og:image\" content=\"https:\/\/grontkontor.dk\/wp-content\/uploads\/2016\/10\/visitkortholder-i-trae-01.jpg\" \/>\n\t<meta property=\"og:image:width\" content=\"800\" \/>\n\t<meta property=\"og:image:height\" content=\"568\" \/>\n\t<meta property=\"og:image:type\" content=\"image\/jpeg\" \/>\n<meta name=\"twitter:card\" content=\"summary_large_image\" \/>\n<script type=\"application\/ld+json\" class=\"yoast-schema-graph\">{\"@context\":\"https:\/\/schema.org\",\"@graph\":[{\"@type\":\"WebPage\",\"@id\":\"https:\/\/grontkontor.dk\/shop\/visitkortholder\/\",\"url\":\"https:\/\/grontkontor.dk\/shop\/visitkortholder\/\",\"name\":\"Visittkortholder p\u00e6retre - Gr\u00f8nt Kontor\",\"isPartOf\":{\"@id\":\"https:\/\/grontkontor.dk\/#website\"},\"datePublished\":\"2024-05-29T09:15:25+00:00\",\"dateModified\":\"2024-05-29T09:15:25+00:00\",\"breadcrumb\":{\"@id\":\"https:\/\/grontkontor.dk\/shop\/visitkortholder\/#breadcrumb\"},\"inLanguage\":\"no-NO\",\"potentialAction\":[{\"@type\":\"ReadAction\",\"target\":[\"https:\/\/grontkontor.dk\/shop\/visitkortholder\/\"]}]},{\"@type\":\"BreadcrumbList\",\"@id\":\"https:\/\/grontkontor.dk\/shop\/visitkortholder\/#breadcrumb\",\"itemListElement\":[{\"@type\":\"ListItem\",\"position\":1,\"name\":\"Forside\",\"item\":\"https:\/\/grontkontor.dk\/\"},{\"@type\":\"ListItem\",\"position\":2,\"name\":\"Butikk\",\"item\":\"https:\/\/grontkontor.dk\/no\/butikk-2\/\"},{\"@type\":\"ListItem\",\"position\":3,\"name\":\"Skrivebord utstyr\",\"item\":\"https:\/\/grontkontor.dk\/no\/produkt-kategori\/skrivebord-utstyr\/\"},{\"@type\":\"ListItem\",\"position\":4,\"name\":\"Diverse for skrivebordet\",\"item\":\"https:\/\/grontkontor.dk\/no\/produkt-kategori\/skrivebord-utstyr\/diverse-for-skrivebordet\/\"},{\"@type\":\"ListItem\",\"position\":5,\"name\":\"Visittkortholder p\u00e6retre\"}]},{\"@type\":\"WebSite\",\"@id\":\"https:\/\/grontkontor.dk\/#website\",\"url\":\"https:\/\/grontkontor.dk\/\",\"name\":\"Gr\u00f8nt Kontor\",\"description\":\"Milj\u00f8venlige produkter til kontor og erhverv med fokus p\u00e5 b\u00e6redygtighed, design og fair trade.\",\"publisher\":{\"@id\":\"https:\/\/grontkontor.dk\/#organization\"},\"potentialAction\":[{\"@type\":\"SearchAction\",\"target\":{\"@type\":\"EntryPoint\",\"urlTemplate\":\"https:\/\/grontkontor.dk\/?s={search_term_string}\"},\"query-input\":\"required name=search_term_string\"}],\"inLanguage\":\"no-NO\"},{\"@type\":\"Organization\",\"@id\":\"https:\/\/grontkontor.dk\/#organization\",\"name\":\"Gr\u00f8nt Kontor\",\"url\":\"https:\/\/grontkontor.dk\/\",\"logo\":{\"@type\":\"ImageObject\",\"inLanguage\":\"no-NO\",\"@id\":\"https:\/\/grontkontor.dk\/#\/schema\/logo\/image\/\",\"url\":\"https:\/\/grontkontor.dk\/wp-content\/uploads\/2014\/02\/Logo_groent_kontor_300x80.png\",\"contentUrl\":\"https:\/\/grontkontor.dk\/wp-content\/uploads\/2014\/02\/Logo_groent_kontor_300x80.png\",\"width\":300,\"height\":80,\"caption\":\"Gr\u00f8nt Kontor\"},\"image\":{\"@id\":\"https:\/\/grontkontor.dk\/#\/schema\/logo\/image\/\"},\"sameAs\":[\"https:\/\/www.facebook.com\/grontkontor.dk\/\"]}]}<\/script>\n<!-- \/ Yoast SEO Premium plugin. -->","yoast_head_json":{"title":"Visittkortholder p\u00e6retre - Gr\u00f8nt Kontor","robots":{"index":"index","follow":"follow","max-snippet":"max-snippet:-1","max-image-preview":"max-image-preview:large","max-video-preview":"max-video-preview:-1"},"canonical":"https:\/\/grontkontor.dk\/shop\/visitkortholder\/","og_locale":"en_US","og_type":"article","og_title":"Visittkortholder p\u00e6retre","og_description":"Hold styr p\u00e5 visittkortene dine med denne eksklusive og klimavennlige visittkortholderen. En rull med solid rustfritt st\u00e5l ruller p\u00e5 den skr\u00e5nende overflaten mot kortene. Gummiringen som g\u00e5r i sporet sikrer at rullen ikke kan gli til siden. Fundamentet er oljet FSC-sertifisert p\u00e6retre. Et klima- og milj\u00f8vennlig produkt. Produsert i EU av funksjonshemmede i et skjermet [&hellip;]","og_url":"https:\/\/grontkontor.dk\/shop\/visitkortholder\/","og_site_name":"Gr\u00f8nt Kontor","article_publisher":"https:\/\/www.facebook.com\/grontkontor.dk\/","og_image":[{"width":800,"height":568,"url":"https:\/\/grontkontor.dk\/wp-content\/uploads\/2016\/10\/visitkortholder-i-trae-01.jpg","type":"image\/jpeg"}],"twitter_card":"summary_large_image","schema":{"@context":"https:\/\/schema.org","@graph":[{"@type":"WebPage","@id":"https:\/\/grontkontor.dk\/shop\/visitkortholder\/","url":"https:\/\/grontkontor.dk\/shop\/visitkortholder\/","name":"Visittkortholder p\u00e6retre - Gr\u00f8nt Kontor","isPartOf":{"@id":"https:\/\/grontkontor.dk\/#website"},"datePublished":"2024-05-29T09:15:25+00:00","dateModified":"2024-05-29T09:15:25+00:00","breadcrumb":{"@id":"https:\/\/grontkontor.dk\/shop\/visitkortholder\/#breadcrumb"},"inLanguage":"no-NO","potentialAction":[{"@type":"ReadAction","target":["https:\/\/grontkontor.dk\/shop\/visitkortholder\/"]}]},{"@type":"BreadcrumbList","@id":"https:\/\/grontkontor.dk\/shop\/visitkortholder\/#breadcrumb","itemListElement":[{"@type":"ListItem","position":1,"name":"Forside","item":"https:\/\/grontkontor.dk\/"},{"@type":"ListItem","position":2,"name":"Butikk","item":"https:\/\/grontkontor.dk\/no\/butikk-2\/"},{"@type":"ListItem","position":3,"name":"Skrivebord utstyr","item":"https:\/\/grontkontor.dk\/no\/produkt-kategori\/skrivebord-utstyr\/"},{"@type":"ListItem","position":4,"name":"Diverse for skrivebordet","item":"https:\/\/grontkontor.dk\/no\/produkt-kategori\/skrivebord-utstyr\/diverse-for-skrivebordet\/"},{"@type":"ListItem","position":5,"name":"Visittkortholder p\u00e6retre"}]},{"@type":"WebSite","@id":"https:\/\/grontkontor.dk\/#website","url":"https:\/\/grontkontor.dk\/","name":"Gr\u00f8nt Kontor","description":"Milj\u00f8venlige produkter til kontor og erhverv med fokus p\u00e5 b\u00e6redygtighed, design og fair trade.","publisher":{"@id":"https:\/\/grontkontor.dk\/#organization"},"potentialAction":[{"@type":"SearchAction","target":{"@type":"EntryPoint","urlTemplate":"https:\/\/grontkontor.dk\/?s={search_term_string}"},"query-input":"required name=search_term_string"}],"inLanguage":"no-NO"},{"@type":"Organization","@id":"https:\/\/grontkontor.dk\/#organization","name":"Gr\u00f8nt Kontor","url":"https:\/\/grontkontor.dk\/","logo":{"@type":"ImageObject","inLanguage":"no-NO","@id":"https:\/\/grontkontor.dk\/#\/schema\/logo\/image\/","url":"https:\/\/grontkontor.dk\/wp-content\/uploads\/2014\/02\/Logo_groent_kontor_300x80.png","contentUrl":"https:\/\/grontkontor.dk\/wp-content\/uploads\/2014\/02\/Logo_groent_kontor_300x80.png","width":300,"height":80,"caption":"Gr\u00f8nt Kontor"},"image":{"@id":"https:\/\/grontkontor.dk\/#\/schema\/logo\/image\/"},"sameAs":["https:\/\/www.facebook.com\/grontkontor.dk\/"]}]}},"_links":{"self":[{"href":"https:\/\/grontkontor.dk\/no\/wp-json\/wp\/v2\/product\/91183"}],"collection":[{"href":"https:\/\/grontkontor.dk\/no\/wp-json\/wp\/v2\/product"}],"about":[{"href":"https:\/\/grontkontor.dk\/no\/wp-json\/wp\/v2\/types\/product"}],"replies":[{"embeddable":true,"href":"https:\/\/grontkontor.dk\/no\/wp-json\/wp\/v2\/comments?post=91183"}],"wp:featuredmedia":[{"embeddable":true,"href":"https:\/\/grontkontor.dk\/no\/wp-json\/wp\/v2\/media\/52229"}],"wp:attachment":[{"href":"https:\/\/grontkontor.dk\/no\/wp-json\/wp\/v2\/media?parent=91183"}],"wp:term":[{"taxonomy":"product_cat","embeddable":true,"href":"https:\/\/grontkontor.dk\/no\/wp-json\/wp\/v2\/product_cat?post=91183"},{"taxonomy":"product_tag","embeddable":true,"href":"https:\/\/grontkontor.dk\/no\/wp-json\/wp\/v2\/product_tag?post=91183"}],"curies":[{"name":"wp","href":"https:\/\/api.w.org\/{rel}","templated":true}]}}