{"id":11743,"date":"2017-08-17T13:29:18","date_gmt":"2017-08-17T11:29:18","guid":{"rendered":"https:\/\/grontkontor.dk\/?page_id=11743"},"modified":"2023-09-05T13:42:22","modified_gmt":"2023-09-05T11:42:22","slug":"om-grontkontor-dk","status":"publish","type":"page","link":"https:\/\/grontkontor.dk\/sv\/om-grontkontor-dk\/","title":{"rendered":"Om os"},"content":{"rendered":"\t\t<div data-elementor-type=\"wp-page\" data-elementor-id=\"11743\" class=\"elementor elementor-11743 elementor-9139\">\n\t\t\t\t\t\t\t<div class=\"elementor-element elementor-element-709690b padding e-con-boxed e-flex e-con\" data-id=\"709690b\" data-element_type=\"container\" data-settings=\"{&quot;content_width&quot;:&quot;boxed&quot;}\">\n\t\t\t\t\t<div class=\"e-con-inner\">\n\t\t<div class=\"elementor-element elementor-element-68e8358 e-con-full e-flex e-con\" data-id=\"68e8358\" data-element_type=\"container\" data-settings=\"{&quot;background_background&quot;:&quot;classic&quot;,&quot;content_width&quot;:&quot;full&quot;}\">\n\t\t\t\t<div class=\"elementor-element elementor-element-df75538 elementor-widget elementor-widget-heading\" data-id=\"df75538\" data-element_type=\"widget\" data-widget_type=\"heading.default\">\n\t\t\t\t<div class=\"elementor-widget-container\">\n\t\t\t<style>\/*! elementor - v3.13.3 - 28-05-2023 *\/\n.elementor-heading-title{padding:0;margin:0;line-height:1}.elementor-widget-heading .elementor-heading-title[class*=elementor-size-]>a{color:inherit;font-size:inherit;line-height:inherit}.elementor-widget-heading .elementor-heading-title.elementor-size-small{font-size:15px}.elementor-widget-heading .elementor-heading-title.elementor-size-medium{font-size:19px}.elementor-widget-heading .elementor-heading-title.elementor-size-large{font-size:29px}.elementor-widget-heading .elementor-heading-title.elementor-size-xl{font-size:39px}.elementor-widget-heading .elementor-heading-title.elementor-size-xxl{font-size:59px}<\/style><h1 class=\"elementor-heading-title elementor-size-default\">Om <span style=\"color: var(--e-global-color-ea43b3d );\">gr\u00f8ntkontor.dk<\/span><\/h1>\t\t<\/div>\n\t\t\t\t<\/div>\n\t\t\t\t<div class=\"elementor-element elementor-element-90327e4 elementor-widget__width-initial elementor-widget elementor-widget-text-editor\" data-id=\"90327e4\" data-element_type=\"widget\" data-widget_type=\"text-editor.default\">\n\t\t\t\t<div class=\"elementor-widget-container\">\n\t\t\t<style>\/*! elementor - v3.13.3 - 28-05-2023 *\/\n.elementor-widget-text-editor.elementor-drop-cap-view-stacked .elementor-drop-cap{background-color:#69727d;color:#fff}.elementor-widget-text-editor.elementor-drop-cap-view-framed .elementor-drop-cap{color:#69727d;border:3px solid;background-color:transparent}.elementor-widget-text-editor:not(.elementor-drop-cap-view-default) .elementor-drop-cap{margin-top:8px}.elementor-widget-text-editor:not(.elementor-drop-cap-view-default) .elementor-drop-cap-letter{width:1em;height:1em}.elementor-widget-text-editor .elementor-drop-cap{float:left;text-align:center;line-height:1;font-size:50px}.elementor-widget-text-editor .elementor-drop-cap-letter{display:inline-block}<\/style>\t\t\t\t<p>Gr\u00f8ntkontor.dk&#8221; har startats med en \u00f6nskan att bidra till en h\u00e5llbar planet med ansvar gentemot dess inv\u00e5nare.<\/p><p>Vi vill vara med och ers\u00e4tta oattraktiva, f\u00f6rorenande PVC-produkter med mera, som produceras under tvivelaktiga f\u00f6rh\u00e5llanden, med gedigna och v\u00e4lutformade produkter tillverkade av klimatv\u00e4nliga material med en h\u00f6g grad av socialt ansvarstagande<\/p>\t\t\t\t\t\t<\/div>\n\t\t\t\t<\/div>\n\t\t\t\t<div class=\"elementor-element elementor-element-c6dcf83 elementor-widget__width-initial elementor-widget elementor-widget-text-editor\" data-id=\"c6dcf83\" data-element_type=\"widget\" data-widget_type=\"text-editor.default\">\n\t\t\t\t<div class=\"elementor-widget-container\">\n\t\t\t\t\t\t\t<p>Vi l\u00e4gger s\u00e4rskild vikt vid att v\u00e5ra produkter:<\/p><p>i tillverkningsprocessen, materialen och transporten har s\u00e5 lite p\u00e5verkan p\u00e5 v\u00e5r h\u00e5rt ansatta planet som m\u00f6jligt,<br \/>produceras under anst\u00e4ndiga och trygga f\u00f6rh\u00e5llanden med v\u00e4lavl\u00f6nad arbetskraft,<br \/>\u00e4r funktionellt och estetiskt v\u00e4lutformade,<br \/>prism\u00e4ssigt s\u00e5 l\u00e5ngt det \u00e4r m\u00f6jligt kan matcha motsvarande milj\u00f6belastande produkter.<br \/>Det helt ideala produkten skulle best\u00e5 av 100% h\u00e5llbara material, producerade utan anv\u00e4ndning av fossila br\u00e4nslen av arbetskraft fr\u00e5n tredje v\u00e4rlden med l\u00f6ner som motsvarar de europeiska, f\u00f6rda till landet och vidare till v\u00e5ra kunder med sol- eller vinddrivna transportmedel.<\/p><p>Tyv\u00e4rr har vi inte kunnat hitta just den produkten \ud83d\ude42 I den verkliga v\u00e4rlden m\u00e5ste man kompromissa lite. Produkterna p\u00e5 gr\u00f8ntkontor.dk v\u00e4ljs utifr\u00e5n en pragmatisk princip om att maximera h\u00e5llbarheten j\u00e4mf\u00f6rt med traditionella produkter. L\u00e4s mer om v\u00e5ra kriterier f\u00f6r produktens h\u00e5llbarhet.<\/p>\t\t\t\t\t\t<\/div>\n\t\t\t\t<\/div>\n\t\t\t\t<\/div>\n\t\t<div class=\"elementor-element elementor-element-42e6fbc e-con-full e-flex e-con\" data-id=\"42e6fbc\" data-element_type=\"container\" data-settings=\"{&quot;background_background&quot;:&quot;classic&quot;,&quot;content_width&quot;:&quot;full&quot;}\">\n\t\t\t\t<div class=\"elementor-element elementor-element-d7caeee elementor-widget elementor-widget-heading\" data-id=\"d7caeee\" data-element_type=\"widget\" data-widget_type=\"heading.default\">\n\t\t\t\t<div class=\"elementor-widget-container\">\n\t\t\t<h2 class=\"elementor-heading-title elementor-size-default\">Skulle du ha varit i kontakt med oss?<\/h2>\t\t<\/div>\n\t\t\t\t<\/div>\n\t\t\t\t<div class=\"elementor-element elementor-element-83b8b6d elementor-widget__width-initial elementor-widget elementor-widget-text-editor\" data-id=\"83b8b6d\" data-element_type=\"widget\" data-widget_type=\"text-editor.default\">\n\t\t\t\t<div class=\"elementor-widget-container\">\n\t\t\t\t\t\t\t<p>Hitta v\u00e5ra kontaktuppgifter h\u00e4r<\/p>\t\t\t\t\t\t<\/div>\n\t\t\t\t<\/div>\n\t\t\t\t<div class=\"elementor-element elementor-element-90c68c5 e-transform e-transform elementor-widget elementor-widget-button\" data-id=\"90c68c5\" data-element_type=\"widget\" data-settings=\"{&quot;_transform_translateX_effect_hover&quot;:{&quot;unit&quot;:&quot;px&quot;,&quot;size&quot;:0,&quot;sizes&quot;:[]},&quot;_transform_translateY_effect_hover&quot;:{&quot;unit&quot;:&quot;px&quot;,&quot;size&quot;:-2,&quot;sizes&quot;:[]},&quot;_transform_translateX_effect&quot;:{&quot;unit&quot;:&quot;px&quot;,&quot;size&quot;:&quot;&quot;,&quot;sizes&quot;:[]},&quot;_transform_translateX_effect_tablet&quot;:{&quot;unit&quot;:&quot;px&quot;,&quot;size&quot;:&quot;&quot;,&quot;sizes&quot;:[]},&quot;_transform_translateX_effect_mobile&quot;:{&quot;unit&quot;:&quot;px&quot;,&quot;size&quot;:&quot;&quot;,&quot;sizes&quot;:[]},&quot;_transform_translateY_effect&quot;:{&quot;unit&quot;:&quot;px&quot;,&quot;size&quot;:&quot;&quot;,&quot;sizes&quot;:[]},&quot;_transform_translateY_effect_tablet&quot;:{&quot;unit&quot;:&quot;px&quot;,&quot;size&quot;:&quot;&quot;,&quot;sizes&quot;:[]},&quot;_transform_translateY_effect_mobile&quot;:{&quot;unit&quot;:&quot;px&quot;,&quot;size&quot;:&quot;&quot;,&quot;sizes&quot;:[]},&quot;_transform_translateX_effect_hover_tablet&quot;:{&quot;unit&quot;:&quot;px&quot;,&quot;size&quot;:&quot;&quot;,&quot;sizes&quot;:[]},&quot;_transform_translateX_effect_hover_mobile&quot;:{&quot;unit&quot;:&quot;px&quot;,&quot;size&quot;:&quot;&quot;,&quot;sizes&quot;:[]},&quot;_transform_translateY_effect_hover_tablet&quot;:{&quot;unit&quot;:&quot;px&quot;,&quot;size&quot;:&quot;&quot;,&quot;sizes&quot;:[]},&quot;_transform_translateY_effect_hover_mobile&quot;:{&quot;unit&quot;:&quot;px&quot;,&quot;size&quot;:&quot;&quot;,&quot;sizes&quot;:[]}}\" data-widget_type=\"button.default\">\n\t\t\t\t<div class=\"elementor-widget-container\">\n\t\t\t\t\t<div class=\"elementor-button-wrapper\">\n\t\t\t<a href=\"https:\/\/grontkontor.dk\/sv\/kontakt\/\" class=\"elementor-button-link elementor-button elementor-size-sm\" role=\"button\">\n\t\t\t\t\t\t<span class=\"elementor-button-content-wrapper\">\n\t\t\t\t\t\t\t<span class=\"elementor-button-icon elementor-align-icon-right\">\n\t\t\t\t<i aria-hidden=\"true\" class=\"fas fa-chevron-right\"><\/i>\t\t\t<\/span>\n\t\t\t\t\t\t<span class=\"elementor-button-text\">Kontakta oss<\/span>\n\t\t<\/span>\n\t\t\t\t\t<\/a>\n\t\t<\/div>\n\t\t\t\t<\/div>\n\t\t\t\t<\/div>\n\t\t\t\t<\/div>\n\t\t\t\t\t<\/div>\n\t\t\t\t<\/div>\n\t\t\t\t\t\t\t<\/div>\n\t\t","protected":false},"excerpt":{"rendered":"<p>Om gr\u00f8ntkontor.dk Gr\u00f8ntkontor.dk&#8221; har startats med en \u00f6nskan att bidra till en h\u00e5llbar planet med ansvar gentemot dess inv\u00e5nare. Vi vill vara med och ers\u00e4tta oattraktiva, f\u00f6rorenande PVC-produkter med mera, som produceras under tvivelaktiga f\u00f6rh\u00e5llanden, med gedigna och v\u00e4lutformade produkter tillverkade av klimatv\u00e4nliga material med en h\u00f6g grad av socialt ansvarstagande Vi l\u00e4gger s\u00e4rskild vikt [&hellip;]<\/p>\n","protected":false},"author":88,"featured_media":0,"parent":0,"menu_order":0,"comment_status":"closed","ping_status":"closed","template":"","meta":{"_acf_changed":false,"footnotes":""},"class_list":["post-11743","page","type-page","status-publish","hentry"],"acf":[],"yoast_head":"<!-- This site is optimized with the Yoast SEO Premium plugin v21.2 (Yoast SEO v21.2) - https:\/\/yoast.com\/wordpress\/plugins\/seo\/ -->\n<title>Om os - Gr\u00f8nt Kontor<\/title>\n<meta name=\"robots\" content=\"index, follow, max-snippet:-1, max-image-preview:large, max-video-preview:-1\" \/>\n<link rel=\"canonical\" href=\"https:\/\/grontkontor.dk\/om-grontkontor-dk\/\" \/>\n<meta property=\"og:locale\" content=\"sv_SE\" \/>\n<meta property=\"og:type\" content=\"article\" \/>\n<meta property=\"og:title\" content=\"Om os\" \/>\n<meta property=\"og:description\" content=\"Om gr\u00f8ntkontor.dk Gr\u00f8ntkontor.dk&#8221; har startats med en \u00f6nskan att bidra till en h\u00e5llbar planet med ansvar gentemot dess inv\u00e5nare. Vi vill vara med och ers\u00e4tta oattraktiva, f\u00f6rorenande PVC-produkter med mera, som produceras under tvivelaktiga f\u00f6rh\u00e5llanden, med gedigna och v\u00e4lutformade produkter tillverkade av klimatv\u00e4nliga material med en h\u00f6g grad av socialt ansvarstagande Vi l\u00e4gger s\u00e4rskild vikt [&hellip;]\" \/>\n<meta property=\"og:url\" content=\"https:\/\/grontkontor.dk\/om-grontkontor-dk\/\" \/>\n<meta property=\"og:site_name\" content=\"Gr\u00f8nt Kontor\" \/>\n<meta property=\"article:publisher\" content=\"https:\/\/www.facebook.com\/grontkontor.dk\/\" \/>\n<meta property=\"article:modified_time\" content=\"2023-09-05T11:42:22+00:00\" \/>\n<meta name=\"twitter:card\" content=\"summary_large_image\" \/>\n<meta name=\"twitter:label1\" content=\"Ber\u00e4knad l\u00e4stid\" \/>\n\t<meta name=\"twitter:data1\" content=\"1 minut\" \/>\n<script type=\"application\/ld+json\" class=\"yoast-schema-graph\">{\"@context\":\"https:\/\/schema.org\",\"@graph\":[{\"@type\":\"WebPage\",\"@id\":\"https:\/\/grontkontor.dk\/om-grontkontor-dk\/\",\"url\":\"https:\/\/grontkontor.dk\/om-grontkontor-dk\/\",\"name\":\"Om os - Gr\u00f8nt Kontor\",\"isPartOf\":{\"@id\":\"https:\/\/grontkontor.dk\/#website\"},\"datePublished\":\"2017-08-17T11:29:18+00:00\",\"dateModified\":\"2023-09-05T11:42:22+00:00\",\"breadcrumb\":{\"@id\":\"https:\/\/grontkontor.dk\/om-grontkontor-dk\/#breadcrumb\"},\"inLanguage\":\"sv-SE\",\"potentialAction\":[{\"@type\":\"ReadAction\",\"target\":[\"https:\/\/grontkontor.dk\/om-grontkontor-dk\/\"]}]},{\"@type\":\"BreadcrumbList\",\"@id\":\"https:\/\/grontkontor.dk\/om-grontkontor-dk\/#breadcrumb\",\"itemListElement\":[{\"@type\":\"ListItem\",\"position\":1,\"name\":\"Forside\",\"item\":\"https:\/\/grontkontor.dk\/\"},{\"@type\":\"ListItem\",\"position\":2,\"name\":\"Om os\"}]},{\"@type\":\"WebSite\",\"@id\":\"https:\/\/grontkontor.dk\/#website\",\"url\":\"https:\/\/grontkontor.dk\/\",\"name\":\"Gr\u00f8nt Kontor\",\"description\":\"Milj\u00f8venlige produkter til kontor og erhverv med fokus p\u00e5 b\u00e6redygtighed, design og fair trade.\",\"publisher\":{\"@id\":\"https:\/\/grontkontor.dk\/#organization\"},\"potentialAction\":[{\"@type\":\"SearchAction\",\"target\":{\"@type\":\"EntryPoint\",\"urlTemplate\":\"https:\/\/grontkontor.dk\/?s={search_term_string}\"},\"query-input\":\"required name=search_term_string\"}],\"inLanguage\":\"sv-SE\"},{\"@type\":\"Organization\",\"@id\":\"https:\/\/grontkontor.dk\/#organization\",\"name\":\"Gr\u00f8nt Kontor\",\"url\":\"https:\/\/grontkontor.dk\/\",\"logo\":{\"@type\":\"ImageObject\",\"inLanguage\":\"sv-SE\",\"@id\":\"https:\/\/grontkontor.dk\/#\/schema\/logo\/image\/\",\"url\":\"https:\/\/grontkontor.dk\/wp-content\/uploads\/2014\/02\/Logo_groent_kontor_300x80.png\",\"contentUrl\":\"https:\/\/grontkontor.dk\/wp-content\/uploads\/2014\/02\/Logo_groent_kontor_300x80.png\",\"width\":300,\"height\":80,\"caption\":\"Gr\u00f8nt Kontor\"},\"image\":{\"@id\":\"https:\/\/grontkontor.dk\/#\/schema\/logo\/image\/\"},\"sameAs\":[\"https:\/\/www.facebook.com\/grontkontor.dk\/\"]}]}<\/script>\n<!-- \/ Yoast SEO Premium plugin. -->","yoast_head_json":{"title":"Om os - Gr\u00f8nt Kontor","robots":{"index":"index","follow":"follow","max-snippet":"max-snippet:-1","max-image-preview":"max-image-preview:large","max-video-preview":"max-video-preview:-1"},"canonical":"https:\/\/grontkontor.dk\/om-grontkontor-dk\/","og_locale":"sv_SE","og_type":"article","og_title":"Om os","og_description":"Om gr\u00f8ntkontor.dk Gr\u00f8ntkontor.dk&#8221; har startats med en \u00f6nskan att bidra till en h\u00e5llbar planet med ansvar gentemot dess inv\u00e5nare. Vi vill vara med och ers\u00e4tta oattraktiva, f\u00f6rorenande PVC-produkter med mera, som produceras under tvivelaktiga f\u00f6rh\u00e5llanden, med gedigna och v\u00e4lutformade produkter tillverkade av klimatv\u00e4nliga material med en h\u00f6g grad av socialt ansvarstagande Vi l\u00e4gger s\u00e4rskild vikt [&hellip;]","og_url":"https:\/\/grontkontor.dk\/om-grontkontor-dk\/","og_site_name":"Gr\u00f8nt Kontor","article_publisher":"https:\/\/www.facebook.com\/grontkontor.dk\/","article_modified_time":"2023-09-05T11:42:22+00:00","twitter_card":"summary_large_image","twitter_misc":{"Ber\u00e4knad l\u00e4stid":"1 minut"},"schema":{"@context":"https:\/\/schema.org","@graph":[{"@type":"WebPage","@id":"https:\/\/grontkontor.dk\/om-grontkontor-dk\/","url":"https:\/\/grontkontor.dk\/om-grontkontor-dk\/","name":"Om os - Gr\u00f8nt Kontor","isPartOf":{"@id":"https:\/\/grontkontor.dk\/#website"},"datePublished":"2017-08-17T11:29:18+00:00","dateModified":"2023-09-05T11:42:22+00:00","breadcrumb":{"@id":"https:\/\/grontkontor.dk\/om-grontkontor-dk\/#breadcrumb"},"inLanguage":"sv-SE","potentialAction":[{"@type":"ReadAction","target":["https:\/\/grontkontor.dk\/om-grontkontor-dk\/"]}]},{"@type":"BreadcrumbList","@id":"https:\/\/grontkontor.dk\/om-grontkontor-dk\/#breadcrumb","itemListElement":[{"@type":"ListItem","position":1,"name":"Forside","item":"https:\/\/grontkontor.dk\/"},{"@type":"ListItem","position":2,"name":"Om os"}]},{"@type":"WebSite","@id":"https:\/\/grontkontor.dk\/#website","url":"https:\/\/grontkontor.dk\/","name":"Gr\u00f8nt Kontor","description":"Milj\u00f8venlige produkter til kontor og erhverv med fokus p\u00e5 b\u00e6redygtighed, design og fair trade.","publisher":{"@id":"https:\/\/grontkontor.dk\/#organization"},"potentialAction":[{"@type":"SearchAction","target":{"@type":"EntryPoint","urlTemplate":"https:\/\/grontkontor.dk\/?s={search_term_string}"},"query-input":"required name=search_term_string"}],"inLanguage":"sv-SE"},{"@type":"Organization","@id":"https:\/\/grontkontor.dk\/#organization","name":"Gr\u00f8nt Kontor","url":"https:\/\/grontkontor.dk\/","logo":{"@type":"ImageObject","inLanguage":"sv-SE","@id":"https:\/\/grontkontor.dk\/#\/schema\/logo\/image\/","url":"https:\/\/grontkontor.dk\/wp-content\/uploads\/2014\/02\/Logo_groent_kontor_300x80.png","contentUrl":"https:\/\/grontkontor.dk\/wp-content\/uploads\/2014\/02\/Logo_groent_kontor_300x80.png","width":300,"height":80,"caption":"Gr\u00f8nt Kontor"},"image":{"@id":"https:\/\/grontkontor.dk\/#\/schema\/logo\/image\/"},"sameAs":["https:\/\/www.facebook.com\/grontkontor.dk\/"]}]}},"_links":{"self":[{"href":"https:\/\/grontkontor.dk\/sv\/wp-json\/wp\/v2\/pages\/11743"}],"collection":[{"href":"https:\/\/grontkontor.dk\/sv\/wp-json\/wp\/v2\/pages"}],"about":[{"href":"https:\/\/grontkontor.dk\/sv\/wp-json\/wp\/v2\/types\/page"}],"author":[{"embeddable":true,"href":"https:\/\/grontkontor.dk\/sv\/wp-json\/wp\/v2\/users\/88"}],"replies":[{"embeddable":true,"href":"https:\/\/grontkontor.dk\/sv\/wp-json\/wp\/v2\/comments?post=11743"}],"version-history":[{"count":9,"href":"https:\/\/grontkontor.dk\/sv\/wp-json\/wp\/v2\/pages\/11743\/revisions"}],"predecessor-version":[{"id":66229,"href":"https:\/\/grontkontor.dk\/sv\/wp-json\/wp\/v2\/pages\/11743\/revisions\/66229"}],"wp:attachment":[{"href":"https:\/\/grontkontor.dk\/sv\/wp-json\/wp\/v2\/media?parent=11743"}],"curies":[{"name":"wp","href":"https:\/\/api.w.org\/{rel}","templated":true}]}}