{"id":7015,"date":"2017-01-20T11:32:51","date_gmt":"2017-01-20T10:32:51","guid":{"rendered":"https:\/\/grontkontor.dk\/?page_id=7015\/"},"modified":"2025-03-28T11:04:48","modified_gmt":"2025-03-28T10:04:48","slug":"koepvillkor","status":"publish","type":"page","link":"https:\/\/grontkontor.dk\/sv\/koepvillkor\/","title":{"rendered":"K\u00f6pvillkor"},"content":{"rendered":"\t\t<div data-elementor-type=\"wp-page\" data-elementor-id=\"7015\" class=\"elementor elementor-7015 elementor-4215\">\n\t\t\t\t\t\t\t<div class=\"elementor-element elementor-element-ca3141d padding e-con-boxed e-flex e-con\" data-id=\"ca3141d\" data-element_type=\"container\" data-settings=\"{&quot;content_width&quot;:&quot;boxed&quot;}\">\n\t\t\t\t\t<div class=\"e-con-inner\">\n\t\t<div class=\"elementor-element elementor-element-952abe3 e-con-full e-flex e-con\" data-id=\"952abe3\" data-element_type=\"container\" data-settings=\"{&quot;background_background&quot;:&quot;classic&quot;,&quot;content_width&quot;:&quot;full&quot;}\">\n\t\t\t\t<div class=\"elementor-element elementor-element-75b5765 elementor-widget elementor-widget-heading\" data-id=\"75b5765\" data-element_type=\"widget\" data-widget_type=\"heading.default\">\n\t\t\t\t<div class=\"elementor-widget-container\">\n\t\t\t<style>\/*! elementor - v3.13.3 - 28-05-2023 *\/\n.elementor-heading-title{padding:0;margin:0;line-height:1}.elementor-widget-heading .elementor-heading-title[class*=elementor-size-]>a{color:inherit;font-size:inherit;line-height:inherit}.elementor-widget-heading .elementor-heading-title.elementor-size-small{font-size:15px}.elementor-widget-heading .elementor-heading-title.elementor-size-medium{font-size:19px}.elementor-widget-heading .elementor-heading-title.elementor-size-large{font-size:29px}.elementor-widget-heading .elementor-heading-title.elementor-size-xl{font-size:39px}.elementor-widget-heading .elementor-heading-title.elementor-size-xxl{font-size:59px}<\/style><h1 class=\"elementor-heading-title elementor-size-default\">Handelsvillkor<\/h1>\t\t<\/div>\n\t\t\t\t<\/div>\n\t\t\t\t<div class=\"elementor-element elementor-element-e21bf55 elementor-widget__width-initial elementor-widget elementor-widget-text-editor\" data-id=\"e21bf55\" data-element_type=\"widget\" data-widget_type=\"text-editor.default\">\n\t\t\t\t<div class=\"elementor-widget-container\">\n\t\t\t<style>\/*! elementor - v3.13.3 - 28-05-2023 *\/\n.elementor-widget-text-editor.elementor-drop-cap-view-stacked .elementor-drop-cap{background-color:#69727d;color:#fff}.elementor-widget-text-editor.elementor-drop-cap-view-framed .elementor-drop-cap{color:#69727d;border:3px solid;background-color:transparent}.elementor-widget-text-editor:not(.elementor-drop-cap-view-default) .elementor-drop-cap{margin-top:8px}.elementor-widget-text-editor:not(.elementor-drop-cap-view-default) .elementor-drop-cap-letter{width:1em;height:1em}.elementor-widget-text-editor .elementor-drop-cap{float:left;text-align:center;line-height:1;font-size:50px}.elementor-widget-text-editor .elementor-drop-cap-letter{display:inline-block}<\/style>\t\t\t\t<p>Grontkontor.dk \u00e4gs av Gr\u00f8nt Kontor<\/p><p><strong>Betalning<\/strong><br \/>Vi mottager betalning med VISA, VISA Electron, Mastercard och Paypal. Betalningen debiteras fr\u00e5n ert konto n\u00e4r varan s\u00e4nds fr\u00e5n lagret.<\/p><p>Alla bel\u00f6p \u00e4r i SEK. Svenska kronor.<\/p><p>Grontkontor.dk anv\u00e4nder en godk\u00e4nd betalning server, som krypterar dina person- och kortupplysningar med SSL (Secure Socket Layer). Det betyder att det inte g\u00e5r att avl\u00e4sa din information.<\/p><p><strong>Leverering<\/strong><\/p><p>Vi levererar alla lagervaror inf\u00f6r 2-5 vardagar, med\u00a0villkor att\u00a0ordern kommit in till oss innan kl 15.<\/p><p>Uts\u00e5lda varor och best\u00e4llningsvaror, s\u00e4nds inf\u00f6r tidsangivelsen p\u00e5 produktsidan.<\/p><p>Varorna levereras med GLS.\u00a0<span class=\"tlid-translation translation\" lang=\"sv\"><span class=\"\" title=\"\">F\u00f6rem\u00e5l delas endast ut mot kvitto.<\/span>\u00a0<span class=\"\" title=\"\">Om kunden beg\u00e4r leverans utan kvitto g\u00f6rs detta p\u00e5 kundens egen risk.<\/span><\/span><\/p><p><strong>Reklamationsr\u00e4ttigheter<\/strong><\/p><p>Vi har 2 \u00e5rs reklamationsr\u00e4tt som g\u00e4ller material- och\/eller tillverkningsfel.<\/p><p>Reklamation g\u00e4ller inte f\u00f6r fel eller skador som vittnar om slitage eller felaktig behandling av varan. Gr\u00f8nt Kontor st\u00e5r f\u00f6r omkostnaderna f\u00f6r returf\u00f6rs\u00e4ndelsen, n\u00e4r produkten returnerats till oss.<\/p><p><b>Retur av varor<\/b><\/p><p>Retur och reklamation av varor h\u00e4nvisas till kundeservice@grontkontor.dk<\/p><p>Returadress<br \/>\u00d8vrig henvendelse rettes til<small><big> info@grontkontor.<\/big><\/small><small><big>dk<\/big><\/small><\/p><p><small><big>Returadresse:<br \/>Allpack<br \/>Att. Gr\u00f8nt Kontor<br \/>Bransagervej 10<br \/>9490 Pandrup<\/big><\/small><small><big><\/big><\/small><\/p><p>Vi\u00a0mottager inte returpaket med betalningskrav.<\/p><p><strong>\u00c5ngerr\u00e4tt<\/strong><br \/>Vi har 14 dagars full returr\u00e4tt p\u00e5 varor k\u00f6pt i v\u00e5r Webshop som g\u00e4ller fr\u00e5n den dag du mottager ordern. Detta g\u00e4ller inte trycksaker och varor best\u00e4llda med tryck.<\/p><p>Returf\u00f6rs\u00e4ndelsen\u00a0betalas av k\u00f6paren.<\/p><p>Retur ska meddelas till oss via mail och varorna skickas tillbaka till oss, senast 14 dagar efter mottagandet av ordern. Meddelande om retur skickas till; kundeservice@grontkontor.dk.<\/p><p>Var noga med att angiva i ditt mail att du vill utnyttja din \u00e5ngerr\u00e4tt.<\/p><p><strong>Varans tillst\u00e5nd, n\u00e4r du skickar den i retur<\/strong><\/p><p>Varan skall returneras oanv\u00e4nd och i samma skick som n\u00e4r du mottog den. Inkludera en kopia av ditt kvitto. Om\u00a0varan visar tecken p\u00e5 att vara anv\u00e4nd, s\u00e5 att kvaliteten \u00e4r f\u00f6rs\u00e4mrad, mister du m\u00f6jlighet till \u00e5terbetalning. Detta g\u00e4ller ocks\u00e5 varans emballage.<\/p><p>Vi ser fram emot att mottaga din best\u00e4llning.<\/p><p>B\u00e4sta\u00a0H\u00e4lsningar<\/p><p>Jens Kristensen<\/p>\t\t\t\t\t\t<\/div>\n\t\t\t\t<\/div>\n\t\t\t\t<\/div>\n\t\t\t\t\t<\/div>\n\t\t\t\t<\/div>\n\t\t\t\t<section class=\"elementor-section elementor-top-section elementor-element elementor-element-1f8a2cd7 elementor-section-boxed elementor-section-height-default elementor-section-height-default\" data-id=\"1f8a2cd7\" data-element_type=\"section\">\n\t\t\t\t\t\t<div class=\"elementor-container elementor-column-gap-default\">\n\t\t\t\t\t<div class=\"elementor-column elementor-col-100 elementor-top-column elementor-element elementor-element-6f8a9490\" data-id=\"6f8a9490\" data-element_type=\"column\">\n\t\t\t<div class=\"elementor-widget-wrap elementor-element-populated\">\n\t\t\t\t\t\t\t\t<div class=\"elementor-element elementor-element-782ca70 elementor-widget elementor-widget-text-editor\" data-id=\"782ca70\" data-element_type=\"widget\" data-widget_type=\"text-editor.default\">\n\t\t\t\t<div class=\"elementor-widget-container\">\n\t\t\t\t\t\t\t\t\t\t\t\t\t<\/div>\n\t\t\t\t<\/div>\n\t\t\t\t\t<\/div>\n\t\t<\/div>\n\t\t\t\t\t\t\t<\/div>\n\t\t<\/section>\n\t\t\t\t\t\t\t<\/div>\n\t\t","protected":false},"excerpt":{"rendered":"<p>Handelsvillkor Grontkontor.dk \u00e4gs av Gr\u00f8nt Kontor BetalningVi mottager betalning med VISA, VISA Electron, Mastercard och Paypal. Betalningen debiteras fr\u00e5n ert konto n\u00e4r varan s\u00e4nds fr\u00e5n lagret. Alla bel\u00f6p \u00e4r i SEK. Svenska kronor. Grontkontor.dk anv\u00e4nder en godk\u00e4nd betalning server, som krypterar dina person- och kortupplysningar med SSL (Secure Socket Layer). Det betyder att det inte [&hellip;]<\/p>\n","protected":false},"author":88,"featured_media":0,"parent":0,"menu_order":0,"comment_status":"closed","ping_status":"closed","template":"","meta":{"_acf_changed":false,"footnotes":""},"class_list":["post-7015","page","type-page","status-publish","hentry"],"acf":[],"yoast_head":"<!-- This site is optimized with the Yoast SEO Premium plugin v21.2 (Yoast SEO v21.2) - https:\/\/yoast.com\/wordpress\/plugins\/seo\/ -->\n<title>K\u00f6pvillkor - Gr\u00f8nt Kontor<\/title>\n<meta name=\"robots\" content=\"index, follow, max-snippet:-1, max-image-preview:large, max-video-preview:-1\" \/>\n<link rel=\"canonical\" href=\"https:\/\/grontkontor.dk\/handelsbetingelser\/\" \/>\n<meta property=\"og:locale\" content=\"sv_SE\" \/>\n<meta property=\"og:type\" content=\"article\" \/>\n<meta property=\"og:title\" content=\"K\u00f6pvillkor\" \/>\n<meta property=\"og:description\" content=\"Handelsvillkor Grontkontor.dk \u00e4gs av Gr\u00f8nt Kontor BetalningVi mottager betalning med VISA, VISA Electron, Mastercard och Paypal. Betalningen debiteras fr\u00e5n ert konto n\u00e4r varan s\u00e4nds fr\u00e5n lagret. Alla bel\u00f6p \u00e4r i SEK. Svenska kronor. Grontkontor.dk anv\u00e4nder en godk\u00e4nd betalning server, som krypterar dina person- och kortupplysningar med SSL (Secure Socket Layer). Det betyder att det inte [&hellip;]\" \/>\n<meta property=\"og:url\" content=\"https:\/\/grontkontor.dk\/handelsbetingelser\/\" \/>\n<meta property=\"og:site_name\" content=\"Gr\u00f8nt Kontor\" \/>\n<meta property=\"article:publisher\" content=\"https:\/\/www.facebook.com\/grontkontor.dk\/\" \/>\n<meta property=\"article:modified_time\" content=\"2025-03-28T10:04:48+00:00\" \/>\n<meta name=\"twitter:card\" content=\"summary_large_image\" \/>\n<meta name=\"twitter:label1\" content=\"Ber\u00e4knad l\u00e4stid\" \/>\n\t<meta name=\"twitter:data1\" content=\"2 minuter\" \/>\n<script type=\"application\/ld+json\" class=\"yoast-schema-graph\">{\"@context\":\"https:\/\/schema.org\",\"@graph\":[{\"@type\":\"WebPage\",\"@id\":\"https:\/\/grontkontor.dk\/handelsbetingelser\/\",\"url\":\"https:\/\/grontkontor.dk\/handelsbetingelser\/\",\"name\":\"K\u00f6pvillkor - Gr\u00f8nt Kontor\",\"isPartOf\":{\"@id\":\"https:\/\/grontkontor.dk\/#website\"},\"datePublished\":\"2017-01-20T10:32:51+00:00\",\"dateModified\":\"2025-03-28T10:04:48+00:00\",\"breadcrumb\":{\"@id\":\"https:\/\/grontkontor.dk\/handelsbetingelser\/#breadcrumb\"},\"inLanguage\":\"sv-SE\",\"potentialAction\":[{\"@type\":\"ReadAction\",\"target\":[\"https:\/\/grontkontor.dk\/handelsbetingelser\/\"]}]},{\"@type\":\"BreadcrumbList\",\"@id\":\"https:\/\/grontkontor.dk\/handelsbetingelser\/#breadcrumb\",\"itemListElement\":[{\"@type\":\"ListItem\",\"position\":1,\"name\":\"Forside\",\"item\":\"https:\/\/grontkontor.dk\/\"},{\"@type\":\"ListItem\",\"position\":2,\"name\":\"K\u00f6pvillkor\"}]},{\"@type\":\"WebSite\",\"@id\":\"https:\/\/grontkontor.dk\/#website\",\"url\":\"https:\/\/grontkontor.dk\/\",\"name\":\"Gr\u00f8nt Kontor\",\"description\":\"Milj\u00f8venlige produkter til kontor og erhverv med fokus p\u00e5 b\u00e6redygtighed, design og fair trade.\",\"publisher\":{\"@id\":\"https:\/\/grontkontor.dk\/#organization\"},\"potentialAction\":[{\"@type\":\"SearchAction\",\"target\":{\"@type\":\"EntryPoint\",\"urlTemplate\":\"https:\/\/grontkontor.dk\/?s={search_term_string}\"},\"query-input\":\"required name=search_term_string\"}],\"inLanguage\":\"sv-SE\"},{\"@type\":\"Organization\",\"@id\":\"https:\/\/grontkontor.dk\/#organization\",\"name\":\"Gr\u00f8nt Kontor\",\"url\":\"https:\/\/grontkontor.dk\/\",\"logo\":{\"@type\":\"ImageObject\",\"inLanguage\":\"sv-SE\",\"@id\":\"https:\/\/grontkontor.dk\/#\/schema\/logo\/image\/\",\"url\":\"https:\/\/grontkontor.dk\/wp-content\/uploads\/2014\/02\/Logo_groent_kontor_300x80.png\",\"contentUrl\":\"https:\/\/grontkontor.dk\/wp-content\/uploads\/2014\/02\/Logo_groent_kontor_300x80.png\",\"width\":300,\"height\":80,\"caption\":\"Gr\u00f8nt Kontor\"},\"image\":{\"@id\":\"https:\/\/grontkontor.dk\/#\/schema\/logo\/image\/\"},\"sameAs\":[\"https:\/\/www.facebook.com\/grontkontor.dk\/\"]}]}<\/script>\n<!-- \/ Yoast SEO Premium plugin. -->","yoast_head_json":{"title":"K\u00f6pvillkor - Gr\u00f8nt Kontor","robots":{"index":"index","follow":"follow","max-snippet":"max-snippet:-1","max-image-preview":"max-image-preview:large","max-video-preview":"max-video-preview:-1"},"canonical":"https:\/\/grontkontor.dk\/handelsbetingelser\/","og_locale":"sv_SE","og_type":"article","og_title":"K\u00f6pvillkor","og_description":"Handelsvillkor Grontkontor.dk \u00e4gs av Gr\u00f8nt Kontor BetalningVi mottager betalning med VISA, VISA Electron, Mastercard och Paypal. Betalningen debiteras fr\u00e5n ert konto n\u00e4r varan s\u00e4nds fr\u00e5n lagret. Alla bel\u00f6p \u00e4r i SEK. Svenska kronor. Grontkontor.dk anv\u00e4nder en godk\u00e4nd betalning server, som krypterar dina person- och kortupplysningar med SSL (Secure Socket Layer). Det betyder att det inte [&hellip;]","og_url":"https:\/\/grontkontor.dk\/handelsbetingelser\/","og_site_name":"Gr\u00f8nt Kontor","article_publisher":"https:\/\/www.facebook.com\/grontkontor.dk\/","article_modified_time":"2025-03-28T10:04:48+00:00","twitter_card":"summary_large_image","twitter_misc":{"Ber\u00e4knad l\u00e4stid":"2 minuter"},"schema":{"@context":"https:\/\/schema.org","@graph":[{"@type":"WebPage","@id":"https:\/\/grontkontor.dk\/handelsbetingelser\/","url":"https:\/\/grontkontor.dk\/handelsbetingelser\/","name":"K\u00f6pvillkor - Gr\u00f8nt Kontor","isPartOf":{"@id":"https:\/\/grontkontor.dk\/#website"},"datePublished":"2017-01-20T10:32:51+00:00","dateModified":"2025-03-28T10:04:48+00:00","breadcrumb":{"@id":"https:\/\/grontkontor.dk\/handelsbetingelser\/#breadcrumb"},"inLanguage":"sv-SE","potentialAction":[{"@type":"ReadAction","target":["https:\/\/grontkontor.dk\/handelsbetingelser\/"]}]},{"@type":"BreadcrumbList","@id":"https:\/\/grontkontor.dk\/handelsbetingelser\/#breadcrumb","itemListElement":[{"@type":"ListItem","position":1,"name":"Forside","item":"https:\/\/grontkontor.dk\/"},{"@type":"ListItem","position":2,"name":"K\u00f6pvillkor"}]},{"@type":"WebSite","@id":"https:\/\/grontkontor.dk\/#website","url":"https:\/\/grontkontor.dk\/","name":"Gr\u00f8nt Kontor","description":"Milj\u00f8venlige produkter til kontor og erhverv med fokus p\u00e5 b\u00e6redygtighed, design og fair trade.","publisher":{"@id":"https:\/\/grontkontor.dk\/#organization"},"potentialAction":[{"@type":"SearchAction","target":{"@type":"EntryPoint","urlTemplate":"https:\/\/grontkontor.dk\/?s={search_term_string}"},"query-input":"required name=search_term_string"}],"inLanguage":"sv-SE"},{"@type":"Organization","@id":"https:\/\/grontkontor.dk\/#organization","name":"Gr\u00f8nt Kontor","url":"https:\/\/grontkontor.dk\/","logo":{"@type":"ImageObject","inLanguage":"sv-SE","@id":"https:\/\/grontkontor.dk\/#\/schema\/logo\/image\/","url":"https:\/\/grontkontor.dk\/wp-content\/uploads\/2014\/02\/Logo_groent_kontor_300x80.png","contentUrl":"https:\/\/grontkontor.dk\/wp-content\/uploads\/2014\/02\/Logo_groent_kontor_300x80.png","width":300,"height":80,"caption":"Gr\u00f8nt Kontor"},"image":{"@id":"https:\/\/grontkontor.dk\/#\/schema\/logo\/image\/"},"sameAs":["https:\/\/www.facebook.com\/grontkontor.dk\/"]}]}},"_links":{"self":[{"href":"https:\/\/grontkontor.dk\/sv\/wp-json\/wp\/v2\/pages\/7015"}],"collection":[{"href":"https:\/\/grontkontor.dk\/sv\/wp-json\/wp\/v2\/pages"}],"about":[{"href":"https:\/\/grontkontor.dk\/sv\/wp-json\/wp\/v2\/types\/page"}],"author":[{"embeddable":true,"href":"https:\/\/grontkontor.dk\/sv\/wp-json\/wp\/v2\/users\/88"}],"replies":[{"embeddable":true,"href":"https:\/\/grontkontor.dk\/sv\/wp-json\/wp\/v2\/comments?post=7015"}],"version-history":[{"count":22,"href":"https:\/\/grontkontor.dk\/sv\/wp-json\/wp\/v2\/pages\/7015\/revisions"}],"predecessor-version":[{"id":122547,"href":"https:\/\/grontkontor.dk\/sv\/wp-json\/wp\/v2\/pages\/7015\/revisions\/122547"}],"wp:attachment":[{"href":"https:\/\/grontkontor.dk\/sv\/wp-json\/wp\/v2\/media?parent=7015"}],"curies":[{"name":"wp","href":"https:\/\/api.w.org\/{rel}","templated":true}]}}