{"id":103169,"date":"2024-06-27T14:34:52","date_gmt":"2024-06-27T12:34:53","guid":{"rendered":"https:\/\/grontkontor.dk\/?post_type=product&#038;p=103169"},"modified":"2024-08-29T10:42:24","modified_gmt":"2024-08-29T08:42:24","slug":"penna-med-beroring-penna-i-atervunnen-aluminium","status":"publish","type":"product","link":"https:\/\/grontkontor.dk\/sv\/shop\/penna-med-beroring-penna-i-atervunnen-aluminium\/","title":{"rendered":"Kulspetspenna med touchpenna i \u00e5tervunnen aluminium"},"content":{"rendered":"<p>Underbar kulspetspenna i milj\u00f6v\u00e4nlig \u00e5tervunnen aluminium med pekpenna. Med bl\u00e5tt bl\u00e4ck och vridmekanism.<\/p>\n<p>\u00c5tervunnet aluminium \u00e4r ett material som kan \u00e5tervinnas n\u00e4stan o\u00e4ndligt utan att f\u00f6rlora sina ursprungliga egenskaper. \u00c5tervunnet aluminium f\u00f6rbrukar mindre energi och f\u00e4rre skadliga \u00e4mnen i tillverkningsprocessen j\u00e4mf\u00f6rt med traditionellt aluminium.<\/p>\nKork er et yderst klimavenlig, bionedbrydeligt og komposterbart naturmateriale, der stammer fra korkegen, der gror i hele middelhavsregionen. Kork er en hurtigt regenererende ressource der kan h\u00f8stes hvert \u00e5r p\u00e5 samme tr\u00e6, og er et materiale anbefalet af Verdensnaturfonden. Korkegeskove underst\u00f8tter et af de h\u00f8jeste niveauer af biodiversitet sammenlignet med andre skovtyper. \n<p>&nbsp;<\/p>\n<img loading=\"lazy\" decoding=\"async\" src=\"https:\/\/grontkontor.dk\/wp-content\/uploads\/2021\/02\/genbrug.jpg\" alt=\"Fremstillet af genbrugsmaterialer\" width=\"50\" height=\"50\" class=\"size-full wp-image-23031\" srcset=\"https:\/\/grontkontor.dk\/wp-content\/uploads\/2021\/02\/genbrug.jpg 199w, https:\/\/grontkontor.dk\/wp-content\/uploads\/2021\/02\/genbrug-100x100.jpg 100w\" sizes=\"(max-width: 50px) 100vw, 50px\" \/>\n","protected":false},"excerpt":{"rendered":"<p>Underbar kulspetspenna i milj\u00f6v\u00e4nlig \u00e5tervunnen aluminium med pekpenna. Med bl\u00e5tt bl\u00e4ck och vridmekanism. \u00c5tervunnet aluminium \u00e4r ett material som kan \u00e5tervinnas n\u00e4stan o\u00e4ndligt utan att f\u00f6rlora sina ursprungliga egenskaper. \u00c5tervunnet aluminium f\u00f6rbrukar mindre energi och f\u00e4rre skadliga \u00e4mnen i tillverkningsprocessen j\u00e4mf\u00f6rt med traditionellt aluminium. &nbsp;<\/p>\n","protected":false},"featured_media":103290,"comment_status":"closed","ping_status":"closed","template":"","meta":{"_acf_changed":false},"product_cat":[4415,2107,2394,667,1677,665],"product_tag":[766,796],"class_list":{"0":"post-103169","1":"product","2":"type-product","3":"status-publish","4":"has-post-thumbnail","6":"product_cat-pennor-och-blyertspennor","7":"product_cat-dummy-moq-1-sv","8":"product_cat-nyheter","9":"product_cat-kulspetspennor","10":"product_cat-kulpennor-med-tryck","11":"product_cat-skrivtillbehoer","12":"product_tag-kulpenna","13":"product_tag-penna","14":"pa_farve-marineblaa-sv","15":"pa_farve-graa-sv","16":"pa_farve-sort-sv","17":"pa_farve-hvid-sv","18":"tm-has-options","20":"first","21":"instock","22":"taxable","23":"shipping-taxable","24":"purchasable","25":"product-type-simple"},"acf":[],"yoast_head":"<!-- This site is optimized with the Yoast SEO Premium plugin v21.2 (Yoast SEO v21.2) - https:\/\/yoast.com\/wordpress\/plugins\/seo\/ -->\n<title>Kulspetspenna med touchpenna i \u00e5tervunnen aluminium - Gr\u00f8nt Kontor<\/title>\n<meta name=\"robots\" content=\"index, follow, max-snippet:-1, max-image-preview:large, max-video-preview:-1\" \/>\n<link rel=\"canonical\" href=\"https:\/\/grontkontor.dk\/sv\/shop\/penna-med-beroring-penna-i-atervunnen-aluminium\/\" \/>\n<meta property=\"og:locale\" content=\"sv_SE\" \/>\n<meta property=\"og:type\" content=\"article\" \/>\n<meta property=\"og:title\" content=\"Kulspetspenna med touchpenna i \u00e5tervunnen aluminium\" \/>\n<meta property=\"og:description\" content=\"Underbar kulspetspenna i milj\u00f6v\u00e4nlig \u00e5tervunnen aluminium med pekpenna. Med bl\u00e5tt bl\u00e4ck och vridmekanism. \u00c5tervunnet aluminium \u00e4r ett material som kan \u00e5tervinnas n\u00e4stan o\u00e4ndligt utan att f\u00f6rlora sina ursprungliga egenskaper. \u00c5tervunnet aluminium f\u00f6rbrukar mindre energi och f\u00e4rre skadliga \u00e4mnen i tillverkningsprocessen j\u00e4mf\u00f6rt med traditionellt aluminium. &nbsp;\" \/>\n<meta property=\"og:url\" content=\"https:\/\/grontkontor.dk\/sv\/shop\/penna-med-beroring-penna-i-atervunnen-aluminium\/\" \/>\n<meta property=\"og:site_name\" content=\"Gr\u00f8nt Kontor\" \/>\n<meta property=\"article:publisher\" content=\"https:\/\/www.facebook.com\/grontkontor.dk\/\" \/>\n<meta property=\"article:modified_time\" content=\"2024-08-29T08:42:24+00:00\" \/>\n<meta property=\"og:image\" content=\"https:\/\/grontkontor.dk\/wp-content\/uploads\/2024\/06\/Klimavenlig-kuglepen-i-recycled-aluminium.jpg\" \/>\n\t<meta property=\"og:image:width\" content=\"900\" \/>\n\t<meta property=\"og:image:height\" content=\"639\" \/>\n\t<meta property=\"og:image:type\" content=\"image\/jpeg\" \/>\n<meta name=\"twitter:card\" content=\"summary_large_image\" \/>\n<script type=\"application\/ld+json\" class=\"yoast-schema-graph\">{\"@context\":\"https:\/\/schema.org\",\"@graph\":[{\"@type\":\"WebPage\",\"@id\":\"https:\/\/grontkontor.dk\/sv\/shop\/penna-med-beroring-penna-i-atervunnen-aluminium\/\",\"url\":\"https:\/\/grontkontor.dk\/sv\/shop\/penna-med-beroring-penna-i-atervunnen-aluminium\/\",\"name\":\"Kulspetspenna med touchpenna i \u00e5tervunnen aluminium - Gr\u00f8nt Kontor\",\"isPartOf\":{\"@id\":\"https:\/\/grontkontor.dk\/#website\"},\"datePublished\":\"2024-06-27T12:34:53+00:00\",\"dateModified\":\"2024-08-29T08:42:24+00:00\",\"breadcrumb\":{\"@id\":\"https:\/\/grontkontor.dk\/sv\/shop\/penna-med-beroring-penna-i-atervunnen-aluminium\/#breadcrumb\"},\"inLanguage\":\"sv-SE\",\"potentialAction\":[{\"@type\":\"ReadAction\",\"target\":[\"https:\/\/grontkontor.dk\/sv\/shop\/penna-med-beroring-penna-i-atervunnen-aluminium\/\"]}]},{\"@type\":\"BreadcrumbList\",\"@id\":\"https:\/\/grontkontor.dk\/sv\/shop\/penna-med-beroring-penna-i-atervunnen-aluminium\/#breadcrumb\",\"itemListElement\":[{\"@type\":\"ListItem\",\"position\":1,\"name\":\"Forside\",\"item\":\"https:\/\/grontkontor.dk\/\"},{\"@type\":\"ListItem\",\"position\":2,\"name\":\"Shop\",\"item\":\"https:\/\/grontkontor.dk\/sv\/shop\/\"},{\"@type\":\"ListItem\",\"position\":3,\"name\":\"Skrive- og pegeudstyr\",\"item\":\"https:\/\/grontkontor.dk\/produkt-kategori\/skrive-og-pegeudstyr\/\"},{\"@type\":\"ListItem\",\"position\":4,\"name\":\"Kuglepenne\",\"item\":\"https:\/\/grontkontor.dk\/produkt-kategori\/skrive-og-pegeudstyr\/kuglepenne\/\"},{\"@type\":\"ListItem\",\"position\":5,\"name\":\"Kulspetspenna med touchpenna i \u00e5tervunnen aluminium\"}]},{\"@type\":\"WebSite\",\"@id\":\"https:\/\/grontkontor.dk\/#website\",\"url\":\"https:\/\/grontkontor.dk\/\",\"name\":\"Gr\u00f8nt Kontor\",\"description\":\"Milj\u00f8venlige produkter til kontor og erhverv med fokus p\u00e5 b\u00e6redygtighed, design og fair trade.\",\"publisher\":{\"@id\":\"https:\/\/grontkontor.dk\/#organization\"},\"potentialAction\":[{\"@type\":\"SearchAction\",\"target\":{\"@type\":\"EntryPoint\",\"urlTemplate\":\"https:\/\/grontkontor.dk\/?s={search_term_string}\"},\"query-input\":\"required name=search_term_string\"}],\"inLanguage\":\"sv-SE\"},{\"@type\":\"Organization\",\"@id\":\"https:\/\/grontkontor.dk\/#organization\",\"name\":\"Gr\u00f8nt Kontor\",\"url\":\"https:\/\/grontkontor.dk\/\",\"logo\":{\"@type\":\"ImageObject\",\"inLanguage\":\"sv-SE\",\"@id\":\"https:\/\/grontkontor.dk\/#\/schema\/logo\/image\/\",\"url\":\"https:\/\/grontkontor.dk\/wp-content\/uploads\/2014\/02\/Logo_groent_kontor_300x80.png\",\"contentUrl\":\"https:\/\/grontkontor.dk\/wp-content\/uploads\/2014\/02\/Logo_groent_kontor_300x80.png\",\"width\":300,\"height\":80,\"caption\":\"Gr\u00f8nt Kontor\"},\"image\":{\"@id\":\"https:\/\/grontkontor.dk\/#\/schema\/logo\/image\/\"},\"sameAs\":[\"https:\/\/www.facebook.com\/grontkontor.dk\/\"]}]}<\/script>\n<!-- \/ Yoast SEO Premium plugin. -->","yoast_head_json":{"title":"Kulspetspenna med touchpenna i \u00e5tervunnen aluminium - Gr\u00f8nt Kontor","robots":{"index":"index","follow":"follow","max-snippet":"max-snippet:-1","max-image-preview":"max-image-preview:large","max-video-preview":"max-video-preview:-1"},"canonical":"https:\/\/grontkontor.dk\/sv\/shop\/penna-med-beroring-penna-i-atervunnen-aluminium\/","og_locale":"sv_SE","og_type":"article","og_title":"Kulspetspenna med touchpenna i \u00e5tervunnen aluminium","og_description":"Underbar kulspetspenna i milj\u00f6v\u00e4nlig \u00e5tervunnen aluminium med pekpenna. Med bl\u00e5tt bl\u00e4ck och vridmekanism. \u00c5tervunnet aluminium \u00e4r ett material som kan \u00e5tervinnas n\u00e4stan o\u00e4ndligt utan att f\u00f6rlora sina ursprungliga egenskaper. \u00c5tervunnet aluminium f\u00f6rbrukar mindre energi och f\u00e4rre skadliga \u00e4mnen i tillverkningsprocessen j\u00e4mf\u00f6rt med traditionellt aluminium. &nbsp;","og_url":"https:\/\/grontkontor.dk\/sv\/shop\/penna-med-beroring-penna-i-atervunnen-aluminium\/","og_site_name":"Gr\u00f8nt Kontor","article_publisher":"https:\/\/www.facebook.com\/grontkontor.dk\/","article_modified_time":"2024-08-29T08:42:24+00:00","og_image":[{"width":900,"height":639,"url":"https:\/\/grontkontor.dk\/wp-content\/uploads\/2024\/06\/Klimavenlig-kuglepen-i-recycled-aluminium.jpg","type":"image\/jpeg"}],"twitter_card":"summary_large_image","schema":{"@context":"https:\/\/schema.org","@graph":[{"@type":"WebPage","@id":"https:\/\/grontkontor.dk\/sv\/shop\/penna-med-beroring-penna-i-atervunnen-aluminium\/","url":"https:\/\/grontkontor.dk\/sv\/shop\/penna-med-beroring-penna-i-atervunnen-aluminium\/","name":"Kulspetspenna med touchpenna i \u00e5tervunnen aluminium - Gr\u00f8nt Kontor","isPartOf":{"@id":"https:\/\/grontkontor.dk\/#website"},"datePublished":"2024-06-27T12:34:53+00:00","dateModified":"2024-08-29T08:42:24+00:00","breadcrumb":{"@id":"https:\/\/grontkontor.dk\/sv\/shop\/penna-med-beroring-penna-i-atervunnen-aluminium\/#breadcrumb"},"inLanguage":"sv-SE","potentialAction":[{"@type":"ReadAction","target":["https:\/\/grontkontor.dk\/sv\/shop\/penna-med-beroring-penna-i-atervunnen-aluminium\/"]}]},{"@type":"BreadcrumbList","@id":"https:\/\/grontkontor.dk\/sv\/shop\/penna-med-beroring-penna-i-atervunnen-aluminium\/#breadcrumb","itemListElement":[{"@type":"ListItem","position":1,"name":"Forside","item":"https:\/\/grontkontor.dk\/"},{"@type":"ListItem","position":2,"name":"Shop","item":"https:\/\/grontkontor.dk\/sv\/shop\/"},{"@type":"ListItem","position":3,"name":"Skrive- og pegeudstyr","item":"https:\/\/grontkontor.dk\/produkt-kategori\/skrive-og-pegeudstyr\/"},{"@type":"ListItem","position":4,"name":"Kuglepenne","item":"https:\/\/grontkontor.dk\/produkt-kategori\/skrive-og-pegeudstyr\/kuglepenne\/"},{"@type":"ListItem","position":5,"name":"Kulspetspenna med touchpenna i \u00e5tervunnen aluminium"}]},{"@type":"WebSite","@id":"https:\/\/grontkontor.dk\/#website","url":"https:\/\/grontkontor.dk\/","name":"Gr\u00f8nt Kontor","description":"Milj\u00f8venlige produkter til kontor og erhverv med fokus p\u00e5 b\u00e6redygtighed, design og fair trade.","publisher":{"@id":"https:\/\/grontkontor.dk\/#organization"},"potentialAction":[{"@type":"SearchAction","target":{"@type":"EntryPoint","urlTemplate":"https:\/\/grontkontor.dk\/?s={search_term_string}"},"query-input":"required name=search_term_string"}],"inLanguage":"sv-SE"},{"@type":"Organization","@id":"https:\/\/grontkontor.dk\/#organization","name":"Gr\u00f8nt Kontor","url":"https:\/\/grontkontor.dk\/","logo":{"@type":"ImageObject","inLanguage":"sv-SE","@id":"https:\/\/grontkontor.dk\/#\/schema\/logo\/image\/","url":"https:\/\/grontkontor.dk\/wp-content\/uploads\/2014\/02\/Logo_groent_kontor_300x80.png","contentUrl":"https:\/\/grontkontor.dk\/wp-content\/uploads\/2014\/02\/Logo_groent_kontor_300x80.png","width":300,"height":80,"caption":"Gr\u00f8nt Kontor"},"image":{"@id":"https:\/\/grontkontor.dk\/#\/schema\/logo\/image\/"},"sameAs":["https:\/\/www.facebook.com\/grontkontor.dk\/"]}]}},"_links":{"self":[{"href":"https:\/\/grontkontor.dk\/sv\/wp-json\/wp\/v2\/product\/103169"}],"collection":[{"href":"https:\/\/grontkontor.dk\/sv\/wp-json\/wp\/v2\/product"}],"about":[{"href":"https:\/\/grontkontor.dk\/sv\/wp-json\/wp\/v2\/types\/product"}],"replies":[{"embeddable":true,"href":"https:\/\/grontkontor.dk\/sv\/wp-json\/wp\/v2\/comments?post=103169"}],"wp:featuredmedia":[{"embeddable":true,"href":"https:\/\/grontkontor.dk\/sv\/wp-json\/wp\/v2\/media\/103290"}],"wp:attachment":[{"href":"https:\/\/grontkontor.dk\/sv\/wp-json\/wp\/v2\/media?parent=103169"}],"wp:term":[{"taxonomy":"product_cat","embeddable":true,"href":"https:\/\/grontkontor.dk\/sv\/wp-json\/wp\/v2\/product_cat?post=103169"},{"taxonomy":"product_tag","embeddable":true,"href":"https:\/\/grontkontor.dk\/sv\/wp-json\/wp\/v2\/product_tag?post=103169"}],"curies":[{"name":"wp","href":"https:\/\/api.w.org\/{rel}","templated":true}]}}