{"id":115429,"date":"2024-09-25T15:27:30","date_gmt":"2024-09-25T13:27:31","guid":{"rendered":"https:\/\/grontkontor.dk\/?post_type=product&#038;p=115429"},"modified":"2024-10-10T10:18:17","modified_gmt":"2024-10-10T08:18:17","slug":"strand-vaska-fairtrade-280-gsm","status":"publish","type":"product","link":"https:\/\/grontkontor.dk\/sv\/shop\/strand-vaska-fairtrade-280-gsm\/","title":{"rendered":"Strandv\u00e4ska fairtrade 280 g\/m\u00b2"},"content":{"rendered":"<p data-pm-slice=\"1 1 []\">Milj\u00f6v\u00e4nlig tygkasse, tillverkad av 100% bomull med en vikt p\u00e5 280g\/m2 och i naturlig f\u00e4rg. Sydd finish med repliknande handtag och f\u00f6rst\u00e4rkt med metallringar. T\u00e5l upp till 10 kg, inkluderar Fairtrade-etikett och h\u00e4ngetikett av \u00e5tervunnen kartong<\/p>\n<p>En fin milj\u00f6v\u00e4nlig f\u00f6retagspresent, l\u00e4mplig f\u00f6r att hantera dina \u00e5h\u00f6rarkopior p\u00e5 en m\u00e4ssa eller ett evenemang. M\u00f6jlighet att skriva ut p\u00e5 en eller b\u00e5da sidor.<\/p>\nBomull \u00e4r ett biologiskt nedbrytbart och komposterbar naturprodukt.\nDenna produkt \u00e4r en av f\u00e5 som vi har p\u00e5 hyllan, som valts ut enbart f\u00f6r den unika designen. F\u00f6r ett mer h\u00e5llbart val vill vi rekomendera ekologisk eller \u00e5tervunnen bomull ist\u00e4llet. \nFairtrade certificering s\u00e4krar att varan \u00e4r producerad under f\u00f6rsvarliga arbetsf\u00f6rh\u00e5llanden, med h\u00e4nsyn till b\u00e5de m\u00e4nniskor och milj\u00f6. \n<p>&nbsp;<\/p>\n<a href=\"http:\/\/www.fairtrade-maerket.dk\/\" target=\"window\"><img loading=\"lazy\" decoding=\"async\" class=\"alignnone size-full\" src=\"https:\/\/grontkontor.dk\/wp-content\/uploads\/2019\/04\/fairtrade-certificeret.jpg\" \n  alt=\"Fair trade certifikatet - din garanti for at arbejdere og b?nder har fair arbejdsforhold og indt?gt\" width=\"49\" height=\"50\" border=0 \/><\/a>\n","protected":false},"excerpt":{"rendered":"<p>Milj\u00f6v\u00e4nlig tygkasse, tillverkad av 100% bomull med en vikt p\u00e5 280g\/m2 och i naturlig f\u00e4rg. Sydd finish med repliknande handtag och f\u00f6rst\u00e4rkt med metallringar. T\u00e5l upp till 10 kg, inkluderar Fairtrade-etikett och h\u00e4ngetikett av \u00e5tervunnen kartong En fin milj\u00f6v\u00e4nlig f\u00f6retagspresent, l\u00e4mplig f\u00f6r att hantera dina \u00e5h\u00f6rarkopior p\u00e5 en m\u00e4ssa eller ett evenemang. M\u00f6jlighet att skriva [&hellip;]<\/p>\n","protected":false},"featured_media":115446,"comment_status":"closed","ping_status":"closed","template":"","meta":{"_acf_changed":false},"product_cat":[1362,2107,867,2394,3143],"product_tag":[4498],"class_list":{"0":"post-115429","1":"product","2":"type-product","3":"status-publish","4":"has-post-thumbnail","6":"product_cat-tygpaasar","7":"product_cat-dummy-moq-1-sv","8":"product_cat-miljovaenliga-foretagspresenter","9":"product_cat-nyheter","10":"product_cat-sport-och-fritid","11":"product_tag-strand-vaeska","12":"tm-has-options","14":"first","15":"instock","16":"taxable","17":"shipping-taxable","18":"purchasable","19":"product-type-simple"},"acf":[],"yoast_head":"<!-- This site is optimized with the Yoast SEO Premium plugin v21.2 (Yoast SEO v21.2) - https:\/\/yoast.com\/wordpress\/plugins\/seo\/ -->\n<title>Strandv\u00e4ska fairtrade 280 g\/m\u00b2 - Gr\u00f8nt Kontor<\/title>\n<meta name=\"robots\" content=\"index, follow, max-snippet:-1, max-image-preview:large, max-video-preview:-1\" \/>\n<link rel=\"canonical\" href=\"https:\/\/grontkontor.dk\/shop\/beach-bag-fairtrade-280-gsm\/\" \/>\n<meta property=\"og:locale\" content=\"sv_SE\" \/>\n<meta property=\"og:type\" content=\"article\" \/>\n<meta property=\"og:title\" content=\"Strandv\u00e4ska fairtrade 280 g\/m\u00b2\" \/>\n<meta property=\"og:description\" content=\"Milj\u00f6v\u00e4nlig tygkasse, tillverkad av 100% bomull med en vikt p\u00e5 280g\/m2 och i naturlig f\u00e4rg. Sydd finish med repliknande handtag och f\u00f6rst\u00e4rkt med metallringar. T\u00e5l upp till 10 kg, inkluderar Fairtrade-etikett och h\u00e4ngetikett av \u00e5tervunnen kartong En fin milj\u00f6v\u00e4nlig f\u00f6retagspresent, l\u00e4mplig f\u00f6r att hantera dina \u00e5h\u00f6rarkopior p\u00e5 en m\u00e4ssa eller ett evenemang. M\u00f6jlighet att skriva [&hellip;]\" \/>\n<meta property=\"og:url\" content=\"https:\/\/grontkontor.dk\/shop\/beach-bag-fairtrade-280-gsm\/\" \/>\n<meta property=\"og:site_name\" content=\"Gr\u00f8nt Kontor\" \/>\n<meta property=\"article:publisher\" content=\"https:\/\/www.facebook.com\/grontkontor.dk\/\" \/>\n<meta property=\"article:modified_time\" content=\"2024-10-10T08:18:17+00:00\" \/>\n<meta property=\"og:image\" content=\"https:\/\/grontkontor.dk\/wp-content\/uploads\/2024\/09\/Klimavenlig-mulepose-i-fairtrade-bomuld.jpg\" \/>\n\t<meta property=\"og:image:width\" content=\"900\" \/>\n\t<meta property=\"og:image:height\" content=\"639\" \/>\n\t<meta property=\"og:image:type\" content=\"image\/jpeg\" \/>\n<meta name=\"twitter:card\" content=\"summary_large_image\" \/>\n<meta name=\"twitter:label1\" content=\"Ber\u00e4knad l\u00e4stid\" \/>\n\t<meta name=\"twitter:data1\" content=\"1 minut\" \/>\n<script type=\"application\/ld+json\" class=\"yoast-schema-graph\">{\"@context\":\"https:\/\/schema.org\",\"@graph\":[{\"@type\":\"WebPage\",\"@id\":\"https:\/\/grontkontor.dk\/shop\/beach-bag-fairtrade-280-gsm\/\",\"url\":\"https:\/\/grontkontor.dk\/shop\/beach-bag-fairtrade-280-gsm\/\",\"name\":\"Strandv\u00e4ska fairtrade 280 g\/m\u00b2 - Gr\u00f8nt Kontor\",\"isPartOf\":{\"@id\":\"https:\/\/grontkontor.dk\/#website\"},\"datePublished\":\"2024-09-25T13:27:31+00:00\",\"dateModified\":\"2024-10-10T08:18:17+00:00\",\"breadcrumb\":{\"@id\":\"https:\/\/grontkontor.dk\/shop\/beach-bag-fairtrade-280-gsm\/#breadcrumb\"},\"inLanguage\":\"sv-SE\",\"potentialAction\":[{\"@type\":\"ReadAction\",\"target\":[\"https:\/\/grontkontor.dk\/shop\/beach-bag-fairtrade-280-gsm\/\"]}]},{\"@type\":\"BreadcrumbList\",\"@id\":\"https:\/\/grontkontor.dk\/shop\/beach-bag-fairtrade-280-gsm\/#breadcrumb\",\"itemListElement\":[{\"@type\":\"ListItem\",\"position\":1,\"name\":\"Forside\",\"item\":\"https:\/\/grontkontor.dk\/\"},{\"@type\":\"ListItem\",\"position\":2,\"name\":\"Shop\",\"item\":\"https:\/\/grontkontor.dk\/sv\/shop\/\"},{\"@type\":\"ListItem\",\"position\":3,\"name\":\"V\u00e4skor, fodral och covers\",\"item\":\"https:\/\/grontkontor.dk\/sv\/produkt-kategori\/vaeskor-och-fodral\/\"},{\"@type\":\"ListItem\",\"position\":4,\"name\":\"B\u00e4rkassar\",\"item\":\"https:\/\/grontkontor.dk\/sv\/produkt-kategori\/vaeskor-och-fodral\/tygpaasar\/\"},{\"@type\":\"ListItem\",\"position\":5,\"name\":\"Strandv\u00e4ska fairtrade 280 g\/m\u00b2\"}]},{\"@type\":\"WebSite\",\"@id\":\"https:\/\/grontkontor.dk\/#website\",\"url\":\"https:\/\/grontkontor.dk\/\",\"name\":\"Gr\u00f8nt Kontor\",\"description\":\"Milj\u00f8venlige produkter til kontor og erhverv med fokus p\u00e5 b\u00e6redygtighed, design og fair trade.\",\"publisher\":{\"@id\":\"https:\/\/grontkontor.dk\/#organization\"},\"potentialAction\":[{\"@type\":\"SearchAction\",\"target\":{\"@type\":\"EntryPoint\",\"urlTemplate\":\"https:\/\/grontkontor.dk\/?s={search_term_string}\"},\"query-input\":\"required name=search_term_string\"}],\"inLanguage\":\"sv-SE\"},{\"@type\":\"Organization\",\"@id\":\"https:\/\/grontkontor.dk\/#organization\",\"name\":\"Gr\u00f8nt Kontor\",\"url\":\"https:\/\/grontkontor.dk\/\",\"logo\":{\"@type\":\"ImageObject\",\"inLanguage\":\"sv-SE\",\"@id\":\"https:\/\/grontkontor.dk\/#\/schema\/logo\/image\/\",\"url\":\"https:\/\/grontkontor.dk\/wp-content\/uploads\/2014\/02\/Logo_groent_kontor_300x80.png\",\"contentUrl\":\"https:\/\/grontkontor.dk\/wp-content\/uploads\/2014\/02\/Logo_groent_kontor_300x80.png\",\"width\":300,\"height\":80,\"caption\":\"Gr\u00f8nt Kontor\"},\"image\":{\"@id\":\"https:\/\/grontkontor.dk\/#\/schema\/logo\/image\/\"},\"sameAs\":[\"https:\/\/www.facebook.com\/grontkontor.dk\/\"]}]}<\/script>\n<!-- \/ Yoast SEO Premium plugin. -->","yoast_head_json":{"title":"Strandv\u00e4ska fairtrade 280 g\/m\u00b2 - Gr\u00f8nt Kontor","robots":{"index":"index","follow":"follow","max-snippet":"max-snippet:-1","max-image-preview":"max-image-preview:large","max-video-preview":"max-video-preview:-1"},"canonical":"https:\/\/grontkontor.dk\/shop\/beach-bag-fairtrade-280-gsm\/","og_locale":"sv_SE","og_type":"article","og_title":"Strandv\u00e4ska fairtrade 280 g\/m\u00b2","og_description":"Milj\u00f6v\u00e4nlig tygkasse, tillverkad av 100% bomull med en vikt p\u00e5 280g\/m2 och i naturlig f\u00e4rg. Sydd finish med repliknande handtag och f\u00f6rst\u00e4rkt med metallringar. T\u00e5l upp till 10 kg, inkluderar Fairtrade-etikett och h\u00e4ngetikett av \u00e5tervunnen kartong En fin milj\u00f6v\u00e4nlig f\u00f6retagspresent, l\u00e4mplig f\u00f6r att hantera dina \u00e5h\u00f6rarkopior p\u00e5 en m\u00e4ssa eller ett evenemang. M\u00f6jlighet att skriva [&hellip;]","og_url":"https:\/\/grontkontor.dk\/shop\/beach-bag-fairtrade-280-gsm\/","og_site_name":"Gr\u00f8nt Kontor","article_publisher":"https:\/\/www.facebook.com\/grontkontor.dk\/","article_modified_time":"2024-10-10T08:18:17+00:00","og_image":[{"width":900,"height":639,"url":"https:\/\/grontkontor.dk\/wp-content\/uploads\/2024\/09\/Klimavenlig-mulepose-i-fairtrade-bomuld.jpg","type":"image\/jpeg"}],"twitter_card":"summary_large_image","twitter_misc":{"Ber\u00e4knad l\u00e4stid":"1 minut"},"schema":{"@context":"https:\/\/schema.org","@graph":[{"@type":"WebPage","@id":"https:\/\/grontkontor.dk\/shop\/beach-bag-fairtrade-280-gsm\/","url":"https:\/\/grontkontor.dk\/shop\/beach-bag-fairtrade-280-gsm\/","name":"Strandv\u00e4ska fairtrade 280 g\/m\u00b2 - Gr\u00f8nt Kontor","isPartOf":{"@id":"https:\/\/grontkontor.dk\/#website"},"datePublished":"2024-09-25T13:27:31+00:00","dateModified":"2024-10-10T08:18:17+00:00","breadcrumb":{"@id":"https:\/\/grontkontor.dk\/shop\/beach-bag-fairtrade-280-gsm\/#breadcrumb"},"inLanguage":"sv-SE","potentialAction":[{"@type":"ReadAction","target":["https:\/\/grontkontor.dk\/shop\/beach-bag-fairtrade-280-gsm\/"]}]},{"@type":"BreadcrumbList","@id":"https:\/\/grontkontor.dk\/shop\/beach-bag-fairtrade-280-gsm\/#breadcrumb","itemListElement":[{"@type":"ListItem","position":1,"name":"Forside","item":"https:\/\/grontkontor.dk\/"},{"@type":"ListItem","position":2,"name":"Shop","item":"https:\/\/grontkontor.dk\/sv\/shop\/"},{"@type":"ListItem","position":3,"name":"V\u00e4skor, fodral och covers","item":"https:\/\/grontkontor.dk\/sv\/produkt-kategori\/vaeskor-och-fodral\/"},{"@type":"ListItem","position":4,"name":"B\u00e4rkassar","item":"https:\/\/grontkontor.dk\/sv\/produkt-kategori\/vaeskor-och-fodral\/tygpaasar\/"},{"@type":"ListItem","position":5,"name":"Strandv\u00e4ska fairtrade 280 g\/m\u00b2"}]},{"@type":"WebSite","@id":"https:\/\/grontkontor.dk\/#website","url":"https:\/\/grontkontor.dk\/","name":"Gr\u00f8nt Kontor","description":"Milj\u00f8venlige produkter til kontor og erhverv med fokus p\u00e5 b\u00e6redygtighed, design og fair trade.","publisher":{"@id":"https:\/\/grontkontor.dk\/#organization"},"potentialAction":[{"@type":"SearchAction","target":{"@type":"EntryPoint","urlTemplate":"https:\/\/grontkontor.dk\/?s={search_term_string}"},"query-input":"required name=search_term_string"}],"inLanguage":"sv-SE"},{"@type":"Organization","@id":"https:\/\/grontkontor.dk\/#organization","name":"Gr\u00f8nt Kontor","url":"https:\/\/grontkontor.dk\/","logo":{"@type":"ImageObject","inLanguage":"sv-SE","@id":"https:\/\/grontkontor.dk\/#\/schema\/logo\/image\/","url":"https:\/\/grontkontor.dk\/wp-content\/uploads\/2014\/02\/Logo_groent_kontor_300x80.png","contentUrl":"https:\/\/grontkontor.dk\/wp-content\/uploads\/2014\/02\/Logo_groent_kontor_300x80.png","width":300,"height":80,"caption":"Gr\u00f8nt Kontor"},"image":{"@id":"https:\/\/grontkontor.dk\/#\/schema\/logo\/image\/"},"sameAs":["https:\/\/www.facebook.com\/grontkontor.dk\/"]}]}},"_links":{"self":[{"href":"https:\/\/grontkontor.dk\/sv\/wp-json\/wp\/v2\/product\/115429"}],"collection":[{"href":"https:\/\/grontkontor.dk\/sv\/wp-json\/wp\/v2\/product"}],"about":[{"href":"https:\/\/grontkontor.dk\/sv\/wp-json\/wp\/v2\/types\/product"}],"replies":[{"embeddable":true,"href":"https:\/\/grontkontor.dk\/sv\/wp-json\/wp\/v2\/comments?post=115429"}],"wp:featuredmedia":[{"embeddable":true,"href":"https:\/\/grontkontor.dk\/sv\/wp-json\/wp\/v2\/media\/115446"}],"wp:attachment":[{"href":"https:\/\/grontkontor.dk\/sv\/wp-json\/wp\/v2\/media?parent=115429"}],"wp:term":[{"taxonomy":"product_cat","embeddable":true,"href":"https:\/\/grontkontor.dk\/sv\/wp-json\/wp\/v2\/product_cat?post=115429"},{"taxonomy":"product_tag","embeddable":true,"href":"https:\/\/grontkontor.dk\/sv\/wp-json\/wp\/v2\/product_tag?post=115429"}],"curies":[{"name":"wp","href":"https:\/\/api.w.org\/{rel}","templated":true}]}}