{"id":115552,"date":"2024-10-01T10:39:31","date_gmt":"2024-10-01T08:39:33","guid":{"rendered":"https:\/\/grontkontor.dk\/?post_type=product&#038;p=115552"},"modified":"2024-10-09T12:27:35","modified_gmt":"2024-10-09T10:27:35","slug":"termos-kopp-atervunnen-staal-pp-350-ml","status":"publish","type":"product","link":"https:\/\/grontkontor.dk\/sv\/shop\/termos-kopp-atervunnen-staal-pp-350-ml\/","title":{"rendered":"Termokopp \u00e5tervunnet st\u00e5l &amp; PP 350 ml"},"content":{"rendered":"<p>Milj\u00f6v\u00e4nlig kaffemugg i \u00e5tervunnet st\u00e5l, best\u00e5r av 90% \u00e5tervunnet rostfritt st\u00e5l och 10% vanligt rostfritt st\u00e5l. Ytterlager av \u00e5tervunnen PP och rem i RPET. Finns i 7 f\u00e4rger: m\u00f6rkbl\u00e5, ljusbl\u00e5, svart, gr\u00f6n, gr\u00e5, m\u00f6rkgr\u00e5 och vit utan tryck. Kan best\u00e4llas ner till 1 st i svart. Perfekt som en klimatsmart f\u00f6retagsg\u00e5va eller handout till m\u00e4ssor och evenemang.  <\/p>\n<p>St\u00e5l\/j\u00e4rn er en \u00e5teranv\u00e4ndbar och praktiskt taget obegr\u00e4nsad resurs som inte f\u00f6rorenar vid kassering. St\u00e5l kan \u00e5tervinnas i det o\u00e4ndliga, vilket sker i s\u00e5 stor utstr\u00e4ckning att absolut st\u00f6rsta delen av allt st\u00e5l p\u00e5 marknaden, i huvudsak, best\u00e5r av \u00e5tervunnen st\u00e5l.  rPET (recycled polyethylen) l\u00e4mpar sig f\u00f6r livsmedel, \u00e4r klimatv\u00e4nligt och \u00e5teranva\u00e4ndbar plast \u00e4r ofta tillverkad av \u00e5teranv\u00e4nda plastflaskor. rPET har ett h\u00f6gt inneh\u00e5ll av kol och \u00e4r d\u00e4rf\u00f6r en effektiv koldepot i produktens och i den \u00e5tervunna produktens livstid. <\/p>\n<p>&nbsp;<\/p>\n<img loading=\"lazy\" decoding=\"async\" src=\"https:\/\/grontkontor.dk\/wp-content\/uploads\/2021\/02\/genbrug.jpg\" alt=\"Fremstillet af genbrugsmaterialer\" width=\"50\" height=\"50\" class=\"size-full wp-image-23031\" srcset=\"https:\/\/grontkontor.dk\/wp-content\/uploads\/2021\/02\/genbrug.jpg 199w, https:\/\/grontkontor.dk\/wp-content\/uploads\/2021\/02\/genbrug-100x100.jpg 100w\" sizes=\"(max-width: 50px) 100vw, 50px\" \/>\n","protected":false},"excerpt":{"rendered":"<p>Milj\u00f6v\u00e4nlig kaffemugg i \u00e5tervunnet st\u00e5l, best\u00e5r av 90% \u00e5tervunnet rostfritt st\u00e5l och 10% vanligt rostfritt st\u00e5l. Ytterlager av \u00e5tervunnen PP och rem i RPET. Finns i 7 f\u00e4rger: m\u00f6rkbl\u00e5, ljusbl\u00e5, svart, gr\u00f6n, gr\u00e5, m\u00f6rkgr\u00e5 och vit utan tryck. Kan best\u00e4llas ner till 1 st i svart. Perfekt som en klimatsmart f\u00f6retagsg\u00e5va eller handout till m\u00e4ssor [&hellip;]<\/p>\n","protected":false},"featured_media":115612,"comment_status":"closed","ping_status":"closed","template":"","meta":{"_acf_changed":false},"product_cat":[2107,1954,2628,2394,2103],"product_tag":[1910,1912],"class_list":{"0":"post-115552","1":"product","2":"type-product","3":"status-publish","4":"has-post-thumbnail","6":"product_cat-dummy-moq-1-sv","7":"product_cat-muggar-och-koppar","8":"product_cat-krus-og-kopper-til-messen-sv","9":"product_cat-nyheter","10":"product_cat-utstallning-och-event","11":"product_tag-krus-sv","12":"product_tag-termokrus-sv","13":"pa_farve-lyseblaa-sv","14":"pa_farve-moerkblaa","15":"pa_farve-moerkgraa","16":"pa_farve-graa-sv","17":"pa_farve-groen-sv","18":"pa_farve-sort-sv","19":"pa_farve-hvid-sv","20":"tm-has-options","22":"first","23":"instock","24":"sale","25":"taxable","26":"shipping-taxable","27":"purchasable","28":"product-type-variable","29":"has-default-attributes"},"acf":[],"yoast_head":"<!-- This site is optimized with the Yoast SEO Premium plugin v21.2 (Yoast SEO v21.2) - https:\/\/yoast.com\/wordpress\/plugins\/seo\/ -->\n<title>Termokopp \u00e5tervunnet st\u00e5l &amp; PP 350 ml - Gr\u00f8nt Kontor<\/title>\n<meta name=\"robots\" content=\"index, follow, max-snippet:-1, max-image-preview:large, max-video-preview:-1\" \/>\n<link rel=\"canonical\" href=\"https:\/\/grontkontor.dk\/shop\/termokop-genanvendt-staal-pp-350-ml\/\" \/>\n<meta property=\"og:locale\" content=\"sv_SE\" \/>\n<meta property=\"og:type\" content=\"article\" \/>\n<meta property=\"og:title\" content=\"Termokopp \u00e5tervunnet st\u00e5l &amp; PP 350 ml\" \/>\n<meta property=\"og:description\" content=\"Milj\u00f6v\u00e4nlig kaffemugg i \u00e5tervunnet st\u00e5l, best\u00e5r av 90% \u00e5tervunnet rostfritt st\u00e5l och 10% vanligt rostfritt st\u00e5l. Ytterlager av \u00e5tervunnen PP och rem i RPET. Finns i 7 f\u00e4rger: m\u00f6rkbl\u00e5, ljusbl\u00e5, svart, gr\u00f6n, gr\u00e5, m\u00f6rkgr\u00e5 och vit utan tryck. Kan best\u00e4llas ner till 1 st i svart. Perfekt som en klimatsmart f\u00f6retagsg\u00e5va eller handout till m\u00e4ssor [&hellip;]\" \/>\n<meta property=\"og:url\" content=\"https:\/\/grontkontor.dk\/shop\/termokop-genanvendt-staal-pp-350-ml\/\" \/>\n<meta property=\"og:site_name\" content=\"Gr\u00f8nt Kontor\" \/>\n<meta property=\"article:publisher\" content=\"https:\/\/www.facebook.com\/grontkontor.dk\/\" \/>\n<meta property=\"article:modified_time\" content=\"2024-10-09T10:27:35+00:00\" \/>\n<meta property=\"og:image\" content=\"https:\/\/grontkontor.dk\/wp-content\/uploads\/2024\/10\/Klimavenlig-termokop-i-genanvendt-staal-og-plast-sort.jpg\" \/>\n\t<meta property=\"og:image:width\" content=\"900\" \/>\n\t<meta property=\"og:image:height\" content=\"639\" \/>\n\t<meta property=\"og:image:type\" content=\"image\/jpeg\" \/>\n<meta name=\"twitter:card\" content=\"summary_large_image\" \/>\n<meta name=\"twitter:label1\" content=\"Ber\u00e4knad l\u00e4stid\" \/>\n\t<meta name=\"twitter:data1\" content=\"1 minut\" \/>\n<script type=\"application\/ld+json\" class=\"yoast-schema-graph\">{\"@context\":\"https:\/\/schema.org\",\"@graph\":[{\"@type\":\"WebPage\",\"@id\":\"https:\/\/grontkontor.dk\/shop\/termokop-genanvendt-staal-pp-350-ml\/\",\"url\":\"https:\/\/grontkontor.dk\/shop\/termokop-genanvendt-staal-pp-350-ml\/\",\"name\":\"Termokopp \u00e5tervunnet st\u00e5l &amp; PP 350 ml - Gr\u00f8nt Kontor\",\"isPartOf\":{\"@id\":\"https:\/\/grontkontor.dk\/#website\"},\"datePublished\":\"2024-10-01T08:39:33+00:00\",\"dateModified\":\"2024-10-09T10:27:35+00:00\",\"breadcrumb\":{\"@id\":\"https:\/\/grontkontor.dk\/shop\/termokop-genanvendt-staal-pp-350-ml\/#breadcrumb\"},\"inLanguage\":\"sv-SE\",\"potentialAction\":[{\"@type\":\"ReadAction\",\"target\":[\"https:\/\/grontkontor.dk\/shop\/termokop-genanvendt-staal-pp-350-ml\/\"]}]},{\"@type\":\"BreadcrumbList\",\"@id\":\"https:\/\/grontkontor.dk\/shop\/termokop-genanvendt-staal-pp-350-ml\/#breadcrumb\",\"itemListElement\":[{\"@type\":\"ListItem\",\"position\":1,\"name\":\"Forside\",\"item\":\"https:\/\/grontkontor.dk\/\"},{\"@type\":\"ListItem\",\"position\":2,\"name\":\"Shop\",\"item\":\"https:\/\/grontkontor.dk\/sv\/shop\/\"},{\"@type\":\"ListItem\",\"position\":3,\"name\":\"Mat och dryck\",\"item\":\"https:\/\/grontkontor.dk\/sv\/produkt-kategori\/mat-och-dryck\/\"},{\"@type\":\"ListItem\",\"position\":4,\"name\":\"Muggar och koppar\",\"item\":\"https:\/\/grontkontor.dk\/sv\/produkt-kategori\/mat-och-dryck\/muggar-och-koppar\/\"},{\"@type\":\"ListItem\",\"position\":5,\"name\":\"Termokopp \u00e5tervunnet st\u00e5l &amp; PP 350 ml\"}]},{\"@type\":\"WebSite\",\"@id\":\"https:\/\/grontkontor.dk\/#website\",\"url\":\"https:\/\/grontkontor.dk\/\",\"name\":\"Gr\u00f8nt Kontor\",\"description\":\"Milj\u00f8venlige produkter til kontor og erhverv med fokus p\u00e5 b\u00e6redygtighed, design og fair trade.\",\"publisher\":{\"@id\":\"https:\/\/grontkontor.dk\/#organization\"},\"potentialAction\":[{\"@type\":\"SearchAction\",\"target\":{\"@type\":\"EntryPoint\",\"urlTemplate\":\"https:\/\/grontkontor.dk\/?s={search_term_string}\"},\"query-input\":\"required name=search_term_string\"}],\"inLanguage\":\"sv-SE\"},{\"@type\":\"Organization\",\"@id\":\"https:\/\/grontkontor.dk\/#organization\",\"name\":\"Gr\u00f8nt Kontor\",\"url\":\"https:\/\/grontkontor.dk\/\",\"logo\":{\"@type\":\"ImageObject\",\"inLanguage\":\"sv-SE\",\"@id\":\"https:\/\/grontkontor.dk\/#\/schema\/logo\/image\/\",\"url\":\"https:\/\/grontkontor.dk\/wp-content\/uploads\/2014\/02\/Logo_groent_kontor_300x80.png\",\"contentUrl\":\"https:\/\/grontkontor.dk\/wp-content\/uploads\/2014\/02\/Logo_groent_kontor_300x80.png\",\"width\":300,\"height\":80,\"caption\":\"Gr\u00f8nt Kontor\"},\"image\":{\"@id\":\"https:\/\/grontkontor.dk\/#\/schema\/logo\/image\/\"},\"sameAs\":[\"https:\/\/www.facebook.com\/grontkontor.dk\/\"]}]}<\/script>\n<!-- \/ Yoast SEO Premium plugin. -->","yoast_head_json":{"title":"Termokopp \u00e5tervunnet st\u00e5l &amp; PP 350 ml - Gr\u00f8nt Kontor","robots":{"index":"index","follow":"follow","max-snippet":"max-snippet:-1","max-image-preview":"max-image-preview:large","max-video-preview":"max-video-preview:-1"},"canonical":"https:\/\/grontkontor.dk\/shop\/termokop-genanvendt-staal-pp-350-ml\/","og_locale":"sv_SE","og_type":"article","og_title":"Termokopp \u00e5tervunnet st\u00e5l &amp; PP 350 ml","og_description":"Milj\u00f6v\u00e4nlig kaffemugg i \u00e5tervunnet st\u00e5l, best\u00e5r av 90% \u00e5tervunnet rostfritt st\u00e5l och 10% vanligt rostfritt st\u00e5l. Ytterlager av \u00e5tervunnen PP och rem i RPET. Finns i 7 f\u00e4rger: m\u00f6rkbl\u00e5, ljusbl\u00e5, svart, gr\u00f6n, gr\u00e5, m\u00f6rkgr\u00e5 och vit utan tryck. Kan best\u00e4llas ner till 1 st i svart. Perfekt som en klimatsmart f\u00f6retagsg\u00e5va eller handout till m\u00e4ssor [&hellip;]","og_url":"https:\/\/grontkontor.dk\/shop\/termokop-genanvendt-staal-pp-350-ml\/","og_site_name":"Gr\u00f8nt Kontor","article_publisher":"https:\/\/www.facebook.com\/grontkontor.dk\/","article_modified_time":"2024-10-09T10:27:35+00:00","og_image":[{"width":900,"height":639,"url":"https:\/\/grontkontor.dk\/wp-content\/uploads\/2024\/10\/Klimavenlig-termokop-i-genanvendt-staal-og-plast-sort.jpg","type":"image\/jpeg"}],"twitter_card":"summary_large_image","twitter_misc":{"Ber\u00e4knad l\u00e4stid":"1 minut"},"schema":{"@context":"https:\/\/schema.org","@graph":[{"@type":"WebPage","@id":"https:\/\/grontkontor.dk\/shop\/termokop-genanvendt-staal-pp-350-ml\/","url":"https:\/\/grontkontor.dk\/shop\/termokop-genanvendt-staal-pp-350-ml\/","name":"Termokopp \u00e5tervunnet st\u00e5l &amp; PP 350 ml - Gr\u00f8nt Kontor","isPartOf":{"@id":"https:\/\/grontkontor.dk\/#website"},"datePublished":"2024-10-01T08:39:33+00:00","dateModified":"2024-10-09T10:27:35+00:00","breadcrumb":{"@id":"https:\/\/grontkontor.dk\/shop\/termokop-genanvendt-staal-pp-350-ml\/#breadcrumb"},"inLanguage":"sv-SE","potentialAction":[{"@type":"ReadAction","target":["https:\/\/grontkontor.dk\/shop\/termokop-genanvendt-staal-pp-350-ml\/"]}]},{"@type":"BreadcrumbList","@id":"https:\/\/grontkontor.dk\/shop\/termokop-genanvendt-staal-pp-350-ml\/#breadcrumb","itemListElement":[{"@type":"ListItem","position":1,"name":"Forside","item":"https:\/\/grontkontor.dk\/"},{"@type":"ListItem","position":2,"name":"Shop","item":"https:\/\/grontkontor.dk\/sv\/shop\/"},{"@type":"ListItem","position":3,"name":"Mat och dryck","item":"https:\/\/grontkontor.dk\/sv\/produkt-kategori\/mat-och-dryck\/"},{"@type":"ListItem","position":4,"name":"Muggar och koppar","item":"https:\/\/grontkontor.dk\/sv\/produkt-kategori\/mat-och-dryck\/muggar-och-koppar\/"},{"@type":"ListItem","position":5,"name":"Termokopp \u00e5tervunnet st\u00e5l &amp; PP 350 ml"}]},{"@type":"WebSite","@id":"https:\/\/grontkontor.dk\/#website","url":"https:\/\/grontkontor.dk\/","name":"Gr\u00f8nt Kontor","description":"Milj\u00f8venlige produkter til kontor og erhverv med fokus p\u00e5 b\u00e6redygtighed, design og fair trade.","publisher":{"@id":"https:\/\/grontkontor.dk\/#organization"},"potentialAction":[{"@type":"SearchAction","target":{"@type":"EntryPoint","urlTemplate":"https:\/\/grontkontor.dk\/?s={search_term_string}"},"query-input":"required name=search_term_string"}],"inLanguage":"sv-SE"},{"@type":"Organization","@id":"https:\/\/grontkontor.dk\/#organization","name":"Gr\u00f8nt Kontor","url":"https:\/\/grontkontor.dk\/","logo":{"@type":"ImageObject","inLanguage":"sv-SE","@id":"https:\/\/grontkontor.dk\/#\/schema\/logo\/image\/","url":"https:\/\/grontkontor.dk\/wp-content\/uploads\/2014\/02\/Logo_groent_kontor_300x80.png","contentUrl":"https:\/\/grontkontor.dk\/wp-content\/uploads\/2014\/02\/Logo_groent_kontor_300x80.png","width":300,"height":80,"caption":"Gr\u00f8nt Kontor"},"image":{"@id":"https:\/\/grontkontor.dk\/#\/schema\/logo\/image\/"},"sameAs":["https:\/\/www.facebook.com\/grontkontor.dk\/"]}]}},"_links":{"self":[{"href":"https:\/\/grontkontor.dk\/sv\/wp-json\/wp\/v2\/product\/115552"}],"collection":[{"href":"https:\/\/grontkontor.dk\/sv\/wp-json\/wp\/v2\/product"}],"about":[{"href":"https:\/\/grontkontor.dk\/sv\/wp-json\/wp\/v2\/types\/product"}],"replies":[{"embeddable":true,"href":"https:\/\/grontkontor.dk\/sv\/wp-json\/wp\/v2\/comments?post=115552"}],"wp:featuredmedia":[{"embeddable":true,"href":"https:\/\/grontkontor.dk\/sv\/wp-json\/wp\/v2\/media\/115612"}],"wp:attachment":[{"href":"https:\/\/grontkontor.dk\/sv\/wp-json\/wp\/v2\/media?parent=115552"}],"wp:term":[{"taxonomy":"product_cat","embeddable":true,"href":"https:\/\/grontkontor.dk\/sv\/wp-json\/wp\/v2\/product_cat?post=115552"},{"taxonomy":"product_tag","embeddable":true,"href":"https:\/\/grontkontor.dk\/sv\/wp-json\/wp\/v2\/product_tag?post=115552"}],"curies":[{"name":"wp","href":"https:\/\/api.w.org\/{rel}","templated":true}]}}