{"id":116288,"date":"2024-11-06T08:48:08","date_gmt":"2024-11-06T07:48:09","guid":{"rendered":"https:\/\/grontkontor.dk\/?post_type=product&#038;p=116288"},"modified":"2025-01-17T13:18:13","modified_gmt":"2025-01-17T12:18:13","slug":"skuldertaske-i-genanvendt-bomuld-270-gsm","status":"publish","type":"product","link":"https:\/\/grontkontor.dk\/sv\/shop\/skuldertaske-i-genanvendt-bomuld-270-gsm\/","title":{"rendered":"Axelremsv\u00e4ska i \u00e5tervunnen bomull 270 g\/m\u00b2"},"content":{"rendered":"<p data-pm-slice=\"1 1 []\">Milj\u00f6v\u00e4nlig och rymlig axelv\u00e4ska med flera fack, extra innerficka och praktisk ytterficka med metallsp\u00e4nne. Elegant svart f\u00e4rg, sydda detaljer och justerbar, f\u00f6rst\u00e4rkt l\u00e5ng rem <\/p>\nBomull \u00e4r en biologiskt nedbrytbar och komposterbar naturprodukt och en av v\u00e4rldens \u00e4ldsta handels- och jordbruksvaror. \u00c5tervunnen bomull \u00e4r mindre belastande f\u00f6r klimatet \u00e4n konventionell eller ekologisk bomull och s\u00e4rskiljer sig speciellt genom att f\u00f6rl\u00e4nga bomullsprodukters levnadstid och p\u00e5 s\u00e5 vis fungera som CO2 lager f\u00f6r redan producerad bomull. \n<p>&nbsp;<\/p>\n<img loading=\"lazy\" decoding=\"async\" src=\"https:\/\/grontkontor.dk\/wp-content\/uploads\/2021\/02\/genbrug.jpg\" alt=\"Fremstillet af genbrugsmaterialer\" width=\"50\" height=\"50\" class=\"size-full wp-image-23031\" srcset=\"https:\/\/grontkontor.dk\/wp-content\/uploads\/2021\/02\/genbrug.jpg 199w, https:\/\/grontkontor.dk\/wp-content\/uploads\/2021\/02\/genbrug-100x100.jpg 100w\" sizes=\"(max-width: 50px) 100vw, 50px\" \/>\n","protected":false},"excerpt":{"rendered":"<p>Milj\u00f6v\u00e4nlig och rymlig axelv\u00e4ska med flera fack, extra innerficka och praktisk ytterficka med metallsp\u00e4nne. Elegant svart f\u00e4rg, sydda detaljer och justerbar, f\u00f6rst\u00e4rkt l\u00e5ng rem &nbsp;<\/p>\n","protected":false},"featured_media":116296,"comment_status":"closed","ping_status":"closed","template":"","meta":{"_acf_changed":false},"product_cat":[1362,2107,867,2394,3143],"product_tag":[1374,1363,4498,1366,4499],"class_list":{"0":"post-116288","1":"product","2":"type-product","3":"status-publish","4":"has-post-thumbnail","6":"product_cat-tygpaasar","7":"product_cat-dummy-moq-1-sv","8":"product_cat-miljovaenliga-foretagspresenter","9":"product_cat-nyheter","10":"product_cat-sport-och-fritid","11":"product_tag-bomuldspose-sv","12":"product_tag-baerepose-sv","13":"product_tag-strand-vaeska","14":"product_tag-mulepose-sv","15":"product_tag-aatervunnen-bomull","16":"tm-has-options","18":"first","19":"instock","20":"taxable","21":"shipping-taxable","22":"purchasable","23":"product-type-simple"},"acf":[],"yoast_head":"<!-- This site is optimized with the Yoast SEO Premium plugin v21.2 (Yoast SEO v21.2) - https:\/\/yoast.com\/wordpress\/plugins\/seo\/ -->\n<title>Axelremsv\u00e4ska i \u00e5tervunnen bomull 270 g\/m\u00b2 - Gr\u00f8nt Kontor<\/title>\n<meta name=\"robots\" content=\"index, follow, max-snippet:-1, max-image-preview:large, max-video-preview:-1\" \/>\n<link rel=\"canonical\" href=\"https:\/\/grontkontor.dk\/sv\/shop\/skuldertaske-i-genanvendt-bomuld-270-gsm\/\" \/>\n<meta property=\"og:locale\" content=\"sv_SE\" \/>\n<meta property=\"og:type\" content=\"article\" \/>\n<meta property=\"og:title\" content=\"Axelremsv\u00e4ska i \u00e5tervunnen bomull 270 g\/m\u00b2\" \/>\n<meta property=\"og:description\" content=\"Milj\u00f6v\u00e4nlig och rymlig axelv\u00e4ska med flera fack, extra innerficka och praktisk ytterficka med metallsp\u00e4nne. Elegant svart f\u00e4rg, sydda detaljer och justerbar, f\u00f6rst\u00e4rkt l\u00e5ng rem &nbsp;\" \/>\n<meta property=\"og:url\" content=\"https:\/\/grontkontor.dk\/sv\/shop\/skuldertaske-i-genanvendt-bomuld-270-gsm\/\" \/>\n<meta property=\"og:site_name\" content=\"Gr\u00f8nt Kontor\" \/>\n<meta property=\"article:publisher\" content=\"https:\/\/www.facebook.com\/grontkontor.dk\/\" \/>\n<meta property=\"article:modified_time\" content=\"2025-01-17T12:18:13+00:00\" \/>\n<meta property=\"og:image\" content=\"https:\/\/grontkontor.dk\/wp-content\/uploads\/2024\/09\/Klimavenlig-mulepose-i-fairtrade-bomuld.jpg\" \/>\n\t<meta property=\"og:image:width\" content=\"900\" \/>\n\t<meta property=\"og:image:height\" content=\"639\" \/>\n\t<meta property=\"og:image:type\" content=\"image\/jpeg\" \/>\n<meta name=\"twitter:card\" content=\"summary_large_image\" \/>\n<meta name=\"twitter:label1\" content=\"Ber\u00e4knad l\u00e4stid\" \/>\n\t<meta name=\"twitter:data1\" content=\"1 minut\" \/>\n<script type=\"application\/ld+json\" class=\"yoast-schema-graph\">{\"@context\":\"https:\/\/schema.org\",\"@graph\":[{\"@type\":\"WebPage\",\"@id\":\"https:\/\/grontkontor.dk\/sv\/shop\/skuldertaske-i-genanvendt-bomuld-270-gsm\/\",\"url\":\"https:\/\/grontkontor.dk\/sv\/shop\/skuldertaske-i-genanvendt-bomuld-270-gsm\/\",\"name\":\"Axelremsv\u00e4ska i \u00e5tervunnen bomull 270 g\/m\u00b2 - Gr\u00f8nt Kontor\",\"isPartOf\":{\"@id\":\"https:\/\/grontkontor.dk\/#website\"},\"datePublished\":\"2024-11-06T07:48:09+00:00\",\"dateModified\":\"2025-01-17T12:18:13+00:00\",\"breadcrumb\":{\"@id\":\"https:\/\/grontkontor.dk\/sv\/shop\/skuldertaske-i-genanvendt-bomuld-270-gsm\/#breadcrumb\"},\"inLanguage\":\"sv-SE\",\"potentialAction\":[{\"@type\":\"ReadAction\",\"target\":[\"https:\/\/grontkontor.dk\/sv\/shop\/skuldertaske-i-genanvendt-bomuld-270-gsm\/\"]}]},{\"@type\":\"BreadcrumbList\",\"@id\":\"https:\/\/grontkontor.dk\/sv\/shop\/skuldertaske-i-genanvendt-bomuld-270-gsm\/#breadcrumb\",\"itemListElement\":[{\"@type\":\"ListItem\",\"position\":1,\"name\":\"Forside\",\"item\":\"https:\/\/grontkontor.dk\/\"},{\"@type\":\"ListItem\",\"position\":2,\"name\":\"Shop\",\"item\":\"https:\/\/grontkontor.dk\/sv\/shop\/\"},{\"@type\":\"ListItem\",\"position\":3,\"name\":\"Poser, tasker og covers\",\"item\":\"https:\/\/grontkontor.dk\/produkt-kategori\/poser-tasker-covers\/\"},{\"@type\":\"ListItem\",\"position\":4,\"name\":\"B\u00e6reposer\",\"item\":\"https:\/\/grontkontor.dk\/produkt-kategori\/poser-tasker-covers\/baereposer\/\"},{\"@type\":\"ListItem\",\"position\":5,\"name\":\"Axelremsv\u00e4ska i \u00e5tervunnen bomull 270 g\/m\u00b2\"}]},{\"@type\":\"WebSite\",\"@id\":\"https:\/\/grontkontor.dk\/#website\",\"url\":\"https:\/\/grontkontor.dk\/\",\"name\":\"Gr\u00f8nt Kontor\",\"description\":\"Milj\u00f8venlige produkter til kontor og erhverv med fokus p\u00e5 b\u00e6redygtighed, design og fair trade.\",\"publisher\":{\"@id\":\"https:\/\/grontkontor.dk\/#organization\"},\"potentialAction\":[{\"@type\":\"SearchAction\",\"target\":{\"@type\":\"EntryPoint\",\"urlTemplate\":\"https:\/\/grontkontor.dk\/?s={search_term_string}\"},\"query-input\":\"required name=search_term_string\"}],\"inLanguage\":\"sv-SE\"},{\"@type\":\"Organization\",\"@id\":\"https:\/\/grontkontor.dk\/#organization\",\"name\":\"Gr\u00f8nt Kontor\",\"url\":\"https:\/\/grontkontor.dk\/\",\"logo\":{\"@type\":\"ImageObject\",\"inLanguage\":\"sv-SE\",\"@id\":\"https:\/\/grontkontor.dk\/#\/schema\/logo\/image\/\",\"url\":\"https:\/\/grontkontor.dk\/wp-content\/uploads\/2014\/02\/Logo_groent_kontor_300x80.png\",\"contentUrl\":\"https:\/\/grontkontor.dk\/wp-content\/uploads\/2014\/02\/Logo_groent_kontor_300x80.png\",\"width\":300,\"height\":80,\"caption\":\"Gr\u00f8nt Kontor\"},\"image\":{\"@id\":\"https:\/\/grontkontor.dk\/#\/schema\/logo\/image\/\"},\"sameAs\":[\"https:\/\/www.facebook.com\/grontkontor.dk\/\"]}]}<\/script>\n<!-- \/ Yoast SEO Premium plugin. -->","yoast_head_json":{"title":"Axelremsv\u00e4ska i \u00e5tervunnen bomull 270 g\/m\u00b2 - Gr\u00f8nt Kontor","robots":{"index":"index","follow":"follow","max-snippet":"max-snippet:-1","max-image-preview":"max-image-preview:large","max-video-preview":"max-video-preview:-1"},"canonical":"https:\/\/grontkontor.dk\/sv\/shop\/skuldertaske-i-genanvendt-bomuld-270-gsm\/","og_locale":"sv_SE","og_type":"article","og_title":"Axelremsv\u00e4ska i \u00e5tervunnen bomull 270 g\/m\u00b2","og_description":"Milj\u00f6v\u00e4nlig och rymlig axelv\u00e4ska med flera fack, extra innerficka och praktisk ytterficka med metallsp\u00e4nne. Elegant svart f\u00e4rg, sydda detaljer och justerbar, f\u00f6rst\u00e4rkt l\u00e5ng rem &nbsp;","og_url":"https:\/\/grontkontor.dk\/sv\/shop\/skuldertaske-i-genanvendt-bomuld-270-gsm\/","og_site_name":"Gr\u00f8nt Kontor","article_publisher":"https:\/\/www.facebook.com\/grontkontor.dk\/","article_modified_time":"2025-01-17T12:18:13+00:00","og_image":[{"width":900,"height":639,"url":"https:\/\/grontkontor.dk\/wp-content\/uploads\/2024\/09\/Klimavenlig-mulepose-i-fairtrade-bomuld.jpg","type":"image\/jpeg"}],"twitter_card":"summary_large_image","twitter_misc":{"Ber\u00e4knad l\u00e4stid":"1 minut"},"schema":{"@context":"https:\/\/schema.org","@graph":[{"@type":"WebPage","@id":"https:\/\/grontkontor.dk\/sv\/shop\/skuldertaske-i-genanvendt-bomuld-270-gsm\/","url":"https:\/\/grontkontor.dk\/sv\/shop\/skuldertaske-i-genanvendt-bomuld-270-gsm\/","name":"Axelremsv\u00e4ska i \u00e5tervunnen bomull 270 g\/m\u00b2 - Gr\u00f8nt Kontor","isPartOf":{"@id":"https:\/\/grontkontor.dk\/#website"},"datePublished":"2024-11-06T07:48:09+00:00","dateModified":"2025-01-17T12:18:13+00:00","breadcrumb":{"@id":"https:\/\/grontkontor.dk\/sv\/shop\/skuldertaske-i-genanvendt-bomuld-270-gsm\/#breadcrumb"},"inLanguage":"sv-SE","potentialAction":[{"@type":"ReadAction","target":["https:\/\/grontkontor.dk\/sv\/shop\/skuldertaske-i-genanvendt-bomuld-270-gsm\/"]}]},{"@type":"BreadcrumbList","@id":"https:\/\/grontkontor.dk\/sv\/shop\/skuldertaske-i-genanvendt-bomuld-270-gsm\/#breadcrumb","itemListElement":[{"@type":"ListItem","position":1,"name":"Forside","item":"https:\/\/grontkontor.dk\/"},{"@type":"ListItem","position":2,"name":"Shop","item":"https:\/\/grontkontor.dk\/sv\/shop\/"},{"@type":"ListItem","position":3,"name":"Poser, tasker og covers","item":"https:\/\/grontkontor.dk\/produkt-kategori\/poser-tasker-covers\/"},{"@type":"ListItem","position":4,"name":"B\u00e6reposer","item":"https:\/\/grontkontor.dk\/produkt-kategori\/poser-tasker-covers\/baereposer\/"},{"@type":"ListItem","position":5,"name":"Axelremsv\u00e4ska i \u00e5tervunnen bomull 270 g\/m\u00b2"}]},{"@type":"WebSite","@id":"https:\/\/grontkontor.dk\/#website","url":"https:\/\/grontkontor.dk\/","name":"Gr\u00f8nt Kontor","description":"Milj\u00f8venlige produkter til kontor og erhverv med fokus p\u00e5 b\u00e6redygtighed, design og fair trade.","publisher":{"@id":"https:\/\/grontkontor.dk\/#organization"},"potentialAction":[{"@type":"SearchAction","target":{"@type":"EntryPoint","urlTemplate":"https:\/\/grontkontor.dk\/?s={search_term_string}"},"query-input":"required name=search_term_string"}],"inLanguage":"sv-SE"},{"@type":"Organization","@id":"https:\/\/grontkontor.dk\/#organization","name":"Gr\u00f8nt Kontor","url":"https:\/\/grontkontor.dk\/","logo":{"@type":"ImageObject","inLanguage":"sv-SE","@id":"https:\/\/grontkontor.dk\/#\/schema\/logo\/image\/","url":"https:\/\/grontkontor.dk\/wp-content\/uploads\/2014\/02\/Logo_groent_kontor_300x80.png","contentUrl":"https:\/\/grontkontor.dk\/wp-content\/uploads\/2014\/02\/Logo_groent_kontor_300x80.png","width":300,"height":80,"caption":"Gr\u00f8nt Kontor"},"image":{"@id":"https:\/\/grontkontor.dk\/#\/schema\/logo\/image\/"},"sameAs":["https:\/\/www.facebook.com\/grontkontor.dk\/"]}]}},"_links":{"self":[{"href":"https:\/\/grontkontor.dk\/sv\/wp-json\/wp\/v2\/product\/116288"}],"collection":[{"href":"https:\/\/grontkontor.dk\/sv\/wp-json\/wp\/v2\/product"}],"about":[{"href":"https:\/\/grontkontor.dk\/sv\/wp-json\/wp\/v2\/types\/product"}],"replies":[{"embeddable":true,"href":"https:\/\/grontkontor.dk\/sv\/wp-json\/wp\/v2\/comments?post=116288"}],"wp:featuredmedia":[{"embeddable":true,"href":"https:\/\/grontkontor.dk\/sv\/wp-json\/wp\/v2\/media\/116296"}],"wp:attachment":[{"href":"https:\/\/grontkontor.dk\/sv\/wp-json\/wp\/v2\/media?parent=116288"}],"wp:term":[{"taxonomy":"product_cat","embeddable":true,"href":"https:\/\/grontkontor.dk\/sv\/wp-json\/wp\/v2\/product_cat?post=116288"},{"taxonomy":"product_tag","embeddable":true,"href":"https:\/\/grontkontor.dk\/sv\/wp-json\/wp\/v2\/product_tag?post=116288"}],"curies":[{"name":"wp","href":"https:\/\/api.w.org\/{rel}","templated":true}]}}