{"id":116478,"date":"2024-11-07T15:40:44","date_gmt":"2024-11-07T14:40:44","guid":{"rendered":"https:\/\/grontkontor.dk\/?post_type=product&#038;p=116478"},"modified":"2024-11-27T09:51:13","modified_gmt":"2024-11-27T08:51:13","slug":"jute-gavepose-fairtrade-xl","status":"publish","type":"product","link":"https:\/\/grontkontor.dk\/sv\/shop\/jute-gavepose-fairtrade-xl\/","title":{"rendered":"Jute Presentp\u00e5se Fairtrade XL"},"content":{"rendered":"<p>Milj\u00f6v\u00e4nlig presentp\u00e5se i jute. Perfekt f\u00f6r att sl\u00e5 in f\u00f6retags- och personalpresenter eller som en utdelning och giveaway p\u00e5 m\u00e4ssor och evenemang.<\/p>\n<p>Jutefibrerna \u00e4r biologiskt nedbrytbara och klimatv\u00e4nliga &#8211; utvunna fr\u00e5n snabbv\u00e4xande corchorus-v\u00e4xter, med snabb regenerering av biomassan. <a class=\"light\" href=\"https:\/\/grontkontor.dk\/produkt\/lille-jute-gavepose-fairtrade\/\">Finns \u00e4ven i sm\u00e5<\/a><span style=\"font-family: Arial, sans-serif;\"><span style=\"font-size: medium;\"> och <a href=\"https:\/\/grontkontor.dk\/shop\/stor-jute-gavepose-fairtrade\/\">medelstora versioner<\/a><\/span><\/span><\/p>\n<p lang=\"da-DK\"><span style=\"font-family: Arial, sans-serif;\"><span style=\"font-size: medium;\">Amfori \u00e4r en internationellt erk\u00e4nd organisation. Amfori-m\u00e4rkning s\u00e4kerst\u00e4ller \u00f6vervakning av produktionen mht milj\u00f6skydd och anv\u00e4ndning av r\u00e4ttvisa arbetsvillkor: Inget barnarbete, rimliga arbetstider och l\u00f6ner och s\u00e4rskilt skydd f\u00f6r utsatta anst\u00e4llda.  Smeta audit s\u00e4krar arbetarnas r\u00e4ttigheter, h\u00e4lsa och s\u00e4kerhet.<\/span><\/span><\/p>\n<p><span style=\"font-family: Arial, sans-serif;\"><span style=\"font-size: medium;\"><a href=\"https:\/\/en.wikipedia.org\/wiki\/Blue_Angel_(certification)\" rel=\"noopener\" target=\"_blank\"><img loading=\"lazy\" decoding=\"async\" class=\"size-full wp-image-12701\" src=\"https:\/\/grontkontor.dk\/wp-content\/uploads\/2023\/09\/amfori-logo.jpg\" width=\"202\" height=\"62\" border=0 \/><\/a> <a href=\"https:\/\/www.sedex.com\/our-services\/smeta-audit\/\"><img loading=\"lazy\" decoding=\"async\" class=\"size-full wp-image-25180\" src=\"https:\/\/grontkontor.dk\/wp-content\/uploads\/2021\/06\/smeta-audit-certificeret.jpg\" alt=\"SMETA-Audit certificeret for social ansvarlighed\" width=\"62\" height=\"62\" srcset=\"https:\/\/grontkontor.dk\/wp-content\/uploads\/2021\/06\/smeta-audit-certificeret.jpg 200w, https:\/\/grontkontor.dk\/wp-content\/uploads\/2021\/06\/smeta-audit-certificeret-100x100.jpg 100w\" sizes=\"(max-width: 62px) 100vw, 62px\" \/><\/a><\/span><\/span><\/p>\n<p>&nbsp;<\/p>\n","protected":false},"excerpt":{"rendered":"<p>Milj\u00f6v\u00e4nlig presentp\u00e5se i jute. Perfekt f\u00f6r att sl\u00e5 in f\u00f6retags- och personalpresenter eller som en utdelning och giveaway p\u00e5 m\u00e4ssor och evenemang. Jutefibrerna \u00e4r biologiskt nedbrytbara och klimatv\u00e4nliga &#8211; utvunna fr\u00e5n snabbv\u00e4xande corchorus-v\u00e4xter, med snabb regenerering av biomassan. Finns \u00e4ven i sm\u00e5 och medelstora versioner &nbsp;<\/p>\n","protected":false},"featured_media":116495,"comment_status":"closed","ping_status":"closed","template":"","meta":{"_acf_changed":false},"product_cat":[4451,4448,2107,2394,675],"product_tag":[2554,2555],"class_list":{"0":"post-116478","1":"product","2":"type-product","3":"status-publish","4":"has-post-thumbnail","6":"product_cat-papperspaasar","7":"product_cat-presentpaasar-och-presentfoerpackningar","8":"product_cat-dummy-moq-1-sv","9":"product_cat-nyheter","10":"product_cat-vaeskor-och-fodral","11":"product_tag-emballage-sv","12":"product_tag-gavepose-sv","13":"tm-has-options","15":"first","16":"instock","17":"taxable","18":"shipping-taxable","19":"purchasable","20":"product-type-simple"},"acf":[],"yoast_head":"<!-- This site is optimized with the Yoast SEO Premium plugin v21.2 (Yoast SEO v21.2) - https:\/\/yoast.com\/wordpress\/plugins\/seo\/ -->\n<title>Jute Presentp\u00e5se Fairtrade XL - Gr\u00f8nt Kontor<\/title>\n<meta name=\"robots\" content=\"index, follow, max-snippet:-1, max-image-preview:large, max-video-preview:-1\" \/>\n<link rel=\"canonical\" href=\"https:\/\/grontkontor.dk\/sv\/shop\/jute-gavepose-fairtrade-xl\/\" \/>\n<meta property=\"og:locale\" content=\"sv_SE\" \/>\n<meta property=\"og:type\" content=\"article\" \/>\n<meta property=\"og:title\" content=\"Jute Presentp\u00e5se Fairtrade XL\" \/>\n<meta property=\"og:description\" content=\"Milj\u00f6v\u00e4nlig presentp\u00e5se i jute. Perfekt f\u00f6r att sl\u00e5 in f\u00f6retags- och personalpresenter eller som en utdelning och giveaway p\u00e5 m\u00e4ssor och evenemang. Jutefibrerna \u00e4r biologiskt nedbrytbara och klimatv\u00e4nliga &#8211; utvunna fr\u00e5n snabbv\u00e4xande corchorus-v\u00e4xter, med snabb regenerering av biomassan. Finns \u00e4ven i sm\u00e5 och medelstora versioner &nbsp;\" \/>\n<meta property=\"og:url\" content=\"https:\/\/grontkontor.dk\/sv\/shop\/jute-gavepose-fairtrade-xl\/\" \/>\n<meta property=\"og:site_name\" content=\"Gr\u00f8nt Kontor\" \/>\n<meta property=\"article:publisher\" content=\"https:\/\/www.facebook.com\/grontkontor.dk\/\" \/>\n<meta property=\"article:modified_time\" content=\"2024-11-27T08:51:13+00:00\" \/>\n<meta property=\"og:image\" content=\"https:\/\/grontkontor.dk\/wp-content\/uploads\/2023\/09\/Miljoevenlig-gavepose-i-jute-large.jpg\" \/>\n\t<meta property=\"og:image:width\" content=\"900\" \/>\n\t<meta property=\"og:image:height\" content=\"639\" \/>\n\t<meta property=\"og:image:type\" content=\"image\/jpeg\" \/>\n<meta name=\"twitter:card\" content=\"summary_large_image\" \/>\n<script type=\"application\/ld+json\" class=\"yoast-schema-graph\">{\"@context\":\"https:\/\/schema.org\",\"@graph\":[{\"@type\":\"WebPage\",\"@id\":\"https:\/\/grontkontor.dk\/sv\/shop\/jute-gavepose-fairtrade-xl\/\",\"url\":\"https:\/\/grontkontor.dk\/sv\/shop\/jute-gavepose-fairtrade-xl\/\",\"name\":\"Jute Presentp\u00e5se Fairtrade XL - Gr\u00f8nt Kontor\",\"isPartOf\":{\"@id\":\"https:\/\/grontkontor.dk\/#website\"},\"datePublished\":\"2024-11-07T14:40:44+00:00\",\"dateModified\":\"2024-11-27T08:51:13+00:00\",\"breadcrumb\":{\"@id\":\"https:\/\/grontkontor.dk\/sv\/shop\/jute-gavepose-fairtrade-xl\/#breadcrumb\"},\"inLanguage\":\"sv-SE\",\"potentialAction\":[{\"@type\":\"ReadAction\",\"target\":[\"https:\/\/grontkontor.dk\/sv\/shop\/jute-gavepose-fairtrade-xl\/\"]}]},{\"@type\":\"BreadcrumbList\",\"@id\":\"https:\/\/grontkontor.dk\/sv\/shop\/jute-gavepose-fairtrade-xl\/#breadcrumb\",\"itemListElement\":[{\"@type\":\"ListItem\",\"position\":1,\"name\":\"Forside\",\"item\":\"https:\/\/grontkontor.dk\/\"},{\"@type\":\"ListItem\",\"position\":2,\"name\":\"Shop\",\"item\":\"https:\/\/grontkontor.dk\/sv\/shop\/\"},{\"@type\":\"ListItem\",\"position\":3,\"name\":\"V\u00e4skor, fodral och covers\",\"item\":\"https:\/\/grontkontor.dk\/sv\/produkt-kategori\/vaeskor-och-fodral\/\"},{\"@type\":\"ListItem\",\"position\":4,\"name\":\"Pappersp\u00e5sar\",\"item\":\"https:\/\/grontkontor.dk\/sv\/produkt-kategori\/papperspaasar\/\"},{\"@type\":\"ListItem\",\"position\":5,\"name\":\"Jute Presentp\u00e5se Fairtrade XL\"}]},{\"@type\":\"WebSite\",\"@id\":\"https:\/\/grontkontor.dk\/#website\",\"url\":\"https:\/\/grontkontor.dk\/\",\"name\":\"Gr\u00f8nt Kontor\",\"description\":\"Milj\u00f8venlige produkter til kontor og erhverv med fokus p\u00e5 b\u00e6redygtighed, design og fair trade.\",\"publisher\":{\"@id\":\"https:\/\/grontkontor.dk\/#organization\"},\"potentialAction\":[{\"@type\":\"SearchAction\",\"target\":{\"@type\":\"EntryPoint\",\"urlTemplate\":\"https:\/\/grontkontor.dk\/?s={search_term_string}\"},\"query-input\":\"required name=search_term_string\"}],\"inLanguage\":\"sv-SE\"},{\"@type\":\"Organization\",\"@id\":\"https:\/\/grontkontor.dk\/#organization\",\"name\":\"Gr\u00f8nt Kontor\",\"url\":\"https:\/\/grontkontor.dk\/\",\"logo\":{\"@type\":\"ImageObject\",\"inLanguage\":\"sv-SE\",\"@id\":\"https:\/\/grontkontor.dk\/#\/schema\/logo\/image\/\",\"url\":\"https:\/\/grontkontor.dk\/wp-content\/uploads\/2014\/02\/Logo_groent_kontor_300x80.png\",\"contentUrl\":\"https:\/\/grontkontor.dk\/wp-content\/uploads\/2014\/02\/Logo_groent_kontor_300x80.png\",\"width\":300,\"height\":80,\"caption\":\"Gr\u00f8nt Kontor\"},\"image\":{\"@id\":\"https:\/\/grontkontor.dk\/#\/schema\/logo\/image\/\"},\"sameAs\":[\"https:\/\/www.facebook.com\/grontkontor.dk\/\"]}]}<\/script>\n<!-- \/ Yoast SEO Premium plugin. -->","yoast_head_json":{"title":"Jute Presentp\u00e5se Fairtrade XL - Gr\u00f8nt Kontor","robots":{"index":"index","follow":"follow","max-snippet":"max-snippet:-1","max-image-preview":"max-image-preview:large","max-video-preview":"max-video-preview:-1"},"canonical":"https:\/\/grontkontor.dk\/sv\/shop\/jute-gavepose-fairtrade-xl\/","og_locale":"sv_SE","og_type":"article","og_title":"Jute Presentp\u00e5se Fairtrade XL","og_description":"Milj\u00f6v\u00e4nlig presentp\u00e5se i jute. Perfekt f\u00f6r att sl\u00e5 in f\u00f6retags- och personalpresenter eller som en utdelning och giveaway p\u00e5 m\u00e4ssor och evenemang. Jutefibrerna \u00e4r biologiskt nedbrytbara och klimatv\u00e4nliga &#8211; utvunna fr\u00e5n snabbv\u00e4xande corchorus-v\u00e4xter, med snabb regenerering av biomassan. Finns \u00e4ven i sm\u00e5 och medelstora versioner &nbsp;","og_url":"https:\/\/grontkontor.dk\/sv\/shop\/jute-gavepose-fairtrade-xl\/","og_site_name":"Gr\u00f8nt Kontor","article_publisher":"https:\/\/www.facebook.com\/grontkontor.dk\/","article_modified_time":"2024-11-27T08:51:13+00:00","og_image":[{"width":900,"height":639,"url":"https:\/\/grontkontor.dk\/wp-content\/uploads\/2023\/09\/Miljoevenlig-gavepose-i-jute-large.jpg","type":"image\/jpeg"}],"twitter_card":"summary_large_image","schema":{"@context":"https:\/\/schema.org","@graph":[{"@type":"WebPage","@id":"https:\/\/grontkontor.dk\/sv\/shop\/jute-gavepose-fairtrade-xl\/","url":"https:\/\/grontkontor.dk\/sv\/shop\/jute-gavepose-fairtrade-xl\/","name":"Jute Presentp\u00e5se Fairtrade XL - Gr\u00f8nt Kontor","isPartOf":{"@id":"https:\/\/grontkontor.dk\/#website"},"datePublished":"2024-11-07T14:40:44+00:00","dateModified":"2024-11-27T08:51:13+00:00","breadcrumb":{"@id":"https:\/\/grontkontor.dk\/sv\/shop\/jute-gavepose-fairtrade-xl\/#breadcrumb"},"inLanguage":"sv-SE","potentialAction":[{"@type":"ReadAction","target":["https:\/\/grontkontor.dk\/sv\/shop\/jute-gavepose-fairtrade-xl\/"]}]},{"@type":"BreadcrumbList","@id":"https:\/\/grontkontor.dk\/sv\/shop\/jute-gavepose-fairtrade-xl\/#breadcrumb","itemListElement":[{"@type":"ListItem","position":1,"name":"Forside","item":"https:\/\/grontkontor.dk\/"},{"@type":"ListItem","position":2,"name":"Shop","item":"https:\/\/grontkontor.dk\/sv\/shop\/"},{"@type":"ListItem","position":3,"name":"V\u00e4skor, fodral och covers","item":"https:\/\/grontkontor.dk\/sv\/produkt-kategori\/vaeskor-och-fodral\/"},{"@type":"ListItem","position":4,"name":"Pappersp\u00e5sar","item":"https:\/\/grontkontor.dk\/sv\/produkt-kategori\/papperspaasar\/"},{"@type":"ListItem","position":5,"name":"Jute Presentp\u00e5se Fairtrade XL"}]},{"@type":"WebSite","@id":"https:\/\/grontkontor.dk\/#website","url":"https:\/\/grontkontor.dk\/","name":"Gr\u00f8nt Kontor","description":"Milj\u00f8venlige produkter til kontor og erhverv med fokus p\u00e5 b\u00e6redygtighed, design og fair trade.","publisher":{"@id":"https:\/\/grontkontor.dk\/#organization"},"potentialAction":[{"@type":"SearchAction","target":{"@type":"EntryPoint","urlTemplate":"https:\/\/grontkontor.dk\/?s={search_term_string}"},"query-input":"required name=search_term_string"}],"inLanguage":"sv-SE"},{"@type":"Organization","@id":"https:\/\/grontkontor.dk\/#organization","name":"Gr\u00f8nt Kontor","url":"https:\/\/grontkontor.dk\/","logo":{"@type":"ImageObject","inLanguage":"sv-SE","@id":"https:\/\/grontkontor.dk\/#\/schema\/logo\/image\/","url":"https:\/\/grontkontor.dk\/wp-content\/uploads\/2014\/02\/Logo_groent_kontor_300x80.png","contentUrl":"https:\/\/grontkontor.dk\/wp-content\/uploads\/2014\/02\/Logo_groent_kontor_300x80.png","width":300,"height":80,"caption":"Gr\u00f8nt Kontor"},"image":{"@id":"https:\/\/grontkontor.dk\/#\/schema\/logo\/image\/"},"sameAs":["https:\/\/www.facebook.com\/grontkontor.dk\/"]}]}},"_links":{"self":[{"href":"https:\/\/grontkontor.dk\/sv\/wp-json\/wp\/v2\/product\/116478"}],"collection":[{"href":"https:\/\/grontkontor.dk\/sv\/wp-json\/wp\/v2\/product"}],"about":[{"href":"https:\/\/grontkontor.dk\/sv\/wp-json\/wp\/v2\/types\/product"}],"replies":[{"embeddable":true,"href":"https:\/\/grontkontor.dk\/sv\/wp-json\/wp\/v2\/comments?post=116478"}],"wp:featuredmedia":[{"embeddable":true,"href":"https:\/\/grontkontor.dk\/sv\/wp-json\/wp\/v2\/media\/116495"}],"wp:attachment":[{"href":"https:\/\/grontkontor.dk\/sv\/wp-json\/wp\/v2\/media?parent=116478"}],"wp:term":[{"taxonomy":"product_cat","embeddable":true,"href":"https:\/\/grontkontor.dk\/sv\/wp-json\/wp\/v2\/product_cat?post=116478"},{"taxonomy":"product_tag","embeddable":true,"href":"https:\/\/grontkontor.dk\/sv\/wp-json\/wp\/v2\/product_tag?post=116478"}],"curies":[{"name":"wp","href":"https:\/\/api.w.org\/{rel}","templated":true}]}}