{"id":116797,"date":"2025-04-09T09:40:27","date_gmt":"2024-11-19T08:40:30","guid":{"rendered":"https:\/\/grontkontor.dk\/?post_type=product&#038;p=116797"},"modified":"2025-11-06T11:41:14","modified_gmt":"2025-11-06T10:41:14","slug":"sweatshirt-oekologisk-bomuld-og-rpet","status":"publish","type":"product","link":"https:\/\/grontkontor.dk\/sv\/shop\/sweatshirt-oekologisk-bomuld-og-rpet\/","title":{"rendered":"Sweatshirt i ekologisk bomull och rpet utan tryck"},"content":{"rendered":"<p>En klimatsmart sweatshirt \u00e4r ett sj\u00e4lvklart val f\u00f6r f\u00f6retag som vill kombinera komfort, kvalitet och omtanke om milj\u00f6n. Denna modell \u00e4r tillverkad av ekologisk bomull och rPET, som \u00e4r \u00e5tervunnen plast fr\u00e5n anv\u00e4nda flaskor. Resultatet \u00e4r en milj\u00f6v\u00e4nlig sweatshirt med ett klassiskt snitt som \u00e4r perfekt f\u00f6r b\u00e5de arbete, fritid och evenemang.<br \/>\nSweatshirten har en vikt p\u00e5 280 gsm, vilket ger en mjuk men \u00e4nd\u00e5 robust kvalitet som h\u00e5ller f\u00f6r daglig anv\u00e4ndning. Den finns i storlekarna XS till XXXL och kan levereras med logotyptryck i upp till fyra f\u00e4rger beroende p\u00e5 tryckmetod. Dessutom kan den \u00e4ven broderas, vilket ger ett extra exklusivt utseende. Best\u00e4llningen b\u00f6rjar fr\u00e5n bara 15 stycken, och du \u00e4r fri att blanda storlekar s\u00e5 att alla anst\u00e4llda f\u00e5r den perfekta passformen.     <\/p>\n<p>Som en g\u00e5va till f\u00f6retag och anst\u00e4llda \u00e4r denna klimatv\u00e4nliga tr\u00f6ja ett sj\u00e4lvklart alternativ till traditionella reklamartiklar. Den kan enkelt ing\u00e5 i en kollektion av profilkl\u00e4der tillsammans med en tr\u00f6ja eller T-shirt, s\u00e5 att f\u00f6retaget framst\u00e5r som enhetligt och professionellt. <\/p>\n<p>N\u00e4r du v\u00e4ljer sweatshirts och hoodies i ekologiska och \u00e5tervunna material skickar du en tydlig signal om ansvar och omtanke. Den h\u00e4r milj\u00f6v\u00e4nliga sweatshirten f\u00f6renar stil, funktionalitet och klimatv\u00e4nliga v\u00e4rden \u2013 och kommer snabbt att bli en favorit i garderoben.<br \/>\nBomull \u00e4r en biologiskt nedbrytbar, komposterbar naturprodukt och en av v\u00e4rldens \u00e4ldsta handels- och jordbruksprodukter. Ekologisk bomull odlas med icke genmanipulerat uts\u00e4de och utan anv\u00e4ndning av pesticider och andra skadliga kemikalier.  rPET (recycled polyethylen) l\u00e4mpar sig f\u00f6r livsmedel, \u00e4r klimatv\u00e4nligt och \u00e5teranva\u00e4ndbar plast \u00e4r ofta tillverkad av \u00e5teranv\u00e4nda plastflaskor. rPET har ett h\u00f6gt inneh\u00e5ll av kol och \u00e4r d\u00e4rf\u00f6r en effektiv koldepot i produktens och i den \u00e5tervunna produktens livstid. <\/p>\nGOTS certificeringen \u00e4r en garanti f\u00f6r, att dina kl\u00e4der \u00e4r producerade ekologiskt och milj\u00f6m\u00e4ssigt korrekt under ordentgliga l\u00f6n- och arbetsf\u00f6rh\u00e5llanden. \n<p>&nbsp;<\/p>\n<a href=\"https:\/\/www.eco-branding.dk\/miljoemaerkning\/gots.aspx\" rel=\"noopener\" target=\"_blank\"><img loading=\"lazy\" decoding=\"async\" class=\"size-full wp-image-12808\" src=\"https:\/\/grontkontor.dk\/wp-content\/uploads\/2019\/04\/gots-certificeret.jpg\" \n   alt=\"Gots certificeret - din garanti for, at produktet indeholder mindst 70% ?kologisk bomuld\"  description=\"Gots certificeret - din garanti for, at produktet indeholder mindst 70% ?kologisk bomuld\" width=\"50\" height=\"50\" \n\t border=0 \/><\/a>\n","protected":false},"excerpt":{"rendered":"<p>En klimatsmart sweatshirt \u00e4r ett sj\u00e4lvklart val f\u00f6r f\u00f6retag som vill kombinera komfort, kvalitet och omtanke om milj\u00f6n. Denna modell \u00e4r tillverkad av ekologisk bomull och rPET, som \u00e4r \u00e5tervunnen plast fr\u00e5n anv\u00e4nda flaskor. Resultatet \u00e4r en milj\u00f6v\u00e4nlig sweatshirt med ett klassiskt snitt som \u00e4r perfekt f\u00f6r b\u00e5de arbete, fritid och evenemang. Sweatshirten har en [&hellip;]<\/p>\n","protected":false},"featured_media":116827,"comment_status":"closed","ping_status":"closed","template":"","meta":{"_acf_changed":false},"product_cat":[4841,2450,867,2394],"product_tag":[4602,4601],"class_list":{"0":"post-116797","1":"product","2":"type-product","3":"status-publish","4":"has-post-thumbnail","6":"product_cat-t-shirts-sweatshirts-och-piketroejor","7":"product_cat-dummy-moq-10-50-sv","8":"product_cat-miljovaenliga-foretagspresenter","9":"product_cat-nyheter","10":"product_tag-munktroeja","11":"product_tag-sweatshirt-sv","12":"pa_farve-moerkblaa","13":"pa_farve-moerkgraa","14":"pa_farve-blaa-sv","15":"pa_farve-graa-sv","16":"pa_farve-groen-sv","17":"pa_farve-roed-sv","18":"pa_farve-sort-sv","19":"pa_farve-hvid-sv","20":"tm-has-styled-variations","21":"tm-has-options","23":"first","24":"instock","25":"taxable","26":"shipping-taxable","27":"purchasable","28":"product-type-simple"},"acf":[],"yoast_head":"<!-- This site is optimized with the Yoast SEO Premium plugin v21.2 (Yoast SEO v21.2) - https:\/\/yoast.com\/wordpress\/plugins\/seo\/ -->\n<title>Sweatshirt i ekologisk bomull och rpet utan tryck - Gr\u00f8nt Kontor<\/title>\n<meta name=\"description\" content=\"Klimatsmart sweatshirt i 60% ekologisk bomull och 40% rPET. Milj\u00f6v\u00e4nlig f\u00f6retagsg\u00e5va i m\u00e5nga f\u00e4rger och storlekar. Finns med logotryck eller brodyr.\" \/>\n<meta name=\"robots\" content=\"index, follow, max-snippet:-1, max-image-preview:large, max-video-preview:-1\" \/>\n<link rel=\"canonical\" href=\"https:\/\/grontkontor.dk\/sv\/shop\/sweatshirt-oekologisk-bomuld-og-rpet\/\" \/>\n<meta property=\"og:locale\" content=\"sv_SE\" \/>\n<meta property=\"og:type\" content=\"article\" \/>\n<meta property=\"og:title\" content=\"Sweatshirt i ekologisk bomull och rpet utan tryck\" \/>\n<meta property=\"og:description\" content=\"Klimatsmart sweatshirt i 60% ekologisk bomull och 40% rPET. Milj\u00f6v\u00e4nlig f\u00f6retagsg\u00e5va i m\u00e5nga f\u00e4rger och storlekar. Finns med logotryck eller brodyr.\" \/>\n<meta property=\"og:url\" content=\"https:\/\/grontkontor.dk\/sv\/shop\/sweatshirt-oekologisk-bomuld-og-rpet\/\" \/>\n<meta property=\"og:site_name\" content=\"Gr\u00f8nt Kontor\" \/>\n<meta property=\"article:publisher\" content=\"https:\/\/www.facebook.com\/grontkontor.dk\/\" \/>\n<meta property=\"article:modified_time\" content=\"2025-11-06T10:41:14+00:00\" \/>\n<meta property=\"og:image\" content=\"https:\/\/grontkontor.dk\/wp-content\/uploads\/2024\/11\/Klimavenlig-sweatshirt-i-oekologisk-bomuld-og-rpet-collage-2.jpg\" \/>\n\t<meta property=\"og:image:width\" content=\"900\" \/>\n\t<meta property=\"og:image:height\" content=\"639\" \/>\n\t<meta property=\"og:image:type\" content=\"image\/jpeg\" \/>\n<meta name=\"twitter:card\" content=\"summary_large_image\" \/>\n<meta name=\"twitter:label1\" content=\"Ber\u00e4knad l\u00e4stid\" \/>\n\t<meta name=\"twitter:data1\" content=\"1 minut\" \/>\n<script type=\"application\/ld+json\" class=\"yoast-schema-graph\">{\"@context\":\"https:\/\/schema.org\",\"@graph\":[{\"@type\":\"WebPage\",\"@id\":\"https:\/\/grontkontor.dk\/sv\/shop\/sweatshirt-oekologisk-bomuld-og-rpet\/\",\"url\":\"https:\/\/grontkontor.dk\/sv\/shop\/sweatshirt-oekologisk-bomuld-og-rpet\/\",\"name\":\"Sweatshirt i ekologisk bomull och rpet utan tryck - Gr\u00f8nt Kontor\",\"isPartOf\":{\"@id\":\"https:\/\/grontkontor.dk\/#website\"},\"datePublished\":\"2024-11-19T08:40:30+00:00\",\"dateModified\":\"2025-11-06T10:41:14+00:00\",\"description\":\"Klimatsmart sweatshirt i 60% ekologisk bomull och 40% rPET. Milj\u00f6v\u00e4nlig f\u00f6retagsg\u00e5va i m\u00e5nga f\u00e4rger och storlekar. Finns med logotryck eller brodyr.\",\"breadcrumb\":{\"@id\":\"https:\/\/grontkontor.dk\/sv\/shop\/sweatshirt-oekologisk-bomuld-og-rpet\/#breadcrumb\"},\"inLanguage\":\"sv-SE\",\"potentialAction\":[{\"@type\":\"ReadAction\",\"target\":[\"https:\/\/grontkontor.dk\/sv\/shop\/sweatshirt-oekologisk-bomuld-og-rpet\/\"]}]},{\"@type\":\"BreadcrumbList\",\"@id\":\"https:\/\/grontkontor.dk\/sv\/shop\/sweatshirt-oekologisk-bomuld-og-rpet\/#breadcrumb\",\"itemListElement\":[{\"@type\":\"ListItem\",\"position\":1,\"name\":\"Forside\",\"item\":\"https:\/\/grontkontor.dk\/\"},{\"@type\":\"ListItem\",\"position\":2,\"name\":\"Shop\",\"item\":\"https:\/\/grontkontor.dk\/sv\/shop\/\"},{\"@type\":\"ListItem\",\"position\":3,\"name\":\"Kl\u00e4der\",\"item\":\"https:\/\/grontkontor.dk\/sv\/produkt-kategori\/beklaedning-sv\/\"},{\"@type\":\"ListItem\",\"position\":4,\"name\":\"T-shirts, sweatshirts och pik\u00e9tr\u00f6jor\",\"item\":\"https:\/\/grontkontor.dk\/sv\/produkt-kategori\/beklaedning-sv\/t-shirts-sweatshirts-och-piketroejor\/\"},{\"@type\":\"ListItem\",\"position\":5,\"name\":\"Sweatshirt i ekologisk bomull och rpet utan tryck\"}]},{\"@type\":\"WebSite\",\"@id\":\"https:\/\/grontkontor.dk\/#website\",\"url\":\"https:\/\/grontkontor.dk\/\",\"name\":\"Gr\u00f8nt Kontor\",\"description\":\"Milj\u00f8venlige produkter til kontor og erhverv med fokus p\u00e5 b\u00e6redygtighed, design og fair trade.\",\"publisher\":{\"@id\":\"https:\/\/grontkontor.dk\/#organization\"},\"potentialAction\":[{\"@type\":\"SearchAction\",\"target\":{\"@type\":\"EntryPoint\",\"urlTemplate\":\"https:\/\/grontkontor.dk\/?s={search_term_string}\"},\"query-input\":\"required name=search_term_string\"}],\"inLanguage\":\"sv-SE\"},{\"@type\":\"Organization\",\"@id\":\"https:\/\/grontkontor.dk\/#organization\",\"name\":\"Gr\u00f8nt Kontor\",\"url\":\"https:\/\/grontkontor.dk\/\",\"logo\":{\"@type\":\"ImageObject\",\"inLanguage\":\"sv-SE\",\"@id\":\"https:\/\/grontkontor.dk\/#\/schema\/logo\/image\/\",\"url\":\"https:\/\/grontkontor.dk\/wp-content\/uploads\/2014\/02\/Logo_groent_kontor_300x80.png\",\"contentUrl\":\"https:\/\/grontkontor.dk\/wp-content\/uploads\/2014\/02\/Logo_groent_kontor_300x80.png\",\"width\":300,\"height\":80,\"caption\":\"Gr\u00f8nt Kontor\"},\"image\":{\"@id\":\"https:\/\/grontkontor.dk\/#\/schema\/logo\/image\/\"},\"sameAs\":[\"https:\/\/www.facebook.com\/grontkontor.dk\/\"]}]}<\/script>\n<!-- \/ Yoast SEO Premium plugin. -->","yoast_head_json":{"title":"Sweatshirt i ekologisk bomull och rpet utan tryck - Gr\u00f8nt Kontor","description":"Klimatsmart sweatshirt i 60% ekologisk bomull och 40% rPET. Milj\u00f6v\u00e4nlig f\u00f6retagsg\u00e5va i m\u00e5nga f\u00e4rger och storlekar. Finns med logotryck eller brodyr.","robots":{"index":"index","follow":"follow","max-snippet":"max-snippet:-1","max-image-preview":"max-image-preview:large","max-video-preview":"max-video-preview:-1"},"canonical":"https:\/\/grontkontor.dk\/sv\/shop\/sweatshirt-oekologisk-bomuld-og-rpet\/","og_locale":"sv_SE","og_type":"article","og_title":"Sweatshirt i ekologisk bomull och rpet utan tryck","og_description":"Klimatsmart sweatshirt i 60% ekologisk bomull och 40% rPET. Milj\u00f6v\u00e4nlig f\u00f6retagsg\u00e5va i m\u00e5nga f\u00e4rger och storlekar. Finns med logotryck eller brodyr.","og_url":"https:\/\/grontkontor.dk\/sv\/shop\/sweatshirt-oekologisk-bomuld-og-rpet\/","og_site_name":"Gr\u00f8nt Kontor","article_publisher":"https:\/\/www.facebook.com\/grontkontor.dk\/","article_modified_time":"2025-11-06T10:41:14+00:00","og_image":[{"width":900,"height":639,"url":"https:\/\/grontkontor.dk\/wp-content\/uploads\/2024\/11\/Klimavenlig-sweatshirt-i-oekologisk-bomuld-og-rpet-collage-2.jpg","type":"image\/jpeg"}],"twitter_card":"summary_large_image","twitter_misc":{"Ber\u00e4knad l\u00e4stid":"1 minut"},"schema":{"@context":"https:\/\/schema.org","@graph":[{"@type":"WebPage","@id":"https:\/\/grontkontor.dk\/sv\/shop\/sweatshirt-oekologisk-bomuld-og-rpet\/","url":"https:\/\/grontkontor.dk\/sv\/shop\/sweatshirt-oekologisk-bomuld-og-rpet\/","name":"Sweatshirt i ekologisk bomull och rpet utan tryck - Gr\u00f8nt Kontor","isPartOf":{"@id":"https:\/\/grontkontor.dk\/#website"},"datePublished":"2024-11-19T08:40:30+00:00","dateModified":"2025-11-06T10:41:14+00:00","description":"Klimatsmart sweatshirt i 60% ekologisk bomull och 40% rPET. Milj\u00f6v\u00e4nlig f\u00f6retagsg\u00e5va i m\u00e5nga f\u00e4rger och storlekar. Finns med logotryck eller brodyr.","breadcrumb":{"@id":"https:\/\/grontkontor.dk\/sv\/shop\/sweatshirt-oekologisk-bomuld-og-rpet\/#breadcrumb"},"inLanguage":"sv-SE","potentialAction":[{"@type":"ReadAction","target":["https:\/\/grontkontor.dk\/sv\/shop\/sweatshirt-oekologisk-bomuld-og-rpet\/"]}]},{"@type":"BreadcrumbList","@id":"https:\/\/grontkontor.dk\/sv\/shop\/sweatshirt-oekologisk-bomuld-og-rpet\/#breadcrumb","itemListElement":[{"@type":"ListItem","position":1,"name":"Forside","item":"https:\/\/grontkontor.dk\/"},{"@type":"ListItem","position":2,"name":"Shop","item":"https:\/\/grontkontor.dk\/sv\/shop\/"},{"@type":"ListItem","position":3,"name":"Kl\u00e4der","item":"https:\/\/grontkontor.dk\/sv\/produkt-kategori\/beklaedning-sv\/"},{"@type":"ListItem","position":4,"name":"T-shirts, sweatshirts och pik\u00e9tr\u00f6jor","item":"https:\/\/grontkontor.dk\/sv\/produkt-kategori\/beklaedning-sv\/t-shirts-sweatshirts-och-piketroejor\/"},{"@type":"ListItem","position":5,"name":"Sweatshirt i ekologisk bomull och rpet utan tryck"}]},{"@type":"WebSite","@id":"https:\/\/grontkontor.dk\/#website","url":"https:\/\/grontkontor.dk\/","name":"Gr\u00f8nt Kontor","description":"Milj\u00f8venlige produkter til kontor og erhverv med fokus p\u00e5 b\u00e6redygtighed, design og fair trade.","publisher":{"@id":"https:\/\/grontkontor.dk\/#organization"},"potentialAction":[{"@type":"SearchAction","target":{"@type":"EntryPoint","urlTemplate":"https:\/\/grontkontor.dk\/?s={search_term_string}"},"query-input":"required name=search_term_string"}],"inLanguage":"sv-SE"},{"@type":"Organization","@id":"https:\/\/grontkontor.dk\/#organization","name":"Gr\u00f8nt Kontor","url":"https:\/\/grontkontor.dk\/","logo":{"@type":"ImageObject","inLanguage":"sv-SE","@id":"https:\/\/grontkontor.dk\/#\/schema\/logo\/image\/","url":"https:\/\/grontkontor.dk\/wp-content\/uploads\/2014\/02\/Logo_groent_kontor_300x80.png","contentUrl":"https:\/\/grontkontor.dk\/wp-content\/uploads\/2014\/02\/Logo_groent_kontor_300x80.png","width":300,"height":80,"caption":"Gr\u00f8nt Kontor"},"image":{"@id":"https:\/\/grontkontor.dk\/#\/schema\/logo\/image\/"},"sameAs":["https:\/\/www.facebook.com\/grontkontor.dk\/"]}]}},"_links":{"self":[{"href":"https:\/\/grontkontor.dk\/sv\/wp-json\/wp\/v2\/product\/116797"}],"collection":[{"href":"https:\/\/grontkontor.dk\/sv\/wp-json\/wp\/v2\/product"}],"about":[{"href":"https:\/\/grontkontor.dk\/sv\/wp-json\/wp\/v2\/types\/product"}],"replies":[{"embeddable":true,"href":"https:\/\/grontkontor.dk\/sv\/wp-json\/wp\/v2\/comments?post=116797"}],"wp:featuredmedia":[{"embeddable":true,"href":"https:\/\/grontkontor.dk\/sv\/wp-json\/wp\/v2\/media\/116827"}],"wp:attachment":[{"href":"https:\/\/grontkontor.dk\/sv\/wp-json\/wp\/v2\/media?parent=116797"}],"wp:term":[{"taxonomy":"product_cat","embeddable":true,"href":"https:\/\/grontkontor.dk\/sv\/wp-json\/wp\/v2\/product_cat?post=116797"},{"taxonomy":"product_tag","embeddable":true,"href":"https:\/\/grontkontor.dk\/sv\/wp-json\/wp\/v2\/product_tag?post=116797"}],"curies":[{"name":"wp","href":"https:\/\/api.w.org\/{rel}","templated":true}]}}