{"id":116894,"date":"2025-04-03T14:40:28","date_gmt":"2024-11-19T13:40:31","guid":{"rendered":"https:\/\/grontkontor.dk\/?post_type=product&#038;p=116894"},"modified":"2025-11-06T11:41:14","modified_gmt":"2025-11-06T10:41:14","slug":"sweatshirt-oekologisk-bomuld-og-rpet-hvid","status":"publish","type":"product","link":"https:\/\/grontkontor.dk\/sv\/shop\/sweatshirt-oekologisk-bomuld-og-rpet-hvid\/","title":{"rendered":"Sweatshirt i ekologisk bomull och rpet &#8211; vit"},"content":{"rendered":"<p>En vit klimatsmart sweatshirt \u00e4r ett snyggt val f\u00f6r b\u00e5de vardag och arbete. F\u00e4rgen ger en klassisk och fr\u00e4sch look som \u00e4r perfekt f\u00f6r event, m\u00e4ssor eller som en del av profilkl\u00e4derna f\u00f6r anst\u00e4llda. Tr\u00f6jan \u00e4r tillverkad av 60 % ekologisk bomull och 40 % rPET-polyester, vilket g\u00f6r den till en milj\u00f6v\u00e4nlig l\u00f6sning som kombinerar komfort och omtanke.  <\/p>\n<p>Med en kvalitet p\u00e5 280 g\/m\u00b2 \u00e4r den vita tr\u00f6jan b\u00e5de mjuk och slitstark, vilket g\u00f6r den l\u00e4mplig f\u00f6r daglig anv\u00e4ndning. Den finns i storlekarna XS till XXXL, s\u00e5 att alla kan hitta r\u00e4tt passform. Som standard kommer den med m\u00f6jlighet till logotyptryck i upp till fyra f\u00e4rger beroende p\u00e5 tryckmetod, samt brodyr f\u00f6r en mer exklusiv finish.<x id=\"gid_0\"><\/x>Den vita f\u00e4rgen fungerar som en neutral bakgrund som framh\u00e4ver logotypen och budskapen p\u00e5 ett professionellt s\u00e4tt. D\u00e4rf\u00f6r \u00e4r tr\u00f6jan idealisk som reklamartikel, f\u00f6retagsg\u00e5va eller personalskjorta, d\u00e4r varum\u00e4rket spelar en viktig roll.   <\/p>\n<p>Genom att v\u00e4lja en vit sweatshirt i ekologiska och \u00e5tervunna material f\u00e5r du inte bara ett funktionellt plagg, utan ocks\u00e5 en klimatv\u00e4nlig produkt som st\u00f6djer gr\u00f6na v\u00e4rden.<\/p>\n<p>Bomull \u00e4r en biologiskt nedbrytbar, komposterbar naturprodukt och en av v\u00e4rldens \u00e4ldsta handels- och jordbruksprodukter. Ekologisk bomull odlas med icke genmanipulerat uts\u00e4de och utan anv\u00e4ndning av pesticider och andra skadliga kemikalier.  rPET (recycled polyethylen) l\u00e4mpar sig f\u00f6r livsmedel, \u00e4r klimatv\u00e4nligt och \u00e5teranva\u00e4ndbar plast \u00e4r ofta tillverkad av \u00e5teranv\u00e4nda plastflaskor. rPET har ett h\u00f6gt inneh\u00e5ll av kol och \u00e4r d\u00e4rf\u00f6r en effektiv koldepot i produktens och i den \u00e5tervunna produktens livstid. <\/p>\nGOTS certificeringen \u00e4r en garanti f\u00f6r, att dina kl\u00e4der \u00e4r producerade ekologiskt och milj\u00f6m\u00e4ssigt korrekt under ordentgliga l\u00f6n- och arbetsf\u00f6rh\u00e5llanden. \n<p>&nbsp;<\/p>\n<a href=\"https:\/\/www.eco-branding.dk\/miljoemaerkning\/gots.aspx\" rel=\"noopener\" target=\"_blank\"><img loading=\"lazy\" decoding=\"async\" class=\"size-full wp-image-12808\" src=\"https:\/\/grontkontor.dk\/wp-content\/uploads\/2019\/04\/gots-certificeret.jpg\" \n   alt=\"Gots certificeret - din garanti for, at produktet indeholder mindst 70% ?kologisk bomuld\"  description=\"Gots certificeret - din garanti for, at produktet indeholder mindst 70% ?kologisk bomuld\" width=\"50\" height=\"50\" \n\t border=0 \/><\/a>\n","protected":false},"excerpt":{"rendered":"<p>En vit klimatsmart sweatshirt \u00e4r ett snyggt val f\u00f6r b\u00e5de vardag och arbete. F\u00e4rgen ger en klassisk och fr\u00e4sch look som \u00e4r perfekt f\u00f6r event, m\u00e4ssor eller som en del av profilkl\u00e4derna f\u00f6r anst\u00e4llda. Tr\u00f6jan \u00e4r tillverkad av 60 % ekologisk bomull och 40 % rPET-polyester, vilket g\u00f6r den till en milj\u00f6v\u00e4nlig l\u00f6sning som kombinerar [&hellip;]<\/p>\n","protected":false},"featured_media":122638,"comment_status":"closed","ping_status":"closed","template":"","meta":{"_acf_changed":false},"product_cat":[4841,2450,867,2394],"product_tag":[4602,4601],"class_list":{"0":"post-116894","1":"product","2":"type-product","3":"status-publish","4":"has-post-thumbnail","6":"product_cat-t-shirts-sweatshirts-och-piketroejor","7":"product_cat-dummy-moq-10-50-sv","8":"product_cat-miljovaenliga-foretagspresenter","9":"product_cat-nyheter","10":"product_tag-munktroeja","11":"product_tag-sweatshirt-sv","12":"tm-has-styled-variations","13":"tm-has-options","15":"first","16":"instock","17":"taxable","18":"shipping-taxable","19":"purchasable","20":"product-type-simple"},"acf":[],"yoast_head":"<!-- This site is optimized with the Yoast SEO Premium plugin v21.2 (Yoast SEO v21.2) - https:\/\/yoast.com\/wordpress\/plugins\/seo\/ -->\n<title>Sweatshirt i ekologisk bomull och rpet - vit - Gr\u00f8nt Kontor<\/title>\n<meta name=\"description\" content=\"Vit klimatsmart sweatshirt i ekologisk bomull och rPET. Milj\u00f6v\u00e4nlig, bekv\u00e4m och perfekt f\u00f6r logotyptryck eller broderi. XS\u2013XXXL, 280 g\/m\u00b2\" \/>\n<meta name=\"robots\" content=\"index, follow, max-snippet:-1, max-image-preview:large, max-video-preview:-1\" \/>\n<link rel=\"canonical\" href=\"https:\/\/grontkontor.dk\/sv\/shop\/sweatshirt-oekologisk-bomuld-og-rpet-hvid\/\" \/>\n<meta property=\"og:locale\" content=\"sv_SE\" \/>\n<meta property=\"og:type\" content=\"article\" \/>\n<meta property=\"og:title\" content=\"Sweatshirt i ekologisk bomull och rpet - vit\" \/>\n<meta property=\"og:description\" content=\"Vit klimatsmart sweatshirt i ekologisk bomull och rPET. Milj\u00f6v\u00e4nlig, bekv\u00e4m och perfekt f\u00f6r logotyptryck eller broderi. XS\u2013XXXL, 280 g\/m\u00b2\" \/>\n<meta property=\"og:url\" content=\"https:\/\/grontkontor.dk\/sv\/shop\/sweatshirt-oekologisk-bomuld-og-rpet-hvid\/\" \/>\n<meta property=\"og:site_name\" content=\"Gr\u00f8nt Kontor\" \/>\n<meta property=\"article:publisher\" content=\"https:\/\/www.facebook.com\/grontkontor.dk\/\" \/>\n<meta property=\"article:modified_time\" content=\"2025-11-06T10:41:14+00:00\" \/>\n<meta property=\"og:image\" content=\"https:\/\/grontkontor.dk\/wp-content\/uploads\/2024\/11\/Klimavenlig-sweatshirt-280-gsm-oekologisk-bomuld-rpet-hvid.jpg\" \/>\n\t<meta property=\"og:image:width\" content=\"639\" \/>\n\t<meta property=\"og:image:height\" content=\"900\" \/>\n\t<meta property=\"og:image:type\" content=\"image\/jpeg\" \/>\n<meta name=\"twitter:card\" content=\"summary_large_image\" \/>\n<meta name=\"twitter:label1\" content=\"Ber\u00e4knad l\u00e4stid\" \/>\n\t<meta name=\"twitter:data1\" content=\"1 minut\" \/>\n<script type=\"application\/ld+json\" class=\"yoast-schema-graph\">{\"@context\":\"https:\/\/schema.org\",\"@graph\":[{\"@type\":\"WebPage\",\"@id\":\"https:\/\/grontkontor.dk\/sv\/shop\/sweatshirt-oekologisk-bomuld-og-rpet-hvid\/\",\"url\":\"https:\/\/grontkontor.dk\/sv\/shop\/sweatshirt-oekologisk-bomuld-og-rpet-hvid\/\",\"name\":\"Sweatshirt i ekologisk bomull och rpet - vit - Gr\u00f8nt Kontor\",\"isPartOf\":{\"@id\":\"https:\/\/grontkontor.dk\/#website\"},\"datePublished\":\"2024-11-19T13:40:31+00:00\",\"dateModified\":\"2025-11-06T10:41:14+00:00\",\"description\":\"Vit klimatsmart sweatshirt i ekologisk bomull och rPET. Milj\u00f6v\u00e4nlig, bekv\u00e4m och perfekt f\u00f6r logotyptryck eller broderi. XS\u2013XXXL, 280 g\/m\u00b2\",\"breadcrumb\":{\"@id\":\"https:\/\/grontkontor.dk\/sv\/shop\/sweatshirt-oekologisk-bomuld-og-rpet-hvid\/#breadcrumb\"},\"inLanguage\":\"sv-SE\",\"potentialAction\":[{\"@type\":\"ReadAction\",\"target\":[\"https:\/\/grontkontor.dk\/sv\/shop\/sweatshirt-oekologisk-bomuld-og-rpet-hvid\/\"]}]},{\"@type\":\"BreadcrumbList\",\"@id\":\"https:\/\/grontkontor.dk\/sv\/shop\/sweatshirt-oekologisk-bomuld-og-rpet-hvid\/#breadcrumb\",\"itemListElement\":[{\"@type\":\"ListItem\",\"position\":1,\"name\":\"Forside\",\"item\":\"https:\/\/grontkontor.dk\/\"},{\"@type\":\"ListItem\",\"position\":2,\"name\":\"Shop\",\"item\":\"https:\/\/grontkontor.dk\/sv\/shop\/\"},{\"@type\":\"ListItem\",\"position\":3,\"name\":\"Kl\u00e4der\",\"item\":\"https:\/\/grontkontor.dk\/sv\/produkt-kategori\/beklaedning-sv\/\"},{\"@type\":\"ListItem\",\"position\":4,\"name\":\"T-shirts, sweatshirts och pik\u00e9tr\u00f6jor\",\"item\":\"https:\/\/grontkontor.dk\/sv\/produkt-kategori\/beklaedning-sv\/t-shirts-sweatshirts-och-piketroejor\/\"},{\"@type\":\"ListItem\",\"position\":5,\"name\":\"Sweatshirt i ekologisk bomull och rpet &#8211; vit\"}]},{\"@type\":\"WebSite\",\"@id\":\"https:\/\/grontkontor.dk\/#website\",\"url\":\"https:\/\/grontkontor.dk\/\",\"name\":\"Gr\u00f8nt Kontor\",\"description\":\"Milj\u00f8venlige produkter til kontor og erhverv med fokus p\u00e5 b\u00e6redygtighed, design og fair trade.\",\"publisher\":{\"@id\":\"https:\/\/grontkontor.dk\/#organization\"},\"potentialAction\":[{\"@type\":\"SearchAction\",\"target\":{\"@type\":\"EntryPoint\",\"urlTemplate\":\"https:\/\/grontkontor.dk\/?s={search_term_string}\"},\"query-input\":\"required name=search_term_string\"}],\"inLanguage\":\"sv-SE\"},{\"@type\":\"Organization\",\"@id\":\"https:\/\/grontkontor.dk\/#organization\",\"name\":\"Gr\u00f8nt Kontor\",\"url\":\"https:\/\/grontkontor.dk\/\",\"logo\":{\"@type\":\"ImageObject\",\"inLanguage\":\"sv-SE\",\"@id\":\"https:\/\/grontkontor.dk\/#\/schema\/logo\/image\/\",\"url\":\"https:\/\/grontkontor.dk\/wp-content\/uploads\/2014\/02\/Logo_groent_kontor_300x80.png\",\"contentUrl\":\"https:\/\/grontkontor.dk\/wp-content\/uploads\/2014\/02\/Logo_groent_kontor_300x80.png\",\"width\":300,\"height\":80,\"caption\":\"Gr\u00f8nt Kontor\"},\"image\":{\"@id\":\"https:\/\/grontkontor.dk\/#\/schema\/logo\/image\/\"},\"sameAs\":[\"https:\/\/www.facebook.com\/grontkontor.dk\/\"]}]}<\/script>\n<!-- \/ Yoast SEO Premium plugin. -->","yoast_head_json":{"title":"Sweatshirt i ekologisk bomull och rpet - vit - Gr\u00f8nt Kontor","description":"Vit klimatsmart sweatshirt i ekologisk bomull och rPET. Milj\u00f6v\u00e4nlig, bekv\u00e4m och perfekt f\u00f6r logotyptryck eller broderi. XS\u2013XXXL, 280 g\/m\u00b2","robots":{"index":"index","follow":"follow","max-snippet":"max-snippet:-1","max-image-preview":"max-image-preview:large","max-video-preview":"max-video-preview:-1"},"canonical":"https:\/\/grontkontor.dk\/sv\/shop\/sweatshirt-oekologisk-bomuld-og-rpet-hvid\/","og_locale":"sv_SE","og_type":"article","og_title":"Sweatshirt i ekologisk bomull och rpet - vit","og_description":"Vit klimatsmart sweatshirt i ekologisk bomull och rPET. Milj\u00f6v\u00e4nlig, bekv\u00e4m och perfekt f\u00f6r logotyptryck eller broderi. XS\u2013XXXL, 280 g\/m\u00b2","og_url":"https:\/\/grontkontor.dk\/sv\/shop\/sweatshirt-oekologisk-bomuld-og-rpet-hvid\/","og_site_name":"Gr\u00f8nt Kontor","article_publisher":"https:\/\/www.facebook.com\/grontkontor.dk\/","article_modified_time":"2025-11-06T10:41:14+00:00","og_image":[{"width":639,"height":900,"url":"https:\/\/grontkontor.dk\/wp-content\/uploads\/2024\/11\/Klimavenlig-sweatshirt-280-gsm-oekologisk-bomuld-rpet-hvid.jpg","type":"image\/jpeg"}],"twitter_card":"summary_large_image","twitter_misc":{"Ber\u00e4knad l\u00e4stid":"1 minut"},"schema":{"@context":"https:\/\/schema.org","@graph":[{"@type":"WebPage","@id":"https:\/\/grontkontor.dk\/sv\/shop\/sweatshirt-oekologisk-bomuld-og-rpet-hvid\/","url":"https:\/\/grontkontor.dk\/sv\/shop\/sweatshirt-oekologisk-bomuld-og-rpet-hvid\/","name":"Sweatshirt i ekologisk bomull och rpet - vit - Gr\u00f8nt Kontor","isPartOf":{"@id":"https:\/\/grontkontor.dk\/#website"},"datePublished":"2024-11-19T13:40:31+00:00","dateModified":"2025-11-06T10:41:14+00:00","description":"Vit klimatsmart sweatshirt i ekologisk bomull och rPET. Milj\u00f6v\u00e4nlig, bekv\u00e4m och perfekt f\u00f6r logotyptryck eller broderi. XS\u2013XXXL, 280 g\/m\u00b2","breadcrumb":{"@id":"https:\/\/grontkontor.dk\/sv\/shop\/sweatshirt-oekologisk-bomuld-og-rpet-hvid\/#breadcrumb"},"inLanguage":"sv-SE","potentialAction":[{"@type":"ReadAction","target":["https:\/\/grontkontor.dk\/sv\/shop\/sweatshirt-oekologisk-bomuld-og-rpet-hvid\/"]}]},{"@type":"BreadcrumbList","@id":"https:\/\/grontkontor.dk\/sv\/shop\/sweatshirt-oekologisk-bomuld-og-rpet-hvid\/#breadcrumb","itemListElement":[{"@type":"ListItem","position":1,"name":"Forside","item":"https:\/\/grontkontor.dk\/"},{"@type":"ListItem","position":2,"name":"Shop","item":"https:\/\/grontkontor.dk\/sv\/shop\/"},{"@type":"ListItem","position":3,"name":"Kl\u00e4der","item":"https:\/\/grontkontor.dk\/sv\/produkt-kategori\/beklaedning-sv\/"},{"@type":"ListItem","position":4,"name":"T-shirts, sweatshirts och pik\u00e9tr\u00f6jor","item":"https:\/\/grontkontor.dk\/sv\/produkt-kategori\/beklaedning-sv\/t-shirts-sweatshirts-och-piketroejor\/"},{"@type":"ListItem","position":5,"name":"Sweatshirt i ekologisk bomull och rpet &#8211; vit"}]},{"@type":"WebSite","@id":"https:\/\/grontkontor.dk\/#website","url":"https:\/\/grontkontor.dk\/","name":"Gr\u00f8nt Kontor","description":"Milj\u00f8venlige produkter til kontor og erhverv med fokus p\u00e5 b\u00e6redygtighed, design og fair trade.","publisher":{"@id":"https:\/\/grontkontor.dk\/#organization"},"potentialAction":[{"@type":"SearchAction","target":{"@type":"EntryPoint","urlTemplate":"https:\/\/grontkontor.dk\/?s={search_term_string}"},"query-input":"required name=search_term_string"}],"inLanguage":"sv-SE"},{"@type":"Organization","@id":"https:\/\/grontkontor.dk\/#organization","name":"Gr\u00f8nt Kontor","url":"https:\/\/grontkontor.dk\/","logo":{"@type":"ImageObject","inLanguage":"sv-SE","@id":"https:\/\/grontkontor.dk\/#\/schema\/logo\/image\/","url":"https:\/\/grontkontor.dk\/wp-content\/uploads\/2014\/02\/Logo_groent_kontor_300x80.png","contentUrl":"https:\/\/grontkontor.dk\/wp-content\/uploads\/2014\/02\/Logo_groent_kontor_300x80.png","width":300,"height":80,"caption":"Gr\u00f8nt Kontor"},"image":{"@id":"https:\/\/grontkontor.dk\/#\/schema\/logo\/image\/"},"sameAs":["https:\/\/www.facebook.com\/grontkontor.dk\/"]}]}},"_links":{"self":[{"href":"https:\/\/grontkontor.dk\/sv\/wp-json\/wp\/v2\/product\/116894"}],"collection":[{"href":"https:\/\/grontkontor.dk\/sv\/wp-json\/wp\/v2\/product"}],"about":[{"href":"https:\/\/grontkontor.dk\/sv\/wp-json\/wp\/v2\/types\/product"}],"replies":[{"embeddable":true,"href":"https:\/\/grontkontor.dk\/sv\/wp-json\/wp\/v2\/comments?post=116894"}],"wp:featuredmedia":[{"embeddable":true,"href":"https:\/\/grontkontor.dk\/sv\/wp-json\/wp\/v2\/media\/122638"}],"wp:attachment":[{"href":"https:\/\/grontkontor.dk\/sv\/wp-json\/wp\/v2\/media?parent=116894"}],"wp:term":[{"taxonomy":"product_cat","embeddable":true,"href":"https:\/\/grontkontor.dk\/sv\/wp-json\/wp\/v2\/product_cat?post=116894"},{"taxonomy":"product_tag","embeddable":true,"href":"https:\/\/grontkontor.dk\/sv\/wp-json\/wp\/v2\/product_tag?post=116894"}],"curies":[{"name":"wp","href":"https:\/\/api.w.org\/{rel}","templated":true}]}}