{"id":116920,"date":"2025-09-17T09:17:49","date_gmt":"2024-11-20T14:17:51","guid":{"rendered":"https:\/\/grontkontor.dk\/?post_type=product&#038;p=116920"},"modified":"2025-11-06T09:50:15","modified_gmt":"2025-11-06T08:50:15","slug":"t-shirt-oekologisk-bomuld-dame-175-gsm","status":"publish","type":"product","link":"https:\/\/grontkontor.dk\/sv\/shop\/t-shirt-oekologisk-bomuld-dame-175-gsm\/","title":{"rendered":"T-shirt ekologisk bomull dam 175 g\/m\u00b2"},"content":{"rendered":"<p>Ge ditt varum\u00e4rke ett lyft och dina anst\u00e4llda en g\u00e5va som g\u00f6r skillnad med v\u00e5ra milj\u00f6v\u00e4nliga dam-t-shirts i ekologisk bomull. Den h\u00e4r t-shirten kombinerar klassisk design med ett starkt budskap om ansvar. Den \u00e4r tillverkad av 100 % ekologisk bomull, en mjuk och bekv\u00e4m blandning som valts med omsorg om planeten. Naturmaterialen \u00e4r inte bara sk\u00f6na att b\u00e4ra, utan \u00e4r ocks\u00e5 ett medvetet val f\u00f6r ett mindre fotavtryck. Denna t-shirt \u00e4r d\u00e4rf\u00f6r en klimatv\u00e4nlig produkt som \u00e4r l\u00e4tt och luftig, perfekt f\u00f6r vardagsbruk, och den skickar en tydlig signal om omtanke om milj\u00f6n.<\/p>\n<p>Denna t-shirt \u00e4r speciellt designad f\u00f6r kvinnor, med en passform som \u00e4r b\u00e5de snygg och bekv\u00e4m. Den finns i storlekar fr\u00e5n S till XXL, s\u00e5 att du enkelt kan hitta r\u00e4tt storlek f\u00f6r dina anst\u00e4llda. Med en vikt p\u00e5 175 g\/m\u00b2 \u00e4r kvaliteten f\u00f6rstklassig, vilket ger en slitstark t-shirt som h\u00e5ller sin form och f\u00e4rg tv\u00e4tt efter tv\u00e4tt. F\u00f6r att s\u00e4kerst\u00e4lla ett optimalt tryckresultat rekommenderar vi transfertryck eller dubbelscreentryck p\u00e5 de m\u00f6rka f\u00e4rgerna, vilket ger ett b\u00e4ttre utseende.<\/p>\n<p>V\u00e5ra milj\u00f6v\u00e4nliga t-shirts f\u00f6r kvinnor i ekologisk bomull \u00e4r den perfekta f\u00f6retagspresenten eller en del av de anst\u00e4lldas uniform. Den kan best\u00e4llas i ett brett utbud av f\u00e4rger, och du \u00e4r fri att blanda f\u00e4rger och storlekar i din best\u00e4llning. Vi erbjuder logotyptryck i upp till fyra f\u00e4rger, beroende p\u00e5 vald tryckmetod, samt broderi, s\u00e5 att du kan anpassa t-shirten precis som du vill. Minsta best\u00e4llning \u00e4r 25 stycken. V\u00e4lj den h\u00e4r t-shirten och visa att ditt f\u00f6retag tar ansvarsfull produktion p\u00e5 allvar, samtidigt som du ger en l\u00e4cker och praktisk present.<\/p>\nBomull \u00e4r en biologiskt nedbrytbar, komposterbar naturprodukt och en av v\u00e4rldens \u00e4ldsta handels- och jordbruksprodukter. Ekologisk bomull odlas med icke genmanipulerat uts\u00e4de och utan anv\u00e4ndning av pesticider och andra skadliga kemikalier. \nGOTS certificeringen \u00e4r en garanti f\u00f6r, att dina kl\u00e4der \u00e4r producerade ekologiskt och milj\u00f6m\u00e4ssigt korrekt under ordentgliga l\u00f6n- och arbetsf\u00f6rh\u00e5llanden. \n<p>&amp;nbsp;<\/p>\n<a href=\"https:\/\/www.eco-branding.dk\/miljoemaerkning\/gots.aspx\" rel=\"noopener\" target=\"_blank\"><img loading=\"lazy\" decoding=\"async\" class=\"size-full wp-image-12808\" src=\"https:\/\/grontkontor.dk\/wp-content\/uploads\/2019\/04\/gots-certificeret.jpg\" \n   alt=\"Gots certificeret - din garanti for, at produktet indeholder mindst 70% ?kologisk bomuld\"  description=\"Gots certificeret - din garanti for, at produktet indeholder mindst 70% ?kologisk bomuld\" width=\"50\" height=\"50\" \n\t border=0 \/><\/a>\n","protected":false},"excerpt":{"rendered":"<p>Ge ditt varum\u00e4rke ett lyft och dina anst\u00e4llda en g\u00e5va som g\u00f6r skillnad med v\u00e5ra milj\u00f6v\u00e4nliga dam-t-shirts i ekologisk bomull. Den h\u00e4r t-shirten kombinerar klassisk design med ett starkt budskap om ansvar. Den \u00e4r tillverkad av 100 % ekologisk bomull, en mjuk och bekv\u00e4m blandning som valts med omsorg om planeten. Naturmaterialen \u00e4r inte bara [&hellip;]<\/p>\n","protected":false},"featured_media":116944,"comment_status":"closed","ping_status":"closed","template":"","meta":{"_acf_changed":false},"product_cat":[4841,2450,867,2394],"product_tag":[4796,3058,4797,4799,4798],"class_list":{"0":"post-116920","1":"product","2":"type-product","3":"status-publish","4":"has-post-thumbnail","6":"product_cat-t-shirts-sweatshirts-och-piketroejor","7":"product_cat-dummy-moq-10-50-sv","8":"product_cat-miljovaenliga-foretagspresenter","9":"product_cat-nyheter","10":"product_tag-skjorta","11":"product_tag-t-shirt-sv","12":"product_tag-t-shirt-sv-2","13":"product_tag-t-shirts-sv-2","14":"product_tag-t-shirts-sv","15":"pa_farve-bruten-vit","16":"pa_farve-moerkblaa","17":"pa_farve-blaa-sv","18":"pa_farve-graa-sv","19":"pa_farve-natur-sv","20":"pa_farve-roed-sv","21":"pa_farve-sort-sv","22":"pa_farve-hvid-sv","23":"tm-has-options","25":"first","26":"instock","27":"sale","28":"taxable","29":"shipping-taxable","30":"purchasable","31":"product-type-simple"},"acf":[],"yoast_head":"<!-- This site is optimized with the Yoast SEO Premium plugin v21.2 (Yoast SEO v21.2) - https:\/\/yoast.com\/wordpress\/plugins\/seo\/ -->\n<title>Milj\u00f6v\u00e4nliga t-shirts f\u00f6r kvinnor i ekologisk bomull<\/title>\n<meta name=\"description\" content=\"Milj\u00f6v\u00e4nliga t-shirts f\u00f6r dam i ekologisk bomull. V\u00e5r klimatsmarta t-shirt \u00e4r perfekt f\u00f6r f\u00f6retagspresenter, kan levereras med din logotyp tryckt p\u00e5 den.\" \/>\n<meta name=\"robots\" content=\"index, follow, max-snippet:-1, max-image-preview:large, max-video-preview:-1\" \/>\n<link rel=\"canonical\" href=\"https:\/\/grontkontor.dk\/sv\/shop\/t-shirt-oekologisk-bomuld-dame-175-gsm\/\" \/>\n<meta property=\"og:locale\" content=\"sv_SE\" \/>\n<meta property=\"og:type\" content=\"article\" \/>\n<meta property=\"og:title\" content=\"T-shirt ekologisk bomull dam 175 g\/m\u00b2\" \/>\n<meta property=\"og:description\" content=\"Milj\u00f6v\u00e4nliga t-shirts f\u00f6r dam i ekologisk bomull. V\u00e5r klimatsmarta t-shirt \u00e4r perfekt f\u00f6r f\u00f6retagspresenter, kan levereras med din logotyp tryckt p\u00e5 den.\" \/>\n<meta property=\"og:url\" content=\"https:\/\/grontkontor.dk\/sv\/shop\/t-shirt-oekologisk-bomuld-dame-175-gsm\/\" \/>\n<meta property=\"og:site_name\" content=\"Gr\u00f8nt Kontor\" \/>\n<meta property=\"article:publisher\" content=\"https:\/\/www.facebook.com\/grontkontor.dk\/\" \/>\n<meta property=\"article:modified_time\" content=\"2025-11-06T08:50:15+00:00\" \/>\n<meta property=\"og:image\" content=\"https:\/\/grontkontor.dk\/wp-content\/uploads\/2024\/11\/Klimavenlig-t-shirt-i-oekologisk-bomuld-hvid.jpg\" \/>\n\t<meta property=\"og:image:width\" content=\"900\" \/>\n\t<meta property=\"og:image:height\" content=\"639\" \/>\n\t<meta property=\"og:image:type\" content=\"image\/jpeg\" \/>\n<meta name=\"twitter:card\" content=\"summary_large_image\" \/>\n<meta name=\"twitter:label1\" content=\"Ber\u00e4knad l\u00e4stid\" \/>\n\t<meta name=\"twitter:data1\" content=\"2 minuter\" \/>\n<script type=\"application\/ld+json\" class=\"yoast-schema-graph\">{\"@context\":\"https:\/\/schema.org\",\"@graph\":[{\"@type\":\"WebPage\",\"@id\":\"https:\/\/grontkontor.dk\/sv\/shop\/t-shirt-oekologisk-bomuld-dame-175-gsm\/\",\"url\":\"https:\/\/grontkontor.dk\/sv\/shop\/t-shirt-oekologisk-bomuld-dame-175-gsm\/\",\"name\":\"Milj\u00f6v\u00e4nliga t-shirts f\u00f6r kvinnor i ekologisk bomull\",\"isPartOf\":{\"@id\":\"https:\/\/grontkontor.dk\/#website\"},\"datePublished\":\"2024-11-20T14:17:51+00:00\",\"dateModified\":\"2025-11-06T08:50:15+00:00\",\"description\":\"Milj\u00f6v\u00e4nliga t-shirts f\u00f6r dam i ekologisk bomull. V\u00e5r klimatsmarta t-shirt \u00e4r perfekt f\u00f6r f\u00f6retagspresenter, kan levereras med din logotyp tryckt p\u00e5 den.\",\"breadcrumb\":{\"@id\":\"https:\/\/grontkontor.dk\/sv\/shop\/t-shirt-oekologisk-bomuld-dame-175-gsm\/#breadcrumb\"},\"inLanguage\":\"sv-SE\",\"potentialAction\":[{\"@type\":\"ReadAction\",\"target\":[\"https:\/\/grontkontor.dk\/sv\/shop\/t-shirt-oekologisk-bomuld-dame-175-gsm\/\"]}]},{\"@type\":\"BreadcrumbList\",\"@id\":\"https:\/\/grontkontor.dk\/sv\/shop\/t-shirt-oekologisk-bomuld-dame-175-gsm\/#breadcrumb\",\"itemListElement\":[{\"@type\":\"ListItem\",\"position\":1,\"name\":\"Forside\",\"item\":\"https:\/\/grontkontor.dk\/\"},{\"@type\":\"ListItem\",\"position\":2,\"name\":\"Shop\",\"item\":\"https:\/\/grontkontor.dk\/sv\/shop\/\"},{\"@type\":\"ListItem\",\"position\":3,\"name\":\"Bekl\u00e6dning\",\"item\":\"https:\/\/grontkontor.dk\/produkt-kategori\/beklaedning\/\"},{\"@type\":\"ListItem\",\"position\":4,\"name\":\"T-shirts, sweat shirts og polo shirts\",\"item\":\"https:\/\/grontkontor.dk\/produkt-kategori\/beklaedning\/t-shirts-sweat-shirts-og-polo-shirts\/\"},{\"@type\":\"ListItem\",\"position\":5,\"name\":\"T-shirt ekologisk bomull dam 175 g\/m\u00b2\"}]},{\"@type\":\"WebSite\",\"@id\":\"https:\/\/grontkontor.dk\/#website\",\"url\":\"https:\/\/grontkontor.dk\/\",\"name\":\"Gr\u00f8nt Kontor\",\"description\":\"Milj\u00f8venlige produkter til kontor og erhverv med fokus p\u00e5 b\u00e6redygtighed, design og fair trade.\",\"publisher\":{\"@id\":\"https:\/\/grontkontor.dk\/#organization\"},\"potentialAction\":[{\"@type\":\"SearchAction\",\"target\":{\"@type\":\"EntryPoint\",\"urlTemplate\":\"https:\/\/grontkontor.dk\/?s={search_term_string}\"},\"query-input\":\"required name=search_term_string\"}],\"inLanguage\":\"sv-SE\"},{\"@type\":\"Organization\",\"@id\":\"https:\/\/grontkontor.dk\/#organization\",\"name\":\"Gr\u00f8nt Kontor\",\"url\":\"https:\/\/grontkontor.dk\/\",\"logo\":{\"@type\":\"ImageObject\",\"inLanguage\":\"sv-SE\",\"@id\":\"https:\/\/grontkontor.dk\/#\/schema\/logo\/image\/\",\"url\":\"https:\/\/grontkontor.dk\/wp-content\/uploads\/2014\/02\/Logo_groent_kontor_300x80.png\",\"contentUrl\":\"https:\/\/grontkontor.dk\/wp-content\/uploads\/2014\/02\/Logo_groent_kontor_300x80.png\",\"width\":300,\"height\":80,\"caption\":\"Gr\u00f8nt Kontor\"},\"image\":{\"@id\":\"https:\/\/grontkontor.dk\/#\/schema\/logo\/image\/\"},\"sameAs\":[\"https:\/\/www.facebook.com\/grontkontor.dk\/\"]}]}<\/script>\n<!-- \/ Yoast SEO Premium plugin. -->","yoast_head_json":{"title":"Milj\u00f6v\u00e4nliga t-shirts f\u00f6r kvinnor i ekologisk bomull","description":"Milj\u00f6v\u00e4nliga t-shirts f\u00f6r dam i ekologisk bomull. V\u00e5r klimatsmarta t-shirt \u00e4r perfekt f\u00f6r f\u00f6retagspresenter, kan levereras med din logotyp tryckt p\u00e5 den.","robots":{"index":"index","follow":"follow","max-snippet":"max-snippet:-1","max-image-preview":"max-image-preview:large","max-video-preview":"max-video-preview:-1"},"canonical":"https:\/\/grontkontor.dk\/sv\/shop\/t-shirt-oekologisk-bomuld-dame-175-gsm\/","og_locale":"sv_SE","og_type":"article","og_title":"T-shirt ekologisk bomull dam 175 g\/m\u00b2","og_description":"Milj\u00f6v\u00e4nliga t-shirts f\u00f6r dam i ekologisk bomull. V\u00e5r klimatsmarta t-shirt \u00e4r perfekt f\u00f6r f\u00f6retagspresenter, kan levereras med din logotyp tryckt p\u00e5 den.","og_url":"https:\/\/grontkontor.dk\/sv\/shop\/t-shirt-oekologisk-bomuld-dame-175-gsm\/","og_site_name":"Gr\u00f8nt Kontor","article_publisher":"https:\/\/www.facebook.com\/grontkontor.dk\/","article_modified_time":"2025-11-06T08:50:15+00:00","og_image":[{"width":900,"height":639,"url":"https:\/\/grontkontor.dk\/wp-content\/uploads\/2024\/11\/Klimavenlig-t-shirt-i-oekologisk-bomuld-hvid.jpg","type":"image\/jpeg"}],"twitter_card":"summary_large_image","twitter_misc":{"Ber\u00e4knad l\u00e4stid":"2 minuter"},"schema":{"@context":"https:\/\/schema.org","@graph":[{"@type":"WebPage","@id":"https:\/\/grontkontor.dk\/sv\/shop\/t-shirt-oekologisk-bomuld-dame-175-gsm\/","url":"https:\/\/grontkontor.dk\/sv\/shop\/t-shirt-oekologisk-bomuld-dame-175-gsm\/","name":"Milj\u00f6v\u00e4nliga t-shirts f\u00f6r kvinnor i ekologisk bomull","isPartOf":{"@id":"https:\/\/grontkontor.dk\/#website"},"datePublished":"2024-11-20T14:17:51+00:00","dateModified":"2025-11-06T08:50:15+00:00","description":"Milj\u00f6v\u00e4nliga t-shirts f\u00f6r dam i ekologisk bomull. V\u00e5r klimatsmarta t-shirt \u00e4r perfekt f\u00f6r f\u00f6retagspresenter, kan levereras med din logotyp tryckt p\u00e5 den.","breadcrumb":{"@id":"https:\/\/grontkontor.dk\/sv\/shop\/t-shirt-oekologisk-bomuld-dame-175-gsm\/#breadcrumb"},"inLanguage":"sv-SE","potentialAction":[{"@type":"ReadAction","target":["https:\/\/grontkontor.dk\/sv\/shop\/t-shirt-oekologisk-bomuld-dame-175-gsm\/"]}]},{"@type":"BreadcrumbList","@id":"https:\/\/grontkontor.dk\/sv\/shop\/t-shirt-oekologisk-bomuld-dame-175-gsm\/#breadcrumb","itemListElement":[{"@type":"ListItem","position":1,"name":"Forside","item":"https:\/\/grontkontor.dk\/"},{"@type":"ListItem","position":2,"name":"Shop","item":"https:\/\/grontkontor.dk\/sv\/shop\/"},{"@type":"ListItem","position":3,"name":"Bekl\u00e6dning","item":"https:\/\/grontkontor.dk\/produkt-kategori\/beklaedning\/"},{"@type":"ListItem","position":4,"name":"T-shirts, sweat shirts og polo shirts","item":"https:\/\/grontkontor.dk\/produkt-kategori\/beklaedning\/t-shirts-sweat-shirts-og-polo-shirts\/"},{"@type":"ListItem","position":5,"name":"T-shirt ekologisk bomull dam 175 g\/m\u00b2"}]},{"@type":"WebSite","@id":"https:\/\/grontkontor.dk\/#website","url":"https:\/\/grontkontor.dk\/","name":"Gr\u00f8nt Kontor","description":"Milj\u00f8venlige produkter til kontor og erhverv med fokus p\u00e5 b\u00e6redygtighed, design og fair trade.","publisher":{"@id":"https:\/\/grontkontor.dk\/#organization"},"potentialAction":[{"@type":"SearchAction","target":{"@type":"EntryPoint","urlTemplate":"https:\/\/grontkontor.dk\/?s={search_term_string}"},"query-input":"required name=search_term_string"}],"inLanguage":"sv-SE"},{"@type":"Organization","@id":"https:\/\/grontkontor.dk\/#organization","name":"Gr\u00f8nt Kontor","url":"https:\/\/grontkontor.dk\/","logo":{"@type":"ImageObject","inLanguage":"sv-SE","@id":"https:\/\/grontkontor.dk\/#\/schema\/logo\/image\/","url":"https:\/\/grontkontor.dk\/wp-content\/uploads\/2014\/02\/Logo_groent_kontor_300x80.png","contentUrl":"https:\/\/grontkontor.dk\/wp-content\/uploads\/2014\/02\/Logo_groent_kontor_300x80.png","width":300,"height":80,"caption":"Gr\u00f8nt Kontor"},"image":{"@id":"https:\/\/grontkontor.dk\/#\/schema\/logo\/image\/"},"sameAs":["https:\/\/www.facebook.com\/grontkontor.dk\/"]}]}},"_links":{"self":[{"href":"https:\/\/grontkontor.dk\/sv\/wp-json\/wp\/v2\/product\/116920"}],"collection":[{"href":"https:\/\/grontkontor.dk\/sv\/wp-json\/wp\/v2\/product"}],"about":[{"href":"https:\/\/grontkontor.dk\/sv\/wp-json\/wp\/v2\/types\/product"}],"replies":[{"embeddable":true,"href":"https:\/\/grontkontor.dk\/sv\/wp-json\/wp\/v2\/comments?post=116920"}],"wp:featuredmedia":[{"embeddable":true,"href":"https:\/\/grontkontor.dk\/sv\/wp-json\/wp\/v2\/media\/116944"}],"wp:attachment":[{"href":"https:\/\/grontkontor.dk\/sv\/wp-json\/wp\/v2\/media?parent=116920"}],"wp:term":[{"taxonomy":"product_cat","embeddable":true,"href":"https:\/\/grontkontor.dk\/sv\/wp-json\/wp\/v2\/product_cat?post=116920"},{"taxonomy":"product_tag","embeddable":true,"href":"https:\/\/grontkontor.dk\/sv\/wp-json\/wp\/v2\/product_tag?post=116920"}],"curies":[{"name":"wp","href":"https:\/\/api.w.org\/{rel}","templated":true}]}}