{"id":117037,"date":"2025-09-11T14:23:00","date_gmt":"2024-11-21T13:23:02","guid":{"rendered":"https:\/\/grontkontor.dk\/?post_type=product&#038;p=117037"},"modified":"2025-11-06T09:50:31","modified_gmt":"2025-11-06T08:50:31","slug":"t-shirt-oekologisk-bomuld-herre-175-gsm","status":"publish","type":"product","link":"https:\/\/grontkontor.dk\/sv\/shop\/t-shirt-oekologisk-bomuld-herre-175-gsm\/","title":{"rendered":"T-shirt i ekologisk bomull f\u00f6r m\u00e4n 175 g\/m\u00b2"},"content":{"rendered":"<p>Ge ditt varum\u00e4rke ett lyft och dina anst\u00e4llda en g\u00e5va med v\u00e5r milj\u00f6v\u00e4nliga t-shirt f\u00f6r f\u00f6retag. Den h\u00e4r t-shirten kombinerar klassisk design med ett starkt budskap om ansvar. Den \u00e4r tillverkad av en mjuk och sk\u00f6n blandning av 100% ekologisk bomull. Naturmaterialen \u00e4r inte bara bekv\u00e4ma att b\u00e4ra, utan har ocks\u00e5 valts med omsorg om planeten. Denna kombination av material s\u00e4kerst\u00e4ller en l\u00e4tt och luftig produkt som \u00e4r perfekt f\u00f6r daglig anv\u00e4ndning.<\/p>\n<p>V\u00e5r milj\u00f6v\u00e4nliga f\u00f6retags-t-shirt \u00e4r den perfekta f\u00f6retagspresenten eller en del av en anst\u00e4llds uniform. Med en vikt p\u00e5 175 g\/m\u00b2 \u00e4r kvaliteten f\u00f6rstklassig, vilket ger en slitstark t-shirt som h\u00e5ller sin form och f\u00e4rg tv\u00e4tt efter tv\u00e4tt. F\u00f6r att s\u00e4kerst\u00e4lla ett optimalt tryckresultat rekommenderar vi transfertryck eller dubbelscreentryck p\u00e5 de m\u00f6rka f\u00e4rgerna, vilket ger ett b\u00e4ttre utseende.<\/p>\n<p>Denna klimatsmarta t-shirt kan best\u00e4llas i en m\u00e4ngd olika storlekar, fr\u00e5n XS till 4XL, och du kan fritt blanda f\u00e4rger och storlekar i din best\u00e4llning. Vi erbjuder logotyptryck i upp till 4 f\u00e4rger, beroende p\u00e5 vald tryckmetod, samt broderi, s\u00e5 att du kan anpassa t-shirten precis som du vill. Minsta best\u00e4llning \u00e4r 25 stycken. V\u00e4lj denna t-shirt och visa att ditt f\u00f6retag tar milj\u00f6v\u00e4nlig produktion p\u00e5 allvar, samtidigt som du ger en l\u00e4cker och praktisk present.<\/p>\nBomull \u00e4r en biologiskt nedbrytbar, komposterbar naturprodukt och en av v\u00e4rldens \u00e4ldsta handels- och jordbruksprodukter. Ekologisk bomull odlas med icke genmanipulerat uts\u00e4de och utan anv\u00e4ndning av pesticider och andra skadliga kemikalier. \nGOTS certificeringen \u00e4r en garanti f\u00f6r, att dina kl\u00e4der \u00e4r producerade ekologiskt och milj\u00f6m\u00e4ssigt korrekt under ordentgliga l\u00f6n- och arbetsf\u00f6rh\u00e5llanden. \n<p>&nbsp;<\/p>\n<a href=\"https:\/\/www.eco-branding.dk\/miljoemaerkning\/gots.aspx\" rel=\"noopener\" target=\"_blank\"><img loading=\"lazy\" decoding=\"async\" class=\"size-full wp-image-12808\" src=\"https:\/\/grontkontor.dk\/wp-content\/uploads\/2019\/04\/gots-certificeret.jpg\" \n   alt=\"Gots certificeret - din garanti for, at produktet indeholder mindst 70% ?kologisk bomuld\"  description=\"Gots certificeret - din garanti for, at produktet indeholder mindst 70% ?kologisk bomuld\" width=\"50\" height=\"50\" \n\t border=0 \/><\/a>\n","protected":false},"excerpt":{"rendered":"<p>Ge ditt varum\u00e4rke ett lyft och dina anst\u00e4llda en g\u00e5va med v\u00e5r milj\u00f6v\u00e4nliga t-shirt f\u00f6r f\u00f6retag. Den h\u00e4r t-shirten kombinerar klassisk design med ett starkt budskap om ansvar. Den \u00e4r tillverkad av en mjuk och sk\u00f6n blandning av 100% ekologisk bomull. Naturmaterialen \u00e4r inte bara bekv\u00e4ma att b\u00e4ra, utan har ocks\u00e5 valts med omsorg om [&hellip;]<\/p>\n","protected":false},"featured_media":128735,"comment_status":"closed","ping_status":"closed","template":"","meta":{"_acf_changed":false},"product_cat":[4841,2450,867,2394],"product_tag":[4796,4797,3058,4798,4799],"class_list":{"0":"post-117037","1":"product","2":"type-product","3":"status-publish","4":"has-post-thumbnail","6":"product_cat-t-shirts-sweatshirts-och-piketroejor","7":"product_cat-dummy-moq-10-50-sv","8":"product_cat-miljovaenliga-foretagspresenter","9":"product_cat-nyheter","10":"product_tag-skjorta","11":"product_tag-t-shirt-sv-2","12":"product_tag-t-shirt-sv","13":"product_tag-t-shirts-sv","14":"product_tag-t-shirts-sv-2","15":"pa_farve-arme-groen","16":"pa_farve-beige-sv","17":"pa_farve-bordeaux-sv","18":"pa_farve-bruten-vit","19":"pa_farve-groen-flaska","20":"pa_farve-kungsblaa","21":"pa_farve-ljusrosa","22":"pa_farve-lys-graa-sv","23":"pa_farve-lysegroen-sv","24":"pa_farve-marineblaa-sv","25":"pa_farve-moerkblaa","26":"pa_farve-moerkgraa","27":"pa_farve-moerkroed","28":"pa_farve-moerkegroen-sv","29":"pa_farve-turkis-sv","30":"pa_farve-graa-sv","31":"pa_farve-gul-sv","32":"pa_farve-natur-sv","33":"pa_farve-orange-sv","34":"pa_farve-pink-sv","35":"pa_farve-roed-sv","36":"pa_farve-sort-sv","37":"pa_farve-hvid-sv","38":"tm-has-options","40":"first","41":"instock","42":"sale","43":"taxable","44":"shipping-taxable","45":"purchasable","46":"product-type-simple"},"acf":[],"yoast_head":"<!-- This site is optimized with the Yoast SEO Premium plugin v21.2 (Yoast SEO v21.2) - https:\/\/yoast.com\/wordpress\/plugins\/seo\/ -->\n<title>Milj\u00f6v\u00e4nlig t-shirt f\u00f6r f\u00f6retag i ekologisk bomull<\/title>\n<meta name=\"description\" content=\"Milj\u00f6v\u00e4nlig t-shirt f\u00f6r f\u00f6retag i ekologisk bomull. Det \u00e4r ett klimatv\u00e4nligt val som kan levereras i flera storlekar och med din logotyp tryckt p\u00e5 den.\" \/>\n<meta name=\"robots\" content=\"index, follow, max-snippet:-1, max-image-preview:large, max-video-preview:-1\" \/>\n<link rel=\"canonical\" href=\"https:\/\/grontkontor.dk\/sv\/shop\/t-shirt-oekologisk-bomuld-herre-175-gsm\/\" \/>\n<meta property=\"og:locale\" content=\"sv_SE\" \/>\n<meta property=\"og:type\" content=\"article\" \/>\n<meta property=\"og:title\" content=\"T-shirt i ekologisk bomull f\u00f6r m\u00e4n 175 g\/m\u00b2\" \/>\n<meta property=\"og:description\" content=\"Milj\u00f6v\u00e4nlig t-shirt f\u00f6r f\u00f6retag i ekologisk bomull. Det \u00e4r ett klimatv\u00e4nligt val som kan levereras i flera storlekar och med din logotyp tryckt p\u00e5 den.\" \/>\n<meta property=\"og:url\" content=\"https:\/\/grontkontor.dk\/sv\/shop\/t-shirt-oekologisk-bomuld-herre-175-gsm\/\" \/>\n<meta property=\"og:site_name\" content=\"Gr\u00f8nt Kontor\" \/>\n<meta property=\"article:publisher\" content=\"https:\/\/www.facebook.com\/grontkontor.dk\/\" \/>\n<meta property=\"article:modified_time\" content=\"2025-11-06T08:50:31+00:00\" \/>\n<meta property=\"og:image\" content=\"https:\/\/grontkontor.dk\/wp-content\/uploads\/2024\/11\/Klimavenlig-t-shirt-herre-i-oekologisk-bomuld-175-gsm-sort.jpg\" \/>\n\t<meta property=\"og:image:width\" content=\"900\" \/>\n\t<meta property=\"og:image:height\" content=\"639\" \/>\n\t<meta property=\"og:image:type\" content=\"image\/jpeg\" \/>\n<meta name=\"twitter:card\" content=\"summary_large_image\" \/>\n<meta name=\"twitter:label1\" content=\"Ber\u00e4knad l\u00e4stid\" \/>\n\t<meta name=\"twitter:data1\" content=\"2 minuter\" \/>\n<script type=\"application\/ld+json\" class=\"yoast-schema-graph\">{\"@context\":\"https:\/\/schema.org\",\"@graph\":[{\"@type\":\"WebPage\",\"@id\":\"https:\/\/grontkontor.dk\/sv\/shop\/t-shirt-oekologisk-bomuld-herre-175-gsm\/\",\"url\":\"https:\/\/grontkontor.dk\/sv\/shop\/t-shirt-oekologisk-bomuld-herre-175-gsm\/\",\"name\":\"Milj\u00f6v\u00e4nlig t-shirt f\u00f6r f\u00f6retag i ekologisk bomull\",\"isPartOf\":{\"@id\":\"https:\/\/grontkontor.dk\/#website\"},\"datePublished\":\"2024-11-21T13:23:02+00:00\",\"dateModified\":\"2025-11-06T08:50:31+00:00\",\"description\":\"Milj\u00f6v\u00e4nlig t-shirt f\u00f6r f\u00f6retag i ekologisk bomull. Det \u00e4r ett klimatv\u00e4nligt val som kan levereras i flera storlekar och med din logotyp tryckt p\u00e5 den.\",\"breadcrumb\":{\"@id\":\"https:\/\/grontkontor.dk\/sv\/shop\/t-shirt-oekologisk-bomuld-herre-175-gsm\/#breadcrumb\"},\"inLanguage\":\"sv-SE\",\"potentialAction\":[{\"@type\":\"ReadAction\",\"target\":[\"https:\/\/grontkontor.dk\/sv\/shop\/t-shirt-oekologisk-bomuld-herre-175-gsm\/\"]}]},{\"@type\":\"BreadcrumbList\",\"@id\":\"https:\/\/grontkontor.dk\/sv\/shop\/t-shirt-oekologisk-bomuld-herre-175-gsm\/#breadcrumb\",\"itemListElement\":[{\"@type\":\"ListItem\",\"position\":1,\"name\":\"Forside\",\"item\":\"https:\/\/grontkontor.dk\/\"},{\"@type\":\"ListItem\",\"position\":2,\"name\":\"Shop\",\"item\":\"https:\/\/grontkontor.dk\/sv\/shop\/\"},{\"@type\":\"ListItem\",\"position\":3,\"name\":\"Kl\u00e4der\",\"item\":\"https:\/\/grontkontor.dk\/sv\/produkt-kategori\/beklaedning-sv\/\"},{\"@type\":\"ListItem\",\"position\":4,\"name\":\"T-shirts, sweatshirts och pik\u00e9tr\u00f6jor\",\"item\":\"https:\/\/grontkontor.dk\/sv\/produkt-kategori\/beklaedning-sv\/t-shirts-sweatshirts-och-piketroejor\/\"},{\"@type\":\"ListItem\",\"position\":5,\"name\":\"T-shirt i ekologisk bomull f\u00f6r m\u00e4n 175 g\/m\u00b2\"}]},{\"@type\":\"WebSite\",\"@id\":\"https:\/\/grontkontor.dk\/#website\",\"url\":\"https:\/\/grontkontor.dk\/\",\"name\":\"Gr\u00f8nt Kontor\",\"description\":\"Milj\u00f8venlige produkter til kontor og erhverv med fokus p\u00e5 b\u00e6redygtighed, design og fair trade.\",\"publisher\":{\"@id\":\"https:\/\/grontkontor.dk\/#organization\"},\"potentialAction\":[{\"@type\":\"SearchAction\",\"target\":{\"@type\":\"EntryPoint\",\"urlTemplate\":\"https:\/\/grontkontor.dk\/?s={search_term_string}\"},\"query-input\":\"required name=search_term_string\"}],\"inLanguage\":\"sv-SE\"},{\"@type\":\"Organization\",\"@id\":\"https:\/\/grontkontor.dk\/#organization\",\"name\":\"Gr\u00f8nt Kontor\",\"url\":\"https:\/\/grontkontor.dk\/\",\"logo\":{\"@type\":\"ImageObject\",\"inLanguage\":\"sv-SE\",\"@id\":\"https:\/\/grontkontor.dk\/#\/schema\/logo\/image\/\",\"url\":\"https:\/\/grontkontor.dk\/wp-content\/uploads\/2014\/02\/Logo_groent_kontor_300x80.png\",\"contentUrl\":\"https:\/\/grontkontor.dk\/wp-content\/uploads\/2014\/02\/Logo_groent_kontor_300x80.png\",\"width\":300,\"height\":80,\"caption\":\"Gr\u00f8nt Kontor\"},\"image\":{\"@id\":\"https:\/\/grontkontor.dk\/#\/schema\/logo\/image\/\"},\"sameAs\":[\"https:\/\/www.facebook.com\/grontkontor.dk\/\"]}]}<\/script>\n<!-- \/ Yoast SEO Premium plugin. -->","yoast_head_json":{"title":"Milj\u00f6v\u00e4nlig t-shirt f\u00f6r f\u00f6retag i ekologisk bomull","description":"Milj\u00f6v\u00e4nlig t-shirt f\u00f6r f\u00f6retag i ekologisk bomull. Det \u00e4r ett klimatv\u00e4nligt val som kan levereras i flera storlekar och med din logotyp tryckt p\u00e5 den.","robots":{"index":"index","follow":"follow","max-snippet":"max-snippet:-1","max-image-preview":"max-image-preview:large","max-video-preview":"max-video-preview:-1"},"canonical":"https:\/\/grontkontor.dk\/sv\/shop\/t-shirt-oekologisk-bomuld-herre-175-gsm\/","og_locale":"sv_SE","og_type":"article","og_title":"T-shirt i ekologisk bomull f\u00f6r m\u00e4n 175 g\/m\u00b2","og_description":"Milj\u00f6v\u00e4nlig t-shirt f\u00f6r f\u00f6retag i ekologisk bomull. Det \u00e4r ett klimatv\u00e4nligt val som kan levereras i flera storlekar och med din logotyp tryckt p\u00e5 den.","og_url":"https:\/\/grontkontor.dk\/sv\/shop\/t-shirt-oekologisk-bomuld-herre-175-gsm\/","og_site_name":"Gr\u00f8nt Kontor","article_publisher":"https:\/\/www.facebook.com\/grontkontor.dk\/","article_modified_time":"2025-11-06T08:50:31+00:00","og_image":[{"width":900,"height":639,"url":"https:\/\/grontkontor.dk\/wp-content\/uploads\/2024\/11\/Klimavenlig-t-shirt-herre-i-oekologisk-bomuld-175-gsm-sort.jpg","type":"image\/jpeg"}],"twitter_card":"summary_large_image","twitter_misc":{"Ber\u00e4knad l\u00e4stid":"2 minuter"},"schema":{"@context":"https:\/\/schema.org","@graph":[{"@type":"WebPage","@id":"https:\/\/grontkontor.dk\/sv\/shop\/t-shirt-oekologisk-bomuld-herre-175-gsm\/","url":"https:\/\/grontkontor.dk\/sv\/shop\/t-shirt-oekologisk-bomuld-herre-175-gsm\/","name":"Milj\u00f6v\u00e4nlig t-shirt f\u00f6r f\u00f6retag i ekologisk bomull","isPartOf":{"@id":"https:\/\/grontkontor.dk\/#website"},"datePublished":"2024-11-21T13:23:02+00:00","dateModified":"2025-11-06T08:50:31+00:00","description":"Milj\u00f6v\u00e4nlig t-shirt f\u00f6r f\u00f6retag i ekologisk bomull. Det \u00e4r ett klimatv\u00e4nligt val som kan levereras i flera storlekar och med din logotyp tryckt p\u00e5 den.","breadcrumb":{"@id":"https:\/\/grontkontor.dk\/sv\/shop\/t-shirt-oekologisk-bomuld-herre-175-gsm\/#breadcrumb"},"inLanguage":"sv-SE","potentialAction":[{"@type":"ReadAction","target":["https:\/\/grontkontor.dk\/sv\/shop\/t-shirt-oekologisk-bomuld-herre-175-gsm\/"]}]},{"@type":"BreadcrumbList","@id":"https:\/\/grontkontor.dk\/sv\/shop\/t-shirt-oekologisk-bomuld-herre-175-gsm\/#breadcrumb","itemListElement":[{"@type":"ListItem","position":1,"name":"Forside","item":"https:\/\/grontkontor.dk\/"},{"@type":"ListItem","position":2,"name":"Shop","item":"https:\/\/grontkontor.dk\/sv\/shop\/"},{"@type":"ListItem","position":3,"name":"Kl\u00e4der","item":"https:\/\/grontkontor.dk\/sv\/produkt-kategori\/beklaedning-sv\/"},{"@type":"ListItem","position":4,"name":"T-shirts, sweatshirts och pik\u00e9tr\u00f6jor","item":"https:\/\/grontkontor.dk\/sv\/produkt-kategori\/beklaedning-sv\/t-shirts-sweatshirts-och-piketroejor\/"},{"@type":"ListItem","position":5,"name":"T-shirt i ekologisk bomull f\u00f6r m\u00e4n 175 g\/m\u00b2"}]},{"@type":"WebSite","@id":"https:\/\/grontkontor.dk\/#website","url":"https:\/\/grontkontor.dk\/","name":"Gr\u00f8nt Kontor","description":"Milj\u00f8venlige produkter til kontor og erhverv med fokus p\u00e5 b\u00e6redygtighed, design og fair trade.","publisher":{"@id":"https:\/\/grontkontor.dk\/#organization"},"potentialAction":[{"@type":"SearchAction","target":{"@type":"EntryPoint","urlTemplate":"https:\/\/grontkontor.dk\/?s={search_term_string}"},"query-input":"required name=search_term_string"}],"inLanguage":"sv-SE"},{"@type":"Organization","@id":"https:\/\/grontkontor.dk\/#organization","name":"Gr\u00f8nt Kontor","url":"https:\/\/grontkontor.dk\/","logo":{"@type":"ImageObject","inLanguage":"sv-SE","@id":"https:\/\/grontkontor.dk\/#\/schema\/logo\/image\/","url":"https:\/\/grontkontor.dk\/wp-content\/uploads\/2014\/02\/Logo_groent_kontor_300x80.png","contentUrl":"https:\/\/grontkontor.dk\/wp-content\/uploads\/2014\/02\/Logo_groent_kontor_300x80.png","width":300,"height":80,"caption":"Gr\u00f8nt Kontor"},"image":{"@id":"https:\/\/grontkontor.dk\/#\/schema\/logo\/image\/"},"sameAs":["https:\/\/www.facebook.com\/grontkontor.dk\/"]}]}},"_links":{"self":[{"href":"https:\/\/grontkontor.dk\/sv\/wp-json\/wp\/v2\/product\/117037"}],"collection":[{"href":"https:\/\/grontkontor.dk\/sv\/wp-json\/wp\/v2\/product"}],"about":[{"href":"https:\/\/grontkontor.dk\/sv\/wp-json\/wp\/v2\/types\/product"}],"replies":[{"embeddable":true,"href":"https:\/\/grontkontor.dk\/sv\/wp-json\/wp\/v2\/comments?post=117037"}],"wp:featuredmedia":[{"embeddable":true,"href":"https:\/\/grontkontor.dk\/sv\/wp-json\/wp\/v2\/media\/128735"}],"wp:attachment":[{"href":"https:\/\/grontkontor.dk\/sv\/wp-json\/wp\/v2\/media?parent=117037"}],"wp:term":[{"taxonomy":"product_cat","embeddable":true,"href":"https:\/\/grontkontor.dk\/sv\/wp-json\/wp\/v2\/product_cat?post=117037"},{"taxonomy":"product_tag","embeddable":true,"href":"https:\/\/grontkontor.dk\/sv\/wp-json\/wp\/v2\/product_tag?post=117037"}],"curies":[{"name":"wp","href":"https:\/\/api.w.org\/{rel}","templated":true}]}}