{"id":117598,"date":"2024-12-18T12:57:33","date_gmt":"2024-12-18T11:57:35","guid":{"rendered":"https:\/\/grontkontor.dk\/?post_type=product&#038;p=117598"},"modified":"2025-01-17T13:19:22","modified_gmt":"2025-01-17T12:19:22","slug":"notesbog-i-genanvendt-pap","status":"publish","type":"product","link":"https:\/\/grontkontor.dk\/sv\/shop\/notesbog-i-genanvendt-pap\/","title":{"rendered":"B\u00e4rbar dator i \u00e5tervunnen kartong"},"content":{"rendered":"<p data-pm-slice=\"0 0 []\">Klimatsmart anteckningsblock i A5-format med h\u00e5rd p\u00e4rm tillverkat av 100 % \u00e5tervunnet papper. Inneh\u00e5ller 120 olinjerade sidor, \u00e4ven de gjorda av \u00e5tervunnet papper. Finns i f\u00e4rgerna natur, gr\u00f6nt och svart.  <\/p>\n<p data-pm-slice=\"0 0 []\">En klimatsmart produkt perfekt som utdelning\/giveaway till studentm\u00e4ssor, konferenser eller andra event.<\/p>\n<p>Finns med logotryck.<\/p>\n\u00c5tervunnet papper tillverkas av \u00e5tervunnet papper och belastar d\u00e4rmed inte v\u00e5ra skogar. Dessutom g\u00e5r det vanligtvis \u00e5t mycket mindre energi i tillverkningsprocessen \u00e4n vad som \u00e4r fallet med vanligt tr\u00e4baserat papper. \u00c5tervunnet papper kan d\u00e4rf\u00f6r betraktas som ett extremt klimatv\u00e4nligt material. \n<p>&nbsp;<\/p>\n<img loading=\"lazy\" decoding=\"async\" src=\"https:\/\/grontkontor.dk\/wp-content\/uploads\/2021\/02\/genbrug.jpg\" alt=\"Fremstillet af genbrugsmaterialer\" width=\"50\" height=\"50\" class=\"size-full wp-image-23031\" srcset=\"https:\/\/grontkontor.dk\/wp-content\/uploads\/2021\/02\/genbrug.jpg 199w, https:\/\/grontkontor.dk\/wp-content\/uploads\/2021\/02\/genbrug-100x100.jpg 100w\" sizes=\"(max-width: 50px) 100vw, 50px\" \/>\n","protected":false},"excerpt":{"rendered":"<p>Klimatsmart anteckningsblock i A5-format med h\u00e5rd p\u00e4rm tillverkat av 100 % \u00e5tervunnet papper. Inneh\u00e5ller 120 olinjerade sidor, \u00e4ven de gjorda av \u00e5tervunnet papper. Finns i f\u00e4rgerna natur, gr\u00f6nt och svart. En klimatsmart produkt perfekt som utdelning\/giveaway till studentm\u00e4ssor, konferenser eller andra event. Finns med logotryck. &nbsp;<\/p>\n","protected":false},"featured_media":117636,"comment_status":"closed","ping_status":"closed","template":"","meta":{"_acf_changed":false},"product_cat":[663,2107,2394,661],"product_tag":[788,695],"class_list":{"0":"post-117598","1":"product","2":"type-product","3":"status-publish","4":"has-post-thumbnail","6":"product_cat-block","7":"product_cat-dummy-moq-1-sv","8":"product_cat-nyheter","9":"product_cat-papper-och-block","10":"product_tag-skrivblock","11":"product_tag-anteckningsbok","12":"pa_farve-arme-groen","13":"pa_farve-assorteret-sv","14":"pa_farve-azure-sv","15":"pa_farve-beige-sv","16":"pa_farve-black-sv","17":"pa_farve-black-gold-silver-sv","18":"pa_farve-blue-sv","19":"pa_farve-blaa-min-100-stk-sv","20":"pa_farve-blaa-min-15-sv","21":"pa_farve-blaa-min-15-stk-sv","22":"pa_farve-blaa-gul-sv","23":"pa_farve-blaa-groen-gul-sv","24":"pa_farve-bordeaux-sv","25":"pa_farve-brown-sv","26":"pa_farve-brown-sv-2","27":"pa_farve-browne-sv","28":"pa_farve-brun-med-svart-topp-och-botten","29":"pa_farve-bruten-vit","30":"pa_farve-cream-sv","31":"pa_farve-crimson-sv","32":"pa_farve-deep-green-sv","33":"pa_farve-ektraed","34":"pa_farve-fotogen-groen","35":"pa_farve-fuchsia-min-100-stk-sv","36":"pa_farve-gold-sv","37":"pa_farve-green-sv","38":"pa_farve-grey-sv","39":"pa_farve-graa-min-100-stk-sv","40":"pa_farve-groen-flaska","41":"pa_farve-hallon-roed","42":"pa_farve-kalk","43":"pa_farve-khaki-sv","44":"pa_farve-kungsblaa","45":"pa_farve-limegroen-sv","46":"pa_farve-ljusrosa","47":"pa_farve-lys-graa-sv","48":"pa_farve-lyseblaa-sv","49":"pa_farve-lysegroen-sv","50":"pa_farve-magenta-sv","51":"pa_farve-many-sv","52":"pa_farve-marineblaa-sv","53":"pa_farve-mint-sv","54":"pa_farve-moerkblaa","55":"pa_farve-moerkgraa","56":"pa_farve-moerkroed","57":"pa_farve-moerk-graa-sv","58":"pa_farve-moerkegroen-sv","59":"pa_farve-natur-min-100-stk-sv","60":"pa_farve-ocean-blue-sv","61":"pa_farve-persika","62":"pa_farve-red-sv","63":"pa_farve-royal-blaa-sv","64":"pa_farve-roed-min-100-stk-sv","65":"pa_farve-roed-min-15-sv","66":"pa_farve-roed-min-15-blaa-min-15-sv","67":"pa_farve-roed-min-15-stk-sv","68":"pa_farve-roed-min-15-stk-blaa-min-15-stk-sv","69":"pa_farve-senapsgul","70":"pa_farve-silver-sv","71":"pa_farve-struktur-sv","72":"pa_farve-sort-min-100-stk-sv","73":"pa_farve-soelvfarvet-sv","74":"pa_farve-traed","75":"pa_farve-traekolsgraa","76":"pa_farve-turkis-sv","77":"pa_farve-turquoise-sv","78":"pa_farve-valnoet","79":"pa_farve-vinroed-sv","80":"pa_farve-violate-sv","81":"pa_farve-violet-sv","82":"pa_farve-vitpigmenterad","83":"pa_farve-vitpigmenterad-med-brun-ovan-och-underdel","84":"pa_farve-vitpigmenterad-med-svart-oever-och-underdel","85":"pa_farve-white-sv","86":"pa_farve-yellow-sv","87":"pa_farve-mix-sv","88":"pa_farve-blaa-sv","89":"pa_farve-blaat-blaek-sv","90":"pa_farve-brun-sv","91":"pa_farve-gennemsigtig-sv","92":"pa_farve-grafit-sv","93":"pa_farve-graa-sv","94":"pa_farve-creme-sv","95":"pa_farve-groen-sv","96":"pa_farve-gul-sv","97":"pa_farve-lilla-sv","98":"pa_farve-natur-sv","99":"pa_farve-oliven-sv","100":"pa_farve-orange-sv","101":"pa_farve-pink-sv","102":"pa_farve-roed-sv","103":"pa_farve-roedbrun-sv","104":"pa_farve-sennep-sv","105":"pa_farve-sort-sv","106":"pa_farve-sort-blaek-sv","107":"pa_farve-soelv-sv","108":"pa_farve-transparent-sv","109":"pa_farve-hvid-sv","110":"tm-has-options","112":"first","113":"instock","114":"taxable","115":"shipping-taxable","116":"purchasable","117":"product-type-variable","118":"has-default-attributes"},"acf":[],"yoast_head":"<!-- This site is optimized with the Yoast SEO Premium plugin v21.2 (Yoast SEO v21.2) - https:\/\/yoast.com\/wordpress\/plugins\/seo\/ -->\n<title>B\u00e4rbar dator i \u00e5tervunnen kartong - Gr\u00f8nt Kontor<\/title>\n<meta name=\"robots\" content=\"index, follow, max-snippet:-1, max-image-preview:large, max-video-preview:-1\" \/>\n<link rel=\"canonical\" href=\"https:\/\/grontkontor.dk\/sv\/shop\/notesbog-i-genanvendt-pap\/\" \/>\n<meta property=\"og:locale\" content=\"sv_SE\" \/>\n<meta property=\"og:type\" content=\"article\" \/>\n<meta property=\"og:title\" content=\"B\u00e4rbar dator i \u00e5tervunnen kartong\" \/>\n<meta property=\"og:description\" content=\"Klimatsmart anteckningsblock i A5-format med h\u00e5rd p\u00e4rm tillverkat av 100 % \u00e5tervunnet papper. Inneh\u00e5ller 120 olinjerade sidor, \u00e4ven de gjorda av \u00e5tervunnet papper. Finns i f\u00e4rgerna natur, gr\u00f6nt och svart. En klimatsmart produkt perfekt som utdelning\/giveaway till studentm\u00e4ssor, konferenser eller andra event. Finns med logotryck. &nbsp;\" \/>\n<meta property=\"og:url\" content=\"https:\/\/grontkontor.dk\/sv\/shop\/notesbog-i-genanvendt-pap\/\" \/>\n<meta property=\"og:site_name\" content=\"Gr\u00f8nt Kontor\" \/>\n<meta property=\"article:publisher\" content=\"https:\/\/www.facebook.com\/grontkontor.dk\/\" \/>\n<meta property=\"article:modified_time\" content=\"2025-01-17T12:19:22+00:00\" \/>\n<meta property=\"og:image\" content=\"https:\/\/grontkontor.dk\/wp-content\/uploads\/2024\/08\/Klimavenlig-notesbog-i-frugtpapir-collage.jpg\" \/>\n\t<meta property=\"og:image:width\" content=\"900\" \/>\n\t<meta property=\"og:image:height\" content=\"639\" \/>\n\t<meta property=\"og:image:type\" content=\"image\/jpeg\" \/>\n<meta name=\"twitter:card\" content=\"summary_large_image\" \/>\n<meta name=\"twitter:label1\" content=\"Ber\u00e4knad l\u00e4stid\" \/>\n\t<meta name=\"twitter:data1\" content=\"1 minut\" \/>\n<script type=\"application\/ld+json\" class=\"yoast-schema-graph\">{\"@context\":\"https:\/\/schema.org\",\"@graph\":[{\"@type\":\"WebPage\",\"@id\":\"https:\/\/grontkontor.dk\/sv\/shop\/notesbog-i-genanvendt-pap\/\",\"url\":\"https:\/\/grontkontor.dk\/sv\/shop\/notesbog-i-genanvendt-pap\/\",\"name\":\"B\u00e4rbar dator i \u00e5tervunnen kartong - Gr\u00f8nt Kontor\",\"isPartOf\":{\"@id\":\"https:\/\/grontkontor.dk\/#website\"},\"datePublished\":\"2024-12-18T11:57:35+00:00\",\"dateModified\":\"2025-01-17T12:19:22+00:00\",\"breadcrumb\":{\"@id\":\"https:\/\/grontkontor.dk\/sv\/shop\/notesbog-i-genanvendt-pap\/#breadcrumb\"},\"inLanguage\":\"sv-SE\",\"potentialAction\":[{\"@type\":\"ReadAction\",\"target\":[\"https:\/\/grontkontor.dk\/sv\/shop\/notesbog-i-genanvendt-pap\/\"]}]},{\"@type\":\"BreadcrumbList\",\"@id\":\"https:\/\/grontkontor.dk\/sv\/shop\/notesbog-i-genanvendt-pap\/#breadcrumb\",\"itemListElement\":[{\"@type\":\"ListItem\",\"position\":1,\"name\":\"Forside\",\"item\":\"https:\/\/grontkontor.dk\/\"},{\"@type\":\"ListItem\",\"position\":2,\"name\":\"Shop\",\"item\":\"https:\/\/grontkontor.dk\/sv\/shop\/\"},{\"@type\":\"ListItem\",\"position\":3,\"name\":\"Papir og blokke\",\"item\":\"https:\/\/grontkontor.dk\/produkt-kategori\/papir\/\"},{\"@type\":\"ListItem\",\"position\":4,\"name\":\"Memoblokke\",\"item\":\"https:\/\/grontkontor.dk\/produkt-kategori\/papir\/memoblokke\/\"},{\"@type\":\"ListItem\",\"position\":5,\"name\":\"B\u00e4rbar dator i \u00e5tervunnen kartong\"}]},{\"@type\":\"WebSite\",\"@id\":\"https:\/\/grontkontor.dk\/#website\",\"url\":\"https:\/\/grontkontor.dk\/\",\"name\":\"Gr\u00f8nt Kontor\",\"description\":\"Milj\u00f8venlige produkter til kontor og erhverv med fokus p\u00e5 b\u00e6redygtighed, design og fair trade.\",\"publisher\":{\"@id\":\"https:\/\/grontkontor.dk\/#organization\"},\"potentialAction\":[{\"@type\":\"SearchAction\",\"target\":{\"@type\":\"EntryPoint\",\"urlTemplate\":\"https:\/\/grontkontor.dk\/?s={search_term_string}\"},\"query-input\":\"required name=search_term_string\"}],\"inLanguage\":\"sv-SE\"},{\"@type\":\"Organization\",\"@id\":\"https:\/\/grontkontor.dk\/#organization\",\"name\":\"Gr\u00f8nt Kontor\",\"url\":\"https:\/\/grontkontor.dk\/\",\"logo\":{\"@type\":\"ImageObject\",\"inLanguage\":\"sv-SE\",\"@id\":\"https:\/\/grontkontor.dk\/#\/schema\/logo\/image\/\",\"url\":\"https:\/\/grontkontor.dk\/wp-content\/uploads\/2014\/02\/Logo_groent_kontor_300x80.png\",\"contentUrl\":\"https:\/\/grontkontor.dk\/wp-content\/uploads\/2014\/02\/Logo_groent_kontor_300x80.png\",\"width\":300,\"height\":80,\"caption\":\"Gr\u00f8nt Kontor\"},\"image\":{\"@id\":\"https:\/\/grontkontor.dk\/#\/schema\/logo\/image\/\"},\"sameAs\":[\"https:\/\/www.facebook.com\/grontkontor.dk\/\"]}]}<\/script>\n<!-- \/ Yoast SEO Premium plugin. -->","yoast_head_json":{"title":"B\u00e4rbar dator i \u00e5tervunnen kartong - Gr\u00f8nt Kontor","robots":{"index":"index","follow":"follow","max-snippet":"max-snippet:-1","max-image-preview":"max-image-preview:large","max-video-preview":"max-video-preview:-1"},"canonical":"https:\/\/grontkontor.dk\/sv\/shop\/notesbog-i-genanvendt-pap\/","og_locale":"sv_SE","og_type":"article","og_title":"B\u00e4rbar dator i \u00e5tervunnen kartong","og_description":"Klimatsmart anteckningsblock i A5-format med h\u00e5rd p\u00e4rm tillverkat av 100 % \u00e5tervunnet papper. Inneh\u00e5ller 120 olinjerade sidor, \u00e4ven de gjorda av \u00e5tervunnet papper. Finns i f\u00e4rgerna natur, gr\u00f6nt och svart. En klimatsmart produkt perfekt som utdelning\/giveaway till studentm\u00e4ssor, konferenser eller andra event. Finns med logotryck. &nbsp;","og_url":"https:\/\/grontkontor.dk\/sv\/shop\/notesbog-i-genanvendt-pap\/","og_site_name":"Gr\u00f8nt Kontor","article_publisher":"https:\/\/www.facebook.com\/grontkontor.dk\/","article_modified_time":"2025-01-17T12:19:22+00:00","og_image":[{"width":900,"height":639,"url":"https:\/\/grontkontor.dk\/wp-content\/uploads\/2024\/08\/Klimavenlig-notesbog-i-frugtpapir-collage.jpg","type":"image\/jpeg"}],"twitter_card":"summary_large_image","twitter_misc":{"Ber\u00e4knad l\u00e4stid":"1 minut"},"schema":{"@context":"https:\/\/schema.org","@graph":[{"@type":"WebPage","@id":"https:\/\/grontkontor.dk\/sv\/shop\/notesbog-i-genanvendt-pap\/","url":"https:\/\/grontkontor.dk\/sv\/shop\/notesbog-i-genanvendt-pap\/","name":"B\u00e4rbar dator i \u00e5tervunnen kartong - Gr\u00f8nt Kontor","isPartOf":{"@id":"https:\/\/grontkontor.dk\/#website"},"datePublished":"2024-12-18T11:57:35+00:00","dateModified":"2025-01-17T12:19:22+00:00","breadcrumb":{"@id":"https:\/\/grontkontor.dk\/sv\/shop\/notesbog-i-genanvendt-pap\/#breadcrumb"},"inLanguage":"sv-SE","potentialAction":[{"@type":"ReadAction","target":["https:\/\/grontkontor.dk\/sv\/shop\/notesbog-i-genanvendt-pap\/"]}]},{"@type":"BreadcrumbList","@id":"https:\/\/grontkontor.dk\/sv\/shop\/notesbog-i-genanvendt-pap\/#breadcrumb","itemListElement":[{"@type":"ListItem","position":1,"name":"Forside","item":"https:\/\/grontkontor.dk\/"},{"@type":"ListItem","position":2,"name":"Shop","item":"https:\/\/grontkontor.dk\/sv\/shop\/"},{"@type":"ListItem","position":3,"name":"Papir og blokke","item":"https:\/\/grontkontor.dk\/produkt-kategori\/papir\/"},{"@type":"ListItem","position":4,"name":"Memoblokke","item":"https:\/\/grontkontor.dk\/produkt-kategori\/papir\/memoblokke\/"},{"@type":"ListItem","position":5,"name":"B\u00e4rbar dator i \u00e5tervunnen kartong"}]},{"@type":"WebSite","@id":"https:\/\/grontkontor.dk\/#website","url":"https:\/\/grontkontor.dk\/","name":"Gr\u00f8nt Kontor","description":"Milj\u00f8venlige produkter til kontor og erhverv med fokus p\u00e5 b\u00e6redygtighed, design og fair trade.","publisher":{"@id":"https:\/\/grontkontor.dk\/#organization"},"potentialAction":[{"@type":"SearchAction","target":{"@type":"EntryPoint","urlTemplate":"https:\/\/grontkontor.dk\/?s={search_term_string}"},"query-input":"required name=search_term_string"}],"inLanguage":"sv-SE"},{"@type":"Organization","@id":"https:\/\/grontkontor.dk\/#organization","name":"Gr\u00f8nt Kontor","url":"https:\/\/grontkontor.dk\/","logo":{"@type":"ImageObject","inLanguage":"sv-SE","@id":"https:\/\/grontkontor.dk\/#\/schema\/logo\/image\/","url":"https:\/\/grontkontor.dk\/wp-content\/uploads\/2014\/02\/Logo_groent_kontor_300x80.png","contentUrl":"https:\/\/grontkontor.dk\/wp-content\/uploads\/2014\/02\/Logo_groent_kontor_300x80.png","width":300,"height":80,"caption":"Gr\u00f8nt Kontor"},"image":{"@id":"https:\/\/grontkontor.dk\/#\/schema\/logo\/image\/"},"sameAs":["https:\/\/www.facebook.com\/grontkontor.dk\/"]}]}},"_links":{"self":[{"href":"https:\/\/grontkontor.dk\/sv\/wp-json\/wp\/v2\/product\/117598"}],"collection":[{"href":"https:\/\/grontkontor.dk\/sv\/wp-json\/wp\/v2\/product"}],"about":[{"href":"https:\/\/grontkontor.dk\/sv\/wp-json\/wp\/v2\/types\/product"}],"replies":[{"embeddable":true,"href":"https:\/\/grontkontor.dk\/sv\/wp-json\/wp\/v2\/comments?post=117598"}],"wp:featuredmedia":[{"embeddable":true,"href":"https:\/\/grontkontor.dk\/sv\/wp-json\/wp\/v2\/media\/117636"}],"wp:attachment":[{"href":"https:\/\/grontkontor.dk\/sv\/wp-json\/wp\/v2\/media?parent=117598"}],"wp:term":[{"taxonomy":"product_cat","embeddable":true,"href":"https:\/\/grontkontor.dk\/sv\/wp-json\/wp\/v2\/product_cat?post=117598"},{"taxonomy":"product_tag","embeddable":true,"href":"https:\/\/grontkontor.dk\/sv\/wp-json\/wp\/v2\/product_tag?post=117598"}],"curies":[{"name":"wp","href":"https:\/\/api.w.org\/{rel}","templated":true}]}}