{"id":117690,"date":"2025-01-06T09:58:48","date_gmt":"2025-01-06T08:58:48","guid":{"rendered":"https:\/\/grontkontor.dk\/?post_type=product&#038;p=117690"},"modified":"2025-01-17T13:19:59","modified_gmt":"2025-01-17T12:19:59","slug":"kuglepen-genanvendt-aluminium","status":"publish","type":"product","link":"https:\/\/grontkontor.dk\/sv\/shop\/kuglepen-genanvendt-aluminium\/","title":{"rendered":"Kulspetspenna, \u00e5tervunnen aluminium"},"content":{"rendered":"<p>Milj\u00f6v\u00e4nlig kulspetspenna i \u00e5tervunnen aluminium. Finns i bl\u00e5tt, svart, vitt, r\u00f6tt och klassiskt st\u00e5l. En l\u00e4cker och billig produkt som fr\u00e4mjar det cirkul\u00e4ra t\u00e4nkes\u00e4ttet. <\/p>\n<p>\u00c5tervunnet aluminium \u00e4r ett material som kan \u00e5tervinnas n\u00e4stan o\u00e4ndligt utan att f\u00f6rlora sina ursprungliga egenskaper. \u00c5tervunnet aluminium f\u00f6rbrukar mindre energi och f\u00e4rre skadliga \u00e4mnen i tillverkningsprocessen j\u00e4mf\u00f6rt med traditionellt aluminium.<\/p>\nGlobal Recycled Standard certificeringen garanterar att man \u00e5tervunnet minst 50% av materialet i en slutprodukt. GRS \u00e4r dessutom en garanti f\u00f6r goda arbetsvillkor och minimalt inneh\u00e5ll av skatlig kemi. \n<p>&nbsp;<\/p>\n<p><img loading=\"lazy\" decoding=\"async\" src=\"https:\/\/grontkontor.dk\/wp-content\/uploads\/2021\/02\/genbrug.jpg\" alt=\"Fremstillet af genbrugsmaterialer\" width=\"50\" height=\"50\" class=\"size-full wp-image-23031\" srcset=\"https:\/\/grontkontor.dk\/wp-content\/uploads\/2021\/02\/genbrug.jpg 199w, https:\/\/grontkontor.dk\/wp-content\/uploads\/2021\/02\/genbrug-100x100.jpg 100w\" sizes=\"(max-width: 50px) 100vw, 50px\" \/> <span style=\"font-family: Arial, sans-serif;\"><span style=\"font-size: medium;\"><a href=\"https:\/\/textileexchange.org\/standards\/recycled-claim-standard-global-recycled-standard\/\"><img loading=\"lazy\" decoding=\"async\" src=\"https:\/\/grontkontor.dk\/wp-content\/uploads\/2021\/06\/global-recycled-standard-1.jpg\" alt=\"Global recycled standard\" width=\"50\" height=\"50\" class=\"size-full wp-image-25504\" \/> <\/a><\/span><\/span><\/p>\n","protected":false},"excerpt":{"rendered":"<p>Milj\u00f6v\u00e4nlig kulspetspenna i \u00e5tervunnen aluminium. Finns i bl\u00e5tt, svart, vitt, r\u00f6tt och klassiskt st\u00e5l. En l\u00e4cker och billig produkt som fr\u00e4mjar det cirkul\u00e4ra t\u00e4nkes\u00e4ttet. \u00c5tervunnet aluminium \u00e4r ett material som kan \u00e5tervinnas n\u00e4stan o\u00e4ndligt utan att f\u00f6rlora sina ursprungliga egenskaper. \u00c5tervunnet aluminium f\u00f6rbrukar mindre energi och f\u00e4rre skadliga \u00e4mnen i tillverkningsprocessen j\u00e4mf\u00f6rt med traditionellt aluminium. [&hellip;]<\/p>\n","protected":false},"featured_media":117728,"comment_status":"closed","ping_status":"closed","template":"","meta":{"_acf_changed":false},"product_cat":[4415,2107,2394,667,1677,665],"product_tag":[766,796],"class_list":{"0":"post-117690","1":"product","2":"type-product","3":"status-publish","4":"has-post-thumbnail","6":"product_cat-pennor-och-blyertspennor","7":"product_cat-dummy-moq-1-sv","8":"product_cat-nyheter","9":"product_cat-kulspetspennor","10":"product_cat-kulpennor-med-tryck","11":"product_cat-skrivtillbehoer","12":"product_tag-kulpenna","13":"product_tag-penna","14":"pa_farve-blaa-sv","15":"pa_farve-roed-sv","16":"pa_farve-sort-sv","17":"pa_farve-soelv-sv","18":"pa_farve-hvid-sv","19":"tm-has-options","21":"first","22":"instock","23":"taxable","24":"shipping-taxable","25":"purchasable","26":"product-type-variable","27":"has-default-attributes"},"acf":[],"yoast_head":"<!-- This site is optimized with the Yoast SEO Premium plugin v21.2 (Yoast SEO v21.2) - https:\/\/yoast.com\/wordpress\/plugins\/seo\/ -->\n<title>Kulspetspenna, \u00e5tervunnen aluminium - Gr\u00f8nt Kontor<\/title>\n<meta name=\"robots\" content=\"index, follow, max-snippet:-1, max-image-preview:large, max-video-preview:-1\" \/>\n<link rel=\"canonical\" href=\"https:\/\/grontkontor.dk\/sv\/shop\/kuglepen-genanvendt-aluminium\/\" \/>\n<meta property=\"og:locale\" content=\"sv_SE\" \/>\n<meta property=\"og:type\" content=\"article\" \/>\n<meta property=\"og:title\" content=\"Kulspetspenna, \u00e5tervunnen aluminium\" \/>\n<meta property=\"og:description\" content=\"Milj\u00f6v\u00e4nlig kulspetspenna i \u00e5tervunnen aluminium. Finns i bl\u00e5tt, svart, vitt, r\u00f6tt och klassiskt st\u00e5l. En l\u00e4cker och billig produkt som fr\u00e4mjar det cirkul\u00e4ra t\u00e4nkes\u00e4ttet. \u00c5tervunnet aluminium \u00e4r ett material som kan \u00e5tervinnas n\u00e4stan o\u00e4ndligt utan att f\u00f6rlora sina ursprungliga egenskaper. \u00c5tervunnet aluminium f\u00f6rbrukar mindre energi och f\u00e4rre skadliga \u00e4mnen i tillverkningsprocessen j\u00e4mf\u00f6rt med traditionellt aluminium. [&hellip;]\" \/>\n<meta property=\"og:url\" content=\"https:\/\/grontkontor.dk\/sv\/shop\/kuglepen-genanvendt-aluminium\/\" \/>\n<meta property=\"og:site_name\" content=\"Gr\u00f8nt Kontor\" \/>\n<meta property=\"article:publisher\" content=\"https:\/\/www.facebook.com\/grontkontor.dk\/\" \/>\n<meta property=\"article:modified_time\" content=\"2025-01-17T12:19:59+00:00\" \/>\n<meta property=\"og:image\" content=\"https:\/\/grontkontor.dk\/wp-content\/uploads\/2025\/01\/Klimavenlig-kuglepen-i-genanvendt-aluminium-collage.jpg\" \/>\n\t<meta property=\"og:image:width\" content=\"900\" \/>\n\t<meta property=\"og:image:height\" content=\"639\" \/>\n\t<meta property=\"og:image:type\" content=\"image\/jpeg\" \/>\n<meta name=\"twitter:card\" content=\"summary_large_image\" \/>\n<script type=\"application\/ld+json\" class=\"yoast-schema-graph\">{\"@context\":\"https:\/\/schema.org\",\"@graph\":[{\"@type\":\"WebPage\",\"@id\":\"https:\/\/grontkontor.dk\/sv\/shop\/kuglepen-genanvendt-aluminium\/\",\"url\":\"https:\/\/grontkontor.dk\/sv\/shop\/kuglepen-genanvendt-aluminium\/\",\"name\":\"Kulspetspenna, \u00e5tervunnen aluminium - Gr\u00f8nt Kontor\",\"isPartOf\":{\"@id\":\"https:\/\/grontkontor.dk\/#website\"},\"datePublished\":\"2025-01-06T08:58:48+00:00\",\"dateModified\":\"2025-01-17T12:19:59+00:00\",\"breadcrumb\":{\"@id\":\"https:\/\/grontkontor.dk\/sv\/shop\/kuglepen-genanvendt-aluminium\/#breadcrumb\"},\"inLanguage\":\"sv-SE\",\"potentialAction\":[{\"@type\":\"ReadAction\",\"target\":[\"https:\/\/grontkontor.dk\/sv\/shop\/kuglepen-genanvendt-aluminium\/\"]}]},{\"@type\":\"BreadcrumbList\",\"@id\":\"https:\/\/grontkontor.dk\/sv\/shop\/kuglepen-genanvendt-aluminium\/#breadcrumb\",\"itemListElement\":[{\"@type\":\"ListItem\",\"position\":1,\"name\":\"Forside\",\"item\":\"https:\/\/grontkontor.dk\/\"},{\"@type\":\"ListItem\",\"position\":2,\"name\":\"Shop\",\"item\":\"https:\/\/grontkontor.dk\/sv\/shop\/\"},{\"@type\":\"ListItem\",\"position\":3,\"name\":\"Skrive- og pegeudstyr\",\"item\":\"https:\/\/grontkontor.dk\/produkt-kategori\/skrive-og-pegeudstyr\/\"},{\"@type\":\"ListItem\",\"position\":4,\"name\":\"Kuglepenne\",\"item\":\"https:\/\/grontkontor.dk\/produkt-kategori\/skrive-og-pegeudstyr\/kuglepenne\/\"},{\"@type\":\"ListItem\",\"position\":5,\"name\":\"Kulspetspenna, \u00e5tervunnen aluminium\"}]},{\"@type\":\"WebSite\",\"@id\":\"https:\/\/grontkontor.dk\/#website\",\"url\":\"https:\/\/grontkontor.dk\/\",\"name\":\"Gr\u00f8nt Kontor\",\"description\":\"Milj\u00f8venlige produkter til kontor og erhverv med fokus p\u00e5 b\u00e6redygtighed, design og fair trade.\",\"publisher\":{\"@id\":\"https:\/\/grontkontor.dk\/#organization\"},\"potentialAction\":[{\"@type\":\"SearchAction\",\"target\":{\"@type\":\"EntryPoint\",\"urlTemplate\":\"https:\/\/grontkontor.dk\/?s={search_term_string}\"},\"query-input\":\"required name=search_term_string\"}],\"inLanguage\":\"sv-SE\"},{\"@type\":\"Organization\",\"@id\":\"https:\/\/grontkontor.dk\/#organization\",\"name\":\"Gr\u00f8nt Kontor\",\"url\":\"https:\/\/grontkontor.dk\/\",\"logo\":{\"@type\":\"ImageObject\",\"inLanguage\":\"sv-SE\",\"@id\":\"https:\/\/grontkontor.dk\/#\/schema\/logo\/image\/\",\"url\":\"https:\/\/grontkontor.dk\/wp-content\/uploads\/2014\/02\/Logo_groent_kontor_300x80.png\",\"contentUrl\":\"https:\/\/grontkontor.dk\/wp-content\/uploads\/2014\/02\/Logo_groent_kontor_300x80.png\",\"width\":300,\"height\":80,\"caption\":\"Gr\u00f8nt Kontor\"},\"image\":{\"@id\":\"https:\/\/grontkontor.dk\/#\/schema\/logo\/image\/\"},\"sameAs\":[\"https:\/\/www.facebook.com\/grontkontor.dk\/\"]}]}<\/script>\n<!-- \/ Yoast SEO Premium plugin. -->","yoast_head_json":{"title":"Kulspetspenna, \u00e5tervunnen aluminium - Gr\u00f8nt Kontor","robots":{"index":"index","follow":"follow","max-snippet":"max-snippet:-1","max-image-preview":"max-image-preview:large","max-video-preview":"max-video-preview:-1"},"canonical":"https:\/\/grontkontor.dk\/sv\/shop\/kuglepen-genanvendt-aluminium\/","og_locale":"sv_SE","og_type":"article","og_title":"Kulspetspenna, \u00e5tervunnen aluminium","og_description":"Milj\u00f6v\u00e4nlig kulspetspenna i \u00e5tervunnen aluminium. Finns i bl\u00e5tt, svart, vitt, r\u00f6tt och klassiskt st\u00e5l. En l\u00e4cker och billig produkt som fr\u00e4mjar det cirkul\u00e4ra t\u00e4nkes\u00e4ttet. \u00c5tervunnet aluminium \u00e4r ett material som kan \u00e5tervinnas n\u00e4stan o\u00e4ndligt utan att f\u00f6rlora sina ursprungliga egenskaper. \u00c5tervunnet aluminium f\u00f6rbrukar mindre energi och f\u00e4rre skadliga \u00e4mnen i tillverkningsprocessen j\u00e4mf\u00f6rt med traditionellt aluminium. [&hellip;]","og_url":"https:\/\/grontkontor.dk\/sv\/shop\/kuglepen-genanvendt-aluminium\/","og_site_name":"Gr\u00f8nt Kontor","article_publisher":"https:\/\/www.facebook.com\/grontkontor.dk\/","article_modified_time":"2025-01-17T12:19:59+00:00","og_image":[{"width":900,"height":639,"url":"https:\/\/grontkontor.dk\/wp-content\/uploads\/2025\/01\/Klimavenlig-kuglepen-i-genanvendt-aluminium-collage.jpg","type":"image\/jpeg"}],"twitter_card":"summary_large_image","schema":{"@context":"https:\/\/schema.org","@graph":[{"@type":"WebPage","@id":"https:\/\/grontkontor.dk\/sv\/shop\/kuglepen-genanvendt-aluminium\/","url":"https:\/\/grontkontor.dk\/sv\/shop\/kuglepen-genanvendt-aluminium\/","name":"Kulspetspenna, \u00e5tervunnen aluminium - Gr\u00f8nt Kontor","isPartOf":{"@id":"https:\/\/grontkontor.dk\/#website"},"datePublished":"2025-01-06T08:58:48+00:00","dateModified":"2025-01-17T12:19:59+00:00","breadcrumb":{"@id":"https:\/\/grontkontor.dk\/sv\/shop\/kuglepen-genanvendt-aluminium\/#breadcrumb"},"inLanguage":"sv-SE","potentialAction":[{"@type":"ReadAction","target":["https:\/\/grontkontor.dk\/sv\/shop\/kuglepen-genanvendt-aluminium\/"]}]},{"@type":"BreadcrumbList","@id":"https:\/\/grontkontor.dk\/sv\/shop\/kuglepen-genanvendt-aluminium\/#breadcrumb","itemListElement":[{"@type":"ListItem","position":1,"name":"Forside","item":"https:\/\/grontkontor.dk\/"},{"@type":"ListItem","position":2,"name":"Shop","item":"https:\/\/grontkontor.dk\/sv\/shop\/"},{"@type":"ListItem","position":3,"name":"Skrive- og pegeudstyr","item":"https:\/\/grontkontor.dk\/produkt-kategori\/skrive-og-pegeudstyr\/"},{"@type":"ListItem","position":4,"name":"Kuglepenne","item":"https:\/\/grontkontor.dk\/produkt-kategori\/skrive-og-pegeudstyr\/kuglepenne\/"},{"@type":"ListItem","position":5,"name":"Kulspetspenna, \u00e5tervunnen aluminium"}]},{"@type":"WebSite","@id":"https:\/\/grontkontor.dk\/#website","url":"https:\/\/grontkontor.dk\/","name":"Gr\u00f8nt Kontor","description":"Milj\u00f8venlige produkter til kontor og erhverv med fokus p\u00e5 b\u00e6redygtighed, design og fair trade.","publisher":{"@id":"https:\/\/grontkontor.dk\/#organization"},"potentialAction":[{"@type":"SearchAction","target":{"@type":"EntryPoint","urlTemplate":"https:\/\/grontkontor.dk\/?s={search_term_string}"},"query-input":"required name=search_term_string"}],"inLanguage":"sv-SE"},{"@type":"Organization","@id":"https:\/\/grontkontor.dk\/#organization","name":"Gr\u00f8nt Kontor","url":"https:\/\/grontkontor.dk\/","logo":{"@type":"ImageObject","inLanguage":"sv-SE","@id":"https:\/\/grontkontor.dk\/#\/schema\/logo\/image\/","url":"https:\/\/grontkontor.dk\/wp-content\/uploads\/2014\/02\/Logo_groent_kontor_300x80.png","contentUrl":"https:\/\/grontkontor.dk\/wp-content\/uploads\/2014\/02\/Logo_groent_kontor_300x80.png","width":300,"height":80,"caption":"Gr\u00f8nt Kontor"},"image":{"@id":"https:\/\/grontkontor.dk\/#\/schema\/logo\/image\/"},"sameAs":["https:\/\/www.facebook.com\/grontkontor.dk\/"]}]}},"_links":{"self":[{"href":"https:\/\/grontkontor.dk\/sv\/wp-json\/wp\/v2\/product\/117690"}],"collection":[{"href":"https:\/\/grontkontor.dk\/sv\/wp-json\/wp\/v2\/product"}],"about":[{"href":"https:\/\/grontkontor.dk\/sv\/wp-json\/wp\/v2\/types\/product"}],"replies":[{"embeddable":true,"href":"https:\/\/grontkontor.dk\/sv\/wp-json\/wp\/v2\/comments?post=117690"}],"wp:featuredmedia":[{"embeddable":true,"href":"https:\/\/grontkontor.dk\/sv\/wp-json\/wp\/v2\/media\/117728"}],"wp:attachment":[{"href":"https:\/\/grontkontor.dk\/sv\/wp-json\/wp\/v2\/media?parent=117690"}],"wp:term":[{"taxonomy":"product_cat","embeddable":true,"href":"https:\/\/grontkontor.dk\/sv\/wp-json\/wp\/v2\/product_cat?post=117690"},{"taxonomy":"product_tag","embeddable":true,"href":"https:\/\/grontkontor.dk\/sv\/wp-json\/wp\/v2\/product_tag?post=117690"}],"curies":[{"name":"wp","href":"https:\/\/api.w.org\/{rel}","templated":true}]}}