{"id":117785,"date":"2025-01-07T10:22:21","date_gmt":"2025-01-07T09:22:24","guid":{"rendered":"https:\/\/grontkontor.dk\/?post_type=product&#038;p=117785"},"modified":"2025-09-19T20:22:12","modified_gmt":"2025-09-19T18:22:12","slug":"mulepose-genanvendt-plast-70-gsm-m-u-tryk","status":"publish","type":"product","link":"https:\/\/grontkontor.dk\/sv\/shop\/mulepose-genanvendt-plast-70-gsm-m-u-tryk\/","title":{"rendered":"Tygkasse \u00e5tervunnen plast 70 g\/m\u00b2 utan tryck"},"content":{"rendered":"<p data-start=\"320\" data-end=\"761\">En tygkasse ska vara praktisk och g\u00e4rna \u00e4ven klimatv\u00e4nlig, och denna prisv\u00e4rda shoppingkasse i rPET kombinerar funktionalitet med omtanke om milj\u00f6n. P\u00e5sen \u00e4r b\u00e5de \u00e5tervunnen och \u00e5tervinningsbar, eftersom den \u00e4r tillverkad av \u00e5tervunnen PET, vilket g\u00f6r den till ett milj\u00f6v\u00e4nligt alternativ till eng\u00e5ngsb\u00e4rkassar och plastp\u00e5sar. Den finns i f\u00e4rgerna svart, bl\u00e5, vit och natur, och kan best\u00e4llas med eller utan tryck, s\u00e5 att den kan anpassas till ditt f\u00f6retag eller event.  <\/p>\n<p data-start=\"763\" data-end=\"1073\">Med l\u00e5nga handtag p\u00e5 68 cm \u00e4r tygp\u00e5sen l\u00e4tt att b\u00e4ra \u00f6ver axeln och kan h\u00e5lla upp till 5 kg, vilket g\u00f6r den idealisk som shoppingv\u00e4ska, b\u00e4rkasse eller som en budgetv\u00e4nlig presentp\u00e5se. Den \u00e4r perfekt som shoppingv\u00e4ska, f\u00f6r m\u00e4ssor, evenemang och f\u00f6retagspresenter, d\u00e4r praktiska egenskaper och klimatv\u00e4nlighet m\u00e5ste g\u00e5 hand i hand. <\/p>\n<p data-start=\"1075\" data-end=\"1440\">Den h\u00e4r klimatsmarta tygkassen \u00e4r b\u00e5de slitstark och funktionell. Den kan vikas ihop och f\u00f6rvaras i v\u00e4skan, vilket g\u00f6r den redo att anv\u00e4ndas, oavsett om du beh\u00f6ver handla f\u00f6r vardagen eller anv\u00e4nda dem som v\u00e4skor f\u00f6r st\u00f6rre evenemang. Eftersom den \u00e4r \u00e5tervunnen och \u00e5tervinningsbar kan den anv\u00e4ndas om och om igen, vilket minskar avfallet och st\u00f6der milj\u00f6v\u00e4nliga val.  <\/p>\n<p data-start=\"1442\" data-end=\"1734\">Tygp\u00e5sen kan ocks\u00e5 anpassas med logotyptryck p\u00e5 ena eller b\u00e5da sidor, vilket g\u00f6r den till en effektiv reklamartikel eller f\u00f6retagspresent. Den kombinerar ett budgetv\u00e4nligt alternativ med en stark klimatv\u00e4nlig signal som visar omtanke om milj\u00f6n samtidigt som den uppfyller praktiska behov. <\/p>\n<p data-start=\"1736\" data-end=\"2020\">Med denna klimatsmarta shoppingkasse i rPET f\u00e5r du en b\u00e4rkasse som \u00e4r funktionell, t\u00e5lig och milj\u00f6v\u00e4nlig. Den fungerar perfekt som shoppingkasse, presentp\u00e5se, handout eller som en praktisk l\u00f6sning f\u00f6r evenemang och m\u00e4ssor, och den skickar en tydlig signal om ansvar och omtanke om milj\u00f6n. <\/p>\nrPET (recycled polyethylen) er et f\u00f8devareegnet genanvendeligt genbrugsplast, som typisk er fremstillet af genanvendte vandflasker. rPET er \u2013 dets fossile oprindelse til trods \u2013 et b\u00e6redygtigt og klimavenligt materiale. rPET har et ekstremt h\u00f8jt kulstofindhold, og fungerer derfor som et effektivt kulstofdepot i hele produktets og genanvendte produkters levetid. Bliver plast ikke genbrugt, vil det enten nedbrydes til CO2 og dermed bidrage til drivhuseffekten, eller ende op som forurenende affald. For hvert ton genbrugt plast spares der 3,8 t\u00f8nder olie. \n<p>&nbsp;<\/p>\n<img loading=\"lazy\" decoding=\"async\" src=\"https:\/\/grontkontor.dk\/wp-content\/uploads\/2021\/02\/genbrug.jpg\" alt=\"Fremstillet af genbrugsmaterialer\" width=\"50\" height=\"50\" class=\"size-full wp-image-23031\" srcset=\"https:\/\/grontkontor.dk\/wp-content\/uploads\/2021\/02\/genbrug.jpg 199w, https:\/\/grontkontor.dk\/wp-content\/uploads\/2021\/02\/genbrug-100x100.jpg 100w\" sizes=\"(max-width: 50px) 100vw, 50px\" \/>\n","protected":false},"excerpt":{"rendered":"<p>En tygkasse ska vara praktisk och g\u00e4rna \u00e4ven klimatv\u00e4nlig, och denna prisv\u00e4rda shoppingkasse i rPET kombinerar funktionalitet med omtanke om milj\u00f6n. P\u00e5sen \u00e4r b\u00e5de \u00e5tervunnen och \u00e5tervinningsbar, eftersom den \u00e4r tillverkad av \u00e5tervunnen PET, vilket g\u00f6r den till ett milj\u00f6v\u00e4nligt alternativ till eng\u00e5ngsb\u00e4rkassar och plastp\u00e5sar. Den finns i f\u00e4rgerna svart, bl\u00e5, vit och natur, och [&hellip;]<\/p>\n","protected":false},"featured_media":117841,"comment_status":"closed","ping_status":"closed","template":"","meta":{"_acf_changed":false},"product_cat":[4448,1362,2107,867,2394,675],"product_tag":[1363,1366,2970,4506],"class_list":{"0":"post-117785","1":"product","2":"type-product","3":"status-publish","4":"has-post-thumbnail","6":"product_cat-presentpaasar-och-presentfoerpackningar","7":"product_cat-tygpaasar","8":"product_cat-dummy-moq-1-sv","9":"product_cat-miljovaenliga-foretagspresenter","10":"product_cat-nyheter","11":"product_cat-vaeskor-och-fodral","12":"product_tag-baerepose-sv","13":"product_tag-mulepose-sv","14":"product_tag-aatervunnen","15":"product_tag-aatervunnen-bomull-sv","16":"tm-has-options","18":"first","19":"instock","20":"taxable","21":"shipping-taxable","22":"purchasable","23":"product-type-variable","24":"has-default-attributes"},"acf":[],"yoast_head":"<!-- This site is optimized with the Yoast SEO Premium plugin v21.2 (Yoast SEO v21.2) - https:\/\/yoast.com\/wordpress\/plugins\/seo\/ -->\n<title>Tygkasse \u00e5tervunnen plast 70 g\/m\u00b2 utan tryck - Gr\u00f8nt Kontor<\/title>\n<meta name=\"description\" content=\"Klimatv\u00e4nlig tygkasse i rPET. Milj\u00f6v\u00e4nlig shoppingkasse med l\u00e5nga handtag. Perfekt som presentp\u00e5se, shoppingkasse eller handout med eller utan tryck.\" \/>\n<meta name=\"robots\" content=\"index, follow, max-snippet:-1, max-image-preview:large, max-video-preview:-1\" \/>\n<link rel=\"canonical\" href=\"https:\/\/grontkontor.dk\/sv\/shop\/mulepose-genanvendt-plast-70-gsm-m-u-tryk\/\" \/>\n<meta property=\"og:locale\" content=\"sv_SE\" \/>\n<meta property=\"og:type\" content=\"article\" \/>\n<meta property=\"og:title\" content=\"Tygkasse \u00e5tervunnen plast 70 g\/m\u00b2 utan tryck\" \/>\n<meta property=\"og:description\" content=\"Klimatv\u00e4nlig tygkasse i rPET. Milj\u00f6v\u00e4nlig shoppingkasse med l\u00e5nga handtag. Perfekt som presentp\u00e5se, shoppingkasse eller handout med eller utan tryck.\" \/>\n<meta property=\"og:url\" content=\"https:\/\/grontkontor.dk\/sv\/shop\/mulepose-genanvendt-plast-70-gsm-m-u-tryk\/\" \/>\n<meta property=\"og:site_name\" content=\"Gr\u00f8nt Kontor\" \/>\n<meta property=\"article:publisher\" content=\"https:\/\/www.facebook.com\/grontkontor.dk\/\" \/>\n<meta property=\"article:modified_time\" content=\"2025-09-19T18:22:12+00:00\" \/>\n<meta property=\"og:image\" content=\"https:\/\/grontkontor.dk\/wp-content\/uploads\/2023\/09\/recycled-mulepose-bomuld-120-gsm-1.jpg\" \/>\n\t<meta property=\"og:image:width\" content=\"900\" \/>\n\t<meta property=\"og:image:height\" content=\"639\" \/>\n\t<meta property=\"og:image:type\" content=\"image\/jpeg\" \/>\n<meta name=\"twitter:card\" content=\"summary_large_image\" \/>\n<meta name=\"twitter:label1\" content=\"Ber\u00e4knad l\u00e4stid\" \/>\n\t<meta name=\"twitter:data1\" content=\"2 minuter\" \/>\n<script type=\"application\/ld+json\" class=\"yoast-schema-graph\">{\"@context\":\"https:\/\/schema.org\",\"@graph\":[{\"@type\":\"WebPage\",\"@id\":\"https:\/\/grontkontor.dk\/sv\/shop\/mulepose-genanvendt-plast-70-gsm-m-u-tryk\/\",\"url\":\"https:\/\/grontkontor.dk\/sv\/shop\/mulepose-genanvendt-plast-70-gsm-m-u-tryk\/\",\"name\":\"Tygkasse \u00e5tervunnen plast 70 g\/m\u00b2 utan tryck - Gr\u00f8nt Kontor\",\"isPartOf\":{\"@id\":\"https:\/\/grontkontor.dk\/#website\"},\"datePublished\":\"2025-01-07T09:22:24+00:00\",\"dateModified\":\"2025-09-19T18:22:12+00:00\",\"description\":\"Klimatv\u00e4nlig tygkasse i rPET. Milj\u00f6v\u00e4nlig shoppingkasse med l\u00e5nga handtag. Perfekt som presentp\u00e5se, shoppingkasse eller handout med eller utan tryck.\",\"breadcrumb\":{\"@id\":\"https:\/\/grontkontor.dk\/sv\/shop\/mulepose-genanvendt-plast-70-gsm-m-u-tryk\/#breadcrumb\"},\"inLanguage\":\"sv-SE\",\"potentialAction\":[{\"@type\":\"ReadAction\",\"target\":[\"https:\/\/grontkontor.dk\/sv\/shop\/mulepose-genanvendt-plast-70-gsm-m-u-tryk\/\"]}]},{\"@type\":\"BreadcrumbList\",\"@id\":\"https:\/\/grontkontor.dk\/sv\/shop\/mulepose-genanvendt-plast-70-gsm-m-u-tryk\/#breadcrumb\",\"itemListElement\":[{\"@type\":\"ListItem\",\"position\":1,\"name\":\"Forside\",\"item\":\"https:\/\/grontkontor.dk\/\"},{\"@type\":\"ListItem\",\"position\":2,\"name\":\"Shop\",\"item\":\"https:\/\/grontkontor.dk\/sv\/shop\/\"},{\"@type\":\"ListItem\",\"position\":3,\"name\":\"Dummy MOQ 1\",\"item\":\"https:\/\/grontkontor.dk\/produkt-kategori\/dummy-moq-1\/\"},{\"@type\":\"ListItem\",\"position\":4,\"name\":\"Tygkasse \u00e5tervunnen plast 70 g\/m\u00b2 utan tryck\"}]},{\"@type\":\"WebSite\",\"@id\":\"https:\/\/grontkontor.dk\/#website\",\"url\":\"https:\/\/grontkontor.dk\/\",\"name\":\"Gr\u00f8nt Kontor\",\"description\":\"Milj\u00f8venlige produkter til kontor og erhverv med fokus p\u00e5 b\u00e6redygtighed, design og fair trade.\",\"publisher\":{\"@id\":\"https:\/\/grontkontor.dk\/#organization\"},\"potentialAction\":[{\"@type\":\"SearchAction\",\"target\":{\"@type\":\"EntryPoint\",\"urlTemplate\":\"https:\/\/grontkontor.dk\/?s={search_term_string}\"},\"query-input\":\"required name=search_term_string\"}],\"inLanguage\":\"sv-SE\"},{\"@type\":\"Organization\",\"@id\":\"https:\/\/grontkontor.dk\/#organization\",\"name\":\"Gr\u00f8nt Kontor\",\"url\":\"https:\/\/grontkontor.dk\/\",\"logo\":{\"@type\":\"ImageObject\",\"inLanguage\":\"sv-SE\",\"@id\":\"https:\/\/grontkontor.dk\/#\/schema\/logo\/image\/\",\"url\":\"https:\/\/grontkontor.dk\/wp-content\/uploads\/2014\/02\/Logo_groent_kontor_300x80.png\",\"contentUrl\":\"https:\/\/grontkontor.dk\/wp-content\/uploads\/2014\/02\/Logo_groent_kontor_300x80.png\",\"width\":300,\"height\":80,\"caption\":\"Gr\u00f8nt Kontor\"},\"image\":{\"@id\":\"https:\/\/grontkontor.dk\/#\/schema\/logo\/image\/\"},\"sameAs\":[\"https:\/\/www.facebook.com\/grontkontor.dk\/\"]}]}<\/script>\n<!-- \/ Yoast SEO Premium plugin. -->","yoast_head_json":{"title":"Tygkasse \u00e5tervunnen plast 70 g\/m\u00b2 utan tryck - Gr\u00f8nt Kontor","description":"Klimatv\u00e4nlig tygkasse i rPET. Milj\u00f6v\u00e4nlig shoppingkasse med l\u00e5nga handtag. Perfekt som presentp\u00e5se, shoppingkasse eller handout med eller utan tryck.","robots":{"index":"index","follow":"follow","max-snippet":"max-snippet:-1","max-image-preview":"max-image-preview:large","max-video-preview":"max-video-preview:-1"},"canonical":"https:\/\/grontkontor.dk\/sv\/shop\/mulepose-genanvendt-plast-70-gsm-m-u-tryk\/","og_locale":"sv_SE","og_type":"article","og_title":"Tygkasse \u00e5tervunnen plast 70 g\/m\u00b2 utan tryck","og_description":"Klimatv\u00e4nlig tygkasse i rPET. Milj\u00f6v\u00e4nlig shoppingkasse med l\u00e5nga handtag. Perfekt som presentp\u00e5se, shoppingkasse eller handout med eller utan tryck.","og_url":"https:\/\/grontkontor.dk\/sv\/shop\/mulepose-genanvendt-plast-70-gsm-m-u-tryk\/","og_site_name":"Gr\u00f8nt Kontor","article_publisher":"https:\/\/www.facebook.com\/grontkontor.dk\/","article_modified_time":"2025-09-19T18:22:12+00:00","og_image":[{"width":900,"height":639,"url":"https:\/\/grontkontor.dk\/wp-content\/uploads\/2023\/09\/recycled-mulepose-bomuld-120-gsm-1.jpg","type":"image\/jpeg"}],"twitter_card":"summary_large_image","twitter_misc":{"Ber\u00e4knad l\u00e4stid":"2 minuter"},"schema":{"@context":"https:\/\/schema.org","@graph":[{"@type":"WebPage","@id":"https:\/\/grontkontor.dk\/sv\/shop\/mulepose-genanvendt-plast-70-gsm-m-u-tryk\/","url":"https:\/\/grontkontor.dk\/sv\/shop\/mulepose-genanvendt-plast-70-gsm-m-u-tryk\/","name":"Tygkasse \u00e5tervunnen plast 70 g\/m\u00b2 utan tryck - Gr\u00f8nt Kontor","isPartOf":{"@id":"https:\/\/grontkontor.dk\/#website"},"datePublished":"2025-01-07T09:22:24+00:00","dateModified":"2025-09-19T18:22:12+00:00","description":"Klimatv\u00e4nlig tygkasse i rPET. Milj\u00f6v\u00e4nlig shoppingkasse med l\u00e5nga handtag. Perfekt som presentp\u00e5se, shoppingkasse eller handout med eller utan tryck.","breadcrumb":{"@id":"https:\/\/grontkontor.dk\/sv\/shop\/mulepose-genanvendt-plast-70-gsm-m-u-tryk\/#breadcrumb"},"inLanguage":"sv-SE","potentialAction":[{"@type":"ReadAction","target":["https:\/\/grontkontor.dk\/sv\/shop\/mulepose-genanvendt-plast-70-gsm-m-u-tryk\/"]}]},{"@type":"BreadcrumbList","@id":"https:\/\/grontkontor.dk\/sv\/shop\/mulepose-genanvendt-plast-70-gsm-m-u-tryk\/#breadcrumb","itemListElement":[{"@type":"ListItem","position":1,"name":"Forside","item":"https:\/\/grontkontor.dk\/"},{"@type":"ListItem","position":2,"name":"Shop","item":"https:\/\/grontkontor.dk\/sv\/shop\/"},{"@type":"ListItem","position":3,"name":"Dummy MOQ 1","item":"https:\/\/grontkontor.dk\/produkt-kategori\/dummy-moq-1\/"},{"@type":"ListItem","position":4,"name":"Tygkasse \u00e5tervunnen plast 70 g\/m\u00b2 utan tryck"}]},{"@type":"WebSite","@id":"https:\/\/grontkontor.dk\/#website","url":"https:\/\/grontkontor.dk\/","name":"Gr\u00f8nt Kontor","description":"Milj\u00f8venlige produkter til kontor og erhverv med fokus p\u00e5 b\u00e6redygtighed, design og fair trade.","publisher":{"@id":"https:\/\/grontkontor.dk\/#organization"},"potentialAction":[{"@type":"SearchAction","target":{"@type":"EntryPoint","urlTemplate":"https:\/\/grontkontor.dk\/?s={search_term_string}"},"query-input":"required name=search_term_string"}],"inLanguage":"sv-SE"},{"@type":"Organization","@id":"https:\/\/grontkontor.dk\/#organization","name":"Gr\u00f8nt Kontor","url":"https:\/\/grontkontor.dk\/","logo":{"@type":"ImageObject","inLanguage":"sv-SE","@id":"https:\/\/grontkontor.dk\/#\/schema\/logo\/image\/","url":"https:\/\/grontkontor.dk\/wp-content\/uploads\/2014\/02\/Logo_groent_kontor_300x80.png","contentUrl":"https:\/\/grontkontor.dk\/wp-content\/uploads\/2014\/02\/Logo_groent_kontor_300x80.png","width":300,"height":80,"caption":"Gr\u00f8nt Kontor"},"image":{"@id":"https:\/\/grontkontor.dk\/#\/schema\/logo\/image\/"},"sameAs":["https:\/\/www.facebook.com\/grontkontor.dk\/"]}]}},"_links":{"self":[{"href":"https:\/\/grontkontor.dk\/sv\/wp-json\/wp\/v2\/product\/117785"}],"collection":[{"href":"https:\/\/grontkontor.dk\/sv\/wp-json\/wp\/v2\/product"}],"about":[{"href":"https:\/\/grontkontor.dk\/sv\/wp-json\/wp\/v2\/types\/product"}],"replies":[{"embeddable":true,"href":"https:\/\/grontkontor.dk\/sv\/wp-json\/wp\/v2\/comments?post=117785"}],"wp:featuredmedia":[{"embeddable":true,"href":"https:\/\/grontkontor.dk\/sv\/wp-json\/wp\/v2\/media\/117841"}],"wp:attachment":[{"href":"https:\/\/grontkontor.dk\/sv\/wp-json\/wp\/v2\/media?parent=117785"}],"wp:term":[{"taxonomy":"product_cat","embeddable":true,"href":"https:\/\/grontkontor.dk\/sv\/wp-json\/wp\/v2\/product_cat?post=117785"},{"taxonomy":"product_tag","embeddable":true,"href":"https:\/\/grontkontor.dk\/sv\/wp-json\/wp\/v2\/product_tag?post=117785"}],"curies":[{"name":"wp","href":"https:\/\/api.w.org\/{rel}","templated":true}]}}