{"id":118167,"date":"2025-01-14T10:10:51","date_gmt":"2025-01-14T09:10:52","guid":{"rendered":"https:\/\/grontkontor.dk\/?post_type=product&#038;p=118167"},"modified":"2025-01-17T13:20:13","modified_gmt":"2025-01-17T12:20:13","slug":"notesbog-i-genanvendt-plast-og-kork","status":"publish","type":"product","link":"https:\/\/grontkontor.dk\/sv\/shop\/notesbog-i-genanvendt-plast-og-kork\/","title":{"rendered":"Anteckningsbok av \u00e5tervunnen plast och kork"},"content":{"rendered":"<p data-pm-slice=\"0 0 []\">A5 anteckningsblock med h\u00e5rd p\u00e4rm gjord av rPET och korkbaksida. Inneh\u00e5ller 160 olinjerade sidor, \u00e4ven de gjorda av \u00e5tervunnet papper. Finns i f\u00e4rgerna natur, gr\u00e5, bl\u00e5 och svart.  <\/p>\n<p data-pm-slice=\"0 0 []\">En klimatsmart produkt perfekt som utdelning\/giveaway till studentm\u00e4ssor, konferenser eller andra event.<\/p>\n<p>Finns med logotryck.<\/p>\n\u00c5tervunnet papper tillverkas av \u00e5tervunnet papper och belastar d\u00e4rmed inte v\u00e5ra skogar. Dessutom g\u00e5r det vanligtvis \u00e5t mycket mindre energi i tillverkningsprocessen \u00e4n vad som \u00e4r fallet med vanligt tr\u00e4baserat papper. \u00c5tervunnet papper kan d\u00e4rf\u00f6r betraktas som ett extremt klimatv\u00e4nligt material. \n<p>rPET (recycled polyethylen) l\u00e4mpar sig f\u00f6r livsmedel, \u00e4r klimatv\u00e4nligt och \u00e5teranva\u00e4ndbar plast \u00e4r ofta tillverkad av \u00e5teranv\u00e4nda plastflaskor. rPET har ett h\u00f6gt inneh\u00e5ll av kol och \u00e4r d\u00e4rf\u00f6r en effektiv koldepot i produktens och i den \u00e5tervunna produktens livstid. <br \/>\nKork \u00e4r ett mycket klimatv\u00e4nligt, bionedbrytbart och komposterbart naturmaterial, som kommer fr\u00e5n korkeken. Kork er en snabbt regenererende resurs som kan sk\u00f6rdas varje \u00e5r p\u00e5 samma tr\u00e4d. <br \/>\nGlobal Recycled Standard certificeringen garanterar att man \u00e5tervunnet minst 50% av materialet i en slutprodukt. GRS \u00e4r dessutom en garanti f\u00f6r goda arbetsvillkor och minimalt inneh\u00e5ll av skatlig kemi. <\/p>\n<p>&nbsp;<\/p>\n<p><img loading=\"lazy\" decoding=\"async\" src=\"https:\/\/grontkontor.dk\/wp-content\/uploads\/2021\/02\/genbrug.jpg\" alt=\"Fremstillet af genbrugsmaterialer\" width=\"50\" height=\"50\" class=\"size-full wp-image-23031\" srcset=\"https:\/\/grontkontor.dk\/wp-content\/uploads\/2021\/02\/genbrug.jpg 199w, https:\/\/grontkontor.dk\/wp-content\/uploads\/2021\/02\/genbrug-100x100.jpg 100w\" sizes=\"(max-width: 50px) 100vw, 50px\" \/><a href=\"https:\/\/textileexchange.org\/standards\/recycled-claim-standard-global-recycled-standard\/\"><img loading=\"lazy\" decoding=\"async\" src=\"https:\/\/grontkontor.dk\/wp-content\/uploads\/2021\/06\/global-recycled-standard-1.jpg\" alt=\"Global recycled standard\" width=\"50\" height=\"50\" class=\"size-full wp-image-25504\" \/> <\/a><\/p>\n","protected":false},"excerpt":{"rendered":"<p>A5 anteckningsblock med h\u00e5rd p\u00e4rm gjord av rPET och korkbaksida. Inneh\u00e5ller 160 olinjerade sidor, \u00e4ven de gjorda av \u00e5tervunnet papper. Finns i f\u00e4rgerna natur, gr\u00e5, bl\u00e5 och svart. En klimatsmart produkt perfekt som utdelning\/giveaway till studentm\u00e4ssor, konferenser eller andra event. Finns med logotryck. &nbsp;<\/p>\n","protected":false},"featured_media":118215,"comment_status":"closed","ping_status":"closed","template":"","meta":{"_acf_changed":false},"product_cat":[663,2107,2394,661],"product_tag":[788,695],"class_list":{"0":"post-118167","1":"product","2":"type-product","3":"status-publish","4":"has-post-thumbnail","6":"product_cat-block","7":"product_cat-dummy-moq-1-sv","8":"product_cat-nyheter","9":"product_cat-papper-och-block","10":"product_tag-skrivblock","11":"product_tag-anteckningsbok","12":"pa_farve-blaa-sv","13":"pa_farve-graa-sv","14":"pa_farve-natur-sv","15":"pa_farve-sort-sv","16":"tm-has-options","18":"first","19":"instock","20":"taxable","21":"shipping-taxable","22":"purchasable","23":"product-type-variable","24":"has-default-attributes"},"acf":[],"yoast_head":"<!-- This site is optimized with the Yoast SEO Premium plugin v21.2 (Yoast SEO v21.2) - https:\/\/yoast.com\/wordpress\/plugins\/seo\/ -->\n<title>Anteckningsbok av \u00e5tervunnen plast och kork - Gr\u00f8nt Kontor<\/title>\n<meta name=\"robots\" content=\"index, follow, max-snippet:-1, max-image-preview:large, max-video-preview:-1\" \/>\n<link rel=\"canonical\" href=\"https:\/\/grontkontor.dk\/sv\/shop\/notesbog-i-genanvendt-plast-og-kork\/\" \/>\n<meta property=\"og:locale\" content=\"sv_SE\" \/>\n<meta property=\"og:type\" content=\"article\" \/>\n<meta property=\"og:title\" content=\"Anteckningsbok av \u00e5tervunnen plast och kork\" \/>\n<meta property=\"og:description\" content=\"A5 anteckningsblock med h\u00e5rd p\u00e4rm gjord av rPET och korkbaksida. Inneh\u00e5ller 160 olinjerade sidor, \u00e4ven de gjorda av \u00e5tervunnet papper. Finns i f\u00e4rgerna natur, gr\u00e5, bl\u00e5 och svart. En klimatsmart produkt perfekt som utdelning\/giveaway till studentm\u00e4ssor, konferenser eller andra event. Finns med logotryck. &nbsp;\" \/>\n<meta property=\"og:url\" content=\"https:\/\/grontkontor.dk\/sv\/shop\/notesbog-i-genanvendt-plast-og-kork\/\" \/>\n<meta property=\"og:site_name\" content=\"Gr\u00f8nt Kontor\" \/>\n<meta property=\"article:publisher\" content=\"https:\/\/www.facebook.com\/grontkontor.dk\/\" \/>\n<meta property=\"article:modified_time\" content=\"2025-01-17T12:20:13+00:00\" \/>\n<meta property=\"og:image\" content=\"https:\/\/grontkontor.dk\/wp-content\/uploads\/2024\/08\/Klimavenlig-notesbog-i-frugtpapir-collage.jpg\" \/>\n\t<meta property=\"og:image:width\" content=\"900\" \/>\n\t<meta property=\"og:image:height\" content=\"639\" \/>\n\t<meta property=\"og:image:type\" content=\"image\/jpeg\" \/>\n<meta name=\"twitter:card\" content=\"summary_large_image\" \/>\n<meta name=\"twitter:label1\" content=\"Ber\u00e4knad l\u00e4stid\" \/>\n\t<meta name=\"twitter:data1\" content=\"1 minut\" \/>\n<script type=\"application\/ld+json\" class=\"yoast-schema-graph\">{\"@context\":\"https:\/\/schema.org\",\"@graph\":[{\"@type\":\"WebPage\",\"@id\":\"https:\/\/grontkontor.dk\/sv\/shop\/notesbog-i-genanvendt-plast-og-kork\/\",\"url\":\"https:\/\/grontkontor.dk\/sv\/shop\/notesbog-i-genanvendt-plast-og-kork\/\",\"name\":\"Anteckningsbok av \u00e5tervunnen plast och kork - Gr\u00f8nt Kontor\",\"isPartOf\":{\"@id\":\"https:\/\/grontkontor.dk\/#website\"},\"datePublished\":\"2025-01-14T09:10:52+00:00\",\"dateModified\":\"2025-01-17T12:20:13+00:00\",\"breadcrumb\":{\"@id\":\"https:\/\/grontkontor.dk\/sv\/shop\/notesbog-i-genanvendt-plast-og-kork\/#breadcrumb\"},\"inLanguage\":\"sv-SE\",\"potentialAction\":[{\"@type\":\"ReadAction\",\"target\":[\"https:\/\/grontkontor.dk\/sv\/shop\/notesbog-i-genanvendt-plast-og-kork\/\"]}]},{\"@type\":\"BreadcrumbList\",\"@id\":\"https:\/\/grontkontor.dk\/sv\/shop\/notesbog-i-genanvendt-plast-og-kork\/#breadcrumb\",\"itemListElement\":[{\"@type\":\"ListItem\",\"position\":1,\"name\":\"Forside\",\"item\":\"https:\/\/grontkontor.dk\/\"},{\"@type\":\"ListItem\",\"position\":2,\"name\":\"Shop\",\"item\":\"https:\/\/grontkontor.dk\/sv\/shop\/\"},{\"@type\":\"ListItem\",\"position\":3,\"name\":\"Papir og blokke\",\"item\":\"https:\/\/grontkontor.dk\/produkt-kategori\/papir\/\"},{\"@type\":\"ListItem\",\"position\":4,\"name\":\"Memoblokke\",\"item\":\"https:\/\/grontkontor.dk\/produkt-kategori\/papir\/memoblokke\/\"},{\"@type\":\"ListItem\",\"position\":5,\"name\":\"Anteckningsbok av \u00e5tervunnen plast och kork\"}]},{\"@type\":\"WebSite\",\"@id\":\"https:\/\/grontkontor.dk\/#website\",\"url\":\"https:\/\/grontkontor.dk\/\",\"name\":\"Gr\u00f8nt Kontor\",\"description\":\"Milj\u00f8venlige produkter til kontor og erhverv med fokus p\u00e5 b\u00e6redygtighed, design og fair trade.\",\"publisher\":{\"@id\":\"https:\/\/grontkontor.dk\/#organization\"},\"potentialAction\":[{\"@type\":\"SearchAction\",\"target\":{\"@type\":\"EntryPoint\",\"urlTemplate\":\"https:\/\/grontkontor.dk\/?s={search_term_string}\"},\"query-input\":\"required name=search_term_string\"}],\"inLanguage\":\"sv-SE\"},{\"@type\":\"Organization\",\"@id\":\"https:\/\/grontkontor.dk\/#organization\",\"name\":\"Gr\u00f8nt Kontor\",\"url\":\"https:\/\/grontkontor.dk\/\",\"logo\":{\"@type\":\"ImageObject\",\"inLanguage\":\"sv-SE\",\"@id\":\"https:\/\/grontkontor.dk\/#\/schema\/logo\/image\/\",\"url\":\"https:\/\/grontkontor.dk\/wp-content\/uploads\/2014\/02\/Logo_groent_kontor_300x80.png\",\"contentUrl\":\"https:\/\/grontkontor.dk\/wp-content\/uploads\/2014\/02\/Logo_groent_kontor_300x80.png\",\"width\":300,\"height\":80,\"caption\":\"Gr\u00f8nt Kontor\"},\"image\":{\"@id\":\"https:\/\/grontkontor.dk\/#\/schema\/logo\/image\/\"},\"sameAs\":[\"https:\/\/www.facebook.com\/grontkontor.dk\/\"]}]}<\/script>\n<!-- \/ Yoast SEO Premium plugin. -->","yoast_head_json":{"title":"Anteckningsbok av \u00e5tervunnen plast och kork - Gr\u00f8nt Kontor","robots":{"index":"index","follow":"follow","max-snippet":"max-snippet:-1","max-image-preview":"max-image-preview:large","max-video-preview":"max-video-preview:-1"},"canonical":"https:\/\/grontkontor.dk\/sv\/shop\/notesbog-i-genanvendt-plast-og-kork\/","og_locale":"sv_SE","og_type":"article","og_title":"Anteckningsbok av \u00e5tervunnen plast och kork","og_description":"A5 anteckningsblock med h\u00e5rd p\u00e4rm gjord av rPET och korkbaksida. Inneh\u00e5ller 160 olinjerade sidor, \u00e4ven de gjorda av \u00e5tervunnet papper. Finns i f\u00e4rgerna natur, gr\u00e5, bl\u00e5 och svart. En klimatsmart produkt perfekt som utdelning\/giveaway till studentm\u00e4ssor, konferenser eller andra event. Finns med logotryck. &nbsp;","og_url":"https:\/\/grontkontor.dk\/sv\/shop\/notesbog-i-genanvendt-plast-og-kork\/","og_site_name":"Gr\u00f8nt Kontor","article_publisher":"https:\/\/www.facebook.com\/grontkontor.dk\/","article_modified_time":"2025-01-17T12:20:13+00:00","og_image":[{"width":900,"height":639,"url":"https:\/\/grontkontor.dk\/wp-content\/uploads\/2024\/08\/Klimavenlig-notesbog-i-frugtpapir-collage.jpg","type":"image\/jpeg"}],"twitter_card":"summary_large_image","twitter_misc":{"Ber\u00e4knad l\u00e4stid":"1 minut"},"schema":{"@context":"https:\/\/schema.org","@graph":[{"@type":"WebPage","@id":"https:\/\/grontkontor.dk\/sv\/shop\/notesbog-i-genanvendt-plast-og-kork\/","url":"https:\/\/grontkontor.dk\/sv\/shop\/notesbog-i-genanvendt-plast-og-kork\/","name":"Anteckningsbok av \u00e5tervunnen plast och kork - Gr\u00f8nt Kontor","isPartOf":{"@id":"https:\/\/grontkontor.dk\/#website"},"datePublished":"2025-01-14T09:10:52+00:00","dateModified":"2025-01-17T12:20:13+00:00","breadcrumb":{"@id":"https:\/\/grontkontor.dk\/sv\/shop\/notesbog-i-genanvendt-plast-og-kork\/#breadcrumb"},"inLanguage":"sv-SE","potentialAction":[{"@type":"ReadAction","target":["https:\/\/grontkontor.dk\/sv\/shop\/notesbog-i-genanvendt-plast-og-kork\/"]}]},{"@type":"BreadcrumbList","@id":"https:\/\/grontkontor.dk\/sv\/shop\/notesbog-i-genanvendt-plast-og-kork\/#breadcrumb","itemListElement":[{"@type":"ListItem","position":1,"name":"Forside","item":"https:\/\/grontkontor.dk\/"},{"@type":"ListItem","position":2,"name":"Shop","item":"https:\/\/grontkontor.dk\/sv\/shop\/"},{"@type":"ListItem","position":3,"name":"Papir og blokke","item":"https:\/\/grontkontor.dk\/produkt-kategori\/papir\/"},{"@type":"ListItem","position":4,"name":"Memoblokke","item":"https:\/\/grontkontor.dk\/produkt-kategori\/papir\/memoblokke\/"},{"@type":"ListItem","position":5,"name":"Anteckningsbok av \u00e5tervunnen plast och kork"}]},{"@type":"WebSite","@id":"https:\/\/grontkontor.dk\/#website","url":"https:\/\/grontkontor.dk\/","name":"Gr\u00f8nt Kontor","description":"Milj\u00f8venlige produkter til kontor og erhverv med fokus p\u00e5 b\u00e6redygtighed, design og fair trade.","publisher":{"@id":"https:\/\/grontkontor.dk\/#organization"},"potentialAction":[{"@type":"SearchAction","target":{"@type":"EntryPoint","urlTemplate":"https:\/\/grontkontor.dk\/?s={search_term_string}"},"query-input":"required name=search_term_string"}],"inLanguage":"sv-SE"},{"@type":"Organization","@id":"https:\/\/grontkontor.dk\/#organization","name":"Gr\u00f8nt Kontor","url":"https:\/\/grontkontor.dk\/","logo":{"@type":"ImageObject","inLanguage":"sv-SE","@id":"https:\/\/grontkontor.dk\/#\/schema\/logo\/image\/","url":"https:\/\/grontkontor.dk\/wp-content\/uploads\/2014\/02\/Logo_groent_kontor_300x80.png","contentUrl":"https:\/\/grontkontor.dk\/wp-content\/uploads\/2014\/02\/Logo_groent_kontor_300x80.png","width":300,"height":80,"caption":"Gr\u00f8nt Kontor"},"image":{"@id":"https:\/\/grontkontor.dk\/#\/schema\/logo\/image\/"},"sameAs":["https:\/\/www.facebook.com\/grontkontor.dk\/"]}]}},"_links":{"self":[{"href":"https:\/\/grontkontor.dk\/sv\/wp-json\/wp\/v2\/product\/118167"}],"collection":[{"href":"https:\/\/grontkontor.dk\/sv\/wp-json\/wp\/v2\/product"}],"about":[{"href":"https:\/\/grontkontor.dk\/sv\/wp-json\/wp\/v2\/types\/product"}],"replies":[{"embeddable":true,"href":"https:\/\/grontkontor.dk\/sv\/wp-json\/wp\/v2\/comments?post=118167"}],"wp:featuredmedia":[{"embeddable":true,"href":"https:\/\/grontkontor.dk\/sv\/wp-json\/wp\/v2\/media\/118215"}],"wp:attachment":[{"href":"https:\/\/grontkontor.dk\/sv\/wp-json\/wp\/v2\/media?parent=118167"}],"wp:term":[{"taxonomy":"product_cat","embeddable":true,"href":"https:\/\/grontkontor.dk\/sv\/wp-json\/wp\/v2\/product_cat?post=118167"},{"taxonomy":"product_tag","embeddable":true,"href":"https:\/\/grontkontor.dk\/sv\/wp-json\/wp\/v2\/product_tag?post=118167"}],"curies":[{"name":"wp","href":"https:\/\/api.w.org\/{rel}","templated":true}]}}