{"id":118382,"date":"2025-01-15T13:06:29","date_gmt":"2025-01-15T12:06:32","guid":{"rendered":"https:\/\/grontkontor.dk\/?post_type=product&#038;p=118382"},"modified":"2025-01-17T13:20:24","modified_gmt":"2025-01-17T12:20:24","slug":"foldbar-kop-i-genanvendt-plast-220-ml-m-u-tryk","status":"publish","type":"product","link":"https:\/\/grontkontor.dk\/sv\/shop\/foldbar-kop-i-genanvendt-plast-220-ml-m-u-tryk\/","title":{"rendered":"Vikbar mugg i \u00e5tervunnen plast 220 ml utan tryck"},"content":{"rendered":"<p>Klimatv\u00e4nlig hopf\u00e4llbar to-go mugg tillverkad av \u00e5tervunnen PP med en kapacitet p\u00e5 220 ml. Som alla v\u00e5ra andra koppar, BPA-fria och godk\u00e4nda f\u00f6r kontakt med livsmedel. En karbinhake i st\u00e5l ing\u00e5r. En trevlig och billig produkt, perfekt f\u00f6r f\u00f6retagspresenter eller handouts f\u00f6r m\u00e4ssor och evenemang. Finns i bl\u00e5tt, svart, gr\u00e5tt och vitt. <\/p>\n<p>Global Recycled Standard certificeringen garanterar att man \u00e5tervunnet minst 50% av materialet i en slutprodukt. GRS \u00e4r dessutom en garanti f\u00f6r goda arbetsvillkor och minimalt inneh\u00e5ll av skatlig kemi. Recycled claim standard 100 s\u00e4krar 100% inneh\u00e5ll av \u00e5tervunnet material.<\/p>\n<p>&nbsp;<\/p>\n<p><img loading=\"lazy\" decoding=\"async\" src=\"https:\/\/grontkontor.dk\/wp-content\/uploads\/2021\/02\/genbrug.jpg\" alt=\"Fremstillet af genbrugsmaterialer\" width=\"50\" height=\"50\" class=\"size-full wp-image-23031\" srcset=\"https:\/\/grontkontor.dk\/wp-content\/uploads\/2021\/02\/genbrug.jpg 199w, https:\/\/grontkontor.dk\/wp-content\/uploads\/2021\/02\/genbrug-100x100.jpg 100w\" sizes=\"(max-width: 50px) 100vw, 50px\" \/><a href=\"https:\/\/www.scsglobalservices.com\/services\/recycled-claim-standard\"><img loading=\"lazy\" decoding=\"async\" src=\"https:\/\/grontkontor.dk\/wp-content\/uploads\/2023\/09\/recycled-claim-100-standard.png\" alt=\"\" width=\"50\" height=\"50\" class=\"alignnone size-full wp-image-24839\" \/><\/a> <a href=\"https:\/\/textileexchange.org\/standards\/recycled-claim-standard-global-recycled-standard\/\"><img loading=\"lazy\" decoding=\"async\" src=\"https:\/\/grontkontor.dk\/wp-content\/uploads\/2021\/06\/global-recycled-standard-1.jpg\" alt=\"Global recycled standard\" width=\"50\" height=\"50\" class=\"size-full wp-image-25504\" \/> <\/a><\/p>\n<p>&nbsp;<\/p>\n","protected":false},"excerpt":{"rendered":"<p>Klimatv\u00e4nlig hopf\u00e4llbar to-go mugg tillverkad av \u00e5tervunnen PP med en kapacitet p\u00e5 220 ml. Som alla v\u00e5ra andra koppar, BPA-fria och godk\u00e4nda f\u00f6r kontakt med livsmedel. En karbinhake i st\u00e5l ing\u00e5r. En trevlig och billig produkt, perfekt f\u00f6r f\u00f6retagspresenter eller handouts f\u00f6r m\u00e4ssor och evenemang. Finns i bl\u00e5tt, svart, gr\u00e5tt och vitt. &nbsp; &nbsp;<\/p>\n","protected":false},"featured_media":118505,"comment_status":"closed","ping_status":"closed","template":"","meta":{"_acf_changed":false},"product_cat":[2107,2233,1954,2394],"product_tag":[1910,1912],"class_list":{"0":"post-118382","1":"product","2":"type-product","3":"status-publish","4":"has-post-thumbnail","6":"product_cat-dummy-moq-1-sv","7":"product_cat-mat-och-dryck","8":"product_cat-muggar-och-koppar","9":"product_cat-nyheter","10":"product_tag-krus-sv","11":"product_tag-termokrus-sv","12":"pa_farve-arme-groen","13":"pa_farve-assorteret-sv","14":"pa_farve-azure-sv","15":"pa_farve-beige-sv","16":"pa_farve-black-sv","17":"pa_farve-black-gold-silver-sv","18":"pa_farve-blue-sv","19":"pa_farve-blaa-min-100-stk-sv","20":"pa_farve-blaa-min-15-sv","21":"pa_farve-blaa-min-15-stk-sv","22":"pa_farve-blaa-gul-sv","23":"pa_farve-blaa-groen-gul-sv","24":"pa_farve-brown-sv","25":"pa_farve-brown-sv-2","26":"pa_farve-browne-sv","27":"pa_farve-brun-med-svart-topp-och-botten","28":"pa_farve-cream-sv","29":"pa_farve-crimson-sv","30":"pa_farve-deep-green-sv","31":"pa_farve-ektraed","32":"pa_farve-fotogen-groen","33":"pa_farve-fuchsia-min-100-stk-sv","34":"pa_farve-gold-sv","35":"pa_farve-green-sv","36":"pa_farve-grey-sv","37":"pa_farve-graa-min-100-stk-sv","38":"pa_farve-hallon-roed","39":"pa_farve-kalk","40":"pa_farve-khaki-sv","41":"pa_farve-kungsblaa","42":"pa_farve-limegroen-sv","43":"pa_farve-lys-graa-sv","44":"pa_farve-lyseblaa-sv","45":"pa_farve-lysegroen-sv","46":"pa_farve-magenta-sv","47":"pa_farve-many-sv","48":"pa_farve-marineblaa-sv","49":"pa_farve-mint-sv","50":"pa_farve-moerkblaa","51":"pa_farve-moerkgraa","52":"pa_farve-moerkroed","53":"pa_farve-moerk-graa-sv","54":"pa_farve-moerkegroen-sv","55":"pa_farve-natur-min-100-stk-sv","56":"pa_farve-ocean-blue-sv","57":"pa_farve-persika","58":"pa_farve-red-sv","59":"pa_farve-royal-blaa-sv","60":"pa_farve-roed-min-100-stk-sv","61":"pa_farve-roed-min-15-sv","62":"pa_farve-roed-min-15-blaa-min-15-sv","63":"pa_farve-roed-min-15-stk-sv","64":"pa_farve-roed-min-15-stk-blaa-min-15-stk-sv","65":"pa_farve-senapsgul","66":"pa_farve-silver-sv","67":"pa_farve-struktur-sv","68":"pa_farve-sort-min-100-stk-sv","69":"pa_farve-soelvfarvet-sv","70":"pa_farve-turkis-sv","71":"pa_farve-turquoise-sv","72":"pa_farve-valnoet","73":"pa_farve-vinroed-sv","74":"pa_farve-violate-sv","75":"pa_farve-violet-sv","76":"pa_farve-vitpigmenterad","77":"pa_farve-vitpigmenterad-med-brun-ovan-och-underdel","78":"pa_farve-vitpigmenterad-med-svart-oever-och-underdel","79":"pa_farve-white-sv","80":"pa_farve-yellow-sv","81":"pa_farve-mix-sv","82":"pa_farve-blaa-sv","83":"pa_farve-blaat-blaek-sv","84":"pa_farve-brun-sv","85":"pa_farve-gennemsigtig-sv","86":"pa_farve-grafit-sv","87":"pa_farve-graa-sv","88":"pa_farve-creme-sv","89":"pa_farve-groen-sv","90":"pa_farve-gul-sv","91":"pa_farve-lilla-sv","92":"pa_farve-natur-sv","93":"pa_farve-oliven-sv","94":"pa_farve-orange-sv","95":"pa_farve-pink-sv","96":"pa_farve-roed-sv","97":"pa_farve-roedbrun-sv","98":"pa_farve-sennep-sv","99":"pa_farve-sort-sv","100":"pa_farve-sort-blaek-sv","101":"pa_farve-soelv-sv","102":"pa_farve-transparent-sv","103":"pa_farve-hvid-sv","104":"tm-has-options","106":"first","107":"instock","108":"featured","109":"taxable","110":"shipping-taxable","111":"purchasable","112":"product-type-variable","113":"has-default-attributes"},"acf":[],"yoast_head":"<!-- This site is optimized with the Yoast SEO Premium plugin v21.2 (Yoast SEO v21.2) - https:\/\/yoast.com\/wordpress\/plugins\/seo\/ -->\n<title>Vikbar mugg i \u00e5tervunnen plast 220 ml utan tryck - Gr\u00f8nt Kontor<\/title>\n<meta name=\"robots\" content=\"index, follow, max-snippet:-1, max-image-preview:large, max-video-preview:-1\" \/>\n<link rel=\"canonical\" href=\"https:\/\/grontkontor.dk\/sv\/shop\/foldbar-kop-i-genanvendt-plast-220-ml-m-u-tryk\/\" \/>\n<meta property=\"og:locale\" content=\"sv_SE\" \/>\n<meta property=\"og:type\" content=\"article\" \/>\n<meta property=\"og:title\" content=\"Vikbar mugg i \u00e5tervunnen plast 220 ml utan tryck\" \/>\n<meta property=\"og:description\" content=\"Klimatv\u00e4nlig hopf\u00e4llbar to-go mugg tillverkad av \u00e5tervunnen PP med en kapacitet p\u00e5 220 ml. Som alla v\u00e5ra andra koppar, BPA-fria och godk\u00e4nda f\u00f6r kontakt med livsmedel. En karbinhake i st\u00e5l ing\u00e5r. En trevlig och billig produkt, perfekt f\u00f6r f\u00f6retagspresenter eller handouts f\u00f6r m\u00e4ssor och evenemang. Finns i bl\u00e5tt, svart, gr\u00e5tt och vitt. &nbsp; &nbsp;\" \/>\n<meta property=\"og:url\" content=\"https:\/\/grontkontor.dk\/sv\/shop\/foldbar-kop-i-genanvendt-plast-220-ml-m-u-tryk\/\" \/>\n<meta property=\"og:site_name\" content=\"Gr\u00f8nt Kontor\" \/>\n<meta property=\"article:publisher\" content=\"https:\/\/www.facebook.com\/grontkontor.dk\/\" \/>\n<meta property=\"article:modified_time\" content=\"2025-01-17T12:20:24+00:00\" \/>\n<meta property=\"og:image\" content=\"https:\/\/grontkontor.dk\/wp-content\/uploads\/2025\/01\/Foldbar-kop-i-genanvendt-plast-collage.jpg\" \/>\n\t<meta property=\"og:image:width\" content=\"900\" \/>\n\t<meta property=\"og:image:height\" content=\"639\" \/>\n\t<meta property=\"og:image:type\" content=\"image\/jpeg\" \/>\n<meta name=\"twitter:card\" content=\"summary_large_image\" \/>\n<script type=\"application\/ld+json\" class=\"yoast-schema-graph\">{\"@context\":\"https:\/\/schema.org\",\"@graph\":[{\"@type\":\"WebPage\",\"@id\":\"https:\/\/grontkontor.dk\/sv\/shop\/foldbar-kop-i-genanvendt-plast-220-ml-m-u-tryk\/\",\"url\":\"https:\/\/grontkontor.dk\/sv\/shop\/foldbar-kop-i-genanvendt-plast-220-ml-m-u-tryk\/\",\"name\":\"Vikbar mugg i \u00e5tervunnen plast 220 ml utan tryck - Gr\u00f8nt Kontor\",\"isPartOf\":{\"@id\":\"https:\/\/grontkontor.dk\/#website\"},\"datePublished\":\"2025-01-15T12:06:32+00:00\",\"dateModified\":\"2025-01-17T12:20:24+00:00\",\"breadcrumb\":{\"@id\":\"https:\/\/grontkontor.dk\/sv\/shop\/foldbar-kop-i-genanvendt-plast-220-ml-m-u-tryk\/#breadcrumb\"},\"inLanguage\":\"sv-SE\",\"potentialAction\":[{\"@type\":\"ReadAction\",\"target\":[\"https:\/\/grontkontor.dk\/sv\/shop\/foldbar-kop-i-genanvendt-plast-220-ml-m-u-tryk\/\"]}]},{\"@type\":\"BreadcrumbList\",\"@id\":\"https:\/\/grontkontor.dk\/sv\/shop\/foldbar-kop-i-genanvendt-plast-220-ml-m-u-tryk\/#breadcrumb\",\"itemListElement\":[{\"@type\":\"ListItem\",\"position\":1,\"name\":\"Forside\",\"item\":\"https:\/\/grontkontor.dk\/\"},{\"@type\":\"ListItem\",\"position\":2,\"name\":\"Shop\",\"item\":\"https:\/\/grontkontor.dk\/sv\/shop\/\"},{\"@type\":\"ListItem\",\"position\":3,\"name\":\"Mad og drikke\",\"item\":\"https:\/\/grontkontor.dk\/produkt-kategori\/mad-og-drikke\/\"},{\"@type\":\"ListItem\",\"position\":4,\"name\":\"Krus, kopper mm.\",\"item\":\"https:\/\/grontkontor.dk\/produkt-kategori\/mad-og-drikke\/to-go-krus-og-kopper\/\"},{\"@type\":\"ListItem\",\"position\":5,\"name\":\"Vikbar mugg i \u00e5tervunnen plast 220 ml utan tryck\"}]},{\"@type\":\"WebSite\",\"@id\":\"https:\/\/grontkontor.dk\/#website\",\"url\":\"https:\/\/grontkontor.dk\/\",\"name\":\"Gr\u00f8nt Kontor\",\"description\":\"Milj\u00f8venlige produkter til kontor og erhverv med fokus p\u00e5 b\u00e6redygtighed, design og fair trade.\",\"publisher\":{\"@id\":\"https:\/\/grontkontor.dk\/#organization\"},\"potentialAction\":[{\"@type\":\"SearchAction\",\"target\":{\"@type\":\"EntryPoint\",\"urlTemplate\":\"https:\/\/grontkontor.dk\/?s={search_term_string}\"},\"query-input\":\"required name=search_term_string\"}],\"inLanguage\":\"sv-SE\"},{\"@type\":\"Organization\",\"@id\":\"https:\/\/grontkontor.dk\/#organization\",\"name\":\"Gr\u00f8nt Kontor\",\"url\":\"https:\/\/grontkontor.dk\/\",\"logo\":{\"@type\":\"ImageObject\",\"inLanguage\":\"sv-SE\",\"@id\":\"https:\/\/grontkontor.dk\/#\/schema\/logo\/image\/\",\"url\":\"https:\/\/grontkontor.dk\/wp-content\/uploads\/2014\/02\/Logo_groent_kontor_300x80.png\",\"contentUrl\":\"https:\/\/grontkontor.dk\/wp-content\/uploads\/2014\/02\/Logo_groent_kontor_300x80.png\",\"width\":300,\"height\":80,\"caption\":\"Gr\u00f8nt Kontor\"},\"image\":{\"@id\":\"https:\/\/grontkontor.dk\/#\/schema\/logo\/image\/\"},\"sameAs\":[\"https:\/\/www.facebook.com\/grontkontor.dk\/\"]}]}<\/script>\n<!-- \/ Yoast SEO Premium plugin. -->","yoast_head_json":{"title":"Vikbar mugg i \u00e5tervunnen plast 220 ml utan tryck - Gr\u00f8nt Kontor","robots":{"index":"index","follow":"follow","max-snippet":"max-snippet:-1","max-image-preview":"max-image-preview:large","max-video-preview":"max-video-preview:-1"},"canonical":"https:\/\/grontkontor.dk\/sv\/shop\/foldbar-kop-i-genanvendt-plast-220-ml-m-u-tryk\/","og_locale":"sv_SE","og_type":"article","og_title":"Vikbar mugg i \u00e5tervunnen plast 220 ml utan tryck","og_description":"Klimatv\u00e4nlig hopf\u00e4llbar to-go mugg tillverkad av \u00e5tervunnen PP med en kapacitet p\u00e5 220 ml. Som alla v\u00e5ra andra koppar, BPA-fria och godk\u00e4nda f\u00f6r kontakt med livsmedel. En karbinhake i st\u00e5l ing\u00e5r. En trevlig och billig produkt, perfekt f\u00f6r f\u00f6retagspresenter eller handouts f\u00f6r m\u00e4ssor och evenemang. Finns i bl\u00e5tt, svart, gr\u00e5tt och vitt. &nbsp; &nbsp;","og_url":"https:\/\/grontkontor.dk\/sv\/shop\/foldbar-kop-i-genanvendt-plast-220-ml-m-u-tryk\/","og_site_name":"Gr\u00f8nt Kontor","article_publisher":"https:\/\/www.facebook.com\/grontkontor.dk\/","article_modified_time":"2025-01-17T12:20:24+00:00","og_image":[{"width":900,"height":639,"url":"https:\/\/grontkontor.dk\/wp-content\/uploads\/2025\/01\/Foldbar-kop-i-genanvendt-plast-collage.jpg","type":"image\/jpeg"}],"twitter_card":"summary_large_image","schema":{"@context":"https:\/\/schema.org","@graph":[{"@type":"WebPage","@id":"https:\/\/grontkontor.dk\/sv\/shop\/foldbar-kop-i-genanvendt-plast-220-ml-m-u-tryk\/","url":"https:\/\/grontkontor.dk\/sv\/shop\/foldbar-kop-i-genanvendt-plast-220-ml-m-u-tryk\/","name":"Vikbar mugg i \u00e5tervunnen plast 220 ml utan tryck - Gr\u00f8nt Kontor","isPartOf":{"@id":"https:\/\/grontkontor.dk\/#website"},"datePublished":"2025-01-15T12:06:32+00:00","dateModified":"2025-01-17T12:20:24+00:00","breadcrumb":{"@id":"https:\/\/grontkontor.dk\/sv\/shop\/foldbar-kop-i-genanvendt-plast-220-ml-m-u-tryk\/#breadcrumb"},"inLanguage":"sv-SE","potentialAction":[{"@type":"ReadAction","target":["https:\/\/grontkontor.dk\/sv\/shop\/foldbar-kop-i-genanvendt-plast-220-ml-m-u-tryk\/"]}]},{"@type":"BreadcrumbList","@id":"https:\/\/grontkontor.dk\/sv\/shop\/foldbar-kop-i-genanvendt-plast-220-ml-m-u-tryk\/#breadcrumb","itemListElement":[{"@type":"ListItem","position":1,"name":"Forside","item":"https:\/\/grontkontor.dk\/"},{"@type":"ListItem","position":2,"name":"Shop","item":"https:\/\/grontkontor.dk\/sv\/shop\/"},{"@type":"ListItem","position":3,"name":"Mad og drikke","item":"https:\/\/grontkontor.dk\/produkt-kategori\/mad-og-drikke\/"},{"@type":"ListItem","position":4,"name":"Krus, kopper mm.","item":"https:\/\/grontkontor.dk\/produkt-kategori\/mad-og-drikke\/to-go-krus-og-kopper\/"},{"@type":"ListItem","position":5,"name":"Vikbar mugg i \u00e5tervunnen plast 220 ml utan tryck"}]},{"@type":"WebSite","@id":"https:\/\/grontkontor.dk\/#website","url":"https:\/\/grontkontor.dk\/","name":"Gr\u00f8nt Kontor","description":"Milj\u00f8venlige produkter til kontor og erhverv med fokus p\u00e5 b\u00e6redygtighed, design og fair trade.","publisher":{"@id":"https:\/\/grontkontor.dk\/#organization"},"potentialAction":[{"@type":"SearchAction","target":{"@type":"EntryPoint","urlTemplate":"https:\/\/grontkontor.dk\/?s={search_term_string}"},"query-input":"required name=search_term_string"}],"inLanguage":"sv-SE"},{"@type":"Organization","@id":"https:\/\/grontkontor.dk\/#organization","name":"Gr\u00f8nt Kontor","url":"https:\/\/grontkontor.dk\/","logo":{"@type":"ImageObject","inLanguage":"sv-SE","@id":"https:\/\/grontkontor.dk\/#\/schema\/logo\/image\/","url":"https:\/\/grontkontor.dk\/wp-content\/uploads\/2014\/02\/Logo_groent_kontor_300x80.png","contentUrl":"https:\/\/grontkontor.dk\/wp-content\/uploads\/2014\/02\/Logo_groent_kontor_300x80.png","width":300,"height":80,"caption":"Gr\u00f8nt Kontor"},"image":{"@id":"https:\/\/grontkontor.dk\/#\/schema\/logo\/image\/"},"sameAs":["https:\/\/www.facebook.com\/grontkontor.dk\/"]}]}},"_links":{"self":[{"href":"https:\/\/grontkontor.dk\/sv\/wp-json\/wp\/v2\/product\/118382"}],"collection":[{"href":"https:\/\/grontkontor.dk\/sv\/wp-json\/wp\/v2\/product"}],"about":[{"href":"https:\/\/grontkontor.dk\/sv\/wp-json\/wp\/v2\/types\/product"}],"replies":[{"embeddable":true,"href":"https:\/\/grontkontor.dk\/sv\/wp-json\/wp\/v2\/comments?post=118382"}],"wp:featuredmedia":[{"embeddable":true,"href":"https:\/\/grontkontor.dk\/sv\/wp-json\/wp\/v2\/media\/118505"}],"wp:attachment":[{"href":"https:\/\/grontkontor.dk\/sv\/wp-json\/wp\/v2\/media?parent=118382"}],"wp:term":[{"taxonomy":"product_cat","embeddable":true,"href":"https:\/\/grontkontor.dk\/sv\/wp-json\/wp\/v2\/product_cat?post=118382"},{"taxonomy":"product_tag","embeddable":true,"href":"https:\/\/grontkontor.dk\/sv\/wp-json\/wp\/v2\/product_tag?post=118382"}],"curies":[{"name":"wp","href":"https:\/\/api.w.org\/{rel}","templated":true}]}}