{"id":118788,"date":"2024-12-05T14:52:12","date_gmt":"2025-01-17T12:19:15","guid":{"rendered":"https:\/\/grontkontor.dk\/shop\/hue-beanie-i-rpet\/"},"modified":"2025-11-06T11:29:03","modified_gmt":"2025-11-06T10:29:03","slug":"hue-beanie-i-rpet","status":"publish","type":"product","link":"https:\/\/grontkontor.dk\/sv\/shop\/hue-beanie-i-rpet\/","title":{"rendered":"M\u00f6ssa\/m\u00f6ssa i RPET utan tryck"},"content":{"rendered":"<p>En klimatv\u00e4nlig m\u00f6ssa \u00e4r ett sj\u00e4lvklart val f\u00f6r kalla dagar, d\u00e4r komfort och omtanke m\u00e5ste g\u00e5 hand i hand. Den h\u00e4r varma m\u00f6ssan \u00e4r tillverkad av 100 % polyester tillverkad av \u00e5tervunnen plast, vilket g\u00f6r den till ett milj\u00f6v\u00e4nligt tillbeh\u00f6r som b\u00e5de ser bra ut och skickar en gr\u00f6n signal. Materialet \u00e4r mjukt, slitstarkt och ger en bekv\u00e4m passform, vilket g\u00f6r m\u00f6ssan idealisk f\u00f6r b\u00e5de utomhusaktiviteter och vardagsbruk.  <\/p>\n<p>M\u00f6ssan finns i klassiska f\u00e4rger som svart, ljusgr\u00e5, m\u00f6rkgr\u00e5, natur och bl\u00e5, vilket g\u00f6r det enkelt att hitta en variant som matchar f\u00f6retagets profil eller personliga stil. Tack vare sin tidl\u00f6sa design passar den b\u00e5de m\u00e4n och kvinnor och fungerar som en m\u00e5ngsidig del av vilken garderob som helst. <\/p>\n<p>Som reklamartikel \u00e4r en klimatv\u00e4nlig hatt ett starkt val. Den kan levereras med logotyptryck eller broderi, vilket ger ditt varum\u00e4rke synlighet varje g\u00e5ng hatten b\u00e4rs. Perfekt som f\u00f6retagspresent, personalkl\u00e4der eller utdelning p\u00e5 m\u00e4ssor och event.  <\/p>\n<p>N\u00e4r du v\u00e4ljer en milj\u00f6v\u00e4nlig m\u00f6ssa i \u00e5tervunnet material f\u00e5r du inte bara en praktisk accessoar mot kylan \u2013 du f\u00e5r en produkt som kombinerar v\u00e4rme, kvalitet och klimatv\u00e4nliga v\u00e4rden.<\/p>\nBestil uforpligtende tilbud p\u00e5 broderi hos <a class=\"light\" href=\"mailto:jens@grontkontor.dk\">jens@grontkontor.dk<\/a>\nrPET (recycled polyethylen) er et f\u00f8devareegnet genanvendeligt genbrugsplast, som typisk er fremstillet af genanvendte vandflasker. rPET er \u2013 dets fossile oprindelse til trods \u2013 et b\u00e6redygtigt og klimavenligt materiale. rPET har et ekstremt h\u00f8jt kulstofindhold, og fungerer derfor som et effektivt kulstofdepot i hele produktets og genanvendte produkters levetid. Bliver plast ikke genbrugt, vil det enten nedbrydes til CO2 og dermed bidrage til drivhuseffekten, eller ende op som forurenende affald. For hvert ton genbrugt plast spares der 3,8 t\u00f8nder olie. \nGlobal Recycled Standard certificeringen garanterar att man \u00e5tervunnet minst 50% av materialet i en slutprodukt. GRS \u00e4r dessutom en garanti f\u00f6r goda arbetsvillkor och minimalt inneh\u00e5ll av skatlig kemi. \n<p>&nbsp;<\/p>\n<p><img loading=\"lazy\" decoding=\"async\" src=\"https:\/\/grontkontor.dk\/wp-content\/uploads\/2021\/02\/genbrug.jpg\" alt=\"Fremstillet af genbrugsmaterialer\" width=\"50\" height=\"50\" class=\"size-full wp-image-23031\" srcset=\"https:\/\/grontkontor.dk\/wp-content\/uploads\/2021\/02\/genbrug.jpg 199w, https:\/\/grontkontor.dk\/wp-content\/uploads\/2021\/02\/genbrug-100x100.jpg 100w\" sizes=\"(max-width: 50px) 100vw, 50px\" \/><a href=\"https:\/\/textileexchange.org\/standards\/recycled-claim-standard-global-recycled-standard\/\"><img loading=\"lazy\" decoding=\"async\" src=\"https:\/\/grontkontor.dk\/wp-content\/uploads\/2021\/06\/global-recycled-standard-1.jpg\" alt=\"Global recycled standard\" width=\"50\" height=\"50\" class=\"size-full wp-image-25504\" \/> <\/a><\/p>\n<p>&nbsp;<\/p>\n<p>&nbsp;<\/p>\n<p>&nbsp;<\/p>\n","protected":false},"excerpt":{"rendered":"<p>En klimatv\u00e4nlig m\u00f6ssa \u00e4r ett sj\u00e4lvklart val f\u00f6r kalla dagar, d\u00e4r komfort och omtanke m\u00e5ste g\u00e5 hand i hand. Den h\u00e4r varma m\u00f6ssan \u00e4r tillverkad av 100 % polyester tillverkad av \u00e5tervunnen plast, vilket g\u00f6r den till ett milj\u00f6v\u00e4nligt tillbeh\u00f6r som b\u00e5de ser bra ut och skickar en gr\u00f6n signal. Materialet \u00e4r mjukt, slitstarkt och [&hellip;]<\/p>\n","protected":false},"featured_media":117431,"comment_status":"closed","ping_status":"closed","template":"","meta":{"_acf_changed":false},"product_cat":[4887,2107,2394],"product_tag":[1754,4514],"class_list":{"0":"post-118788","1":"product","2":"type-product","3":"status-publish","4":"has-post-thumbnail","6":"product_cat-foer-regn-och-kyla","7":"product_cat-dummy-moq-1-sv","8":"product_cat-nyheter","9":"product_tag-hovedbeklaedning-sv","10":"product_tag-moessa","11":"pa_farve-lys-graa-sv","12":"pa_farve-marineblaa-sv","13":"pa_farve-graa-sv","14":"pa_farve-natur-sv","15":"pa_farve-sort-sv","16":"tm-has-options","18":"first","19":"instock","20":"taxable","21":"shipping-taxable","22":"purchasable","23":"product-type-variable","24":"has-default-attributes"},"acf":[],"yoast_head":"<!-- This site is optimized with the Yoast SEO Premium plugin v21.2 (Yoast SEO v21.2) - https:\/\/yoast.com\/wordpress\/plugins\/seo\/ -->\n<title>M\u00f6ssa\/m\u00f6ssa i RPET utan tryck - Gr\u00f8nt Kontor<\/title>\n<meta name=\"description\" content=\"Klimatsmart m\u00f6ssa i 100% \u00e5tervunnen plast. Milj\u00f6v\u00e4nlig hatt i flera f\u00e4rger, perfekt f\u00f6r evenemang och f\u00f6retagspresenter. Finns med logotryck och brodyr.\" \/>\n<meta name=\"robots\" content=\"index, follow, max-snippet:-1, max-image-preview:large, max-video-preview:-1\" \/>\n<link rel=\"canonical\" href=\"https:\/\/grontkontor.dk\/sv\/shop\/hue-beanie-i-rpet\/\" \/>\n<meta property=\"og:locale\" content=\"sv_SE\" \/>\n<meta property=\"og:type\" content=\"article\" \/>\n<meta property=\"og:title\" content=\"M\u00f6ssa\/m\u00f6ssa i RPET utan tryck\" \/>\n<meta property=\"og:description\" content=\"Klimatsmart m\u00f6ssa i 100% \u00e5tervunnen plast. Milj\u00f6v\u00e4nlig hatt i flera f\u00e4rger, perfekt f\u00f6r evenemang och f\u00f6retagspresenter. Finns med logotryck och brodyr.\" \/>\n<meta property=\"og:url\" content=\"https:\/\/grontkontor.dk\/sv\/shop\/hue-beanie-i-rpet\/\" \/>\n<meta property=\"og:site_name\" content=\"Gr\u00f8nt Kontor\" \/>\n<meta property=\"article:publisher\" content=\"https:\/\/www.facebook.com\/grontkontor.dk\/\" \/>\n<meta property=\"article:modified_time\" content=\"2025-11-06T10:29:03+00:00\" \/>\n<meta property=\"og:image\" content=\"https:\/\/grontkontor.dk\/wp-content\/uploads\/2024\/12\/Klimavenlig-hue-i-genanvendt-plast-collage.jpg\" \/>\n\t<meta property=\"og:image:width\" content=\"900\" \/>\n\t<meta property=\"og:image:height\" content=\"639\" \/>\n\t<meta property=\"og:image:type\" content=\"image\/jpeg\" \/>\n<meta name=\"twitter:card\" content=\"summary_large_image\" \/>\n<meta name=\"twitter:label1\" content=\"Ber\u00e4knad l\u00e4stid\" \/>\n\t<meta name=\"twitter:data1\" content=\"1 minut\" \/>\n<script type=\"application\/ld+json\" class=\"yoast-schema-graph\">{\"@context\":\"https:\/\/schema.org\",\"@graph\":[{\"@type\":\"WebPage\",\"@id\":\"https:\/\/grontkontor.dk\/sv\/shop\/hue-beanie-i-rpet\/\",\"url\":\"https:\/\/grontkontor.dk\/sv\/shop\/hue-beanie-i-rpet\/\",\"name\":\"M\u00f6ssa\/m\u00f6ssa i RPET utan tryck - Gr\u00f8nt Kontor\",\"isPartOf\":{\"@id\":\"https:\/\/grontkontor.dk\/#website\"},\"datePublished\":\"2025-01-17T12:19:15+00:00\",\"dateModified\":\"2025-11-06T10:29:03+00:00\",\"description\":\"Klimatsmart m\u00f6ssa i 100% \u00e5tervunnen plast. Milj\u00f6v\u00e4nlig hatt i flera f\u00e4rger, perfekt f\u00f6r evenemang och f\u00f6retagspresenter. Finns med logotryck och brodyr.\",\"breadcrumb\":{\"@id\":\"https:\/\/grontkontor.dk\/sv\/shop\/hue-beanie-i-rpet\/#breadcrumb\"},\"inLanguage\":\"sv-SE\",\"potentialAction\":[{\"@type\":\"ReadAction\",\"target\":[\"https:\/\/grontkontor.dk\/sv\/shop\/hue-beanie-i-rpet\/\"]}]},{\"@type\":\"BreadcrumbList\",\"@id\":\"https:\/\/grontkontor.dk\/sv\/shop\/hue-beanie-i-rpet\/#breadcrumb\",\"itemListElement\":[{\"@type\":\"ListItem\",\"position\":1,\"name\":\"Forside\",\"item\":\"https:\/\/grontkontor.dk\/\"},{\"@type\":\"ListItem\",\"position\":2,\"name\":\"Shop\",\"item\":\"https:\/\/grontkontor.dk\/sv\/shop\/\"},{\"@type\":\"ListItem\",\"position\":3,\"name\":\"F\u00f6r regn och kyla\",\"item\":\"https:\/\/grontkontor.dk\/sv\/produkt-kategori\/foer-regn-och-kyla\/\"},{\"@type\":\"ListItem\",\"position\":4,\"name\":\"M\u00f6ssa\/m\u00f6ssa i RPET utan tryck\"}]},{\"@type\":\"WebSite\",\"@id\":\"https:\/\/grontkontor.dk\/#website\",\"url\":\"https:\/\/grontkontor.dk\/\",\"name\":\"Gr\u00f8nt Kontor\",\"description\":\"Milj\u00f8venlige produkter til kontor og erhverv med fokus p\u00e5 b\u00e6redygtighed, design og fair trade.\",\"publisher\":{\"@id\":\"https:\/\/grontkontor.dk\/#organization\"},\"potentialAction\":[{\"@type\":\"SearchAction\",\"target\":{\"@type\":\"EntryPoint\",\"urlTemplate\":\"https:\/\/grontkontor.dk\/?s={search_term_string}\"},\"query-input\":\"required name=search_term_string\"}],\"inLanguage\":\"sv-SE\"},{\"@type\":\"Organization\",\"@id\":\"https:\/\/grontkontor.dk\/#organization\",\"name\":\"Gr\u00f8nt Kontor\",\"url\":\"https:\/\/grontkontor.dk\/\",\"logo\":{\"@type\":\"ImageObject\",\"inLanguage\":\"sv-SE\",\"@id\":\"https:\/\/grontkontor.dk\/#\/schema\/logo\/image\/\",\"url\":\"https:\/\/grontkontor.dk\/wp-content\/uploads\/2014\/02\/Logo_groent_kontor_300x80.png\",\"contentUrl\":\"https:\/\/grontkontor.dk\/wp-content\/uploads\/2014\/02\/Logo_groent_kontor_300x80.png\",\"width\":300,\"height\":80,\"caption\":\"Gr\u00f8nt Kontor\"},\"image\":{\"@id\":\"https:\/\/grontkontor.dk\/#\/schema\/logo\/image\/\"},\"sameAs\":[\"https:\/\/www.facebook.com\/grontkontor.dk\/\"]}]}<\/script>\n<!-- \/ Yoast SEO Premium plugin. -->","yoast_head_json":{"title":"M\u00f6ssa\/m\u00f6ssa i RPET utan tryck - Gr\u00f8nt Kontor","description":"Klimatsmart m\u00f6ssa i 100% \u00e5tervunnen plast. Milj\u00f6v\u00e4nlig hatt i flera f\u00e4rger, perfekt f\u00f6r evenemang och f\u00f6retagspresenter. Finns med logotryck och brodyr.","robots":{"index":"index","follow":"follow","max-snippet":"max-snippet:-1","max-image-preview":"max-image-preview:large","max-video-preview":"max-video-preview:-1"},"canonical":"https:\/\/grontkontor.dk\/sv\/shop\/hue-beanie-i-rpet\/","og_locale":"sv_SE","og_type":"article","og_title":"M\u00f6ssa\/m\u00f6ssa i RPET utan tryck","og_description":"Klimatsmart m\u00f6ssa i 100% \u00e5tervunnen plast. Milj\u00f6v\u00e4nlig hatt i flera f\u00e4rger, perfekt f\u00f6r evenemang och f\u00f6retagspresenter. Finns med logotryck och brodyr.","og_url":"https:\/\/grontkontor.dk\/sv\/shop\/hue-beanie-i-rpet\/","og_site_name":"Gr\u00f8nt Kontor","article_publisher":"https:\/\/www.facebook.com\/grontkontor.dk\/","article_modified_time":"2025-11-06T10:29:03+00:00","og_image":[{"width":900,"height":639,"url":"https:\/\/grontkontor.dk\/wp-content\/uploads\/2024\/12\/Klimavenlig-hue-i-genanvendt-plast-collage.jpg","type":"image\/jpeg"}],"twitter_card":"summary_large_image","twitter_misc":{"Ber\u00e4knad l\u00e4stid":"1 minut"},"schema":{"@context":"https:\/\/schema.org","@graph":[{"@type":"WebPage","@id":"https:\/\/grontkontor.dk\/sv\/shop\/hue-beanie-i-rpet\/","url":"https:\/\/grontkontor.dk\/sv\/shop\/hue-beanie-i-rpet\/","name":"M\u00f6ssa\/m\u00f6ssa i RPET utan tryck - Gr\u00f8nt Kontor","isPartOf":{"@id":"https:\/\/grontkontor.dk\/#website"},"datePublished":"2025-01-17T12:19:15+00:00","dateModified":"2025-11-06T10:29:03+00:00","description":"Klimatsmart m\u00f6ssa i 100% \u00e5tervunnen plast. Milj\u00f6v\u00e4nlig hatt i flera f\u00e4rger, perfekt f\u00f6r evenemang och f\u00f6retagspresenter. Finns med logotryck och brodyr.","breadcrumb":{"@id":"https:\/\/grontkontor.dk\/sv\/shop\/hue-beanie-i-rpet\/#breadcrumb"},"inLanguage":"sv-SE","potentialAction":[{"@type":"ReadAction","target":["https:\/\/grontkontor.dk\/sv\/shop\/hue-beanie-i-rpet\/"]}]},{"@type":"BreadcrumbList","@id":"https:\/\/grontkontor.dk\/sv\/shop\/hue-beanie-i-rpet\/#breadcrumb","itemListElement":[{"@type":"ListItem","position":1,"name":"Forside","item":"https:\/\/grontkontor.dk\/"},{"@type":"ListItem","position":2,"name":"Shop","item":"https:\/\/grontkontor.dk\/sv\/shop\/"},{"@type":"ListItem","position":3,"name":"F\u00f6r regn och kyla","item":"https:\/\/grontkontor.dk\/sv\/produkt-kategori\/foer-regn-och-kyla\/"},{"@type":"ListItem","position":4,"name":"M\u00f6ssa\/m\u00f6ssa i RPET utan tryck"}]},{"@type":"WebSite","@id":"https:\/\/grontkontor.dk\/#website","url":"https:\/\/grontkontor.dk\/","name":"Gr\u00f8nt Kontor","description":"Milj\u00f8venlige produkter til kontor og erhverv med fokus p\u00e5 b\u00e6redygtighed, design og fair trade.","publisher":{"@id":"https:\/\/grontkontor.dk\/#organization"},"potentialAction":[{"@type":"SearchAction","target":{"@type":"EntryPoint","urlTemplate":"https:\/\/grontkontor.dk\/?s={search_term_string}"},"query-input":"required name=search_term_string"}],"inLanguage":"sv-SE"},{"@type":"Organization","@id":"https:\/\/grontkontor.dk\/#organization","name":"Gr\u00f8nt Kontor","url":"https:\/\/grontkontor.dk\/","logo":{"@type":"ImageObject","inLanguage":"sv-SE","@id":"https:\/\/grontkontor.dk\/#\/schema\/logo\/image\/","url":"https:\/\/grontkontor.dk\/wp-content\/uploads\/2014\/02\/Logo_groent_kontor_300x80.png","contentUrl":"https:\/\/grontkontor.dk\/wp-content\/uploads\/2014\/02\/Logo_groent_kontor_300x80.png","width":300,"height":80,"caption":"Gr\u00f8nt Kontor"},"image":{"@id":"https:\/\/grontkontor.dk\/#\/schema\/logo\/image\/"},"sameAs":["https:\/\/www.facebook.com\/grontkontor.dk\/"]}]}},"_links":{"self":[{"href":"https:\/\/grontkontor.dk\/sv\/wp-json\/wp\/v2\/product\/118788"}],"collection":[{"href":"https:\/\/grontkontor.dk\/sv\/wp-json\/wp\/v2\/product"}],"about":[{"href":"https:\/\/grontkontor.dk\/sv\/wp-json\/wp\/v2\/types\/product"}],"replies":[{"embeddable":true,"href":"https:\/\/grontkontor.dk\/sv\/wp-json\/wp\/v2\/comments?post=118788"}],"wp:featuredmedia":[{"embeddable":true,"href":"https:\/\/grontkontor.dk\/sv\/wp-json\/wp\/v2\/media\/117431"}],"wp:attachment":[{"href":"https:\/\/grontkontor.dk\/sv\/wp-json\/wp\/v2\/media?parent=118788"}],"wp:term":[{"taxonomy":"product_cat","embeddable":true,"href":"https:\/\/grontkontor.dk\/sv\/wp-json\/wp\/v2\/product_cat?post=118788"},{"taxonomy":"product_tag","embeddable":true,"href":"https:\/\/grontkontor.dk\/sv\/wp-json\/wp\/v2\/product_tag?post=118788"}],"curies":[{"name":"wp","href":"https:\/\/api.w.org\/{rel}","templated":true}]}}