{"id":118795,"date":"2024-12-05T13:49:21","date_gmt":"2025-01-17T12:19:17","guid":{"rendered":"https:\/\/grontkontor.dk\/shop\/vinterhue-i-oekologisk-bomuld\/"},"modified":"2025-11-06T11:29:01","modified_gmt":"2025-11-06T10:29:01","slug":"vinterhue-i-oekologisk-bomuld","status":"publish","type":"product","link":"https:\/\/grontkontor.dk\/sv\/shop\/vinterhue-i-oekologisk-bomuld\/","title":{"rendered":"M\u00f6ssa \/ m\u00f6ssa i ekologisk bomull utan tryck"},"content":{"rendered":"<p>En klimatsmart m\u00f6ssa i ekologisk bomull \u00e4r en snygg och milj\u00f6v\u00e4nlig l\u00f6sning n\u00e4r du vill kombinera komfort, kvalitet och omtanke om milj\u00f6n. Denna mjuka m\u00f6ssa \u00e4r tillverkad av 100% ekologisk bomull, som k\u00e4nns behaglig mot huden och samtidigt ger ett naturligt utseende. <\/p>\n<p>Med sin tidl\u00f6sa design \u00e4r den h\u00e4r m\u00f6ssan perfekt f\u00f6r b\u00e5de vardagsbruk, utomhusaktiviteter och som en del av profilkl\u00e4der f\u00f6r anst\u00e4llda. Den finns i svart, gr\u00e5, bl\u00e5 och gr\u00f6na f\u00e4rger, s\u00e5 att du kan v\u00e4lja den variant som b\u00e4st representerar ditt varum\u00e4rke eller din personliga stil. <\/p>\n<p>M\u00f6ssan kan levereras med logotyptryck eller broderi, vilket g\u00f6r den till en idealisk f\u00f6retagspresent eller reklamartikel. N\u00e4r dina kunder eller anst\u00e4llda b\u00e4r en klimatv\u00e4nlig hatt med din logotyp f\u00e5r du effektiv exponering samtidigt som du st\u00f6djer en milj\u00f6v\u00e4nlig profil. <\/p>\n<p>Som en handout p\u00e5 m\u00e4ssor eller evenemang \u00e4r den h\u00e4r m\u00f6ssan i ekologisk bomull en s\u00e4ker hit. Det \u00e4r funktionellt, bekv\u00e4mt och en tydlig signal om omtanke om klimatet.<br \/>\nGenom att v\u00e4lja en klimatv\u00e4nlig m\u00f6ssa i ekologisk bomull f\u00e5r du en produkt som kombinerar modern design, funktionalitet och milj\u00f6v\u00e4nliga v\u00e4rden \u2013 en m\u00f6ssa som b\u00e5de v\u00e4rmer och inspirerar. <\/p>\nBestil uforpligtende tilbud p\u00e5 broderi hos <a class=\"light\" href=\"mailto:jens@grontkontor.dk\">jens@grontkontor.dk<\/a>\n<p>&nbsp;<\/p>\nBomull \u00e4r en biologiskt nedbrytbar, komposterbar naturprodukt och en av v\u00e4rldens \u00e4ldsta handels- och jordbruksprodukter. Ekologisk odlas bomull med icke genmanipulerat uts\u00e4de och utan anv\u00e4ndning av pesticider och andra skadliga kemikalier. \nGOTS certificeringen \u00e4r en garanti f\u00f6r, att dina kl\u00e4der \u00e4r producerade ekologiskt och milj\u00f6m\u00e4ssigt korrekt under ordentgliga l\u00f6n- och arbetsf\u00f6rh\u00e5llanden. \n<p>&nbsp;<\/p>\n<a href=\"https:\/\/www.eco-branding.dk\/miljoemaerkning\/gots.aspx\" rel=\"noopener\" target=\"_blank\"><img loading=\"lazy\" decoding=\"async\" class=\"size-full wp-image-12808\" src=\"https:\/\/grontkontor.dk\/wp-content\/uploads\/2019\/04\/gots-certificeret.jpg\" \n   alt=\"Gots certificeret - din garanti for, at produktet indeholder mindst 70% ?kologisk bomuld\"  description=\"Gots certificeret - din garanti for, at produktet indeholder mindst 70% ?kologisk bomuld\" width=\"50\" height=\"50\" \n\t border=0 \/><\/a>\n<p>&nbsp;<\/p>\n","protected":false},"excerpt":{"rendered":"<p>En klimatsmart m\u00f6ssa i ekologisk bomull \u00e4r en snygg och milj\u00f6v\u00e4nlig l\u00f6sning n\u00e4r du vill kombinera komfort, kvalitet och omtanke om milj\u00f6n. Denna mjuka m\u00f6ssa \u00e4r tillverkad av 100% ekologisk bomull, som k\u00e4nns behaglig mot huden och samtidigt ger ett naturligt utseende. Med sin tidl\u00f6sa design \u00e4r den h\u00e4r m\u00f6ssan perfekt f\u00f6r b\u00e5de vardagsbruk, utomhusaktiviteter [&hellip;]<\/p>\n","protected":false},"featured_media":117385,"comment_status":"closed","ping_status":"closed","template":"","meta":{"_acf_changed":false},"product_cat":[4887,2107,2394],"product_tag":[1754,4514],"class_list":{"0":"post-118795","1":"product","2":"type-product","3":"status-publish","4":"has-post-thumbnail","6":"product_cat-foer-regn-och-kyla","7":"product_cat-dummy-moq-1-sv","8":"product_cat-nyheter","9":"product_tag-hovedbeklaedning-sv","10":"product_tag-moessa","11":"tm-has-options","13":"first","14":"instock","15":"taxable","16":"shipping-taxable","17":"purchasable","18":"product-type-variable","19":"has-default-attributes"},"acf":[],"yoast_head":"<!-- This site is optimized with the Yoast SEO Premium plugin v21.2 (Yoast SEO v21.2) - https:\/\/yoast.com\/wordpress\/plugins\/seo\/ -->\n<title>M\u00f6ssa \/ m\u00f6ssa i ekologisk bomull utan tryck - Gr\u00f8nt Kontor<\/title>\n<meta name=\"description\" content=\"Klimatsmart m\u00f6ssa i 100% ekologisk bomull. Milj\u00f6v\u00e4nlig hatt i flera f\u00e4rger, perfekt f\u00f6r evenemang och som f\u00f6retagspresent. Finns med logotryck och brodyr.\" \/>\n<meta name=\"robots\" content=\"index, follow, max-snippet:-1, max-image-preview:large, max-video-preview:-1\" \/>\n<link rel=\"canonical\" href=\"https:\/\/grontkontor.dk\/sv\/shop\/vinterhue-i-oekologisk-bomuld\/\" \/>\n<meta property=\"og:locale\" content=\"sv_SE\" \/>\n<meta property=\"og:type\" content=\"article\" \/>\n<meta property=\"og:title\" content=\"M\u00f6ssa \/ m\u00f6ssa i ekologisk bomull utan tryck\" \/>\n<meta property=\"og:description\" content=\"Klimatsmart m\u00f6ssa i 100% ekologisk bomull. Milj\u00f6v\u00e4nlig hatt i flera f\u00e4rger, perfekt f\u00f6r evenemang och som f\u00f6retagspresent. Finns med logotryck och brodyr.\" \/>\n<meta property=\"og:url\" content=\"https:\/\/grontkontor.dk\/sv\/shop\/vinterhue-i-oekologisk-bomuld\/\" \/>\n<meta property=\"og:site_name\" content=\"Gr\u00f8nt Kontor\" \/>\n<meta property=\"article:publisher\" content=\"https:\/\/www.facebook.com\/grontkontor.dk\/\" \/>\n<meta property=\"article:modified_time\" content=\"2025-11-06T10:29:01+00:00\" \/>\n<meta property=\"og:image\" content=\"https:\/\/grontkontor.dk\/wp-content\/uploads\/2024\/12\/Klimavenlig-hue-i-oekologisk-bomuld-collage.jpg\" \/>\n\t<meta property=\"og:image:width\" content=\"900\" \/>\n\t<meta property=\"og:image:height\" content=\"639\" \/>\n\t<meta property=\"og:image:type\" content=\"image\/jpeg\" \/>\n<meta name=\"twitter:card\" content=\"summary_large_image\" \/>\n<meta name=\"twitter:label1\" content=\"Ber\u00e4knad l\u00e4stid\" \/>\n\t<meta name=\"twitter:data1\" content=\"1 minut\" \/>\n<script type=\"application\/ld+json\" class=\"yoast-schema-graph\">{\"@context\":\"https:\/\/schema.org\",\"@graph\":[{\"@type\":\"WebPage\",\"@id\":\"https:\/\/grontkontor.dk\/sv\/shop\/vinterhue-i-oekologisk-bomuld\/\",\"url\":\"https:\/\/grontkontor.dk\/sv\/shop\/vinterhue-i-oekologisk-bomuld\/\",\"name\":\"M\u00f6ssa \/ m\u00f6ssa i ekologisk bomull utan tryck - Gr\u00f8nt Kontor\",\"isPartOf\":{\"@id\":\"https:\/\/grontkontor.dk\/#website\"},\"datePublished\":\"2025-01-17T12:19:17+00:00\",\"dateModified\":\"2025-11-06T10:29:01+00:00\",\"description\":\"Klimatsmart m\u00f6ssa i 100% ekologisk bomull. Milj\u00f6v\u00e4nlig hatt i flera f\u00e4rger, perfekt f\u00f6r evenemang och som f\u00f6retagspresent. Finns med logotryck och brodyr.\",\"breadcrumb\":{\"@id\":\"https:\/\/grontkontor.dk\/sv\/shop\/vinterhue-i-oekologisk-bomuld\/#breadcrumb\"},\"inLanguage\":\"sv-SE\",\"potentialAction\":[{\"@type\":\"ReadAction\",\"target\":[\"https:\/\/grontkontor.dk\/sv\/shop\/vinterhue-i-oekologisk-bomuld\/\"]}]},{\"@type\":\"BreadcrumbList\",\"@id\":\"https:\/\/grontkontor.dk\/sv\/shop\/vinterhue-i-oekologisk-bomuld\/#breadcrumb\",\"itemListElement\":[{\"@type\":\"ListItem\",\"position\":1,\"name\":\"Forside\",\"item\":\"https:\/\/grontkontor.dk\/\"},{\"@type\":\"ListItem\",\"position\":2,\"name\":\"Shop\",\"item\":\"https:\/\/grontkontor.dk\/sv\/shop\/\"},{\"@type\":\"ListItem\",\"position\":3,\"name\":\"F\u00f6r regn och kyla\",\"item\":\"https:\/\/grontkontor.dk\/sv\/produkt-kategori\/foer-regn-och-kyla\/\"},{\"@type\":\"ListItem\",\"position\":4,\"name\":\"M\u00f6ssa \/ m\u00f6ssa i ekologisk bomull utan tryck\"}]},{\"@type\":\"WebSite\",\"@id\":\"https:\/\/grontkontor.dk\/#website\",\"url\":\"https:\/\/grontkontor.dk\/\",\"name\":\"Gr\u00f8nt Kontor\",\"description\":\"Milj\u00f8venlige produkter til kontor og erhverv med fokus p\u00e5 b\u00e6redygtighed, design og fair trade.\",\"publisher\":{\"@id\":\"https:\/\/grontkontor.dk\/#organization\"},\"potentialAction\":[{\"@type\":\"SearchAction\",\"target\":{\"@type\":\"EntryPoint\",\"urlTemplate\":\"https:\/\/grontkontor.dk\/?s={search_term_string}\"},\"query-input\":\"required name=search_term_string\"}],\"inLanguage\":\"sv-SE\"},{\"@type\":\"Organization\",\"@id\":\"https:\/\/grontkontor.dk\/#organization\",\"name\":\"Gr\u00f8nt Kontor\",\"url\":\"https:\/\/grontkontor.dk\/\",\"logo\":{\"@type\":\"ImageObject\",\"inLanguage\":\"sv-SE\",\"@id\":\"https:\/\/grontkontor.dk\/#\/schema\/logo\/image\/\",\"url\":\"https:\/\/grontkontor.dk\/wp-content\/uploads\/2014\/02\/Logo_groent_kontor_300x80.png\",\"contentUrl\":\"https:\/\/grontkontor.dk\/wp-content\/uploads\/2014\/02\/Logo_groent_kontor_300x80.png\",\"width\":300,\"height\":80,\"caption\":\"Gr\u00f8nt Kontor\"},\"image\":{\"@id\":\"https:\/\/grontkontor.dk\/#\/schema\/logo\/image\/\"},\"sameAs\":[\"https:\/\/www.facebook.com\/grontkontor.dk\/\"]}]}<\/script>\n<!-- \/ Yoast SEO Premium plugin. -->","yoast_head_json":{"title":"M\u00f6ssa \/ m\u00f6ssa i ekologisk bomull utan tryck - Gr\u00f8nt Kontor","description":"Klimatsmart m\u00f6ssa i 100% ekologisk bomull. Milj\u00f6v\u00e4nlig hatt i flera f\u00e4rger, perfekt f\u00f6r evenemang och som f\u00f6retagspresent. Finns med logotryck och brodyr.","robots":{"index":"index","follow":"follow","max-snippet":"max-snippet:-1","max-image-preview":"max-image-preview:large","max-video-preview":"max-video-preview:-1"},"canonical":"https:\/\/grontkontor.dk\/sv\/shop\/vinterhue-i-oekologisk-bomuld\/","og_locale":"sv_SE","og_type":"article","og_title":"M\u00f6ssa \/ m\u00f6ssa i ekologisk bomull utan tryck","og_description":"Klimatsmart m\u00f6ssa i 100% ekologisk bomull. Milj\u00f6v\u00e4nlig hatt i flera f\u00e4rger, perfekt f\u00f6r evenemang och som f\u00f6retagspresent. Finns med logotryck och brodyr.","og_url":"https:\/\/grontkontor.dk\/sv\/shop\/vinterhue-i-oekologisk-bomuld\/","og_site_name":"Gr\u00f8nt Kontor","article_publisher":"https:\/\/www.facebook.com\/grontkontor.dk\/","article_modified_time":"2025-11-06T10:29:01+00:00","og_image":[{"width":900,"height":639,"url":"https:\/\/grontkontor.dk\/wp-content\/uploads\/2024\/12\/Klimavenlig-hue-i-oekologisk-bomuld-collage.jpg","type":"image\/jpeg"}],"twitter_card":"summary_large_image","twitter_misc":{"Ber\u00e4knad l\u00e4stid":"1 minut"},"schema":{"@context":"https:\/\/schema.org","@graph":[{"@type":"WebPage","@id":"https:\/\/grontkontor.dk\/sv\/shop\/vinterhue-i-oekologisk-bomuld\/","url":"https:\/\/grontkontor.dk\/sv\/shop\/vinterhue-i-oekologisk-bomuld\/","name":"M\u00f6ssa \/ m\u00f6ssa i ekologisk bomull utan tryck - Gr\u00f8nt Kontor","isPartOf":{"@id":"https:\/\/grontkontor.dk\/#website"},"datePublished":"2025-01-17T12:19:17+00:00","dateModified":"2025-11-06T10:29:01+00:00","description":"Klimatsmart m\u00f6ssa i 100% ekologisk bomull. Milj\u00f6v\u00e4nlig hatt i flera f\u00e4rger, perfekt f\u00f6r evenemang och som f\u00f6retagspresent. Finns med logotryck och brodyr.","breadcrumb":{"@id":"https:\/\/grontkontor.dk\/sv\/shop\/vinterhue-i-oekologisk-bomuld\/#breadcrumb"},"inLanguage":"sv-SE","potentialAction":[{"@type":"ReadAction","target":["https:\/\/grontkontor.dk\/sv\/shop\/vinterhue-i-oekologisk-bomuld\/"]}]},{"@type":"BreadcrumbList","@id":"https:\/\/grontkontor.dk\/sv\/shop\/vinterhue-i-oekologisk-bomuld\/#breadcrumb","itemListElement":[{"@type":"ListItem","position":1,"name":"Forside","item":"https:\/\/grontkontor.dk\/"},{"@type":"ListItem","position":2,"name":"Shop","item":"https:\/\/grontkontor.dk\/sv\/shop\/"},{"@type":"ListItem","position":3,"name":"F\u00f6r regn och kyla","item":"https:\/\/grontkontor.dk\/sv\/produkt-kategori\/foer-regn-och-kyla\/"},{"@type":"ListItem","position":4,"name":"M\u00f6ssa \/ m\u00f6ssa i ekologisk bomull utan tryck"}]},{"@type":"WebSite","@id":"https:\/\/grontkontor.dk\/#website","url":"https:\/\/grontkontor.dk\/","name":"Gr\u00f8nt Kontor","description":"Milj\u00f8venlige produkter til kontor og erhverv med fokus p\u00e5 b\u00e6redygtighed, design og fair trade.","publisher":{"@id":"https:\/\/grontkontor.dk\/#organization"},"potentialAction":[{"@type":"SearchAction","target":{"@type":"EntryPoint","urlTemplate":"https:\/\/grontkontor.dk\/?s={search_term_string}"},"query-input":"required name=search_term_string"}],"inLanguage":"sv-SE"},{"@type":"Organization","@id":"https:\/\/grontkontor.dk\/#organization","name":"Gr\u00f8nt Kontor","url":"https:\/\/grontkontor.dk\/","logo":{"@type":"ImageObject","inLanguage":"sv-SE","@id":"https:\/\/grontkontor.dk\/#\/schema\/logo\/image\/","url":"https:\/\/grontkontor.dk\/wp-content\/uploads\/2014\/02\/Logo_groent_kontor_300x80.png","contentUrl":"https:\/\/grontkontor.dk\/wp-content\/uploads\/2014\/02\/Logo_groent_kontor_300x80.png","width":300,"height":80,"caption":"Gr\u00f8nt Kontor"},"image":{"@id":"https:\/\/grontkontor.dk\/#\/schema\/logo\/image\/"},"sameAs":["https:\/\/www.facebook.com\/grontkontor.dk\/"]}]}},"_links":{"self":[{"href":"https:\/\/grontkontor.dk\/sv\/wp-json\/wp\/v2\/product\/118795"}],"collection":[{"href":"https:\/\/grontkontor.dk\/sv\/wp-json\/wp\/v2\/product"}],"about":[{"href":"https:\/\/grontkontor.dk\/sv\/wp-json\/wp\/v2\/types\/product"}],"replies":[{"embeddable":true,"href":"https:\/\/grontkontor.dk\/sv\/wp-json\/wp\/v2\/comments?post=118795"}],"wp:featuredmedia":[{"embeddable":true,"href":"https:\/\/grontkontor.dk\/sv\/wp-json\/wp\/v2\/media\/117385"}],"wp:attachment":[{"href":"https:\/\/grontkontor.dk\/sv\/wp-json\/wp\/v2\/media?parent=118795"}],"wp:term":[{"taxonomy":"product_cat","embeddable":true,"href":"https:\/\/grontkontor.dk\/sv\/wp-json\/wp\/v2\/product_cat?post=118795"},{"taxonomy":"product_tag","embeddable":true,"href":"https:\/\/grontkontor.dk\/sv\/wp-json\/wp\/v2\/product_tag?post=118795"}],"curies":[{"name":"wp","href":"https:\/\/api.w.org\/{rel}","templated":true}]}}