{"id":119212,"date":"2025-01-28T13:54:51","date_gmt":"2025-01-28T12:54:52","guid":{"rendered":"https:\/\/grontkontor.dk\/?post_type=product&#038;p=119212"},"modified":"2025-01-30T13:34:47","modified_gmt":"2025-01-30T12:34:47","slug":"rygsaek-i-genbrugsplast","status":"publish","type":"product","link":"https:\/\/grontkontor.dk\/sv\/shop\/rygsaek-i-genbrugsplast\/","title":{"rendered":"Ryggs\u00e4ck i \u00e5tervunnen plast"},"content":{"rendered":"<p>Denna milj\u00f6v\u00e4nliga ryggs\u00e4ck \u00e4r tillverkad av 300D RPC PVC-fri polyester, tillverkad av \u00e5tervunnen plast. Den har ett vadderat fack f\u00f6r en b\u00e4rbar dator upp till 15&#8243; och en surfplatta upp till 10&#8243;. Huvudfacket st\u00e4ngs med metallsp\u00e4nnen och det finns en praktisk framficka med dragkedja. De justerbara, vadderade axelremmarna s\u00e4kerst\u00e4ller h\u00f6g komfort, medan det slitstarka materialet g\u00f6r ryggs\u00e4cken idealisk f\u00f6r b\u00e5de vardag och utflykter.   <\/p>\nrPET (recycled polyethylen) er et f\u00f8devareegnet genanvendeligt genbrugsplast, som typisk er fremstillet af genanvendte vandflasker. rPET er \u2013 dets fossile oprindelse til trods \u2013 et b\u00e6redygtigt og klimavenligt materiale. rPET har et ekstremt h\u00f8jt kulstofindhold, og fungerer derfor som et effektivt kulstofdepot i hele produktets og genanvendte produkters levetid. Bliver plast ikke genbrugt, vil det enten nedbrydes til CO2 og dermed bidrage til drivhuseffekten, eller ende op som forurenende affald. For hvert ton genbrugt plast spares der 3,8 t\u00f8nder olie. \nGlobal Recycled Standard certificeringen garanterar att man \u00e5tervunnet minst 50% av materialet i en slutprodukt. GRS \u00e4r dessutom en garanti f\u00f6r goda arbetsvillkor och minimalt inneh\u00e5ll av skatlig kemi. \n<p>&nbsp;<\/p>\n<p><img loading=\"lazy\" decoding=\"async\" src=\"https:\/\/grontkontor.dk\/wp-content\/uploads\/2021\/02\/genbrug.jpg\" alt=\"Fremstillet af genbrugsmaterialer\" width=\"50\" height=\"50\" class=\"size-full wp-image-23031\" srcset=\"https:\/\/grontkontor.dk\/wp-content\/uploads\/2021\/02\/genbrug.jpg 199w, https:\/\/grontkontor.dk\/wp-content\/uploads\/2021\/02\/genbrug-100x100.jpg 100w\" sizes=\"(max-width: 50px) 100vw, 50px\" \/><a href=\"https:\/\/textileexchange.org\/standards\/recycled-claim-standard-global-recycled-standard\/\"><img loading=\"lazy\" decoding=\"async\" src=\"https:\/\/grontkontor.dk\/wp-content\/uploads\/2021\/06\/global-recycled-standard-1.jpg\" alt=\"Global recycled standard\" width=\"50\" height=\"50\" class=\"size-full wp-image-25504\" \/> <\/a><\/p>\n<p>&nbsp;<\/p>\n<p>&nbsp;<\/p>\n","protected":false},"excerpt":{"rendered":"<p>Denna milj\u00f6v\u00e4nliga ryggs\u00e4ck \u00e4r tillverkad av 300D RPC PVC-fri polyester, tillverkad av \u00e5tervunnen plast. Den har ett vadderat fack f\u00f6r en b\u00e4rbar dator upp till 15&#8243; och en surfplatta upp till 10&#8243;. Huvudfacket st\u00e4ngs med metallsp\u00e4nnen och det finns en praktisk framficka med dragkedja. De justerbara, vadderade axelremmarna s\u00e4kerst\u00e4ller h\u00f6g komfort, medan det slitstarka materialet [&hellip;]<\/p>\n","protected":false},"featured_media":119249,"comment_status":"closed","ping_status":"closed","template":"","meta":{"_acf_changed":false},"product_cat":[676,2107,867,2394,675],"product_tag":[2992,815,1885],"class_list":{"0":"post-119212","1":"product","2":"type-product","3":"status-publish","4":"has-post-thumbnail","6":"product_cat-datorvaeskor-och-fodral","7":"product_cat-dummy-moq-1-sv","8":"product_cat-miljovaenliga-foretagspresenter","9":"product_cat-nyheter","10":"product_cat-vaeskor-och-fodral","11":"product_tag-pc-fodral","12":"product_tag-vaeska","13":"product_tag-rygsaek-sv","14":"tm-has-options","16":"first","17":"instock","18":"taxable","19":"shipping-taxable","20":"purchasable","21":"product-type-variable","22":"has-default-attributes"},"acf":[],"yoast_head":"<!-- This site is optimized with the Yoast SEO Premium plugin v21.2 (Yoast SEO v21.2) - https:\/\/yoast.com\/wordpress\/plugins\/seo\/ -->\n<title>Ryggs\u00e4ck i \u00e5tervunnen plast - Gr\u00f8nt Kontor<\/title>\n<meta name=\"robots\" content=\"index, follow, max-snippet:-1, max-image-preview:large, max-video-preview:-1\" \/>\n<link rel=\"canonical\" href=\"https:\/\/grontkontor.dk\/sv\/shop\/rygsaek-i-genbrugsplast\/\" \/>\n<meta property=\"og:locale\" content=\"sv_SE\" \/>\n<meta property=\"og:type\" content=\"article\" \/>\n<meta property=\"og:title\" content=\"Ryggs\u00e4ck i \u00e5tervunnen plast\" \/>\n<meta property=\"og:description\" content=\"Denna milj\u00f6v\u00e4nliga ryggs\u00e4ck \u00e4r tillverkad av 300D RPC PVC-fri polyester, tillverkad av \u00e5tervunnen plast. Den har ett vadderat fack f\u00f6r en b\u00e4rbar dator upp till 15&#8243; och en surfplatta upp till 10&#8243;. Huvudfacket st\u00e4ngs med metallsp\u00e4nnen och det finns en praktisk framficka med dragkedja. De justerbara, vadderade axelremmarna s\u00e4kerst\u00e4ller h\u00f6g komfort, medan det slitstarka materialet [&hellip;]\" \/>\n<meta property=\"og:url\" content=\"https:\/\/grontkontor.dk\/sv\/shop\/rygsaek-i-genbrugsplast\/\" \/>\n<meta property=\"og:site_name\" content=\"Gr\u00f8nt Kontor\" \/>\n<meta property=\"article:publisher\" content=\"https:\/\/www.facebook.com\/grontkontor.dk\/\" \/>\n<meta property=\"article:modified_time\" content=\"2025-01-30T12:34:47+00:00\" \/>\n<meta property=\"og:image\" content=\"https:\/\/grontkontor.dk\/wp-content\/uploads\/2025\/01\/Klimavenlig-rygsaek-recycled-plast-collage.jpg\" \/>\n\t<meta property=\"og:image:width\" content=\"900\" \/>\n\t<meta property=\"og:image:height\" content=\"639\" \/>\n\t<meta property=\"og:image:type\" content=\"image\/jpeg\" \/>\n<meta name=\"twitter:card\" content=\"summary_large_image\" \/>\n<script type=\"application\/ld+json\" class=\"yoast-schema-graph\">{\"@context\":\"https:\/\/schema.org\",\"@graph\":[{\"@type\":\"WebPage\",\"@id\":\"https:\/\/grontkontor.dk\/sv\/shop\/rygsaek-i-genbrugsplast\/\",\"url\":\"https:\/\/grontkontor.dk\/sv\/shop\/rygsaek-i-genbrugsplast\/\",\"name\":\"Ryggs\u00e4ck i \u00e5tervunnen plast - Gr\u00f8nt Kontor\",\"isPartOf\":{\"@id\":\"https:\/\/grontkontor.dk\/#website\"},\"datePublished\":\"2025-01-28T12:54:52+00:00\",\"dateModified\":\"2025-01-30T12:34:47+00:00\",\"breadcrumb\":{\"@id\":\"https:\/\/grontkontor.dk\/sv\/shop\/rygsaek-i-genbrugsplast\/#breadcrumb\"},\"inLanguage\":\"sv-SE\",\"potentialAction\":[{\"@type\":\"ReadAction\",\"target\":[\"https:\/\/grontkontor.dk\/sv\/shop\/rygsaek-i-genbrugsplast\/\"]}]},{\"@type\":\"BreadcrumbList\",\"@id\":\"https:\/\/grontkontor.dk\/sv\/shop\/rygsaek-i-genbrugsplast\/#breadcrumb\",\"itemListElement\":[{\"@type\":\"ListItem\",\"position\":1,\"name\":\"Forside\",\"item\":\"https:\/\/grontkontor.dk\/\"},{\"@type\":\"ListItem\",\"position\":2,\"name\":\"Shop\",\"item\":\"https:\/\/grontkontor.dk\/sv\/shop\/\"},{\"@type\":\"ListItem\",\"position\":3,\"name\":\"V\u00e4skor, fodral och covers\",\"item\":\"https:\/\/grontkontor.dk\/sv\/produkt-kategori\/vaeskor-och-fodral\/\"},{\"@type\":\"ListItem\",\"position\":4,\"name\":\"Datorv\u00e4skor och fodral\",\"item\":\"https:\/\/grontkontor.dk\/sv\/produkt-kategori\/vaeskor-och-fodral\/datorvaeskor-och-fodral\/\"},{\"@type\":\"ListItem\",\"position\":5,\"name\":\"Ryggs\u00e4ck i \u00e5tervunnen plast\"}]},{\"@type\":\"WebSite\",\"@id\":\"https:\/\/grontkontor.dk\/#website\",\"url\":\"https:\/\/grontkontor.dk\/\",\"name\":\"Gr\u00f8nt Kontor\",\"description\":\"Milj\u00f8venlige produkter til kontor og erhverv med fokus p\u00e5 b\u00e6redygtighed, design og fair trade.\",\"publisher\":{\"@id\":\"https:\/\/grontkontor.dk\/#organization\"},\"potentialAction\":[{\"@type\":\"SearchAction\",\"target\":{\"@type\":\"EntryPoint\",\"urlTemplate\":\"https:\/\/grontkontor.dk\/?s={search_term_string}\"},\"query-input\":\"required name=search_term_string\"}],\"inLanguage\":\"sv-SE\"},{\"@type\":\"Organization\",\"@id\":\"https:\/\/grontkontor.dk\/#organization\",\"name\":\"Gr\u00f8nt Kontor\",\"url\":\"https:\/\/grontkontor.dk\/\",\"logo\":{\"@type\":\"ImageObject\",\"inLanguage\":\"sv-SE\",\"@id\":\"https:\/\/grontkontor.dk\/#\/schema\/logo\/image\/\",\"url\":\"https:\/\/grontkontor.dk\/wp-content\/uploads\/2014\/02\/Logo_groent_kontor_300x80.png\",\"contentUrl\":\"https:\/\/grontkontor.dk\/wp-content\/uploads\/2014\/02\/Logo_groent_kontor_300x80.png\",\"width\":300,\"height\":80,\"caption\":\"Gr\u00f8nt Kontor\"},\"image\":{\"@id\":\"https:\/\/grontkontor.dk\/#\/schema\/logo\/image\/\"},\"sameAs\":[\"https:\/\/www.facebook.com\/grontkontor.dk\/\"]}]}<\/script>\n<!-- \/ Yoast SEO Premium plugin. -->","yoast_head_json":{"title":"Ryggs\u00e4ck i \u00e5tervunnen plast - Gr\u00f8nt Kontor","robots":{"index":"index","follow":"follow","max-snippet":"max-snippet:-1","max-image-preview":"max-image-preview:large","max-video-preview":"max-video-preview:-1"},"canonical":"https:\/\/grontkontor.dk\/sv\/shop\/rygsaek-i-genbrugsplast\/","og_locale":"sv_SE","og_type":"article","og_title":"Ryggs\u00e4ck i \u00e5tervunnen plast","og_description":"Denna milj\u00f6v\u00e4nliga ryggs\u00e4ck \u00e4r tillverkad av 300D RPC PVC-fri polyester, tillverkad av \u00e5tervunnen plast. Den har ett vadderat fack f\u00f6r en b\u00e4rbar dator upp till 15&#8243; och en surfplatta upp till 10&#8243;. Huvudfacket st\u00e4ngs med metallsp\u00e4nnen och det finns en praktisk framficka med dragkedja. De justerbara, vadderade axelremmarna s\u00e4kerst\u00e4ller h\u00f6g komfort, medan det slitstarka materialet [&hellip;]","og_url":"https:\/\/grontkontor.dk\/sv\/shop\/rygsaek-i-genbrugsplast\/","og_site_name":"Gr\u00f8nt Kontor","article_publisher":"https:\/\/www.facebook.com\/grontkontor.dk\/","article_modified_time":"2025-01-30T12:34:47+00:00","og_image":[{"width":900,"height":639,"url":"https:\/\/grontkontor.dk\/wp-content\/uploads\/2025\/01\/Klimavenlig-rygsaek-recycled-plast-collage.jpg","type":"image\/jpeg"}],"twitter_card":"summary_large_image","schema":{"@context":"https:\/\/schema.org","@graph":[{"@type":"WebPage","@id":"https:\/\/grontkontor.dk\/sv\/shop\/rygsaek-i-genbrugsplast\/","url":"https:\/\/grontkontor.dk\/sv\/shop\/rygsaek-i-genbrugsplast\/","name":"Ryggs\u00e4ck i \u00e5tervunnen plast - Gr\u00f8nt Kontor","isPartOf":{"@id":"https:\/\/grontkontor.dk\/#website"},"datePublished":"2025-01-28T12:54:52+00:00","dateModified":"2025-01-30T12:34:47+00:00","breadcrumb":{"@id":"https:\/\/grontkontor.dk\/sv\/shop\/rygsaek-i-genbrugsplast\/#breadcrumb"},"inLanguage":"sv-SE","potentialAction":[{"@type":"ReadAction","target":["https:\/\/grontkontor.dk\/sv\/shop\/rygsaek-i-genbrugsplast\/"]}]},{"@type":"BreadcrumbList","@id":"https:\/\/grontkontor.dk\/sv\/shop\/rygsaek-i-genbrugsplast\/#breadcrumb","itemListElement":[{"@type":"ListItem","position":1,"name":"Forside","item":"https:\/\/grontkontor.dk\/"},{"@type":"ListItem","position":2,"name":"Shop","item":"https:\/\/grontkontor.dk\/sv\/shop\/"},{"@type":"ListItem","position":3,"name":"V\u00e4skor, fodral och covers","item":"https:\/\/grontkontor.dk\/sv\/produkt-kategori\/vaeskor-och-fodral\/"},{"@type":"ListItem","position":4,"name":"Datorv\u00e4skor och fodral","item":"https:\/\/grontkontor.dk\/sv\/produkt-kategori\/vaeskor-och-fodral\/datorvaeskor-och-fodral\/"},{"@type":"ListItem","position":5,"name":"Ryggs\u00e4ck i \u00e5tervunnen plast"}]},{"@type":"WebSite","@id":"https:\/\/grontkontor.dk\/#website","url":"https:\/\/grontkontor.dk\/","name":"Gr\u00f8nt Kontor","description":"Milj\u00f8venlige produkter til kontor og erhverv med fokus p\u00e5 b\u00e6redygtighed, design og fair trade.","publisher":{"@id":"https:\/\/grontkontor.dk\/#organization"},"potentialAction":[{"@type":"SearchAction","target":{"@type":"EntryPoint","urlTemplate":"https:\/\/grontkontor.dk\/?s={search_term_string}"},"query-input":"required name=search_term_string"}],"inLanguage":"sv-SE"},{"@type":"Organization","@id":"https:\/\/grontkontor.dk\/#organization","name":"Gr\u00f8nt Kontor","url":"https:\/\/grontkontor.dk\/","logo":{"@type":"ImageObject","inLanguage":"sv-SE","@id":"https:\/\/grontkontor.dk\/#\/schema\/logo\/image\/","url":"https:\/\/grontkontor.dk\/wp-content\/uploads\/2014\/02\/Logo_groent_kontor_300x80.png","contentUrl":"https:\/\/grontkontor.dk\/wp-content\/uploads\/2014\/02\/Logo_groent_kontor_300x80.png","width":300,"height":80,"caption":"Gr\u00f8nt Kontor"},"image":{"@id":"https:\/\/grontkontor.dk\/#\/schema\/logo\/image\/"},"sameAs":["https:\/\/www.facebook.com\/grontkontor.dk\/"]}]}},"_links":{"self":[{"href":"https:\/\/grontkontor.dk\/sv\/wp-json\/wp\/v2\/product\/119212"}],"collection":[{"href":"https:\/\/grontkontor.dk\/sv\/wp-json\/wp\/v2\/product"}],"about":[{"href":"https:\/\/grontkontor.dk\/sv\/wp-json\/wp\/v2\/types\/product"}],"replies":[{"embeddable":true,"href":"https:\/\/grontkontor.dk\/sv\/wp-json\/wp\/v2\/comments?post=119212"}],"wp:featuredmedia":[{"embeddable":true,"href":"https:\/\/grontkontor.dk\/sv\/wp-json\/wp\/v2\/media\/119249"}],"wp:attachment":[{"href":"https:\/\/grontkontor.dk\/sv\/wp-json\/wp\/v2\/media?parent=119212"}],"wp:term":[{"taxonomy":"product_cat","embeddable":true,"href":"https:\/\/grontkontor.dk\/sv\/wp-json\/wp\/v2\/product_cat?post=119212"},{"taxonomy":"product_tag","embeddable":true,"href":"https:\/\/grontkontor.dk\/sv\/wp-json\/wp\/v2\/product_tag?post=119212"}],"curies":[{"name":"wp","href":"https:\/\/api.w.org\/{rel}","templated":true}]}}