{"id":119417,"date":"2025-01-30T14:01:45","date_gmt":"2025-01-30T13:01:48","guid":{"rendered":"https:\/\/grontkontor.dk\/?post_type=product&#038;p=119417"},"modified":"2025-11-06T11:23:26","modified_gmt":"2025-11-06T10:23:26","slug":"svedbaand-i-rpet","status":"publish","type":"product","link":"https:\/\/grontkontor.dk\/sv\/shop\/svedbaand-i-rpet\/","title":{"rendered":"Svettband i rPET utan tryck"},"content":{"rendered":"<p data-start=\"102\" data-end=\"403\">Ett klimatv\u00e4nligt svettband med inbyggd ficka med dragkedja \u00e4r en smart och milj\u00f6v\u00e4nlig l\u00f6sning som kombinerar funktionalitet med komfort. Tillverkat av \u00e5tervunnen plast ger detta svettarmband materialet ett nytt liv och blir d\u00e4rmed ett klimatv\u00e4nligt val som b\u00e5de \u00e4r praktiskt och signalerar omtanke om milj\u00f6n. <\/p>\n<p data-start=\"405\" data-end=\"761\">Svettbandet \u00e4r stretchigt, mjukt och bekv\u00e4mt att b\u00e4ra under tr\u00e4ning, sport och utomhusaktiviteter. Den lilla fickan med dragkedja \u00e4r perfekt f\u00f6r att f\u00f6rvara en nyckel, mynt eller andra sm\u00e5saker, s\u00e5 att du kan r\u00f6ra dig fritt utan att beh\u00f6va oroa dig f\u00f6r fickor eller v\u00e4skor. Detta g\u00f6r svettbandet till mer \u00e4n bara ett tillbeh\u00f6r \u2013 det \u00e4r ett praktiskt verktyg i vardagen.  <\/p>\n<p data-start=\"763\" data-end=\"1040\">De milj\u00f6v\u00e4nliga svettbanden finns i f\u00e4rgerna svart, r\u00f6tt, gult, rosa och bl\u00e5tt, s\u00e5 att du kan v\u00e4lja exakt den variant som passar ditt varum\u00e4rke eller evenemang. Med m\u00f6jlighet till logotyptryck blir de en effektiv reklamprodukt, d\u00e4r din logotyp visas varje g\u00e5ng svettbandet anv\u00e4nds. <\/p>\n<p data-start=\"1042\" data-end=\"1282\">Klimatsmarta svettband \u00e4r sj\u00e4lvklara val som giveaways f\u00f6r m\u00e4ssor, f\u00f6retagsevenemang eller sportevenemang. De kombinerar h\u00f6gt bruksv\u00e4rde med en tydlig gr\u00f6n signal, vilket g\u00f6r dem till en reklamartikel som b\u00e5de blir ih\u00e5gkommen och anv\u00e4nds om och om igen. <\/p>\n<p data-start=\"1284\" data-end=\"1456\">N\u00e4r du v\u00e4ljer ett milj\u00f6v\u00e4nligt svettarmband med en praktisk ficka med dragkedja f\u00e5r du en funktionell produkt som st\u00f6djer klimatv\u00e4nliga v\u00e4rden och samtidigt ger maximal praktisk anv\u00e4ndbarhet.<\/p>\nrPET (recycled polyethylen) er et f\u00f8devareegnet genanvendeligt genbrugsplast, som typisk er fremstillet af genanvendte vandflasker. rPET er \u2013 dets fossile oprindelse til trods \u2013 et b\u00e6redygtigt og klimavenligt materiale. rPET har et ekstremt h\u00f8jt kulstofindhold, og fungerer derfor som et effektivt kulstofdepot i hele produktets og genanvendte produkters levetid. Bliver plast ikke genbrugt, vil det enten nedbrydes til CO2 og dermed bidrage til drivhuseffekten, eller ende op som forurenende affald. For hvert ton genbrugt plast spares der 3,8 t\u00f8nder olie. \nGlobal Recycled Standard certificeringen garanterar att man \u00e5tervunnet minst 50% av materialet i en slutprodukt. GRS \u00e4r dessutom en garanti f\u00f6r goda arbetsvillkor och minimalt inneh\u00e5ll av skatlig kemi. \n<p>&nbsp;<\/p>\n<p><img loading=\"lazy\" decoding=\"async\" src=\"https:\/\/grontkontor.dk\/wp-content\/uploads\/2021\/02\/genbrug.jpg\" alt=\"Fremstillet af genbrugsmaterialer\" width=\"50\" height=\"50\" class=\"size-full wp-image-23031\" srcset=\"https:\/\/grontkontor.dk\/wp-content\/uploads\/2021\/02\/genbrug.jpg 199w, https:\/\/grontkontor.dk\/wp-content\/uploads\/2021\/02\/genbrug-100x100.jpg 100w\" sizes=\"(max-width: 50px) 100vw, 50px\" \/><a href=\"https:\/\/textileexchange.org\/standards\/recycled-claim-standard-global-recycled-standard\/\"><img loading=\"lazy\" decoding=\"async\" src=\"https:\/\/grontkontor.dk\/wp-content\/uploads\/2021\/06\/global-recycled-standard-1.jpg\" alt=\"Global recycled standard\" width=\"50\" height=\"50\" class=\"size-full wp-image-25504\" \/> <\/a><\/p>\n<p>&nbsp;<\/p>\n<p>&nbsp;<\/p>\n","protected":false},"excerpt":{"rendered":"<p>Ett klimatv\u00e4nligt svettband med inbyggd ficka med dragkedja \u00e4r en smart och milj\u00f6v\u00e4nlig l\u00f6sning som kombinerar funktionalitet med komfort. Tillverkat av \u00e5tervunnen plast ger detta svettarmband materialet ett nytt liv och blir d\u00e4rmed ett klimatv\u00e4nligt val som b\u00e5de \u00e4r praktiskt och signalerar omtanke om milj\u00f6n. Svettbandet \u00e4r stretchigt, mjukt och bekv\u00e4mt att b\u00e4ra under tr\u00e4ning, [&hellip;]<\/p>\n","protected":false},"featured_media":119463,"comment_status":"closed","ping_status":"closed","template":"","meta":{"_acf_changed":false},"product_cat":[2107,2142,2394],"product_tag":[2141],"class_list":{"0":"post-119417","1":"product","2":"type-product","3":"status-publish","4":"has-post-thumbnail","6":"product_cat-dummy-moq-1-sv","7":"product_cat-beklaedning-sv","8":"product_cat-nyheter","9":"product_tag-beklaedning-sv","10":"pa_farve-blaa-sv","11":"pa_farve-gul-sv","12":"pa_farve-pink-sv","13":"pa_farve-roed-sv","14":"pa_farve-sort-sv","15":"tm-has-options","17":"first","18":"instock","19":"taxable","20":"shipping-taxable","21":"purchasable","22":"product-type-variable","23":"has-default-attributes"},"acf":[],"yoast_head":"<!-- This site is optimized with the Yoast SEO Premium plugin v21.2 (Yoast SEO v21.2) - https:\/\/yoast.com\/wordpress\/plugins\/seo\/ -->\n<title>Svettband i rPET utan tryck - Gr\u00f8nt Kontor<\/title>\n<meta name=\"description\" content=\"Klimatsmart svettband i \u00e5tervunnen plast med inbyggd ficka med dragkedja. Milj\u00f6v\u00e4nlig l\u00f6sning f\u00f6r sport och evenemang. Finns i flera f\u00e4rger med logotryck.\" \/>\n<meta name=\"robots\" content=\"index, follow, max-snippet:-1, max-image-preview:large, max-video-preview:-1\" \/>\n<link rel=\"canonical\" href=\"https:\/\/grontkontor.dk\/sv\/shop\/svedbaand-i-rpet\/\" \/>\n<meta property=\"og:locale\" content=\"sv_SE\" \/>\n<meta property=\"og:type\" content=\"article\" \/>\n<meta property=\"og:title\" content=\"Svettband i rPET utan tryck\" \/>\n<meta property=\"og:description\" content=\"Klimatsmart svettband i \u00e5tervunnen plast med inbyggd ficka med dragkedja. Milj\u00f6v\u00e4nlig l\u00f6sning f\u00f6r sport och evenemang. Finns i flera f\u00e4rger med logotryck.\" \/>\n<meta property=\"og:url\" content=\"https:\/\/grontkontor.dk\/sv\/shop\/svedbaand-i-rpet\/\" \/>\n<meta property=\"og:site_name\" content=\"Gr\u00f8nt Kontor\" \/>\n<meta property=\"article:publisher\" content=\"https:\/\/www.facebook.com\/grontkontor.dk\/\" \/>\n<meta property=\"article:modified_time\" content=\"2025-11-06T10:23:26+00:00\" \/>\n<meta property=\"og:image\" content=\"https:\/\/grontkontor.dk\/wp-content\/uploads\/2025\/01\/Klimavenlige-armbaand-rpet-collage.jpg\" \/>\n\t<meta property=\"og:image:width\" content=\"900\" \/>\n\t<meta property=\"og:image:height\" content=\"639\" \/>\n\t<meta property=\"og:image:type\" content=\"image\/jpeg\" \/>\n<meta name=\"twitter:card\" content=\"summary_large_image\" \/>\n<meta name=\"twitter:label1\" content=\"Ber\u00e4knad l\u00e4stid\" \/>\n\t<meta name=\"twitter:data1\" content=\"1 minut\" \/>\n<script type=\"application\/ld+json\" class=\"yoast-schema-graph\">{\"@context\":\"https:\/\/schema.org\",\"@graph\":[{\"@type\":\"WebPage\",\"@id\":\"https:\/\/grontkontor.dk\/sv\/shop\/svedbaand-i-rpet\/\",\"url\":\"https:\/\/grontkontor.dk\/sv\/shop\/svedbaand-i-rpet\/\",\"name\":\"Svettband i rPET utan tryck - Gr\u00f8nt Kontor\",\"isPartOf\":{\"@id\":\"https:\/\/grontkontor.dk\/#website\"},\"datePublished\":\"2025-01-30T13:01:48+00:00\",\"dateModified\":\"2025-11-06T10:23:26+00:00\",\"description\":\"Klimatsmart svettband i \u00e5tervunnen plast med inbyggd ficka med dragkedja. Milj\u00f6v\u00e4nlig l\u00f6sning f\u00f6r sport och evenemang. Finns i flera f\u00e4rger med logotryck.\",\"breadcrumb\":{\"@id\":\"https:\/\/grontkontor.dk\/sv\/shop\/svedbaand-i-rpet\/#breadcrumb\"},\"inLanguage\":\"sv-SE\",\"potentialAction\":[{\"@type\":\"ReadAction\",\"target\":[\"https:\/\/grontkontor.dk\/sv\/shop\/svedbaand-i-rpet\/\"]}]},{\"@type\":\"BreadcrumbList\",\"@id\":\"https:\/\/grontkontor.dk\/sv\/shop\/svedbaand-i-rpet\/#breadcrumb\",\"itemListElement\":[{\"@type\":\"ListItem\",\"position\":1,\"name\":\"Forside\",\"item\":\"https:\/\/grontkontor.dk\/\"},{\"@type\":\"ListItem\",\"position\":2,\"name\":\"Shop\",\"item\":\"https:\/\/grontkontor.dk\/sv\/shop\/\"},{\"@type\":\"ListItem\",\"position\":3,\"name\":\"Dummy MOQ 1\",\"item\":\"https:\/\/grontkontor.dk\/sv\/produkt-kategori\/dummy-moq-1-sv\/\"},{\"@type\":\"ListItem\",\"position\":4,\"name\":\"Svettband i rPET utan tryck\"}]},{\"@type\":\"WebSite\",\"@id\":\"https:\/\/grontkontor.dk\/#website\",\"url\":\"https:\/\/grontkontor.dk\/\",\"name\":\"Gr\u00f8nt Kontor\",\"description\":\"Milj\u00f8venlige produkter til kontor og erhverv med fokus p\u00e5 b\u00e6redygtighed, design og fair trade.\",\"publisher\":{\"@id\":\"https:\/\/grontkontor.dk\/#organization\"},\"potentialAction\":[{\"@type\":\"SearchAction\",\"target\":{\"@type\":\"EntryPoint\",\"urlTemplate\":\"https:\/\/grontkontor.dk\/?s={search_term_string}\"},\"query-input\":\"required name=search_term_string\"}],\"inLanguage\":\"sv-SE\"},{\"@type\":\"Organization\",\"@id\":\"https:\/\/grontkontor.dk\/#organization\",\"name\":\"Gr\u00f8nt Kontor\",\"url\":\"https:\/\/grontkontor.dk\/\",\"logo\":{\"@type\":\"ImageObject\",\"inLanguage\":\"sv-SE\",\"@id\":\"https:\/\/grontkontor.dk\/#\/schema\/logo\/image\/\",\"url\":\"https:\/\/grontkontor.dk\/wp-content\/uploads\/2014\/02\/Logo_groent_kontor_300x80.png\",\"contentUrl\":\"https:\/\/grontkontor.dk\/wp-content\/uploads\/2014\/02\/Logo_groent_kontor_300x80.png\",\"width\":300,\"height\":80,\"caption\":\"Gr\u00f8nt Kontor\"},\"image\":{\"@id\":\"https:\/\/grontkontor.dk\/#\/schema\/logo\/image\/\"},\"sameAs\":[\"https:\/\/www.facebook.com\/grontkontor.dk\/\"]}]}<\/script>\n<!-- \/ Yoast SEO Premium plugin. -->","yoast_head_json":{"title":"Svettband i rPET utan tryck - Gr\u00f8nt Kontor","description":"Klimatsmart svettband i \u00e5tervunnen plast med inbyggd ficka med dragkedja. Milj\u00f6v\u00e4nlig l\u00f6sning f\u00f6r sport och evenemang. Finns i flera f\u00e4rger med logotryck.","robots":{"index":"index","follow":"follow","max-snippet":"max-snippet:-1","max-image-preview":"max-image-preview:large","max-video-preview":"max-video-preview:-1"},"canonical":"https:\/\/grontkontor.dk\/sv\/shop\/svedbaand-i-rpet\/","og_locale":"sv_SE","og_type":"article","og_title":"Svettband i rPET utan tryck","og_description":"Klimatsmart svettband i \u00e5tervunnen plast med inbyggd ficka med dragkedja. Milj\u00f6v\u00e4nlig l\u00f6sning f\u00f6r sport och evenemang. Finns i flera f\u00e4rger med logotryck.","og_url":"https:\/\/grontkontor.dk\/sv\/shop\/svedbaand-i-rpet\/","og_site_name":"Gr\u00f8nt Kontor","article_publisher":"https:\/\/www.facebook.com\/grontkontor.dk\/","article_modified_time":"2025-11-06T10:23:26+00:00","og_image":[{"width":900,"height":639,"url":"https:\/\/grontkontor.dk\/wp-content\/uploads\/2025\/01\/Klimavenlige-armbaand-rpet-collage.jpg","type":"image\/jpeg"}],"twitter_card":"summary_large_image","twitter_misc":{"Ber\u00e4knad l\u00e4stid":"1 minut"},"schema":{"@context":"https:\/\/schema.org","@graph":[{"@type":"WebPage","@id":"https:\/\/grontkontor.dk\/sv\/shop\/svedbaand-i-rpet\/","url":"https:\/\/grontkontor.dk\/sv\/shop\/svedbaand-i-rpet\/","name":"Svettband i rPET utan tryck - Gr\u00f8nt Kontor","isPartOf":{"@id":"https:\/\/grontkontor.dk\/#website"},"datePublished":"2025-01-30T13:01:48+00:00","dateModified":"2025-11-06T10:23:26+00:00","description":"Klimatsmart svettband i \u00e5tervunnen plast med inbyggd ficka med dragkedja. Milj\u00f6v\u00e4nlig l\u00f6sning f\u00f6r sport och evenemang. Finns i flera f\u00e4rger med logotryck.","breadcrumb":{"@id":"https:\/\/grontkontor.dk\/sv\/shop\/svedbaand-i-rpet\/#breadcrumb"},"inLanguage":"sv-SE","potentialAction":[{"@type":"ReadAction","target":["https:\/\/grontkontor.dk\/sv\/shop\/svedbaand-i-rpet\/"]}]},{"@type":"BreadcrumbList","@id":"https:\/\/grontkontor.dk\/sv\/shop\/svedbaand-i-rpet\/#breadcrumb","itemListElement":[{"@type":"ListItem","position":1,"name":"Forside","item":"https:\/\/grontkontor.dk\/"},{"@type":"ListItem","position":2,"name":"Shop","item":"https:\/\/grontkontor.dk\/sv\/shop\/"},{"@type":"ListItem","position":3,"name":"Dummy MOQ 1","item":"https:\/\/grontkontor.dk\/sv\/produkt-kategori\/dummy-moq-1-sv\/"},{"@type":"ListItem","position":4,"name":"Svettband i rPET utan tryck"}]},{"@type":"WebSite","@id":"https:\/\/grontkontor.dk\/#website","url":"https:\/\/grontkontor.dk\/","name":"Gr\u00f8nt Kontor","description":"Milj\u00f8venlige produkter til kontor og erhverv med fokus p\u00e5 b\u00e6redygtighed, design og fair trade.","publisher":{"@id":"https:\/\/grontkontor.dk\/#organization"},"potentialAction":[{"@type":"SearchAction","target":{"@type":"EntryPoint","urlTemplate":"https:\/\/grontkontor.dk\/?s={search_term_string}"},"query-input":"required name=search_term_string"}],"inLanguage":"sv-SE"},{"@type":"Organization","@id":"https:\/\/grontkontor.dk\/#organization","name":"Gr\u00f8nt Kontor","url":"https:\/\/grontkontor.dk\/","logo":{"@type":"ImageObject","inLanguage":"sv-SE","@id":"https:\/\/grontkontor.dk\/#\/schema\/logo\/image\/","url":"https:\/\/grontkontor.dk\/wp-content\/uploads\/2014\/02\/Logo_groent_kontor_300x80.png","contentUrl":"https:\/\/grontkontor.dk\/wp-content\/uploads\/2014\/02\/Logo_groent_kontor_300x80.png","width":300,"height":80,"caption":"Gr\u00f8nt Kontor"},"image":{"@id":"https:\/\/grontkontor.dk\/#\/schema\/logo\/image\/"},"sameAs":["https:\/\/www.facebook.com\/grontkontor.dk\/"]}]}},"_links":{"self":[{"href":"https:\/\/grontkontor.dk\/sv\/wp-json\/wp\/v2\/product\/119417"}],"collection":[{"href":"https:\/\/grontkontor.dk\/sv\/wp-json\/wp\/v2\/product"}],"about":[{"href":"https:\/\/grontkontor.dk\/sv\/wp-json\/wp\/v2\/types\/product"}],"replies":[{"embeddable":true,"href":"https:\/\/grontkontor.dk\/sv\/wp-json\/wp\/v2\/comments?post=119417"}],"wp:featuredmedia":[{"embeddable":true,"href":"https:\/\/grontkontor.dk\/sv\/wp-json\/wp\/v2\/media\/119463"}],"wp:attachment":[{"href":"https:\/\/grontkontor.dk\/sv\/wp-json\/wp\/v2\/media?parent=119417"}],"wp:term":[{"taxonomy":"product_cat","embeddable":true,"href":"https:\/\/grontkontor.dk\/sv\/wp-json\/wp\/v2\/product_cat?post=119417"},{"taxonomy":"product_tag","embeddable":true,"href":"https:\/\/grontkontor.dk\/sv\/wp-json\/wp\/v2\/product_tag?post=119417"}],"curies":[{"name":"wp","href":"https:\/\/api.w.org\/{rel}","templated":true}]}}