{"id":120455,"date":"2025-02-12T14:28:19","date_gmt":"2025-02-12T13:28:20","guid":{"rendered":"https:\/\/grontkontor.dk\/?post_type=product&#038;p=120455"},"modified":"2025-03-04T14:49:57","modified_gmt":"2025-03-04T13:49:57","slug":"powerbank-oplader-i-genanvendt-aluminium","status":"publish","type":"product","link":"https:\/\/grontkontor.dk\/sv\/shop\/powerbank-oplader-i-genanvendt-aluminium\/","title":{"rendered":"Powerbank-laddare i \u00e5tervunnen aluminium"},"content":{"rendered":"<p>Externt batteri med h\u00f6g laddningskapacitet -10 000 mAh &#8211; tillverkat av \u00e5tervunnet aluminium med metallisk finish. Med 2 USB- och dubbla Type-C-utg\u00e5ngar f\u00f6r samtidig laddning av tre enheter, samt 1 Type-C-ing\u00e5ng f\u00f6r laddning -kabel ing\u00e5r-. Inkluderar visning av laddningsstatus.  <\/p>\n<p>K\u00f6pta varor &#8211; leveranstid 1-2 veckor<\/p>\n","protected":false},"excerpt":{"rendered":"<p>Externt batteri med h\u00f6g laddningskapacitet -10 000 mAh &#8211; tillverkat av \u00e5tervunnet aluminium med metallisk finish. Med 2 USB- och dubbla Type-C-utg\u00e5ngar f\u00f6r samtidig laddning av tre enheter, samt 1 Type-C-ing\u00e5ng f\u00f6r laddning -kabel ing\u00e5r-. Inkluderar visning av laddningsstatus. K\u00f6pta varor &#8211; leveranstid 1-2 veckor<\/p>\n","protected":false},"featured_media":120467,"comment_status":"closed","ping_status":"closed","template":"","meta":{"_acf_changed":false},"product_cat":[4407,2175,2107,2071,2394,1854],"product_tag":[3177],"class_list":{"0":"post-120455","1":"product","2":"type-product","3":"status-publish","4":"has-post-thumbnail","6":"product_cat-elektronik-och-gadgets-sv","7":"product_cat-bambu","8":"product_cat-dummy-moq-1-sv","9":"product_cat-elektronik-och-gadgets","10":"product_cat-nyheter","11":"product_cat-produkt-serier-se","12":"product_tag-powerbank-sv","13":"pa_farve-blaa-sv","14":"pa_farve-sort-sv","15":"pa_farve-soelv-sv","16":"tm-has-options","18":"first","19":"instock","20":"taxable","21":"shipping-taxable","22":"purchasable","23":"product-type-variable"},"acf":[],"yoast_head":"<!-- This site is optimized with the Yoast SEO Premium plugin v21.2 (Yoast SEO v21.2) - https:\/\/yoast.com\/wordpress\/plugins\/seo\/ -->\n<title>Powerbank-laddare i \u00e5tervunnen aluminium - Gr\u00f8nt Kontor<\/title>\n<meta name=\"robots\" content=\"index, follow, max-snippet:-1, max-image-preview:large, max-video-preview:-1\" \/>\n<link rel=\"canonical\" href=\"https:\/\/grontkontor.dk\/sv\/shop\/powerbank-oplader-i-genanvendt-aluminium\/\" \/>\n<meta property=\"og:locale\" content=\"sv_SE\" \/>\n<meta property=\"og:type\" content=\"article\" \/>\n<meta property=\"og:title\" content=\"Powerbank-laddare i \u00e5tervunnen aluminium\" \/>\n<meta property=\"og:description\" content=\"Externt batteri med h\u00f6g laddningskapacitet -10 000 mAh &#8211; tillverkat av \u00e5tervunnet aluminium med metallisk finish. Med 2 USB- och dubbla Type-C-utg\u00e5ngar f\u00f6r samtidig laddning av tre enheter, samt 1 Type-C-ing\u00e5ng f\u00f6r laddning -kabel ing\u00e5r-. Inkluderar visning av laddningsstatus. K\u00f6pta varor &#8211; leveranstid 1-2 veckor\" \/>\n<meta property=\"og:url\" content=\"https:\/\/grontkontor.dk\/sv\/shop\/powerbank-oplader-i-genanvendt-aluminium\/\" \/>\n<meta property=\"og:site_name\" content=\"Gr\u00f8nt Kontor\" \/>\n<meta property=\"article:publisher\" content=\"https:\/\/www.facebook.com\/grontkontor.dk\/\" \/>\n<meta property=\"article:modified_time\" content=\"2025-03-04T13:49:57+00:00\" \/>\n<meta property=\"og:image\" content=\"https:\/\/grontkontor.dk\/wp-content\/uploads\/2025\/02\/Klimavenlig-powerbank-i-genanvendt-aluminium-collage.jpg\" \/>\n\t<meta property=\"og:image:width\" content=\"900\" \/>\n\t<meta property=\"og:image:height\" content=\"639\" \/>\n\t<meta property=\"og:image:type\" content=\"image\/jpeg\" \/>\n<meta name=\"twitter:card\" content=\"summary_large_image\" \/>\n<script type=\"application\/ld+json\" class=\"yoast-schema-graph\">{\"@context\":\"https:\/\/schema.org\",\"@graph\":[{\"@type\":\"WebPage\",\"@id\":\"https:\/\/grontkontor.dk\/sv\/shop\/powerbank-oplader-i-genanvendt-aluminium\/\",\"url\":\"https:\/\/grontkontor.dk\/sv\/shop\/powerbank-oplader-i-genanvendt-aluminium\/\",\"name\":\"Powerbank-laddare i \u00e5tervunnen aluminium - Gr\u00f8nt Kontor\",\"isPartOf\":{\"@id\":\"https:\/\/grontkontor.dk\/#website\"},\"datePublished\":\"2025-02-12T13:28:20+00:00\",\"dateModified\":\"2025-03-04T13:49:57+00:00\",\"breadcrumb\":{\"@id\":\"https:\/\/grontkontor.dk\/sv\/shop\/powerbank-oplader-i-genanvendt-aluminium\/#breadcrumb\"},\"inLanguage\":\"sv-SE\",\"potentialAction\":[{\"@type\":\"ReadAction\",\"target\":[\"https:\/\/grontkontor.dk\/sv\/shop\/powerbank-oplader-i-genanvendt-aluminium\/\"]}]},{\"@type\":\"BreadcrumbList\",\"@id\":\"https:\/\/grontkontor.dk\/sv\/shop\/powerbank-oplader-i-genanvendt-aluminium\/#breadcrumb\",\"itemListElement\":[{\"@type\":\"ListItem\",\"position\":1,\"name\":\"Forside\",\"item\":\"https:\/\/grontkontor.dk\/\"},{\"@type\":\"ListItem\",\"position\":2,\"name\":\"Shop\",\"item\":\"https:\/\/grontkontor.dk\/sv\/shop\/\"},{\"@type\":\"ListItem\",\"position\":3,\"name\":\"Elektronik og gadgets\",\"item\":\"https:\/\/grontkontor.dk\/produkt-kategori\/elektronik-og-gadgets\/\"},{\"@type\":\"ListItem\",\"position\":4,\"name\":\"Powerbank-laddare i \u00e5tervunnen aluminium\"}]},{\"@type\":\"WebSite\",\"@id\":\"https:\/\/grontkontor.dk\/#website\",\"url\":\"https:\/\/grontkontor.dk\/\",\"name\":\"Gr\u00f8nt Kontor\",\"description\":\"Milj\u00f8venlige produkter til kontor og erhverv med fokus p\u00e5 b\u00e6redygtighed, design og fair trade.\",\"publisher\":{\"@id\":\"https:\/\/grontkontor.dk\/#organization\"},\"potentialAction\":[{\"@type\":\"SearchAction\",\"target\":{\"@type\":\"EntryPoint\",\"urlTemplate\":\"https:\/\/grontkontor.dk\/?s={search_term_string}\"},\"query-input\":\"required name=search_term_string\"}],\"inLanguage\":\"sv-SE\"},{\"@type\":\"Organization\",\"@id\":\"https:\/\/grontkontor.dk\/#organization\",\"name\":\"Gr\u00f8nt Kontor\",\"url\":\"https:\/\/grontkontor.dk\/\",\"logo\":{\"@type\":\"ImageObject\",\"inLanguage\":\"sv-SE\",\"@id\":\"https:\/\/grontkontor.dk\/#\/schema\/logo\/image\/\",\"url\":\"https:\/\/grontkontor.dk\/wp-content\/uploads\/2014\/02\/Logo_groent_kontor_300x80.png\",\"contentUrl\":\"https:\/\/grontkontor.dk\/wp-content\/uploads\/2014\/02\/Logo_groent_kontor_300x80.png\",\"width\":300,\"height\":80,\"caption\":\"Gr\u00f8nt Kontor\"},\"image\":{\"@id\":\"https:\/\/grontkontor.dk\/#\/schema\/logo\/image\/\"},\"sameAs\":[\"https:\/\/www.facebook.com\/grontkontor.dk\/\"]}]}<\/script>\n<!-- \/ Yoast SEO Premium plugin. -->","yoast_head_json":{"title":"Powerbank-laddare i \u00e5tervunnen aluminium - Gr\u00f8nt Kontor","robots":{"index":"index","follow":"follow","max-snippet":"max-snippet:-1","max-image-preview":"max-image-preview:large","max-video-preview":"max-video-preview:-1"},"canonical":"https:\/\/grontkontor.dk\/sv\/shop\/powerbank-oplader-i-genanvendt-aluminium\/","og_locale":"sv_SE","og_type":"article","og_title":"Powerbank-laddare i \u00e5tervunnen aluminium","og_description":"Externt batteri med h\u00f6g laddningskapacitet -10 000 mAh &#8211; tillverkat av \u00e5tervunnet aluminium med metallisk finish. Med 2 USB- och dubbla Type-C-utg\u00e5ngar f\u00f6r samtidig laddning av tre enheter, samt 1 Type-C-ing\u00e5ng f\u00f6r laddning -kabel ing\u00e5r-. Inkluderar visning av laddningsstatus. K\u00f6pta varor &#8211; leveranstid 1-2 veckor","og_url":"https:\/\/grontkontor.dk\/sv\/shop\/powerbank-oplader-i-genanvendt-aluminium\/","og_site_name":"Gr\u00f8nt Kontor","article_publisher":"https:\/\/www.facebook.com\/grontkontor.dk\/","article_modified_time":"2025-03-04T13:49:57+00:00","og_image":[{"width":900,"height":639,"url":"https:\/\/grontkontor.dk\/wp-content\/uploads\/2025\/02\/Klimavenlig-powerbank-i-genanvendt-aluminium-collage.jpg","type":"image\/jpeg"}],"twitter_card":"summary_large_image","schema":{"@context":"https:\/\/schema.org","@graph":[{"@type":"WebPage","@id":"https:\/\/grontkontor.dk\/sv\/shop\/powerbank-oplader-i-genanvendt-aluminium\/","url":"https:\/\/grontkontor.dk\/sv\/shop\/powerbank-oplader-i-genanvendt-aluminium\/","name":"Powerbank-laddare i \u00e5tervunnen aluminium - Gr\u00f8nt Kontor","isPartOf":{"@id":"https:\/\/grontkontor.dk\/#website"},"datePublished":"2025-02-12T13:28:20+00:00","dateModified":"2025-03-04T13:49:57+00:00","breadcrumb":{"@id":"https:\/\/grontkontor.dk\/sv\/shop\/powerbank-oplader-i-genanvendt-aluminium\/#breadcrumb"},"inLanguage":"sv-SE","potentialAction":[{"@type":"ReadAction","target":["https:\/\/grontkontor.dk\/sv\/shop\/powerbank-oplader-i-genanvendt-aluminium\/"]}]},{"@type":"BreadcrumbList","@id":"https:\/\/grontkontor.dk\/sv\/shop\/powerbank-oplader-i-genanvendt-aluminium\/#breadcrumb","itemListElement":[{"@type":"ListItem","position":1,"name":"Forside","item":"https:\/\/grontkontor.dk\/"},{"@type":"ListItem","position":2,"name":"Shop","item":"https:\/\/grontkontor.dk\/sv\/shop\/"},{"@type":"ListItem","position":3,"name":"Elektronik og gadgets","item":"https:\/\/grontkontor.dk\/produkt-kategori\/elektronik-og-gadgets\/"},{"@type":"ListItem","position":4,"name":"Powerbank-laddare i \u00e5tervunnen aluminium"}]},{"@type":"WebSite","@id":"https:\/\/grontkontor.dk\/#website","url":"https:\/\/grontkontor.dk\/","name":"Gr\u00f8nt Kontor","description":"Milj\u00f8venlige produkter til kontor og erhverv med fokus p\u00e5 b\u00e6redygtighed, design og fair trade.","publisher":{"@id":"https:\/\/grontkontor.dk\/#organization"},"potentialAction":[{"@type":"SearchAction","target":{"@type":"EntryPoint","urlTemplate":"https:\/\/grontkontor.dk\/?s={search_term_string}"},"query-input":"required name=search_term_string"}],"inLanguage":"sv-SE"},{"@type":"Organization","@id":"https:\/\/grontkontor.dk\/#organization","name":"Gr\u00f8nt Kontor","url":"https:\/\/grontkontor.dk\/","logo":{"@type":"ImageObject","inLanguage":"sv-SE","@id":"https:\/\/grontkontor.dk\/#\/schema\/logo\/image\/","url":"https:\/\/grontkontor.dk\/wp-content\/uploads\/2014\/02\/Logo_groent_kontor_300x80.png","contentUrl":"https:\/\/grontkontor.dk\/wp-content\/uploads\/2014\/02\/Logo_groent_kontor_300x80.png","width":300,"height":80,"caption":"Gr\u00f8nt Kontor"},"image":{"@id":"https:\/\/grontkontor.dk\/#\/schema\/logo\/image\/"},"sameAs":["https:\/\/www.facebook.com\/grontkontor.dk\/"]}]}},"_links":{"self":[{"href":"https:\/\/grontkontor.dk\/sv\/wp-json\/wp\/v2\/product\/120455"}],"collection":[{"href":"https:\/\/grontkontor.dk\/sv\/wp-json\/wp\/v2\/product"}],"about":[{"href":"https:\/\/grontkontor.dk\/sv\/wp-json\/wp\/v2\/types\/product"}],"replies":[{"embeddable":true,"href":"https:\/\/grontkontor.dk\/sv\/wp-json\/wp\/v2\/comments?post=120455"}],"wp:featuredmedia":[{"embeddable":true,"href":"https:\/\/grontkontor.dk\/sv\/wp-json\/wp\/v2\/media\/120467"}],"wp:attachment":[{"href":"https:\/\/grontkontor.dk\/sv\/wp-json\/wp\/v2\/media?parent=120455"}],"wp:term":[{"taxonomy":"product_cat","embeddable":true,"href":"https:\/\/grontkontor.dk\/sv\/wp-json\/wp\/v2\/product_cat?post=120455"},{"taxonomy":"product_tag","embeddable":true,"href":"https:\/\/grontkontor.dk\/sv\/wp-json\/wp\/v2\/product_tag?post=120455"}],"curies":[{"name":"wp","href":"https:\/\/api.w.org\/{rel}","templated":true}]}}