{"id":120524,"date":"2025-02-17T11:02:14","date_gmt":"2025-02-17T10:02:15","guid":{"rendered":"https:\/\/grontkontor.dk\/?post_type=product&#038;p=120524"},"modified":"2025-03-04T14:49:57","modified_gmt":"2025-03-04T13:49:57","slug":"affaldssorteringssaet-i-genanvendt-plast","status":"publish","type":"product","link":"https:\/\/grontkontor.dk\/sv\/shop\/affaldssorteringssaet-i-genanvendt-plast\/","title":{"rendered":"K\u00e4llsorteringskit i \u00e5tervunnen plast"},"content":{"rendered":"<p>Set med 3 \u00e5teranv\u00e4ndbara p\u00e5sar. Tillverkad av stark RPET-laminerad polyester, tillverkad av \u00e5tervunnen plast, f\u00f6r att fr\u00e4mja \u00e5tervinning av plastavfall och bidra till planetens h\u00e5llbarhet. Inneh\u00e5ller 3 p\u00e5sar p\u00e5 23 x 45 x 23 cm vardera, f\u00e4sta i varandra med kardborrekn\u00e4ppningar p\u00e5 sidorna. Med f\u00f6rst\u00e4rkta handtag och m\u00e4rkt med avfallstyper: plast, glas och papper. Etikett med RPET-logotyp i botten av varje p\u00e5se.<br data-start=\"409\" data-end=\"412\">3 p\u00e5sar p\u00e5 23 x 45 x 23 cm.    <\/p>\nrPET (recycled polyethylen) er et f\u00f8devareegnet genanvendeligt genbrugsplast, som typisk er fremstillet af genanvendte vandflasker. rPET er \u2013 dets fossile oprindelse til trods \u2013 et b\u00e6redygtigt og klimavenligt materiale. rPET har et ekstremt h\u00f8jt kulstofindhold, og fungerer derfor som et effektivt kulstofdepot i hele produktets og genanvendte produkters levetid. Bliver plast ikke genbrugt, vil det enten nedbrydes til CO2 og dermed bidrage til drivhuseffekten, eller ende op som forurenende affald. For hvert ton genbrugt plast spares der 3,8 t\u00f8nder olie. \n<p>&nbsp;<\/p>\nGlobal Recycled Standard certificeringen garanterar att man \u00e5tervunnet minst 50% av materialet i en slutprodukt. GRS \u00e4r dessutom en garanti f\u00f6r goda arbetsvillkor och minimalt inneh\u00e5ll av skatlig kemi. \n<p>&nbsp;<\/p>\n<p><img loading=\"lazy\" decoding=\"async\" src=\"https:\/\/grontkontor.dk\/wp-content\/uploads\/2021\/02\/genbrug.jpg\" alt=\"Fremstillet af genbrugsmaterialer\" width=\"50\" height=\"50\" class=\"size-full wp-image-23031\" srcset=\"https:\/\/grontkontor.dk\/wp-content\/uploads\/2021\/02\/genbrug.jpg 199w, https:\/\/grontkontor.dk\/wp-content\/uploads\/2021\/02\/genbrug-100x100.jpg 100w\" sizes=\"(max-width: 50px) 100vw, 50px\" \/><a href=\"https:\/\/textileexchange.org\/standards\/recycled-claim-standard-global-recycled-standard\/\"><img loading=\"lazy\" decoding=\"async\" src=\"https:\/\/grontkontor.dk\/wp-content\/uploads\/2021\/06\/global-recycled-standard-1.jpg\" alt=\"Global recycled standard\" width=\"50\" height=\"50\" class=\"size-full wp-image-25504\" \/> <\/a><\/p>\n","protected":false},"excerpt":{"rendered":"<p>Set med 3 \u00e5teranv\u00e4ndbara p\u00e5sar. Tillverkad av stark RPET-laminerad polyester, tillverkad av \u00e5tervunnen plast, f\u00f6r att fr\u00e4mja \u00e5tervinning av plastavfall och bidra till planetens h\u00e5llbarhet. Inneh\u00e5ller 3 p\u00e5sar p\u00e5 23 x 45 x 23 cm vardera, f\u00e4sta i varandra med kardborrekn\u00e4ppningar p\u00e5 sidorna. Med f\u00f6rst\u00e4rkta handtag och m\u00e4rkt med avfallstyper: plast, glas och papper. Etikett [&hellip;]<\/p>\n","protected":false},"featured_media":120537,"comment_status":"closed","ping_status":"closed","template":"","meta":{"_acf_changed":false},"product_cat":[2849,2107,2136,1831,2394,1552,1854,2609],"product_tag":[2680,2895],"class_list":{"0":"post-120524","1":"product","2":"type-product","3":"status-publish","4":"has-post-thumbnail","6":"product_cat-trycksaker-sv","7":"product_cat-dummy-moq-1-sv","8":"product_cat-hotell-restaurang","9":"product_cat-natur-aatervunnet-papper","10":"product_cat-nyheter","11":"product_cat-papirposer-sv","12":"product_cat-produkt-serier-se","13":"product_cat-sopsorteringssystemor","14":"product_tag-avfallshantering","15":"product_tag-avfallssortering","16":"tm-has-options","18":"first","19":"instock","20":"taxable","21":"shipping-taxable","22":"purchasable","23":"product-type-simple"},"acf":[],"yoast_head":"<!-- This site is optimized with the Yoast SEO Premium plugin v21.2 (Yoast SEO v21.2) - https:\/\/yoast.com\/wordpress\/plugins\/seo\/ -->\n<title>K\u00e4llsorteringskit i \u00e5tervunnen plast - Gr\u00f8nt Kontor<\/title>\n<meta name=\"robots\" content=\"index, follow, max-snippet:-1, max-image-preview:large, max-video-preview:-1\" \/>\n<link rel=\"canonical\" href=\"https:\/\/grontkontor.dk\/sv\/shop\/affaldssorteringssaet-i-genanvendt-plast\/\" \/>\n<meta property=\"og:locale\" content=\"sv_SE\" \/>\n<meta property=\"og:type\" content=\"article\" \/>\n<meta property=\"og:title\" content=\"K\u00e4llsorteringskit i \u00e5tervunnen plast\" \/>\n<meta property=\"og:description\" content=\"Set med 3 \u00e5teranv\u00e4ndbara p\u00e5sar. Tillverkad av stark RPET-laminerad polyester, tillverkad av \u00e5tervunnen plast, f\u00f6r att fr\u00e4mja \u00e5tervinning av plastavfall och bidra till planetens h\u00e5llbarhet. Inneh\u00e5ller 3 p\u00e5sar p\u00e5 23 x 45 x 23 cm vardera, f\u00e4sta i varandra med kardborrekn\u00e4ppningar p\u00e5 sidorna. Med f\u00f6rst\u00e4rkta handtag och m\u00e4rkt med avfallstyper: plast, glas och papper. Etikett [&hellip;]\" \/>\n<meta property=\"og:url\" content=\"https:\/\/grontkontor.dk\/sv\/shop\/affaldssorteringssaet-i-genanvendt-plast\/\" \/>\n<meta property=\"og:site_name\" content=\"Gr\u00f8nt Kontor\" \/>\n<meta property=\"article:publisher\" content=\"https:\/\/www.facebook.com\/grontkontor.dk\/\" \/>\n<meta property=\"article:modified_time\" content=\"2025-03-04T13:49:57+00:00\" \/>\n<meta property=\"og:image\" content=\"https:\/\/grontkontor.dk\/wp-content\/uploads\/2025\/02\/Klimavenlig-affaldssorteringssaet-i-genanvendt-plast.jpg\" \/>\n\t<meta property=\"og:image:width\" content=\"900\" \/>\n\t<meta property=\"og:image:height\" content=\"639\" \/>\n\t<meta property=\"og:image:type\" content=\"image\/jpeg\" \/>\n<meta name=\"twitter:card\" content=\"summary_large_image\" \/>\n<script type=\"application\/ld+json\" class=\"yoast-schema-graph\">{\"@context\":\"https:\/\/schema.org\",\"@graph\":[{\"@type\":\"WebPage\",\"@id\":\"https:\/\/grontkontor.dk\/sv\/shop\/affaldssorteringssaet-i-genanvendt-plast\/\",\"url\":\"https:\/\/grontkontor.dk\/sv\/shop\/affaldssorteringssaet-i-genanvendt-plast\/\",\"name\":\"K\u00e4llsorteringskit i \u00e5tervunnen plast - Gr\u00f8nt Kontor\",\"isPartOf\":{\"@id\":\"https:\/\/grontkontor.dk\/#website\"},\"datePublished\":\"2025-02-17T10:02:15+00:00\",\"dateModified\":\"2025-03-04T13:49:57+00:00\",\"breadcrumb\":{\"@id\":\"https:\/\/grontkontor.dk\/sv\/shop\/affaldssorteringssaet-i-genanvendt-plast\/#breadcrumb\"},\"inLanguage\":\"sv-SE\",\"potentialAction\":[{\"@type\":\"ReadAction\",\"target\":[\"https:\/\/grontkontor.dk\/sv\/shop\/affaldssorteringssaet-i-genanvendt-plast\/\"]}]},{\"@type\":\"BreadcrumbList\",\"@id\":\"https:\/\/grontkontor.dk\/sv\/shop\/affaldssorteringssaet-i-genanvendt-plast\/#breadcrumb\",\"itemListElement\":[{\"@type\":\"ListItem\",\"position\":1,\"name\":\"Forside\",\"item\":\"https:\/\/grontkontor.dk\/\"},{\"@type\":\"ListItem\",\"position\":2,\"name\":\"Shop\",\"item\":\"https:\/\/grontkontor.dk\/sv\/shop\/\"},{\"@type\":\"ListItem\",\"position\":3,\"name\":\"Produktserier\",\"item\":\"https:\/\/grontkontor.dk\/sv\/produkt-kategori\/produkt-serier-se\/\"},{\"@type\":\"ListItem\",\"position\":4,\"name\":\"Natur \u00e5tervunnet papper\",\"item\":\"https:\/\/grontkontor.dk\/sv\/produkt-kategori\/produkt-serier-se\/natur-aatervunnet-papper\/\"},{\"@type\":\"ListItem\",\"position\":5,\"name\":\"K\u00e4llsorteringskit i \u00e5tervunnen plast\"}]},{\"@type\":\"WebSite\",\"@id\":\"https:\/\/grontkontor.dk\/#website\",\"url\":\"https:\/\/grontkontor.dk\/\",\"name\":\"Gr\u00f8nt Kontor\",\"description\":\"Milj\u00f8venlige produkter til kontor og erhverv med fokus p\u00e5 b\u00e6redygtighed, design og fair trade.\",\"publisher\":{\"@id\":\"https:\/\/grontkontor.dk\/#organization\"},\"potentialAction\":[{\"@type\":\"SearchAction\",\"target\":{\"@type\":\"EntryPoint\",\"urlTemplate\":\"https:\/\/grontkontor.dk\/?s={search_term_string}\"},\"query-input\":\"required name=search_term_string\"}],\"inLanguage\":\"sv-SE\"},{\"@type\":\"Organization\",\"@id\":\"https:\/\/grontkontor.dk\/#organization\",\"name\":\"Gr\u00f8nt Kontor\",\"url\":\"https:\/\/grontkontor.dk\/\",\"logo\":{\"@type\":\"ImageObject\",\"inLanguage\":\"sv-SE\",\"@id\":\"https:\/\/grontkontor.dk\/#\/schema\/logo\/image\/\",\"url\":\"https:\/\/grontkontor.dk\/wp-content\/uploads\/2014\/02\/Logo_groent_kontor_300x80.png\",\"contentUrl\":\"https:\/\/grontkontor.dk\/wp-content\/uploads\/2014\/02\/Logo_groent_kontor_300x80.png\",\"width\":300,\"height\":80,\"caption\":\"Gr\u00f8nt Kontor\"},\"image\":{\"@id\":\"https:\/\/grontkontor.dk\/#\/schema\/logo\/image\/\"},\"sameAs\":[\"https:\/\/www.facebook.com\/grontkontor.dk\/\"]}]}<\/script>\n<!-- \/ Yoast SEO Premium plugin. -->","yoast_head_json":{"title":"K\u00e4llsorteringskit i \u00e5tervunnen plast - Gr\u00f8nt Kontor","robots":{"index":"index","follow":"follow","max-snippet":"max-snippet:-1","max-image-preview":"max-image-preview:large","max-video-preview":"max-video-preview:-1"},"canonical":"https:\/\/grontkontor.dk\/sv\/shop\/affaldssorteringssaet-i-genanvendt-plast\/","og_locale":"sv_SE","og_type":"article","og_title":"K\u00e4llsorteringskit i \u00e5tervunnen plast","og_description":"Set med 3 \u00e5teranv\u00e4ndbara p\u00e5sar. Tillverkad av stark RPET-laminerad polyester, tillverkad av \u00e5tervunnen plast, f\u00f6r att fr\u00e4mja \u00e5tervinning av plastavfall och bidra till planetens h\u00e5llbarhet. Inneh\u00e5ller 3 p\u00e5sar p\u00e5 23 x 45 x 23 cm vardera, f\u00e4sta i varandra med kardborrekn\u00e4ppningar p\u00e5 sidorna. Med f\u00f6rst\u00e4rkta handtag och m\u00e4rkt med avfallstyper: plast, glas och papper. Etikett [&hellip;]","og_url":"https:\/\/grontkontor.dk\/sv\/shop\/affaldssorteringssaet-i-genanvendt-plast\/","og_site_name":"Gr\u00f8nt Kontor","article_publisher":"https:\/\/www.facebook.com\/grontkontor.dk\/","article_modified_time":"2025-03-04T13:49:57+00:00","og_image":[{"width":900,"height":639,"url":"https:\/\/grontkontor.dk\/wp-content\/uploads\/2025\/02\/Klimavenlig-affaldssorteringssaet-i-genanvendt-plast.jpg","type":"image\/jpeg"}],"twitter_card":"summary_large_image","schema":{"@context":"https:\/\/schema.org","@graph":[{"@type":"WebPage","@id":"https:\/\/grontkontor.dk\/sv\/shop\/affaldssorteringssaet-i-genanvendt-plast\/","url":"https:\/\/grontkontor.dk\/sv\/shop\/affaldssorteringssaet-i-genanvendt-plast\/","name":"K\u00e4llsorteringskit i \u00e5tervunnen plast - Gr\u00f8nt Kontor","isPartOf":{"@id":"https:\/\/grontkontor.dk\/#website"},"datePublished":"2025-02-17T10:02:15+00:00","dateModified":"2025-03-04T13:49:57+00:00","breadcrumb":{"@id":"https:\/\/grontkontor.dk\/sv\/shop\/affaldssorteringssaet-i-genanvendt-plast\/#breadcrumb"},"inLanguage":"sv-SE","potentialAction":[{"@type":"ReadAction","target":["https:\/\/grontkontor.dk\/sv\/shop\/affaldssorteringssaet-i-genanvendt-plast\/"]}]},{"@type":"BreadcrumbList","@id":"https:\/\/grontkontor.dk\/sv\/shop\/affaldssorteringssaet-i-genanvendt-plast\/#breadcrumb","itemListElement":[{"@type":"ListItem","position":1,"name":"Forside","item":"https:\/\/grontkontor.dk\/"},{"@type":"ListItem","position":2,"name":"Shop","item":"https:\/\/grontkontor.dk\/sv\/shop\/"},{"@type":"ListItem","position":3,"name":"Produktserier","item":"https:\/\/grontkontor.dk\/sv\/produkt-kategori\/produkt-serier-se\/"},{"@type":"ListItem","position":4,"name":"Natur \u00e5tervunnet papper","item":"https:\/\/grontkontor.dk\/sv\/produkt-kategori\/produkt-serier-se\/natur-aatervunnet-papper\/"},{"@type":"ListItem","position":5,"name":"K\u00e4llsorteringskit i \u00e5tervunnen plast"}]},{"@type":"WebSite","@id":"https:\/\/grontkontor.dk\/#website","url":"https:\/\/grontkontor.dk\/","name":"Gr\u00f8nt Kontor","description":"Milj\u00f8venlige produkter til kontor og erhverv med fokus p\u00e5 b\u00e6redygtighed, design og fair trade.","publisher":{"@id":"https:\/\/grontkontor.dk\/#organization"},"potentialAction":[{"@type":"SearchAction","target":{"@type":"EntryPoint","urlTemplate":"https:\/\/grontkontor.dk\/?s={search_term_string}"},"query-input":"required name=search_term_string"}],"inLanguage":"sv-SE"},{"@type":"Organization","@id":"https:\/\/grontkontor.dk\/#organization","name":"Gr\u00f8nt Kontor","url":"https:\/\/grontkontor.dk\/","logo":{"@type":"ImageObject","inLanguage":"sv-SE","@id":"https:\/\/grontkontor.dk\/#\/schema\/logo\/image\/","url":"https:\/\/grontkontor.dk\/wp-content\/uploads\/2014\/02\/Logo_groent_kontor_300x80.png","contentUrl":"https:\/\/grontkontor.dk\/wp-content\/uploads\/2014\/02\/Logo_groent_kontor_300x80.png","width":300,"height":80,"caption":"Gr\u00f8nt Kontor"},"image":{"@id":"https:\/\/grontkontor.dk\/#\/schema\/logo\/image\/"},"sameAs":["https:\/\/www.facebook.com\/grontkontor.dk\/"]}]}},"_links":{"self":[{"href":"https:\/\/grontkontor.dk\/sv\/wp-json\/wp\/v2\/product\/120524"}],"collection":[{"href":"https:\/\/grontkontor.dk\/sv\/wp-json\/wp\/v2\/product"}],"about":[{"href":"https:\/\/grontkontor.dk\/sv\/wp-json\/wp\/v2\/types\/product"}],"replies":[{"embeddable":true,"href":"https:\/\/grontkontor.dk\/sv\/wp-json\/wp\/v2\/comments?post=120524"}],"wp:featuredmedia":[{"embeddable":true,"href":"https:\/\/grontkontor.dk\/sv\/wp-json\/wp\/v2\/media\/120537"}],"wp:attachment":[{"href":"https:\/\/grontkontor.dk\/sv\/wp-json\/wp\/v2\/media?parent=120524"}],"wp:term":[{"taxonomy":"product_cat","embeddable":true,"href":"https:\/\/grontkontor.dk\/sv\/wp-json\/wp\/v2\/product_cat?post=120524"},{"taxonomy":"product_tag","embeddable":true,"href":"https:\/\/grontkontor.dk\/sv\/wp-json\/wp\/v2\/product_tag?post=120524"}],"curies":[{"name":"wp","href":"https:\/\/api.w.org\/{rel}","templated":true}]}}