{"id":120616,"date":"2025-02-18T15:18:54","date_gmt":"2025-02-18T14:18:56","guid":{"rendered":"https:\/\/grontkontor.dk\/?post_type=product&#038;p=120616"},"modified":"2025-03-04T14:49:54","modified_gmt":"2025-03-04T13:49:54","slug":"lommelaerke-i-kork-og-staal","status":"publish","type":"product","link":"https:\/\/grontkontor.dk\/sv\/shop\/lommelaerke-i-kork-og-staal\/","title":{"rendered":"Fickplunta i kork och st\u00e5l"},"content":{"rendered":"<p>170 ml kolv med h\u00f6lje av rostfritt st\u00e5l, utsida av kork och skruvlock med s\u00e4kerhetsf\u00f6rslutning. Ergonomiskt utformad f\u00f6r att passa bekv\u00e4mt i fickan. Presenteras i en individuell l\u00e5da av kraftkartong med goda signaler om h\u00e5llbarhet.  <\/p>\nKork er et yderst klimavenlig, bionedbrydeligt og komposterbart naturmateriale, der stammer fra korkegen, der gror i hele middelhavsregionen. Kork er en hurtigt regenererende ressource der kan h\u00f8stes hvert \u00e5r p\u00e5 samme tr\u00e6, og er et materiale anbefalet af Verdensnaturfonden. Korkegeskove underst\u00f8tter et af de h\u00f8jeste niveauer af biodiversitet sammenlignet med andre skovtyper. \nSt\u00e5l\/j\u00e4rn er en \u00e5teranv\u00e4ndbar och praktiskt taget obegr\u00e4nsad resurs som inte f\u00f6rorenar vid kassering. St\u00e5l kan \u00e5tervinnas i det o\u00e4ndliga, vilket sker i s\u00e5 stor utstr\u00e4ckning att absolut st\u00f6rsta delen av allt st\u00e5l p\u00e5 marknaden, i huvudsak, best\u00e5r av \u00e5tervunnen st\u00e5l. \n<p>&nbsp;<\/p>\n<p>&nbsp;<\/p>\n","protected":false},"excerpt":{"rendered":"<p>170 ml kolv med h\u00f6lje av rostfritt st\u00e5l, utsida av kork och skruvlock med s\u00e4kerhetsf\u00f6rslutning. Ergonomiskt utformad f\u00f6r att passa bekv\u00e4mt i fickan. Presenteras i en individuell l\u00e5da av kraftkartong med goda signaler om h\u00e5llbarhet. &nbsp; &nbsp;<\/p>\n","protected":false},"featured_media":120653,"comment_status":"closed","ping_status":"closed","template":"","meta":{"_acf_changed":false},"product_cat":[4399,2107,2233,2394,2003],"product_tag":[1898],"class_list":{"0":"post-120616","1":"product","2":"type-product","3":"status-publish","4":"has-post-thumbnail","6":"product_cat-termoser-och-vattenflaskor","7":"product_cat-dummy-moq-1-sv","8":"product_cat-mat-och-dryck","9":"product_cat-nyheter","10":"product_cat-drikkedunke-og-termoflasker-sv","11":"product_tag-vandflaske-sv","12":"pa_farve-blaa-sv","13":"pa_farve-graa-sv","14":"pa_farve-sort-sv","15":"pa_farve-hvid-sv","16":"tm-has-options","18":"first","19":"instock","20":"taxable","21":"shipping-taxable","22":"purchasable","23":"product-type-simple"},"acf":[],"yoast_head":"<!-- This site is optimized with the Yoast SEO Premium plugin v21.2 (Yoast SEO v21.2) - https:\/\/yoast.com\/wordpress\/plugins\/seo\/ -->\n<title>Fickplunta i kork och st\u00e5l - Gr\u00f8nt Kontor<\/title>\n<meta name=\"robots\" content=\"index, follow, max-snippet:-1, max-image-preview:large, max-video-preview:-1\" \/>\n<link rel=\"canonical\" href=\"https:\/\/grontkontor.dk\/sv\/shop\/lommelaerke-i-kork-og-staal\/\" \/>\n<meta property=\"og:locale\" content=\"sv_SE\" \/>\n<meta property=\"og:type\" content=\"article\" \/>\n<meta property=\"og:title\" content=\"Fickplunta i kork och st\u00e5l\" \/>\n<meta property=\"og:description\" content=\"170 ml kolv med h\u00f6lje av rostfritt st\u00e5l, utsida av kork och skruvlock med s\u00e4kerhetsf\u00f6rslutning. Ergonomiskt utformad f\u00f6r att passa bekv\u00e4mt i fickan. Presenteras i en individuell l\u00e5da av kraftkartong med goda signaler om h\u00e5llbarhet. &nbsp; &nbsp;\" \/>\n<meta property=\"og:url\" content=\"https:\/\/grontkontor.dk\/sv\/shop\/lommelaerke-i-kork-og-staal\/\" \/>\n<meta property=\"og:site_name\" content=\"Gr\u00f8nt Kontor\" \/>\n<meta property=\"article:publisher\" content=\"https:\/\/www.facebook.com\/grontkontor.dk\/\" \/>\n<meta property=\"article:modified_time\" content=\"2025-03-04T13:49:54+00:00\" \/>\n<meta property=\"og:image\" content=\"https:\/\/grontkontor.dk\/wp-content\/uploads\/2025\/02\/Lommelaerke-i-klimavenligt-kork.jpg\" \/>\n\t<meta property=\"og:image:width\" content=\"900\" \/>\n\t<meta property=\"og:image:height\" content=\"639\" \/>\n\t<meta property=\"og:image:type\" content=\"image\/jpeg\" \/>\n<meta name=\"twitter:card\" content=\"summary_large_image\" \/>\n<meta name=\"twitter:label1\" content=\"Ber\u00e4knad l\u00e4stid\" \/>\n\t<meta name=\"twitter:data1\" content=\"1 minut\" \/>\n<script type=\"application\/ld+json\" class=\"yoast-schema-graph\">{\"@context\":\"https:\/\/schema.org\",\"@graph\":[{\"@type\":\"WebPage\",\"@id\":\"https:\/\/grontkontor.dk\/sv\/shop\/lommelaerke-i-kork-og-staal\/\",\"url\":\"https:\/\/grontkontor.dk\/sv\/shop\/lommelaerke-i-kork-og-staal\/\",\"name\":\"Fickplunta i kork och st\u00e5l - Gr\u00f8nt Kontor\",\"isPartOf\":{\"@id\":\"https:\/\/grontkontor.dk\/#website\"},\"datePublished\":\"2025-02-18T14:18:56+00:00\",\"dateModified\":\"2025-03-04T13:49:54+00:00\",\"breadcrumb\":{\"@id\":\"https:\/\/grontkontor.dk\/sv\/shop\/lommelaerke-i-kork-og-staal\/#breadcrumb\"},\"inLanguage\":\"sv-SE\",\"potentialAction\":[{\"@type\":\"ReadAction\",\"target\":[\"https:\/\/grontkontor.dk\/sv\/shop\/lommelaerke-i-kork-og-staal\/\"]}]},{\"@type\":\"BreadcrumbList\",\"@id\":\"https:\/\/grontkontor.dk\/sv\/shop\/lommelaerke-i-kork-og-staal\/#breadcrumb\",\"itemListElement\":[{\"@type\":\"ListItem\",\"position\":1,\"name\":\"Forside\",\"item\":\"https:\/\/grontkontor.dk\/\"},{\"@type\":\"ListItem\",\"position\":2,\"name\":\"Shop\",\"item\":\"https:\/\/grontkontor.dk\/sv\/shop\/\"},{\"@type\":\"ListItem\",\"position\":3,\"name\":\"Mad og drikke\",\"item\":\"https:\/\/grontkontor.dk\/produkt-kategori\/mad-og-drikke\/\"},{\"@type\":\"ListItem\",\"position\":4,\"name\":\"Drikkedunke og termoflasker\",\"item\":\"https:\/\/grontkontor.dk\/produkt-kategori\/mad-og-drikke\/drikkedunke-og-termoflasker\/\"},{\"@type\":\"ListItem\",\"position\":5,\"name\":\"Fickplunta i kork och st\u00e5l\"}]},{\"@type\":\"WebSite\",\"@id\":\"https:\/\/grontkontor.dk\/#website\",\"url\":\"https:\/\/grontkontor.dk\/\",\"name\":\"Gr\u00f8nt Kontor\",\"description\":\"Milj\u00f8venlige produkter til kontor og erhverv med fokus p\u00e5 b\u00e6redygtighed, design og fair trade.\",\"publisher\":{\"@id\":\"https:\/\/grontkontor.dk\/#organization\"},\"potentialAction\":[{\"@type\":\"SearchAction\",\"target\":{\"@type\":\"EntryPoint\",\"urlTemplate\":\"https:\/\/grontkontor.dk\/?s={search_term_string}\"},\"query-input\":\"required name=search_term_string\"}],\"inLanguage\":\"sv-SE\"},{\"@type\":\"Organization\",\"@id\":\"https:\/\/grontkontor.dk\/#organization\",\"name\":\"Gr\u00f8nt Kontor\",\"url\":\"https:\/\/grontkontor.dk\/\",\"logo\":{\"@type\":\"ImageObject\",\"inLanguage\":\"sv-SE\",\"@id\":\"https:\/\/grontkontor.dk\/#\/schema\/logo\/image\/\",\"url\":\"https:\/\/grontkontor.dk\/wp-content\/uploads\/2014\/02\/Logo_groent_kontor_300x80.png\",\"contentUrl\":\"https:\/\/grontkontor.dk\/wp-content\/uploads\/2014\/02\/Logo_groent_kontor_300x80.png\",\"width\":300,\"height\":80,\"caption\":\"Gr\u00f8nt Kontor\"},\"image\":{\"@id\":\"https:\/\/grontkontor.dk\/#\/schema\/logo\/image\/\"},\"sameAs\":[\"https:\/\/www.facebook.com\/grontkontor.dk\/\"]}]}<\/script>\n<!-- \/ Yoast SEO Premium plugin. -->","yoast_head_json":{"title":"Fickplunta i kork och st\u00e5l - Gr\u00f8nt Kontor","robots":{"index":"index","follow":"follow","max-snippet":"max-snippet:-1","max-image-preview":"max-image-preview:large","max-video-preview":"max-video-preview:-1"},"canonical":"https:\/\/grontkontor.dk\/sv\/shop\/lommelaerke-i-kork-og-staal\/","og_locale":"sv_SE","og_type":"article","og_title":"Fickplunta i kork och st\u00e5l","og_description":"170 ml kolv med h\u00f6lje av rostfritt st\u00e5l, utsida av kork och skruvlock med s\u00e4kerhetsf\u00f6rslutning. Ergonomiskt utformad f\u00f6r att passa bekv\u00e4mt i fickan. Presenteras i en individuell l\u00e5da av kraftkartong med goda signaler om h\u00e5llbarhet. &nbsp; &nbsp;","og_url":"https:\/\/grontkontor.dk\/sv\/shop\/lommelaerke-i-kork-og-staal\/","og_site_name":"Gr\u00f8nt Kontor","article_publisher":"https:\/\/www.facebook.com\/grontkontor.dk\/","article_modified_time":"2025-03-04T13:49:54+00:00","og_image":[{"width":900,"height":639,"url":"https:\/\/grontkontor.dk\/wp-content\/uploads\/2025\/02\/Lommelaerke-i-klimavenligt-kork.jpg","type":"image\/jpeg"}],"twitter_card":"summary_large_image","twitter_misc":{"Ber\u00e4knad l\u00e4stid":"1 minut"},"schema":{"@context":"https:\/\/schema.org","@graph":[{"@type":"WebPage","@id":"https:\/\/grontkontor.dk\/sv\/shop\/lommelaerke-i-kork-og-staal\/","url":"https:\/\/grontkontor.dk\/sv\/shop\/lommelaerke-i-kork-og-staal\/","name":"Fickplunta i kork och st\u00e5l - Gr\u00f8nt Kontor","isPartOf":{"@id":"https:\/\/grontkontor.dk\/#website"},"datePublished":"2025-02-18T14:18:56+00:00","dateModified":"2025-03-04T13:49:54+00:00","breadcrumb":{"@id":"https:\/\/grontkontor.dk\/sv\/shop\/lommelaerke-i-kork-og-staal\/#breadcrumb"},"inLanguage":"sv-SE","potentialAction":[{"@type":"ReadAction","target":["https:\/\/grontkontor.dk\/sv\/shop\/lommelaerke-i-kork-og-staal\/"]}]},{"@type":"BreadcrumbList","@id":"https:\/\/grontkontor.dk\/sv\/shop\/lommelaerke-i-kork-og-staal\/#breadcrumb","itemListElement":[{"@type":"ListItem","position":1,"name":"Forside","item":"https:\/\/grontkontor.dk\/"},{"@type":"ListItem","position":2,"name":"Shop","item":"https:\/\/grontkontor.dk\/sv\/shop\/"},{"@type":"ListItem","position":3,"name":"Mad og drikke","item":"https:\/\/grontkontor.dk\/produkt-kategori\/mad-og-drikke\/"},{"@type":"ListItem","position":4,"name":"Drikkedunke og termoflasker","item":"https:\/\/grontkontor.dk\/produkt-kategori\/mad-og-drikke\/drikkedunke-og-termoflasker\/"},{"@type":"ListItem","position":5,"name":"Fickplunta i kork och st\u00e5l"}]},{"@type":"WebSite","@id":"https:\/\/grontkontor.dk\/#website","url":"https:\/\/grontkontor.dk\/","name":"Gr\u00f8nt Kontor","description":"Milj\u00f8venlige produkter til kontor og erhverv med fokus p\u00e5 b\u00e6redygtighed, design og fair trade.","publisher":{"@id":"https:\/\/grontkontor.dk\/#organization"},"potentialAction":[{"@type":"SearchAction","target":{"@type":"EntryPoint","urlTemplate":"https:\/\/grontkontor.dk\/?s={search_term_string}"},"query-input":"required name=search_term_string"}],"inLanguage":"sv-SE"},{"@type":"Organization","@id":"https:\/\/grontkontor.dk\/#organization","name":"Gr\u00f8nt Kontor","url":"https:\/\/grontkontor.dk\/","logo":{"@type":"ImageObject","inLanguage":"sv-SE","@id":"https:\/\/grontkontor.dk\/#\/schema\/logo\/image\/","url":"https:\/\/grontkontor.dk\/wp-content\/uploads\/2014\/02\/Logo_groent_kontor_300x80.png","contentUrl":"https:\/\/grontkontor.dk\/wp-content\/uploads\/2014\/02\/Logo_groent_kontor_300x80.png","width":300,"height":80,"caption":"Gr\u00f8nt Kontor"},"image":{"@id":"https:\/\/grontkontor.dk\/#\/schema\/logo\/image\/"},"sameAs":["https:\/\/www.facebook.com\/grontkontor.dk\/"]}]}},"_links":{"self":[{"href":"https:\/\/grontkontor.dk\/sv\/wp-json\/wp\/v2\/product\/120616"}],"collection":[{"href":"https:\/\/grontkontor.dk\/sv\/wp-json\/wp\/v2\/product"}],"about":[{"href":"https:\/\/grontkontor.dk\/sv\/wp-json\/wp\/v2\/types\/product"}],"replies":[{"embeddable":true,"href":"https:\/\/grontkontor.dk\/sv\/wp-json\/wp\/v2\/comments?post=120616"}],"wp:featuredmedia":[{"embeddable":true,"href":"https:\/\/grontkontor.dk\/sv\/wp-json\/wp\/v2\/media\/120653"}],"wp:attachment":[{"href":"https:\/\/grontkontor.dk\/sv\/wp-json\/wp\/v2\/media?parent=120616"}],"wp:term":[{"taxonomy":"product_cat","embeddable":true,"href":"https:\/\/grontkontor.dk\/sv\/wp-json\/wp\/v2\/product_cat?post=120616"},{"taxonomy":"product_tag","embeddable":true,"href":"https:\/\/grontkontor.dk\/sv\/wp-json\/wp\/v2\/product_tag?post=120616"}],"curies":[{"name":"wp","href":"https:\/\/api.w.org\/{rel}","templated":true}]}}