{"id":122490,"date":"2025-03-26T11:32:18","date_gmt":"2025-03-26T10:32:18","guid":{"rendered":"https:\/\/grontkontor.dk\/?post_type=product&#038;p=122490"},"modified":"2025-05-07T15:58:01","modified_gmt":"2025-05-07T13:58:01","slug":"petanque-saet-i-poppeltrae","status":"publish","type":"product","link":"https:\/\/grontkontor.dk\/sv\/shop\/petanque-saet-i-poppeltrae\/","title":{"rendered":"Bouleset i poppeltr\u00e4"},"content":{"rendered":"<p>Klassiskt bouleset i milj\u00f6v\u00e4nligt poppeltr\u00e4 och bomull. Finns m\/u tryck. Perfekt f\u00f6r f\u00f6retagspresenter, \u00e5h\u00f6rarkopior f\u00f6r m\u00e4ssor och evenemang.  &nbsp; Bomull \u00e4r ett biologiskt nedbrytbart och komposterbar naturprodukt.\nDenna produkt \u00e4r en av f\u00e5 som vi har p\u00e5 hyllan, som valts ut enbart f\u00f6r den unika designen. F\u00f6r ett mer h\u00e5llbart val vill vi rekomendera ekologisk eller \u00e5tervunnen bomull ist\u00e4llet.  &nbsp;<\/p>\n","protected":false},"excerpt":{"rendered":"<p>Klassiskt bouleset i milj\u00f6v\u00e4nligt poppeltr\u00e4 och bomull. Finns m\/u tryck. Perfekt f\u00f6r f\u00f6retagspresenter, \u00e5h\u00f6rarkopior f\u00f6r m\u00e4ssor och evenemang. &nbsp; &nbsp;<\/p>\n","protected":false},"featured_media":122500,"comment_status":"closed","ping_status":"closed","template":"","meta":{"_acf_changed":false},"product_cat":[2107,867,2394,3143],"product_tag":[2225],"class_list":{"0":"post-122490","1":"product","2":"type-product","3":"status-publish","4":"has-post-thumbnail","6":"product_cat-dummy-moq-1-sv","7":"product_cat-miljovaenliga-foretagspresenter","8":"product_cat-nyheter","9":"product_cat-sport-och-fritid","10":"product_tag-spil-sv","11":"tm-has-options","13":"first","14":"instock","15":"taxable","16":"shipping-taxable","17":"purchasable","18":"product-type-simple"},"acf":[],"yoast_head":"<!-- This site is optimized with the Yoast SEO Premium plugin v21.2 (Yoast SEO v21.2) - https:\/\/yoast.com\/wordpress\/plugins\/seo\/ -->\n<title>Bouleset i poppeltr\u00e4 - Gr\u00f8nt Kontor<\/title>\n<meta name=\"robots\" content=\"index, follow, max-snippet:-1, max-image-preview:large, max-video-preview:-1\" \/>\n<link rel=\"canonical\" href=\"https:\/\/grontkontor.dk\/sv\/shop\/petanque-saet-i-poppeltrae\/\" \/>\n<meta property=\"og:locale\" content=\"sv_SE\" \/>\n<meta property=\"og:type\" content=\"article\" \/>\n<meta property=\"og:title\" content=\"Bouleset i poppeltr\u00e4\" \/>\n<meta property=\"og:description\" content=\"Klassiskt bouleset i milj\u00f6v\u00e4nligt poppeltr\u00e4 och bomull. Finns m\/u tryck. Perfekt f\u00f6r f\u00f6retagspresenter, \u00e5h\u00f6rarkopior f\u00f6r m\u00e4ssor och evenemang. &nbsp; &nbsp;\" \/>\n<meta property=\"og:url\" content=\"https:\/\/grontkontor.dk\/sv\/shop\/petanque-saet-i-poppeltrae\/\" \/>\n<meta property=\"og:site_name\" content=\"Gr\u00f8nt Kontor\" \/>\n<meta property=\"article:publisher\" content=\"https:\/\/www.facebook.com\/grontkontor.dk\/\" \/>\n<meta property=\"article:modified_time\" content=\"2025-05-07T13:58:01+00:00\" \/>\n<meta property=\"og:image\" content=\"https:\/\/grontkontor.dk\/wp-content\/uploads\/2025\/03\/Klimavenlig-petanque-saet-poppeltrae.jpg\" \/>\n\t<meta property=\"og:image:width\" content=\"900\" \/>\n\t<meta property=\"og:image:height\" content=\"639\" \/>\n\t<meta property=\"og:image:type\" content=\"image\/jpeg\" \/>\n<meta name=\"twitter:card\" content=\"summary_large_image\" \/>\n<script type=\"application\/ld+json\" class=\"yoast-schema-graph\">{\"@context\":\"https:\/\/schema.org\",\"@graph\":[{\"@type\":\"WebPage\",\"@id\":\"https:\/\/grontkontor.dk\/sv\/shop\/petanque-saet-i-poppeltrae\/\",\"url\":\"https:\/\/grontkontor.dk\/sv\/shop\/petanque-saet-i-poppeltrae\/\",\"name\":\"Bouleset i poppeltr\u00e4 - Gr\u00f8nt Kontor\",\"isPartOf\":{\"@id\":\"https:\/\/grontkontor.dk\/#website\"},\"datePublished\":\"2025-03-26T10:32:18+00:00\",\"dateModified\":\"2025-05-07T13:58:01+00:00\",\"breadcrumb\":{\"@id\":\"https:\/\/grontkontor.dk\/sv\/shop\/petanque-saet-i-poppeltrae\/#breadcrumb\"},\"inLanguage\":\"sv-SE\",\"potentialAction\":[{\"@type\":\"ReadAction\",\"target\":[\"https:\/\/grontkontor.dk\/sv\/shop\/petanque-saet-i-poppeltrae\/\"]}]},{\"@type\":\"BreadcrumbList\",\"@id\":\"https:\/\/grontkontor.dk\/sv\/shop\/petanque-saet-i-poppeltrae\/#breadcrumb\",\"itemListElement\":[{\"@type\":\"ListItem\",\"position\":1,\"name\":\"Forside\",\"item\":\"https:\/\/grontkontor.dk\/\"},{\"@type\":\"ListItem\",\"position\":2,\"name\":\"Shop\",\"item\":\"https:\/\/grontkontor.dk\/sv\/shop\/\"},{\"@type\":\"ListItem\",\"position\":3,\"name\":\"Sport og fritid\",\"item\":\"https:\/\/grontkontor.dk\/produkt-kategori\/sport-og-fritid\/\"},{\"@type\":\"ListItem\",\"position\":4,\"name\":\"Bouleset i poppeltr\u00e4\"}]},{\"@type\":\"WebSite\",\"@id\":\"https:\/\/grontkontor.dk\/#website\",\"url\":\"https:\/\/grontkontor.dk\/\",\"name\":\"Gr\u00f8nt Kontor\",\"description\":\"Milj\u00f8venlige produkter til kontor og erhverv med fokus p\u00e5 b\u00e6redygtighed, design og fair trade.\",\"publisher\":{\"@id\":\"https:\/\/grontkontor.dk\/#organization\"},\"potentialAction\":[{\"@type\":\"SearchAction\",\"target\":{\"@type\":\"EntryPoint\",\"urlTemplate\":\"https:\/\/grontkontor.dk\/?s={search_term_string}\"},\"query-input\":\"required name=search_term_string\"}],\"inLanguage\":\"sv-SE\"},{\"@type\":\"Organization\",\"@id\":\"https:\/\/grontkontor.dk\/#organization\",\"name\":\"Gr\u00f8nt Kontor\",\"url\":\"https:\/\/grontkontor.dk\/\",\"logo\":{\"@type\":\"ImageObject\",\"inLanguage\":\"sv-SE\",\"@id\":\"https:\/\/grontkontor.dk\/#\/schema\/logo\/image\/\",\"url\":\"https:\/\/grontkontor.dk\/wp-content\/uploads\/2014\/02\/Logo_groent_kontor_300x80.png\",\"contentUrl\":\"https:\/\/grontkontor.dk\/wp-content\/uploads\/2014\/02\/Logo_groent_kontor_300x80.png\",\"width\":300,\"height\":80,\"caption\":\"Gr\u00f8nt Kontor\"},\"image\":{\"@id\":\"https:\/\/grontkontor.dk\/#\/schema\/logo\/image\/\"},\"sameAs\":[\"https:\/\/www.facebook.com\/grontkontor.dk\/\"]}]}<\/script>\n<!-- \/ Yoast SEO Premium plugin. -->","yoast_head_json":{"title":"Bouleset i poppeltr\u00e4 - Gr\u00f8nt Kontor","robots":{"index":"index","follow":"follow","max-snippet":"max-snippet:-1","max-image-preview":"max-image-preview:large","max-video-preview":"max-video-preview:-1"},"canonical":"https:\/\/grontkontor.dk\/sv\/shop\/petanque-saet-i-poppeltrae\/","og_locale":"sv_SE","og_type":"article","og_title":"Bouleset i poppeltr\u00e4","og_description":"Klassiskt bouleset i milj\u00f6v\u00e4nligt poppeltr\u00e4 och bomull. Finns m\/u tryck. Perfekt f\u00f6r f\u00f6retagspresenter, \u00e5h\u00f6rarkopior f\u00f6r m\u00e4ssor och evenemang. &nbsp; &nbsp;","og_url":"https:\/\/grontkontor.dk\/sv\/shop\/petanque-saet-i-poppeltrae\/","og_site_name":"Gr\u00f8nt Kontor","article_publisher":"https:\/\/www.facebook.com\/grontkontor.dk\/","article_modified_time":"2025-05-07T13:58:01+00:00","og_image":[{"width":900,"height":639,"url":"https:\/\/grontkontor.dk\/wp-content\/uploads\/2025\/03\/Klimavenlig-petanque-saet-poppeltrae.jpg","type":"image\/jpeg"}],"twitter_card":"summary_large_image","schema":{"@context":"https:\/\/schema.org","@graph":[{"@type":"WebPage","@id":"https:\/\/grontkontor.dk\/sv\/shop\/petanque-saet-i-poppeltrae\/","url":"https:\/\/grontkontor.dk\/sv\/shop\/petanque-saet-i-poppeltrae\/","name":"Bouleset i poppeltr\u00e4 - Gr\u00f8nt Kontor","isPartOf":{"@id":"https:\/\/grontkontor.dk\/#website"},"datePublished":"2025-03-26T10:32:18+00:00","dateModified":"2025-05-07T13:58:01+00:00","breadcrumb":{"@id":"https:\/\/grontkontor.dk\/sv\/shop\/petanque-saet-i-poppeltrae\/#breadcrumb"},"inLanguage":"sv-SE","potentialAction":[{"@type":"ReadAction","target":["https:\/\/grontkontor.dk\/sv\/shop\/petanque-saet-i-poppeltrae\/"]}]},{"@type":"BreadcrumbList","@id":"https:\/\/grontkontor.dk\/sv\/shop\/petanque-saet-i-poppeltrae\/#breadcrumb","itemListElement":[{"@type":"ListItem","position":1,"name":"Forside","item":"https:\/\/grontkontor.dk\/"},{"@type":"ListItem","position":2,"name":"Shop","item":"https:\/\/grontkontor.dk\/sv\/shop\/"},{"@type":"ListItem","position":3,"name":"Sport og fritid","item":"https:\/\/grontkontor.dk\/produkt-kategori\/sport-og-fritid\/"},{"@type":"ListItem","position":4,"name":"Bouleset i poppeltr\u00e4"}]},{"@type":"WebSite","@id":"https:\/\/grontkontor.dk\/#website","url":"https:\/\/grontkontor.dk\/","name":"Gr\u00f8nt Kontor","description":"Milj\u00f8venlige produkter til kontor og erhverv med fokus p\u00e5 b\u00e6redygtighed, design og fair trade.","publisher":{"@id":"https:\/\/grontkontor.dk\/#organization"},"potentialAction":[{"@type":"SearchAction","target":{"@type":"EntryPoint","urlTemplate":"https:\/\/grontkontor.dk\/?s={search_term_string}"},"query-input":"required name=search_term_string"}],"inLanguage":"sv-SE"},{"@type":"Organization","@id":"https:\/\/grontkontor.dk\/#organization","name":"Gr\u00f8nt Kontor","url":"https:\/\/grontkontor.dk\/","logo":{"@type":"ImageObject","inLanguage":"sv-SE","@id":"https:\/\/grontkontor.dk\/#\/schema\/logo\/image\/","url":"https:\/\/grontkontor.dk\/wp-content\/uploads\/2014\/02\/Logo_groent_kontor_300x80.png","contentUrl":"https:\/\/grontkontor.dk\/wp-content\/uploads\/2014\/02\/Logo_groent_kontor_300x80.png","width":300,"height":80,"caption":"Gr\u00f8nt Kontor"},"image":{"@id":"https:\/\/grontkontor.dk\/#\/schema\/logo\/image\/"},"sameAs":["https:\/\/www.facebook.com\/grontkontor.dk\/"]}]}},"_links":{"self":[{"href":"https:\/\/grontkontor.dk\/sv\/wp-json\/wp\/v2\/product\/122490"}],"collection":[{"href":"https:\/\/grontkontor.dk\/sv\/wp-json\/wp\/v2\/product"}],"about":[{"href":"https:\/\/grontkontor.dk\/sv\/wp-json\/wp\/v2\/types\/product"}],"replies":[{"embeddable":true,"href":"https:\/\/grontkontor.dk\/sv\/wp-json\/wp\/v2\/comments?post=122490"}],"wp:featuredmedia":[{"embeddable":true,"href":"https:\/\/grontkontor.dk\/sv\/wp-json\/wp\/v2\/media\/122500"}],"wp:attachment":[{"href":"https:\/\/grontkontor.dk\/sv\/wp-json\/wp\/v2\/media?parent=122490"}],"wp:term":[{"taxonomy":"product_cat","embeddable":true,"href":"https:\/\/grontkontor.dk\/sv\/wp-json\/wp\/v2\/product_cat?post=122490"},{"taxonomy":"product_tag","embeddable":true,"href":"https:\/\/grontkontor.dk\/sv\/wp-json\/wp\/v2\/product_tag?post=122490"}],"curies":[{"name":"wp","href":"https:\/\/api.w.org\/{rel}","templated":true}]}}