{"id":122687,"date":"2025-04-07T15:15:18","date_gmt":"2025-04-07T13:15:25","guid":{"rendered":"https:\/\/grontkontor.dk\/?post_type=product&#038;p=122687"},"modified":"2025-05-07T15:58:29","modified_gmt":"2025-05-07T13:58:29","slug":"mulepose-genanvendt-bomuld-180-gsm","status":"publish","type":"product","link":"https:\/\/grontkontor.dk\/sv\/shop\/mulepose-genanvendt-bomuld-180-gsm\/","title":{"rendered":"Tygkasse \u00e5tervunnen bomull 180 g\/m\u00b2"},"content":{"rendered":"<p>Klimatv\u00e4nlig tygkasse tillverkad av 100% \u00e5tervunnen GRS-certifierad bomull. Kvalitet: 180 g\/m\u00b2. Tygp\u00e5sen har en lastkapacitet p\u00e5 upp till 7 kg. Utrustad med extra l\u00e5nga handtag. En fin milj\u00f6v\u00e4nlig f\u00f6retagspresent, l\u00e4mplig f\u00f6r att hantera dina \u00e5h\u00f6rarkopior p\u00e5 en m\u00e4ssa eller ett evenemang. M\u00f6jlighet att skriva ut p\u00e5 en eller b\u00e5da sidor.<\/p>\n<p>Bomull \u00e4r en biologiskt nedbrytbar och komposterbar naturprodukt och en av v\u00e4rldens \u00e4ldsta handels- och jordbruksvaror. \u00c5tervunnen bomull \u00e4r mindre belastande f\u00f6r klimatet \u00e4n konventionell eller ekologisk bomull och s\u00e4rskiljer sig speciellt genom att f\u00f6rl\u00e4nga bomullsprodukters levnadstid och p\u00e5 s\u00e5 vis fungera som CO2 lager f\u00f6r redan producerad bomull.  Global Recycled Standard certificeringen garanterar att man \u00e5tervunnet minst 50% av materialet i en slutprodukt. GRS \u00e4r dessutom en garanti f\u00f6r goda arbetsvillkor och minimalt inneh\u00e5ll av skatlig kemi. <\/p>\n<p>&nbsp;<\/p>\n<p><a href=\"https:\/\/textileexchange.org\/standards\/recycled-claim-standard-global-recycled-standard\/\"><img loading=\"lazy\" decoding=\"async\" src=\"https:\/\/grontkontor.dk\/wp-content\/uploads\/2021\/06\/global-recycled-standard-1.jpg\" alt=\"Global recycled standard\" width=\"50\" height=\"50\" class=\"size-full wp-image-25504\" \/> <\/a> <img loading=\"lazy\" decoding=\"async\" src=\"https:\/\/grontkontor.dk\/wp-content\/uploads\/2021\/02\/genbrug.jpg\" alt=\"Fremstillet af genbrugsmaterialer\" width=\"50\" height=\"50\" class=\"size-full wp-image-23031\" srcset=\"https:\/\/grontkontor.dk\/wp-content\/uploads\/2021\/02\/genbrug.jpg 199w, https:\/\/grontkontor.dk\/wp-content\/uploads\/2021\/02\/genbrug-100x100.jpg 100w\" sizes=\"(max-width: 50px) 100vw, 50px\" \/><\/p>\n","protected":false},"excerpt":{"rendered":"<p>Klimatv\u00e4nlig tygkasse tillverkad av 100% \u00e5tervunnen GRS-certifierad bomull. Kvalitet: 180 g\/m\u00b2. Tygp\u00e5sen har en lastkapacitet p\u00e5 upp till 7 kg. Utrustad med extra l\u00e5nga handtag. En fin milj\u00f6v\u00e4nlig f\u00f6retagspresent, l\u00e4mplig f\u00f6r att hantera dina \u00e5h\u00f6rarkopior p\u00e5 en m\u00e4ssa eller ett evenemang. M\u00f6jlighet att skriva ut p\u00e5 en eller b\u00e5da sidor. &nbsp;<\/p>\n","protected":false},"featured_media":122724,"comment_status":"closed","ping_status":"closed","template":"","meta":{"_acf_changed":false},"product_cat":[4448,1362,2107,867,2394,675],"product_tag":[4694,1374,4695,1363,4627,1366,4696,4699,4698,4697],"class_list":{"0":"post-122687","1":"product","2":"type-product","3":"status-publish","4":"has-post-thumbnail","6":"product_cat-presentpaasar-och-presentfoerpackningar","7":"product_cat-tygpaasar","8":"product_cat-dummy-moq-1-sv","9":"product_cat-miljovaenliga-foretagspresenter","10":"product_cat-nyheter","11":"product_cat-vaeskor-och-fodral","12":"product_tag-bomullspaasar","13":"product_tag-bomuldspose-sv","14":"product_tag-baerkassar","15":"product_tag-baerepose-sv","16":"product_tag-shoppingvaeska","17":"product_tag-mulepose-sv","18":"product_tag-tygpaasar-sv","19":"product_tag-varukorg-sv","20":"product_tag-aatervunnen-tygkasse-sv","21":"product_tag-aatervunnen-tygkasse","22":"tm-has-options","24":"first","25":"instock","26":"sale","27":"taxable","28":"shipping-taxable","29":"purchasable","30":"product-type-simple"},"acf":[],"yoast_head":"<!-- This site is optimized with the Yoast SEO Premium plugin v21.2 (Yoast SEO v21.2) - https:\/\/yoast.com\/wordpress\/plugins\/seo\/ -->\n<title>Tygkasse \u00e5tervunnen bomull 180 g\/m\u00b2 - Gr\u00f8nt Kontor<\/title>\n<meta name=\"robots\" content=\"index, follow, max-snippet:-1, max-image-preview:large, max-video-preview:-1\" \/>\n<link rel=\"canonical\" href=\"https:\/\/grontkontor.dk\/shop\/mulepose-genanvendt-bomuld-180-gsm\/\" \/>\n<meta property=\"og:locale\" content=\"sv_SE\" \/>\n<meta property=\"og:type\" content=\"article\" \/>\n<meta property=\"og:title\" content=\"Tygkasse \u00e5tervunnen bomull 180 g\/m\u00b2\" \/>\n<meta property=\"og:description\" content=\"Klimatv\u00e4nlig tygkasse tillverkad av 100% \u00e5tervunnen GRS-certifierad bomull. Kvalitet: 180 g\/m\u00b2. Tygp\u00e5sen har en lastkapacitet p\u00e5 upp till 7 kg. Utrustad med extra l\u00e5nga handtag. En fin milj\u00f6v\u00e4nlig f\u00f6retagspresent, l\u00e4mplig f\u00f6r att hantera dina \u00e5h\u00f6rarkopior p\u00e5 en m\u00e4ssa eller ett evenemang. M\u00f6jlighet att skriva ut p\u00e5 en eller b\u00e5da sidor. &nbsp;\" \/>\n<meta property=\"og:url\" content=\"https:\/\/grontkontor.dk\/shop\/mulepose-genanvendt-bomuld-180-gsm\/\" \/>\n<meta property=\"og:site_name\" content=\"Gr\u00f8nt Kontor\" \/>\n<meta property=\"article:publisher\" content=\"https:\/\/www.facebook.com\/grontkontor.dk\/\" \/>\n<meta property=\"article:modified_time\" content=\"2025-05-07T13:58:29+00:00\" \/>\n<meta property=\"og:image\" content=\"https:\/\/grontkontor.dk\/wp-content\/uploads\/2025\/04\/Klimavenlig-mulepose-genanvendt-bomuld-180-gsm.jpg\" \/>\n\t<meta property=\"og:image:width\" content=\"900\" \/>\n\t<meta property=\"og:image:height\" content=\"639\" \/>\n\t<meta property=\"og:image:type\" content=\"image\/jpeg\" \/>\n<meta name=\"twitter:card\" content=\"summary_large_image\" \/>\n<script type=\"application\/ld+json\" class=\"yoast-schema-graph\">{\"@context\":\"https:\/\/schema.org\",\"@graph\":[{\"@type\":\"WebPage\",\"@id\":\"https:\/\/grontkontor.dk\/shop\/mulepose-genanvendt-bomuld-180-gsm\/\",\"url\":\"https:\/\/grontkontor.dk\/shop\/mulepose-genanvendt-bomuld-180-gsm\/\",\"name\":\"Tygkasse \u00e5tervunnen bomull 180 g\/m\u00b2 - Gr\u00f8nt Kontor\",\"isPartOf\":{\"@id\":\"https:\/\/grontkontor.dk\/#website\"},\"datePublished\":\"2025-04-07T13:15:25+00:00\",\"dateModified\":\"2025-05-07T13:58:29+00:00\",\"breadcrumb\":{\"@id\":\"https:\/\/grontkontor.dk\/shop\/mulepose-genanvendt-bomuld-180-gsm\/#breadcrumb\"},\"inLanguage\":\"sv-SE\",\"potentialAction\":[{\"@type\":\"ReadAction\",\"target\":[\"https:\/\/grontkontor.dk\/shop\/mulepose-genanvendt-bomuld-180-gsm\/\"]}]},{\"@type\":\"BreadcrumbList\",\"@id\":\"https:\/\/grontkontor.dk\/shop\/mulepose-genanvendt-bomuld-180-gsm\/#breadcrumb\",\"itemListElement\":[{\"@type\":\"ListItem\",\"position\":1,\"name\":\"Forside\",\"item\":\"https:\/\/grontkontor.dk\/\"},{\"@type\":\"ListItem\",\"position\":2,\"name\":\"Shop\",\"item\":\"https:\/\/grontkontor.dk\/sv\/shop\/\"},{\"@type\":\"ListItem\",\"position\":3,\"name\":\"Klimatsmarta f\u00f6retagspresenter\",\"item\":\"https:\/\/grontkontor.dk\/sv\/produkt-kategori\/miljovaenliga-foretagspresenter\/\"},{\"@type\":\"ListItem\",\"position\":4,\"name\":\"Presentp\u00e5sar och presentf\u00f6rpackningar\",\"item\":\"https:\/\/grontkontor.dk\/sv\/produkt-kategori\/miljovaenliga-foretagspresenter\/presentpaasar-och-presentfoerpackningar\/\"},{\"@type\":\"ListItem\",\"position\":5,\"name\":\"Tygkasse \u00e5tervunnen bomull 180 g\/m\u00b2\"}]},{\"@type\":\"WebSite\",\"@id\":\"https:\/\/grontkontor.dk\/#website\",\"url\":\"https:\/\/grontkontor.dk\/\",\"name\":\"Gr\u00f8nt Kontor\",\"description\":\"Milj\u00f8venlige produkter til kontor og erhverv med fokus p\u00e5 b\u00e6redygtighed, design og fair trade.\",\"publisher\":{\"@id\":\"https:\/\/grontkontor.dk\/#organization\"},\"potentialAction\":[{\"@type\":\"SearchAction\",\"target\":{\"@type\":\"EntryPoint\",\"urlTemplate\":\"https:\/\/grontkontor.dk\/?s={search_term_string}\"},\"query-input\":\"required name=search_term_string\"}],\"inLanguage\":\"sv-SE\"},{\"@type\":\"Organization\",\"@id\":\"https:\/\/grontkontor.dk\/#organization\",\"name\":\"Gr\u00f8nt Kontor\",\"url\":\"https:\/\/grontkontor.dk\/\",\"logo\":{\"@type\":\"ImageObject\",\"inLanguage\":\"sv-SE\",\"@id\":\"https:\/\/grontkontor.dk\/#\/schema\/logo\/image\/\",\"url\":\"https:\/\/grontkontor.dk\/wp-content\/uploads\/2014\/02\/Logo_groent_kontor_300x80.png\",\"contentUrl\":\"https:\/\/grontkontor.dk\/wp-content\/uploads\/2014\/02\/Logo_groent_kontor_300x80.png\",\"width\":300,\"height\":80,\"caption\":\"Gr\u00f8nt Kontor\"},\"image\":{\"@id\":\"https:\/\/grontkontor.dk\/#\/schema\/logo\/image\/\"},\"sameAs\":[\"https:\/\/www.facebook.com\/grontkontor.dk\/\"]}]}<\/script>\n<!-- \/ Yoast SEO Premium plugin. -->","yoast_head_json":{"title":"Tygkasse \u00e5tervunnen bomull 180 g\/m\u00b2 - Gr\u00f8nt Kontor","robots":{"index":"index","follow":"follow","max-snippet":"max-snippet:-1","max-image-preview":"max-image-preview:large","max-video-preview":"max-video-preview:-1"},"canonical":"https:\/\/grontkontor.dk\/shop\/mulepose-genanvendt-bomuld-180-gsm\/","og_locale":"sv_SE","og_type":"article","og_title":"Tygkasse \u00e5tervunnen bomull 180 g\/m\u00b2","og_description":"Klimatv\u00e4nlig tygkasse tillverkad av 100% \u00e5tervunnen GRS-certifierad bomull. Kvalitet: 180 g\/m\u00b2. Tygp\u00e5sen har en lastkapacitet p\u00e5 upp till 7 kg. Utrustad med extra l\u00e5nga handtag. En fin milj\u00f6v\u00e4nlig f\u00f6retagspresent, l\u00e4mplig f\u00f6r att hantera dina \u00e5h\u00f6rarkopior p\u00e5 en m\u00e4ssa eller ett evenemang. M\u00f6jlighet att skriva ut p\u00e5 en eller b\u00e5da sidor. &nbsp;","og_url":"https:\/\/grontkontor.dk\/shop\/mulepose-genanvendt-bomuld-180-gsm\/","og_site_name":"Gr\u00f8nt Kontor","article_publisher":"https:\/\/www.facebook.com\/grontkontor.dk\/","article_modified_time":"2025-05-07T13:58:29+00:00","og_image":[{"width":900,"height":639,"url":"https:\/\/grontkontor.dk\/wp-content\/uploads\/2025\/04\/Klimavenlig-mulepose-genanvendt-bomuld-180-gsm.jpg","type":"image\/jpeg"}],"twitter_card":"summary_large_image","schema":{"@context":"https:\/\/schema.org","@graph":[{"@type":"WebPage","@id":"https:\/\/grontkontor.dk\/shop\/mulepose-genanvendt-bomuld-180-gsm\/","url":"https:\/\/grontkontor.dk\/shop\/mulepose-genanvendt-bomuld-180-gsm\/","name":"Tygkasse \u00e5tervunnen bomull 180 g\/m\u00b2 - Gr\u00f8nt Kontor","isPartOf":{"@id":"https:\/\/grontkontor.dk\/#website"},"datePublished":"2025-04-07T13:15:25+00:00","dateModified":"2025-05-07T13:58:29+00:00","breadcrumb":{"@id":"https:\/\/grontkontor.dk\/shop\/mulepose-genanvendt-bomuld-180-gsm\/#breadcrumb"},"inLanguage":"sv-SE","potentialAction":[{"@type":"ReadAction","target":["https:\/\/grontkontor.dk\/shop\/mulepose-genanvendt-bomuld-180-gsm\/"]}]},{"@type":"BreadcrumbList","@id":"https:\/\/grontkontor.dk\/shop\/mulepose-genanvendt-bomuld-180-gsm\/#breadcrumb","itemListElement":[{"@type":"ListItem","position":1,"name":"Forside","item":"https:\/\/grontkontor.dk\/"},{"@type":"ListItem","position":2,"name":"Shop","item":"https:\/\/grontkontor.dk\/sv\/shop\/"},{"@type":"ListItem","position":3,"name":"Klimatsmarta f\u00f6retagspresenter","item":"https:\/\/grontkontor.dk\/sv\/produkt-kategori\/miljovaenliga-foretagspresenter\/"},{"@type":"ListItem","position":4,"name":"Presentp\u00e5sar och presentf\u00f6rpackningar","item":"https:\/\/grontkontor.dk\/sv\/produkt-kategori\/miljovaenliga-foretagspresenter\/presentpaasar-och-presentfoerpackningar\/"},{"@type":"ListItem","position":5,"name":"Tygkasse \u00e5tervunnen bomull 180 g\/m\u00b2"}]},{"@type":"WebSite","@id":"https:\/\/grontkontor.dk\/#website","url":"https:\/\/grontkontor.dk\/","name":"Gr\u00f8nt Kontor","description":"Milj\u00f8venlige produkter til kontor og erhverv med fokus p\u00e5 b\u00e6redygtighed, design og fair trade.","publisher":{"@id":"https:\/\/grontkontor.dk\/#organization"},"potentialAction":[{"@type":"SearchAction","target":{"@type":"EntryPoint","urlTemplate":"https:\/\/grontkontor.dk\/?s={search_term_string}"},"query-input":"required name=search_term_string"}],"inLanguage":"sv-SE"},{"@type":"Organization","@id":"https:\/\/grontkontor.dk\/#organization","name":"Gr\u00f8nt Kontor","url":"https:\/\/grontkontor.dk\/","logo":{"@type":"ImageObject","inLanguage":"sv-SE","@id":"https:\/\/grontkontor.dk\/#\/schema\/logo\/image\/","url":"https:\/\/grontkontor.dk\/wp-content\/uploads\/2014\/02\/Logo_groent_kontor_300x80.png","contentUrl":"https:\/\/grontkontor.dk\/wp-content\/uploads\/2014\/02\/Logo_groent_kontor_300x80.png","width":300,"height":80,"caption":"Gr\u00f8nt Kontor"},"image":{"@id":"https:\/\/grontkontor.dk\/#\/schema\/logo\/image\/"},"sameAs":["https:\/\/www.facebook.com\/grontkontor.dk\/"]}]}},"_links":{"self":[{"href":"https:\/\/grontkontor.dk\/sv\/wp-json\/wp\/v2\/product\/122687"}],"collection":[{"href":"https:\/\/grontkontor.dk\/sv\/wp-json\/wp\/v2\/product"}],"about":[{"href":"https:\/\/grontkontor.dk\/sv\/wp-json\/wp\/v2\/types\/product"}],"replies":[{"embeddable":true,"href":"https:\/\/grontkontor.dk\/sv\/wp-json\/wp\/v2\/comments?post=122687"}],"wp:featuredmedia":[{"embeddable":true,"href":"https:\/\/grontkontor.dk\/sv\/wp-json\/wp\/v2\/media\/122724"}],"wp:attachment":[{"href":"https:\/\/grontkontor.dk\/sv\/wp-json\/wp\/v2\/media?parent=122687"}],"wp:term":[{"taxonomy":"product_cat","embeddable":true,"href":"https:\/\/grontkontor.dk\/sv\/wp-json\/wp\/v2\/product_cat?post=122687"},{"taxonomy":"product_tag","embeddable":true,"href":"https:\/\/grontkontor.dk\/sv\/wp-json\/wp\/v2\/product_tag?post=122687"}],"curies":[{"name":"wp","href":"https:\/\/api.w.org\/{rel}","templated":true}]}}