{"id":123988,"date":"2025-05-06T12:56:34","date_gmt":"2025-05-06T10:56:37","guid":{"rendered":"https:\/\/grontkontor.dk\/?post_type=product&#038;p=123988"},"modified":"2025-05-07T15:56:15","modified_gmt":"2025-05-07T13:56:15","slug":"gro-en-solsikke-i-urtepotte","status":"publish","type":"product","link":"https:\/\/grontkontor.dk\/sv\/shop\/gro-en-solsikke-i-urtepotte\/","title":{"rendered":"Odla en solros i en blomkruka"},"content":{"rendered":"<p>Blomkruka med solrosfr\u00f6n. Plantera en klimatv\u00e4nlig blomma och g\u00f6r planeten gr\u00f6nare. L\u00e4mplig som en milj\u00f6v\u00e4nlig f\u00f6retagspresent. Perfekt storlek f\u00f6r att skapa en gr\u00f6n atmosf\u00e4r p\u00e5 kontoret.<\/p>\n<p>Paketet inneh\u00e5ller allt du beh\u00f6ver f\u00f6r att odla din egen lilla solros i krukv\u00e4xt. Perfekt f\u00f6r f\u00f6nsterbr\u00e4dan eller skrivbordet. Fr\u00f6n, torvpellets\/odlingsmedium s\u00e5 att du inte beh\u00f6ver jord och terrakottakruka.<\/p>\n<p>Best\u00e4ll minst 100 stycken.<\/p>\n<img loading=\"lazy\" decoding=\"async\" class=\"size-medium wp-image-21008\" src=\"https:\/\/grontkontor.dk\/wp-content\/uploads\/2020\/11\/eu-flag_1-300x199.jpg\" alt=\"Fremstillet i EU\" width=\"76\" height=\"50\" srcset=\"https:\/\/grontkontor.dk\/wp-content\/uploads\/2020\/11\/eu-flag_1-300x199.jpg 300w, https:\/\/grontkontor.dk\/wp-content\/uploads\/2020\/11\/eu-flag_1.jpg 530w\" sizes=\"(max-width: 76px) 100vw, 76px\" \/>\n<p>&nbsp;<\/p>\n","protected":false},"excerpt":{"rendered":"<p>Blomkruka med solrosfr\u00f6n. Plantera en klimatv\u00e4nlig blomma och g\u00f6r planeten gr\u00f6nare. L\u00e4mplig som en milj\u00f6v\u00e4nlig f\u00f6retagspresent. Perfekt storlek f\u00f6r att skapa en gr\u00f6n atmosf\u00e4r p\u00e5 kontoret. Paketet inneh\u00e5ller allt du beh\u00f6ver f\u00f6r att odla din egen lilla solros i krukv\u00e4xt. Perfekt f\u00f6r f\u00f6nsterbr\u00e4dan eller skrivbordet. Fr\u00f6n, torvpellets\/odlingsmedium s\u00e5 att du inte beh\u00f6ver jord och terrakottakruka. [&hellip;]<\/p>\n","protected":false},"featured_media":14234,"comment_status":"closed","ping_status":"closed","template":"","meta":{"_acf_changed":false},"product_cat":[2123,867,1854,1863],"product_tag":[1865,1864],"class_list":{"0":"post-123988","1":"product","2":"type-product","3":"status-publish","4":"has-post-thumbnail","6":"product_cat-dummy-moq-50-100-sv","7":"product_cat-miljovaenliga-foretagspresenter","8":"product_cat-produkt-serier-se","9":"product_cat-vaext-gaavor","10":"product_tag-urtepotte-sv","11":"product_tag-plantegave-sv","12":"tm-has-options","14":"first","15":"instock","16":"taxable","17":"shipping-taxable","18":"purchasable","19":"product-type-simple"},"acf":[],"yoast_head":"<!-- This site is optimized with the Yoast SEO Premium plugin v21.2 (Yoast SEO v21.2) - https:\/\/yoast.com\/wordpress\/plugins\/seo\/ -->\n<title>Odla en solros i en blomkruka - Gr\u00f8nt Kontor<\/title>\n<meta name=\"robots\" content=\"index, follow, max-snippet:-1, max-image-preview:large, max-video-preview:-1\" \/>\n<link rel=\"canonical\" href=\"https:\/\/grontkontor.dk\/sv\/shop\/gro-en-solsikke-i-urtepotte\/\" \/>\n<meta property=\"og:locale\" content=\"sv_SE\" \/>\n<meta property=\"og:type\" content=\"article\" \/>\n<meta property=\"og:title\" content=\"Odla en solros i en blomkruka\" \/>\n<meta property=\"og:description\" content=\"Blomkruka med solrosfr\u00f6n. Plantera en klimatv\u00e4nlig blomma och g\u00f6r planeten gr\u00f6nare. L\u00e4mplig som en milj\u00f6v\u00e4nlig f\u00f6retagspresent. Perfekt storlek f\u00f6r att skapa en gr\u00f6n atmosf\u00e4r p\u00e5 kontoret. Paketet inneh\u00e5ller allt du beh\u00f6ver f\u00f6r att odla din egen lilla solros i krukv\u00e4xt. Perfekt f\u00f6r f\u00f6nsterbr\u00e4dan eller skrivbordet. Fr\u00f6n, torvpellets\/odlingsmedium s\u00e5 att du inte beh\u00f6ver jord och terrakottakruka. [&hellip;]\" \/>\n<meta property=\"og:url\" content=\"https:\/\/grontkontor.dk\/sv\/shop\/gro-en-solsikke-i-urtepotte\/\" \/>\n<meta property=\"og:site_name\" content=\"Gr\u00f8nt Kontor\" \/>\n<meta property=\"article:publisher\" content=\"https:\/\/www.facebook.com\/grontkontor.dk\/\" \/>\n<meta property=\"article:modified_time\" content=\"2025-05-07T13:56:15+00:00\" \/>\n<meta property=\"og:image\" content=\"https:\/\/grontkontor.dk\/wp-content\/uploads\/2019\/09\/urtepotte-med-logotryk-small-001.jpg\" \/>\n\t<meta property=\"og:image:width\" content=\"800\" \/>\n\t<meta property=\"og:image:height\" content=\"568\" \/>\n\t<meta property=\"og:image:type\" content=\"image\/jpeg\" \/>\n<meta name=\"twitter:card\" content=\"summary_large_image\" \/>\n<script type=\"application\/ld+json\" class=\"yoast-schema-graph\">{\"@context\":\"https:\/\/schema.org\",\"@graph\":[{\"@type\":\"WebPage\",\"@id\":\"https:\/\/grontkontor.dk\/sv\/shop\/gro-en-solsikke-i-urtepotte\/\",\"url\":\"https:\/\/grontkontor.dk\/sv\/shop\/gro-en-solsikke-i-urtepotte\/\",\"name\":\"Odla en solros i en blomkruka - Gr\u00f8nt Kontor\",\"isPartOf\":{\"@id\":\"https:\/\/grontkontor.dk\/#website\"},\"datePublished\":\"2025-05-06T10:56:37+00:00\",\"dateModified\":\"2025-05-07T13:56:15+00:00\",\"breadcrumb\":{\"@id\":\"https:\/\/grontkontor.dk\/sv\/shop\/gro-en-solsikke-i-urtepotte\/#breadcrumb\"},\"inLanguage\":\"sv-SE\",\"potentialAction\":[{\"@type\":\"ReadAction\",\"target\":[\"https:\/\/grontkontor.dk\/sv\/shop\/gro-en-solsikke-i-urtepotte\/\"]}]},{\"@type\":\"BreadcrumbList\",\"@id\":\"https:\/\/grontkontor.dk\/sv\/shop\/gro-en-solsikke-i-urtepotte\/#breadcrumb\",\"itemListElement\":[{\"@type\":\"ListItem\",\"position\":1,\"name\":\"Forside\",\"item\":\"https:\/\/grontkontor.dk\/\"},{\"@type\":\"ListItem\",\"position\":2,\"name\":\"Shop\",\"item\":\"https:\/\/grontkontor.dk\/sv\/shop\/\"},{\"@type\":\"ListItem\",\"position\":3,\"name\":\"Produktserier\",\"item\":\"https:\/\/grontkontor.dk\/produkt-kategori\/produktserier-da\/\"},{\"@type\":\"ListItem\",\"position\":4,\"name\":\"Odla en solros i en blomkruka\"}]},{\"@type\":\"WebSite\",\"@id\":\"https:\/\/grontkontor.dk\/#website\",\"url\":\"https:\/\/grontkontor.dk\/\",\"name\":\"Gr\u00f8nt Kontor\",\"description\":\"Milj\u00f8venlige produkter til kontor og erhverv med fokus p\u00e5 b\u00e6redygtighed, design og fair trade.\",\"publisher\":{\"@id\":\"https:\/\/grontkontor.dk\/#organization\"},\"potentialAction\":[{\"@type\":\"SearchAction\",\"target\":{\"@type\":\"EntryPoint\",\"urlTemplate\":\"https:\/\/grontkontor.dk\/?s={search_term_string}\"},\"query-input\":\"required name=search_term_string\"}],\"inLanguage\":\"sv-SE\"},{\"@type\":\"Organization\",\"@id\":\"https:\/\/grontkontor.dk\/#organization\",\"name\":\"Gr\u00f8nt Kontor\",\"url\":\"https:\/\/grontkontor.dk\/\",\"logo\":{\"@type\":\"ImageObject\",\"inLanguage\":\"sv-SE\",\"@id\":\"https:\/\/grontkontor.dk\/#\/schema\/logo\/image\/\",\"url\":\"https:\/\/grontkontor.dk\/wp-content\/uploads\/2014\/02\/Logo_groent_kontor_300x80.png\",\"contentUrl\":\"https:\/\/grontkontor.dk\/wp-content\/uploads\/2014\/02\/Logo_groent_kontor_300x80.png\",\"width\":300,\"height\":80,\"caption\":\"Gr\u00f8nt Kontor\"},\"image\":{\"@id\":\"https:\/\/grontkontor.dk\/#\/schema\/logo\/image\/\"},\"sameAs\":[\"https:\/\/www.facebook.com\/grontkontor.dk\/\"]}]}<\/script>\n<!-- \/ Yoast SEO Premium plugin. -->","yoast_head_json":{"title":"Odla en solros i en blomkruka - Gr\u00f8nt Kontor","robots":{"index":"index","follow":"follow","max-snippet":"max-snippet:-1","max-image-preview":"max-image-preview:large","max-video-preview":"max-video-preview:-1"},"canonical":"https:\/\/grontkontor.dk\/sv\/shop\/gro-en-solsikke-i-urtepotte\/","og_locale":"sv_SE","og_type":"article","og_title":"Odla en solros i en blomkruka","og_description":"Blomkruka med solrosfr\u00f6n. Plantera en klimatv\u00e4nlig blomma och g\u00f6r planeten gr\u00f6nare. L\u00e4mplig som en milj\u00f6v\u00e4nlig f\u00f6retagspresent. Perfekt storlek f\u00f6r att skapa en gr\u00f6n atmosf\u00e4r p\u00e5 kontoret. Paketet inneh\u00e5ller allt du beh\u00f6ver f\u00f6r att odla din egen lilla solros i krukv\u00e4xt. Perfekt f\u00f6r f\u00f6nsterbr\u00e4dan eller skrivbordet. Fr\u00f6n, torvpellets\/odlingsmedium s\u00e5 att du inte beh\u00f6ver jord och terrakottakruka. [&hellip;]","og_url":"https:\/\/grontkontor.dk\/sv\/shop\/gro-en-solsikke-i-urtepotte\/","og_site_name":"Gr\u00f8nt Kontor","article_publisher":"https:\/\/www.facebook.com\/grontkontor.dk\/","article_modified_time":"2025-05-07T13:56:15+00:00","og_image":[{"width":800,"height":568,"url":"https:\/\/grontkontor.dk\/wp-content\/uploads\/2019\/09\/urtepotte-med-logotryk-small-001.jpg","type":"image\/jpeg"}],"twitter_card":"summary_large_image","schema":{"@context":"https:\/\/schema.org","@graph":[{"@type":"WebPage","@id":"https:\/\/grontkontor.dk\/sv\/shop\/gro-en-solsikke-i-urtepotte\/","url":"https:\/\/grontkontor.dk\/sv\/shop\/gro-en-solsikke-i-urtepotte\/","name":"Odla en solros i en blomkruka - Gr\u00f8nt Kontor","isPartOf":{"@id":"https:\/\/grontkontor.dk\/#website"},"datePublished":"2025-05-06T10:56:37+00:00","dateModified":"2025-05-07T13:56:15+00:00","breadcrumb":{"@id":"https:\/\/grontkontor.dk\/sv\/shop\/gro-en-solsikke-i-urtepotte\/#breadcrumb"},"inLanguage":"sv-SE","potentialAction":[{"@type":"ReadAction","target":["https:\/\/grontkontor.dk\/sv\/shop\/gro-en-solsikke-i-urtepotte\/"]}]},{"@type":"BreadcrumbList","@id":"https:\/\/grontkontor.dk\/sv\/shop\/gro-en-solsikke-i-urtepotte\/#breadcrumb","itemListElement":[{"@type":"ListItem","position":1,"name":"Forside","item":"https:\/\/grontkontor.dk\/"},{"@type":"ListItem","position":2,"name":"Shop","item":"https:\/\/grontkontor.dk\/sv\/shop\/"},{"@type":"ListItem","position":3,"name":"Produktserier","item":"https:\/\/grontkontor.dk\/produkt-kategori\/produktserier-da\/"},{"@type":"ListItem","position":4,"name":"Odla en solros i en blomkruka"}]},{"@type":"WebSite","@id":"https:\/\/grontkontor.dk\/#website","url":"https:\/\/grontkontor.dk\/","name":"Gr\u00f8nt Kontor","description":"Milj\u00f8venlige produkter til kontor og erhverv med fokus p\u00e5 b\u00e6redygtighed, design og fair trade.","publisher":{"@id":"https:\/\/grontkontor.dk\/#organization"},"potentialAction":[{"@type":"SearchAction","target":{"@type":"EntryPoint","urlTemplate":"https:\/\/grontkontor.dk\/?s={search_term_string}"},"query-input":"required name=search_term_string"}],"inLanguage":"sv-SE"},{"@type":"Organization","@id":"https:\/\/grontkontor.dk\/#organization","name":"Gr\u00f8nt Kontor","url":"https:\/\/grontkontor.dk\/","logo":{"@type":"ImageObject","inLanguage":"sv-SE","@id":"https:\/\/grontkontor.dk\/#\/schema\/logo\/image\/","url":"https:\/\/grontkontor.dk\/wp-content\/uploads\/2014\/02\/Logo_groent_kontor_300x80.png","contentUrl":"https:\/\/grontkontor.dk\/wp-content\/uploads\/2014\/02\/Logo_groent_kontor_300x80.png","width":300,"height":80,"caption":"Gr\u00f8nt Kontor"},"image":{"@id":"https:\/\/grontkontor.dk\/#\/schema\/logo\/image\/"},"sameAs":["https:\/\/www.facebook.com\/grontkontor.dk\/"]}]}},"_links":{"self":[{"href":"https:\/\/grontkontor.dk\/sv\/wp-json\/wp\/v2\/product\/123988"}],"collection":[{"href":"https:\/\/grontkontor.dk\/sv\/wp-json\/wp\/v2\/product"}],"about":[{"href":"https:\/\/grontkontor.dk\/sv\/wp-json\/wp\/v2\/types\/product"}],"replies":[{"embeddable":true,"href":"https:\/\/grontkontor.dk\/sv\/wp-json\/wp\/v2\/comments?post=123988"}],"wp:featuredmedia":[{"embeddable":true,"href":"https:\/\/grontkontor.dk\/sv\/wp-json\/wp\/v2\/media\/14234"}],"wp:attachment":[{"href":"https:\/\/grontkontor.dk\/sv\/wp-json\/wp\/v2\/media?parent=123988"}],"wp:term":[{"taxonomy":"product_cat","embeddable":true,"href":"https:\/\/grontkontor.dk\/sv\/wp-json\/wp\/v2\/product_cat?post=123988"},{"taxonomy":"product_tag","embeddable":true,"href":"https:\/\/grontkontor.dk\/sv\/wp-json\/wp\/v2\/product_tag?post=123988"}],"curies":[{"name":"wp","href":"https:\/\/api.w.org\/{rel}","templated":true}]}}