{"id":124128,"date":"2025-05-06T13:39:50","date_gmt":"2025-05-06T11:39:52","guid":{"rendered":"https:\/\/grontkontor.dk\/?post_type=product&#038;p=124128"},"modified":"2025-05-07T15:56:23","modified_gmt":"2025-05-07T13:56:23","slug":"notesbog-af-kaffegrums-og-kork","status":"publish","type":"product","link":"https:\/\/grontkontor.dk\/sv\/shop\/notesbog-af-kaffegrums-og-kork\/","title":{"rendered":"Anteckningsbok med kaffesump och kork"},"content":{"rendered":"<p data-pm-slice=\"0 0 []\">Klimatsmart anteckningsblock i A5-format med h\u00e5rd p\u00e4rm av kaffesump och kork. Inneh\u00e5ller 160 linjerade sidor av \u00e5tervunnet papper. <\/p>\n<p data-pm-slice=\"0 0 []\">Perfekt som en handout \/ giveaway f\u00f6r studentm\u00e4ssor, konferenser eller andra evenemang.<\/p>\n<p>Kan levereras med logotryck.<\/p>\nPapper\/kartong tillverkas vanligtvis av \u00e5tervunnet papper eller tr\u00e4, som \u00e4r en f\u00f6rnybar resurs. Papper \u00e4r biologiskt nedbrytbart och \u00e5tervinningsbart upp till ca. 7 g\u00e5nger. \u00c5tervunnet papper, PEFC eller FSC-certifierat papper \u00e4r klart att f\u00f6redra ur milj\u00f6synpunkt. \nKork er et yderst klimavenlig, bionedbrydeligt og komposterbart naturmateriale, der stammer fra korkegen, der gror i hele middelhavsregionen. Kork er en hurtigt regenererende ressource der kan h\u00f8stes hvert \u00e5r p\u00e5 samme tr\u00e6, og er et materiale anbefalet af Verdensnaturfonden. Korkegeskove underst\u00f8tter et af de h\u00f8jeste niveauer af biodiversitet sammenlignet med andre skovtyper. \n<p>&nbsp;<\/p>\n<img loading=\"lazy\" decoding=\"async\" src=\"https:\/\/grontkontor.dk\/wp-content\/uploads\/2021\/02\/genbrug.jpg\" alt=\"Fremstillet af genbrugsmaterialer\" width=\"50\" height=\"50\" class=\"size-full wp-image-23031\" srcset=\"https:\/\/grontkontor.dk\/wp-content\/uploads\/2021\/02\/genbrug.jpg 199w, https:\/\/grontkontor.dk\/wp-content\/uploads\/2021\/02\/genbrug-100x100.jpg 100w\" sizes=\"(max-width: 50px) 100vw, 50px\" \/>\n","protected":false},"excerpt":{"rendered":"<p>Klimatsmart anteckningsblock i A5-format med h\u00e5rd p\u00e4rm av kaffesump och kork. Inneh\u00e5ller 160 linjerade sidor av \u00e5tervunnet papper. Perfekt som en handout \/ giveaway f\u00f6r studentm\u00e4ssor, konferenser eller andra evenemang. Kan levereras med logotryck. &nbsp;<\/p>\n","protected":false},"featured_media":124148,"comment_status":"closed","ping_status":"closed","template":"","meta":{"_acf_changed":false},"product_cat":[664,2107,2394,661],"product_tag":[788,695,789],"class_list":{"0":"post-124128","1":"product","2":"type-product","3":"status-publish","4":"has-post-thumbnail","6":"product_cat-anteckningsboecker","7":"product_cat-dummy-moq-1-sv","8":"product_cat-nyheter","9":"product_cat-papper-och-block","10":"product_tag-skrivblock","11":"product_tag-anteckningsbok","12":"product_tag-anteckningsbocker","13":"pa_farve-blaa-sv","14":"pa_farve-sort-sv","15":"tm-has-options","17":"first","18":"instock","19":"taxable","20":"shipping-taxable","21":"purchasable","22":"product-type-simple"},"acf":[],"yoast_head":"<!-- This site is optimized with the Yoast SEO Premium plugin v21.2 (Yoast SEO v21.2) - https:\/\/yoast.com\/wordpress\/plugins\/seo\/ -->\n<title>Anteckningsbok med kaffesump och kork - Gr\u00f8nt Kontor<\/title>\n<meta name=\"robots\" content=\"index, follow, max-snippet:-1, max-image-preview:large, max-video-preview:-1\" \/>\n<link rel=\"canonical\" href=\"https:\/\/grontkontor.dk\/sv\/shop\/notesbog-af-kaffegrums-og-kork\/\" \/>\n<meta property=\"og:locale\" content=\"sv_SE\" \/>\n<meta property=\"og:type\" content=\"article\" \/>\n<meta property=\"og:title\" content=\"Anteckningsbok med kaffesump och kork\" \/>\n<meta property=\"og:description\" content=\"Klimatsmart anteckningsblock i A5-format med h\u00e5rd p\u00e4rm av kaffesump och kork. Inneh\u00e5ller 160 linjerade sidor av \u00e5tervunnet papper. Perfekt som en handout \/ giveaway f\u00f6r studentm\u00e4ssor, konferenser eller andra evenemang. Kan levereras med logotryck. &nbsp;\" \/>\n<meta property=\"og:url\" content=\"https:\/\/grontkontor.dk\/sv\/shop\/notesbog-af-kaffegrums-og-kork\/\" \/>\n<meta property=\"og:site_name\" content=\"Gr\u00f8nt Kontor\" \/>\n<meta property=\"article:publisher\" content=\"https:\/\/www.facebook.com\/grontkontor.dk\/\" \/>\n<meta property=\"article:modified_time\" content=\"2025-05-07T13:56:23+00:00\" \/>\n<meta property=\"og:image\" content=\"https:\/\/grontkontor.dk\/wp-content\/uploads\/2025\/05\/Klimavenlig-notesbog-i-kaffegrums-og-kork.jpg\" \/>\n\t<meta property=\"og:image:width\" content=\"900\" \/>\n\t<meta property=\"og:image:height\" content=\"639\" \/>\n\t<meta property=\"og:image:type\" content=\"image\/jpeg\" \/>\n<meta name=\"twitter:card\" content=\"summary_large_image\" \/>\n<meta name=\"twitter:label1\" content=\"Ber\u00e4knad l\u00e4stid\" \/>\n\t<meta name=\"twitter:data1\" content=\"1 minut\" \/>\n<script type=\"application\/ld+json\" class=\"yoast-schema-graph\">{\"@context\":\"https:\/\/schema.org\",\"@graph\":[{\"@type\":\"WebPage\",\"@id\":\"https:\/\/grontkontor.dk\/sv\/shop\/notesbog-af-kaffegrums-og-kork\/\",\"url\":\"https:\/\/grontkontor.dk\/sv\/shop\/notesbog-af-kaffegrums-og-kork\/\",\"name\":\"Anteckningsbok med kaffesump och kork - Gr\u00f8nt Kontor\",\"isPartOf\":{\"@id\":\"https:\/\/grontkontor.dk\/#website\"},\"datePublished\":\"2025-05-06T11:39:52+00:00\",\"dateModified\":\"2025-05-07T13:56:23+00:00\",\"breadcrumb\":{\"@id\":\"https:\/\/grontkontor.dk\/sv\/shop\/notesbog-af-kaffegrums-og-kork\/#breadcrumb\"},\"inLanguage\":\"sv-SE\",\"potentialAction\":[{\"@type\":\"ReadAction\",\"target\":[\"https:\/\/grontkontor.dk\/sv\/shop\/notesbog-af-kaffegrums-og-kork\/\"]}]},{\"@type\":\"BreadcrumbList\",\"@id\":\"https:\/\/grontkontor.dk\/sv\/shop\/notesbog-af-kaffegrums-og-kork\/#breadcrumb\",\"itemListElement\":[{\"@type\":\"ListItem\",\"position\":1,\"name\":\"Forside\",\"item\":\"https:\/\/grontkontor.dk\/\"},{\"@type\":\"ListItem\",\"position\":2,\"name\":\"Shop\",\"item\":\"https:\/\/grontkontor.dk\/sv\/shop\/\"},{\"@type\":\"ListItem\",\"position\":3,\"name\":\"Papir og blokke\",\"item\":\"https:\/\/grontkontor.dk\/produkt-kategori\/papir\/\"},{\"@type\":\"ListItem\",\"position\":4,\"name\":\"Notesb\u00f8ger\",\"item\":\"https:\/\/grontkontor.dk\/produkt-kategori\/papir\/notesboeger\/\"},{\"@type\":\"ListItem\",\"position\":5,\"name\":\"Anteckningsbok med kaffesump och kork\"}]},{\"@type\":\"WebSite\",\"@id\":\"https:\/\/grontkontor.dk\/#website\",\"url\":\"https:\/\/grontkontor.dk\/\",\"name\":\"Gr\u00f8nt Kontor\",\"description\":\"Milj\u00f8venlige produkter til kontor og erhverv med fokus p\u00e5 b\u00e6redygtighed, design og fair trade.\",\"publisher\":{\"@id\":\"https:\/\/grontkontor.dk\/#organization\"},\"potentialAction\":[{\"@type\":\"SearchAction\",\"target\":{\"@type\":\"EntryPoint\",\"urlTemplate\":\"https:\/\/grontkontor.dk\/?s={search_term_string}\"},\"query-input\":\"required name=search_term_string\"}],\"inLanguage\":\"sv-SE\"},{\"@type\":\"Organization\",\"@id\":\"https:\/\/grontkontor.dk\/#organization\",\"name\":\"Gr\u00f8nt Kontor\",\"url\":\"https:\/\/grontkontor.dk\/\",\"logo\":{\"@type\":\"ImageObject\",\"inLanguage\":\"sv-SE\",\"@id\":\"https:\/\/grontkontor.dk\/#\/schema\/logo\/image\/\",\"url\":\"https:\/\/grontkontor.dk\/wp-content\/uploads\/2014\/02\/Logo_groent_kontor_300x80.png\",\"contentUrl\":\"https:\/\/grontkontor.dk\/wp-content\/uploads\/2014\/02\/Logo_groent_kontor_300x80.png\",\"width\":300,\"height\":80,\"caption\":\"Gr\u00f8nt Kontor\"},\"image\":{\"@id\":\"https:\/\/grontkontor.dk\/#\/schema\/logo\/image\/\"},\"sameAs\":[\"https:\/\/www.facebook.com\/grontkontor.dk\/\"]}]}<\/script>\n<!-- \/ Yoast SEO Premium plugin. -->","yoast_head_json":{"title":"Anteckningsbok med kaffesump och kork - Gr\u00f8nt Kontor","robots":{"index":"index","follow":"follow","max-snippet":"max-snippet:-1","max-image-preview":"max-image-preview:large","max-video-preview":"max-video-preview:-1"},"canonical":"https:\/\/grontkontor.dk\/sv\/shop\/notesbog-af-kaffegrums-og-kork\/","og_locale":"sv_SE","og_type":"article","og_title":"Anteckningsbok med kaffesump och kork","og_description":"Klimatsmart anteckningsblock i A5-format med h\u00e5rd p\u00e4rm av kaffesump och kork. Inneh\u00e5ller 160 linjerade sidor av \u00e5tervunnet papper. Perfekt som en handout \/ giveaway f\u00f6r studentm\u00e4ssor, konferenser eller andra evenemang. Kan levereras med logotryck. &nbsp;","og_url":"https:\/\/grontkontor.dk\/sv\/shop\/notesbog-af-kaffegrums-og-kork\/","og_site_name":"Gr\u00f8nt Kontor","article_publisher":"https:\/\/www.facebook.com\/grontkontor.dk\/","article_modified_time":"2025-05-07T13:56:23+00:00","og_image":[{"width":900,"height":639,"url":"https:\/\/grontkontor.dk\/wp-content\/uploads\/2025\/05\/Klimavenlig-notesbog-i-kaffegrums-og-kork.jpg","type":"image\/jpeg"}],"twitter_card":"summary_large_image","twitter_misc":{"Ber\u00e4knad l\u00e4stid":"1 minut"},"schema":{"@context":"https:\/\/schema.org","@graph":[{"@type":"WebPage","@id":"https:\/\/grontkontor.dk\/sv\/shop\/notesbog-af-kaffegrums-og-kork\/","url":"https:\/\/grontkontor.dk\/sv\/shop\/notesbog-af-kaffegrums-og-kork\/","name":"Anteckningsbok med kaffesump och kork - Gr\u00f8nt Kontor","isPartOf":{"@id":"https:\/\/grontkontor.dk\/#website"},"datePublished":"2025-05-06T11:39:52+00:00","dateModified":"2025-05-07T13:56:23+00:00","breadcrumb":{"@id":"https:\/\/grontkontor.dk\/sv\/shop\/notesbog-af-kaffegrums-og-kork\/#breadcrumb"},"inLanguage":"sv-SE","potentialAction":[{"@type":"ReadAction","target":["https:\/\/grontkontor.dk\/sv\/shop\/notesbog-af-kaffegrums-og-kork\/"]}]},{"@type":"BreadcrumbList","@id":"https:\/\/grontkontor.dk\/sv\/shop\/notesbog-af-kaffegrums-og-kork\/#breadcrumb","itemListElement":[{"@type":"ListItem","position":1,"name":"Forside","item":"https:\/\/grontkontor.dk\/"},{"@type":"ListItem","position":2,"name":"Shop","item":"https:\/\/grontkontor.dk\/sv\/shop\/"},{"@type":"ListItem","position":3,"name":"Papir og blokke","item":"https:\/\/grontkontor.dk\/produkt-kategori\/papir\/"},{"@type":"ListItem","position":4,"name":"Notesb\u00f8ger","item":"https:\/\/grontkontor.dk\/produkt-kategori\/papir\/notesboeger\/"},{"@type":"ListItem","position":5,"name":"Anteckningsbok med kaffesump och kork"}]},{"@type":"WebSite","@id":"https:\/\/grontkontor.dk\/#website","url":"https:\/\/grontkontor.dk\/","name":"Gr\u00f8nt Kontor","description":"Milj\u00f8venlige produkter til kontor og erhverv med fokus p\u00e5 b\u00e6redygtighed, design og fair trade.","publisher":{"@id":"https:\/\/grontkontor.dk\/#organization"},"potentialAction":[{"@type":"SearchAction","target":{"@type":"EntryPoint","urlTemplate":"https:\/\/grontkontor.dk\/?s={search_term_string}"},"query-input":"required name=search_term_string"}],"inLanguage":"sv-SE"},{"@type":"Organization","@id":"https:\/\/grontkontor.dk\/#organization","name":"Gr\u00f8nt Kontor","url":"https:\/\/grontkontor.dk\/","logo":{"@type":"ImageObject","inLanguage":"sv-SE","@id":"https:\/\/grontkontor.dk\/#\/schema\/logo\/image\/","url":"https:\/\/grontkontor.dk\/wp-content\/uploads\/2014\/02\/Logo_groent_kontor_300x80.png","contentUrl":"https:\/\/grontkontor.dk\/wp-content\/uploads\/2014\/02\/Logo_groent_kontor_300x80.png","width":300,"height":80,"caption":"Gr\u00f8nt Kontor"},"image":{"@id":"https:\/\/grontkontor.dk\/#\/schema\/logo\/image\/"},"sameAs":["https:\/\/www.facebook.com\/grontkontor.dk\/"]}]}},"_links":{"self":[{"href":"https:\/\/grontkontor.dk\/sv\/wp-json\/wp\/v2\/product\/124128"}],"collection":[{"href":"https:\/\/grontkontor.dk\/sv\/wp-json\/wp\/v2\/product"}],"about":[{"href":"https:\/\/grontkontor.dk\/sv\/wp-json\/wp\/v2\/types\/product"}],"replies":[{"embeddable":true,"href":"https:\/\/grontkontor.dk\/sv\/wp-json\/wp\/v2\/comments?post=124128"}],"wp:featuredmedia":[{"embeddable":true,"href":"https:\/\/grontkontor.dk\/sv\/wp-json\/wp\/v2\/media\/124148"}],"wp:attachment":[{"href":"https:\/\/grontkontor.dk\/sv\/wp-json\/wp\/v2\/media?parent=124128"}],"wp:term":[{"taxonomy":"product_cat","embeddable":true,"href":"https:\/\/grontkontor.dk\/sv\/wp-json\/wp\/v2\/product_cat?post=124128"},{"taxonomy":"product_tag","embeddable":true,"href":"https:\/\/grontkontor.dk\/sv\/wp-json\/wp\/v2\/product_tag?post=124128"}],"curies":[{"name":"wp","href":"https:\/\/api.w.org\/{rel}","templated":true}]}}