{"id":126191,"date":"2025-06-17T13:42:00","date_gmt":"2025-06-17T11:42:03","guid":{"rendered":"https:\/\/grontkontor.dk\/?post_type=product&#038;p=126191"},"modified":"2025-08-14T14:49:49","modified_gmt":"2025-08-14T12:49:49","slug":"noeglering-i-bambus-med-lygte","status":"publish","type":"product","link":"https:\/\/grontkontor.dk\/sv\/shop\/noeglering-i-bambus-med-lygte\/","title":{"rendered":"Nyckelring i bambu med ficklampa"},"content":{"rendered":"<p>Praktisk, snygg och milj\u00f6v\u00e4nlig, denna nyckelring i bambu med inbyggd LED-ficklampa \u00e4r den perfekta kombinationen av funktionalitet och milj\u00f6v\u00e4nlig design. Med sitt naturliga bambuutseende sticker den ut fr\u00e5n traditionella plastprodukter och skickar en tydlig signal om gr\u00f6n omsorg. Dess kompakta storlek g\u00f6r den l\u00e4tt att b\u00e4ra med sig \u00f6verallt, medan den kraftfulla LED-lampan ger snabb belysning n\u00e4r du beh\u00f6ver det \u2013 till exempel vid bilen, d\u00f6rren eller i v\u00e4skan.  <\/p>\n<p>F\u00f6rdelar: Tillverkad av naturlig bambu \u2013 ett snabbv\u00e4xande, klimatv\u00e4nligt material<\/p>\n<p>Inbyggt LED-ljus \u2013 praktiskt i m\u00f6rka situationer<\/p>\n<p>Kompakt och l\u00e4tt \u2013 perfekt f\u00f6r din nyckelring eller v\u00e4ska<\/p>\n<p>Elegant och naturligt utseende Perfekt som f\u00f6retagsg\u00e5va eller reklamartikel med lasergravyr<\/p>\n<p>G\u00f6r vardagen enklare \u2013 och gr\u00f6nare \u2013 med en smart nyckelring som lyser upp n\u00e4r du beh\u00f6ver den. En enkel men effektiv l\u00f6sning med b\u00e5de stil och samvete. Batterier ing\u00e5r.  <\/p>\nBambu \u00e4r ett fantastiskt material n\u00e4r det kommer till h\u00e5llbarhet. Den en av de mest snabbv\u00e4xande plantor i v\u00e4rlden, vilket betyder en snabb \u00e5terv\u00e4xt efter sk\u00f6rd. Bambu fungerar, precis som andra naturprodukter, som ett CO2 dep\u00e5 under hela sin livstid och odlas utan pesticider och konstg\u00f6dsel. \n","protected":false},"excerpt":{"rendered":"<p>Praktisk, snygg och milj\u00f6v\u00e4nlig, denna nyckelring i bambu med inbyggd LED-ficklampa \u00e4r den perfekta kombinationen av funktionalitet och milj\u00f6v\u00e4nlig design. Med sitt naturliga bambuutseende sticker den ut fr\u00e5n traditionella plastprodukter och skickar en tydlig signal om gr\u00f6n omsorg. Dess kompakta storlek g\u00f6r den l\u00e4tt att b\u00e4ra med sig \u00f6verallt, medan den kraftfulla LED-lampan ger snabb [&hellip;]<\/p>\n","protected":false},"featured_media":126252,"comment_status":"closed","ping_status":"closed","template":"","meta":{"_acf_changed":false},"product_cat":[4407,2107,867,2394],"product_tag":[4432,1756],"class_list":{"0":"post-126191","1":"product","2":"type-product","3":"status-publish","4":"has-post-thumbnail","6":"product_cat-elektronik-och-gadgets-sv","7":"product_cat-dummy-moq-1-sv","8":"product_cat-miljovaenliga-foretagspresenter","9":"product_cat-nyheter","10":"product_tag-lommelygte-sv","11":"product_tag-noeglering-sv","12":"tm-has-options","14":"first","15":"instock","16":"taxable","17":"shipping-taxable","18":"purchasable","19":"product-type-simple"},"acf":[],"yoast_head":"<!-- This site is optimized with the Yoast SEO Premium plugin v21.2 (Yoast SEO v21.2) - https:\/\/yoast.com\/wordpress\/plugins\/seo\/ -->\n<title>Nyckelring i bambu med ficklampa - Gr\u00f8nt Kontor<\/title>\n<meta name=\"robots\" content=\"index, follow, max-snippet:-1, max-image-preview:large, max-video-preview:-1\" \/>\n<link rel=\"canonical\" href=\"https:\/\/grontkontor.dk\/sv\/shop\/noeglering-i-bambus-med-lygte\/\" \/>\n<meta property=\"og:locale\" content=\"sv_SE\" \/>\n<meta property=\"og:type\" content=\"article\" \/>\n<meta property=\"og:title\" content=\"Nyckelring i bambu med ficklampa\" \/>\n<meta property=\"og:description\" content=\"Praktisk, snygg och milj\u00f6v\u00e4nlig, denna nyckelring i bambu med inbyggd LED-ficklampa \u00e4r den perfekta kombinationen av funktionalitet och milj\u00f6v\u00e4nlig design. Med sitt naturliga bambuutseende sticker den ut fr\u00e5n traditionella plastprodukter och skickar en tydlig signal om gr\u00f6n omsorg. Dess kompakta storlek g\u00f6r den l\u00e4tt att b\u00e4ra med sig \u00f6verallt, medan den kraftfulla LED-lampan ger snabb [&hellip;]\" \/>\n<meta property=\"og:url\" content=\"https:\/\/grontkontor.dk\/sv\/shop\/noeglering-i-bambus-med-lygte\/\" \/>\n<meta property=\"og:site_name\" content=\"Gr\u00f8nt Kontor\" \/>\n<meta property=\"article:publisher\" content=\"https:\/\/www.facebook.com\/grontkontor.dk\/\" \/>\n<meta property=\"article:modified_time\" content=\"2025-08-14T12:49:49+00:00\" \/>\n<meta property=\"og:image\" content=\"https:\/\/grontkontor.dk\/wp-content\/uploads\/2025\/06\/Klimavenlig-noeglering-med-lommelygte-bambus.jpg\" \/>\n\t<meta property=\"og:image:width\" content=\"900\" \/>\n\t<meta property=\"og:image:height\" content=\"639\" \/>\n\t<meta property=\"og:image:type\" content=\"image\/jpeg\" \/>\n<meta name=\"twitter:card\" content=\"summary_large_image\" \/>\n<meta name=\"twitter:label1\" content=\"Ber\u00e4knad l\u00e4stid\" \/>\n\t<meta name=\"twitter:data1\" content=\"1 minut\" \/>\n<script type=\"application\/ld+json\" class=\"yoast-schema-graph\">{\"@context\":\"https:\/\/schema.org\",\"@graph\":[{\"@type\":\"WebPage\",\"@id\":\"https:\/\/grontkontor.dk\/sv\/shop\/noeglering-i-bambus-med-lygte\/\",\"url\":\"https:\/\/grontkontor.dk\/sv\/shop\/noeglering-i-bambus-med-lygte\/\",\"name\":\"Nyckelring i bambu med ficklampa - Gr\u00f8nt Kontor\",\"isPartOf\":{\"@id\":\"https:\/\/grontkontor.dk\/#website\"},\"datePublished\":\"2025-06-17T11:42:03+00:00\",\"dateModified\":\"2025-08-14T12:49:49+00:00\",\"breadcrumb\":{\"@id\":\"https:\/\/grontkontor.dk\/sv\/shop\/noeglering-i-bambus-med-lygte\/#breadcrumb\"},\"inLanguage\":\"sv-SE\",\"potentialAction\":[{\"@type\":\"ReadAction\",\"target\":[\"https:\/\/grontkontor.dk\/sv\/shop\/noeglering-i-bambus-med-lygte\/\"]}]},{\"@type\":\"BreadcrumbList\",\"@id\":\"https:\/\/grontkontor.dk\/sv\/shop\/noeglering-i-bambus-med-lygte\/#breadcrumb\",\"itemListElement\":[{\"@type\":\"ListItem\",\"position\":1,\"name\":\"Forside\",\"item\":\"https:\/\/grontkontor.dk\/\"},{\"@type\":\"ListItem\",\"position\":2,\"name\":\"Shop\",\"item\":\"https:\/\/grontkontor.dk\/sv\/shop\/\"},{\"@type\":\"ListItem\",\"position\":3,\"name\":\"Klimavenlige firmagaver\",\"item\":\"https:\/\/grontkontor.dk\/produkt-kategori\/klimavenlige-firmagaver\/\"},{\"@type\":\"ListItem\",\"position\":4,\"name\":\"Nyckelring i bambu med ficklampa\"}]},{\"@type\":\"WebSite\",\"@id\":\"https:\/\/grontkontor.dk\/#website\",\"url\":\"https:\/\/grontkontor.dk\/\",\"name\":\"Gr\u00f8nt Kontor\",\"description\":\"Milj\u00f8venlige produkter til kontor og erhverv med fokus p\u00e5 b\u00e6redygtighed, design og fair trade.\",\"publisher\":{\"@id\":\"https:\/\/grontkontor.dk\/#organization\"},\"potentialAction\":[{\"@type\":\"SearchAction\",\"target\":{\"@type\":\"EntryPoint\",\"urlTemplate\":\"https:\/\/grontkontor.dk\/?s={search_term_string}\"},\"query-input\":\"required name=search_term_string\"}],\"inLanguage\":\"sv-SE\"},{\"@type\":\"Organization\",\"@id\":\"https:\/\/grontkontor.dk\/#organization\",\"name\":\"Gr\u00f8nt Kontor\",\"url\":\"https:\/\/grontkontor.dk\/\",\"logo\":{\"@type\":\"ImageObject\",\"inLanguage\":\"sv-SE\",\"@id\":\"https:\/\/grontkontor.dk\/#\/schema\/logo\/image\/\",\"url\":\"https:\/\/grontkontor.dk\/wp-content\/uploads\/2014\/02\/Logo_groent_kontor_300x80.png\",\"contentUrl\":\"https:\/\/grontkontor.dk\/wp-content\/uploads\/2014\/02\/Logo_groent_kontor_300x80.png\",\"width\":300,\"height\":80,\"caption\":\"Gr\u00f8nt Kontor\"},\"image\":{\"@id\":\"https:\/\/grontkontor.dk\/#\/schema\/logo\/image\/\"},\"sameAs\":[\"https:\/\/www.facebook.com\/grontkontor.dk\/\"]}]}<\/script>\n<!-- \/ Yoast SEO Premium plugin. -->","yoast_head_json":{"title":"Nyckelring i bambu med ficklampa - Gr\u00f8nt Kontor","robots":{"index":"index","follow":"follow","max-snippet":"max-snippet:-1","max-image-preview":"max-image-preview:large","max-video-preview":"max-video-preview:-1"},"canonical":"https:\/\/grontkontor.dk\/sv\/shop\/noeglering-i-bambus-med-lygte\/","og_locale":"sv_SE","og_type":"article","og_title":"Nyckelring i bambu med ficklampa","og_description":"Praktisk, snygg och milj\u00f6v\u00e4nlig, denna nyckelring i bambu med inbyggd LED-ficklampa \u00e4r den perfekta kombinationen av funktionalitet och milj\u00f6v\u00e4nlig design. Med sitt naturliga bambuutseende sticker den ut fr\u00e5n traditionella plastprodukter och skickar en tydlig signal om gr\u00f6n omsorg. Dess kompakta storlek g\u00f6r den l\u00e4tt att b\u00e4ra med sig \u00f6verallt, medan den kraftfulla LED-lampan ger snabb [&hellip;]","og_url":"https:\/\/grontkontor.dk\/sv\/shop\/noeglering-i-bambus-med-lygte\/","og_site_name":"Gr\u00f8nt Kontor","article_publisher":"https:\/\/www.facebook.com\/grontkontor.dk\/","article_modified_time":"2025-08-14T12:49:49+00:00","og_image":[{"width":900,"height":639,"url":"https:\/\/grontkontor.dk\/wp-content\/uploads\/2025\/06\/Klimavenlig-noeglering-med-lommelygte-bambus.jpg","type":"image\/jpeg"}],"twitter_card":"summary_large_image","twitter_misc":{"Ber\u00e4knad l\u00e4stid":"1 minut"},"schema":{"@context":"https:\/\/schema.org","@graph":[{"@type":"WebPage","@id":"https:\/\/grontkontor.dk\/sv\/shop\/noeglering-i-bambus-med-lygte\/","url":"https:\/\/grontkontor.dk\/sv\/shop\/noeglering-i-bambus-med-lygte\/","name":"Nyckelring i bambu med ficklampa - Gr\u00f8nt Kontor","isPartOf":{"@id":"https:\/\/grontkontor.dk\/#website"},"datePublished":"2025-06-17T11:42:03+00:00","dateModified":"2025-08-14T12:49:49+00:00","breadcrumb":{"@id":"https:\/\/grontkontor.dk\/sv\/shop\/noeglering-i-bambus-med-lygte\/#breadcrumb"},"inLanguage":"sv-SE","potentialAction":[{"@type":"ReadAction","target":["https:\/\/grontkontor.dk\/sv\/shop\/noeglering-i-bambus-med-lygte\/"]}]},{"@type":"BreadcrumbList","@id":"https:\/\/grontkontor.dk\/sv\/shop\/noeglering-i-bambus-med-lygte\/#breadcrumb","itemListElement":[{"@type":"ListItem","position":1,"name":"Forside","item":"https:\/\/grontkontor.dk\/"},{"@type":"ListItem","position":2,"name":"Shop","item":"https:\/\/grontkontor.dk\/sv\/shop\/"},{"@type":"ListItem","position":3,"name":"Klimavenlige firmagaver","item":"https:\/\/grontkontor.dk\/produkt-kategori\/klimavenlige-firmagaver\/"},{"@type":"ListItem","position":4,"name":"Nyckelring i bambu med ficklampa"}]},{"@type":"WebSite","@id":"https:\/\/grontkontor.dk\/#website","url":"https:\/\/grontkontor.dk\/","name":"Gr\u00f8nt Kontor","description":"Milj\u00f8venlige produkter til kontor og erhverv med fokus p\u00e5 b\u00e6redygtighed, design og fair trade.","publisher":{"@id":"https:\/\/grontkontor.dk\/#organization"},"potentialAction":[{"@type":"SearchAction","target":{"@type":"EntryPoint","urlTemplate":"https:\/\/grontkontor.dk\/?s={search_term_string}"},"query-input":"required name=search_term_string"}],"inLanguage":"sv-SE"},{"@type":"Organization","@id":"https:\/\/grontkontor.dk\/#organization","name":"Gr\u00f8nt Kontor","url":"https:\/\/grontkontor.dk\/","logo":{"@type":"ImageObject","inLanguage":"sv-SE","@id":"https:\/\/grontkontor.dk\/#\/schema\/logo\/image\/","url":"https:\/\/grontkontor.dk\/wp-content\/uploads\/2014\/02\/Logo_groent_kontor_300x80.png","contentUrl":"https:\/\/grontkontor.dk\/wp-content\/uploads\/2014\/02\/Logo_groent_kontor_300x80.png","width":300,"height":80,"caption":"Gr\u00f8nt Kontor"},"image":{"@id":"https:\/\/grontkontor.dk\/#\/schema\/logo\/image\/"},"sameAs":["https:\/\/www.facebook.com\/grontkontor.dk\/"]}]}},"_links":{"self":[{"href":"https:\/\/grontkontor.dk\/sv\/wp-json\/wp\/v2\/product\/126191"}],"collection":[{"href":"https:\/\/grontkontor.dk\/sv\/wp-json\/wp\/v2\/product"}],"about":[{"href":"https:\/\/grontkontor.dk\/sv\/wp-json\/wp\/v2\/types\/product"}],"replies":[{"embeddable":true,"href":"https:\/\/grontkontor.dk\/sv\/wp-json\/wp\/v2\/comments?post=126191"}],"wp:featuredmedia":[{"embeddable":true,"href":"https:\/\/grontkontor.dk\/sv\/wp-json\/wp\/v2\/media\/126252"}],"wp:attachment":[{"href":"https:\/\/grontkontor.dk\/sv\/wp-json\/wp\/v2\/media?parent=126191"}],"wp:term":[{"taxonomy":"product_cat","embeddable":true,"href":"https:\/\/grontkontor.dk\/sv\/wp-json\/wp\/v2\/product_cat?post=126191"},{"taxonomy":"product_tag","embeddable":true,"href":"https:\/\/grontkontor.dk\/sv\/wp-json\/wp\/v2\/product_tag?post=126191"}],"curies":[{"name":"wp","href":"https:\/\/api.w.org\/{rel}","templated":true}]}}