{"id":126643,"date":"2025-07-02T13:50:23","date_gmt":"2025-07-02T11:50:24","guid":{"rendered":"https:\/\/grontkontor.dk\/?post_type=product&#038;p=126643"},"modified":"2025-07-10T15:53:16","modified_gmt":"2025-07-10T13:53:16","slug":"bogmaerke-genanvendt-papir-med-forstoerrelsesglas","status":"publish","type":"product","link":"https:\/\/grontkontor.dk\/sv\/shop\/bogmaerke-genanvendt-papir-med-forstoerrelsesglas\/","title":{"rendered":"Bokm\u00e4rk \u00e5tervunnet papper med f\u00f6rstoringsglas"},"content":{"rendered":"<p>Milj\u00f6v\u00e4nligt bokm\u00e4rke med 3x f\u00f6rstoringsglas. Tillverkad av \u00e5tervunnet papper och utrustad med integrerat 3x f\u00f6rstoringsglas. Med en stor tryckyta och tillh\u00f6rande b\u00e4rrem \u00e4r den idealisk som en funktionell och klimatv\u00e4nlig giveaway.    Papper\/kartong tillverkas vanligtvis av \u00e5tervunnet papper eller tr\u00e4, som \u00e4r en f\u00f6rnybar resurs. Papper \u00e4r biologiskt nedbrytbart och \u00e5tervinningsbart upp till ca. 7 g\u00e5nger. \u00c5tervunnet papper, PEFC eller FSC-certifierat papper \u00e4r klart att f\u00f6redra ur milj\u00f6synpunkt.  &nbsp; <img loading=\"lazy\" decoding=\"async\" src=\"https:\/\/grontkontor.dk\/wp-content\/uploads\/2021\/02\/genbrug.jpg\" alt=\"Fremstillet af genbrugsmaterialer\" width=\"50\" height=\"50\" class=\"size-full wp-image-23031\" srcset=\"https:\/\/grontkontor.dk\/wp-content\/uploads\/2021\/02\/genbrug.jpg 199w, https:\/\/grontkontor.dk\/wp-content\/uploads\/2021\/02\/genbrug-100x100.jpg 100w\" sizes=\"(max-width: 50px) 100vw, 50px\" \/><\/p>\n","protected":false},"excerpt":{"rendered":"<p>Milj\u00f6v\u00e4nligt bokm\u00e4rke med 3x f\u00f6rstoringsglas. Tillverkad av \u00e5tervunnet papper och utrustad med integrerat 3x f\u00f6rstoringsglas. Med en stor tryckyta och tillh\u00f6rande b\u00e4rrem \u00e4r den idealisk som en funktionell och klimatv\u00e4nlig giveaway. &nbsp;<\/p>\n","protected":false},"featured_media":126651,"comment_status":"closed","ping_status":"closed","template":"","meta":{"_acf_changed":false},"product_cat":[663,2107,2394,661],"product_tag":[4740,4741],"class_list":{"0":"post-126643","1":"product","2":"type-product","3":"status-publish","4":"has-post-thumbnail","6":"product_cat-block","7":"product_cat-dummy-moq-1-sv","8":"product_cat-nyheter","9":"product_cat-papper-och-block","10":"product_tag-bokmaerke","11":"product_tag-bokmaerken","12":"tm-has-options","14":"first","15":"instock","16":"taxable","17":"shipping-taxable","18":"purchasable","19":"product-type-simple"},"acf":[],"yoast_head":"<!-- This site is optimized with the Yoast SEO Premium plugin v21.2 (Yoast SEO v21.2) - https:\/\/yoast.com\/wordpress\/plugins\/seo\/ -->\n<title>Bokm\u00e4rk \u00e5tervunnet papper med f\u00f6rstoringsglas - Gr\u00f8nt Kontor<\/title>\n<meta name=\"robots\" content=\"index, follow, max-snippet:-1, max-image-preview:large, max-video-preview:-1\" \/>\n<link rel=\"canonical\" href=\"https:\/\/grontkontor.dk\/sv\/shop\/bogmaerke-genanvendt-papir-med-forstoerrelsesglas\/\" \/>\n<meta property=\"og:locale\" content=\"sv_SE\" \/>\n<meta property=\"og:type\" content=\"article\" \/>\n<meta property=\"og:title\" content=\"Bokm\u00e4rk \u00e5tervunnet papper med f\u00f6rstoringsglas\" \/>\n<meta property=\"og:description\" content=\"Milj\u00f6v\u00e4nligt bokm\u00e4rke med 3x f\u00f6rstoringsglas. Tillverkad av \u00e5tervunnet papper och utrustad med integrerat 3x f\u00f6rstoringsglas. Med en stor tryckyta och tillh\u00f6rande b\u00e4rrem \u00e4r den idealisk som en funktionell och klimatv\u00e4nlig giveaway. &nbsp;\" \/>\n<meta property=\"og:url\" content=\"https:\/\/grontkontor.dk\/sv\/shop\/bogmaerke-genanvendt-papir-med-forstoerrelsesglas\/\" \/>\n<meta property=\"og:site_name\" content=\"Gr\u00f8nt Kontor\" \/>\n<meta property=\"article:publisher\" content=\"https:\/\/www.facebook.com\/grontkontor.dk\/\" \/>\n<meta property=\"article:modified_time\" content=\"2025-07-10T13:53:16+00:00\" \/>\n<meta property=\"og:image\" content=\"https:\/\/grontkontor.dk\/wp-content\/uploads\/2024\/06\/Klimavenligt-bogmaerke-i-froepapir-med-sticky-notes.jpg\" \/>\n\t<meta property=\"og:image:width\" content=\"900\" \/>\n\t<meta property=\"og:image:height\" content=\"639\" \/>\n\t<meta property=\"og:image:type\" content=\"image\/jpeg\" \/>\n<meta name=\"twitter:card\" content=\"summary_large_image\" \/>\n<meta name=\"twitter:label1\" content=\"Ber\u00e4knad l\u00e4stid\" \/>\n\t<meta name=\"twitter:data1\" content=\"1 minut\" \/>\n<script type=\"application\/ld+json\" class=\"yoast-schema-graph\">{\"@context\":\"https:\/\/schema.org\",\"@graph\":[{\"@type\":\"WebPage\",\"@id\":\"https:\/\/grontkontor.dk\/sv\/shop\/bogmaerke-genanvendt-papir-med-forstoerrelsesglas\/\",\"url\":\"https:\/\/grontkontor.dk\/sv\/shop\/bogmaerke-genanvendt-papir-med-forstoerrelsesglas\/\",\"name\":\"Bokm\u00e4rk \u00e5tervunnet papper med f\u00f6rstoringsglas - Gr\u00f8nt Kontor\",\"isPartOf\":{\"@id\":\"https:\/\/grontkontor.dk\/#website\"},\"datePublished\":\"2025-07-02T11:50:24+00:00\",\"dateModified\":\"2025-07-10T13:53:16+00:00\",\"breadcrumb\":{\"@id\":\"https:\/\/grontkontor.dk\/sv\/shop\/bogmaerke-genanvendt-papir-med-forstoerrelsesglas\/#breadcrumb\"},\"inLanguage\":\"sv-SE\",\"potentialAction\":[{\"@type\":\"ReadAction\",\"target\":[\"https:\/\/grontkontor.dk\/sv\/shop\/bogmaerke-genanvendt-papir-med-forstoerrelsesglas\/\"]}]},{\"@type\":\"BreadcrumbList\",\"@id\":\"https:\/\/grontkontor.dk\/sv\/shop\/bogmaerke-genanvendt-papir-med-forstoerrelsesglas\/#breadcrumb\",\"itemListElement\":[{\"@type\":\"ListItem\",\"position\":1,\"name\":\"Forside\",\"item\":\"https:\/\/grontkontor.dk\/\"},{\"@type\":\"ListItem\",\"position\":2,\"name\":\"Shop\",\"item\":\"https:\/\/grontkontor.dk\/sv\/shop\/\"},{\"@type\":\"ListItem\",\"position\":3,\"name\":\"Papir og blokke\",\"item\":\"https:\/\/grontkontor.dk\/produkt-kategori\/papir\/\"},{\"@type\":\"ListItem\",\"position\":4,\"name\":\"Memoblokke\",\"item\":\"https:\/\/grontkontor.dk\/produkt-kategori\/papir\/memoblokke\/\"},{\"@type\":\"ListItem\",\"position\":5,\"name\":\"Bokm\u00e4rk \u00e5tervunnet papper med f\u00f6rstoringsglas\"}]},{\"@type\":\"WebSite\",\"@id\":\"https:\/\/grontkontor.dk\/#website\",\"url\":\"https:\/\/grontkontor.dk\/\",\"name\":\"Gr\u00f8nt Kontor\",\"description\":\"Milj\u00f8venlige produkter til kontor og erhverv med fokus p\u00e5 b\u00e6redygtighed, design og fair trade.\",\"publisher\":{\"@id\":\"https:\/\/grontkontor.dk\/#organization\"},\"potentialAction\":[{\"@type\":\"SearchAction\",\"target\":{\"@type\":\"EntryPoint\",\"urlTemplate\":\"https:\/\/grontkontor.dk\/?s={search_term_string}\"},\"query-input\":\"required name=search_term_string\"}],\"inLanguage\":\"sv-SE\"},{\"@type\":\"Organization\",\"@id\":\"https:\/\/grontkontor.dk\/#organization\",\"name\":\"Gr\u00f8nt Kontor\",\"url\":\"https:\/\/grontkontor.dk\/\",\"logo\":{\"@type\":\"ImageObject\",\"inLanguage\":\"sv-SE\",\"@id\":\"https:\/\/grontkontor.dk\/#\/schema\/logo\/image\/\",\"url\":\"https:\/\/grontkontor.dk\/wp-content\/uploads\/2014\/02\/Logo_groent_kontor_300x80.png\",\"contentUrl\":\"https:\/\/grontkontor.dk\/wp-content\/uploads\/2014\/02\/Logo_groent_kontor_300x80.png\",\"width\":300,\"height\":80,\"caption\":\"Gr\u00f8nt Kontor\"},\"image\":{\"@id\":\"https:\/\/grontkontor.dk\/#\/schema\/logo\/image\/\"},\"sameAs\":[\"https:\/\/www.facebook.com\/grontkontor.dk\/\"]}]}<\/script>\n<!-- \/ Yoast SEO Premium plugin. -->","yoast_head_json":{"title":"Bokm\u00e4rk \u00e5tervunnet papper med f\u00f6rstoringsglas - Gr\u00f8nt Kontor","robots":{"index":"index","follow":"follow","max-snippet":"max-snippet:-1","max-image-preview":"max-image-preview:large","max-video-preview":"max-video-preview:-1"},"canonical":"https:\/\/grontkontor.dk\/sv\/shop\/bogmaerke-genanvendt-papir-med-forstoerrelsesglas\/","og_locale":"sv_SE","og_type":"article","og_title":"Bokm\u00e4rk \u00e5tervunnet papper med f\u00f6rstoringsglas","og_description":"Milj\u00f6v\u00e4nligt bokm\u00e4rke med 3x f\u00f6rstoringsglas. Tillverkad av \u00e5tervunnet papper och utrustad med integrerat 3x f\u00f6rstoringsglas. Med en stor tryckyta och tillh\u00f6rande b\u00e4rrem \u00e4r den idealisk som en funktionell och klimatv\u00e4nlig giveaway. &nbsp;","og_url":"https:\/\/grontkontor.dk\/sv\/shop\/bogmaerke-genanvendt-papir-med-forstoerrelsesglas\/","og_site_name":"Gr\u00f8nt Kontor","article_publisher":"https:\/\/www.facebook.com\/grontkontor.dk\/","article_modified_time":"2025-07-10T13:53:16+00:00","og_image":[{"width":900,"height":639,"url":"https:\/\/grontkontor.dk\/wp-content\/uploads\/2024\/06\/Klimavenligt-bogmaerke-i-froepapir-med-sticky-notes.jpg","type":"image\/jpeg"}],"twitter_card":"summary_large_image","twitter_misc":{"Ber\u00e4knad l\u00e4stid":"1 minut"},"schema":{"@context":"https:\/\/schema.org","@graph":[{"@type":"WebPage","@id":"https:\/\/grontkontor.dk\/sv\/shop\/bogmaerke-genanvendt-papir-med-forstoerrelsesglas\/","url":"https:\/\/grontkontor.dk\/sv\/shop\/bogmaerke-genanvendt-papir-med-forstoerrelsesglas\/","name":"Bokm\u00e4rk \u00e5tervunnet papper med f\u00f6rstoringsglas - Gr\u00f8nt Kontor","isPartOf":{"@id":"https:\/\/grontkontor.dk\/#website"},"datePublished":"2025-07-02T11:50:24+00:00","dateModified":"2025-07-10T13:53:16+00:00","breadcrumb":{"@id":"https:\/\/grontkontor.dk\/sv\/shop\/bogmaerke-genanvendt-papir-med-forstoerrelsesglas\/#breadcrumb"},"inLanguage":"sv-SE","potentialAction":[{"@type":"ReadAction","target":["https:\/\/grontkontor.dk\/sv\/shop\/bogmaerke-genanvendt-papir-med-forstoerrelsesglas\/"]}]},{"@type":"BreadcrumbList","@id":"https:\/\/grontkontor.dk\/sv\/shop\/bogmaerke-genanvendt-papir-med-forstoerrelsesglas\/#breadcrumb","itemListElement":[{"@type":"ListItem","position":1,"name":"Forside","item":"https:\/\/grontkontor.dk\/"},{"@type":"ListItem","position":2,"name":"Shop","item":"https:\/\/grontkontor.dk\/sv\/shop\/"},{"@type":"ListItem","position":3,"name":"Papir og blokke","item":"https:\/\/grontkontor.dk\/produkt-kategori\/papir\/"},{"@type":"ListItem","position":4,"name":"Memoblokke","item":"https:\/\/grontkontor.dk\/produkt-kategori\/papir\/memoblokke\/"},{"@type":"ListItem","position":5,"name":"Bokm\u00e4rk \u00e5tervunnet papper med f\u00f6rstoringsglas"}]},{"@type":"WebSite","@id":"https:\/\/grontkontor.dk\/#website","url":"https:\/\/grontkontor.dk\/","name":"Gr\u00f8nt Kontor","description":"Milj\u00f8venlige produkter til kontor og erhverv med fokus p\u00e5 b\u00e6redygtighed, design og fair trade.","publisher":{"@id":"https:\/\/grontkontor.dk\/#organization"},"potentialAction":[{"@type":"SearchAction","target":{"@type":"EntryPoint","urlTemplate":"https:\/\/grontkontor.dk\/?s={search_term_string}"},"query-input":"required name=search_term_string"}],"inLanguage":"sv-SE"},{"@type":"Organization","@id":"https:\/\/grontkontor.dk\/#organization","name":"Gr\u00f8nt Kontor","url":"https:\/\/grontkontor.dk\/","logo":{"@type":"ImageObject","inLanguage":"sv-SE","@id":"https:\/\/grontkontor.dk\/#\/schema\/logo\/image\/","url":"https:\/\/grontkontor.dk\/wp-content\/uploads\/2014\/02\/Logo_groent_kontor_300x80.png","contentUrl":"https:\/\/grontkontor.dk\/wp-content\/uploads\/2014\/02\/Logo_groent_kontor_300x80.png","width":300,"height":80,"caption":"Gr\u00f8nt Kontor"},"image":{"@id":"https:\/\/grontkontor.dk\/#\/schema\/logo\/image\/"},"sameAs":["https:\/\/www.facebook.com\/grontkontor.dk\/"]}]}},"_links":{"self":[{"href":"https:\/\/grontkontor.dk\/sv\/wp-json\/wp\/v2\/product\/126643"}],"collection":[{"href":"https:\/\/grontkontor.dk\/sv\/wp-json\/wp\/v2\/product"}],"about":[{"href":"https:\/\/grontkontor.dk\/sv\/wp-json\/wp\/v2\/types\/product"}],"replies":[{"embeddable":true,"href":"https:\/\/grontkontor.dk\/sv\/wp-json\/wp\/v2\/comments?post=126643"}],"wp:featuredmedia":[{"embeddable":true,"href":"https:\/\/grontkontor.dk\/sv\/wp-json\/wp\/v2\/media\/126651"}],"wp:attachment":[{"href":"https:\/\/grontkontor.dk\/sv\/wp-json\/wp\/v2\/media?parent=126643"}],"wp:term":[{"taxonomy":"product_cat","embeddable":true,"href":"https:\/\/grontkontor.dk\/sv\/wp-json\/wp\/v2\/product_cat?post=126643"},{"taxonomy":"product_tag","embeddable":true,"href":"https:\/\/grontkontor.dk\/sv\/wp-json\/wp\/v2\/product_tag?post=126643"}],"curies":[{"name":"wp","href":"https:\/\/api.w.org\/{rel}","templated":true}]}}