{"id":126668,"date":"2025-07-03T11:04:22","date_gmt":"2025-07-03T09:04:23","guid":{"rendered":"https:\/\/grontkontor.dk\/?post_type=product&#038;p=126668"},"modified":"2025-11-06T10:46:04","modified_gmt":"2025-11-06T09:46:04","slug":"boellehat-bomuld-m-u-tryk","status":"publish","type":"product","link":"https:\/\/grontkontor.dk\/sv\/shop\/boellehat-bomuld-m-u-tryk\/","title":{"rendered":"Bucket hat bomull utan tryck"},"content":{"rendered":"<p>En hinkm\u00f6ssa i bomull \u00e4r ett klassiskt val n\u00e4r du vill ha en kombination av komfort, funktionalitet och stil. Den h\u00e4r m\u00f6ssan \u00e4r gjord av mjuk och andningsbar bomull, vilket g\u00f6r den bekv\u00e4m att b\u00e4ra under l\u00e5nga perioder \u2013 perfekt f\u00f6r b\u00e5de vardags- och sommaraktiviteter utomhus. Med sitt breda br\u00e4tte runt om ger bucket haten ett j\u00e4mnt skydd mot solen och blir snabbt en favorit p\u00e5 stranden, festivalen eller sportevenemang.  <\/p>\n<p>Den inre passformen \u00e4r s\u00e4krad med ett diskret band som g\u00f6r m\u00f6ssan bekv\u00e4m och stabil \u00e4ven n\u00e4r du \u00e4r aktiv. Bucket haten finns i flera fr\u00e4scha f\u00e4rger, s\u00e5 att du enkelt kan hitta den variant som passar din look eller ditt varum\u00e4rke. <\/p>\n<p>Som reklamartikel \u00e4r en bucket hat ett sj\u00e4lvklart val. Den kan levereras med eller utan logotyptryck, vilket g\u00f6r att du kan profilera ditt f\u00f6retag p\u00e5 ett snyggt och praktiskt s\u00e4tt. N\u00e4r anst\u00e4llda eller kunder b\u00e4r hatten till vardag eller evenemang exponeras din logotyp p\u00e5 ett naturligt och positivt s\u00e4tt.  <\/p>\n<p>Eftersom bomull \u00e4r ett milj\u00f6v\u00e4nligt naturmaterial \u00e4r denna bucket hat ett klimatv\u00e4nligt alternativ till syntetiska m\u00f6ssor. Med en tidl\u00f6s design, h\u00f6g komfort och m\u00f6jlighet till branding f\u00e5r du en m\u00f6ssa som b\u00e5de \u00e4r funktionell och skickar en gr\u00f6n signal. <\/p>\nBomull \u00e4r en naturprodukt och en av v\u00e4rldens \u00e4ldsta handels- och jordbruksvaror. Denna produkt \u00e4r en av mycket f\u00e5 som vi valt till v\u00e5rt sortiment endast p\u00e5 grund av den unika designen. F\u00f6r ett mer h\u00e5llbart val vill vi rekomendera ekologisk eller \u00e5tervunnen bomull ist\u00e4llet. Alla v\u00e5ra produkter fr\u00e5n Indien och liknande l\u00e4nder \u00e4r certificerade f\u00f6r arbetskraft. \n<p>&nbsp;<\/p>\n","protected":false},"excerpt":{"rendered":"<p><br data-mce-bogus=\"1\"><\/p>\n","protected":false},"featured_media":126705,"comment_status":"closed","ping_status":"closed","template":"","meta":{"_acf_changed":false},"product_cat":[4838,2107,2394,3143],"product_tag":[4738,1754],"class_list":{"0":"post-126668","1":"product","2":"type-product","3":"status-publish","4":"has-post-thumbnail","6":"product_cat-huvudbonad","7":"product_cat-dummy-moq-1-sv","8":"product_cat-nyheter","9":"product_cat-sport-och-fritid","10":"product_tag-hatt","11":"product_tag-hovedbeklaedning-sv","12":"tm-has-options","14":"first","15":"instock","16":"taxable","17":"shipping-taxable","18":"purchasable","19":"product-type-variable","20":"has-default-attributes"},"acf":[],"yoast_head":"<!-- This site is optimized with the Yoast SEO Premium plugin v21.2 (Yoast SEO v21.2) - https:\/\/yoast.com\/wordpress\/plugins\/seo\/ -->\n<title>Bucket hatt i bomull med logotryck<\/title>\n<meta name=\"description\" content=\"Klassisk bucket hat i bomull. Bekv\u00e4m och andningsbar m\u00f6ssa med br\u00e4tte runt om. Milj\u00f6v\u00e4nlig, klimatv\u00e4nlig och kan levereras med logotryck.\" \/>\n<meta name=\"robots\" content=\"index, follow, max-snippet:-1, max-image-preview:large, max-video-preview:-1\" \/>\n<link rel=\"canonical\" href=\"https:\/\/grontkontor.dk\/sv\/shop\/boellehat-bomuld-m-u-tryk\/\" \/>\n<meta property=\"og:locale\" content=\"sv_SE\" \/>\n<meta property=\"og:type\" content=\"article\" \/>\n<meta property=\"og:title\" content=\"Bucket hat bomull utan tryck\" \/>\n<meta property=\"og:description\" content=\"Klassisk bucket hat i bomull. Bekv\u00e4m och andningsbar m\u00f6ssa med br\u00e4tte runt om. Milj\u00f6v\u00e4nlig, klimatv\u00e4nlig och kan levereras med logotryck.\" \/>\n<meta property=\"og:url\" content=\"https:\/\/grontkontor.dk\/sv\/shop\/boellehat-bomuld-m-u-tryk\/\" \/>\n<meta property=\"og:site_name\" content=\"Gr\u00f8nt Kontor\" \/>\n<meta property=\"article:publisher\" content=\"https:\/\/www.facebook.com\/grontkontor.dk\/\" \/>\n<meta property=\"article:modified_time\" content=\"2025-11-06T09:46:04+00:00\" \/>\n<meta property=\"og:image\" content=\"https:\/\/grontkontor.dk\/wp-content\/uploads\/2025\/07\/Klimavenlig-boellehat-i-bomuld-collage-scaled.jpg\" \/>\n\t<meta property=\"og:image:width\" content=\"2560\" \/>\n\t<meta property=\"og:image:height\" content=\"1818\" \/>\n\t<meta property=\"og:image:type\" content=\"image\/jpeg\" \/>\n<meta name=\"twitter:card\" content=\"summary_large_image\" \/>\n<meta name=\"twitter:label1\" content=\"Ber\u00e4knad l\u00e4stid\" \/>\n\t<meta name=\"twitter:data1\" content=\"1 minut\" \/>\n<script type=\"application\/ld+json\" class=\"yoast-schema-graph\">{\"@context\":\"https:\/\/schema.org\",\"@graph\":[{\"@type\":\"WebPage\",\"@id\":\"https:\/\/grontkontor.dk\/sv\/shop\/boellehat-bomuld-m-u-tryk\/\",\"url\":\"https:\/\/grontkontor.dk\/sv\/shop\/boellehat-bomuld-m-u-tryk\/\",\"name\":\"Bucket hatt i bomull med logotryck\",\"isPartOf\":{\"@id\":\"https:\/\/grontkontor.dk\/#website\"},\"datePublished\":\"2025-07-03T09:04:23+00:00\",\"dateModified\":\"2025-11-06T09:46:04+00:00\",\"description\":\"Klassisk bucket hat i bomull. Bekv\u00e4m och andningsbar m\u00f6ssa med br\u00e4tte runt om. Milj\u00f6v\u00e4nlig, klimatv\u00e4nlig och kan levereras med logotryck.\",\"breadcrumb\":{\"@id\":\"https:\/\/grontkontor.dk\/sv\/shop\/boellehat-bomuld-m-u-tryk\/#breadcrumb\"},\"inLanguage\":\"sv-SE\",\"potentialAction\":[{\"@type\":\"ReadAction\",\"target\":[\"https:\/\/grontkontor.dk\/sv\/shop\/boellehat-bomuld-m-u-tryk\/\"]}]},{\"@type\":\"BreadcrumbList\",\"@id\":\"https:\/\/grontkontor.dk\/sv\/shop\/boellehat-bomuld-m-u-tryk\/#breadcrumb\",\"itemListElement\":[{\"@type\":\"ListItem\",\"position\":1,\"name\":\"Forside\",\"item\":\"https:\/\/grontkontor.dk\/\"},{\"@type\":\"ListItem\",\"position\":2,\"name\":\"Shop\",\"item\":\"https:\/\/grontkontor.dk\/sv\/shop\/\"},{\"@type\":\"ListItem\",\"position\":3,\"name\":\"Kl\u00e4der\",\"item\":\"https:\/\/grontkontor.dk\/sv\/produkt-kategori\/beklaedning-sv\/\"},{\"@type\":\"ListItem\",\"position\":4,\"name\":\"Huvudbonad\",\"item\":\"https:\/\/grontkontor.dk\/sv\/produkt-kategori\/beklaedning-sv\/huvudbonad\/\"},{\"@type\":\"ListItem\",\"position\":5,\"name\":\"Bucket hat bomull utan tryck\"}]},{\"@type\":\"WebSite\",\"@id\":\"https:\/\/grontkontor.dk\/#website\",\"url\":\"https:\/\/grontkontor.dk\/\",\"name\":\"Gr\u00f8nt Kontor\",\"description\":\"Milj\u00f8venlige produkter til kontor og erhverv med fokus p\u00e5 b\u00e6redygtighed, design og fair trade.\",\"publisher\":{\"@id\":\"https:\/\/grontkontor.dk\/#organization\"},\"potentialAction\":[{\"@type\":\"SearchAction\",\"target\":{\"@type\":\"EntryPoint\",\"urlTemplate\":\"https:\/\/grontkontor.dk\/?s={search_term_string}\"},\"query-input\":\"required name=search_term_string\"}],\"inLanguage\":\"sv-SE\"},{\"@type\":\"Organization\",\"@id\":\"https:\/\/grontkontor.dk\/#organization\",\"name\":\"Gr\u00f8nt Kontor\",\"url\":\"https:\/\/grontkontor.dk\/\",\"logo\":{\"@type\":\"ImageObject\",\"inLanguage\":\"sv-SE\",\"@id\":\"https:\/\/grontkontor.dk\/#\/schema\/logo\/image\/\",\"url\":\"https:\/\/grontkontor.dk\/wp-content\/uploads\/2014\/02\/Logo_groent_kontor_300x80.png\",\"contentUrl\":\"https:\/\/grontkontor.dk\/wp-content\/uploads\/2014\/02\/Logo_groent_kontor_300x80.png\",\"width\":300,\"height\":80,\"caption\":\"Gr\u00f8nt Kontor\"},\"image\":{\"@id\":\"https:\/\/grontkontor.dk\/#\/schema\/logo\/image\/\"},\"sameAs\":[\"https:\/\/www.facebook.com\/grontkontor.dk\/\"]}]}<\/script>\n<!-- \/ Yoast SEO Premium plugin. -->","yoast_head_json":{"title":"Bucket hatt i bomull med logotryck","description":"Klassisk bucket hat i bomull. Bekv\u00e4m och andningsbar m\u00f6ssa med br\u00e4tte runt om. Milj\u00f6v\u00e4nlig, klimatv\u00e4nlig och kan levereras med logotryck.","robots":{"index":"index","follow":"follow","max-snippet":"max-snippet:-1","max-image-preview":"max-image-preview:large","max-video-preview":"max-video-preview:-1"},"canonical":"https:\/\/grontkontor.dk\/sv\/shop\/boellehat-bomuld-m-u-tryk\/","og_locale":"sv_SE","og_type":"article","og_title":"Bucket hat bomull utan tryck","og_description":"Klassisk bucket hat i bomull. Bekv\u00e4m och andningsbar m\u00f6ssa med br\u00e4tte runt om. Milj\u00f6v\u00e4nlig, klimatv\u00e4nlig och kan levereras med logotryck.","og_url":"https:\/\/grontkontor.dk\/sv\/shop\/boellehat-bomuld-m-u-tryk\/","og_site_name":"Gr\u00f8nt Kontor","article_publisher":"https:\/\/www.facebook.com\/grontkontor.dk\/","article_modified_time":"2025-11-06T09:46:04+00:00","og_image":[{"width":2560,"height":1818,"url":"https:\/\/grontkontor.dk\/wp-content\/uploads\/2025\/07\/Klimavenlig-boellehat-i-bomuld-collage-scaled.jpg","type":"image\/jpeg"}],"twitter_card":"summary_large_image","twitter_misc":{"Ber\u00e4knad l\u00e4stid":"1 minut"},"schema":{"@context":"https:\/\/schema.org","@graph":[{"@type":"WebPage","@id":"https:\/\/grontkontor.dk\/sv\/shop\/boellehat-bomuld-m-u-tryk\/","url":"https:\/\/grontkontor.dk\/sv\/shop\/boellehat-bomuld-m-u-tryk\/","name":"Bucket hatt i bomull med logotryck","isPartOf":{"@id":"https:\/\/grontkontor.dk\/#website"},"datePublished":"2025-07-03T09:04:23+00:00","dateModified":"2025-11-06T09:46:04+00:00","description":"Klassisk bucket hat i bomull. Bekv\u00e4m och andningsbar m\u00f6ssa med br\u00e4tte runt om. Milj\u00f6v\u00e4nlig, klimatv\u00e4nlig och kan levereras med logotryck.","breadcrumb":{"@id":"https:\/\/grontkontor.dk\/sv\/shop\/boellehat-bomuld-m-u-tryk\/#breadcrumb"},"inLanguage":"sv-SE","potentialAction":[{"@type":"ReadAction","target":["https:\/\/grontkontor.dk\/sv\/shop\/boellehat-bomuld-m-u-tryk\/"]}]},{"@type":"BreadcrumbList","@id":"https:\/\/grontkontor.dk\/sv\/shop\/boellehat-bomuld-m-u-tryk\/#breadcrumb","itemListElement":[{"@type":"ListItem","position":1,"name":"Forside","item":"https:\/\/grontkontor.dk\/"},{"@type":"ListItem","position":2,"name":"Shop","item":"https:\/\/grontkontor.dk\/sv\/shop\/"},{"@type":"ListItem","position":3,"name":"Kl\u00e4der","item":"https:\/\/grontkontor.dk\/sv\/produkt-kategori\/beklaedning-sv\/"},{"@type":"ListItem","position":4,"name":"Huvudbonad","item":"https:\/\/grontkontor.dk\/sv\/produkt-kategori\/beklaedning-sv\/huvudbonad\/"},{"@type":"ListItem","position":5,"name":"Bucket hat bomull utan tryck"}]},{"@type":"WebSite","@id":"https:\/\/grontkontor.dk\/#website","url":"https:\/\/grontkontor.dk\/","name":"Gr\u00f8nt Kontor","description":"Milj\u00f8venlige produkter til kontor og erhverv med fokus p\u00e5 b\u00e6redygtighed, design og fair trade.","publisher":{"@id":"https:\/\/grontkontor.dk\/#organization"},"potentialAction":[{"@type":"SearchAction","target":{"@type":"EntryPoint","urlTemplate":"https:\/\/grontkontor.dk\/?s={search_term_string}"},"query-input":"required name=search_term_string"}],"inLanguage":"sv-SE"},{"@type":"Organization","@id":"https:\/\/grontkontor.dk\/#organization","name":"Gr\u00f8nt Kontor","url":"https:\/\/grontkontor.dk\/","logo":{"@type":"ImageObject","inLanguage":"sv-SE","@id":"https:\/\/grontkontor.dk\/#\/schema\/logo\/image\/","url":"https:\/\/grontkontor.dk\/wp-content\/uploads\/2014\/02\/Logo_groent_kontor_300x80.png","contentUrl":"https:\/\/grontkontor.dk\/wp-content\/uploads\/2014\/02\/Logo_groent_kontor_300x80.png","width":300,"height":80,"caption":"Gr\u00f8nt Kontor"},"image":{"@id":"https:\/\/grontkontor.dk\/#\/schema\/logo\/image\/"},"sameAs":["https:\/\/www.facebook.com\/grontkontor.dk\/"]}]}},"_links":{"self":[{"href":"https:\/\/grontkontor.dk\/sv\/wp-json\/wp\/v2\/product\/126668"}],"collection":[{"href":"https:\/\/grontkontor.dk\/sv\/wp-json\/wp\/v2\/product"}],"about":[{"href":"https:\/\/grontkontor.dk\/sv\/wp-json\/wp\/v2\/types\/product"}],"replies":[{"embeddable":true,"href":"https:\/\/grontkontor.dk\/sv\/wp-json\/wp\/v2\/comments?post=126668"}],"wp:featuredmedia":[{"embeddable":true,"href":"https:\/\/grontkontor.dk\/sv\/wp-json\/wp\/v2\/media\/126705"}],"wp:attachment":[{"href":"https:\/\/grontkontor.dk\/sv\/wp-json\/wp\/v2\/media?parent=126668"}],"wp:term":[{"taxonomy":"product_cat","embeddable":true,"href":"https:\/\/grontkontor.dk\/sv\/wp-json\/wp\/v2\/product_cat?post=126668"},{"taxonomy":"product_tag","embeddable":true,"href":"https:\/\/grontkontor.dk\/sv\/wp-json\/wp\/v2\/product_tag?post=126668"}],"curies":[{"name":"wp","href":"https:\/\/api.w.org\/{rel}","templated":true}]}}