{"id":126891,"date":"2025-07-07T08:51:46","date_gmt":"2025-07-07T06:51:52","guid":{"rendered":"https:\/\/grontkontor.dk\/?post_type=product&#038;p=126891"},"modified":"2025-11-06T10:46:15","modified_gmt":"2025-11-06T09:46:15","slug":"boellehat-oekologisk-bomuld-m-u-tryk","status":"publish","type":"product","link":"https:\/\/grontkontor.dk\/sv\/shop\/boellehat-oekologisk-bomuld-m-u-tryk\/","title":{"rendered":"Bucket hat i ekologisk bomull utan tryck"},"content":{"rendered":"<p>Skydda dig mot solen med stil och med gott samvete med v\u00e5r milj\u00f6v\u00e4nliga bucket hat tillverkad av \u00e5tervunnen bomull. Den h\u00e4r hatten \u00e4r ett statement inom b\u00e5de mode och ansvar. Den \u00e4r tillverkad av robust och slitstark \u00e5tervunnen bomull, ett material som hj\u00e4lper till att spara p\u00e5 jordens resurser. Den slitstarka konstruktionen g\u00f6r att hatten kan h\u00e5lla l\u00e4nge, oavsett om du anv\u00e4nder den till en festival, en promenad i parken eller till vardags. Med v\u00e5r milj\u00f6v\u00e4nliga bucket hat i \u00e5tervunnen bomull f\u00e5r du en produkt som kombinerar kvalitet med omtanke om milj\u00f6n.    <\/p>\n<p>M\u00f6ssan \u00e4r utrustad med broderade ventilationsh\u00e5l som s\u00e4kerst\u00e4ller \u00f6kad andningsf\u00f6rm\u00e5ga och komfort, \u00e4ven under de varmaste dagarna. Det \u00e4r en praktisk detalj som g\u00f6r den till en oumb\u00e4rlig del av din sommargarderob. Den yttre etiketten med &#8220;Recycled Cotton&#8221;-logotypen markerar diskret att du har valt en klimatv\u00e4nlig produkt. Hatten \u00e4r ett smart val f\u00f6r dig som vill visa att stil och ansvar l\u00e4tt kan g\u00e5 hand i hand.   <\/p>\n<p>V\u00e5r bucket hat finns i flera f\u00e4rger, s\u00e5 att du kan v\u00e4lja den som passar din personliga stil b\u00e4st. Den kan best\u00e4llas med eller utan logotyptryck, vilket g\u00f6r den till en perfekt produkt f\u00f6r f\u00f6retagspresenter, varor eller f\u00f6r att lyfta fram ditt varum\u00e4rke p\u00e5 ett meningsfullt s\u00e4tt. Perfekt f\u00f6r b\u00e5de m\u00e4n och kvinnor, dess tidl\u00f6sa design s\u00e4kerst\u00e4ller att den aldrig g\u00e5r ur mode. G\u00f6r skillnad med din stil och v\u00e4lj en bucket hat som \u00e4r skapad med framtiden i \u00e5tanke.   <\/p>\nGlobal Recycled Standard certificeringen garanterar att man \u00e5tervunnet minst 50% av materialet i en slutprodukt. GRS \u00e4r dessutom en garanti f\u00f6r goda arbetsvillkor och minimalt inneh\u00e5ll av skatlig kemi. \n<p><img loading=\"lazy\" decoding=\"async\" src=\"https:\/\/grontkontor.dk\/wp-content\/uploads\/2021\/02\/genbrug.jpg\" alt=\"Fremstillet af genbrugsmaterialer\" width=\"50\" height=\"50\" class=\"size-full wp-image-23031\" srcset=\"https:\/\/grontkontor.dk\/wp-content\/uploads\/2021\/02\/genbrug.jpg 199w, https:\/\/grontkontor.dk\/wp-content\/uploads\/2021\/02\/genbrug-100x100.jpg 100w\" sizes=\"(max-width: 50px) 100vw, 50px\" \/> <a href=\"https:\/\/textileexchange.org\/standards\/recycled-claim-standard-global-recycled-standard\/\"><img loading=\"lazy\" decoding=\"async\" src=\"https:\/\/grontkontor.dk\/wp-content\/uploads\/2021\/06\/global-recycled-standard-1.jpg\" alt=\"Global recycled standard\" width=\"50\" height=\"50\" class=\"size-full wp-image-25504\" \/> <\/a><\/p>\n","protected":false},"excerpt":{"rendered":"<p><br data-mce-bogus=\"1\"><\/p>\n","protected":false},"featured_media":126947,"comment_status":"closed","ping_status":"closed","template":"","meta":{"_acf_changed":false},"product_cat":[4838,2107,2394,3143],"product_tag":[4738,1754],"class_list":{"0":"post-126891","1":"product","2":"type-product","3":"status-publish","4":"has-post-thumbnail","6":"product_cat-huvudbonad","7":"product_cat-dummy-moq-1-sv","8":"product_cat-nyheter","9":"product_cat-sport-och-fritid","10":"product_tag-hatt","11":"product_tag-hovedbeklaedning-sv","12":"tm-has-options","14":"first","15":"instock","16":"taxable","17":"shipping-taxable","18":"purchasable","19":"product-type-simple"},"acf":[],"yoast_head":"<!-- This site is optimized with the Yoast SEO Premium plugin v21.2 (Yoast SEO v21.2) - https:\/\/yoast.com\/wordpress\/plugins\/seo\/ -->\n<title>Milj\u00f6v\u00e4nlig bucket hat i ekologisk bomull<\/title>\n<meta name=\"description\" content=\"Milj\u00f6v\u00e4nlig bucket hat i 100% ekologisk bomull. Klimatv\u00e4nlig och andningsbar m\u00f6ssa, perfekt f\u00f6r soliga dagar. Perfekt f\u00f6r evenemang eller som g\u00e5va till anst\u00e4llda.\" \/>\n<meta name=\"robots\" content=\"index, follow, max-snippet:-1, max-image-preview:large, max-video-preview:-1\" \/>\n<link rel=\"canonical\" href=\"https:\/\/grontkontor.dk\/sv\/shop\/boellehat-oekologisk-bomuld-m-u-tryk\/\" \/>\n<meta property=\"og:locale\" content=\"sv_SE\" \/>\n<meta property=\"og:type\" content=\"article\" \/>\n<meta property=\"og:title\" content=\"Bucket hat i ekologisk bomull utan tryck\" \/>\n<meta property=\"og:description\" content=\"Milj\u00f6v\u00e4nlig bucket hat i 100% ekologisk bomull. Klimatv\u00e4nlig och andningsbar m\u00f6ssa, perfekt f\u00f6r soliga dagar. Perfekt f\u00f6r evenemang eller som g\u00e5va till anst\u00e4llda.\" \/>\n<meta property=\"og:url\" content=\"https:\/\/grontkontor.dk\/sv\/shop\/boellehat-oekologisk-bomuld-m-u-tryk\/\" \/>\n<meta property=\"og:site_name\" content=\"Gr\u00f8nt Kontor\" \/>\n<meta property=\"article:publisher\" content=\"https:\/\/www.facebook.com\/grontkontor.dk\/\" \/>\n<meta property=\"article:modified_time\" content=\"2025-11-06T09:46:15+00:00\" \/>\n<meta property=\"og:image\" content=\"https:\/\/grontkontor.dk\/wp-content\/uploads\/2025\/07\/Miljoevenlig-boellehat-oekologisk-bomuld.jpg\" \/>\n\t<meta property=\"og:image:width\" content=\"1080\" \/>\n\t<meta property=\"og:image:height\" content=\"766\" \/>\n\t<meta property=\"og:image:type\" content=\"image\/jpeg\" \/>\n<meta name=\"twitter:card\" content=\"summary_large_image\" \/>\n<meta name=\"twitter:label1\" content=\"Ber\u00e4knad l\u00e4stid\" \/>\n\t<meta name=\"twitter:data1\" content=\"1 minut\" \/>\n<script type=\"application\/ld+json\" class=\"yoast-schema-graph\">{\"@context\":\"https:\/\/schema.org\",\"@graph\":[{\"@type\":\"WebPage\",\"@id\":\"https:\/\/grontkontor.dk\/sv\/shop\/boellehat-oekologisk-bomuld-m-u-tryk\/\",\"url\":\"https:\/\/grontkontor.dk\/sv\/shop\/boellehat-oekologisk-bomuld-m-u-tryk\/\",\"name\":\"Milj\u00f6v\u00e4nlig bucket hat i ekologisk bomull\",\"isPartOf\":{\"@id\":\"https:\/\/grontkontor.dk\/#website\"},\"datePublished\":\"2025-07-07T06:51:52+00:00\",\"dateModified\":\"2025-11-06T09:46:15+00:00\",\"description\":\"Milj\u00f6v\u00e4nlig bucket hat i 100% ekologisk bomull. Klimatv\u00e4nlig och andningsbar m\u00f6ssa, perfekt f\u00f6r soliga dagar. Perfekt f\u00f6r evenemang eller som g\u00e5va till anst\u00e4llda.\",\"breadcrumb\":{\"@id\":\"https:\/\/grontkontor.dk\/sv\/shop\/boellehat-oekologisk-bomuld-m-u-tryk\/#breadcrumb\"},\"inLanguage\":\"sv-SE\",\"potentialAction\":[{\"@type\":\"ReadAction\",\"target\":[\"https:\/\/grontkontor.dk\/sv\/shop\/boellehat-oekologisk-bomuld-m-u-tryk\/\"]}]},{\"@type\":\"BreadcrumbList\",\"@id\":\"https:\/\/grontkontor.dk\/sv\/shop\/boellehat-oekologisk-bomuld-m-u-tryk\/#breadcrumb\",\"itemListElement\":[{\"@type\":\"ListItem\",\"position\":1,\"name\":\"Forside\",\"item\":\"https:\/\/grontkontor.dk\/\"},{\"@type\":\"ListItem\",\"position\":2,\"name\":\"Shop\",\"item\":\"https:\/\/grontkontor.dk\/sv\/shop\/\"},{\"@type\":\"ListItem\",\"position\":3,\"name\":\"Kl\u00e4der\",\"item\":\"https:\/\/grontkontor.dk\/sv\/produkt-kategori\/beklaedning-sv\/\"},{\"@type\":\"ListItem\",\"position\":4,\"name\":\"Huvudbonad\",\"item\":\"https:\/\/grontkontor.dk\/sv\/produkt-kategori\/beklaedning-sv\/huvudbonad\/\"},{\"@type\":\"ListItem\",\"position\":5,\"name\":\"Bucket hat i ekologisk bomull utan tryck\"}]},{\"@type\":\"WebSite\",\"@id\":\"https:\/\/grontkontor.dk\/#website\",\"url\":\"https:\/\/grontkontor.dk\/\",\"name\":\"Gr\u00f8nt Kontor\",\"description\":\"Milj\u00f8venlige produkter til kontor og erhverv med fokus p\u00e5 b\u00e6redygtighed, design og fair trade.\",\"publisher\":{\"@id\":\"https:\/\/grontkontor.dk\/#organization\"},\"potentialAction\":[{\"@type\":\"SearchAction\",\"target\":{\"@type\":\"EntryPoint\",\"urlTemplate\":\"https:\/\/grontkontor.dk\/?s={search_term_string}\"},\"query-input\":\"required name=search_term_string\"}],\"inLanguage\":\"sv-SE\"},{\"@type\":\"Organization\",\"@id\":\"https:\/\/grontkontor.dk\/#organization\",\"name\":\"Gr\u00f8nt Kontor\",\"url\":\"https:\/\/grontkontor.dk\/\",\"logo\":{\"@type\":\"ImageObject\",\"inLanguage\":\"sv-SE\",\"@id\":\"https:\/\/grontkontor.dk\/#\/schema\/logo\/image\/\",\"url\":\"https:\/\/grontkontor.dk\/wp-content\/uploads\/2014\/02\/Logo_groent_kontor_300x80.png\",\"contentUrl\":\"https:\/\/grontkontor.dk\/wp-content\/uploads\/2014\/02\/Logo_groent_kontor_300x80.png\",\"width\":300,\"height\":80,\"caption\":\"Gr\u00f8nt Kontor\"},\"image\":{\"@id\":\"https:\/\/grontkontor.dk\/#\/schema\/logo\/image\/\"},\"sameAs\":[\"https:\/\/www.facebook.com\/grontkontor.dk\/\"]}]}<\/script>\n<!-- \/ Yoast SEO Premium plugin. -->","yoast_head_json":{"title":"Milj\u00f6v\u00e4nlig bucket hat i ekologisk bomull","description":"Milj\u00f6v\u00e4nlig bucket hat i 100% ekologisk bomull. Klimatv\u00e4nlig och andningsbar m\u00f6ssa, perfekt f\u00f6r soliga dagar. Perfekt f\u00f6r evenemang eller som g\u00e5va till anst\u00e4llda.","robots":{"index":"index","follow":"follow","max-snippet":"max-snippet:-1","max-image-preview":"max-image-preview:large","max-video-preview":"max-video-preview:-1"},"canonical":"https:\/\/grontkontor.dk\/sv\/shop\/boellehat-oekologisk-bomuld-m-u-tryk\/","og_locale":"sv_SE","og_type":"article","og_title":"Bucket hat i ekologisk bomull utan tryck","og_description":"Milj\u00f6v\u00e4nlig bucket hat i 100% ekologisk bomull. Klimatv\u00e4nlig och andningsbar m\u00f6ssa, perfekt f\u00f6r soliga dagar. Perfekt f\u00f6r evenemang eller som g\u00e5va till anst\u00e4llda.","og_url":"https:\/\/grontkontor.dk\/sv\/shop\/boellehat-oekologisk-bomuld-m-u-tryk\/","og_site_name":"Gr\u00f8nt Kontor","article_publisher":"https:\/\/www.facebook.com\/grontkontor.dk\/","article_modified_time":"2025-11-06T09:46:15+00:00","og_image":[{"width":1080,"height":766,"url":"https:\/\/grontkontor.dk\/wp-content\/uploads\/2025\/07\/Miljoevenlig-boellehat-oekologisk-bomuld.jpg","type":"image\/jpeg"}],"twitter_card":"summary_large_image","twitter_misc":{"Ber\u00e4knad l\u00e4stid":"1 minut"},"schema":{"@context":"https:\/\/schema.org","@graph":[{"@type":"WebPage","@id":"https:\/\/grontkontor.dk\/sv\/shop\/boellehat-oekologisk-bomuld-m-u-tryk\/","url":"https:\/\/grontkontor.dk\/sv\/shop\/boellehat-oekologisk-bomuld-m-u-tryk\/","name":"Milj\u00f6v\u00e4nlig bucket hat i ekologisk bomull","isPartOf":{"@id":"https:\/\/grontkontor.dk\/#website"},"datePublished":"2025-07-07T06:51:52+00:00","dateModified":"2025-11-06T09:46:15+00:00","description":"Milj\u00f6v\u00e4nlig bucket hat i 100% ekologisk bomull. Klimatv\u00e4nlig och andningsbar m\u00f6ssa, perfekt f\u00f6r soliga dagar. Perfekt f\u00f6r evenemang eller som g\u00e5va till anst\u00e4llda.","breadcrumb":{"@id":"https:\/\/grontkontor.dk\/sv\/shop\/boellehat-oekologisk-bomuld-m-u-tryk\/#breadcrumb"},"inLanguage":"sv-SE","potentialAction":[{"@type":"ReadAction","target":["https:\/\/grontkontor.dk\/sv\/shop\/boellehat-oekologisk-bomuld-m-u-tryk\/"]}]},{"@type":"BreadcrumbList","@id":"https:\/\/grontkontor.dk\/sv\/shop\/boellehat-oekologisk-bomuld-m-u-tryk\/#breadcrumb","itemListElement":[{"@type":"ListItem","position":1,"name":"Forside","item":"https:\/\/grontkontor.dk\/"},{"@type":"ListItem","position":2,"name":"Shop","item":"https:\/\/grontkontor.dk\/sv\/shop\/"},{"@type":"ListItem","position":3,"name":"Kl\u00e4der","item":"https:\/\/grontkontor.dk\/sv\/produkt-kategori\/beklaedning-sv\/"},{"@type":"ListItem","position":4,"name":"Huvudbonad","item":"https:\/\/grontkontor.dk\/sv\/produkt-kategori\/beklaedning-sv\/huvudbonad\/"},{"@type":"ListItem","position":5,"name":"Bucket hat i ekologisk bomull utan tryck"}]},{"@type":"WebSite","@id":"https:\/\/grontkontor.dk\/#website","url":"https:\/\/grontkontor.dk\/","name":"Gr\u00f8nt Kontor","description":"Milj\u00f8venlige produkter til kontor og erhverv med fokus p\u00e5 b\u00e6redygtighed, design og fair trade.","publisher":{"@id":"https:\/\/grontkontor.dk\/#organization"},"potentialAction":[{"@type":"SearchAction","target":{"@type":"EntryPoint","urlTemplate":"https:\/\/grontkontor.dk\/?s={search_term_string}"},"query-input":"required name=search_term_string"}],"inLanguage":"sv-SE"},{"@type":"Organization","@id":"https:\/\/grontkontor.dk\/#organization","name":"Gr\u00f8nt Kontor","url":"https:\/\/grontkontor.dk\/","logo":{"@type":"ImageObject","inLanguage":"sv-SE","@id":"https:\/\/grontkontor.dk\/#\/schema\/logo\/image\/","url":"https:\/\/grontkontor.dk\/wp-content\/uploads\/2014\/02\/Logo_groent_kontor_300x80.png","contentUrl":"https:\/\/grontkontor.dk\/wp-content\/uploads\/2014\/02\/Logo_groent_kontor_300x80.png","width":300,"height":80,"caption":"Gr\u00f8nt Kontor"},"image":{"@id":"https:\/\/grontkontor.dk\/#\/schema\/logo\/image\/"},"sameAs":["https:\/\/www.facebook.com\/grontkontor.dk\/"]}]}},"_links":{"self":[{"href":"https:\/\/grontkontor.dk\/sv\/wp-json\/wp\/v2\/product\/126891"}],"collection":[{"href":"https:\/\/grontkontor.dk\/sv\/wp-json\/wp\/v2\/product"}],"about":[{"href":"https:\/\/grontkontor.dk\/sv\/wp-json\/wp\/v2\/types\/product"}],"replies":[{"embeddable":true,"href":"https:\/\/grontkontor.dk\/sv\/wp-json\/wp\/v2\/comments?post=126891"}],"wp:featuredmedia":[{"embeddable":true,"href":"https:\/\/grontkontor.dk\/sv\/wp-json\/wp\/v2\/media\/126947"}],"wp:attachment":[{"href":"https:\/\/grontkontor.dk\/sv\/wp-json\/wp\/v2\/media?parent=126891"}],"wp:term":[{"taxonomy":"product_cat","embeddable":true,"href":"https:\/\/grontkontor.dk\/sv\/wp-json\/wp\/v2\/product_cat?post=126891"},{"taxonomy":"product_tag","embeddable":true,"href":"https:\/\/grontkontor.dk\/sv\/wp-json\/wp\/v2\/product_tag?post=126891"}],"curies":[{"name":"wp","href":"https:\/\/api.w.org\/{rel}","templated":true}]}}