{"id":127040,"date":"2025-07-08T11:52:51","date_gmt":"2025-07-08T09:52:54","guid":{"rendered":"https:\/\/grontkontor.dk\/?post_type=product&#038;p=127040"},"modified":"2025-07-10T15:53:26","modified_gmt":"2025-07-10T13:53:26","slug":"lille-to-go-kop-staal-220-ml","status":"publish","type":"product","link":"https:\/\/grontkontor.dk\/sv\/shop\/lille-to-go-kop-staal-220-ml\/","title":{"rendered":"Liten to-go kopp st\u00e5l 220 ml"},"content":{"rendered":"<p>Okrossbar to-go mugg i \u00e5tervunnet rostfritt st\u00e5l med en kapacitet p\u00e5 220 ml. Som alla v\u00e5ra andra koppar, BPA-fria och godk\u00e4nda f\u00f6r kontakt med livsmedel. Handtaget fungerar som en karbinhake, som enkelt kan f\u00e4stas p\u00e5 utsidan av packning, ryggs\u00e4ckar etc. En snygg och robust produkt, perfekt f\u00f6r f\u00f6retagspresenter eller handouts f\u00f6r m\u00e4ssor, evenemang eller utomhusevenemang. Finns med fullf\u00e4rgssublimeringstryck eller lasergravering.     St\u00e5l\/j\u00e4rn \u00e4r en \u00e5tranv\u00e4ndbar och i praktiken obegr\u00e4nsad resurs som inte f\u00f6rorenar vid kassering. Produktionen av st\u00e5l \u00e4r i sig sj\u00e4lv inte h\u00e5llbar, d\u00e5 det produceras stora m\u00e4ngder CO2 fr\u00e5n fossila materialer i processen. Men d\u00e4remot har st\u00e5lprodukter en ovanligt l\u00e5ng levnadstid och g\u00f6r det m\u00f6jligt f\u00f6r \u00e5tervinning i det o\u00e4ndliga, vilket sker i s\u00e5 stort utstr\u00e4ckning att absolut st\u00f6rsta delen av allt st\u00e5l p\u00e5 marknaden, i huvudsak, best\u00e5r av \u00e5tervunnet st\u00e5l.  &nbsp;<\/p>\n","protected":false},"excerpt":{"rendered":"<p>Okrossbar to-go mugg i \u00e5tervunnet rostfritt st\u00e5l med en kapacitet p\u00e5 220 ml. Som alla v\u00e5ra andra koppar, BPA-fria och godk\u00e4nda f\u00f6r kontakt med livsmedel. Handtaget fungerar som en karbinhake, som enkelt kan f\u00e4stas p\u00e5 utsidan av packning, ryggs\u00e4ckar etc. En snygg och robust produkt, perfekt f\u00f6r f\u00f6retagspresenter eller handouts f\u00f6r m\u00e4ssor, evenemang eller utomhusevenemang. [&hellip;]<\/p>\n","protected":false},"featured_media":127086,"comment_status":"closed","ping_status":"closed","template":"","meta":{"_acf_changed":false},"product_cat":[2107,2233,1954,2394],"product_tag":[1910,1912],"class_list":{"0":"post-127040","1":"product","2":"type-product","3":"status-publish","4":"has-post-thumbnail","6":"product_cat-dummy-moq-1-sv","7":"product_cat-mat-och-dryck","8":"product_cat-muggar-och-koppar","9":"product_cat-nyheter","10":"product_tag-krus-sv","11":"product_tag-termokrus-sv","12":"pa_farve-blaa-sv","13":"pa_farve-groen-sv","14":"pa_farve-roed-sv","15":"pa_farve-sort-sv","16":"pa_farve-hvid-sv","17":"tm-has-options","19":"first","20":"instock","21":"featured","22":"taxable","23":"shipping-taxable","24":"purchasable","25":"product-type-simple"},"acf":[],"yoast_head":"<!-- This site is optimized with the Yoast SEO Premium plugin v21.2 (Yoast SEO v21.2) - https:\/\/yoast.com\/wordpress\/plugins\/seo\/ -->\n<title>Liten to-go kopp st\u00e5l 220 ml - Gr\u00f8nt Kontor<\/title>\n<meta name=\"robots\" content=\"index, follow, max-snippet:-1, max-image-preview:large, max-video-preview:-1\" \/>\n<link rel=\"canonical\" href=\"https:\/\/grontkontor.dk\/sv\/shop\/lille-to-go-kop-staal-220-ml\/\" \/>\n<meta property=\"og:locale\" content=\"sv_SE\" \/>\n<meta property=\"og:type\" content=\"article\" \/>\n<meta property=\"og:title\" content=\"Liten to-go kopp st\u00e5l 220 ml\" \/>\n<meta property=\"og:description\" content=\"Okrossbar to-go mugg i \u00e5tervunnet rostfritt st\u00e5l med en kapacitet p\u00e5 220 ml. Som alla v\u00e5ra andra koppar, BPA-fria och godk\u00e4nda f\u00f6r kontakt med livsmedel. Handtaget fungerar som en karbinhake, som enkelt kan f\u00e4stas p\u00e5 utsidan av packning, ryggs\u00e4ckar etc. En snygg och robust produkt, perfekt f\u00f6r f\u00f6retagspresenter eller handouts f\u00f6r m\u00e4ssor, evenemang eller utomhusevenemang. [&hellip;]\" \/>\n<meta property=\"og:url\" content=\"https:\/\/grontkontor.dk\/sv\/shop\/lille-to-go-kop-staal-220-ml\/\" \/>\n<meta property=\"og:site_name\" content=\"Gr\u00f8nt Kontor\" \/>\n<meta property=\"article:publisher\" content=\"https:\/\/www.facebook.com\/grontkontor.dk\/\" \/>\n<meta property=\"article:modified_time\" content=\"2025-07-10T13:53:26+00:00\" \/>\n<meta property=\"og:image\" content=\"https:\/\/grontkontor.dk\/wp-content\/uploads\/2025\/07\/To-go-kop-i-staal-med-karabinhage-fuldfarvetryk.jpg\" \/>\n\t<meta property=\"og:image:width\" content=\"1217\" \/>\n\t<meta property=\"og:image:height\" content=\"864\" \/>\n\t<meta property=\"og:image:type\" content=\"image\/jpeg\" \/>\n<meta name=\"twitter:card\" content=\"summary_large_image\" \/>\n<script type=\"application\/ld+json\" class=\"yoast-schema-graph\">{\"@context\":\"https:\/\/schema.org\",\"@graph\":[{\"@type\":\"WebPage\",\"@id\":\"https:\/\/grontkontor.dk\/sv\/shop\/lille-to-go-kop-staal-220-ml\/\",\"url\":\"https:\/\/grontkontor.dk\/sv\/shop\/lille-to-go-kop-staal-220-ml\/\",\"name\":\"Liten to-go kopp st\u00e5l 220 ml - Gr\u00f8nt Kontor\",\"isPartOf\":{\"@id\":\"https:\/\/grontkontor.dk\/#website\"},\"datePublished\":\"2025-07-08T09:52:54+00:00\",\"dateModified\":\"2025-07-10T13:53:26+00:00\",\"breadcrumb\":{\"@id\":\"https:\/\/grontkontor.dk\/sv\/shop\/lille-to-go-kop-staal-220-ml\/#breadcrumb\"},\"inLanguage\":\"sv-SE\",\"potentialAction\":[{\"@type\":\"ReadAction\",\"target\":[\"https:\/\/grontkontor.dk\/sv\/shop\/lille-to-go-kop-staal-220-ml\/\"]}]},{\"@type\":\"BreadcrumbList\",\"@id\":\"https:\/\/grontkontor.dk\/sv\/shop\/lille-to-go-kop-staal-220-ml\/#breadcrumb\",\"itemListElement\":[{\"@type\":\"ListItem\",\"position\":1,\"name\":\"Forside\",\"item\":\"https:\/\/grontkontor.dk\/\"},{\"@type\":\"ListItem\",\"position\":2,\"name\":\"Shop\",\"item\":\"https:\/\/grontkontor.dk\/sv\/shop\/\"},{\"@type\":\"ListItem\",\"position\":3,\"name\":\"Mad og drikke\",\"item\":\"https:\/\/grontkontor.dk\/produkt-kategori\/mad-og-drikke\/\"},{\"@type\":\"ListItem\",\"position\":4,\"name\":\"Krus, kopper mm.\",\"item\":\"https:\/\/grontkontor.dk\/produkt-kategori\/mad-og-drikke\/to-go-krus-og-kopper\/\"},{\"@type\":\"ListItem\",\"position\":5,\"name\":\"Liten to-go kopp st\u00e5l 220 ml\"}]},{\"@type\":\"WebSite\",\"@id\":\"https:\/\/grontkontor.dk\/#website\",\"url\":\"https:\/\/grontkontor.dk\/\",\"name\":\"Gr\u00f8nt Kontor\",\"description\":\"Milj\u00f8venlige produkter til kontor og erhverv med fokus p\u00e5 b\u00e6redygtighed, design og fair trade.\",\"publisher\":{\"@id\":\"https:\/\/grontkontor.dk\/#organization\"},\"potentialAction\":[{\"@type\":\"SearchAction\",\"target\":{\"@type\":\"EntryPoint\",\"urlTemplate\":\"https:\/\/grontkontor.dk\/?s={search_term_string}\"},\"query-input\":\"required name=search_term_string\"}],\"inLanguage\":\"sv-SE\"},{\"@type\":\"Organization\",\"@id\":\"https:\/\/grontkontor.dk\/#organization\",\"name\":\"Gr\u00f8nt Kontor\",\"url\":\"https:\/\/grontkontor.dk\/\",\"logo\":{\"@type\":\"ImageObject\",\"inLanguage\":\"sv-SE\",\"@id\":\"https:\/\/grontkontor.dk\/#\/schema\/logo\/image\/\",\"url\":\"https:\/\/grontkontor.dk\/wp-content\/uploads\/2014\/02\/Logo_groent_kontor_300x80.png\",\"contentUrl\":\"https:\/\/grontkontor.dk\/wp-content\/uploads\/2014\/02\/Logo_groent_kontor_300x80.png\",\"width\":300,\"height\":80,\"caption\":\"Gr\u00f8nt Kontor\"},\"image\":{\"@id\":\"https:\/\/grontkontor.dk\/#\/schema\/logo\/image\/\"},\"sameAs\":[\"https:\/\/www.facebook.com\/grontkontor.dk\/\"]}]}<\/script>\n<!-- \/ Yoast SEO Premium plugin. -->","yoast_head_json":{"title":"Liten to-go kopp st\u00e5l 220 ml - Gr\u00f8nt Kontor","robots":{"index":"index","follow":"follow","max-snippet":"max-snippet:-1","max-image-preview":"max-image-preview:large","max-video-preview":"max-video-preview:-1"},"canonical":"https:\/\/grontkontor.dk\/sv\/shop\/lille-to-go-kop-staal-220-ml\/","og_locale":"sv_SE","og_type":"article","og_title":"Liten to-go kopp st\u00e5l 220 ml","og_description":"Okrossbar to-go mugg i \u00e5tervunnet rostfritt st\u00e5l med en kapacitet p\u00e5 220 ml. Som alla v\u00e5ra andra koppar, BPA-fria och godk\u00e4nda f\u00f6r kontakt med livsmedel. Handtaget fungerar som en karbinhake, som enkelt kan f\u00e4stas p\u00e5 utsidan av packning, ryggs\u00e4ckar etc. En snygg och robust produkt, perfekt f\u00f6r f\u00f6retagspresenter eller handouts f\u00f6r m\u00e4ssor, evenemang eller utomhusevenemang. [&hellip;]","og_url":"https:\/\/grontkontor.dk\/sv\/shop\/lille-to-go-kop-staal-220-ml\/","og_site_name":"Gr\u00f8nt Kontor","article_publisher":"https:\/\/www.facebook.com\/grontkontor.dk\/","article_modified_time":"2025-07-10T13:53:26+00:00","og_image":[{"width":1217,"height":864,"url":"https:\/\/grontkontor.dk\/wp-content\/uploads\/2025\/07\/To-go-kop-i-staal-med-karabinhage-fuldfarvetryk.jpg","type":"image\/jpeg"}],"twitter_card":"summary_large_image","schema":{"@context":"https:\/\/schema.org","@graph":[{"@type":"WebPage","@id":"https:\/\/grontkontor.dk\/sv\/shop\/lille-to-go-kop-staal-220-ml\/","url":"https:\/\/grontkontor.dk\/sv\/shop\/lille-to-go-kop-staal-220-ml\/","name":"Liten to-go kopp st\u00e5l 220 ml - Gr\u00f8nt Kontor","isPartOf":{"@id":"https:\/\/grontkontor.dk\/#website"},"datePublished":"2025-07-08T09:52:54+00:00","dateModified":"2025-07-10T13:53:26+00:00","breadcrumb":{"@id":"https:\/\/grontkontor.dk\/sv\/shop\/lille-to-go-kop-staal-220-ml\/#breadcrumb"},"inLanguage":"sv-SE","potentialAction":[{"@type":"ReadAction","target":["https:\/\/grontkontor.dk\/sv\/shop\/lille-to-go-kop-staal-220-ml\/"]}]},{"@type":"BreadcrumbList","@id":"https:\/\/grontkontor.dk\/sv\/shop\/lille-to-go-kop-staal-220-ml\/#breadcrumb","itemListElement":[{"@type":"ListItem","position":1,"name":"Forside","item":"https:\/\/grontkontor.dk\/"},{"@type":"ListItem","position":2,"name":"Shop","item":"https:\/\/grontkontor.dk\/sv\/shop\/"},{"@type":"ListItem","position":3,"name":"Mad og drikke","item":"https:\/\/grontkontor.dk\/produkt-kategori\/mad-og-drikke\/"},{"@type":"ListItem","position":4,"name":"Krus, kopper mm.","item":"https:\/\/grontkontor.dk\/produkt-kategori\/mad-og-drikke\/to-go-krus-og-kopper\/"},{"@type":"ListItem","position":5,"name":"Liten to-go kopp st\u00e5l 220 ml"}]},{"@type":"WebSite","@id":"https:\/\/grontkontor.dk\/#website","url":"https:\/\/grontkontor.dk\/","name":"Gr\u00f8nt Kontor","description":"Milj\u00f8venlige produkter til kontor og erhverv med fokus p\u00e5 b\u00e6redygtighed, design og fair trade.","publisher":{"@id":"https:\/\/grontkontor.dk\/#organization"},"potentialAction":[{"@type":"SearchAction","target":{"@type":"EntryPoint","urlTemplate":"https:\/\/grontkontor.dk\/?s={search_term_string}"},"query-input":"required name=search_term_string"}],"inLanguage":"sv-SE"},{"@type":"Organization","@id":"https:\/\/grontkontor.dk\/#organization","name":"Gr\u00f8nt Kontor","url":"https:\/\/grontkontor.dk\/","logo":{"@type":"ImageObject","inLanguage":"sv-SE","@id":"https:\/\/grontkontor.dk\/#\/schema\/logo\/image\/","url":"https:\/\/grontkontor.dk\/wp-content\/uploads\/2014\/02\/Logo_groent_kontor_300x80.png","contentUrl":"https:\/\/grontkontor.dk\/wp-content\/uploads\/2014\/02\/Logo_groent_kontor_300x80.png","width":300,"height":80,"caption":"Gr\u00f8nt Kontor"},"image":{"@id":"https:\/\/grontkontor.dk\/#\/schema\/logo\/image\/"},"sameAs":["https:\/\/www.facebook.com\/grontkontor.dk\/"]}]}},"_links":{"self":[{"href":"https:\/\/grontkontor.dk\/sv\/wp-json\/wp\/v2\/product\/127040"}],"collection":[{"href":"https:\/\/grontkontor.dk\/sv\/wp-json\/wp\/v2\/product"}],"about":[{"href":"https:\/\/grontkontor.dk\/sv\/wp-json\/wp\/v2\/types\/product"}],"replies":[{"embeddable":true,"href":"https:\/\/grontkontor.dk\/sv\/wp-json\/wp\/v2\/comments?post=127040"}],"wp:featuredmedia":[{"embeddable":true,"href":"https:\/\/grontkontor.dk\/sv\/wp-json\/wp\/v2\/media\/127086"}],"wp:attachment":[{"href":"https:\/\/grontkontor.dk\/sv\/wp-json\/wp\/v2\/media?parent=127040"}],"wp:term":[{"taxonomy":"product_cat","embeddable":true,"href":"https:\/\/grontkontor.dk\/sv\/wp-json\/wp\/v2\/product_cat?post=127040"},{"taxonomy":"product_tag","embeddable":true,"href":"https:\/\/grontkontor.dk\/sv\/wp-json\/wp\/v2\/product_tag?post=127040"}],"curies":[{"name":"wp","href":"https:\/\/api.w.org\/{rel}","templated":true}]}}