{"id":127637,"date":"2025-08-26T09:45:46","date_gmt":"2025-08-26T07:45:47","guid":{"rendered":"https:\/\/grontkontor.dk\/?post_type=product&#038;p=127637"},"modified":"2025-09-10T09:58:30","modified_gmt":"2025-09-10T07:58:30","slug":"bordspejl-fsc-egetrae","status":"publish","type":"product","link":"https:\/\/grontkontor.dk\/sv\/shop\/bordspejl-fsc-egetrae\/","title":{"rendered":"Bordsspegel FSC ek"},"content":{"rendered":"<p data-start=\"82\" data-end=\"160\">Klimatv\u00e4nlig bordsspegel tillverkad av FSC-certifierad ek och spegelglas. Med sin enkla och ikoniska form ger den ett modernt och minimalistiskt utseende till inredningen. <\/p>\n<p data-start=\"384\" data-end=\"590\">Spegeln \u00e4r l\u00e4tt att placera p\u00e5 byr\u00e5er, hyllor eller skrivbord och passar in i b\u00e5de vardagsrummet, sovrummet eller hallen. Det \u00e4r ett snyggt och funktionellt tillbeh\u00f6r som ger en touch av sofistikering till ditt hem. <\/p>\n<p data-start=\"384\" data-end=\"590\">S\u00e4ljs i f\u00f6rpackningar om 6 st.<\/p>\n<p>FSC certificeringen s\u00e4krar \u00e5terplantering av skog, beskyddar djur- och v\u00e4xtliv\noch s\u00e4krar goda l\u00f6n- och arbetsf\u00f6rh\u00e5llanden.  Best\u00e4ll ett icke bindande erbjudande p\u00e5 tryck eller lasergravering hos <a class=\"light\" href=\"mailto:jens@grontkontor.dk\">jens@grontkontor.dk<\/a>   <a href=\"https:\/\/ic.fsc.org\/en\/\" target=\"window\"><img loading=\"lazy\" decoding=\"async\" class=\"size-full wp-image-12735\" src=\"https:\/\/grontkontor.dk\/wp-content\/uploads\/2019\/04\/fsc-certificeret.png\" \n\t\t alt=\"FSC-certificeret\" title=\"FSC-certificeret\" width=\"44\" height=\"51\" border=0\/><\/a><\/p>\n","protected":false},"excerpt":{"rendered":"<p>Klimatv\u00e4nlig bordsspegel tillverkad av FSC-certifierad ek och spegelglas. Med sin enkla och ikoniska form ger den ett modernt och minimalistiskt utseende till inredningen. Spegeln \u00e4r l\u00e4tt att placera p\u00e5 byr\u00e5er, hyllor eller skrivbord och passar in i b\u00e5de vardagsrummet, sovrummet eller hallen. Det \u00e4r ett snyggt och funktionellt tillbeh\u00f6r som ger en touch av sofistikering [&hellip;]<\/p>\n","protected":false},"featured_media":127644,"comment_status":"closed","ping_status":"closed","template":"","meta":{"_acf_changed":false},"product_cat":[2450,2172,2394,2646,1854],"product_tag":[2708,2699],"class_list":{"0":"post-127637","1":"product","2":"type-product","3":"status-publish","4":"has-post-thumbnail","6":"product_cat-dummy-moq-10-50-sv","7":"product_cat-ektrad","8":"product_cat-nyheter","9":"product_cat-olika-miljovanliga-mobler","10":"product_cat-produkt-serier-se","11":"product_tag-baenk-sv","12":"product_tag-moebler","13":"tm-has-options","15":"first","16":"instock","17":"taxable","18":"shipping-taxable","19":"purchasable","20":"product-type-simple"},"acf":[],"yoast_head":"<!-- This site is optimized with the Yoast SEO Premium plugin v21.2 (Yoast SEO v21.2) - https:\/\/yoast.com\/wordpress\/plugins\/seo\/ -->\n<title>Bordsspegel FSC ek - Gr\u00f8nt Kontor<\/title>\n<meta name=\"robots\" content=\"index, follow, max-snippet:-1, max-image-preview:large, max-video-preview:-1\" \/>\n<link rel=\"canonical\" href=\"https:\/\/grontkontor.dk\/sv\/shop\/bordspejl-fsc-egetrae\/\" \/>\n<meta property=\"og:locale\" content=\"sv_SE\" \/>\n<meta property=\"og:type\" content=\"article\" \/>\n<meta property=\"og:title\" content=\"Bordsspegel FSC ek\" \/>\n<meta property=\"og:description\" content=\"Klimatv\u00e4nlig bordsspegel tillverkad av FSC-certifierad ek och spegelglas. Med sin enkla och ikoniska form ger den ett modernt och minimalistiskt utseende till inredningen. Spegeln \u00e4r l\u00e4tt att placera p\u00e5 byr\u00e5er, hyllor eller skrivbord och passar in i b\u00e5de vardagsrummet, sovrummet eller hallen. Det \u00e4r ett snyggt och funktionellt tillbeh\u00f6r som ger en touch av sofistikering [&hellip;]\" \/>\n<meta property=\"og:url\" content=\"https:\/\/grontkontor.dk\/sv\/shop\/bordspejl-fsc-egetrae\/\" \/>\n<meta property=\"og:site_name\" content=\"Gr\u00f8nt Kontor\" \/>\n<meta property=\"article:publisher\" content=\"https:\/\/www.facebook.com\/grontkontor.dk\/\" \/>\n<meta property=\"article:modified_time\" content=\"2025-09-10T07:58:30+00:00\" \/>\n<meta property=\"og:image\" content=\"https:\/\/grontkontor.dk\/wp-content\/uploads\/2023\/03\/Opslagstavle-FSC-egetrae-klimavenlig.jpg\" \/>\n\t<meta property=\"og:image:width\" content=\"900\" \/>\n\t<meta property=\"og:image:height\" content=\"639\" \/>\n\t<meta property=\"og:image:type\" content=\"image\/jpeg\" \/>\n<meta name=\"twitter:card\" content=\"summary_large_image\" \/>\n<script type=\"application\/ld+json\" class=\"yoast-schema-graph\">{\"@context\":\"https:\/\/schema.org\",\"@graph\":[{\"@type\":\"WebPage\",\"@id\":\"https:\/\/grontkontor.dk\/sv\/shop\/bordspejl-fsc-egetrae\/\",\"url\":\"https:\/\/grontkontor.dk\/sv\/shop\/bordspejl-fsc-egetrae\/\",\"name\":\"Bordsspegel FSC ek - Gr\u00f8nt Kontor\",\"isPartOf\":{\"@id\":\"https:\/\/grontkontor.dk\/#website\"},\"datePublished\":\"2025-08-26T07:45:47+00:00\",\"dateModified\":\"2025-09-10T07:58:30+00:00\",\"breadcrumb\":{\"@id\":\"https:\/\/grontkontor.dk\/sv\/shop\/bordspejl-fsc-egetrae\/#breadcrumb\"},\"inLanguage\":\"sv-SE\",\"potentialAction\":[{\"@type\":\"ReadAction\",\"target\":[\"https:\/\/grontkontor.dk\/sv\/shop\/bordspejl-fsc-egetrae\/\"]}]},{\"@type\":\"BreadcrumbList\",\"@id\":\"https:\/\/grontkontor.dk\/sv\/shop\/bordspejl-fsc-egetrae\/#breadcrumb\",\"itemListElement\":[{\"@type\":\"ListItem\",\"position\":1,\"name\":\"Forside\",\"item\":\"https:\/\/grontkontor.dk\/\"},{\"@type\":\"ListItem\",\"position\":2,\"name\":\"Shop\",\"item\":\"https:\/\/grontkontor.dk\/sv\/shop\/\"},{\"@type\":\"ListItem\",\"position\":3,\"name\":\"M\u00f8bler og inventar\",\"item\":\"https:\/\/grontkontor.dk\/produkt-kategori\/mobler-og-inventar\/\"},{\"@type\":\"ListItem\",\"position\":4,\"name\":\"Diverse inventar\",\"item\":\"https:\/\/grontkontor.dk\/produkt-kategori\/mobler-og-inventar\/diverse-inventar\/\"},{\"@type\":\"ListItem\",\"position\":5,\"name\":\"Bordsspegel FSC ek\"}]},{\"@type\":\"WebSite\",\"@id\":\"https:\/\/grontkontor.dk\/#website\",\"url\":\"https:\/\/grontkontor.dk\/\",\"name\":\"Gr\u00f8nt Kontor\",\"description\":\"Milj\u00f8venlige produkter til kontor og erhverv med fokus p\u00e5 b\u00e6redygtighed, design og fair trade.\",\"publisher\":{\"@id\":\"https:\/\/grontkontor.dk\/#organization\"},\"potentialAction\":[{\"@type\":\"SearchAction\",\"target\":{\"@type\":\"EntryPoint\",\"urlTemplate\":\"https:\/\/grontkontor.dk\/?s={search_term_string}\"},\"query-input\":\"required name=search_term_string\"}],\"inLanguage\":\"sv-SE\"},{\"@type\":\"Organization\",\"@id\":\"https:\/\/grontkontor.dk\/#organization\",\"name\":\"Gr\u00f8nt Kontor\",\"url\":\"https:\/\/grontkontor.dk\/\",\"logo\":{\"@type\":\"ImageObject\",\"inLanguage\":\"sv-SE\",\"@id\":\"https:\/\/grontkontor.dk\/#\/schema\/logo\/image\/\",\"url\":\"https:\/\/grontkontor.dk\/wp-content\/uploads\/2014\/02\/Logo_groent_kontor_300x80.png\",\"contentUrl\":\"https:\/\/grontkontor.dk\/wp-content\/uploads\/2014\/02\/Logo_groent_kontor_300x80.png\",\"width\":300,\"height\":80,\"caption\":\"Gr\u00f8nt Kontor\"},\"image\":{\"@id\":\"https:\/\/grontkontor.dk\/#\/schema\/logo\/image\/\"},\"sameAs\":[\"https:\/\/www.facebook.com\/grontkontor.dk\/\"]}]}<\/script>\n<!-- \/ Yoast SEO Premium plugin. -->","yoast_head_json":{"title":"Bordsspegel FSC ek - Gr\u00f8nt Kontor","robots":{"index":"index","follow":"follow","max-snippet":"max-snippet:-1","max-image-preview":"max-image-preview:large","max-video-preview":"max-video-preview:-1"},"canonical":"https:\/\/grontkontor.dk\/sv\/shop\/bordspejl-fsc-egetrae\/","og_locale":"sv_SE","og_type":"article","og_title":"Bordsspegel FSC ek","og_description":"Klimatv\u00e4nlig bordsspegel tillverkad av FSC-certifierad ek och spegelglas. Med sin enkla och ikoniska form ger den ett modernt och minimalistiskt utseende till inredningen. Spegeln \u00e4r l\u00e4tt att placera p\u00e5 byr\u00e5er, hyllor eller skrivbord och passar in i b\u00e5de vardagsrummet, sovrummet eller hallen. Det \u00e4r ett snyggt och funktionellt tillbeh\u00f6r som ger en touch av sofistikering [&hellip;]","og_url":"https:\/\/grontkontor.dk\/sv\/shop\/bordspejl-fsc-egetrae\/","og_site_name":"Gr\u00f8nt Kontor","article_publisher":"https:\/\/www.facebook.com\/grontkontor.dk\/","article_modified_time":"2025-09-10T07:58:30+00:00","og_image":[{"width":900,"height":639,"url":"https:\/\/grontkontor.dk\/wp-content\/uploads\/2023\/03\/Opslagstavle-FSC-egetrae-klimavenlig.jpg","type":"image\/jpeg"}],"twitter_card":"summary_large_image","schema":{"@context":"https:\/\/schema.org","@graph":[{"@type":"WebPage","@id":"https:\/\/grontkontor.dk\/sv\/shop\/bordspejl-fsc-egetrae\/","url":"https:\/\/grontkontor.dk\/sv\/shop\/bordspejl-fsc-egetrae\/","name":"Bordsspegel FSC ek - Gr\u00f8nt Kontor","isPartOf":{"@id":"https:\/\/grontkontor.dk\/#website"},"datePublished":"2025-08-26T07:45:47+00:00","dateModified":"2025-09-10T07:58:30+00:00","breadcrumb":{"@id":"https:\/\/grontkontor.dk\/sv\/shop\/bordspejl-fsc-egetrae\/#breadcrumb"},"inLanguage":"sv-SE","potentialAction":[{"@type":"ReadAction","target":["https:\/\/grontkontor.dk\/sv\/shop\/bordspejl-fsc-egetrae\/"]}]},{"@type":"BreadcrumbList","@id":"https:\/\/grontkontor.dk\/sv\/shop\/bordspejl-fsc-egetrae\/#breadcrumb","itemListElement":[{"@type":"ListItem","position":1,"name":"Forside","item":"https:\/\/grontkontor.dk\/"},{"@type":"ListItem","position":2,"name":"Shop","item":"https:\/\/grontkontor.dk\/sv\/shop\/"},{"@type":"ListItem","position":3,"name":"M\u00f8bler og inventar","item":"https:\/\/grontkontor.dk\/produkt-kategori\/mobler-og-inventar\/"},{"@type":"ListItem","position":4,"name":"Diverse inventar","item":"https:\/\/grontkontor.dk\/produkt-kategori\/mobler-og-inventar\/diverse-inventar\/"},{"@type":"ListItem","position":5,"name":"Bordsspegel FSC ek"}]},{"@type":"WebSite","@id":"https:\/\/grontkontor.dk\/#website","url":"https:\/\/grontkontor.dk\/","name":"Gr\u00f8nt Kontor","description":"Milj\u00f8venlige produkter til kontor og erhverv med fokus p\u00e5 b\u00e6redygtighed, design og fair trade.","publisher":{"@id":"https:\/\/grontkontor.dk\/#organization"},"potentialAction":[{"@type":"SearchAction","target":{"@type":"EntryPoint","urlTemplate":"https:\/\/grontkontor.dk\/?s={search_term_string}"},"query-input":"required name=search_term_string"}],"inLanguage":"sv-SE"},{"@type":"Organization","@id":"https:\/\/grontkontor.dk\/#organization","name":"Gr\u00f8nt Kontor","url":"https:\/\/grontkontor.dk\/","logo":{"@type":"ImageObject","inLanguage":"sv-SE","@id":"https:\/\/grontkontor.dk\/#\/schema\/logo\/image\/","url":"https:\/\/grontkontor.dk\/wp-content\/uploads\/2014\/02\/Logo_groent_kontor_300x80.png","contentUrl":"https:\/\/grontkontor.dk\/wp-content\/uploads\/2014\/02\/Logo_groent_kontor_300x80.png","width":300,"height":80,"caption":"Gr\u00f8nt Kontor"},"image":{"@id":"https:\/\/grontkontor.dk\/#\/schema\/logo\/image\/"},"sameAs":["https:\/\/www.facebook.com\/grontkontor.dk\/"]}]}},"_links":{"self":[{"href":"https:\/\/grontkontor.dk\/sv\/wp-json\/wp\/v2\/product\/127637"}],"collection":[{"href":"https:\/\/grontkontor.dk\/sv\/wp-json\/wp\/v2\/product"}],"about":[{"href":"https:\/\/grontkontor.dk\/sv\/wp-json\/wp\/v2\/types\/product"}],"replies":[{"embeddable":true,"href":"https:\/\/grontkontor.dk\/sv\/wp-json\/wp\/v2\/comments?post=127637"}],"wp:featuredmedia":[{"embeddable":true,"href":"https:\/\/grontkontor.dk\/sv\/wp-json\/wp\/v2\/media\/127644"}],"wp:attachment":[{"href":"https:\/\/grontkontor.dk\/sv\/wp-json\/wp\/v2\/media?parent=127637"}],"wp:term":[{"taxonomy":"product_cat","embeddable":true,"href":"https:\/\/grontkontor.dk\/sv\/wp-json\/wp\/v2\/product_cat?post=127637"},{"taxonomy":"product_tag","embeddable":true,"href":"https:\/\/grontkontor.dk\/sv\/wp-json\/wp\/v2\/product_tag?post=127637"}],"curies":[{"name":"wp","href":"https:\/\/api.w.org\/{rel}","templated":true}]}}