{"id":127859,"date":"2025-09-02T14:37:58","date_gmt":"2025-09-02T12:38:00","guid":{"rendered":"https:\/\/grontkontor.dk\/?post_type=product&#038;p=127859"},"modified":"2025-09-19T20:22:11","modified_gmt":"2025-09-19T18:22:11","slug":"miljoevenlig-noeglesnor-med-tryk","status":"publish","type":"product","link":"https:\/\/grontkontor.dk\/sv\/shop\/miljoevenlig-noeglesnor-med-tryk\/","title":{"rendered":"Klimatv\u00e4nlig keyhanger majsst\u00e4rkelse med tryck"},"content":{"rendered":"<p data-start=\"174\" data-end=\"229\">Milj\u00f6v\u00e4nlig snodd med tryck i 1 f\u00e4rg ing\u00e5r i priset. Denna klimatsmarta snodd \u00e4r tillverkad av majsst\u00e4rkelse, ett naturligt och milj\u00f6v\u00e4nligt material som ger ett modernt alternativ till traditionella plastband. Med en l\u00e4ngd p\u00e5 ca 90 cm och en solid metallkarbinhake (eller annan krok som du v\u00e4ljer) f\u00e5r du en funktionell snodd som kan anv\u00e4ndas f\u00f6r ID-kort, passerkort, nycklar eller som giveaway f\u00f6r event och m\u00e4ssor. Kan anpassas till n\u00e4stan alla behov; kan g\u00f6ras i alla PMS-f\u00e4rger, med ID-kort, olika krokar och kl\u00e4mmor eller med en inf\u00e4llbar rem.   <\/p>\n<p data-start=\"174\" data-end=\"229\">F\u00f6ljande krokar\/kl\u00e4mmor kan k\u00f6pas: oval krok, svart oval krok, j-krok, kl\u00e4mma, mobilh\u00e5llare och inf\u00e4llbar ID-korth\u00e5llare i svart eller valfri f\u00e4rg. Dessutom kan du v\u00e4lja bland v\u00e5ra milj\u00f6v\u00e4nliga ID-kortsfickor, som \u00e4ven kan kompletteras med tryck. <\/p>\n<p data-start=\"174\" data-end=\"229\"><strong>NOT. <\/strong>S\u00e4ljs som standard utan s\u00e4kerhetskl\u00e4mmor, som kan k\u00f6pas i svart eller beige plast av halm eller vanlig plast i valfri f\u00e4rg.<\/p>\n<p data-start=\"628\" data-end=\"1035\">I priset ing\u00e5r screentryck i 1 f\u00e4rg p\u00e5 ena sidan av linan, men det finns m\u00e5nga alternativ f\u00f6r ytterligare anpassning. Du kan v\u00e4lja tryck p\u00e5 b\u00e5da sidor och uppgradera f\u00f6r att skriva ut i upp till 4 f\u00e4rger s\u00e5 att designen matchar din f\u00f6retagsprofil exakt. Snodden kan ocks\u00e5 best\u00e4llas i en anpassad f\u00e4rg enligt din PMS-f\u00e4rgkod, vilket ger dig full kontroll \u00f6ver det visuella uttrycket.  <\/p>\n<p data-start=\"1037\" data-end=\"1529\">F\u00f6r att ytterligare anpassa linan kan du v\u00e4lja mellan olika bredder: 10 mm, 15 mm, 20 mm eller 25 mm. Detta g\u00f6r det m\u00f6jligt att hitta den perfekta balansen mellan sikt och komfort. Dessutom erbjuder vi ett urval av olika krokar och kl\u00e4mmor, s\u00e5 att linan kan anpassas efter \u00e4ndam\u00e5let. F\u00f6r extra funktionalitet kan den \u00e4ven levereras med en ID-korth\u00e5llare, vilket g\u00f6r den idealisk f\u00f6r konferenser, kontor och evenemang d\u00e4r passerkort beh\u00f6ver b\u00e4ras synligt.   <\/p>\n<p data-start=\"1531\" data-end=\"1864\">Med ett milj\u00f6v\u00e4nligt majsst\u00e4rkelseband f\u00e5r du en produkt som \u00e4r b\u00e5de praktisk, klimatv\u00e4nlig och l\u00e4mplig f\u00f6r branding. Kombinationen av naturmaterial, flexibla anpassningsm\u00f6jligheter och tydlig logotypexponering g\u00f6r den till ett sj\u00e4lvklart val f\u00f6r f\u00f6retag som vill ha en professionell och funktionell reklamprodukt. <\/p>\n","protected":false},"excerpt":{"rendered":"<p>Milj\u00f6v\u00e4nlig snodd med tryck i 1 f\u00e4rg ing\u00e5r i priset. Denna klimatsmarta snodd \u00e4r tillverkad av majsst\u00e4rkelse, ett naturligt och milj\u00f6v\u00e4nligt material som ger ett modernt alternativ till traditionella plastband. Med en l\u00e4ngd p\u00e5 ca 90 cm och en solid metallkarbinhake (eller annan krok som du v\u00e4ljer) f\u00e5r du en funktionell snodd som kan anv\u00e4ndas [&hellip;]<\/p>\n","protected":false},"featured_media":128036,"comment_status":"closed","ping_status":"closed","template":"","meta":{"_acf_changed":false},"product_cat":[2737,4767,2394],"product_tag":[1928,1925],"class_list":{"0":"post-127859","1":"product","2":"type-product","3":"status-publish","4":"has-post-thumbnail","6":"product_cat-nyckelhaengare-och-namnskyltar","7":"product_cat-dummy-mido-keyhangers-se","8":"product_cat-nyheter","9":"product_tag-noeglesnor-sv","10":"product_tag-keyhanger-sv","11":"tm-has-options","13":"first","14":"instock","15":"taxable","16":"shipping-taxable","17":"purchasable","18":"product-type-variable"},"acf":[],"yoast_head":"<!-- This site is optimized with the Yoast SEO Premium plugin v21.2 (Yoast SEO v21.2) - https:\/\/yoast.com\/wordpress\/plugins\/seo\/ -->\n<title>Milj\u00f6v\u00e4nlig anpassad snodd<\/title>\n<meta name=\"description\" content=\"Milj\u00f6v\u00e4nlig snodd gjord av majs med tryck. Finns i flera bredder och PMS-f\u00e4rger med logotryck eller brodyr. Perfekt f\u00f6r evenemang och ID-kort\" \/>\n<meta name=\"robots\" content=\"index, follow, max-snippet:-1, max-image-preview:large, max-video-preview:-1\" \/>\n<link rel=\"canonical\" href=\"https:\/\/grontkontor.dk\/sv\/shop\/miljoevenlig-noeglesnor-med-tryk\/\" \/>\n<meta property=\"og:locale\" content=\"sv_SE\" \/>\n<meta property=\"og:type\" content=\"article\" \/>\n<meta property=\"og:title\" content=\"Klimatv\u00e4nlig keyhanger majsst\u00e4rkelse med tryck\" \/>\n<meta property=\"og:description\" content=\"Milj\u00f6v\u00e4nlig snodd gjord av majs med tryck. Finns i flera bredder och PMS-f\u00e4rger med logotryck eller brodyr. Perfekt f\u00f6r evenemang och ID-kort\" \/>\n<meta property=\"og:url\" content=\"https:\/\/grontkontor.dk\/sv\/shop\/miljoevenlig-noeglesnor-med-tryk\/\" \/>\n<meta property=\"og:site_name\" content=\"Gr\u00f8nt Kontor\" \/>\n<meta property=\"article:publisher\" content=\"https:\/\/www.facebook.com\/grontkontor.dk\/\" \/>\n<meta property=\"article:modified_time\" content=\"2025-09-19T18:22:11+00:00\" \/>\n<meta property=\"og:image\" content=\"https:\/\/grontkontor.dk\/wp-content\/uploads\/2025\/09\/Miljoevenlig-noeglesnor-i-majsstivelse-med-tryk-1.jpg\" \/>\n\t<meta property=\"og:image:width\" content=\"900\" \/>\n\t<meta property=\"og:image:height\" content=\"639\" \/>\n\t<meta property=\"og:image:type\" content=\"image\/jpeg\" \/>\n<meta name=\"twitter:card\" content=\"summary_large_image\" \/>\n<meta name=\"twitter:label1\" content=\"Ber\u00e4knad l\u00e4stid\" \/>\n\t<meta name=\"twitter:data1\" content=\"1 minut\" \/>\n<script type=\"application\/ld+json\" class=\"yoast-schema-graph\">{\"@context\":\"https:\/\/schema.org\",\"@graph\":[{\"@type\":\"WebPage\",\"@id\":\"https:\/\/grontkontor.dk\/sv\/shop\/miljoevenlig-noeglesnor-med-tryk\/\",\"url\":\"https:\/\/grontkontor.dk\/sv\/shop\/miljoevenlig-noeglesnor-med-tryk\/\",\"name\":\"Milj\u00f6v\u00e4nlig anpassad snodd\",\"isPartOf\":{\"@id\":\"https:\/\/grontkontor.dk\/#website\"},\"datePublished\":\"2025-09-02T12:38:00+00:00\",\"dateModified\":\"2025-09-19T18:22:11+00:00\",\"description\":\"Milj\u00f6v\u00e4nlig snodd gjord av majs med tryck. Finns i flera bredder och PMS-f\u00e4rger med logotryck eller brodyr. Perfekt f\u00f6r evenemang och ID-kort\",\"breadcrumb\":{\"@id\":\"https:\/\/grontkontor.dk\/sv\/shop\/miljoevenlig-noeglesnor-med-tryk\/#breadcrumb\"},\"inLanguage\":\"sv-SE\",\"potentialAction\":[{\"@type\":\"ReadAction\",\"target\":[\"https:\/\/grontkontor.dk\/sv\/shop\/miljoevenlig-noeglesnor-med-tryk\/\"]}]},{\"@type\":\"BreadcrumbList\",\"@id\":\"https:\/\/grontkontor.dk\/sv\/shop\/miljoevenlig-noeglesnor-med-tryk\/#breadcrumb\",\"itemListElement\":[{\"@type\":\"ListItem\",\"position\":1,\"name\":\"Forside\",\"item\":\"https:\/\/grontkontor.dk\/\"},{\"@type\":\"ListItem\",\"position\":2,\"name\":\"Shop\",\"item\":\"https:\/\/grontkontor.dk\/sv\/shop\/\"},{\"@type\":\"ListItem\",\"position\":3,\"name\":\"Messe og event\",\"item\":\"https:\/\/grontkontor.dk\/produkt-kategori\/messe-og-event\/\"},{\"@type\":\"ListItem\",\"position\":4,\"name\":\"Keyhangers og navneskilte\",\"item\":\"https:\/\/grontkontor.dk\/produkt-kategori\/messe-og-event\/keyhangers-og-navneskilte\/\"},{\"@type\":\"ListItem\",\"position\":5,\"name\":\"Klimatv\u00e4nlig keyhanger majsst\u00e4rkelse med tryck\"}]},{\"@type\":\"WebSite\",\"@id\":\"https:\/\/grontkontor.dk\/#website\",\"url\":\"https:\/\/grontkontor.dk\/\",\"name\":\"Gr\u00f8nt Kontor\",\"description\":\"Milj\u00f8venlige produkter til kontor og erhverv med fokus p\u00e5 b\u00e6redygtighed, design og fair trade.\",\"publisher\":{\"@id\":\"https:\/\/grontkontor.dk\/#organization\"},\"potentialAction\":[{\"@type\":\"SearchAction\",\"target\":{\"@type\":\"EntryPoint\",\"urlTemplate\":\"https:\/\/grontkontor.dk\/?s={search_term_string}\"},\"query-input\":\"required name=search_term_string\"}],\"inLanguage\":\"sv-SE\"},{\"@type\":\"Organization\",\"@id\":\"https:\/\/grontkontor.dk\/#organization\",\"name\":\"Gr\u00f8nt Kontor\",\"url\":\"https:\/\/grontkontor.dk\/\",\"logo\":{\"@type\":\"ImageObject\",\"inLanguage\":\"sv-SE\",\"@id\":\"https:\/\/grontkontor.dk\/#\/schema\/logo\/image\/\",\"url\":\"https:\/\/grontkontor.dk\/wp-content\/uploads\/2014\/02\/Logo_groent_kontor_300x80.png\",\"contentUrl\":\"https:\/\/grontkontor.dk\/wp-content\/uploads\/2014\/02\/Logo_groent_kontor_300x80.png\",\"width\":300,\"height\":80,\"caption\":\"Gr\u00f8nt Kontor\"},\"image\":{\"@id\":\"https:\/\/grontkontor.dk\/#\/schema\/logo\/image\/\"},\"sameAs\":[\"https:\/\/www.facebook.com\/grontkontor.dk\/\"]}]}<\/script>\n<!-- \/ Yoast SEO Premium plugin. -->","yoast_head_json":{"title":"Milj\u00f6v\u00e4nlig anpassad snodd","description":"Milj\u00f6v\u00e4nlig snodd gjord av majs med tryck. Finns i flera bredder och PMS-f\u00e4rger med logotryck eller brodyr. Perfekt f\u00f6r evenemang och ID-kort","robots":{"index":"index","follow":"follow","max-snippet":"max-snippet:-1","max-image-preview":"max-image-preview:large","max-video-preview":"max-video-preview:-1"},"canonical":"https:\/\/grontkontor.dk\/sv\/shop\/miljoevenlig-noeglesnor-med-tryk\/","og_locale":"sv_SE","og_type":"article","og_title":"Klimatv\u00e4nlig keyhanger majsst\u00e4rkelse med tryck","og_description":"Milj\u00f6v\u00e4nlig snodd gjord av majs med tryck. Finns i flera bredder och PMS-f\u00e4rger med logotryck eller brodyr. Perfekt f\u00f6r evenemang och ID-kort","og_url":"https:\/\/grontkontor.dk\/sv\/shop\/miljoevenlig-noeglesnor-med-tryk\/","og_site_name":"Gr\u00f8nt Kontor","article_publisher":"https:\/\/www.facebook.com\/grontkontor.dk\/","article_modified_time":"2025-09-19T18:22:11+00:00","og_image":[{"width":900,"height":639,"url":"https:\/\/grontkontor.dk\/wp-content\/uploads\/2025\/09\/Miljoevenlig-noeglesnor-i-majsstivelse-med-tryk-1.jpg","type":"image\/jpeg"}],"twitter_card":"summary_large_image","twitter_misc":{"Ber\u00e4knad l\u00e4stid":"1 minut"},"schema":{"@context":"https:\/\/schema.org","@graph":[{"@type":"WebPage","@id":"https:\/\/grontkontor.dk\/sv\/shop\/miljoevenlig-noeglesnor-med-tryk\/","url":"https:\/\/grontkontor.dk\/sv\/shop\/miljoevenlig-noeglesnor-med-tryk\/","name":"Milj\u00f6v\u00e4nlig anpassad snodd","isPartOf":{"@id":"https:\/\/grontkontor.dk\/#website"},"datePublished":"2025-09-02T12:38:00+00:00","dateModified":"2025-09-19T18:22:11+00:00","description":"Milj\u00f6v\u00e4nlig snodd gjord av majs med tryck. Finns i flera bredder och PMS-f\u00e4rger med logotryck eller brodyr. Perfekt f\u00f6r evenemang och ID-kort","breadcrumb":{"@id":"https:\/\/grontkontor.dk\/sv\/shop\/miljoevenlig-noeglesnor-med-tryk\/#breadcrumb"},"inLanguage":"sv-SE","potentialAction":[{"@type":"ReadAction","target":["https:\/\/grontkontor.dk\/sv\/shop\/miljoevenlig-noeglesnor-med-tryk\/"]}]},{"@type":"BreadcrumbList","@id":"https:\/\/grontkontor.dk\/sv\/shop\/miljoevenlig-noeglesnor-med-tryk\/#breadcrumb","itemListElement":[{"@type":"ListItem","position":1,"name":"Forside","item":"https:\/\/grontkontor.dk\/"},{"@type":"ListItem","position":2,"name":"Shop","item":"https:\/\/grontkontor.dk\/sv\/shop\/"},{"@type":"ListItem","position":3,"name":"Messe og event","item":"https:\/\/grontkontor.dk\/produkt-kategori\/messe-og-event\/"},{"@type":"ListItem","position":4,"name":"Keyhangers og navneskilte","item":"https:\/\/grontkontor.dk\/produkt-kategori\/messe-og-event\/keyhangers-og-navneskilte\/"},{"@type":"ListItem","position":5,"name":"Klimatv\u00e4nlig keyhanger majsst\u00e4rkelse med tryck"}]},{"@type":"WebSite","@id":"https:\/\/grontkontor.dk\/#website","url":"https:\/\/grontkontor.dk\/","name":"Gr\u00f8nt Kontor","description":"Milj\u00f8venlige produkter til kontor og erhverv med fokus p\u00e5 b\u00e6redygtighed, design og fair trade.","publisher":{"@id":"https:\/\/grontkontor.dk\/#organization"},"potentialAction":[{"@type":"SearchAction","target":{"@type":"EntryPoint","urlTemplate":"https:\/\/grontkontor.dk\/?s={search_term_string}"},"query-input":"required name=search_term_string"}],"inLanguage":"sv-SE"},{"@type":"Organization","@id":"https:\/\/grontkontor.dk\/#organization","name":"Gr\u00f8nt Kontor","url":"https:\/\/grontkontor.dk\/","logo":{"@type":"ImageObject","inLanguage":"sv-SE","@id":"https:\/\/grontkontor.dk\/#\/schema\/logo\/image\/","url":"https:\/\/grontkontor.dk\/wp-content\/uploads\/2014\/02\/Logo_groent_kontor_300x80.png","contentUrl":"https:\/\/grontkontor.dk\/wp-content\/uploads\/2014\/02\/Logo_groent_kontor_300x80.png","width":300,"height":80,"caption":"Gr\u00f8nt Kontor"},"image":{"@id":"https:\/\/grontkontor.dk\/#\/schema\/logo\/image\/"},"sameAs":["https:\/\/www.facebook.com\/grontkontor.dk\/"]}]}},"_links":{"self":[{"href":"https:\/\/grontkontor.dk\/sv\/wp-json\/wp\/v2\/product\/127859"}],"collection":[{"href":"https:\/\/grontkontor.dk\/sv\/wp-json\/wp\/v2\/product"}],"about":[{"href":"https:\/\/grontkontor.dk\/sv\/wp-json\/wp\/v2\/types\/product"}],"replies":[{"embeddable":true,"href":"https:\/\/grontkontor.dk\/sv\/wp-json\/wp\/v2\/comments?post=127859"}],"wp:featuredmedia":[{"embeddable":true,"href":"https:\/\/grontkontor.dk\/sv\/wp-json\/wp\/v2\/media\/128036"}],"wp:attachment":[{"href":"https:\/\/grontkontor.dk\/sv\/wp-json\/wp\/v2\/media?parent=127859"}],"wp:term":[{"taxonomy":"product_cat","embeddable":true,"href":"https:\/\/grontkontor.dk\/sv\/wp-json\/wp\/v2\/product_cat?post=127859"},{"taxonomy":"product_tag","embeddable":true,"href":"https:\/\/grontkontor.dk\/sv\/wp-json\/wp\/v2\/product_tag?post=127859"}],"curies":[{"name":"wp","href":"https:\/\/api.w.org\/{rel}","templated":true}]}}