{"id":128104,"date":"2025-09-04T14:33:00","date_gmt":"2025-09-04T12:33:00","guid":{"rendered":"https:\/\/grontkontor.dk\/?post_type=product&#038;p=128104"},"modified":"2025-11-06T10:46:19","modified_gmt":"2025-11-06T09:46:19","slug":"regn-poncho-genanvendt-plast-pose","status":"publish","type":"product","link":"https:\/\/grontkontor.dk\/sv\/shop\/regn-poncho-genanvendt-plast-pose\/","title":{"rendered":"Regnskydd med p\u00e5se i rPET"},"content":{"rendered":"<p>Ett snyggt skydd mot regn<br \/>\nG\u00f6r dina g\u00e4ster och deltagare en stor tj\u00e4nst, \u00e4ven n\u00e4r v\u00e4dret \u00e4r retsamt. V\u00e5rt regnskydd i \u00e5tervunnen plastp\u00e5se \u00e4r den perfekta och ansvarsfulla l\u00f6sningen f\u00f6r hotell, evenemang och festivaler. Med en storlek p\u00e5 102 x 127 cm \u00e4r detta regnskydd f\u00f6r vuxna tillverkat av l\u00e4tt och vattent\u00e4tt LDPE-material som ger effektivt skydd mot regn och vind. Det \u00e4r en enkel men kraftfull s\u00e4ljprodukt som skapar gl\u00e4dje hos mottagaren.   <\/p>\n<p>V\u00e5rt regnskydd \u00e4r tillverkat av slitstarkt LDPE-material, ett p\u00e5litligt val f\u00f6r skydd mot regn.<br \/>\nF\u00f6r f\u00f6retag som prioriterar en kompromissl\u00f6s gr\u00f6n profil erbjuder vi \u00e4ven regnskydd i bioplast. Det \u00e4r dock viktigt att notera att bioplaster har en kortare h\u00e5llbarhet och livsl\u00e4ngd j\u00e4mf\u00f6rt med LDPE, och vi rekommenderar d\u00e4rf\u00f6r inte att bioplastmodellerna lagras under l\u00e5nga perioder. Denna l\u00f6sning \u00e4r optimal n\u00e4r man vill signalera en stark milj\u00f6profil med en produkt f\u00f6r omedelbar anv\u00e4ndning. Vi hoppas att snart kunna erbjuda regnskydd tillverkade av milj\u00f6v\u00e4nliga material, men tills dess \u00e4r detta v\u00e5rt b\u00e4sta tips f\u00f6r ett l\u00e5ngvarigt, relativt milj\u00f6v\u00e4nligt regnskydd.   <\/p>\n<p>Kan levereras med eller utan logotyptryck p\u00e5 p\u00e5sen, samt p\u00e5se i f\u00e4rgerna: bl\u00e5, vit, r\u00f6d, gr\u00f6n och svart.<\/p>\n<p>Det som verkligen skiljer den h\u00e4r produkten \u00e5t \u00e4r dess f\u00f6rpackning. Varje regnskydd \u00e4r f\u00f6rpackat i en matchande p\u00e5se av \u00e5tervunnen RPET-polyester, ett material som tillverkas av \u00e5tervunna plastflaskor. Denna l\u00f6sning betonar inte bara ett milj\u00f6v\u00e4nligt budskap, utan fr\u00e4mjar ocks\u00e5 \u00e5tervinning av plastavfall. V\u00e4skans justerbara st\u00e4ngning och medf\u00f6ljande karbinhake g\u00f6r det enkelt f\u00f6r dina g\u00e4ster att ta den med sig p\u00e5 spr\u00e5ng, oavsett om det \u00e4r f\u00f6r att h\u00e4nga p\u00e5 en v\u00e4ska eller p\u00e5 ett b\u00e4lte. H\u00e4r f\u00e5r du ett regnskydd i en \u00e5tervunnen plastp\u00e5se som \u00e4r ett tydligt bevis p\u00e5 ditt varum\u00e4rkes omtanke om milj\u00f6n.    <\/p>\n<div id=\"model-response-message-contentr_fa49cde90495a534\" class=\"markdown markdown-main-panel enable-updated-hr-color\" dir=\"ltr\">\n<p>Perfekt f\u00f6r ditt varum\u00e4rke<br \/>\nV\u00e5r regnponcho \u00e4r inte bara ett praktiskt f\u00f6rem\u00e5l, utan ocks\u00e5 ett kraftfullt varum\u00e4rkesverktyg. Du kan erbjuda dem till f\u00f6rs\u00e4ljning i din reception, p\u00e5 biljettkontoret eller som en del av ett v\u00e4lkomstpaket. Med ett brett utbud av f\u00e4rger kan du v\u00e4lja den som passar ditt varum\u00e4rke eller tema b\u00e4st. Det synliga RPET-m\u00e4rket p\u00e5 v\u00e4skan \u00e4r en symbol f\u00f6r kvalitet och ett bevis p\u00e5 ditt positiva bidrag. V\u00e4lj en produkt som kombinerar funktionalitet med ett positivt milj\u00f6avtryck. Med v\u00e5r regnponcho st\u00e4rker du ditt rykte och skapar goodwill hos dina kunder, som kommer att uppskatta dina anstr\u00e4ngningar. Best\u00e4ll idag och l\u00e5t ditt f\u00f6retag gl\u00e4nsa \u2013 oavsett v\u00e4der.      <\/p>\n<\/div>\nrPET (recycled polyethylen) er et f\u00f8devareegnet genanvendeligt genbrugsplast, som typisk er fremstillet af genanvendte vandflasker. rPET er \u2013 dets fossile oprindelse til trods \u2013 et b\u00e6redygtigt og klimavenligt materiale. rPET har et ekstremt h\u00f8jt kulstofindhold, og fungerer derfor som et effektivt kulstofdepot i hele produktets og genanvendte produkters levetid. Bliver plast ikke genbrugt, vil det enten nedbrydes til CO2 og dermed bidrage til drivhuseffekten, eller ende op som forurenende affald. For hvert ton genbrugt plast spares der 3,8 t\u00f8nder olie. \n","protected":false},"excerpt":{"rendered":"<p>Ett snyggt skydd mot regn G\u00f6r dina g\u00e4ster och deltagare en stor tj\u00e4nst, \u00e4ven n\u00e4r v\u00e4dret \u00e4r retsamt. V\u00e5rt regnskydd i \u00e5tervunnen plastp\u00e5se \u00e4r den perfekta och ansvarsfulla l\u00f6sningen f\u00f6r hotell, evenemang och festivaler. Med en storlek p\u00e5 102 x 127 cm \u00e4r detta regnskydd f\u00f6r vuxna tillverkat av l\u00e4tt och vattent\u00e4tt LDPE-material som ger [&hellip;]<\/p>\n","protected":false},"featured_media":128121,"comment_status":"closed","ping_status":"closed","template":"","meta":{"_acf_changed":false},"product_cat":[2107,2136,867,2142,3143,2103],"product_tag":[2141,2149],"class_list":{"0":"post-128104","1":"product","2":"type-product","3":"status-publish","4":"has-post-thumbnail","6":"product_cat-dummy-moq-1-sv","7":"product_cat-hotell-restaurang","8":"product_cat-miljovaenliga-foretagspresenter","9":"product_cat-beklaedning-sv","10":"product_cat-sport-och-fritid","11":"product_cat-utstallning-och-event","12":"product_tag-beklaedning-sv","13":"product_tag-regnslag-sv","14":"pa_farve-blaa-sv","15":"pa_farve-groen-sv","16":"pa_farve-roed-sv","17":"pa_farve-sort-sv","18":"pa_farve-hvid-sv","19":"tm-has-options","21":"first","22":"instock","23":"taxable","24":"shipping-taxable","25":"purchasable","26":"product-type-variable","27":"has-default-attributes"},"acf":[],"yoast_head":"<!-- This site is optimized with the Yoast SEO Premium plugin v21.2 (Yoast SEO v21.2) - https:\/\/yoast.com\/wordpress\/plugins\/seo\/ -->\n<title>Regnskydd i \u00e5tervunnen plastp\u00e5se<\/title>\n<meta name=\"description\" content=\"Regnskydd i \u00e5tervunna plastp\u00e5sar \u00e4r den perfekta l\u00f6sningen f\u00f6r hotell och festivaler. S\u00e4lj eller dela ut ponchon och erbjud g\u00e4sterna en bekv\u00e4m service.\" \/>\n<meta name=\"robots\" content=\"index, follow, max-snippet:-1, max-image-preview:large, max-video-preview:-1\" \/>\n<link rel=\"canonical\" href=\"https:\/\/grontkontor.dk\/sv\/shop\/regn-poncho-genanvendt-plast-pose\/\" \/>\n<meta property=\"og:locale\" content=\"sv_SE\" \/>\n<meta property=\"og:type\" content=\"article\" \/>\n<meta property=\"og:title\" content=\"Regnskydd med p\u00e5se i rPET\" \/>\n<meta property=\"og:description\" content=\"Regnskydd i \u00e5tervunna plastp\u00e5sar \u00e4r den perfekta l\u00f6sningen f\u00f6r hotell och festivaler. S\u00e4lj eller dela ut ponchon och erbjud g\u00e4sterna en bekv\u00e4m service.\" \/>\n<meta property=\"og:url\" content=\"https:\/\/grontkontor.dk\/sv\/shop\/regn-poncho-genanvendt-plast-pose\/\" \/>\n<meta property=\"og:site_name\" content=\"Gr\u00f8nt Kontor\" \/>\n<meta property=\"article:publisher\" content=\"https:\/\/www.facebook.com\/grontkontor.dk\/\" \/>\n<meta property=\"article:modified_time\" content=\"2025-11-06T09:46:19+00:00\" \/>\n<meta property=\"og:image\" content=\"https:\/\/grontkontor.dk\/wp-content\/uploads\/2025\/09\/Regnslag-i-genavendt-plast-collage.jpg\" \/>\n\t<meta property=\"og:image:width\" content=\"900\" \/>\n\t<meta property=\"og:image:height\" content=\"639\" \/>\n\t<meta property=\"og:image:type\" content=\"image\/jpeg\" \/>\n<meta name=\"twitter:card\" content=\"summary_large_image\" \/>\n<meta name=\"twitter:label1\" content=\"Ber\u00e4knad l\u00e4stid\" \/>\n\t<meta name=\"twitter:data1\" content=\"3 minuter\" \/>\n<script type=\"application\/ld+json\" class=\"yoast-schema-graph\">{\"@context\":\"https:\/\/schema.org\",\"@graph\":[{\"@type\":\"WebPage\",\"@id\":\"https:\/\/grontkontor.dk\/sv\/shop\/regn-poncho-genanvendt-plast-pose\/\",\"url\":\"https:\/\/grontkontor.dk\/sv\/shop\/regn-poncho-genanvendt-plast-pose\/\",\"name\":\"Regnskydd i \u00e5tervunnen plastp\u00e5se\",\"isPartOf\":{\"@id\":\"https:\/\/grontkontor.dk\/#website\"},\"datePublished\":\"2025-09-04T12:33:00+00:00\",\"dateModified\":\"2025-11-06T09:46:19+00:00\",\"description\":\"Regnskydd i \u00e5tervunna plastp\u00e5sar \u00e4r den perfekta l\u00f6sningen f\u00f6r hotell och festivaler. S\u00e4lj eller dela ut ponchon och erbjud g\u00e4sterna en bekv\u00e4m service.\",\"breadcrumb\":{\"@id\":\"https:\/\/grontkontor.dk\/sv\/shop\/regn-poncho-genanvendt-plast-pose\/#breadcrumb\"},\"inLanguage\":\"sv-SE\",\"potentialAction\":[{\"@type\":\"ReadAction\",\"target\":[\"https:\/\/grontkontor.dk\/sv\/shop\/regn-poncho-genanvendt-plast-pose\/\"]}]},{\"@type\":\"BreadcrumbList\",\"@id\":\"https:\/\/grontkontor.dk\/sv\/shop\/regn-poncho-genanvendt-plast-pose\/#breadcrumb\",\"itemListElement\":[{\"@type\":\"ListItem\",\"position\":1,\"name\":\"Forside\",\"item\":\"https:\/\/grontkontor.dk\/\"},{\"@type\":\"ListItem\",\"position\":2,\"name\":\"Shop\",\"item\":\"https:\/\/grontkontor.dk\/sv\/shop\/\"},{\"@type\":\"ListItem\",\"position\":3,\"name\":\"Sport og fritid\",\"item\":\"https:\/\/grontkontor.dk\/produkt-kategori\/sport-og-fritid\/\"},{\"@type\":\"ListItem\",\"position\":4,\"name\":\"Regnskydd med p\u00e5se i rPET\"}]},{\"@type\":\"WebSite\",\"@id\":\"https:\/\/grontkontor.dk\/#website\",\"url\":\"https:\/\/grontkontor.dk\/\",\"name\":\"Gr\u00f8nt Kontor\",\"description\":\"Milj\u00f8venlige produkter til kontor og erhverv med fokus p\u00e5 b\u00e6redygtighed, design og fair trade.\",\"publisher\":{\"@id\":\"https:\/\/grontkontor.dk\/#organization\"},\"potentialAction\":[{\"@type\":\"SearchAction\",\"target\":{\"@type\":\"EntryPoint\",\"urlTemplate\":\"https:\/\/grontkontor.dk\/?s={search_term_string}\"},\"query-input\":\"required name=search_term_string\"}],\"inLanguage\":\"sv-SE\"},{\"@type\":\"Organization\",\"@id\":\"https:\/\/grontkontor.dk\/#organization\",\"name\":\"Gr\u00f8nt Kontor\",\"url\":\"https:\/\/grontkontor.dk\/\",\"logo\":{\"@type\":\"ImageObject\",\"inLanguage\":\"sv-SE\",\"@id\":\"https:\/\/grontkontor.dk\/#\/schema\/logo\/image\/\",\"url\":\"https:\/\/grontkontor.dk\/wp-content\/uploads\/2014\/02\/Logo_groent_kontor_300x80.png\",\"contentUrl\":\"https:\/\/grontkontor.dk\/wp-content\/uploads\/2014\/02\/Logo_groent_kontor_300x80.png\",\"width\":300,\"height\":80,\"caption\":\"Gr\u00f8nt Kontor\"},\"image\":{\"@id\":\"https:\/\/grontkontor.dk\/#\/schema\/logo\/image\/\"},\"sameAs\":[\"https:\/\/www.facebook.com\/grontkontor.dk\/\"]}]}<\/script>\n<!-- \/ Yoast SEO Premium plugin. -->","yoast_head_json":{"title":"Regnskydd i \u00e5tervunnen plastp\u00e5se","description":"Regnskydd i \u00e5tervunna plastp\u00e5sar \u00e4r den perfekta l\u00f6sningen f\u00f6r hotell och festivaler. S\u00e4lj eller dela ut ponchon och erbjud g\u00e4sterna en bekv\u00e4m service.","robots":{"index":"index","follow":"follow","max-snippet":"max-snippet:-1","max-image-preview":"max-image-preview:large","max-video-preview":"max-video-preview:-1"},"canonical":"https:\/\/grontkontor.dk\/sv\/shop\/regn-poncho-genanvendt-plast-pose\/","og_locale":"sv_SE","og_type":"article","og_title":"Regnskydd med p\u00e5se i rPET","og_description":"Regnskydd i \u00e5tervunna plastp\u00e5sar \u00e4r den perfekta l\u00f6sningen f\u00f6r hotell och festivaler. S\u00e4lj eller dela ut ponchon och erbjud g\u00e4sterna en bekv\u00e4m service.","og_url":"https:\/\/grontkontor.dk\/sv\/shop\/regn-poncho-genanvendt-plast-pose\/","og_site_name":"Gr\u00f8nt Kontor","article_publisher":"https:\/\/www.facebook.com\/grontkontor.dk\/","article_modified_time":"2025-11-06T09:46:19+00:00","og_image":[{"width":900,"height":639,"url":"https:\/\/grontkontor.dk\/wp-content\/uploads\/2025\/09\/Regnslag-i-genavendt-plast-collage.jpg","type":"image\/jpeg"}],"twitter_card":"summary_large_image","twitter_misc":{"Ber\u00e4knad l\u00e4stid":"3 minuter"},"schema":{"@context":"https:\/\/schema.org","@graph":[{"@type":"WebPage","@id":"https:\/\/grontkontor.dk\/sv\/shop\/regn-poncho-genanvendt-plast-pose\/","url":"https:\/\/grontkontor.dk\/sv\/shop\/regn-poncho-genanvendt-plast-pose\/","name":"Regnskydd i \u00e5tervunnen plastp\u00e5se","isPartOf":{"@id":"https:\/\/grontkontor.dk\/#website"},"datePublished":"2025-09-04T12:33:00+00:00","dateModified":"2025-11-06T09:46:19+00:00","description":"Regnskydd i \u00e5tervunna plastp\u00e5sar \u00e4r den perfekta l\u00f6sningen f\u00f6r hotell och festivaler. S\u00e4lj eller dela ut ponchon och erbjud g\u00e4sterna en bekv\u00e4m service.","breadcrumb":{"@id":"https:\/\/grontkontor.dk\/sv\/shop\/regn-poncho-genanvendt-plast-pose\/#breadcrumb"},"inLanguage":"sv-SE","potentialAction":[{"@type":"ReadAction","target":["https:\/\/grontkontor.dk\/sv\/shop\/regn-poncho-genanvendt-plast-pose\/"]}]},{"@type":"BreadcrumbList","@id":"https:\/\/grontkontor.dk\/sv\/shop\/regn-poncho-genanvendt-plast-pose\/#breadcrumb","itemListElement":[{"@type":"ListItem","position":1,"name":"Forside","item":"https:\/\/grontkontor.dk\/"},{"@type":"ListItem","position":2,"name":"Shop","item":"https:\/\/grontkontor.dk\/sv\/shop\/"},{"@type":"ListItem","position":3,"name":"Sport og fritid","item":"https:\/\/grontkontor.dk\/produkt-kategori\/sport-og-fritid\/"},{"@type":"ListItem","position":4,"name":"Regnskydd med p\u00e5se i rPET"}]},{"@type":"WebSite","@id":"https:\/\/grontkontor.dk\/#website","url":"https:\/\/grontkontor.dk\/","name":"Gr\u00f8nt Kontor","description":"Milj\u00f8venlige produkter til kontor og erhverv med fokus p\u00e5 b\u00e6redygtighed, design og fair trade.","publisher":{"@id":"https:\/\/grontkontor.dk\/#organization"},"potentialAction":[{"@type":"SearchAction","target":{"@type":"EntryPoint","urlTemplate":"https:\/\/grontkontor.dk\/?s={search_term_string}"},"query-input":"required name=search_term_string"}],"inLanguage":"sv-SE"},{"@type":"Organization","@id":"https:\/\/grontkontor.dk\/#organization","name":"Gr\u00f8nt Kontor","url":"https:\/\/grontkontor.dk\/","logo":{"@type":"ImageObject","inLanguage":"sv-SE","@id":"https:\/\/grontkontor.dk\/#\/schema\/logo\/image\/","url":"https:\/\/grontkontor.dk\/wp-content\/uploads\/2014\/02\/Logo_groent_kontor_300x80.png","contentUrl":"https:\/\/grontkontor.dk\/wp-content\/uploads\/2014\/02\/Logo_groent_kontor_300x80.png","width":300,"height":80,"caption":"Gr\u00f8nt Kontor"},"image":{"@id":"https:\/\/grontkontor.dk\/#\/schema\/logo\/image\/"},"sameAs":["https:\/\/www.facebook.com\/grontkontor.dk\/"]}]}},"_links":{"self":[{"href":"https:\/\/grontkontor.dk\/sv\/wp-json\/wp\/v2\/product\/128104"}],"collection":[{"href":"https:\/\/grontkontor.dk\/sv\/wp-json\/wp\/v2\/product"}],"about":[{"href":"https:\/\/grontkontor.dk\/sv\/wp-json\/wp\/v2\/types\/product"}],"replies":[{"embeddable":true,"href":"https:\/\/grontkontor.dk\/sv\/wp-json\/wp\/v2\/comments?post=128104"}],"wp:featuredmedia":[{"embeddable":true,"href":"https:\/\/grontkontor.dk\/sv\/wp-json\/wp\/v2\/media\/128121"}],"wp:attachment":[{"href":"https:\/\/grontkontor.dk\/sv\/wp-json\/wp\/v2\/media?parent=128104"}],"wp:term":[{"taxonomy":"product_cat","embeddable":true,"href":"https:\/\/grontkontor.dk\/sv\/wp-json\/wp\/v2\/product_cat?post=128104"},{"taxonomy":"product_tag","embeddable":true,"href":"https:\/\/grontkontor.dk\/sv\/wp-json\/wp\/v2\/product_tag?post=128104"}],"curies":[{"name":"wp","href":"https:\/\/api.w.org\/{rel}","templated":true}]}}