{"id":128292,"date":"2025-09-10T11:19:00","date_gmt":"2025-09-10T09:19:01","guid":{"rendered":"https:\/\/grontkontor.dk\/?post_type=product&#038;p=128292"},"modified":"2025-09-19T20:22:51","modified_gmt":"2025-09-19T18:22:51","slug":"klimavenlig-magasinholder-til-vaeg-i-boeg-og-ask","status":"publish","type":"product","link":"https:\/\/grontkontor.dk\/sv\/shop\/klimavenlig-magasinholder-til-vaeg-i-boeg-og-ask\/","title":{"rendered":"Tidskriftsst\u00e4ll f\u00f6r v\u00e4gg i bok och ask"},"content":{"rendered":"<p>Skapa ett organiserat och elegant hem med ett klimatsmart tidningsst\u00e4ll som \u00e4r den perfekta kombinationen av funktionalitet och design. Denna tidningsh\u00e5llare \u00e4r tillverkad av FSC-certifierad bok- och askfaner, vilket garanterar att tr\u00e4et kommer fr\u00e5n ett ansvarsfullt skogsbruk. Det \u00e4r en milj\u00f6v\u00e4nlig m\u00f6bel som f\u00f6r in naturens sk\u00f6nhet i ditt hem med ett minimalt fotavtryck. Varje h\u00e5llare \u00e4r noggrant utvald och bearbetad f\u00f6r att framh\u00e4va tr\u00e4ets naturliga \u00e5dringar och varma f\u00e4rger, vilket ger ditt hem ett lugnt och inbjudande utseende. Den fina ytan och den rena designen understryker produktens kvalitet och tidl\u00f6shet.    <\/p>\n<p>Den v\u00e4ggh\u00e4ngda tidskriftsh\u00e5llaren \u00e4r l\u00e4tt att integrera i vilken inredning som helst och harmoniserar vackert med b\u00e5de moderna och klassiska m\u00f6bler. Det \u00e4r en m\u00f6bel som inte bara h\u00e5ller reda p\u00e5 dina tidningar, utan ocks\u00e5 ger en varm och elegant touch till ditt vardagsrum, kontor eller sovrum. Du kan anv\u00e4nda den f\u00f6r att samla dina favoritb\u00f6cker, tidningar eller till och med som en minimalistisk f\u00f6rvaringsl\u00f6sning f\u00f6r andra sm\u00e5 f\u00f6rem\u00e5l som vanligtvis ligger och skr\u00e4par. Dess m\u00e5ngsidighet g\u00f6r den till ett oumb\u00e4rligt element i alla rum som beh\u00f6ver ett elegant och ordnat utseende.   <\/p>\n<p>Tidskriftsh\u00e5llaren har en robust och stabil konstruktion som garanterar en l\u00e5ng livsl\u00e4ngd och g\u00f6r den l\u00e4mplig f\u00f6r en m\u00e4ngd olika f\u00f6rvarings\u00e4ndam\u00e5l. Den \u00e4r ocks\u00e5 otroligt l\u00e4tt att reng\u00f6ra, vilket g\u00f6r den till en praktisk l\u00f6sning i en hektisk vardag. V\u00e4lj denna klimatsmarta m\u00f6bel f\u00f6r att ge ditt hem ett stilrent och medvetet lyft. Tidningsst\u00e4llet \u00e4r en tidl\u00f6s m\u00f6bel som du kan ha gl\u00e4dje av i m\u00e5nga \u00e5r fram\u00f6ver, och den \u00e4r ett bra exempel p\u00e5 hur vacker design och omtanke om milj\u00f6n kan g\u00e5 hand i hand. Genom att v\u00e4lja produkter som denna bidrar du till en mer ansvarsfull konsumtionskultur utan att kompromissa med kvalitet eller stil.    <\/p>\nBest\u00e4ll ett icke bindande erbjudande p\u00e5 tryck eller lasergravering hos <a class=\"light\" href=\"mailto:jens@grontkontor.dk\">jens@grontkontor.dk<\/a>\nFSC certificeringen s\u00e4krar \u00e5terplantering av skog, beskyddar djur- och v\u00e4xtliv\noch s\u00e4krar goda l\u00f6n- och arbetsf\u00f6rh\u00e5llanden. \n<p>&nbsp;<\/p>\n<a href=\"https:\/\/ic.fsc.org\/en\/\" target=\"window\"><img loading=\"lazy\" decoding=\"async\" class=\"size-full wp-image-12735\" src=\"https:\/\/grontkontor.dk\/wp-content\/uploads\/2019\/04\/fsc-certificeret.png\" \n\t\t alt=\"FSC-certificeret\" title=\"FSC-certificeret\" width=\"44\" height=\"51\" border=0\/><\/a>\n","protected":false},"excerpt":{"rendered":"<p>Skapa ett organiserat och elegant hem med ett klimatsmart tidningsst\u00e4ll som \u00e4r den perfekta kombinationen av funktionalitet och design. Denna tidningsh\u00e5llare \u00e4r tillverkad av FSC-certifierad bok- och askfaner, vilket garanterar att tr\u00e4et kommer fr\u00e5n ett ansvarsfullt skogsbruk. Det \u00e4r en milj\u00f6v\u00e4nlig m\u00f6bel som f\u00f6r in naturens sk\u00f6nhet i ditt hem med ett minimalt fotavtryck. Varje [&hellip;]<\/p>\n","protected":false},"featured_media":128300,"comment_status":"closed","ping_status":"closed","template":"","meta":{"_acf_changed":false},"product_cat":[653,2107,2172,1854,658,659],"product_tag":[817,772],"class_list":{"0":"post-128292","1":"product","2":"type-product","3":"status-publish","4":"has-post-thumbnail","6":"product_cat-arkivering-och-forvaring","7":"product_cat-dummy-moq-1-sv","8":"product_cat-ektrad","9":"product_cat-produkt-serier-se","10":"product_cat-tidskriftshaallare","11":"product_cat-mobler-och-design","12":"product_tag-tidskriftshallare-sv","13":"product_tag-tidskriftshallare","14":"tm-has-options","16":"first","17":"instock","18":"taxable","19":"shipping-taxable","20":"purchasable","21":"product-type-simple"},"acf":[],"yoast_head":"<!-- This site is optimized with the Yoast SEO Premium plugin v21.2 (Yoast SEO v21.2) - https:\/\/yoast.com\/wordpress\/plugins\/seo\/ -->\n<title>Klimatv\u00e4nlig f\u00f6rvaringsh\u00e5llare f\u00f6r FSC-bok och ask<\/title>\n<meta name=\"description\" content=\"K\u00f6p klimatsmarta tidningsst\u00e4ll och ge ditt hem ett snyggt utseende. Tidningsh\u00e5llaren \u00e4r tillverkad av FSC-certifierad bok- och askfaner.\" \/>\n<meta name=\"robots\" content=\"index, follow, max-snippet:-1, max-image-preview:large, max-video-preview:-1\" \/>\n<link rel=\"canonical\" href=\"https:\/\/grontkontor.dk\/sv\/shop\/klimavenlig-magasinholder-til-vaeg-i-boeg-og-ask\/\" \/>\n<meta property=\"og:locale\" content=\"sv_SE\" \/>\n<meta property=\"og:type\" content=\"article\" \/>\n<meta property=\"og:title\" content=\"Tidskriftsst\u00e4ll f\u00f6r v\u00e4gg i bok och ask\" \/>\n<meta property=\"og:description\" content=\"K\u00f6p klimatsmarta tidningsst\u00e4ll och ge ditt hem ett snyggt utseende. Tidningsh\u00e5llaren \u00e4r tillverkad av FSC-certifierad bok- och askfaner.\" \/>\n<meta property=\"og:url\" content=\"https:\/\/grontkontor.dk\/sv\/shop\/klimavenlig-magasinholder-til-vaeg-i-boeg-og-ask\/\" \/>\n<meta property=\"og:site_name\" content=\"Gr\u00f8nt Kontor\" \/>\n<meta property=\"article:publisher\" content=\"https:\/\/www.facebook.com\/grontkontor.dk\/\" \/>\n<meta property=\"article:modified_time\" content=\"2025-09-19T18:22:51+00:00\" \/>\n<meta property=\"og:image\" content=\"https:\/\/grontkontor.dk\/wp-content\/uploads\/2021\/02\/magasinholder-fsc-egetrae-02.jpg\" \/>\n\t<meta property=\"og:image:width\" content=\"900\" \/>\n\t<meta property=\"og:image:height\" content=\"639\" \/>\n\t<meta property=\"og:image:type\" content=\"image\/jpeg\" \/>\n<meta name=\"twitter:card\" content=\"summary_large_image\" \/>\n<meta name=\"twitter:label1\" content=\"Ber\u00e4knad l\u00e4stid\" \/>\n\t<meta name=\"twitter:data1\" content=\"2 minuter\" \/>\n<script type=\"application\/ld+json\" class=\"yoast-schema-graph\">{\"@context\":\"https:\/\/schema.org\",\"@graph\":[{\"@type\":\"WebPage\",\"@id\":\"https:\/\/grontkontor.dk\/sv\/shop\/klimavenlig-magasinholder-til-vaeg-i-boeg-og-ask\/\",\"url\":\"https:\/\/grontkontor.dk\/sv\/shop\/klimavenlig-magasinholder-til-vaeg-i-boeg-og-ask\/\",\"name\":\"Klimatv\u00e4nlig f\u00f6rvaringsh\u00e5llare f\u00f6r FSC-bok och ask\",\"isPartOf\":{\"@id\":\"https:\/\/grontkontor.dk\/#website\"},\"datePublished\":\"2025-09-10T09:19:01+00:00\",\"dateModified\":\"2025-09-19T18:22:51+00:00\",\"description\":\"K\u00f6p klimatsmarta tidningsst\u00e4ll och ge ditt hem ett snyggt utseende. Tidningsh\u00e5llaren \u00e4r tillverkad av FSC-certifierad bok- och askfaner.\",\"breadcrumb\":{\"@id\":\"https:\/\/grontkontor.dk\/sv\/shop\/klimavenlig-magasinholder-til-vaeg-i-boeg-og-ask\/#breadcrumb\"},\"inLanguage\":\"sv-SE\",\"potentialAction\":[{\"@type\":\"ReadAction\",\"target\":[\"https:\/\/grontkontor.dk\/sv\/shop\/klimavenlig-magasinholder-til-vaeg-i-boeg-og-ask\/\"]}]},{\"@type\":\"BreadcrumbList\",\"@id\":\"https:\/\/grontkontor.dk\/sv\/shop\/klimavenlig-magasinholder-til-vaeg-i-boeg-og-ask\/#breadcrumb\",\"itemListElement\":[{\"@type\":\"ListItem\",\"position\":1,\"name\":\"Forside\",\"item\":\"https:\/\/grontkontor.dk\/\"},{\"@type\":\"ListItem\",\"position\":2,\"name\":\"Shop\",\"item\":\"https:\/\/grontkontor.dk\/sv\/shop\/\"},{\"@type\":\"ListItem\",\"position\":3,\"name\":\"Arkivering\",\"item\":\"https:\/\/grontkontor.dk\/produkt-kategori\/arkivering\/\"},{\"@type\":\"ListItem\",\"position\":4,\"name\":\"Tidsskriftholdere\",\"item\":\"https:\/\/grontkontor.dk\/produkt-kategori\/arkivering\/tidsskriftholdere\/\"},{\"@type\":\"ListItem\",\"position\":5,\"name\":\"Tidskriftsst\u00e4ll f\u00f6r v\u00e4gg i bok och ask\"}]},{\"@type\":\"WebSite\",\"@id\":\"https:\/\/grontkontor.dk\/#website\",\"url\":\"https:\/\/grontkontor.dk\/\",\"name\":\"Gr\u00f8nt Kontor\",\"description\":\"Milj\u00f8venlige produkter til kontor og erhverv med fokus p\u00e5 b\u00e6redygtighed, design og fair trade.\",\"publisher\":{\"@id\":\"https:\/\/grontkontor.dk\/#organization\"},\"potentialAction\":[{\"@type\":\"SearchAction\",\"target\":{\"@type\":\"EntryPoint\",\"urlTemplate\":\"https:\/\/grontkontor.dk\/?s={search_term_string}\"},\"query-input\":\"required name=search_term_string\"}],\"inLanguage\":\"sv-SE\"},{\"@type\":\"Organization\",\"@id\":\"https:\/\/grontkontor.dk\/#organization\",\"name\":\"Gr\u00f8nt Kontor\",\"url\":\"https:\/\/grontkontor.dk\/\",\"logo\":{\"@type\":\"ImageObject\",\"inLanguage\":\"sv-SE\",\"@id\":\"https:\/\/grontkontor.dk\/#\/schema\/logo\/image\/\",\"url\":\"https:\/\/grontkontor.dk\/wp-content\/uploads\/2014\/02\/Logo_groent_kontor_300x80.png\",\"contentUrl\":\"https:\/\/grontkontor.dk\/wp-content\/uploads\/2014\/02\/Logo_groent_kontor_300x80.png\",\"width\":300,\"height\":80,\"caption\":\"Gr\u00f8nt Kontor\"},\"image\":{\"@id\":\"https:\/\/grontkontor.dk\/#\/schema\/logo\/image\/\"},\"sameAs\":[\"https:\/\/www.facebook.com\/grontkontor.dk\/\"]}]}<\/script>\n<!-- \/ Yoast SEO Premium plugin. -->","yoast_head_json":{"title":"Klimatv\u00e4nlig f\u00f6rvaringsh\u00e5llare f\u00f6r FSC-bok och ask","description":"K\u00f6p klimatsmarta tidningsst\u00e4ll och ge ditt hem ett snyggt utseende. Tidningsh\u00e5llaren \u00e4r tillverkad av FSC-certifierad bok- och askfaner.","robots":{"index":"index","follow":"follow","max-snippet":"max-snippet:-1","max-image-preview":"max-image-preview:large","max-video-preview":"max-video-preview:-1"},"canonical":"https:\/\/grontkontor.dk\/sv\/shop\/klimavenlig-magasinholder-til-vaeg-i-boeg-og-ask\/","og_locale":"sv_SE","og_type":"article","og_title":"Tidskriftsst\u00e4ll f\u00f6r v\u00e4gg i bok och ask","og_description":"K\u00f6p klimatsmarta tidningsst\u00e4ll och ge ditt hem ett snyggt utseende. Tidningsh\u00e5llaren \u00e4r tillverkad av FSC-certifierad bok- och askfaner.","og_url":"https:\/\/grontkontor.dk\/sv\/shop\/klimavenlig-magasinholder-til-vaeg-i-boeg-og-ask\/","og_site_name":"Gr\u00f8nt Kontor","article_publisher":"https:\/\/www.facebook.com\/grontkontor.dk\/","article_modified_time":"2025-09-19T18:22:51+00:00","og_image":[{"width":900,"height":639,"url":"https:\/\/grontkontor.dk\/wp-content\/uploads\/2021\/02\/magasinholder-fsc-egetrae-02.jpg","type":"image\/jpeg"}],"twitter_card":"summary_large_image","twitter_misc":{"Ber\u00e4knad l\u00e4stid":"2 minuter"},"schema":{"@context":"https:\/\/schema.org","@graph":[{"@type":"WebPage","@id":"https:\/\/grontkontor.dk\/sv\/shop\/klimavenlig-magasinholder-til-vaeg-i-boeg-og-ask\/","url":"https:\/\/grontkontor.dk\/sv\/shop\/klimavenlig-magasinholder-til-vaeg-i-boeg-og-ask\/","name":"Klimatv\u00e4nlig f\u00f6rvaringsh\u00e5llare f\u00f6r FSC-bok och ask","isPartOf":{"@id":"https:\/\/grontkontor.dk\/#website"},"datePublished":"2025-09-10T09:19:01+00:00","dateModified":"2025-09-19T18:22:51+00:00","description":"K\u00f6p klimatsmarta tidningsst\u00e4ll och ge ditt hem ett snyggt utseende. Tidningsh\u00e5llaren \u00e4r tillverkad av FSC-certifierad bok- och askfaner.","breadcrumb":{"@id":"https:\/\/grontkontor.dk\/sv\/shop\/klimavenlig-magasinholder-til-vaeg-i-boeg-og-ask\/#breadcrumb"},"inLanguage":"sv-SE","potentialAction":[{"@type":"ReadAction","target":["https:\/\/grontkontor.dk\/sv\/shop\/klimavenlig-magasinholder-til-vaeg-i-boeg-og-ask\/"]}]},{"@type":"BreadcrumbList","@id":"https:\/\/grontkontor.dk\/sv\/shop\/klimavenlig-magasinholder-til-vaeg-i-boeg-og-ask\/#breadcrumb","itemListElement":[{"@type":"ListItem","position":1,"name":"Forside","item":"https:\/\/grontkontor.dk\/"},{"@type":"ListItem","position":2,"name":"Shop","item":"https:\/\/grontkontor.dk\/sv\/shop\/"},{"@type":"ListItem","position":3,"name":"Arkivering","item":"https:\/\/grontkontor.dk\/produkt-kategori\/arkivering\/"},{"@type":"ListItem","position":4,"name":"Tidsskriftholdere","item":"https:\/\/grontkontor.dk\/produkt-kategori\/arkivering\/tidsskriftholdere\/"},{"@type":"ListItem","position":5,"name":"Tidskriftsst\u00e4ll f\u00f6r v\u00e4gg i bok och ask"}]},{"@type":"WebSite","@id":"https:\/\/grontkontor.dk\/#website","url":"https:\/\/grontkontor.dk\/","name":"Gr\u00f8nt Kontor","description":"Milj\u00f8venlige produkter til kontor og erhverv med fokus p\u00e5 b\u00e6redygtighed, design og fair trade.","publisher":{"@id":"https:\/\/grontkontor.dk\/#organization"},"potentialAction":[{"@type":"SearchAction","target":{"@type":"EntryPoint","urlTemplate":"https:\/\/grontkontor.dk\/?s={search_term_string}"},"query-input":"required name=search_term_string"}],"inLanguage":"sv-SE"},{"@type":"Organization","@id":"https:\/\/grontkontor.dk\/#organization","name":"Gr\u00f8nt Kontor","url":"https:\/\/grontkontor.dk\/","logo":{"@type":"ImageObject","inLanguage":"sv-SE","@id":"https:\/\/grontkontor.dk\/#\/schema\/logo\/image\/","url":"https:\/\/grontkontor.dk\/wp-content\/uploads\/2014\/02\/Logo_groent_kontor_300x80.png","contentUrl":"https:\/\/grontkontor.dk\/wp-content\/uploads\/2014\/02\/Logo_groent_kontor_300x80.png","width":300,"height":80,"caption":"Gr\u00f8nt Kontor"},"image":{"@id":"https:\/\/grontkontor.dk\/#\/schema\/logo\/image\/"},"sameAs":["https:\/\/www.facebook.com\/grontkontor.dk\/"]}]}},"_links":{"self":[{"href":"https:\/\/grontkontor.dk\/sv\/wp-json\/wp\/v2\/product\/128292"}],"collection":[{"href":"https:\/\/grontkontor.dk\/sv\/wp-json\/wp\/v2\/product"}],"about":[{"href":"https:\/\/grontkontor.dk\/sv\/wp-json\/wp\/v2\/types\/product"}],"replies":[{"embeddable":true,"href":"https:\/\/grontkontor.dk\/sv\/wp-json\/wp\/v2\/comments?post=128292"}],"wp:featuredmedia":[{"embeddable":true,"href":"https:\/\/grontkontor.dk\/sv\/wp-json\/wp\/v2\/media\/128300"}],"wp:attachment":[{"href":"https:\/\/grontkontor.dk\/sv\/wp-json\/wp\/v2\/media?parent=128292"}],"wp:term":[{"taxonomy":"product_cat","embeddable":true,"href":"https:\/\/grontkontor.dk\/sv\/wp-json\/wp\/v2\/product_cat?post=128292"},{"taxonomy":"product_tag","embeddable":true,"href":"https:\/\/grontkontor.dk\/sv\/wp-json\/wp\/v2\/product_tag?post=128292"}],"curies":[{"name":"wp","href":"https:\/\/api.w.org\/{rel}","templated":true}]}}