{"id":128978,"date":"2025-09-18T10:22:14","date_gmt":"2025-09-18T08:22:14","guid":{"rendered":"https:\/\/grontkontor.dk\/?post_type=product&#038;p=128978"},"modified":"2025-09-30T14:29:38","modified_gmt":"2025-09-30T12:29:38","slug":"lille-vaegreol-fsc-egetrae","status":"publish","type":"product","link":"https:\/\/grontkontor.dk\/sv\/shop\/lille-vaegreol-fsc-egetrae\/","title":{"rendered":"Liten v\u00e4gghylla FSC ek"},"content":{"rendered":"<p>Skapa ett elegant och organiserat hem med ett milj\u00f6v\u00e4nligt v\u00e4ggst\u00e4ll i FSC-ek som kombinerar minimalistisk design med en ansvarsfull inst\u00e4llning till material. Bokhyllan \u00e4r en vacker och funktionell m\u00f6bel som passar perfekt in i alla rum i ditt hem \u2013 oavsett om det \u00e4r vardagsrummet, k\u00f6ket, sovrummet eller hallen. Den \u00e4r tillverkad av FSC-certifierad\u00ae ek, vilket garanterar att tr\u00e4et kommer fr\u00e5n ett ansvarsfullt skogsbruk. Det \u00e4r ett medvetet val som s\u00e4kerst\u00e4ller att du inreder ditt hem med en produkt som respekterar v\u00e5ra skogar och planeten.   <\/p>\n<p>Enkelt och elegant milj\u00f6v\u00e4nligt v\u00e4ggst\u00e4ll i FSC ek, som \u00e4r otroligt l\u00e4tt att integrera i vilken inredning som helst. Du kan anv\u00e4nda den f\u00f6r att visa upp dina favoritf\u00f6rem\u00e5l, som en plats att f\u00f6rvara dina kokb\u00f6cker eller som en praktisk l\u00f6sning f\u00f6r dina nycklar och intr\u00e4de i hallen. Hyllenhetens m\u00e5ngsidighet g\u00f6r den till ett oumb\u00e4rligt f\u00f6rem\u00e5l f\u00f6r dem som s\u00f6ker en kombination av stil och funktionalitet.  <\/p>\n<p>Ekens varma gl\u00f6d och naturliga struktur ger ett tidl\u00f6st och inbjudande element till din inredning. Hyllsk\u00e5pet \u00e4r inte bara funktionellt utan ocks\u00e5 visuellt tilltalande, vilket g\u00f6r det till en m\u00f6bel som \u00e4r b\u00e5de vacker att se p\u00e5 och behaglig att ta p\u00e5. Genom att v\u00e4lja denna klimatsmarta m\u00f6bel f\u00e5r du en h\u00e5llbar l\u00f6sning f\u00f6r dina f\u00f6rvaringsbehov som \u00e4r designad f\u00f6r att h\u00e5lla i m\u00e5nga \u00e5r fram\u00f6ver. V\u00e5r v\u00e4gghylla \u00e4r ett perfekt exempel p\u00e5 hur vacker design och ett milj\u00f6v\u00e4nligt val kan g\u00e5 hand i hand.   <\/p>\nFSC certificeringen s\u00e4krar \u00e5terplantering av skog, beskyddar djur- och v\u00e4xtliv\noch s\u00e4krar goda l\u00f6n- och arbetsf\u00f6rh\u00e5llanden. \nBest\u00e4ll ett icke bindande erbjudande p\u00e5 tryck eller lasergravering hos <a class=\"light\" href=\"mailto:jens@grontkontor.dk\">jens@grontkontor.dk<\/a>\n<a href=\"https:\/\/ic.fsc.org\/en\/\" target=\"window\"><img loading=\"lazy\" decoding=\"async\" class=\"size-full wp-image-12735\" src=\"https:\/\/grontkontor.dk\/wp-content\/uploads\/2019\/04\/fsc-certificeret.png\" \n\t\t alt=\"FSC-certificeret\" title=\"FSC-certificeret\" width=\"44\" height=\"51\" border=0\/><\/a>\n","protected":false},"excerpt":{"rendered":"<p>Skapa ett elegant och organiserat hem med ett milj\u00f6v\u00e4nligt v\u00e4ggst\u00e4ll i FSC-ek som kombinerar minimalistisk design med en ansvarsfull inst\u00e4llning till material. Bokhyllan \u00e4r en vacker och funktionell m\u00f6bel som passar perfekt in i alla rum i ditt hem \u2013 oavsett om det \u00e4r vardagsrummet, k\u00f6ket, sovrummet eller hallen. Den \u00e4r tillverkad av FSC-certifierad\u00ae ek, [&hellip;]<\/p>\n","protected":false},"featured_media":128988,"comment_status":"closed","ping_status":"closed","template":"","meta":{"_acf_changed":false},"product_cat":[2107,2172,2394,2646,1854],"product_tag":[2697,2699,2686],"class_list":{"0":"post-128978","1":"product","2":"type-product","3":"status-publish","4":"has-post-thumbnail","6":"product_cat-dummy-moq-1-sv","7":"product_cat-ektrad","8":"product_cat-nyheter","9":"product_cat-olika-miljovanliga-mobler","10":"product_cat-produkt-serier-se","11":"product_tag-bokhylla-sv","12":"product_tag-moebler","13":"product_tag-vaegghylla","14":"tm-has-options","16":"first","17":"instock","18":"taxable","19":"shipping-taxable","20":"purchasable","21":"product-type-simple"},"acf":[],"yoast_head":"<!-- This site is optimized with the Yoast SEO Premium plugin v21.2 (Yoast SEO v21.2) - https:\/\/yoast.com\/wordpress\/plugins\/seo\/ -->\n<title>Milj\u00f6v\u00e4nligt v\u00e4ggst\u00e4ll i FSC-ek<\/title>\n<meta name=\"description\" content=\"Klimatsmart v\u00e4ggst\u00e4ll i FSC-ek. Med denna milj\u00f6v\u00e4nliga bokhylla f\u00e5r du en vacker och funktionell m\u00f6bel till ditt hem\" \/>\n<meta name=\"robots\" content=\"index, follow, max-snippet:-1, max-image-preview:large, max-video-preview:-1\" \/>\n<link rel=\"canonical\" href=\"https:\/\/grontkontor.dk\/sv\/shop\/lille-vaegreol-fsc-egetrae\/\" \/>\n<meta property=\"og:locale\" content=\"sv_SE\" \/>\n<meta property=\"og:type\" content=\"article\" \/>\n<meta property=\"og:title\" content=\"Liten v\u00e4gghylla FSC ek\" \/>\n<meta property=\"og:description\" content=\"Klimatsmart v\u00e4ggst\u00e4ll i FSC-ek. Med denna milj\u00f6v\u00e4nliga bokhylla f\u00e5r du en vacker och funktionell m\u00f6bel till ditt hem\" \/>\n<meta property=\"og:url\" content=\"https:\/\/grontkontor.dk\/sv\/shop\/lille-vaegreol-fsc-egetrae\/\" \/>\n<meta property=\"og:site_name\" content=\"Gr\u00f8nt Kontor\" \/>\n<meta property=\"article:publisher\" content=\"https:\/\/www.facebook.com\/grontkontor.dk\/\" \/>\n<meta property=\"article:modified_time\" content=\"2025-09-30T12:29:38+00:00\" \/>\n<meta property=\"og:image\" content=\"https:\/\/grontkontor.dk\/wp-content\/uploads\/2023\/03\/Opslagstavle-FSC-egetrae-klimavenlig.jpg\" \/>\n\t<meta property=\"og:image:width\" content=\"900\" \/>\n\t<meta property=\"og:image:height\" content=\"639\" \/>\n\t<meta property=\"og:image:type\" content=\"image\/jpeg\" \/>\n<meta name=\"twitter:card\" content=\"summary_large_image\" \/>\n<meta name=\"twitter:label1\" content=\"Ber\u00e4knad l\u00e4stid\" \/>\n\t<meta name=\"twitter:data1\" content=\"1 minut\" \/>\n<script type=\"application\/ld+json\" class=\"yoast-schema-graph\">{\"@context\":\"https:\/\/schema.org\",\"@graph\":[{\"@type\":\"WebPage\",\"@id\":\"https:\/\/grontkontor.dk\/sv\/shop\/lille-vaegreol-fsc-egetrae\/\",\"url\":\"https:\/\/grontkontor.dk\/sv\/shop\/lille-vaegreol-fsc-egetrae\/\",\"name\":\"Milj\u00f6v\u00e4nligt v\u00e4ggst\u00e4ll i FSC-ek\",\"isPartOf\":{\"@id\":\"https:\/\/grontkontor.dk\/#website\"},\"datePublished\":\"2025-09-18T08:22:14+00:00\",\"dateModified\":\"2025-09-30T12:29:38+00:00\",\"description\":\"Klimatsmart v\u00e4ggst\u00e4ll i FSC-ek. Med denna milj\u00f6v\u00e4nliga bokhylla f\u00e5r du en vacker och funktionell m\u00f6bel till ditt hem\",\"breadcrumb\":{\"@id\":\"https:\/\/grontkontor.dk\/sv\/shop\/lille-vaegreol-fsc-egetrae\/#breadcrumb\"},\"inLanguage\":\"sv-SE\",\"potentialAction\":[{\"@type\":\"ReadAction\",\"target\":[\"https:\/\/grontkontor.dk\/sv\/shop\/lille-vaegreol-fsc-egetrae\/\"]}]},{\"@type\":\"BreadcrumbList\",\"@id\":\"https:\/\/grontkontor.dk\/sv\/shop\/lille-vaegreol-fsc-egetrae\/#breadcrumb\",\"itemListElement\":[{\"@type\":\"ListItem\",\"position\":1,\"name\":\"Forside\",\"item\":\"https:\/\/grontkontor.dk\/\"},{\"@type\":\"ListItem\",\"position\":2,\"name\":\"Shop\",\"item\":\"https:\/\/grontkontor.dk\/sv\/shop\/\"},{\"@type\":\"ListItem\",\"position\":3,\"name\":\"M\u00f8bler og inventar\",\"item\":\"https:\/\/grontkontor.dk\/produkt-kategori\/mobler-og-inventar\/\"},{\"@type\":\"ListItem\",\"position\":4,\"name\":\"Diverse inventar\",\"item\":\"https:\/\/grontkontor.dk\/produkt-kategori\/mobler-og-inventar\/diverse-inventar\/\"},{\"@type\":\"ListItem\",\"position\":5,\"name\":\"Liten v\u00e4gghylla FSC ek\"}]},{\"@type\":\"WebSite\",\"@id\":\"https:\/\/grontkontor.dk\/#website\",\"url\":\"https:\/\/grontkontor.dk\/\",\"name\":\"Gr\u00f8nt Kontor\",\"description\":\"Milj\u00f8venlige produkter til kontor og erhverv med fokus p\u00e5 b\u00e6redygtighed, design og fair trade.\",\"publisher\":{\"@id\":\"https:\/\/grontkontor.dk\/#organization\"},\"potentialAction\":[{\"@type\":\"SearchAction\",\"target\":{\"@type\":\"EntryPoint\",\"urlTemplate\":\"https:\/\/grontkontor.dk\/?s={search_term_string}\"},\"query-input\":\"required name=search_term_string\"}],\"inLanguage\":\"sv-SE\"},{\"@type\":\"Organization\",\"@id\":\"https:\/\/grontkontor.dk\/#organization\",\"name\":\"Gr\u00f8nt Kontor\",\"url\":\"https:\/\/grontkontor.dk\/\",\"logo\":{\"@type\":\"ImageObject\",\"inLanguage\":\"sv-SE\",\"@id\":\"https:\/\/grontkontor.dk\/#\/schema\/logo\/image\/\",\"url\":\"https:\/\/grontkontor.dk\/wp-content\/uploads\/2014\/02\/Logo_groent_kontor_300x80.png\",\"contentUrl\":\"https:\/\/grontkontor.dk\/wp-content\/uploads\/2014\/02\/Logo_groent_kontor_300x80.png\",\"width\":300,\"height\":80,\"caption\":\"Gr\u00f8nt Kontor\"},\"image\":{\"@id\":\"https:\/\/grontkontor.dk\/#\/schema\/logo\/image\/\"},\"sameAs\":[\"https:\/\/www.facebook.com\/grontkontor.dk\/\"]}]}<\/script>\n<!-- \/ Yoast SEO Premium plugin. -->","yoast_head_json":{"title":"Milj\u00f6v\u00e4nligt v\u00e4ggst\u00e4ll i FSC-ek","description":"Klimatsmart v\u00e4ggst\u00e4ll i FSC-ek. Med denna milj\u00f6v\u00e4nliga bokhylla f\u00e5r du en vacker och funktionell m\u00f6bel till ditt hem","robots":{"index":"index","follow":"follow","max-snippet":"max-snippet:-1","max-image-preview":"max-image-preview:large","max-video-preview":"max-video-preview:-1"},"canonical":"https:\/\/grontkontor.dk\/sv\/shop\/lille-vaegreol-fsc-egetrae\/","og_locale":"sv_SE","og_type":"article","og_title":"Liten v\u00e4gghylla FSC ek","og_description":"Klimatsmart v\u00e4ggst\u00e4ll i FSC-ek. Med denna milj\u00f6v\u00e4nliga bokhylla f\u00e5r du en vacker och funktionell m\u00f6bel till ditt hem","og_url":"https:\/\/grontkontor.dk\/sv\/shop\/lille-vaegreol-fsc-egetrae\/","og_site_name":"Gr\u00f8nt Kontor","article_publisher":"https:\/\/www.facebook.com\/grontkontor.dk\/","article_modified_time":"2025-09-30T12:29:38+00:00","og_image":[{"width":900,"height":639,"url":"https:\/\/grontkontor.dk\/wp-content\/uploads\/2023\/03\/Opslagstavle-FSC-egetrae-klimavenlig.jpg","type":"image\/jpeg"}],"twitter_card":"summary_large_image","twitter_misc":{"Ber\u00e4knad l\u00e4stid":"1 minut"},"schema":{"@context":"https:\/\/schema.org","@graph":[{"@type":"WebPage","@id":"https:\/\/grontkontor.dk\/sv\/shop\/lille-vaegreol-fsc-egetrae\/","url":"https:\/\/grontkontor.dk\/sv\/shop\/lille-vaegreol-fsc-egetrae\/","name":"Milj\u00f6v\u00e4nligt v\u00e4ggst\u00e4ll i FSC-ek","isPartOf":{"@id":"https:\/\/grontkontor.dk\/#website"},"datePublished":"2025-09-18T08:22:14+00:00","dateModified":"2025-09-30T12:29:38+00:00","description":"Klimatsmart v\u00e4ggst\u00e4ll i FSC-ek. Med denna milj\u00f6v\u00e4nliga bokhylla f\u00e5r du en vacker och funktionell m\u00f6bel till ditt hem","breadcrumb":{"@id":"https:\/\/grontkontor.dk\/sv\/shop\/lille-vaegreol-fsc-egetrae\/#breadcrumb"},"inLanguage":"sv-SE","potentialAction":[{"@type":"ReadAction","target":["https:\/\/grontkontor.dk\/sv\/shop\/lille-vaegreol-fsc-egetrae\/"]}]},{"@type":"BreadcrumbList","@id":"https:\/\/grontkontor.dk\/sv\/shop\/lille-vaegreol-fsc-egetrae\/#breadcrumb","itemListElement":[{"@type":"ListItem","position":1,"name":"Forside","item":"https:\/\/grontkontor.dk\/"},{"@type":"ListItem","position":2,"name":"Shop","item":"https:\/\/grontkontor.dk\/sv\/shop\/"},{"@type":"ListItem","position":3,"name":"M\u00f8bler og inventar","item":"https:\/\/grontkontor.dk\/produkt-kategori\/mobler-og-inventar\/"},{"@type":"ListItem","position":4,"name":"Diverse inventar","item":"https:\/\/grontkontor.dk\/produkt-kategori\/mobler-og-inventar\/diverse-inventar\/"},{"@type":"ListItem","position":5,"name":"Liten v\u00e4gghylla FSC ek"}]},{"@type":"WebSite","@id":"https:\/\/grontkontor.dk\/#website","url":"https:\/\/grontkontor.dk\/","name":"Gr\u00f8nt Kontor","description":"Milj\u00f8venlige produkter til kontor og erhverv med fokus p\u00e5 b\u00e6redygtighed, design og fair trade.","publisher":{"@id":"https:\/\/grontkontor.dk\/#organization"},"potentialAction":[{"@type":"SearchAction","target":{"@type":"EntryPoint","urlTemplate":"https:\/\/grontkontor.dk\/?s={search_term_string}"},"query-input":"required name=search_term_string"}],"inLanguage":"sv-SE"},{"@type":"Organization","@id":"https:\/\/grontkontor.dk\/#organization","name":"Gr\u00f8nt Kontor","url":"https:\/\/grontkontor.dk\/","logo":{"@type":"ImageObject","inLanguage":"sv-SE","@id":"https:\/\/grontkontor.dk\/#\/schema\/logo\/image\/","url":"https:\/\/grontkontor.dk\/wp-content\/uploads\/2014\/02\/Logo_groent_kontor_300x80.png","contentUrl":"https:\/\/grontkontor.dk\/wp-content\/uploads\/2014\/02\/Logo_groent_kontor_300x80.png","width":300,"height":80,"caption":"Gr\u00f8nt Kontor"},"image":{"@id":"https:\/\/grontkontor.dk\/#\/schema\/logo\/image\/"},"sameAs":["https:\/\/www.facebook.com\/grontkontor.dk\/"]}]}},"_links":{"self":[{"href":"https:\/\/grontkontor.dk\/sv\/wp-json\/wp\/v2\/product\/128978"}],"collection":[{"href":"https:\/\/grontkontor.dk\/sv\/wp-json\/wp\/v2\/product"}],"about":[{"href":"https:\/\/grontkontor.dk\/sv\/wp-json\/wp\/v2\/types\/product"}],"replies":[{"embeddable":true,"href":"https:\/\/grontkontor.dk\/sv\/wp-json\/wp\/v2\/comments?post=128978"}],"wp:featuredmedia":[{"embeddable":true,"href":"https:\/\/grontkontor.dk\/sv\/wp-json\/wp\/v2\/media\/128988"}],"wp:attachment":[{"href":"https:\/\/grontkontor.dk\/sv\/wp-json\/wp\/v2\/media?parent=128978"}],"wp:term":[{"taxonomy":"product_cat","embeddable":true,"href":"https:\/\/grontkontor.dk\/sv\/wp-json\/wp\/v2\/product_cat?post=128978"},{"taxonomy":"product_tag","embeddable":true,"href":"https:\/\/grontkontor.dk\/sv\/wp-json\/wp\/v2\/product_tag?post=128978"}],"curies":[{"name":"wp","href":"https:\/\/api.w.org\/{rel}","templated":true}]}}