{"id":129851,"date":"2025-10-08T15:45:14","date_gmt":"2025-10-08T13:45:16","guid":{"rendered":"https:\/\/grontkontor.dk\/?post_type=product&#038;p=129851"},"modified":"2025-11-03T10:00:12","modified_gmt":"2025-11-03T09:00:12","slug":"vandflaske-recycled-rustfrit-staal-800-ml","status":"publish","type":"product","link":"https:\/\/grontkontor.dk\/sv\/shop\/vandflaske-recycled-rustfrit-staal-800-ml\/","title":{"rendered":"Vattenflaska \u00e5tervunnet rostfritt st\u00e5l 800 ml"},"content":{"rendered":"<p>G\u00f6r din vattenflaska till ett milj\u00f6v\u00e4nligt statement med en milj\u00f6v\u00e4nlig vattenflaska i \u00e5tervunnet st\u00e5l. Den h\u00e4r flaskan \u00e4r designad f\u00f6r att f\u00f6lja dig vart du \u00e4n g\u00e5r och \u00e4r ett bevis p\u00e5 att funktionalitet och ansvar kan g\u00e5 hand i hand. Flaskan har en kapacitet p\u00e5 800 ml och \u00e4r tillverkad av \u00e5tervunnet rostfritt st\u00e5l med en stilren, metallisk finish. St\u00e5l \u00e4r ett av de mest eftertraktade materialen och har en h\u00f6g grad av \u00e5tervinningsbarhet. N\u00e4r den bearbetas p\u00e5 r\u00e4tt s\u00e4tt ger den nya resurser f\u00f6r o\u00e4ndlig anv\u00e4ndning, vilket g\u00f6r flaskan till en del av den cirkul\u00e4ra ekonomin.    <\/p>\n<p>Flaskan \u00e4r utrustad med en svart skruvkapsyl som s\u00e4kerst\u00e4ller en optimal f\u00f6rslutning, s\u00e5 att du undviker o\u00f6nskade l\u00e4ckor i p\u00e5sen. F\u00f6r enkel transport inneh\u00e5ller den en karbinhake i metall som enkelt kan f\u00e4stas p\u00e5 din ryggs\u00e4ck eller utrustning. Som ett synligt tecken p\u00e5 sitt ursprung har flaskan ett diskret emblem som indikerar att den \u00e4r tillverkad av \u00e5tervunnet rostfritt st\u00e5l \u2013 ett klimatv\u00e4nligt val som skickar ett tydligt budskap.  <\/p>\n<p>Skaffa en milj\u00f6v\u00e4nlig vattenflaska i \u00e5tervunnet st\u00e5l, som \u00e4r ett robust och h\u00e5llbart alternativ till eng\u00e5ngsflaskor. Den kombinerar ett modernt utseende med en l\u00e5ng livsl\u00e4ngd och \u00e4r den perfekta l\u00f6sningen f\u00f6r dig som vill minska din plastf\u00f6rbrukning. <\/p>\n<p>[staal_recycled]<\/p>\n<p>&nbsp;<\/p>\n<img loading=\"lazy\" decoding=\"async\" src=\"https:\/\/grontkontor.dk\/wp-content\/uploads\/2021\/02\/genbrug.jpg\" alt=\"Fremstillet af genbrugsmaterialer\" width=\"50\" height=\"50\" class=\"size-full wp-image-23031\" srcset=\"https:\/\/grontkontor.dk\/wp-content\/uploads\/2021\/02\/genbrug.jpg 199w, https:\/\/grontkontor.dk\/wp-content\/uploads\/2021\/02\/genbrug-100x100.jpg 100w\" sizes=\"(max-width: 50px) 100vw, 50px\" \/>\n","protected":false},"excerpt":{"rendered":"<p>G\u00f6r din vattenflaska till ett milj\u00f6v\u00e4nligt statement med en milj\u00f6v\u00e4nlig vattenflaska i \u00e5tervunnet st\u00e5l. Den h\u00e4r flaskan \u00e4r designad f\u00f6r att f\u00f6lja dig vart du \u00e4n g\u00e5r och \u00e4r ett bevis p\u00e5 att funktionalitet och ansvar kan g\u00e5 hand i hand. Flaskan har en kapacitet p\u00e5 800 ml och \u00e4r tillverkad av \u00e5tervunnet rostfritt st\u00e5l [&hellip;]<\/p>\n","protected":false},"featured_media":129928,"comment_status":"closed","ping_status":"closed","template":"","meta":{"_acf_changed":false},"product_cat":[4399,2107,2233,2394,2003],"product_tag":[4865,2960,1900,1898,1897,4866,4870,2961,4864,4868],"class_list":{"0":"post-129851","1":"product","2":"type-product","3":"status-publish","4":"has-post-thumbnail","6":"product_cat-termoser-och-vattenflaskor","7":"product_cat-dummy-moq-1-sv","8":"product_cat-mat-och-dryck","9":"product_cat-nyheter","10":"product_cat-drikkedunke-og-termoflasker-sv","11":"product_tag-dricksflaska-staal","12":"product_tag-dricksflaskor","13":"product_tag-vanddunk-sv","14":"product_tag-vandflaske-sv","15":"product_tag-drikkedunk-sv","16":"product_tag-vattenflaska-staal","17":"product_tag-vattenflaska-aatervunnen","18":"product_tag-vattenflaskor","19":"product_tag-vattenkannor","20":"product_tag-aatervunnen-dricksflaska","21":"pa_farve-lyseblaa-sv","22":"pa_farve-marineblaa-sv","23":"pa_farve-blaa-sv","24":"pa_farve-groen-sv","25":"pa_farve-roed-sv","26":"pa_farve-sort-sv","27":"pa_farve-soelv-sv","28":"pa_farve-hvid-sv","29":"tm-has-options","31":"first","32":"instock","33":"taxable","34":"shipping-taxable","35":"purchasable","36":"product-type-variable","37":"has-default-attributes"},"acf":[],"yoast_head":"<!-- This site is optimized with the Yoast SEO Premium plugin v21.2 (Yoast SEO v21.2) - https:\/\/yoast.com\/wordpress\/plugins\/seo\/ -->\n<title>Milj\u00f6v\u00e4nlig vattenflaska i \u00e5tervunnet st\u00e5l<\/title>\n<meta name=\"description\" content=\"K\u00f6p en milj\u00f6v\u00e4nlig vattenflaska i \u00e5tervunnet st\u00e5l p\u00e5 800 ml. Flaskan har skruvkork, karbinhake och \u00e4r tillverkad av \u00e5tervunnet st\u00e5l. Ett h\u00e5llbart och klimatv\u00e4nligt val som minskar din plastf\u00f6rbrukning.\" \/>\n<meta name=\"robots\" content=\"index, follow, max-snippet:-1, max-image-preview:large, max-video-preview:-1\" \/>\n<link rel=\"canonical\" href=\"https:\/\/grontkontor.dk\/sv\/shop\/vandflaske-recycled-rustfrit-staal-800-ml\/\" \/>\n<meta property=\"og:locale\" content=\"sv_SE\" \/>\n<meta property=\"og:type\" content=\"article\" \/>\n<meta property=\"og:title\" content=\"Vattenflaska \u00e5tervunnet rostfritt st\u00e5l 800 ml\" \/>\n<meta property=\"og:description\" content=\"K\u00f6p en milj\u00f6v\u00e4nlig vattenflaska i \u00e5tervunnet st\u00e5l p\u00e5 800 ml. Flaskan har skruvkork, karbinhake och \u00e4r tillverkad av \u00e5tervunnet st\u00e5l. Ett h\u00e5llbart och klimatv\u00e4nligt val som minskar din plastf\u00f6rbrukning.\" \/>\n<meta property=\"og:url\" content=\"https:\/\/grontkontor.dk\/sv\/shop\/vandflaske-recycled-rustfrit-staal-800-ml\/\" \/>\n<meta property=\"og:site_name\" content=\"Gr\u00f8nt Kontor\" \/>\n<meta property=\"article:publisher\" content=\"https:\/\/www.facebook.com\/grontkontor.dk\/\" \/>\n<meta property=\"article:modified_time\" content=\"2025-11-03T09:00:12+00:00\" \/>\n<meta property=\"og:image\" content=\"https:\/\/grontkontor.dk\/wp-content\/uploads\/2025\/10\/Miljoevenlig-vandflaske-i-recycled-staal-collage.jpg\" \/>\n\t<meta property=\"og:image:width\" content=\"900\" \/>\n\t<meta property=\"og:image:height\" content=\"639\" \/>\n\t<meta property=\"og:image:type\" content=\"image\/jpeg\" \/>\n<meta name=\"twitter:card\" content=\"summary_large_image\" \/>\n<meta name=\"twitter:label1\" content=\"Ber\u00e4knad l\u00e4stid\" \/>\n\t<meta name=\"twitter:data1\" content=\"1 minut\" \/>\n<script type=\"application\/ld+json\" class=\"yoast-schema-graph\">{\"@context\":\"https:\/\/schema.org\",\"@graph\":[{\"@type\":\"WebPage\",\"@id\":\"https:\/\/grontkontor.dk\/sv\/shop\/vandflaske-recycled-rustfrit-staal-800-ml\/\",\"url\":\"https:\/\/grontkontor.dk\/sv\/shop\/vandflaske-recycled-rustfrit-staal-800-ml\/\",\"name\":\"Milj\u00f6v\u00e4nlig vattenflaska i \u00e5tervunnet st\u00e5l\",\"isPartOf\":{\"@id\":\"https:\/\/grontkontor.dk\/#website\"},\"datePublished\":\"2025-10-08T13:45:16+00:00\",\"dateModified\":\"2025-11-03T09:00:12+00:00\",\"description\":\"K\u00f6p en milj\u00f6v\u00e4nlig vattenflaska i \u00e5tervunnet st\u00e5l p\u00e5 800 ml. Flaskan har skruvkork, karbinhake och \u00e4r tillverkad av \u00e5tervunnet st\u00e5l. Ett h\u00e5llbart och klimatv\u00e4nligt val som minskar din plastf\u00f6rbrukning.\",\"breadcrumb\":{\"@id\":\"https:\/\/grontkontor.dk\/sv\/shop\/vandflaske-recycled-rustfrit-staal-800-ml\/#breadcrumb\"},\"inLanguage\":\"sv-SE\",\"potentialAction\":[{\"@type\":\"ReadAction\",\"target\":[\"https:\/\/grontkontor.dk\/sv\/shop\/vandflaske-recycled-rustfrit-staal-800-ml\/\"]}]},{\"@type\":\"BreadcrumbList\",\"@id\":\"https:\/\/grontkontor.dk\/sv\/shop\/vandflaske-recycled-rustfrit-staal-800-ml\/#breadcrumb\",\"itemListElement\":[{\"@type\":\"ListItem\",\"position\":1,\"name\":\"Forside\",\"item\":\"https:\/\/grontkontor.dk\/\"},{\"@type\":\"ListItem\",\"position\":2,\"name\":\"Shop\",\"item\":\"https:\/\/grontkontor.dk\/sv\/shop\/\"},{\"@type\":\"ListItem\",\"position\":3,\"name\":\"Mad og drikke\",\"item\":\"https:\/\/grontkontor.dk\/produkt-kategori\/mad-og-drikke\/\"},{\"@type\":\"ListItem\",\"position\":4,\"name\":\"Drikkedunke og termoflasker\",\"item\":\"https:\/\/grontkontor.dk\/produkt-kategori\/mad-og-drikke\/drikkedunke-og-termoflasker\/\"},{\"@type\":\"ListItem\",\"position\":5,\"name\":\"Vattenflaska \u00e5tervunnet rostfritt st\u00e5l 800 ml\"}]},{\"@type\":\"WebSite\",\"@id\":\"https:\/\/grontkontor.dk\/#website\",\"url\":\"https:\/\/grontkontor.dk\/\",\"name\":\"Gr\u00f8nt Kontor\",\"description\":\"Milj\u00f8venlige produkter til kontor og erhverv med fokus p\u00e5 b\u00e6redygtighed, design og fair trade.\",\"publisher\":{\"@id\":\"https:\/\/grontkontor.dk\/#organization\"},\"potentialAction\":[{\"@type\":\"SearchAction\",\"target\":{\"@type\":\"EntryPoint\",\"urlTemplate\":\"https:\/\/grontkontor.dk\/?s={search_term_string}\"},\"query-input\":\"required name=search_term_string\"}],\"inLanguage\":\"sv-SE\"},{\"@type\":\"Organization\",\"@id\":\"https:\/\/grontkontor.dk\/#organization\",\"name\":\"Gr\u00f8nt Kontor\",\"url\":\"https:\/\/grontkontor.dk\/\",\"logo\":{\"@type\":\"ImageObject\",\"inLanguage\":\"sv-SE\",\"@id\":\"https:\/\/grontkontor.dk\/#\/schema\/logo\/image\/\",\"url\":\"https:\/\/grontkontor.dk\/wp-content\/uploads\/2014\/02\/Logo_groent_kontor_300x80.png\",\"contentUrl\":\"https:\/\/grontkontor.dk\/wp-content\/uploads\/2014\/02\/Logo_groent_kontor_300x80.png\",\"width\":300,\"height\":80,\"caption\":\"Gr\u00f8nt Kontor\"},\"image\":{\"@id\":\"https:\/\/grontkontor.dk\/#\/schema\/logo\/image\/\"},\"sameAs\":[\"https:\/\/www.facebook.com\/grontkontor.dk\/\"]}]}<\/script>\n<!-- \/ Yoast SEO Premium plugin. -->","yoast_head_json":{"title":"Milj\u00f6v\u00e4nlig vattenflaska i \u00e5tervunnet st\u00e5l","description":"K\u00f6p en milj\u00f6v\u00e4nlig vattenflaska i \u00e5tervunnet st\u00e5l p\u00e5 800 ml. Flaskan har skruvkork, karbinhake och \u00e4r tillverkad av \u00e5tervunnet st\u00e5l. Ett h\u00e5llbart och klimatv\u00e4nligt val som minskar din plastf\u00f6rbrukning.","robots":{"index":"index","follow":"follow","max-snippet":"max-snippet:-1","max-image-preview":"max-image-preview:large","max-video-preview":"max-video-preview:-1"},"canonical":"https:\/\/grontkontor.dk\/sv\/shop\/vandflaske-recycled-rustfrit-staal-800-ml\/","og_locale":"sv_SE","og_type":"article","og_title":"Vattenflaska \u00e5tervunnet rostfritt st\u00e5l 800 ml","og_description":"K\u00f6p en milj\u00f6v\u00e4nlig vattenflaska i \u00e5tervunnet st\u00e5l p\u00e5 800 ml. Flaskan har skruvkork, karbinhake och \u00e4r tillverkad av \u00e5tervunnet st\u00e5l. Ett h\u00e5llbart och klimatv\u00e4nligt val som minskar din plastf\u00f6rbrukning.","og_url":"https:\/\/grontkontor.dk\/sv\/shop\/vandflaske-recycled-rustfrit-staal-800-ml\/","og_site_name":"Gr\u00f8nt Kontor","article_publisher":"https:\/\/www.facebook.com\/grontkontor.dk\/","article_modified_time":"2025-11-03T09:00:12+00:00","og_image":[{"width":900,"height":639,"url":"https:\/\/grontkontor.dk\/wp-content\/uploads\/2025\/10\/Miljoevenlig-vandflaske-i-recycled-staal-collage.jpg","type":"image\/jpeg"}],"twitter_card":"summary_large_image","twitter_misc":{"Ber\u00e4knad l\u00e4stid":"1 minut"},"schema":{"@context":"https:\/\/schema.org","@graph":[{"@type":"WebPage","@id":"https:\/\/grontkontor.dk\/sv\/shop\/vandflaske-recycled-rustfrit-staal-800-ml\/","url":"https:\/\/grontkontor.dk\/sv\/shop\/vandflaske-recycled-rustfrit-staal-800-ml\/","name":"Milj\u00f6v\u00e4nlig vattenflaska i \u00e5tervunnet st\u00e5l","isPartOf":{"@id":"https:\/\/grontkontor.dk\/#website"},"datePublished":"2025-10-08T13:45:16+00:00","dateModified":"2025-11-03T09:00:12+00:00","description":"K\u00f6p en milj\u00f6v\u00e4nlig vattenflaska i \u00e5tervunnet st\u00e5l p\u00e5 800 ml. Flaskan har skruvkork, karbinhake och \u00e4r tillverkad av \u00e5tervunnet st\u00e5l. Ett h\u00e5llbart och klimatv\u00e4nligt val som minskar din plastf\u00f6rbrukning.","breadcrumb":{"@id":"https:\/\/grontkontor.dk\/sv\/shop\/vandflaske-recycled-rustfrit-staal-800-ml\/#breadcrumb"},"inLanguage":"sv-SE","potentialAction":[{"@type":"ReadAction","target":["https:\/\/grontkontor.dk\/sv\/shop\/vandflaske-recycled-rustfrit-staal-800-ml\/"]}]},{"@type":"BreadcrumbList","@id":"https:\/\/grontkontor.dk\/sv\/shop\/vandflaske-recycled-rustfrit-staal-800-ml\/#breadcrumb","itemListElement":[{"@type":"ListItem","position":1,"name":"Forside","item":"https:\/\/grontkontor.dk\/"},{"@type":"ListItem","position":2,"name":"Shop","item":"https:\/\/grontkontor.dk\/sv\/shop\/"},{"@type":"ListItem","position":3,"name":"Mad og drikke","item":"https:\/\/grontkontor.dk\/produkt-kategori\/mad-og-drikke\/"},{"@type":"ListItem","position":4,"name":"Drikkedunke og termoflasker","item":"https:\/\/grontkontor.dk\/produkt-kategori\/mad-og-drikke\/drikkedunke-og-termoflasker\/"},{"@type":"ListItem","position":5,"name":"Vattenflaska \u00e5tervunnet rostfritt st\u00e5l 800 ml"}]},{"@type":"WebSite","@id":"https:\/\/grontkontor.dk\/#website","url":"https:\/\/grontkontor.dk\/","name":"Gr\u00f8nt Kontor","description":"Milj\u00f8venlige produkter til kontor og erhverv med fokus p\u00e5 b\u00e6redygtighed, design og fair trade.","publisher":{"@id":"https:\/\/grontkontor.dk\/#organization"},"potentialAction":[{"@type":"SearchAction","target":{"@type":"EntryPoint","urlTemplate":"https:\/\/grontkontor.dk\/?s={search_term_string}"},"query-input":"required name=search_term_string"}],"inLanguage":"sv-SE"},{"@type":"Organization","@id":"https:\/\/grontkontor.dk\/#organization","name":"Gr\u00f8nt Kontor","url":"https:\/\/grontkontor.dk\/","logo":{"@type":"ImageObject","inLanguage":"sv-SE","@id":"https:\/\/grontkontor.dk\/#\/schema\/logo\/image\/","url":"https:\/\/grontkontor.dk\/wp-content\/uploads\/2014\/02\/Logo_groent_kontor_300x80.png","contentUrl":"https:\/\/grontkontor.dk\/wp-content\/uploads\/2014\/02\/Logo_groent_kontor_300x80.png","width":300,"height":80,"caption":"Gr\u00f8nt Kontor"},"image":{"@id":"https:\/\/grontkontor.dk\/#\/schema\/logo\/image\/"},"sameAs":["https:\/\/www.facebook.com\/grontkontor.dk\/"]}]}},"_links":{"self":[{"href":"https:\/\/grontkontor.dk\/sv\/wp-json\/wp\/v2\/product\/129851"}],"collection":[{"href":"https:\/\/grontkontor.dk\/sv\/wp-json\/wp\/v2\/product"}],"about":[{"href":"https:\/\/grontkontor.dk\/sv\/wp-json\/wp\/v2\/types\/product"}],"replies":[{"embeddable":true,"href":"https:\/\/grontkontor.dk\/sv\/wp-json\/wp\/v2\/comments?post=129851"}],"wp:featuredmedia":[{"embeddable":true,"href":"https:\/\/grontkontor.dk\/sv\/wp-json\/wp\/v2\/media\/129928"}],"wp:attachment":[{"href":"https:\/\/grontkontor.dk\/sv\/wp-json\/wp\/v2\/media?parent=129851"}],"wp:term":[{"taxonomy":"product_cat","embeddable":true,"href":"https:\/\/grontkontor.dk\/sv\/wp-json\/wp\/v2\/product_cat?post=129851"},{"taxonomy":"product_tag","embeddable":true,"href":"https:\/\/grontkontor.dk\/sv\/wp-json\/wp\/v2\/product_tag?post=129851"}],"curies":[{"name":"wp","href":"https:\/\/api.w.org\/{rel}","templated":true}]}}