{"id":130026,"date":"2025-10-20T11:37:42","date_gmt":"2025-10-20T09:37:43","guid":{"rendered":"https:\/\/grontkontor.dk\/?post_type=product&#038;p=130026"},"modified":"2025-11-03T09:58:55","modified_gmt":"2025-11-03T08:58:55","slug":"julepynt-i-skifer-juletrae","status":"publish","type":"product","link":"https:\/\/grontkontor.dk\/sv\/shop\/julepynt-i-skifer-juletrae\/","title":{"rendered":"Juldekorationer i skiffer &#8211; Julgran"},"content":{"rendered":"<p>Ge dina juldekorationer en unik och ansvarsfull touch med milj\u00f6v\u00e4nliga juldekorationer i skiffer. Denna vackra h\u00e4ngare \u00e4r ett elegant alternativ till traditionella plastprydnader och \u00e4r gjord av naturlig skiffer. Materialet ger ett rustikt och tidl\u00f6st uttryck som passar perfekt i b\u00e5de det moderna och det klassiska julhemmet. Den m\u00f6rka, matta ytan p\u00e5 skiffern skapar en vacker kontrast till julgranens gr\u00f6na f\u00e4rg och ljusets sken.   <\/p>\n<p>Finns med eller utan gravyr eller logotyptryck<\/p>\n<p>Skaffa milj\u00f6v\u00e4nliga juldekorationer i form av en skiffer som en klassisk julgran och kom med en sn\u00f6re s\u00e5 att de \u00e4r redo att h\u00e4ngas upp direkt. Skiffer \u00e4r ett extremt h\u00e5llbart och naturligt material, vilket g\u00f6r detta till ett klimatv\u00e4nligt val som du kan \u00e5teranv\u00e4nda \u00e5r efter \u00e5r. Det \u00e4r ett litet men viktigt steg mot en mer milj\u00f6v\u00e4nlig jul.  <\/p>\n<p>Dekorationerna \u00e4r perfekta som en omt\u00e4nksam och snygg julklapp till anst\u00e4llda, kunder eller som en del av en presentkorg. Det \u00e4r ett elegant s\u00e4tt att visa att ditt f\u00f6retag v\u00e4rdes\u00e4tter kvalitet och naturliga material. Dekorationerna kan med f\u00f6rdel graveras med en logotyp eller ett personligt julmeddelande, vilket g\u00f6r det till en minnesv\u00e4rd juldekoration. G\u00f6r \u00e5rets julklapp klimatv\u00e4nlig och vacker.   <\/p>\n<p>&nbsp;<\/p>\n","protected":false},"excerpt":{"rendered":"<p>Ge dina juldekorationer en unik och ansvarsfull touch med milj\u00f6v\u00e4nliga juldekorationer i skiffer. Denna vackra h\u00e4ngare \u00e4r ett elegant alternativ till traditionella plastprydnader och \u00e4r gjord av naturlig skiffer. Materialet ger ett rustikt och tidl\u00f6st uttryck som passar perfekt i b\u00e5de det moderna och det klassiska julhemmet. Den m\u00f6rka, matta ytan p\u00e5 skiffern skapar en [&hellip;]<\/p>\n","protected":false},"featured_media":130033,"comment_status":"closed","ping_status":"closed","template":"","meta":{"_acf_changed":false},"product_cat":[4847,2107,2394],"product_tag":[4850,2728],"class_list":{"0":"post-130026","1":"product","2":"type-product","3":"status-publish","4":"has-post-thumbnail","6":"product_cat-jul-och-helgdagar","7":"product_cat-dummy-moq-1-sv","8":"product_cat-nyheter","9":"product_tag-jul-sv","10":"product_tag-julpynt","11":"tm-has-options","13":"first","14":"instock","15":"taxable","16":"shipping-taxable","17":"purchasable","18":"product-type-simple"},"acf":[],"yoast_head":"<!-- This site is optimized with the Yoast SEO Premium plugin v21.2 (Yoast SEO v21.2) - https:\/\/yoast.com\/wordpress\/plugins\/seo\/ -->\n<title>Milj\u00f6v\u00e4nligt julpynt i skiffer<\/title>\n<meta name=\"description\" content=\"K\u00f6p milj\u00f6v\u00e4nliga juldekorationer i skiffer. Den naturliga skifferh\u00e4ngaren \u00e4r ett klimatv\u00e4nligt val f\u00f6r julgranen. Rustikt, elegant och perfekt f\u00f6r f\u00f6retagspresenter.\" \/>\n<meta name=\"robots\" content=\"index, follow, max-snippet:-1, max-image-preview:large, max-video-preview:-1\" \/>\n<link rel=\"canonical\" href=\"https:\/\/grontkontor.dk\/sv\/shop\/julepynt-i-skifer-juletrae\/\" \/>\n<meta property=\"og:locale\" content=\"sv_SE\" \/>\n<meta property=\"og:type\" content=\"article\" \/>\n<meta property=\"og:title\" content=\"Juldekorationer i skiffer - Julgran\" \/>\n<meta property=\"og:description\" content=\"K\u00f6p milj\u00f6v\u00e4nliga juldekorationer i skiffer. Den naturliga skifferh\u00e4ngaren \u00e4r ett klimatv\u00e4nligt val f\u00f6r julgranen. Rustikt, elegant och perfekt f\u00f6r f\u00f6retagspresenter.\" \/>\n<meta property=\"og:url\" content=\"https:\/\/grontkontor.dk\/sv\/shop\/julepynt-i-skifer-juletrae\/\" \/>\n<meta property=\"og:site_name\" content=\"Gr\u00f8nt Kontor\" \/>\n<meta property=\"article:publisher\" content=\"https:\/\/www.facebook.com\/grontkontor.dk\/\" \/>\n<meta property=\"article:modified_time\" content=\"2025-11-03T08:58:55+00:00\" \/>\n<meta property=\"og:image\" content=\"https:\/\/grontkontor.dk\/wp-content\/uploads\/2025\/10\/Miljoevenligt-jylepynt-i-skifer-juletrae.jpg\" \/>\n\t<meta property=\"og:image:width\" content=\"900\" \/>\n\t<meta property=\"og:image:height\" content=\"639\" \/>\n\t<meta property=\"og:image:type\" content=\"image\/jpeg\" \/>\n<meta name=\"twitter:card\" content=\"summary_large_image\" \/>\n<meta name=\"twitter:label1\" content=\"Ber\u00e4knad l\u00e4stid\" \/>\n\t<meta name=\"twitter:data1\" content=\"1 minut\" \/>\n<script type=\"application\/ld+json\" class=\"yoast-schema-graph\">{\"@context\":\"https:\/\/schema.org\",\"@graph\":[{\"@type\":\"WebPage\",\"@id\":\"https:\/\/grontkontor.dk\/sv\/shop\/julepynt-i-skifer-juletrae\/\",\"url\":\"https:\/\/grontkontor.dk\/sv\/shop\/julepynt-i-skifer-juletrae\/\",\"name\":\"Milj\u00f6v\u00e4nligt julpynt i skiffer\",\"isPartOf\":{\"@id\":\"https:\/\/grontkontor.dk\/#website\"},\"datePublished\":\"2025-10-20T09:37:43+00:00\",\"dateModified\":\"2025-11-03T08:58:55+00:00\",\"description\":\"K\u00f6p milj\u00f6v\u00e4nliga juldekorationer i skiffer. Den naturliga skifferh\u00e4ngaren \u00e4r ett klimatv\u00e4nligt val f\u00f6r julgranen. Rustikt, elegant och perfekt f\u00f6r f\u00f6retagspresenter.\",\"breadcrumb\":{\"@id\":\"https:\/\/grontkontor.dk\/sv\/shop\/julepynt-i-skifer-juletrae\/#breadcrumb\"},\"inLanguage\":\"sv-SE\",\"potentialAction\":[{\"@type\":\"ReadAction\",\"target\":[\"https:\/\/grontkontor.dk\/sv\/shop\/julepynt-i-skifer-juletrae\/\"]}]},{\"@type\":\"BreadcrumbList\",\"@id\":\"https:\/\/grontkontor.dk\/sv\/shop\/julepynt-i-skifer-juletrae\/#breadcrumb\",\"itemListElement\":[{\"@type\":\"ListItem\",\"position\":1,\"name\":\"Forside\",\"item\":\"https:\/\/grontkontor.dk\/\"},{\"@type\":\"ListItem\",\"position\":2,\"name\":\"Shop\",\"item\":\"https:\/\/grontkontor.dk\/sv\/shop\/\"},{\"@type\":\"ListItem\",\"position\":3,\"name\":\"Jul og h\u00f8jtid\",\"item\":\"https:\/\/grontkontor.dk\/produkt-kategori\/jul-og-hoejtid\/\"},{\"@type\":\"ListItem\",\"position\":4,\"name\":\"Juldekorationer i skiffer &#8211; Julgran\"}]},{\"@type\":\"WebSite\",\"@id\":\"https:\/\/grontkontor.dk\/#website\",\"url\":\"https:\/\/grontkontor.dk\/\",\"name\":\"Gr\u00f8nt Kontor\",\"description\":\"Milj\u00f8venlige produkter til kontor og erhverv med fokus p\u00e5 b\u00e6redygtighed, design og fair trade.\",\"publisher\":{\"@id\":\"https:\/\/grontkontor.dk\/#organization\"},\"potentialAction\":[{\"@type\":\"SearchAction\",\"target\":{\"@type\":\"EntryPoint\",\"urlTemplate\":\"https:\/\/grontkontor.dk\/?s={search_term_string}\"},\"query-input\":\"required name=search_term_string\"}],\"inLanguage\":\"sv-SE\"},{\"@type\":\"Organization\",\"@id\":\"https:\/\/grontkontor.dk\/#organization\",\"name\":\"Gr\u00f8nt Kontor\",\"url\":\"https:\/\/grontkontor.dk\/\",\"logo\":{\"@type\":\"ImageObject\",\"inLanguage\":\"sv-SE\",\"@id\":\"https:\/\/grontkontor.dk\/#\/schema\/logo\/image\/\",\"url\":\"https:\/\/grontkontor.dk\/wp-content\/uploads\/2014\/02\/Logo_groent_kontor_300x80.png\",\"contentUrl\":\"https:\/\/grontkontor.dk\/wp-content\/uploads\/2014\/02\/Logo_groent_kontor_300x80.png\",\"width\":300,\"height\":80,\"caption\":\"Gr\u00f8nt Kontor\"},\"image\":{\"@id\":\"https:\/\/grontkontor.dk\/#\/schema\/logo\/image\/\"},\"sameAs\":[\"https:\/\/www.facebook.com\/grontkontor.dk\/\"]}]}<\/script>\n<!-- \/ Yoast SEO Premium plugin. -->","yoast_head_json":{"title":"Milj\u00f6v\u00e4nligt julpynt i skiffer","description":"K\u00f6p milj\u00f6v\u00e4nliga juldekorationer i skiffer. Den naturliga skifferh\u00e4ngaren \u00e4r ett klimatv\u00e4nligt val f\u00f6r julgranen. Rustikt, elegant och perfekt f\u00f6r f\u00f6retagspresenter.","robots":{"index":"index","follow":"follow","max-snippet":"max-snippet:-1","max-image-preview":"max-image-preview:large","max-video-preview":"max-video-preview:-1"},"canonical":"https:\/\/grontkontor.dk\/sv\/shop\/julepynt-i-skifer-juletrae\/","og_locale":"sv_SE","og_type":"article","og_title":"Juldekorationer i skiffer - Julgran","og_description":"K\u00f6p milj\u00f6v\u00e4nliga juldekorationer i skiffer. Den naturliga skifferh\u00e4ngaren \u00e4r ett klimatv\u00e4nligt val f\u00f6r julgranen. Rustikt, elegant och perfekt f\u00f6r f\u00f6retagspresenter.","og_url":"https:\/\/grontkontor.dk\/sv\/shop\/julepynt-i-skifer-juletrae\/","og_site_name":"Gr\u00f8nt Kontor","article_publisher":"https:\/\/www.facebook.com\/grontkontor.dk\/","article_modified_time":"2025-11-03T08:58:55+00:00","og_image":[{"width":900,"height":639,"url":"https:\/\/grontkontor.dk\/wp-content\/uploads\/2025\/10\/Miljoevenligt-jylepynt-i-skifer-juletrae.jpg","type":"image\/jpeg"}],"twitter_card":"summary_large_image","twitter_misc":{"Ber\u00e4knad l\u00e4stid":"1 minut"},"schema":{"@context":"https:\/\/schema.org","@graph":[{"@type":"WebPage","@id":"https:\/\/grontkontor.dk\/sv\/shop\/julepynt-i-skifer-juletrae\/","url":"https:\/\/grontkontor.dk\/sv\/shop\/julepynt-i-skifer-juletrae\/","name":"Milj\u00f6v\u00e4nligt julpynt i skiffer","isPartOf":{"@id":"https:\/\/grontkontor.dk\/#website"},"datePublished":"2025-10-20T09:37:43+00:00","dateModified":"2025-11-03T08:58:55+00:00","description":"K\u00f6p milj\u00f6v\u00e4nliga juldekorationer i skiffer. Den naturliga skifferh\u00e4ngaren \u00e4r ett klimatv\u00e4nligt val f\u00f6r julgranen. Rustikt, elegant och perfekt f\u00f6r f\u00f6retagspresenter.","breadcrumb":{"@id":"https:\/\/grontkontor.dk\/sv\/shop\/julepynt-i-skifer-juletrae\/#breadcrumb"},"inLanguage":"sv-SE","potentialAction":[{"@type":"ReadAction","target":["https:\/\/grontkontor.dk\/sv\/shop\/julepynt-i-skifer-juletrae\/"]}]},{"@type":"BreadcrumbList","@id":"https:\/\/grontkontor.dk\/sv\/shop\/julepynt-i-skifer-juletrae\/#breadcrumb","itemListElement":[{"@type":"ListItem","position":1,"name":"Forside","item":"https:\/\/grontkontor.dk\/"},{"@type":"ListItem","position":2,"name":"Shop","item":"https:\/\/grontkontor.dk\/sv\/shop\/"},{"@type":"ListItem","position":3,"name":"Jul og h\u00f8jtid","item":"https:\/\/grontkontor.dk\/produkt-kategori\/jul-og-hoejtid\/"},{"@type":"ListItem","position":4,"name":"Juldekorationer i skiffer &#8211; Julgran"}]},{"@type":"WebSite","@id":"https:\/\/grontkontor.dk\/#website","url":"https:\/\/grontkontor.dk\/","name":"Gr\u00f8nt Kontor","description":"Milj\u00f8venlige produkter til kontor og erhverv med fokus p\u00e5 b\u00e6redygtighed, design og fair trade.","publisher":{"@id":"https:\/\/grontkontor.dk\/#organization"},"potentialAction":[{"@type":"SearchAction","target":{"@type":"EntryPoint","urlTemplate":"https:\/\/grontkontor.dk\/?s={search_term_string}"},"query-input":"required name=search_term_string"}],"inLanguage":"sv-SE"},{"@type":"Organization","@id":"https:\/\/grontkontor.dk\/#organization","name":"Gr\u00f8nt Kontor","url":"https:\/\/grontkontor.dk\/","logo":{"@type":"ImageObject","inLanguage":"sv-SE","@id":"https:\/\/grontkontor.dk\/#\/schema\/logo\/image\/","url":"https:\/\/grontkontor.dk\/wp-content\/uploads\/2014\/02\/Logo_groent_kontor_300x80.png","contentUrl":"https:\/\/grontkontor.dk\/wp-content\/uploads\/2014\/02\/Logo_groent_kontor_300x80.png","width":300,"height":80,"caption":"Gr\u00f8nt Kontor"},"image":{"@id":"https:\/\/grontkontor.dk\/#\/schema\/logo\/image\/"},"sameAs":["https:\/\/www.facebook.com\/grontkontor.dk\/"]}]}},"_links":{"self":[{"href":"https:\/\/grontkontor.dk\/sv\/wp-json\/wp\/v2\/product\/130026"}],"collection":[{"href":"https:\/\/grontkontor.dk\/sv\/wp-json\/wp\/v2\/product"}],"about":[{"href":"https:\/\/grontkontor.dk\/sv\/wp-json\/wp\/v2\/types\/product"}],"replies":[{"embeddable":true,"href":"https:\/\/grontkontor.dk\/sv\/wp-json\/wp\/v2\/comments?post=130026"}],"wp:featuredmedia":[{"embeddable":true,"href":"https:\/\/grontkontor.dk\/sv\/wp-json\/wp\/v2\/media\/130033"}],"wp:attachment":[{"href":"https:\/\/grontkontor.dk\/sv\/wp-json\/wp\/v2\/media?parent=130026"}],"wp:term":[{"taxonomy":"product_cat","embeddable":true,"href":"https:\/\/grontkontor.dk\/sv\/wp-json\/wp\/v2\/product_cat?post=130026"},{"taxonomy":"product_tag","embeddable":true,"href":"https:\/\/grontkontor.dk\/sv\/wp-json\/wp\/v2\/product_tag?post=130026"}],"curies":[{"name":"wp","href":"https:\/\/api.w.org\/{rel}","templated":true}]}}