{"id":130163,"date":"2025-10-21T15:56:22","date_gmt":"2025-10-21T13:56:27","guid":{"rendered":"https:\/\/grontkontor.dk\/?post_type=product&#038;p=130163"},"modified":"2025-11-03T09:59:37","modified_gmt":"2025-11-03T08:59:37","slug":"julemandspose-bomuld","status":"publish","type":"product","link":"https:\/\/grontkontor.dk\/sv\/shop\/julemandspose-bomuld\/","title":{"rendered":"Jultomten V\u00e4ska Bomull"},"content":{"rendered":"<p>G\u00f6r \u00e5rets julklappsinslagning till en del av julgl\u00e4djen med v\u00e5r klimatsmarta julklappsp\u00e5se i bomull. Denna stora och rymliga v\u00e4ska \u00e4r det perfekta milj\u00f6v\u00e4nliga alternativet till traditionellt presentpapper och eng\u00e5ngsf\u00f6rpackningar. Den h\u00e4r julklappsp\u00e5sen \u00e4r tillverkad av en stark bomullskvalitet p\u00e5 180 g\/m\u00b2 och ser till att dina presenter f\u00f6rvaras s\u00e4kert och presentabelt. Med sina gener\u00f6sa m\u00e5tt p\u00e5 ca 50&#215;70 cm \u00e4r den tillr\u00e4ckligt stor f\u00f6r \u00e4ven de mest omfattande g\u00e5vorna och jul\u00f6verraskningarna.   <\/p>\n<p>Finns med eller utan logotryck.<\/p>\n<p>Detta \u00e4r den ultimata tomtep\u00e5sen som med sin dragsko ser till att inneh\u00e5llet f\u00f6rblir dolt fram till det magiska \u00f6gonblicket. Dess \u00e5teranv\u00e4ndbarhet g\u00f6r den till en verkligt klimatv\u00e4nlig produkt som kan anv\u00e4ndas \u00e5r efter \u00e5r, vilket avsev\u00e4rt minskar ditt avfall. Det \u00e4r inte bara praktiskt; Det \u00e4r ocks\u00e5 en vacker del av juldekorationen under granen.  <\/p>\n<p>V\u00e5r klimatsmarta julklappsp\u00e5se i bomull \u00e4r ett utm\u00e4rkt val som f\u00f6retagsg\u00e5va d\u00e4r du vill sl\u00e5 in personalens presenter stilfullt med omtanke om milj\u00f6n. P\u00e5sen kan enkelt anpassas med trycket av din f\u00f6retagslogotyp eller ett julmeddelande, vilket g\u00f6r den till ett unikt och milj\u00f6v\u00e4nligt marknadsf\u00f6ringsverktyg. Skicka ett tydligt budskap om ansvar och v\u00e4lj en \u00e5teranv\u00e4ndbar l\u00f6sning f\u00f6r \u00e5rets g\u00e5vor.  <\/p>\n<p data-start=\"350\" data-end=\"656\">Bomull \u00e4r en naturprodukt och en av v\u00e4rldens \u00e4ldsta handels- och jordbruksvaror. Denna produkt \u00e4r en av mycket f\u00e5 som vi valt till v\u00e5rt sortiment endast p\u00e5 grund av den unika designen. F\u00f6r ett mer h\u00e5llbart val vill vi rekomendera ekologisk eller \u00e5tervunnen bomull ist\u00e4llet. Alla v\u00e5ra produkter fr\u00e5n Indien och liknande l\u00e4nder \u00e4r certificerade f\u00f6r arbetskraft. <\/p>\n<p data-start=\"350\" data-end=\"656\"><a href=\"https:\/\/en.wikipedia.org\/wiki\/Blue_Angel_(certification)\" rel=\"noopener\" target=\"_blank\"><img loading=\"lazy\" decoding=\"async\" class=\"size-full wp-image-12701\" src=\"https:\/\/grontkontor.dk\/wp-content\/uploads\/2023\/09\/amfori-logo.jpg\" width=\"202\" height=\"62\" border=0 \/><\/a><\/p>\n","protected":false},"excerpt":{"rendered":"<p>G\u00f6r \u00e5rets julklappsinslagning till en del av julgl\u00e4djen med v\u00e5r klimatsmarta julklappsp\u00e5se i bomull. Denna stora och rymliga v\u00e4ska \u00e4r det perfekta milj\u00f6v\u00e4nliga alternativet till traditionellt presentpapper och eng\u00e5ngsf\u00f6rpackningar. Den h\u00e4r julklappsp\u00e5sen \u00e4r tillverkad av en stark bomullskvalitet p\u00e5 180 g\/m\u00b2 och ser till att dina presenter f\u00f6rvaras s\u00e4kert och presentabelt. Med sina gener\u00f6sa m\u00e5tt [&hellip;]<\/p>\n","protected":false},"featured_media":130265,"comment_status":"closed","ping_status":"closed","template":"","meta":{"_acf_changed":false},"product_cat":[4847,4448,1362,2107,2394],"product_tag":[4850,2555],"class_list":{"0":"post-130163","1":"product","2":"type-product","3":"status-publish","4":"has-post-thumbnail","6":"product_cat-jul-och-helgdagar","7":"product_cat-presentpaasar-och-presentfoerpackningar","8":"product_cat-tygpaasar","9":"product_cat-dummy-moq-1-sv","10":"product_cat-nyheter","11":"product_tag-jul-sv","12":"product_tag-gavepose-sv","13":"pa_farve-groen-sv","14":"pa_farve-roed-sv","15":"tm-has-options","17":"first","18":"instock","19":"taxable","20":"shipping-taxable","21":"purchasable","22":"product-type-variable","23":"has-default-attributes"},"acf":[],"yoast_head":"<!-- This site is optimized with the Yoast SEO Premium plugin v21.2 (Yoast SEO v21.2) - https:\/\/yoast.com\/wordpress\/plugins\/seo\/ -->\n<title>Klimatsmart julklappsp\u00e5se i bomull<\/title>\n<meta name=\"description\" content=\"K\u00f6p en klimatsmart julklappsp\u00e5se i bomull (ca 50x70 cm). Den stora tomtep\u00e5sen \u00e4r ett milj\u00f6v\u00e4nligt alternativ till presentpapper. Perfekt som julklappsp\u00e5se f\u00f6r f\u00f6retagspresenter och \u00e5tervinning \u00e5r efter \u00e5r.\" \/>\n<meta name=\"robots\" content=\"index, follow, max-snippet:-1, max-image-preview:large, max-video-preview:-1\" \/>\n<link rel=\"canonical\" href=\"https:\/\/grontkontor.dk\/sv\/shop\/julemandspose-bomuld\/\" \/>\n<meta property=\"og:locale\" content=\"sv_SE\" \/>\n<meta property=\"og:type\" content=\"article\" \/>\n<meta property=\"og:title\" content=\"Jultomten V\u00e4ska Bomull\" \/>\n<meta property=\"og:description\" content=\"K\u00f6p en klimatsmart julklappsp\u00e5se i bomull (ca 50x70 cm). Den stora tomtep\u00e5sen \u00e4r ett milj\u00f6v\u00e4nligt alternativ till presentpapper. Perfekt som julklappsp\u00e5se f\u00f6r f\u00f6retagspresenter och \u00e5tervinning \u00e5r efter \u00e5r.\" \/>\n<meta property=\"og:url\" content=\"https:\/\/grontkontor.dk\/sv\/shop\/julemandspose-bomuld\/\" \/>\n<meta property=\"og:site_name\" content=\"Gr\u00f8nt Kontor\" \/>\n<meta property=\"article:publisher\" content=\"https:\/\/www.facebook.com\/grontkontor.dk\/\" \/>\n<meta property=\"article:modified_time\" content=\"2025-11-03T08:59:37+00:00\" \/>\n<meta property=\"og:image\" content=\"https:\/\/grontkontor.dk\/wp-content\/uploads\/2025\/10\/Klimavenlig-julegavepose-i-bomuld-groen.jpg\" \/>\n\t<meta property=\"og:image:width\" content=\"900\" \/>\n\t<meta property=\"og:image:height\" content=\"639\" \/>\n\t<meta property=\"og:image:type\" content=\"image\/jpeg\" \/>\n<meta name=\"twitter:card\" content=\"summary_large_image\" \/>\n<meta name=\"twitter:label1\" content=\"Ber\u00e4knad l\u00e4stid\" \/>\n\t<meta name=\"twitter:data1\" content=\"1 minut\" \/>\n<script type=\"application\/ld+json\" class=\"yoast-schema-graph\">{\"@context\":\"https:\/\/schema.org\",\"@graph\":[{\"@type\":\"WebPage\",\"@id\":\"https:\/\/grontkontor.dk\/sv\/shop\/julemandspose-bomuld\/\",\"url\":\"https:\/\/grontkontor.dk\/sv\/shop\/julemandspose-bomuld\/\",\"name\":\"Klimatsmart julklappsp\u00e5se i bomull\",\"isPartOf\":{\"@id\":\"https:\/\/grontkontor.dk\/#website\"},\"datePublished\":\"2025-10-21T13:56:27+00:00\",\"dateModified\":\"2025-11-03T08:59:37+00:00\",\"description\":\"K\u00f6p en klimatsmart julklappsp\u00e5se i bomull (ca 50x70 cm). Den stora tomtep\u00e5sen \u00e4r ett milj\u00f6v\u00e4nligt alternativ till presentpapper. Perfekt som julklappsp\u00e5se f\u00f6r f\u00f6retagspresenter och \u00e5tervinning \u00e5r efter \u00e5r.\",\"breadcrumb\":{\"@id\":\"https:\/\/grontkontor.dk\/sv\/shop\/julemandspose-bomuld\/#breadcrumb\"},\"inLanguage\":\"sv-SE\",\"potentialAction\":[{\"@type\":\"ReadAction\",\"target\":[\"https:\/\/grontkontor.dk\/sv\/shop\/julemandspose-bomuld\/\"]}]},{\"@type\":\"BreadcrumbList\",\"@id\":\"https:\/\/grontkontor.dk\/sv\/shop\/julemandspose-bomuld\/#breadcrumb\",\"itemListElement\":[{\"@type\":\"ListItem\",\"position\":1,\"name\":\"Forside\",\"item\":\"https:\/\/grontkontor.dk\/\"},{\"@type\":\"ListItem\",\"position\":2,\"name\":\"Shop\",\"item\":\"https:\/\/grontkontor.dk\/sv\/shop\/\"},{\"@type\":\"ListItem\",\"position\":3,\"name\":\"Klimatsmarta f\u00f6retagspresenter\",\"item\":\"https:\/\/grontkontor.dk\/sv\/produkt-kategori\/miljovaenliga-foretagspresenter\/\"},{\"@type\":\"ListItem\",\"position\":4,\"name\":\"Presentp\u00e5sar och presentf\u00f6rpackningar\",\"item\":\"https:\/\/grontkontor.dk\/sv\/produkt-kategori\/miljovaenliga-foretagspresenter\/presentpaasar-och-presentfoerpackningar\/\"},{\"@type\":\"ListItem\",\"position\":5,\"name\":\"Jultomten V\u00e4ska Bomull\"}]},{\"@type\":\"WebSite\",\"@id\":\"https:\/\/grontkontor.dk\/#website\",\"url\":\"https:\/\/grontkontor.dk\/\",\"name\":\"Gr\u00f8nt Kontor\",\"description\":\"Milj\u00f8venlige produkter til kontor og erhverv med fokus p\u00e5 b\u00e6redygtighed, design og fair trade.\",\"publisher\":{\"@id\":\"https:\/\/grontkontor.dk\/#organization\"},\"potentialAction\":[{\"@type\":\"SearchAction\",\"target\":{\"@type\":\"EntryPoint\",\"urlTemplate\":\"https:\/\/grontkontor.dk\/?s={search_term_string}\"},\"query-input\":\"required name=search_term_string\"}],\"inLanguage\":\"sv-SE\"},{\"@type\":\"Organization\",\"@id\":\"https:\/\/grontkontor.dk\/#organization\",\"name\":\"Gr\u00f8nt Kontor\",\"url\":\"https:\/\/grontkontor.dk\/\",\"logo\":{\"@type\":\"ImageObject\",\"inLanguage\":\"sv-SE\",\"@id\":\"https:\/\/grontkontor.dk\/#\/schema\/logo\/image\/\",\"url\":\"https:\/\/grontkontor.dk\/wp-content\/uploads\/2014\/02\/Logo_groent_kontor_300x80.png\",\"contentUrl\":\"https:\/\/grontkontor.dk\/wp-content\/uploads\/2014\/02\/Logo_groent_kontor_300x80.png\",\"width\":300,\"height\":80,\"caption\":\"Gr\u00f8nt Kontor\"},\"image\":{\"@id\":\"https:\/\/grontkontor.dk\/#\/schema\/logo\/image\/\"},\"sameAs\":[\"https:\/\/www.facebook.com\/grontkontor.dk\/\"]}]}<\/script>\n<!-- \/ Yoast SEO Premium plugin. -->","yoast_head_json":{"title":"Klimatsmart julklappsp\u00e5se i bomull","description":"K\u00f6p en klimatsmart julklappsp\u00e5se i bomull (ca 50x70 cm). Den stora tomtep\u00e5sen \u00e4r ett milj\u00f6v\u00e4nligt alternativ till presentpapper. Perfekt som julklappsp\u00e5se f\u00f6r f\u00f6retagspresenter och \u00e5tervinning \u00e5r efter \u00e5r.","robots":{"index":"index","follow":"follow","max-snippet":"max-snippet:-1","max-image-preview":"max-image-preview:large","max-video-preview":"max-video-preview:-1"},"canonical":"https:\/\/grontkontor.dk\/sv\/shop\/julemandspose-bomuld\/","og_locale":"sv_SE","og_type":"article","og_title":"Jultomten V\u00e4ska Bomull","og_description":"K\u00f6p en klimatsmart julklappsp\u00e5se i bomull (ca 50x70 cm). Den stora tomtep\u00e5sen \u00e4r ett milj\u00f6v\u00e4nligt alternativ till presentpapper. Perfekt som julklappsp\u00e5se f\u00f6r f\u00f6retagspresenter och \u00e5tervinning \u00e5r efter \u00e5r.","og_url":"https:\/\/grontkontor.dk\/sv\/shop\/julemandspose-bomuld\/","og_site_name":"Gr\u00f8nt Kontor","article_publisher":"https:\/\/www.facebook.com\/grontkontor.dk\/","article_modified_time":"2025-11-03T08:59:37+00:00","og_image":[{"width":900,"height":639,"url":"https:\/\/grontkontor.dk\/wp-content\/uploads\/2025\/10\/Klimavenlig-julegavepose-i-bomuld-groen.jpg","type":"image\/jpeg"}],"twitter_card":"summary_large_image","twitter_misc":{"Ber\u00e4knad l\u00e4stid":"1 minut"},"schema":{"@context":"https:\/\/schema.org","@graph":[{"@type":"WebPage","@id":"https:\/\/grontkontor.dk\/sv\/shop\/julemandspose-bomuld\/","url":"https:\/\/grontkontor.dk\/sv\/shop\/julemandspose-bomuld\/","name":"Klimatsmart julklappsp\u00e5se i bomull","isPartOf":{"@id":"https:\/\/grontkontor.dk\/#website"},"datePublished":"2025-10-21T13:56:27+00:00","dateModified":"2025-11-03T08:59:37+00:00","description":"K\u00f6p en klimatsmart julklappsp\u00e5se i bomull (ca 50x70 cm). Den stora tomtep\u00e5sen \u00e4r ett milj\u00f6v\u00e4nligt alternativ till presentpapper. Perfekt som julklappsp\u00e5se f\u00f6r f\u00f6retagspresenter och \u00e5tervinning \u00e5r efter \u00e5r.","breadcrumb":{"@id":"https:\/\/grontkontor.dk\/sv\/shop\/julemandspose-bomuld\/#breadcrumb"},"inLanguage":"sv-SE","potentialAction":[{"@type":"ReadAction","target":["https:\/\/grontkontor.dk\/sv\/shop\/julemandspose-bomuld\/"]}]},{"@type":"BreadcrumbList","@id":"https:\/\/grontkontor.dk\/sv\/shop\/julemandspose-bomuld\/#breadcrumb","itemListElement":[{"@type":"ListItem","position":1,"name":"Forside","item":"https:\/\/grontkontor.dk\/"},{"@type":"ListItem","position":2,"name":"Shop","item":"https:\/\/grontkontor.dk\/sv\/shop\/"},{"@type":"ListItem","position":3,"name":"Klimatsmarta f\u00f6retagspresenter","item":"https:\/\/grontkontor.dk\/sv\/produkt-kategori\/miljovaenliga-foretagspresenter\/"},{"@type":"ListItem","position":4,"name":"Presentp\u00e5sar och presentf\u00f6rpackningar","item":"https:\/\/grontkontor.dk\/sv\/produkt-kategori\/miljovaenliga-foretagspresenter\/presentpaasar-och-presentfoerpackningar\/"},{"@type":"ListItem","position":5,"name":"Jultomten V\u00e4ska Bomull"}]},{"@type":"WebSite","@id":"https:\/\/grontkontor.dk\/#website","url":"https:\/\/grontkontor.dk\/","name":"Gr\u00f8nt Kontor","description":"Milj\u00f8venlige produkter til kontor og erhverv med fokus p\u00e5 b\u00e6redygtighed, design og fair trade.","publisher":{"@id":"https:\/\/grontkontor.dk\/#organization"},"potentialAction":[{"@type":"SearchAction","target":{"@type":"EntryPoint","urlTemplate":"https:\/\/grontkontor.dk\/?s={search_term_string}"},"query-input":"required name=search_term_string"}],"inLanguage":"sv-SE"},{"@type":"Organization","@id":"https:\/\/grontkontor.dk\/#organization","name":"Gr\u00f8nt Kontor","url":"https:\/\/grontkontor.dk\/","logo":{"@type":"ImageObject","inLanguage":"sv-SE","@id":"https:\/\/grontkontor.dk\/#\/schema\/logo\/image\/","url":"https:\/\/grontkontor.dk\/wp-content\/uploads\/2014\/02\/Logo_groent_kontor_300x80.png","contentUrl":"https:\/\/grontkontor.dk\/wp-content\/uploads\/2014\/02\/Logo_groent_kontor_300x80.png","width":300,"height":80,"caption":"Gr\u00f8nt Kontor"},"image":{"@id":"https:\/\/grontkontor.dk\/#\/schema\/logo\/image\/"},"sameAs":["https:\/\/www.facebook.com\/grontkontor.dk\/"]}]}},"_links":{"self":[{"href":"https:\/\/grontkontor.dk\/sv\/wp-json\/wp\/v2\/product\/130163"}],"collection":[{"href":"https:\/\/grontkontor.dk\/sv\/wp-json\/wp\/v2\/product"}],"about":[{"href":"https:\/\/grontkontor.dk\/sv\/wp-json\/wp\/v2\/types\/product"}],"replies":[{"embeddable":true,"href":"https:\/\/grontkontor.dk\/sv\/wp-json\/wp\/v2\/comments?post=130163"}],"wp:featuredmedia":[{"embeddable":true,"href":"https:\/\/grontkontor.dk\/sv\/wp-json\/wp\/v2\/media\/130265"}],"wp:attachment":[{"href":"https:\/\/grontkontor.dk\/sv\/wp-json\/wp\/v2\/media?parent=130163"}],"wp:term":[{"taxonomy":"product_cat","embeddable":true,"href":"https:\/\/grontkontor.dk\/sv\/wp-json\/wp\/v2\/product_cat?post=130163"},{"taxonomy":"product_tag","embeddable":true,"href":"https:\/\/grontkontor.dk\/sv\/wp-json\/wp\/v2\/product_tag?post=130163"}],"curies":[{"name":"wp","href":"https:\/\/api.w.org\/{rel}","templated":true}]}}