{"id":130305,"date":"2025-10-22T14:18:32","date_gmt":"2025-10-22T12:18:33","guid":{"rendered":"https:\/\/grontkontor.dk\/?post_type=product&#038;p=130305"},"modified":"2025-11-06T09:22:19","modified_gmt":"2025-11-06T08:22:19","slug":"yoyo-i-klassisk-design-i-fyrretrae","status":"publish","type":"product","link":"https:\/\/grontkontor.dk\/sv\/shop\/yoyo-i-klassisk-design-i-fyrretrae\/","title":{"rendered":"Jojo i klassisk design i furu"},"content":{"rendered":"<p>Denna jojo i klassisk design \u00e4r b\u00e5de rolig och h\u00e5llbar \u2013 en tidl\u00f6s leksaksklassiker som ger gl\u00e4dje till b\u00e5de barn och vuxna. Den \u00e4r tillverkad av naturlig furu och har en vacker, sl\u00e4t yta och en l\u00e4tt, bekv\u00e4m vikt som g\u00f6r den l\u00e4tt att hantera f\u00f6r alla \u00e5ldersgrupper. Det naturliga tr\u00e4et ger varje jojo sitt eget unika utseende, och samtidigt \u00e4r det ett milj\u00f6v\u00e4nligt alternativ till plastleksaker.  <\/p>\n<p>Jojon \u00e4r en perfekt giveaway f\u00f6r m\u00e4ssor, event och kampanjer d\u00e4r du vill kombinera underh\u00e5llning med ett gr\u00f6nt budskap. Den \u00e4r ocks\u00e5 perfekt som present till barn p\u00e5 dagis, skolor eller fritids \u2013 en liten bit nostalgi som uppmuntrar till lek och r\u00f6relse.<x id=\"gid_0\"><\/x>Produkten kan levereras med din f\u00f6retagslogotyp eller budskap tryckt i upp till fyra f\u00e4rger och kan tryckas p\u00e5 b\u00e5da sidor av jojon (tryckyta \u00d830 mm). Det ger en fantastisk m\u00f6jlighet att skapa ett personligt och igenk\u00e4nnbart uttryck som b\u00e5de sprider gl\u00e4dje och st\u00e4rker ditt varum\u00e4rke.  <\/p>\n<p>V\u00e4lj den klassiska jojon i tr\u00e4 n\u00e4r du vill ge bort en enkel, h\u00e5llbar och minnesv\u00e4rd produkt som anv\u00e4nds \u2013 och blir ih\u00e5gkommen.<\/p>\n","protected":false},"excerpt":{"rendered":"<p>Denna jojo i klassisk design \u00e4r b\u00e5de rolig och h\u00e5llbar \u2013 en tidl\u00f6s leksaksklassiker som ger gl\u00e4dje till b\u00e5de barn och vuxna. Den \u00e4r tillverkad av naturlig furu och har en vacker, sl\u00e4t yta och en l\u00e4tt, bekv\u00e4m vikt som g\u00f6r den l\u00e4tt att hantera f\u00f6r alla \u00e5ldersgrupper. Det naturliga tr\u00e4et ger varje jojo sitt [&hellip;]<\/p>\n","protected":false},"featured_media":17553,"comment_status":"closed","ping_status":"closed","template":"","meta":{"_acf_changed":false},"product_cat":[2107,867],"product_tag":[2037,2038],"class_list":{"0":"post-130305","1":"product","2":"type-product","3":"status-publish","4":"has-post-thumbnail","6":"product_cat-dummy-moq-1-sv","7":"product_cat-miljovaenliga-foretagspresenter","8":"product_tag-legetoej-sv","9":"product_tag-yoyo-sv","10":"tm-has-options","12":"first","13":"instock","14":"taxable","15":"shipping-taxable","16":"purchasable","17":"product-type-simple"},"acf":[],"yoast_head":"<!-- This site is optimized with the Yoast SEO Premium plugin v21.2 (Yoast SEO v21.2) - https:\/\/yoast.com\/wordpress\/plugins\/seo\/ -->\n<title>Jojo i klassisk design i furu - Gr\u00f8nt Kontor<\/title>\n<meta name=\"robots\" content=\"index, follow, max-snippet:-1, max-image-preview:large, max-video-preview:-1\" \/>\n<link rel=\"canonical\" href=\"https:\/\/grontkontor.dk\/sv\/shop\/yoyo-i-klassisk-design-i-fyrretrae\/\" \/>\n<meta property=\"og:locale\" content=\"sv_SE\" \/>\n<meta property=\"og:type\" content=\"article\" \/>\n<meta property=\"og:title\" content=\"Jojo i klassisk design i furu\" \/>\n<meta property=\"og:description\" content=\"Denna jojo i klassisk design \u00e4r b\u00e5de rolig och h\u00e5llbar \u2013 en tidl\u00f6s leksaksklassiker som ger gl\u00e4dje till b\u00e5de barn och vuxna. Den \u00e4r tillverkad av naturlig furu och har en vacker, sl\u00e4t yta och en l\u00e4tt, bekv\u00e4m vikt som g\u00f6r den l\u00e4tt att hantera f\u00f6r alla \u00e5ldersgrupper. Det naturliga tr\u00e4et ger varje jojo sitt [&hellip;]\" \/>\n<meta property=\"og:url\" content=\"https:\/\/grontkontor.dk\/sv\/shop\/yoyo-i-klassisk-design-i-fyrretrae\/\" \/>\n<meta property=\"og:site_name\" content=\"Gr\u00f8nt Kontor\" \/>\n<meta property=\"article:publisher\" content=\"https:\/\/www.facebook.com\/grontkontor.dk\/\" \/>\n<meta property=\"article:modified_time\" content=\"2025-11-06T08:22:19+00:00\" \/>\n<meta property=\"og:image\" content=\"https:\/\/grontkontor.dk\/wp-content\/uploads\/2020\/03\/yoyo-baeredygtigt-trae-02.jpg\" \/>\n\t<meta property=\"og:image:width\" content=\"800\" \/>\n\t<meta property=\"og:image:height\" content=\"568\" \/>\n\t<meta property=\"og:image:type\" content=\"image\/jpeg\" \/>\n<meta name=\"twitter:card\" content=\"summary_large_image\" \/>\n<meta name=\"twitter:label1\" content=\"Ber\u00e4knad l\u00e4stid\" \/>\n\t<meta name=\"twitter:data1\" content=\"1 minut\" \/>\n<script type=\"application\/ld+json\" class=\"yoast-schema-graph\">{\"@context\":\"https:\/\/schema.org\",\"@graph\":[{\"@type\":\"WebPage\",\"@id\":\"https:\/\/grontkontor.dk\/sv\/shop\/yoyo-i-klassisk-design-i-fyrretrae\/\",\"url\":\"https:\/\/grontkontor.dk\/sv\/shop\/yoyo-i-klassisk-design-i-fyrretrae\/\",\"name\":\"Jojo i klassisk design i furu - Gr\u00f8nt Kontor\",\"isPartOf\":{\"@id\":\"https:\/\/grontkontor.dk\/#website\"},\"datePublished\":\"2025-10-22T12:18:33+00:00\",\"dateModified\":\"2025-11-06T08:22:19+00:00\",\"breadcrumb\":{\"@id\":\"https:\/\/grontkontor.dk\/sv\/shop\/yoyo-i-klassisk-design-i-fyrretrae\/#breadcrumb\"},\"inLanguage\":\"sv-SE\",\"potentialAction\":[{\"@type\":\"ReadAction\",\"target\":[\"https:\/\/grontkontor.dk\/sv\/shop\/yoyo-i-klassisk-design-i-fyrretrae\/\"]}]},{\"@type\":\"BreadcrumbList\",\"@id\":\"https:\/\/grontkontor.dk\/sv\/shop\/yoyo-i-klassisk-design-i-fyrretrae\/#breadcrumb\",\"itemListElement\":[{\"@type\":\"ListItem\",\"position\":1,\"name\":\"Forside\",\"item\":\"https:\/\/grontkontor.dk\/\"},{\"@type\":\"ListItem\",\"position\":2,\"name\":\"Shop\",\"item\":\"https:\/\/grontkontor.dk\/sv\/shop\/\"},{\"@type\":\"ListItem\",\"position\":3,\"name\":\"Dummy MOQ 1\",\"item\":\"https:\/\/grontkontor.dk\/produkt-kategori\/dummy-moq-1\/\"},{\"@type\":\"ListItem\",\"position\":4,\"name\":\"Jojo i klassisk design i furu\"}]},{\"@type\":\"WebSite\",\"@id\":\"https:\/\/grontkontor.dk\/#website\",\"url\":\"https:\/\/grontkontor.dk\/\",\"name\":\"Gr\u00f8nt Kontor\",\"description\":\"Milj\u00f8venlige produkter til kontor og erhverv med fokus p\u00e5 b\u00e6redygtighed, design og fair trade.\",\"publisher\":{\"@id\":\"https:\/\/grontkontor.dk\/#organization\"},\"potentialAction\":[{\"@type\":\"SearchAction\",\"target\":{\"@type\":\"EntryPoint\",\"urlTemplate\":\"https:\/\/grontkontor.dk\/?s={search_term_string}\"},\"query-input\":\"required name=search_term_string\"}],\"inLanguage\":\"sv-SE\"},{\"@type\":\"Organization\",\"@id\":\"https:\/\/grontkontor.dk\/#organization\",\"name\":\"Gr\u00f8nt Kontor\",\"url\":\"https:\/\/grontkontor.dk\/\",\"logo\":{\"@type\":\"ImageObject\",\"inLanguage\":\"sv-SE\",\"@id\":\"https:\/\/grontkontor.dk\/#\/schema\/logo\/image\/\",\"url\":\"https:\/\/grontkontor.dk\/wp-content\/uploads\/2014\/02\/Logo_groent_kontor_300x80.png\",\"contentUrl\":\"https:\/\/grontkontor.dk\/wp-content\/uploads\/2014\/02\/Logo_groent_kontor_300x80.png\",\"width\":300,\"height\":80,\"caption\":\"Gr\u00f8nt Kontor\"},\"image\":{\"@id\":\"https:\/\/grontkontor.dk\/#\/schema\/logo\/image\/\"},\"sameAs\":[\"https:\/\/www.facebook.com\/grontkontor.dk\/\"]}]}<\/script>\n<!-- \/ Yoast SEO Premium plugin. -->","yoast_head_json":{"title":"Jojo i klassisk design i furu - Gr\u00f8nt Kontor","robots":{"index":"index","follow":"follow","max-snippet":"max-snippet:-1","max-image-preview":"max-image-preview:large","max-video-preview":"max-video-preview:-1"},"canonical":"https:\/\/grontkontor.dk\/sv\/shop\/yoyo-i-klassisk-design-i-fyrretrae\/","og_locale":"sv_SE","og_type":"article","og_title":"Jojo i klassisk design i furu","og_description":"Denna jojo i klassisk design \u00e4r b\u00e5de rolig och h\u00e5llbar \u2013 en tidl\u00f6s leksaksklassiker som ger gl\u00e4dje till b\u00e5de barn och vuxna. Den \u00e4r tillverkad av naturlig furu och har en vacker, sl\u00e4t yta och en l\u00e4tt, bekv\u00e4m vikt som g\u00f6r den l\u00e4tt att hantera f\u00f6r alla \u00e5ldersgrupper. Det naturliga tr\u00e4et ger varje jojo sitt [&hellip;]","og_url":"https:\/\/grontkontor.dk\/sv\/shop\/yoyo-i-klassisk-design-i-fyrretrae\/","og_site_name":"Gr\u00f8nt Kontor","article_publisher":"https:\/\/www.facebook.com\/grontkontor.dk\/","article_modified_time":"2025-11-06T08:22:19+00:00","og_image":[{"width":800,"height":568,"url":"https:\/\/grontkontor.dk\/wp-content\/uploads\/2020\/03\/yoyo-baeredygtigt-trae-02.jpg","type":"image\/jpeg"}],"twitter_card":"summary_large_image","twitter_misc":{"Ber\u00e4knad l\u00e4stid":"1 minut"},"schema":{"@context":"https:\/\/schema.org","@graph":[{"@type":"WebPage","@id":"https:\/\/grontkontor.dk\/sv\/shop\/yoyo-i-klassisk-design-i-fyrretrae\/","url":"https:\/\/grontkontor.dk\/sv\/shop\/yoyo-i-klassisk-design-i-fyrretrae\/","name":"Jojo i klassisk design i furu - Gr\u00f8nt Kontor","isPartOf":{"@id":"https:\/\/grontkontor.dk\/#website"},"datePublished":"2025-10-22T12:18:33+00:00","dateModified":"2025-11-06T08:22:19+00:00","breadcrumb":{"@id":"https:\/\/grontkontor.dk\/sv\/shop\/yoyo-i-klassisk-design-i-fyrretrae\/#breadcrumb"},"inLanguage":"sv-SE","potentialAction":[{"@type":"ReadAction","target":["https:\/\/grontkontor.dk\/sv\/shop\/yoyo-i-klassisk-design-i-fyrretrae\/"]}]},{"@type":"BreadcrumbList","@id":"https:\/\/grontkontor.dk\/sv\/shop\/yoyo-i-klassisk-design-i-fyrretrae\/#breadcrumb","itemListElement":[{"@type":"ListItem","position":1,"name":"Forside","item":"https:\/\/grontkontor.dk\/"},{"@type":"ListItem","position":2,"name":"Shop","item":"https:\/\/grontkontor.dk\/sv\/shop\/"},{"@type":"ListItem","position":3,"name":"Dummy MOQ 1","item":"https:\/\/grontkontor.dk\/produkt-kategori\/dummy-moq-1\/"},{"@type":"ListItem","position":4,"name":"Jojo i klassisk design i furu"}]},{"@type":"WebSite","@id":"https:\/\/grontkontor.dk\/#website","url":"https:\/\/grontkontor.dk\/","name":"Gr\u00f8nt Kontor","description":"Milj\u00f8venlige produkter til kontor og erhverv med fokus p\u00e5 b\u00e6redygtighed, design og fair trade.","publisher":{"@id":"https:\/\/grontkontor.dk\/#organization"},"potentialAction":[{"@type":"SearchAction","target":{"@type":"EntryPoint","urlTemplate":"https:\/\/grontkontor.dk\/?s={search_term_string}"},"query-input":"required name=search_term_string"}],"inLanguage":"sv-SE"},{"@type":"Organization","@id":"https:\/\/grontkontor.dk\/#organization","name":"Gr\u00f8nt Kontor","url":"https:\/\/grontkontor.dk\/","logo":{"@type":"ImageObject","inLanguage":"sv-SE","@id":"https:\/\/grontkontor.dk\/#\/schema\/logo\/image\/","url":"https:\/\/grontkontor.dk\/wp-content\/uploads\/2014\/02\/Logo_groent_kontor_300x80.png","contentUrl":"https:\/\/grontkontor.dk\/wp-content\/uploads\/2014\/02\/Logo_groent_kontor_300x80.png","width":300,"height":80,"caption":"Gr\u00f8nt Kontor"},"image":{"@id":"https:\/\/grontkontor.dk\/#\/schema\/logo\/image\/"},"sameAs":["https:\/\/www.facebook.com\/grontkontor.dk\/"]}]}},"_links":{"self":[{"href":"https:\/\/grontkontor.dk\/sv\/wp-json\/wp\/v2\/product\/130305"}],"collection":[{"href":"https:\/\/grontkontor.dk\/sv\/wp-json\/wp\/v2\/product"}],"about":[{"href":"https:\/\/grontkontor.dk\/sv\/wp-json\/wp\/v2\/types\/product"}],"replies":[{"embeddable":true,"href":"https:\/\/grontkontor.dk\/sv\/wp-json\/wp\/v2\/comments?post=130305"}],"wp:featuredmedia":[{"embeddable":true,"href":"https:\/\/grontkontor.dk\/sv\/wp-json\/wp\/v2\/media\/17553"}],"wp:attachment":[{"href":"https:\/\/grontkontor.dk\/sv\/wp-json\/wp\/v2\/media?parent=130305"}],"wp:term":[{"taxonomy":"product_cat","embeddable":true,"href":"https:\/\/grontkontor.dk\/sv\/wp-json\/wp\/v2\/product_cat?post=130305"},{"taxonomy":"product_tag","embeddable":true,"href":"https:\/\/grontkontor.dk\/sv\/wp-json\/wp\/v2\/product_tag?post=130305"}],"curies":[{"name":"wp","href":"https:\/\/api.w.org\/{rel}","templated":true}]}}