{"id":130366,"date":"2025-10-24T11:47:47","date_gmt":"2025-10-24T09:47:49","guid":{"rendered":"https:\/\/grontkontor.dk\/?post_type=product&#038;p=130366"},"modified":"2025-11-06T09:22:19","modified_gmt":"2025-11-06T08:22:19","slug":"julepynt-i-papir-med-blomsterfroe-eu-stjerne","status":"publish","type":"product","link":"https:\/\/grontkontor.dk\/sv\/shop\/julepynt-i-papir-med-blomsterfroe-eu-stjerne\/","title":{"rendered":"Papper juldekorationer med blommafr\u00f6n EU &#8211; stj\u00e4rna"},"content":{"rendered":"<p>Milj\u00f6v\u00e4nlig julstj\u00e4rna av papper med blomfr\u00f6n tillsatta i olika motiv. N\u00e4r s\u00e4songen \u00e4r \u00f6ver kan prydnadsf\u00f6rem\u00e5len planteras i tr\u00e4dg\u00e5rden eller krukas, d\u00e4r de kommer att gro till olika vilda blommor. Upph\u00e4ngning av jute.<br \/>\nInstruktioner f\u00f6r plantering anges p\u00e5 baksidan.<\/p>\n<p>Tillverkad i Europa.<\/p>\n<p>M\u00e5tt:<\/p>\n<p>Julgran: 6,5&#215;8 cm<br \/>\nJulkula: 7&#215;8 cm<br \/>\nStj\u00e4rna: 8&#215;8 cm<\/p>\n<p>Papper\/kartong tillverkas vanligtvis av \u00e5tervunnet papper eller tr\u00e4, som \u00e4r en f\u00f6rnybar resurs. Papper \u00e4r biologiskt nedbrytbart och \u00e5tervinningsbart upp till ca. 7 g\u00e5nger. \u00c5tervunnet papper, PEFC eller FSC-certifierat papper \u00e4r klart att f\u00f6redra ur milj\u00f6synpunkt. <br \/>\n[jute]<\/p>\n<p>&amp;nbsp;<\/p>\n<img loading=\"lazy\" decoding=\"async\" class=\"size-medium wp-image-21008\" src=\"https:\/\/grontkontor.dk\/wp-content\/uploads\/2020\/11\/eu-flag_1-300x199.jpg\" alt=\"Fremstillet i EU\" width=\"76\" height=\"50\" srcset=\"https:\/\/grontkontor.dk\/wp-content\/uploads\/2020\/11\/eu-flag_1-300x199.jpg 300w, https:\/\/grontkontor.dk\/wp-content\/uploads\/2020\/11\/eu-flag_1.jpg 530w\" sizes=\"(max-width: 76px) 100vw, 76px\" \/>\n","protected":false},"excerpt":{"rendered":"<p>Milj\u00f6v\u00e4nlig julstj\u00e4rna av papper med blomfr\u00f6n tillsatta i olika motiv. N\u00e4r s\u00e4songen \u00e4r \u00f6ver kan prydnadsf\u00f6rem\u00e5len planteras i tr\u00e4dg\u00e5rden eller krukas, d\u00e4r de kommer att gro till olika vilda blommor. Upph\u00e4ngning av jute. Instruktioner f\u00f6r plantering anges p\u00e5 baksidan. Tillverkad i Europa. M\u00e5tt: Julgran: 6,5&#215;8 cm Julkula: 7&#215;8 cm Stj\u00e4rna: 8&#215;8 cm [jute] &amp;nbsp;<\/p>\n","protected":false},"featured_media":78750,"comment_status":"closed","ping_status":"closed","template":"","meta":{"_acf_changed":false},"product_cat":[4847,2107,867,2394],"product_tag":[4850,2728],"class_list":{"0":"post-130366","1":"product","2":"type-product","3":"status-publish","4":"has-post-thumbnail","6":"product_cat-jul-och-helgdagar","7":"product_cat-dummy-moq-1-sv","8":"product_cat-miljovaenliga-foretagspresenter","9":"product_cat-nyheter","10":"product_tag-jul-sv","11":"product_tag-julpynt","12":"tm-has-options","14":"first","15":"instock","16":"taxable","17":"shipping-taxable","18":"purchasable","19":"product-type-simple"},"acf":[],"yoast_head":"<!-- This site is optimized with the Yoast SEO Premium plugin v21.2 (Yoast SEO v21.2) - https:\/\/yoast.com\/wordpress\/plugins\/seo\/ -->\n<title>Papper juldekorationer med blommafr\u00f6n EU - stj\u00e4rna - Gr\u00f8nt Kontor<\/title>\n<meta name=\"robots\" content=\"index, follow, max-snippet:-1, max-image-preview:large, max-video-preview:-1\" \/>\n<link rel=\"canonical\" href=\"https:\/\/grontkontor.dk\/sv\/shop\/julepynt-i-papir-med-blomsterfroe-eu-stjerne\/\" \/>\n<meta property=\"og:locale\" content=\"sv_SE\" \/>\n<meta property=\"og:type\" content=\"article\" \/>\n<meta property=\"og:title\" content=\"Papper juldekorationer med blommafr\u00f6n EU - stj\u00e4rna\" \/>\n<meta property=\"og:description\" content=\"Milj\u00f6v\u00e4nlig julstj\u00e4rna av papper med blomfr\u00f6n tillsatta i olika motiv. N\u00e4r s\u00e4songen \u00e4r \u00f6ver kan prydnadsf\u00f6rem\u00e5len planteras i tr\u00e4dg\u00e5rden eller krukas, d\u00e4r de kommer att gro till olika vilda blommor. Upph\u00e4ngning av jute. Instruktioner f\u00f6r plantering anges p\u00e5 baksidan. Tillverkad i Europa. M\u00e5tt: Julgran: 6,5&#215;8 cm Julkula: 7&#215;8 cm Stj\u00e4rna: 8&#215;8 cm [jute] &amp;nbsp;\" \/>\n<meta property=\"og:url\" content=\"https:\/\/grontkontor.dk\/sv\/shop\/julepynt-i-papir-med-blomsterfroe-eu-stjerne\/\" \/>\n<meta property=\"og:site_name\" content=\"Gr\u00f8nt Kontor\" \/>\n<meta property=\"article:publisher\" content=\"https:\/\/www.facebook.com\/grontkontor.dk\/\" \/>\n<meta property=\"article:modified_time\" content=\"2025-11-06T08:22:19+00:00\" \/>\n<meta property=\"og:image\" content=\"https:\/\/grontkontor.dk\/wp-content\/uploads\/2023\/10\/Miljoevenligt-julepynt-i-papir-med-blomsterfroe-stjerne.jpg\" \/>\n\t<meta property=\"og:image:width\" content=\"900\" \/>\n\t<meta property=\"og:image:height\" content=\"639\" \/>\n\t<meta property=\"og:image:type\" content=\"image\/jpeg\" \/>\n<meta name=\"twitter:card\" content=\"summary_large_image\" \/>\n<script type=\"application\/ld+json\" class=\"yoast-schema-graph\">{\"@context\":\"https:\/\/schema.org\",\"@graph\":[{\"@type\":\"WebPage\",\"@id\":\"https:\/\/grontkontor.dk\/sv\/shop\/julepynt-i-papir-med-blomsterfroe-eu-stjerne\/\",\"url\":\"https:\/\/grontkontor.dk\/sv\/shop\/julepynt-i-papir-med-blomsterfroe-eu-stjerne\/\",\"name\":\"Papper juldekorationer med blommafr\u00f6n EU - stj\u00e4rna - Gr\u00f8nt Kontor\",\"isPartOf\":{\"@id\":\"https:\/\/grontkontor.dk\/#website\"},\"datePublished\":\"2025-10-24T09:47:49+00:00\",\"dateModified\":\"2025-11-06T08:22:19+00:00\",\"breadcrumb\":{\"@id\":\"https:\/\/grontkontor.dk\/sv\/shop\/julepynt-i-papir-med-blomsterfroe-eu-stjerne\/#breadcrumb\"},\"inLanguage\":\"sv-SE\",\"potentialAction\":[{\"@type\":\"ReadAction\",\"target\":[\"https:\/\/grontkontor.dk\/sv\/shop\/julepynt-i-papir-med-blomsterfroe-eu-stjerne\/\"]}]},{\"@type\":\"BreadcrumbList\",\"@id\":\"https:\/\/grontkontor.dk\/sv\/shop\/julepynt-i-papir-med-blomsterfroe-eu-stjerne\/#breadcrumb\",\"itemListElement\":[{\"@type\":\"ListItem\",\"position\":1,\"name\":\"Forside\",\"item\":\"https:\/\/grontkontor.dk\/\"},{\"@type\":\"ListItem\",\"position\":2,\"name\":\"Shop\",\"item\":\"https:\/\/grontkontor.dk\/sv\/shop\/\"},{\"@type\":\"ListItem\",\"position\":3,\"name\":\"Jul og h\u00f8jtid\",\"item\":\"https:\/\/grontkontor.dk\/produkt-kategori\/jul-og-hoejtid\/\"},{\"@type\":\"ListItem\",\"position\":4,\"name\":\"Papper juldekorationer med blommafr\u00f6n EU &#8211; stj\u00e4rna\"}]},{\"@type\":\"WebSite\",\"@id\":\"https:\/\/grontkontor.dk\/#website\",\"url\":\"https:\/\/grontkontor.dk\/\",\"name\":\"Gr\u00f8nt Kontor\",\"description\":\"Milj\u00f8venlige produkter til kontor og erhverv med fokus p\u00e5 b\u00e6redygtighed, design og fair trade.\",\"publisher\":{\"@id\":\"https:\/\/grontkontor.dk\/#organization\"},\"potentialAction\":[{\"@type\":\"SearchAction\",\"target\":{\"@type\":\"EntryPoint\",\"urlTemplate\":\"https:\/\/grontkontor.dk\/?s={search_term_string}\"},\"query-input\":\"required name=search_term_string\"}],\"inLanguage\":\"sv-SE\"},{\"@type\":\"Organization\",\"@id\":\"https:\/\/grontkontor.dk\/#organization\",\"name\":\"Gr\u00f8nt Kontor\",\"url\":\"https:\/\/grontkontor.dk\/\",\"logo\":{\"@type\":\"ImageObject\",\"inLanguage\":\"sv-SE\",\"@id\":\"https:\/\/grontkontor.dk\/#\/schema\/logo\/image\/\",\"url\":\"https:\/\/grontkontor.dk\/wp-content\/uploads\/2014\/02\/Logo_groent_kontor_300x80.png\",\"contentUrl\":\"https:\/\/grontkontor.dk\/wp-content\/uploads\/2014\/02\/Logo_groent_kontor_300x80.png\",\"width\":300,\"height\":80,\"caption\":\"Gr\u00f8nt Kontor\"},\"image\":{\"@id\":\"https:\/\/grontkontor.dk\/#\/schema\/logo\/image\/\"},\"sameAs\":[\"https:\/\/www.facebook.com\/grontkontor.dk\/\"]}]}<\/script>\n<!-- \/ Yoast SEO Premium plugin. -->","yoast_head_json":{"title":"Papper juldekorationer med blommafr\u00f6n EU - stj\u00e4rna - Gr\u00f8nt Kontor","robots":{"index":"index","follow":"follow","max-snippet":"max-snippet:-1","max-image-preview":"max-image-preview:large","max-video-preview":"max-video-preview:-1"},"canonical":"https:\/\/grontkontor.dk\/sv\/shop\/julepynt-i-papir-med-blomsterfroe-eu-stjerne\/","og_locale":"sv_SE","og_type":"article","og_title":"Papper juldekorationer med blommafr\u00f6n EU - stj\u00e4rna","og_description":"Milj\u00f6v\u00e4nlig julstj\u00e4rna av papper med blomfr\u00f6n tillsatta i olika motiv. N\u00e4r s\u00e4songen \u00e4r \u00f6ver kan prydnadsf\u00f6rem\u00e5len planteras i tr\u00e4dg\u00e5rden eller krukas, d\u00e4r de kommer att gro till olika vilda blommor. Upph\u00e4ngning av jute. Instruktioner f\u00f6r plantering anges p\u00e5 baksidan. Tillverkad i Europa. M\u00e5tt: Julgran: 6,5&#215;8 cm Julkula: 7&#215;8 cm Stj\u00e4rna: 8&#215;8 cm [jute] &amp;nbsp;","og_url":"https:\/\/grontkontor.dk\/sv\/shop\/julepynt-i-papir-med-blomsterfroe-eu-stjerne\/","og_site_name":"Gr\u00f8nt Kontor","article_publisher":"https:\/\/www.facebook.com\/grontkontor.dk\/","article_modified_time":"2025-11-06T08:22:19+00:00","og_image":[{"width":900,"height":639,"url":"https:\/\/grontkontor.dk\/wp-content\/uploads\/2023\/10\/Miljoevenligt-julepynt-i-papir-med-blomsterfroe-stjerne.jpg","type":"image\/jpeg"}],"twitter_card":"summary_large_image","schema":{"@context":"https:\/\/schema.org","@graph":[{"@type":"WebPage","@id":"https:\/\/grontkontor.dk\/sv\/shop\/julepynt-i-papir-med-blomsterfroe-eu-stjerne\/","url":"https:\/\/grontkontor.dk\/sv\/shop\/julepynt-i-papir-med-blomsterfroe-eu-stjerne\/","name":"Papper juldekorationer med blommafr\u00f6n EU - stj\u00e4rna - Gr\u00f8nt Kontor","isPartOf":{"@id":"https:\/\/grontkontor.dk\/#website"},"datePublished":"2025-10-24T09:47:49+00:00","dateModified":"2025-11-06T08:22:19+00:00","breadcrumb":{"@id":"https:\/\/grontkontor.dk\/sv\/shop\/julepynt-i-papir-med-blomsterfroe-eu-stjerne\/#breadcrumb"},"inLanguage":"sv-SE","potentialAction":[{"@type":"ReadAction","target":["https:\/\/grontkontor.dk\/sv\/shop\/julepynt-i-papir-med-blomsterfroe-eu-stjerne\/"]}]},{"@type":"BreadcrumbList","@id":"https:\/\/grontkontor.dk\/sv\/shop\/julepynt-i-papir-med-blomsterfroe-eu-stjerne\/#breadcrumb","itemListElement":[{"@type":"ListItem","position":1,"name":"Forside","item":"https:\/\/grontkontor.dk\/"},{"@type":"ListItem","position":2,"name":"Shop","item":"https:\/\/grontkontor.dk\/sv\/shop\/"},{"@type":"ListItem","position":3,"name":"Jul og h\u00f8jtid","item":"https:\/\/grontkontor.dk\/produkt-kategori\/jul-og-hoejtid\/"},{"@type":"ListItem","position":4,"name":"Papper juldekorationer med blommafr\u00f6n EU &#8211; stj\u00e4rna"}]},{"@type":"WebSite","@id":"https:\/\/grontkontor.dk\/#website","url":"https:\/\/grontkontor.dk\/","name":"Gr\u00f8nt Kontor","description":"Milj\u00f8venlige produkter til kontor og erhverv med fokus p\u00e5 b\u00e6redygtighed, design og fair trade.","publisher":{"@id":"https:\/\/grontkontor.dk\/#organization"},"potentialAction":[{"@type":"SearchAction","target":{"@type":"EntryPoint","urlTemplate":"https:\/\/grontkontor.dk\/?s={search_term_string}"},"query-input":"required name=search_term_string"}],"inLanguage":"sv-SE"},{"@type":"Organization","@id":"https:\/\/grontkontor.dk\/#organization","name":"Gr\u00f8nt Kontor","url":"https:\/\/grontkontor.dk\/","logo":{"@type":"ImageObject","inLanguage":"sv-SE","@id":"https:\/\/grontkontor.dk\/#\/schema\/logo\/image\/","url":"https:\/\/grontkontor.dk\/wp-content\/uploads\/2014\/02\/Logo_groent_kontor_300x80.png","contentUrl":"https:\/\/grontkontor.dk\/wp-content\/uploads\/2014\/02\/Logo_groent_kontor_300x80.png","width":300,"height":80,"caption":"Gr\u00f8nt Kontor"},"image":{"@id":"https:\/\/grontkontor.dk\/#\/schema\/logo\/image\/"},"sameAs":["https:\/\/www.facebook.com\/grontkontor.dk\/"]}]}},"_links":{"self":[{"href":"https:\/\/grontkontor.dk\/sv\/wp-json\/wp\/v2\/product\/130366"}],"collection":[{"href":"https:\/\/grontkontor.dk\/sv\/wp-json\/wp\/v2\/product"}],"about":[{"href":"https:\/\/grontkontor.dk\/sv\/wp-json\/wp\/v2\/types\/product"}],"replies":[{"embeddable":true,"href":"https:\/\/grontkontor.dk\/sv\/wp-json\/wp\/v2\/comments?post=130366"}],"wp:featuredmedia":[{"embeddable":true,"href":"https:\/\/grontkontor.dk\/sv\/wp-json\/wp\/v2\/media\/78750"}],"wp:attachment":[{"href":"https:\/\/grontkontor.dk\/sv\/wp-json\/wp\/v2\/media?parent=130366"}],"wp:term":[{"taxonomy":"product_cat","embeddable":true,"href":"https:\/\/grontkontor.dk\/sv\/wp-json\/wp\/v2\/product_cat?post=130366"},{"taxonomy":"product_tag","embeddable":true,"href":"https:\/\/grontkontor.dk\/sv\/wp-json\/wp\/v2\/product_tag?post=130366"}],"curies":[{"name":"wp","href":"https:\/\/api.w.org\/{rel}","templated":true}]}}