{"id":130399,"date":"2025-10-27T13:15:26","date_gmt":"2025-10-27T12:15:27","guid":{"rendered":"https:\/\/grontkontor.dk\/?post_type=product&#038;p=130399"},"modified":"2025-11-03T09:59:42","modified_gmt":"2025-11-03T08:59:42","slug":"cykellygtesaet","status":"publish","type":"product","link":"https:\/\/grontkontor.dk\/sv\/shop\/cykellygtesaet\/","title":{"rendered":"Cykelljusset med eller utan logotyptryck"},"content":{"rendered":"<p data-start=\"294\" data-end=\"533\">\u00d6ka synligheten p\u00e5 v\u00e4gen med detta praktiska set med cykellampor med eller utan logotyptryck. Setet best\u00e5r av tv\u00e5 LED-lampor \u2013 en f\u00f6r framljuset och en f\u00f6r bakljuset \u2013 som s\u00e4kerst\u00e4ller bra belysning och \u00f6kad s\u00e4kerhet under b\u00e5de dag- och kv\u00e4llsk\u00f6rning. <\/p>\n<p data-start=\"535\" data-end=\"780\">Varje lampa har tv\u00e5 ljusl\u00e4gen: ett fast ljus och ett blinkande ljus, s\u00e5 att du kan v\u00e4lja den inst\u00e4llning som b\u00e4st passar dina behov och din omgivning. Lamporna drivs av knappcellsbatterier (ing\u00e5r), s\u00e5 de \u00e4r redo att anv\u00e4ndas direkt ur l\u00e5dan. <\/p>\n<p data-start=\"782\" data-end=\"1024\">Cykellamporna levereras i ett slagt\u00e5ligt fodral med magnetisk st\u00e4ngning, vilket skyddar lamporna under f\u00f6rvaring eller transport. Deras kompakta storlek och l\u00e4tta design g\u00f6r dem enkla att montera p\u00e5 styret eller sadelstolpen \u2013 inga verktyg beh\u00f6vs. <\/p>\n<p data-start=\"1026\" data-end=\"1361\">Detta cykelljusset \u00e4r perfekt f\u00f6r b\u00e5de privat bruk, evenemang eller som f\u00f6retagspresent. Du kan v\u00e4lja ett set med eller utan logotyptryck f\u00f6r att passa ditt f\u00f6retags profil och visuella identitet. Ett logotyptryck p\u00e5 fodralet eller lamporna g\u00f6r setet till en funktionell reklamartikel som kunder och anst\u00e4llda kommer att ha gl\u00e4dje av i m\u00e5nga \u00e5r.  <\/p>\n<p>Setet \u00e4r inte s\u00e4rskilt milj\u00f6v\u00e4nligt, utan \u00e4r ett uttryck f\u00f6r v\u00e5r \u00f6nskan att serva cyklisterna p\u00e5 b\u00e4sta s\u00e4tt.<\/p>\n<p>&nbsp;<\/p>\n","protected":false},"excerpt":{"rendered":"<p>\u00d6ka synligheten p\u00e5 v\u00e4gen med detta praktiska set med cykellampor med eller utan logotyptryck. Setet best\u00e5r av tv\u00e5 LED-lampor \u2013 en f\u00f6r framljuset och en f\u00f6r bakljuset \u2013 som s\u00e4kerst\u00e4ller bra belysning och \u00f6kad s\u00e4kerhet under b\u00e5de dag- och kv\u00e4llsk\u00f6rning. Varje lampa har tv\u00e5 ljusl\u00e4gen: ett fast ljus och ett blinkande ljus, s\u00e5 att du [&hellip;]<\/p>\n","protected":false},"featured_media":130408,"comment_status":"closed","ping_status":"closed","template":"","meta":{"_acf_changed":false},"product_cat":[2107],"product_tag":[],"class_list":{"0":"post-130399","1":"product","2":"type-product","3":"status-publish","4":"has-post-thumbnail","6":"product_cat-dummy-moq-1-sv","7":"tm-has-options","9":"first","10":"instock","11":"taxable","12":"shipping-taxable","13":"purchasable","14":"product-type-simple"},"acf":[],"yoast_head":"<!-- This site is optimized with the Yoast SEO Premium plugin v21.2 (Yoast SEO v21.2) - https:\/\/yoast.com\/wordpress\/plugins\/seo\/ -->\n<title>Cykelljusset med eller utan logotyptryck<\/title>\n<meta name=\"description\" content=\"Cykelljusset med eller utan logotryck. 2 st LED-lampor med fasta och blinkande lampor, levereras i en stadig v\u00e4ska med medf\u00f6ljande batterier.\" \/>\n<meta name=\"robots\" content=\"index, follow, max-snippet:-1, max-image-preview:large, max-video-preview:-1\" \/>\n<link rel=\"canonical\" href=\"https:\/\/grontkontor.dk\/sv\/shop\/cykellygtesaet\/\" \/>\n<meta property=\"og:locale\" content=\"sv_SE\" \/>\n<meta property=\"og:type\" content=\"article\" \/>\n<meta property=\"og:title\" content=\"Cykelljusset med eller utan logotyptryck\" \/>\n<meta property=\"og:description\" content=\"Cykelljusset med eller utan logotryck. 2 st LED-lampor med fasta och blinkande lampor, levereras i en stadig v\u00e4ska med medf\u00f6ljande batterier.\" \/>\n<meta property=\"og:url\" content=\"https:\/\/grontkontor.dk\/sv\/shop\/cykellygtesaet\/\" \/>\n<meta property=\"og:site_name\" content=\"Gr\u00f8nt Kontor\" \/>\n<meta property=\"article:publisher\" content=\"https:\/\/www.facebook.com\/grontkontor.dk\/\" \/>\n<meta property=\"article:modified_time\" content=\"2025-11-03T08:59:42+00:00\" \/>\n<meta property=\"og:image\" content=\"https:\/\/grontkontor.dk\/wp-content\/uploads\/2025\/10\/Cykellygtesaet-med-eller-uden-logotryk.jpg\" \/>\n\t<meta property=\"og:image:width\" content=\"900\" \/>\n\t<meta property=\"og:image:height\" content=\"639\" \/>\n\t<meta property=\"og:image:type\" content=\"image\/jpeg\" \/>\n<meta name=\"twitter:card\" content=\"summary_large_image\" \/>\n<meta name=\"twitter:label1\" content=\"Ber\u00e4knad l\u00e4stid\" \/>\n\t<meta name=\"twitter:data1\" content=\"1 minut\" \/>\n<script type=\"application\/ld+json\" class=\"yoast-schema-graph\">{\"@context\":\"https:\/\/schema.org\",\"@graph\":[{\"@type\":\"WebPage\",\"@id\":\"https:\/\/grontkontor.dk\/sv\/shop\/cykellygtesaet\/\",\"url\":\"https:\/\/grontkontor.dk\/sv\/shop\/cykellygtesaet\/\",\"name\":\"Cykelljusset med eller utan logotyptryck\",\"isPartOf\":{\"@id\":\"https:\/\/grontkontor.dk\/#website\"},\"datePublished\":\"2025-10-27T12:15:27+00:00\",\"dateModified\":\"2025-11-03T08:59:42+00:00\",\"description\":\"Cykelljusset med eller utan logotryck. 2 st LED-lampor med fasta och blinkande lampor, levereras i en stadig v\u00e4ska med medf\u00f6ljande batterier.\",\"breadcrumb\":{\"@id\":\"https:\/\/grontkontor.dk\/sv\/shop\/cykellygtesaet\/#breadcrumb\"},\"inLanguage\":\"sv-SE\",\"potentialAction\":[{\"@type\":\"ReadAction\",\"target\":[\"https:\/\/grontkontor.dk\/sv\/shop\/cykellygtesaet\/\"]}]},{\"@type\":\"BreadcrumbList\",\"@id\":\"https:\/\/grontkontor.dk\/sv\/shop\/cykellygtesaet\/#breadcrumb\",\"itemListElement\":[{\"@type\":\"ListItem\",\"position\":1,\"name\":\"Forside\",\"item\":\"https:\/\/grontkontor.dk\/\"},{\"@type\":\"ListItem\",\"position\":2,\"name\":\"Shop\",\"item\":\"https:\/\/grontkontor.dk\/sv\/shop\/\"},{\"@type\":\"ListItem\",\"position\":3,\"name\":\"Dummy MOQ 1\",\"item\":\"https:\/\/grontkontor.dk\/produkt-kategori\/dummy-moq-1\/\"},{\"@type\":\"ListItem\",\"position\":4,\"name\":\"Cykelljusset med eller utan logotyptryck\"}]},{\"@type\":\"WebSite\",\"@id\":\"https:\/\/grontkontor.dk\/#website\",\"url\":\"https:\/\/grontkontor.dk\/\",\"name\":\"Gr\u00f8nt Kontor\",\"description\":\"Milj\u00f8venlige produkter til kontor og erhverv med fokus p\u00e5 b\u00e6redygtighed, design og fair trade.\",\"publisher\":{\"@id\":\"https:\/\/grontkontor.dk\/#organization\"},\"potentialAction\":[{\"@type\":\"SearchAction\",\"target\":{\"@type\":\"EntryPoint\",\"urlTemplate\":\"https:\/\/grontkontor.dk\/?s={search_term_string}\"},\"query-input\":\"required name=search_term_string\"}],\"inLanguage\":\"sv-SE\"},{\"@type\":\"Organization\",\"@id\":\"https:\/\/grontkontor.dk\/#organization\",\"name\":\"Gr\u00f8nt Kontor\",\"url\":\"https:\/\/grontkontor.dk\/\",\"logo\":{\"@type\":\"ImageObject\",\"inLanguage\":\"sv-SE\",\"@id\":\"https:\/\/grontkontor.dk\/#\/schema\/logo\/image\/\",\"url\":\"https:\/\/grontkontor.dk\/wp-content\/uploads\/2014\/02\/Logo_groent_kontor_300x80.png\",\"contentUrl\":\"https:\/\/grontkontor.dk\/wp-content\/uploads\/2014\/02\/Logo_groent_kontor_300x80.png\",\"width\":300,\"height\":80,\"caption\":\"Gr\u00f8nt Kontor\"},\"image\":{\"@id\":\"https:\/\/grontkontor.dk\/#\/schema\/logo\/image\/\"},\"sameAs\":[\"https:\/\/www.facebook.com\/grontkontor.dk\/\"]}]}<\/script>\n<!-- \/ Yoast SEO Premium plugin. -->","yoast_head_json":{"title":"Cykelljusset med eller utan logotyptryck","description":"Cykelljusset med eller utan logotryck. 2 st LED-lampor med fasta och blinkande lampor, levereras i en stadig v\u00e4ska med medf\u00f6ljande batterier.","robots":{"index":"index","follow":"follow","max-snippet":"max-snippet:-1","max-image-preview":"max-image-preview:large","max-video-preview":"max-video-preview:-1"},"canonical":"https:\/\/grontkontor.dk\/sv\/shop\/cykellygtesaet\/","og_locale":"sv_SE","og_type":"article","og_title":"Cykelljusset med eller utan logotyptryck","og_description":"Cykelljusset med eller utan logotryck. 2 st LED-lampor med fasta och blinkande lampor, levereras i en stadig v\u00e4ska med medf\u00f6ljande batterier.","og_url":"https:\/\/grontkontor.dk\/sv\/shop\/cykellygtesaet\/","og_site_name":"Gr\u00f8nt Kontor","article_publisher":"https:\/\/www.facebook.com\/grontkontor.dk\/","article_modified_time":"2025-11-03T08:59:42+00:00","og_image":[{"width":900,"height":639,"url":"https:\/\/grontkontor.dk\/wp-content\/uploads\/2025\/10\/Cykellygtesaet-med-eller-uden-logotryk.jpg","type":"image\/jpeg"}],"twitter_card":"summary_large_image","twitter_misc":{"Ber\u00e4knad l\u00e4stid":"1 minut"},"schema":{"@context":"https:\/\/schema.org","@graph":[{"@type":"WebPage","@id":"https:\/\/grontkontor.dk\/sv\/shop\/cykellygtesaet\/","url":"https:\/\/grontkontor.dk\/sv\/shop\/cykellygtesaet\/","name":"Cykelljusset med eller utan logotyptryck","isPartOf":{"@id":"https:\/\/grontkontor.dk\/#website"},"datePublished":"2025-10-27T12:15:27+00:00","dateModified":"2025-11-03T08:59:42+00:00","description":"Cykelljusset med eller utan logotryck. 2 st LED-lampor med fasta och blinkande lampor, levereras i en stadig v\u00e4ska med medf\u00f6ljande batterier.","breadcrumb":{"@id":"https:\/\/grontkontor.dk\/sv\/shop\/cykellygtesaet\/#breadcrumb"},"inLanguage":"sv-SE","potentialAction":[{"@type":"ReadAction","target":["https:\/\/grontkontor.dk\/sv\/shop\/cykellygtesaet\/"]}]},{"@type":"BreadcrumbList","@id":"https:\/\/grontkontor.dk\/sv\/shop\/cykellygtesaet\/#breadcrumb","itemListElement":[{"@type":"ListItem","position":1,"name":"Forside","item":"https:\/\/grontkontor.dk\/"},{"@type":"ListItem","position":2,"name":"Shop","item":"https:\/\/grontkontor.dk\/sv\/shop\/"},{"@type":"ListItem","position":3,"name":"Dummy MOQ 1","item":"https:\/\/grontkontor.dk\/produkt-kategori\/dummy-moq-1\/"},{"@type":"ListItem","position":4,"name":"Cykelljusset med eller utan logotyptryck"}]},{"@type":"WebSite","@id":"https:\/\/grontkontor.dk\/#website","url":"https:\/\/grontkontor.dk\/","name":"Gr\u00f8nt Kontor","description":"Milj\u00f8venlige produkter til kontor og erhverv med fokus p\u00e5 b\u00e6redygtighed, design og fair trade.","publisher":{"@id":"https:\/\/grontkontor.dk\/#organization"},"potentialAction":[{"@type":"SearchAction","target":{"@type":"EntryPoint","urlTemplate":"https:\/\/grontkontor.dk\/?s={search_term_string}"},"query-input":"required name=search_term_string"}],"inLanguage":"sv-SE"},{"@type":"Organization","@id":"https:\/\/grontkontor.dk\/#organization","name":"Gr\u00f8nt Kontor","url":"https:\/\/grontkontor.dk\/","logo":{"@type":"ImageObject","inLanguage":"sv-SE","@id":"https:\/\/grontkontor.dk\/#\/schema\/logo\/image\/","url":"https:\/\/grontkontor.dk\/wp-content\/uploads\/2014\/02\/Logo_groent_kontor_300x80.png","contentUrl":"https:\/\/grontkontor.dk\/wp-content\/uploads\/2014\/02\/Logo_groent_kontor_300x80.png","width":300,"height":80,"caption":"Gr\u00f8nt Kontor"},"image":{"@id":"https:\/\/grontkontor.dk\/#\/schema\/logo\/image\/"},"sameAs":["https:\/\/www.facebook.com\/grontkontor.dk\/"]}]}},"_links":{"self":[{"href":"https:\/\/grontkontor.dk\/sv\/wp-json\/wp\/v2\/product\/130399"}],"collection":[{"href":"https:\/\/grontkontor.dk\/sv\/wp-json\/wp\/v2\/product"}],"about":[{"href":"https:\/\/grontkontor.dk\/sv\/wp-json\/wp\/v2\/types\/product"}],"replies":[{"embeddable":true,"href":"https:\/\/grontkontor.dk\/sv\/wp-json\/wp\/v2\/comments?post=130399"}],"wp:featuredmedia":[{"embeddable":true,"href":"https:\/\/grontkontor.dk\/sv\/wp-json\/wp\/v2\/media\/130408"}],"wp:attachment":[{"href":"https:\/\/grontkontor.dk\/sv\/wp-json\/wp\/v2\/media?parent=130399"}],"wp:term":[{"taxonomy":"product_cat","embeddable":true,"href":"https:\/\/grontkontor.dk\/sv\/wp-json\/wp\/v2\/product_cat?post=130399"},{"taxonomy":"product_tag","embeddable":true,"href":"https:\/\/grontkontor.dk\/sv\/wp-json\/wp\/v2\/product_tag?post=130399"}],"curies":[{"name":"wp","href":"https:\/\/api.w.org\/{rel}","templated":true}]}}