{"id":130426,"date":"2025-10-27T15:23:42","date_gmt":"2025-10-27T14:23:42","guid":{"rendered":"https:\/\/grontkontor.dk\/?post_type=product&#038;p=130426"},"modified":"2025-11-03T09:59:09","modified_gmt":"2025-11-03T08:59:09","slug":"julepyntsaet-i-poppeltrae-med-jutesnor","status":"publish","type":"product","link":"https:\/\/grontkontor.dk\/sv\/shop\/julepyntsaet-i-poppeltrae-med-jutesnor\/","title":{"rendered":"Juldekorationsset i poppeltr\u00e4 med jutesn\u00f6re"},"content":{"rendered":"<p>F\u00e4rgl\u00e4gg dina egna juldekorationer. Skapa en personlig och milj\u00f6v\u00e4nlig jul med ett klimatv\u00e4nligt juldekorationsset i poppeltr\u00e4d. Detta charmiga set \u00e4r det perfekta valet f\u00f6r familjen eller dagis som vill kombinera kreativitet med omtanke om milj\u00f6n. Setet inneh\u00e5ller tre vackra julh\u00e4ngare i obehandlat poppeltr\u00e4 som ger ett l\u00e4tt och naturligt utseende. Poppeltr\u00e4 \u00e4r en snabbv\u00e4xande och klimatv\u00e4nlig resurs, vilket g\u00f6r detta set till ett ansvarsfullt alternativ till traditionella plastprydnader.    <\/p>\n<p>Det unika med ett klimatv\u00e4nligt juldekorationsset i poppeltr\u00e4d \u00e4r att det inbjuder till kreativitet. Setet levereras komplett med fyra kritor, s\u00e5 att du och din familj kan dekorera dekorationerna precis som ni vill. Detta g\u00f6r inte bara dekorationerna unika, utan skapar ocks\u00e5 en mysig julaktivitet f\u00f6r b\u00e5de barn och vuxna.  <\/p>\n<p>Setet levereras elegant presenterat i en l\u00e5da av kraftkartong, vilket understryker det naturliga och milj\u00f6v\u00e4nliga budskapet. Detta g\u00f6r den till en idealisk present till anst\u00e4llda, kunder eller som en omt\u00e4nksam g\u00e5va under adventstiden. Genom att tillhandah\u00e5lla ett s\u00e5dant kit skickar ditt f\u00f6retag en stark signal om uppskattning f\u00f6r b\u00e5de kreativitet och milj\u00f6. Dekorera granen med unika, handdekorerade galgar och njut av en klimatsmart jul.   <\/p>\n<p>Ett perfekt set f\u00f6r f\u00f6rskolor, museer och liknande.<\/p>\n<p>&nbsp;<\/p>\n<a href=\"https:\/\/en.wikipedia.org\/wiki\/Blue_Angel_(certification)\" rel=\"noopener\" target=\"_blank\"><img loading=\"lazy\" decoding=\"async\" class=\"size-full wp-image-12701\" src=\"https:\/\/grontkontor.dk\/wp-content\/uploads\/2023\/09\/amfori-logo.jpg\" width=\"202\" height=\"62\" border=0 \/><\/a>\n","protected":false},"excerpt":{"rendered":"<p>F\u00e4rgl\u00e4gg dina egna juldekorationer. Skapa en personlig och milj\u00f6v\u00e4nlig jul med ett klimatv\u00e4nligt juldekorationsset i poppeltr\u00e4d. Detta charmiga set \u00e4r det perfekta valet f\u00f6r familjen eller dagis som vill kombinera kreativitet med omtanke om milj\u00f6n. Setet inneh\u00e5ller tre vackra julh\u00e4ngare i obehandlat poppeltr\u00e4 som ger ett l\u00e4tt och naturligt utseende. Poppeltr\u00e4 \u00e4r en snabbv\u00e4xande och [&hellip;]<\/p>\n","protected":false},"featured_media":130433,"comment_status":"closed","ping_status":"closed","template":"","meta":{"_acf_changed":false},"product_cat":[4847,2107,2394],"product_tag":[4850,2728],"class_list":{"0":"post-130426","1":"product","2":"type-product","3":"status-publish","4":"has-post-thumbnail","6":"product_cat-jul-och-helgdagar","7":"product_cat-dummy-moq-1-sv","8":"product_cat-nyheter","9":"product_tag-jul-sv","10":"product_tag-julpynt","11":"tm-has-options","13":"first","14":"instock","15":"taxable","16":"shipping-taxable","17":"purchasable","18":"product-type-simple"},"acf":[],"yoast_head":"<!-- This site is optimized with the Yoast SEO Premium plugin v21.2 (Yoast SEO v21.2) - https:\/\/yoast.com\/wordpress\/plugins\/seo\/ -->\n<title>Klimatv\u00e4nlig poppeltr\u00e4d juldekorationsset<\/title>\n<meta name=\"description\" content=\"K\u00f6p ett klimatv\u00e4nligt juldekorationsset med poppeltr\u00e4d. Setet inneh\u00e5ller 3 julgalgar och 4 kritor f\u00f6r dekoration. Ett milj\u00f6v\u00e4nligt val, levereras i en eldosa. Perfekt f\u00f6r kreativt och klimatsmart julmys.\" \/>\n<meta name=\"robots\" content=\"index, follow, max-snippet:-1, max-image-preview:large, max-video-preview:-1\" \/>\n<link rel=\"canonical\" href=\"https:\/\/grontkontor.dk\/sv\/shop\/julepyntsaet-i-poppeltrae-med-jutesnor\/\" \/>\n<meta property=\"og:locale\" content=\"sv_SE\" \/>\n<meta property=\"og:type\" content=\"article\" \/>\n<meta property=\"og:title\" content=\"Juldekorationsset i poppeltr\u00e4 med jutesn\u00f6re\" \/>\n<meta property=\"og:description\" content=\"K\u00f6p ett klimatv\u00e4nligt juldekorationsset med poppeltr\u00e4d. Setet inneh\u00e5ller 3 julgalgar och 4 kritor f\u00f6r dekoration. Ett milj\u00f6v\u00e4nligt val, levereras i en eldosa. Perfekt f\u00f6r kreativt och klimatsmart julmys.\" \/>\n<meta property=\"og:url\" content=\"https:\/\/grontkontor.dk\/sv\/shop\/julepyntsaet-i-poppeltrae-med-jutesnor\/\" \/>\n<meta property=\"og:site_name\" content=\"Gr\u00f8nt Kontor\" \/>\n<meta property=\"article:publisher\" content=\"https:\/\/www.facebook.com\/grontkontor.dk\/\" \/>\n<meta property=\"article:modified_time\" content=\"2025-11-03T08:59:09+00:00\" \/>\n<meta property=\"og:image\" content=\"https:\/\/grontkontor.dk\/wp-content\/uploads\/2025\/10\/Klimavenligt-julepyntsaet-i-poppeltrae.jpg\" \/>\n\t<meta property=\"og:image:width\" content=\"900\" \/>\n\t<meta property=\"og:image:height\" content=\"639\" \/>\n\t<meta property=\"og:image:type\" content=\"image\/jpeg\" \/>\n<meta name=\"twitter:card\" content=\"summary_large_image\" \/>\n<meta name=\"twitter:label1\" content=\"Ber\u00e4knad l\u00e4stid\" \/>\n\t<meta name=\"twitter:data1\" content=\"1 minut\" \/>\n<script type=\"application\/ld+json\" class=\"yoast-schema-graph\">{\"@context\":\"https:\/\/schema.org\",\"@graph\":[{\"@type\":\"WebPage\",\"@id\":\"https:\/\/grontkontor.dk\/sv\/shop\/julepyntsaet-i-poppeltrae-med-jutesnor\/\",\"url\":\"https:\/\/grontkontor.dk\/sv\/shop\/julepyntsaet-i-poppeltrae-med-jutesnor\/\",\"name\":\"Klimatv\u00e4nlig poppeltr\u00e4d juldekorationsset\",\"isPartOf\":{\"@id\":\"https:\/\/grontkontor.dk\/#website\"},\"datePublished\":\"2025-10-27T14:23:42+00:00\",\"dateModified\":\"2025-11-03T08:59:09+00:00\",\"description\":\"K\u00f6p ett klimatv\u00e4nligt juldekorationsset med poppeltr\u00e4d. Setet inneh\u00e5ller 3 julgalgar och 4 kritor f\u00f6r dekoration. Ett milj\u00f6v\u00e4nligt val, levereras i en eldosa. Perfekt f\u00f6r kreativt och klimatsmart julmys.\",\"breadcrumb\":{\"@id\":\"https:\/\/grontkontor.dk\/sv\/shop\/julepyntsaet-i-poppeltrae-med-jutesnor\/#breadcrumb\"},\"inLanguage\":\"sv-SE\",\"potentialAction\":[{\"@type\":\"ReadAction\",\"target\":[\"https:\/\/grontkontor.dk\/sv\/shop\/julepyntsaet-i-poppeltrae-med-jutesnor\/\"]}]},{\"@type\":\"BreadcrumbList\",\"@id\":\"https:\/\/grontkontor.dk\/sv\/shop\/julepyntsaet-i-poppeltrae-med-jutesnor\/#breadcrumb\",\"itemListElement\":[{\"@type\":\"ListItem\",\"position\":1,\"name\":\"Forside\",\"item\":\"https:\/\/grontkontor.dk\/\"},{\"@type\":\"ListItem\",\"position\":2,\"name\":\"Shop\",\"item\":\"https:\/\/grontkontor.dk\/sv\/shop\/\"},{\"@type\":\"ListItem\",\"position\":3,\"name\":\"Jul og h\u00f8jtid\",\"item\":\"https:\/\/grontkontor.dk\/produkt-kategori\/jul-og-hoejtid\/\"},{\"@type\":\"ListItem\",\"position\":4,\"name\":\"Juldekorationsset i poppeltr\u00e4 med jutesn\u00f6re\"}]},{\"@type\":\"WebSite\",\"@id\":\"https:\/\/grontkontor.dk\/#website\",\"url\":\"https:\/\/grontkontor.dk\/\",\"name\":\"Gr\u00f8nt Kontor\",\"description\":\"Milj\u00f8venlige produkter til kontor og erhverv med fokus p\u00e5 b\u00e6redygtighed, design og fair trade.\",\"publisher\":{\"@id\":\"https:\/\/grontkontor.dk\/#organization\"},\"potentialAction\":[{\"@type\":\"SearchAction\",\"target\":{\"@type\":\"EntryPoint\",\"urlTemplate\":\"https:\/\/grontkontor.dk\/?s={search_term_string}\"},\"query-input\":\"required name=search_term_string\"}],\"inLanguage\":\"sv-SE\"},{\"@type\":\"Organization\",\"@id\":\"https:\/\/grontkontor.dk\/#organization\",\"name\":\"Gr\u00f8nt Kontor\",\"url\":\"https:\/\/grontkontor.dk\/\",\"logo\":{\"@type\":\"ImageObject\",\"inLanguage\":\"sv-SE\",\"@id\":\"https:\/\/grontkontor.dk\/#\/schema\/logo\/image\/\",\"url\":\"https:\/\/grontkontor.dk\/wp-content\/uploads\/2014\/02\/Logo_groent_kontor_300x80.png\",\"contentUrl\":\"https:\/\/grontkontor.dk\/wp-content\/uploads\/2014\/02\/Logo_groent_kontor_300x80.png\",\"width\":300,\"height\":80,\"caption\":\"Gr\u00f8nt Kontor\"},\"image\":{\"@id\":\"https:\/\/grontkontor.dk\/#\/schema\/logo\/image\/\"},\"sameAs\":[\"https:\/\/www.facebook.com\/grontkontor.dk\/\"]}]}<\/script>\n<!-- \/ Yoast SEO Premium plugin. -->","yoast_head_json":{"title":"Klimatv\u00e4nlig poppeltr\u00e4d juldekorationsset","description":"K\u00f6p ett klimatv\u00e4nligt juldekorationsset med poppeltr\u00e4d. Setet inneh\u00e5ller 3 julgalgar och 4 kritor f\u00f6r dekoration. Ett milj\u00f6v\u00e4nligt val, levereras i en eldosa. Perfekt f\u00f6r kreativt och klimatsmart julmys.","robots":{"index":"index","follow":"follow","max-snippet":"max-snippet:-1","max-image-preview":"max-image-preview:large","max-video-preview":"max-video-preview:-1"},"canonical":"https:\/\/grontkontor.dk\/sv\/shop\/julepyntsaet-i-poppeltrae-med-jutesnor\/","og_locale":"sv_SE","og_type":"article","og_title":"Juldekorationsset i poppeltr\u00e4 med jutesn\u00f6re","og_description":"K\u00f6p ett klimatv\u00e4nligt juldekorationsset med poppeltr\u00e4d. Setet inneh\u00e5ller 3 julgalgar och 4 kritor f\u00f6r dekoration. Ett milj\u00f6v\u00e4nligt val, levereras i en eldosa. Perfekt f\u00f6r kreativt och klimatsmart julmys.","og_url":"https:\/\/grontkontor.dk\/sv\/shop\/julepyntsaet-i-poppeltrae-med-jutesnor\/","og_site_name":"Gr\u00f8nt Kontor","article_publisher":"https:\/\/www.facebook.com\/grontkontor.dk\/","article_modified_time":"2025-11-03T08:59:09+00:00","og_image":[{"width":900,"height":639,"url":"https:\/\/grontkontor.dk\/wp-content\/uploads\/2025\/10\/Klimavenligt-julepyntsaet-i-poppeltrae.jpg","type":"image\/jpeg"}],"twitter_card":"summary_large_image","twitter_misc":{"Ber\u00e4knad l\u00e4stid":"1 minut"},"schema":{"@context":"https:\/\/schema.org","@graph":[{"@type":"WebPage","@id":"https:\/\/grontkontor.dk\/sv\/shop\/julepyntsaet-i-poppeltrae-med-jutesnor\/","url":"https:\/\/grontkontor.dk\/sv\/shop\/julepyntsaet-i-poppeltrae-med-jutesnor\/","name":"Klimatv\u00e4nlig poppeltr\u00e4d juldekorationsset","isPartOf":{"@id":"https:\/\/grontkontor.dk\/#website"},"datePublished":"2025-10-27T14:23:42+00:00","dateModified":"2025-11-03T08:59:09+00:00","description":"K\u00f6p ett klimatv\u00e4nligt juldekorationsset med poppeltr\u00e4d. Setet inneh\u00e5ller 3 julgalgar och 4 kritor f\u00f6r dekoration. Ett milj\u00f6v\u00e4nligt val, levereras i en eldosa. Perfekt f\u00f6r kreativt och klimatsmart julmys.","breadcrumb":{"@id":"https:\/\/grontkontor.dk\/sv\/shop\/julepyntsaet-i-poppeltrae-med-jutesnor\/#breadcrumb"},"inLanguage":"sv-SE","potentialAction":[{"@type":"ReadAction","target":["https:\/\/grontkontor.dk\/sv\/shop\/julepyntsaet-i-poppeltrae-med-jutesnor\/"]}]},{"@type":"BreadcrumbList","@id":"https:\/\/grontkontor.dk\/sv\/shop\/julepyntsaet-i-poppeltrae-med-jutesnor\/#breadcrumb","itemListElement":[{"@type":"ListItem","position":1,"name":"Forside","item":"https:\/\/grontkontor.dk\/"},{"@type":"ListItem","position":2,"name":"Shop","item":"https:\/\/grontkontor.dk\/sv\/shop\/"},{"@type":"ListItem","position":3,"name":"Jul og h\u00f8jtid","item":"https:\/\/grontkontor.dk\/produkt-kategori\/jul-og-hoejtid\/"},{"@type":"ListItem","position":4,"name":"Juldekorationsset i poppeltr\u00e4 med jutesn\u00f6re"}]},{"@type":"WebSite","@id":"https:\/\/grontkontor.dk\/#website","url":"https:\/\/grontkontor.dk\/","name":"Gr\u00f8nt Kontor","description":"Milj\u00f8venlige produkter til kontor og erhverv med fokus p\u00e5 b\u00e6redygtighed, design og fair trade.","publisher":{"@id":"https:\/\/grontkontor.dk\/#organization"},"potentialAction":[{"@type":"SearchAction","target":{"@type":"EntryPoint","urlTemplate":"https:\/\/grontkontor.dk\/?s={search_term_string}"},"query-input":"required name=search_term_string"}],"inLanguage":"sv-SE"},{"@type":"Organization","@id":"https:\/\/grontkontor.dk\/#organization","name":"Gr\u00f8nt Kontor","url":"https:\/\/grontkontor.dk\/","logo":{"@type":"ImageObject","inLanguage":"sv-SE","@id":"https:\/\/grontkontor.dk\/#\/schema\/logo\/image\/","url":"https:\/\/grontkontor.dk\/wp-content\/uploads\/2014\/02\/Logo_groent_kontor_300x80.png","contentUrl":"https:\/\/grontkontor.dk\/wp-content\/uploads\/2014\/02\/Logo_groent_kontor_300x80.png","width":300,"height":80,"caption":"Gr\u00f8nt Kontor"},"image":{"@id":"https:\/\/grontkontor.dk\/#\/schema\/logo\/image\/"},"sameAs":["https:\/\/www.facebook.com\/grontkontor.dk\/"]}]}},"_links":{"self":[{"href":"https:\/\/grontkontor.dk\/sv\/wp-json\/wp\/v2\/product\/130426"}],"collection":[{"href":"https:\/\/grontkontor.dk\/sv\/wp-json\/wp\/v2\/product"}],"about":[{"href":"https:\/\/grontkontor.dk\/sv\/wp-json\/wp\/v2\/types\/product"}],"replies":[{"embeddable":true,"href":"https:\/\/grontkontor.dk\/sv\/wp-json\/wp\/v2\/comments?post=130426"}],"wp:featuredmedia":[{"embeddable":true,"href":"https:\/\/grontkontor.dk\/sv\/wp-json\/wp\/v2\/media\/130433"}],"wp:attachment":[{"href":"https:\/\/grontkontor.dk\/sv\/wp-json\/wp\/v2\/media?parent=130426"}],"wp:term":[{"taxonomy":"product_cat","embeddable":true,"href":"https:\/\/grontkontor.dk\/sv\/wp-json\/wp\/v2\/product_cat?post=130426"},{"taxonomy":"product_tag","embeddable":true,"href":"https:\/\/grontkontor.dk\/sv\/wp-json\/wp\/v2\/product_tag?post=130426"}],"curies":[{"name":"wp","href":"https:\/\/api.w.org\/{rel}","templated":true}]}}