{"id":130506,"date":"2025-10-28T15:49:02","date_gmt":"2025-10-28T14:49:03","guid":{"rendered":"https:\/\/grontkontor.dk\/?post_type=product&#038;p=130506"},"modified":"2025-11-06T09:29:08","modified_gmt":"2025-11-06T08:29:08","slug":"juledragee-aeg-oekologisk","status":"publish","type":"product","link":"https:\/\/grontkontor.dk\/sv\/shop\/juledragee-aeg-oekologisk\/","title":{"rendered":"Jul drag\u00e9e \u00e4gg ekologiskt"},"content":{"rendered":"<p>Fira jul med en uts\u00f6kt smakupplevelse som ocks\u00e5 \u00e4r ett milj\u00f6v\u00e4nligt val: ekologisk choklad till jul. Merry Christmas Drag\u00e9e Mix \u00e4r en festlig kombination av tv\u00e5 oemotst\u00e5ndliga smaker som omedelbart kommer att f\u00e5 dig i julst\u00e4mning. Den f\u00f6rsta varianten best\u00e5r av knapriga hasseln\u00f6tter som omfamnas av ett lager vit choklad med den s\u00f6ta smaken av hallon. Den andra erbjuder hasseln\u00f6tter med en lyxig karamellsmak, \u00e4ven t\u00e4ckta av vit choklad. B\u00e5da delikatesserna \u00e4r vackert f\u00e4rgade i klassiska julf\u00e4rger.<\/p>\n<p>F\u00e5 en ekologisk choklad till jul, som \u00e4r gjord p\u00e5 noga utvalda r\u00e5varor som \u00e4r producerade med respekt f\u00f6r milj\u00f6n. Genom att v\u00e4lja ekologisk choklad st\u00f6der du jordbruksmetoder som tar h\u00e4nsyn till jordens h\u00e4lsa och biologiska m\u00e5ngfald, vilket g\u00f6r ditt val till ett klimatv\u00e4nligt bidrag till semesterperioden.<\/p>\n<p>Med sin eleganta presentation och h\u00f6ga kvalitet \u00e4r Drag\u00e9e Mix idealisk som en omt\u00e4nksam f\u00f6retagspresent, en del av en julkorg eller som lite lyx p\u00e5 soffbordet. Ge dina anst\u00e4llda eller kunder en s\u00f6t och ansvarsfull h\u00e4lsning. Det h\u00e4r \u00e4r det perfekta s\u00e4ttet att s\u00e4ga &#8220;God Jul&#8221; \u2013 med smak och samvete.<\/p>\n<p data-start=\"1148\" data-end=\"1429\"><strong>Ingredienser:<br \/>\n<\/strong>R\u00f6rsocker*, kakaosm\u00f6r*, <strong>hasseln\u00f6tter*(19 %)<\/strong>, <strong>helmj\u00f6lkspulver*<\/strong>, kakaomassa*, frystorkade hallon* (1,5 %), karamellarom* (&lt;1 %). Ytbehandlad med spirulina*, safflor*, \u00e4pple*, vatten, maltodextrin*, sackaros* och citronsyra.<br \/>\n* =Ekologisk<br \/>\nKan inneh\u00e5lla sp\u00e5r av<br \/>\n<b>soja, mandlar, cashewn\u00f6tter<\/b><\/p>\n<p><strong>N\u00e4ringsv\u00e4rde per 100 g:<br \/>\n<\/strong>Energi 2552 KJ<br \/>\nEnergi 613 kcal<br \/>\n, Fett 46 g \u2013 varav m\u00e4ttat fett 22 g<br \/>\n, kolhydrater 43 g \u2013 varav sockerarter 40 g<br \/>\n, protein 6,8 g<br \/>\n, salt 0,20 g<br \/>\n, kostfiber 2,09 g<\/p>\n<a href=\"https:\/\/www.foedevarestyrelsen.dk\/Leksikon\/Sider\/%C3%98-m%C3%A6rket.aspx\"><img loading=\"lazy\" decoding=\"async\" class=\"size-medium wp-image-24418\" src=\"https:\/\/grontkontor.dk\/wp-content\/uploads\/2024\/05\/statskontrolleret-oekologisk-2.jpg\" alt=\"Statskontrolleret \u00f8kologisk\" width=\"54\" height=\"50\" \/><\/a>\n","protected":false},"excerpt":{"rendered":"<p>Fira jul med en uts\u00f6kt smakupplevelse som ocks\u00e5 \u00e4r ett milj\u00f6v\u00e4nligt val: ekologisk choklad till jul. Merry Christmas Drag\u00e9e Mix \u00e4r en festlig kombination av tv\u00e5 oemotst\u00e5ndliga smaker som omedelbart kommer att f\u00e5 dig i julst\u00e4mning. Den f\u00f6rsta varianten best\u00e5r av knapriga hasseln\u00f6tter som omfamnas av ett lager vit choklad med den s\u00f6ta smaken av [&hellip;]<\/p>\n","protected":false},"featured_media":130537,"comment_status":"closed","ping_status":"closed","template":"","meta":{"_acf_changed":false},"product_cat":[2855,4847,2450,2445],"product_tag":[3028],"class_list":{"0":"post-130506","1":"product","2":"type-product","3":"status-publish","4":"has-post-thumbnail","6":"product_cat-godis-snacks-och-laeckerhet","7":"product_cat-jul-och-helgdagar","8":"product_cat-dummy-moq-10-50-sv","9":"product_cat-godis-och-snacks","10":"product_tag-choklad","11":"tm-no-options","13":"first","14":"instock","15":"taxable","16":"shipping-taxable","17":"purchasable","18":"product-type-simple"},"acf":[],"yoast_head":"<!-- This site is optimized with the Yoast SEO Premium plugin v21.2 (Yoast SEO v21.2) - https:\/\/yoast.com\/wordpress\/plugins\/seo\/ -->\n<title>Ekologisk choklad till jul<\/title>\n<meta name=\"description\" content=\"K\u00f6p ekologisk choklad till jul: En festlig Drag\u00e9e Mix med hasseln\u00f6tter, hallon och karamellsmak i vit choklad. Njut av en milj\u00f6v\u00e4nlig och klimatv\u00e4nlig julgodis.\" \/>\n<meta name=\"robots\" content=\"index, follow, max-snippet:-1, max-image-preview:large, max-video-preview:-1\" \/>\n<link rel=\"canonical\" href=\"https:\/\/grontkontor.dk\/sv\/shop\/juledragee-aeg-oekologisk\/\" \/>\n<meta property=\"og:locale\" content=\"sv_SE\" \/>\n<meta property=\"og:type\" content=\"article\" \/>\n<meta property=\"og:title\" content=\"Jul drag\u00e9e \u00e4gg ekologiskt\" \/>\n<meta property=\"og:description\" content=\"K\u00f6p ekologisk choklad till jul: En festlig Drag\u00e9e Mix med hasseln\u00f6tter, hallon och karamellsmak i vit choklad. Njut av en milj\u00f6v\u00e4nlig och klimatv\u00e4nlig julgodis.\" \/>\n<meta property=\"og:url\" content=\"https:\/\/grontkontor.dk\/sv\/shop\/juledragee-aeg-oekologisk\/\" \/>\n<meta property=\"og:site_name\" content=\"Gr\u00f8nt Kontor\" \/>\n<meta property=\"article:publisher\" content=\"https:\/\/www.facebook.com\/grontkontor.dk\/\" \/>\n<meta property=\"article:modified_time\" content=\"2025-11-06T08:29:08+00:00\" \/>\n<meta property=\"og:image\" content=\"https:\/\/grontkontor.dk\/wp-content\/uploads\/2025\/10\/Oekologisk-chokolade-til-jul.jpg\" \/>\n\t<meta property=\"og:image:width\" content=\"900\" \/>\n\t<meta property=\"og:image:height\" content=\"639\" \/>\n\t<meta property=\"og:image:type\" content=\"image\/jpeg\" \/>\n<meta name=\"twitter:card\" content=\"summary_large_image\" \/>\n<meta name=\"twitter:label1\" content=\"Ber\u00e4knad l\u00e4stid\" \/>\n\t<meta name=\"twitter:data1\" content=\"2 minuter\" \/>\n<script type=\"application\/ld+json\" class=\"yoast-schema-graph\">{\"@context\":\"https:\/\/schema.org\",\"@graph\":[{\"@type\":\"WebPage\",\"@id\":\"https:\/\/grontkontor.dk\/sv\/shop\/juledragee-aeg-oekologisk\/\",\"url\":\"https:\/\/grontkontor.dk\/sv\/shop\/juledragee-aeg-oekologisk\/\",\"name\":\"Ekologisk choklad till jul\",\"isPartOf\":{\"@id\":\"https:\/\/grontkontor.dk\/#website\"},\"datePublished\":\"2025-10-28T14:49:03+00:00\",\"dateModified\":\"2025-11-06T08:29:08+00:00\",\"description\":\"K\u00f6p ekologisk choklad till jul: En festlig Drag\u00e9e Mix med hasseln\u00f6tter, hallon och karamellsmak i vit choklad. Njut av en milj\u00f6v\u00e4nlig och klimatv\u00e4nlig julgodis.\",\"breadcrumb\":{\"@id\":\"https:\/\/grontkontor.dk\/sv\/shop\/juledragee-aeg-oekologisk\/#breadcrumb\"},\"inLanguage\":\"sv-SE\",\"potentialAction\":[{\"@type\":\"ReadAction\",\"target\":[\"https:\/\/grontkontor.dk\/sv\/shop\/juledragee-aeg-oekologisk\/\"]}]},{\"@type\":\"BreadcrumbList\",\"@id\":\"https:\/\/grontkontor.dk\/sv\/shop\/juledragee-aeg-oekologisk\/#breadcrumb\",\"itemListElement\":[{\"@type\":\"ListItem\",\"position\":1,\"name\":\"Forside\",\"item\":\"https:\/\/grontkontor.dk\/\"},{\"@type\":\"ListItem\",\"position\":2,\"name\":\"Shop\",\"item\":\"https:\/\/grontkontor.dk\/sv\/shop\/\"},{\"@type\":\"ListItem\",\"position\":3,\"name\":\"Jul og h\u00f8jtid\",\"item\":\"https:\/\/grontkontor.dk\/produkt-kategori\/jul-og-hoejtid\/\"},{\"@type\":\"ListItem\",\"position\":4,\"name\":\"Jul drag\u00e9e \u00e4gg ekologiskt\"}]},{\"@type\":\"WebSite\",\"@id\":\"https:\/\/grontkontor.dk\/#website\",\"url\":\"https:\/\/grontkontor.dk\/\",\"name\":\"Gr\u00f8nt Kontor\",\"description\":\"Milj\u00f8venlige produkter til kontor og erhverv med fokus p\u00e5 b\u00e6redygtighed, design og fair trade.\",\"publisher\":{\"@id\":\"https:\/\/grontkontor.dk\/#organization\"},\"potentialAction\":[{\"@type\":\"SearchAction\",\"target\":{\"@type\":\"EntryPoint\",\"urlTemplate\":\"https:\/\/grontkontor.dk\/?s={search_term_string}\"},\"query-input\":\"required name=search_term_string\"}],\"inLanguage\":\"sv-SE\"},{\"@type\":\"Organization\",\"@id\":\"https:\/\/grontkontor.dk\/#organization\",\"name\":\"Gr\u00f8nt Kontor\",\"url\":\"https:\/\/grontkontor.dk\/\",\"logo\":{\"@type\":\"ImageObject\",\"inLanguage\":\"sv-SE\",\"@id\":\"https:\/\/grontkontor.dk\/#\/schema\/logo\/image\/\",\"url\":\"https:\/\/grontkontor.dk\/wp-content\/uploads\/2014\/02\/Logo_groent_kontor_300x80.png\",\"contentUrl\":\"https:\/\/grontkontor.dk\/wp-content\/uploads\/2014\/02\/Logo_groent_kontor_300x80.png\",\"width\":300,\"height\":80,\"caption\":\"Gr\u00f8nt Kontor\"},\"image\":{\"@id\":\"https:\/\/grontkontor.dk\/#\/schema\/logo\/image\/\"},\"sameAs\":[\"https:\/\/www.facebook.com\/grontkontor.dk\/\"]}]}<\/script>\n<!-- \/ Yoast SEO Premium plugin. -->","yoast_head_json":{"title":"Ekologisk choklad till jul","description":"K\u00f6p ekologisk choklad till jul: En festlig Drag\u00e9e Mix med hasseln\u00f6tter, hallon och karamellsmak i vit choklad. Njut av en milj\u00f6v\u00e4nlig och klimatv\u00e4nlig julgodis.","robots":{"index":"index","follow":"follow","max-snippet":"max-snippet:-1","max-image-preview":"max-image-preview:large","max-video-preview":"max-video-preview:-1"},"canonical":"https:\/\/grontkontor.dk\/sv\/shop\/juledragee-aeg-oekologisk\/","og_locale":"sv_SE","og_type":"article","og_title":"Jul drag\u00e9e \u00e4gg ekologiskt","og_description":"K\u00f6p ekologisk choklad till jul: En festlig Drag\u00e9e Mix med hasseln\u00f6tter, hallon och karamellsmak i vit choklad. Njut av en milj\u00f6v\u00e4nlig och klimatv\u00e4nlig julgodis.","og_url":"https:\/\/grontkontor.dk\/sv\/shop\/juledragee-aeg-oekologisk\/","og_site_name":"Gr\u00f8nt Kontor","article_publisher":"https:\/\/www.facebook.com\/grontkontor.dk\/","article_modified_time":"2025-11-06T08:29:08+00:00","og_image":[{"width":900,"height":639,"url":"https:\/\/grontkontor.dk\/wp-content\/uploads\/2025\/10\/Oekologisk-chokolade-til-jul.jpg","type":"image\/jpeg"}],"twitter_card":"summary_large_image","twitter_misc":{"Ber\u00e4knad l\u00e4stid":"2 minuter"},"schema":{"@context":"https:\/\/schema.org","@graph":[{"@type":"WebPage","@id":"https:\/\/grontkontor.dk\/sv\/shop\/juledragee-aeg-oekologisk\/","url":"https:\/\/grontkontor.dk\/sv\/shop\/juledragee-aeg-oekologisk\/","name":"Ekologisk choklad till jul","isPartOf":{"@id":"https:\/\/grontkontor.dk\/#website"},"datePublished":"2025-10-28T14:49:03+00:00","dateModified":"2025-11-06T08:29:08+00:00","description":"K\u00f6p ekologisk choklad till jul: En festlig Drag\u00e9e Mix med hasseln\u00f6tter, hallon och karamellsmak i vit choklad. Njut av en milj\u00f6v\u00e4nlig och klimatv\u00e4nlig julgodis.","breadcrumb":{"@id":"https:\/\/grontkontor.dk\/sv\/shop\/juledragee-aeg-oekologisk\/#breadcrumb"},"inLanguage":"sv-SE","potentialAction":[{"@type":"ReadAction","target":["https:\/\/grontkontor.dk\/sv\/shop\/juledragee-aeg-oekologisk\/"]}]},{"@type":"BreadcrumbList","@id":"https:\/\/grontkontor.dk\/sv\/shop\/juledragee-aeg-oekologisk\/#breadcrumb","itemListElement":[{"@type":"ListItem","position":1,"name":"Forside","item":"https:\/\/grontkontor.dk\/"},{"@type":"ListItem","position":2,"name":"Shop","item":"https:\/\/grontkontor.dk\/sv\/shop\/"},{"@type":"ListItem","position":3,"name":"Jul og h\u00f8jtid","item":"https:\/\/grontkontor.dk\/produkt-kategori\/jul-og-hoejtid\/"},{"@type":"ListItem","position":4,"name":"Jul drag\u00e9e \u00e4gg ekologiskt"}]},{"@type":"WebSite","@id":"https:\/\/grontkontor.dk\/#website","url":"https:\/\/grontkontor.dk\/","name":"Gr\u00f8nt Kontor","description":"Milj\u00f8venlige produkter til kontor og erhverv med fokus p\u00e5 b\u00e6redygtighed, design og fair trade.","publisher":{"@id":"https:\/\/grontkontor.dk\/#organization"},"potentialAction":[{"@type":"SearchAction","target":{"@type":"EntryPoint","urlTemplate":"https:\/\/grontkontor.dk\/?s={search_term_string}"},"query-input":"required name=search_term_string"}],"inLanguage":"sv-SE"},{"@type":"Organization","@id":"https:\/\/grontkontor.dk\/#organization","name":"Gr\u00f8nt Kontor","url":"https:\/\/grontkontor.dk\/","logo":{"@type":"ImageObject","inLanguage":"sv-SE","@id":"https:\/\/grontkontor.dk\/#\/schema\/logo\/image\/","url":"https:\/\/grontkontor.dk\/wp-content\/uploads\/2014\/02\/Logo_groent_kontor_300x80.png","contentUrl":"https:\/\/grontkontor.dk\/wp-content\/uploads\/2014\/02\/Logo_groent_kontor_300x80.png","width":300,"height":80,"caption":"Gr\u00f8nt Kontor"},"image":{"@id":"https:\/\/grontkontor.dk\/#\/schema\/logo\/image\/"},"sameAs":["https:\/\/www.facebook.com\/grontkontor.dk\/"]}]}},"_links":{"self":[{"href":"https:\/\/grontkontor.dk\/sv\/wp-json\/wp\/v2\/product\/130506"}],"collection":[{"href":"https:\/\/grontkontor.dk\/sv\/wp-json\/wp\/v2\/product"}],"about":[{"href":"https:\/\/grontkontor.dk\/sv\/wp-json\/wp\/v2\/types\/product"}],"replies":[{"embeddable":true,"href":"https:\/\/grontkontor.dk\/sv\/wp-json\/wp\/v2\/comments?post=130506"}],"wp:featuredmedia":[{"embeddable":true,"href":"https:\/\/grontkontor.dk\/sv\/wp-json\/wp\/v2\/media\/130537"}],"wp:attachment":[{"href":"https:\/\/grontkontor.dk\/sv\/wp-json\/wp\/v2\/media?parent=130506"}],"wp:term":[{"taxonomy":"product_cat","embeddable":true,"href":"https:\/\/grontkontor.dk\/sv\/wp-json\/wp\/v2\/product_cat?post=130506"},{"taxonomy":"product_tag","embeddable":true,"href":"https:\/\/grontkontor.dk\/sv\/wp-json\/wp\/v2\/product_tag?post=130506"}],"curies":[{"name":"wp","href":"https:\/\/api.w.org\/{rel}","templated":true}]}}