{"id":130551,"date":"2025-10-29T11:56:48","date_gmt":"2025-10-29T10:56:49","guid":{"rendered":"https:\/\/grontkontor.dk\/?post_type=product&#038;p=130551"},"modified":"2025-11-06T09:28:05","modified_gmt":"2025-11-06T08:28:05","slug":"oekologisk-chokolade-julekalender","status":"publish","type":"product","link":"https:\/\/grontkontor.dk\/sv\/shop\/oekologisk-chokolade-julekalender\/","title":{"rendered":"Adventskalender i ekologisk choklad"},"content":{"rendered":"<p>G\u00f6r din nedr\u00e4kning till jul meningsfull med en adventskalender i ekologisk choklad \u2013 Plant a Tree-utg\u00e5van. Denna adventskalender \u00e4r skapad f\u00f6r dig som vill kombinera daglig bortsk\u00e4mdhet med ett klimatv\u00e4nligt bidrag. Bakom varje lucka hittar du en bit intensiv och uts\u00f6kt 72% m\u00f6rk choklad, som \u00e4r gjord av ekologiska ingredienser. Genom att v\u00e4lja ekologisk choklad st\u00f6der du jordbruksmetoder som \u00e4r b\u00e4ttre f\u00f6r milj\u00f6n och den biologiska m\u00e5ngfalden.<\/p>\n<p>Det unika med en adventskalender med ekologisk choklad \u00e4r dess v\u00e4lg\u00f6rande syfte. F\u00f6r varje s\u00e5ld kalender donerar vi 5 DKK till Plant A Tree Foundation. Det betyder att samtidigt som du njuter av en bit god choklad varje dag i december, bidrar du ocks\u00e5 direkt till etableringen av nya tr\u00e4d, vilket \u00e4r ett av de mest effektiva s\u00e4tten att bek\u00e4mpa klimatf\u00f6r\u00e4ndringarna.<\/p>\n<p>Denna adventskalender \u00e4r inte bara en k\u00e4lla till daglig gl\u00e4dje; Det \u00e4r en kraftfull symbol f\u00f6r ansvar. Det \u00e4r den perfekta f\u00f6retagspresenten f\u00f6r att visa dina anst\u00e4llda och kunder att ditt f\u00f6retag tar milj\u00f6v\u00e4nliga initiativ p\u00e5 allvar. R\u00e4kna ner till julafton med god smak och gott samvete.<\/p>\n<p>Nettovikt: 120g<br \/>\nIngredienser:<br \/>\nKakaomassa* (Dom. Rep.), r\u00f6rsocker*, kakaosm\u00f6r* *=ekologiskt<br \/>\nMinst 72% kakao i chokladen<br \/>\nKan inneh\u00e5lla sp\u00e5r av<br \/>\nMj\u00f6lk, hasseln\u00f6t, mandel, soja<br \/>\nN\u00e4ringsv\u00e4rde per 100 g.:<br \/>\nEnergi 2369 KJ<br \/>\nEnergi 566 Kcal<br \/>\nFett 43g,\u2013 varav m\u00e4ttade fettsyror 26g<br \/>\nKolhydrater 29g,\u2013 varav sockerarter 26g<br \/>\nProtein 8.0g<br \/>\nSalt 0.02g<br \/>\nKostfiber,12.8g<\/p>\n<a href=\"https:\/\/www.foedevarestyrelsen.dk\/Leksikon\/Sider\/%C3%98-m%C3%A6rket.aspx\"><img loading=\"lazy\" decoding=\"async\" class=\"size-medium wp-image-24418\" src=\"https:\/\/grontkontor.dk\/wp-content\/uploads\/2024\/05\/statskontrolleret-oekologisk-2.jpg\" alt=\"Statskontrolleret \u00f8kologisk\" width=\"54\" height=\"50\" \/><\/a>\n","protected":false},"excerpt":{"rendered":"<p>G\u00f6r din nedr\u00e4kning till jul meningsfull med en adventskalender i ekologisk choklad \u2013 Plant a Tree-utg\u00e5van. Denna adventskalender \u00e4r skapad f\u00f6r dig som vill kombinera daglig bortsk\u00e4mdhet med ett klimatv\u00e4nligt bidrag. Bakom varje lucka hittar du en bit intensiv och uts\u00f6kt 72% m\u00f6rk choklad, som \u00e4r gjord av ekologiska ingredienser. Genom att v\u00e4lja ekologisk choklad [&hellip;]<\/p>\n","protected":false},"featured_media":130558,"comment_status":"closed","ping_status":"closed","template":"","meta":{"_acf_changed":false},"product_cat":[2855,4847,2450,2445],"product_tag":[3028,4850],"class_list":{"0":"post-130551","1":"product","2":"type-product","3":"status-publish","4":"has-post-thumbnail","6":"product_cat-godis-snacks-och-laeckerhet","7":"product_cat-jul-och-helgdagar","8":"product_cat-dummy-moq-10-50-sv","9":"product_cat-godis-och-snacks","10":"product_tag-choklad","11":"product_tag-jul-sv","12":"tm-no-options","14":"first","15":"instock","16":"taxable","17":"shipping-taxable","18":"purchasable","19":"product-type-simple"},"acf":[],"yoast_head":"<!-- This site is optimized with the Yoast SEO Premium plugin v21.2 (Yoast SEO v21.2) - https:\/\/yoast.com\/wordpress\/plugins\/seo\/ -->\n<title>Adventskalender i ekologisk choklad<\/title>\n<meta name=\"description\" content=\"K\u00f6p v\u00e5r adventskalender med ekologisk choklad (72% m\u00f6rk choklad). St\u00f6d Plant a Tree Foundation med 5 DKK per s\u00e5ld kalender. R\u00e4kna ner till jul med klimat- och milj\u00f6v\u00e4nlig choklad.\" \/>\n<meta name=\"robots\" content=\"index, follow, max-snippet:-1, max-image-preview:large, max-video-preview:-1\" \/>\n<link rel=\"canonical\" href=\"https:\/\/grontkontor.dk\/sv\/shop\/oekologisk-chokolade-julekalender\/\" \/>\n<meta property=\"og:locale\" content=\"sv_SE\" \/>\n<meta property=\"og:type\" content=\"article\" \/>\n<meta property=\"og:title\" content=\"Adventskalender i ekologisk choklad\" \/>\n<meta property=\"og:description\" content=\"K\u00f6p v\u00e5r adventskalender med ekologisk choklad (72% m\u00f6rk choklad). St\u00f6d Plant a Tree Foundation med 5 DKK per s\u00e5ld kalender. R\u00e4kna ner till jul med klimat- och milj\u00f6v\u00e4nlig choklad.\" \/>\n<meta property=\"og:url\" content=\"https:\/\/grontkontor.dk\/sv\/shop\/oekologisk-chokolade-julekalender\/\" \/>\n<meta property=\"og:site_name\" content=\"Gr\u00f8nt Kontor\" \/>\n<meta property=\"article:publisher\" content=\"https:\/\/www.facebook.com\/grontkontor.dk\/\" \/>\n<meta property=\"article:modified_time\" content=\"2025-11-06T08:28:05+00:00\" \/>\n<meta property=\"og:image\" content=\"https:\/\/grontkontor.dk\/wp-content\/uploads\/2025\/10\/Oekologisk-chokolade-julekalender.jpg\" \/>\n\t<meta property=\"og:image:width\" content=\"900\" \/>\n\t<meta property=\"og:image:height\" content=\"639\" \/>\n\t<meta property=\"og:image:type\" content=\"image\/jpeg\" \/>\n<meta name=\"twitter:card\" content=\"summary_large_image\" \/>\n<meta name=\"twitter:label1\" content=\"Ber\u00e4knad l\u00e4stid\" \/>\n\t<meta name=\"twitter:data1\" content=\"2 minuter\" \/>\n<script type=\"application\/ld+json\" class=\"yoast-schema-graph\">{\"@context\":\"https:\/\/schema.org\",\"@graph\":[{\"@type\":\"WebPage\",\"@id\":\"https:\/\/grontkontor.dk\/sv\/shop\/oekologisk-chokolade-julekalender\/\",\"url\":\"https:\/\/grontkontor.dk\/sv\/shop\/oekologisk-chokolade-julekalender\/\",\"name\":\"Adventskalender i ekologisk choklad\",\"isPartOf\":{\"@id\":\"https:\/\/grontkontor.dk\/#website\"},\"datePublished\":\"2025-10-29T10:56:49+00:00\",\"dateModified\":\"2025-11-06T08:28:05+00:00\",\"description\":\"K\u00f6p v\u00e5r adventskalender med ekologisk choklad (72% m\u00f6rk choklad). St\u00f6d Plant a Tree Foundation med 5 DKK per s\u00e5ld kalender. R\u00e4kna ner till jul med klimat- och milj\u00f6v\u00e4nlig choklad.\",\"breadcrumb\":{\"@id\":\"https:\/\/grontkontor.dk\/sv\/shop\/oekologisk-chokolade-julekalender\/#breadcrumb\"},\"inLanguage\":\"sv-SE\",\"potentialAction\":[{\"@type\":\"ReadAction\",\"target\":[\"https:\/\/grontkontor.dk\/sv\/shop\/oekologisk-chokolade-julekalender\/\"]}]},{\"@type\":\"BreadcrumbList\",\"@id\":\"https:\/\/grontkontor.dk\/sv\/shop\/oekologisk-chokolade-julekalender\/#breadcrumb\",\"itemListElement\":[{\"@type\":\"ListItem\",\"position\":1,\"name\":\"Forside\",\"item\":\"https:\/\/grontkontor.dk\/\"},{\"@type\":\"ListItem\",\"position\":2,\"name\":\"Shop\",\"item\":\"https:\/\/grontkontor.dk\/sv\/shop\/\"},{\"@type\":\"ListItem\",\"position\":3,\"name\":\"Jul og h\u00f8jtid\",\"item\":\"https:\/\/grontkontor.dk\/produkt-kategori\/jul-og-hoejtid\/\"},{\"@type\":\"ListItem\",\"position\":4,\"name\":\"Adventskalender i ekologisk choklad\"}]},{\"@type\":\"WebSite\",\"@id\":\"https:\/\/grontkontor.dk\/#website\",\"url\":\"https:\/\/grontkontor.dk\/\",\"name\":\"Gr\u00f8nt Kontor\",\"description\":\"Milj\u00f8venlige produkter til kontor og erhverv med fokus p\u00e5 b\u00e6redygtighed, design og fair trade.\",\"publisher\":{\"@id\":\"https:\/\/grontkontor.dk\/#organization\"},\"potentialAction\":[{\"@type\":\"SearchAction\",\"target\":{\"@type\":\"EntryPoint\",\"urlTemplate\":\"https:\/\/grontkontor.dk\/?s={search_term_string}\"},\"query-input\":\"required name=search_term_string\"}],\"inLanguage\":\"sv-SE\"},{\"@type\":\"Organization\",\"@id\":\"https:\/\/grontkontor.dk\/#organization\",\"name\":\"Gr\u00f8nt Kontor\",\"url\":\"https:\/\/grontkontor.dk\/\",\"logo\":{\"@type\":\"ImageObject\",\"inLanguage\":\"sv-SE\",\"@id\":\"https:\/\/grontkontor.dk\/#\/schema\/logo\/image\/\",\"url\":\"https:\/\/grontkontor.dk\/wp-content\/uploads\/2014\/02\/Logo_groent_kontor_300x80.png\",\"contentUrl\":\"https:\/\/grontkontor.dk\/wp-content\/uploads\/2014\/02\/Logo_groent_kontor_300x80.png\",\"width\":300,\"height\":80,\"caption\":\"Gr\u00f8nt Kontor\"},\"image\":{\"@id\":\"https:\/\/grontkontor.dk\/#\/schema\/logo\/image\/\"},\"sameAs\":[\"https:\/\/www.facebook.com\/grontkontor.dk\/\"]}]}<\/script>\n<!-- \/ Yoast SEO Premium plugin. -->","yoast_head_json":{"title":"Adventskalender i ekologisk choklad","description":"K\u00f6p v\u00e5r adventskalender med ekologisk choklad (72% m\u00f6rk choklad). St\u00f6d Plant a Tree Foundation med 5 DKK per s\u00e5ld kalender. R\u00e4kna ner till jul med klimat- och milj\u00f6v\u00e4nlig choklad.","robots":{"index":"index","follow":"follow","max-snippet":"max-snippet:-1","max-image-preview":"max-image-preview:large","max-video-preview":"max-video-preview:-1"},"canonical":"https:\/\/grontkontor.dk\/sv\/shop\/oekologisk-chokolade-julekalender\/","og_locale":"sv_SE","og_type":"article","og_title":"Adventskalender i ekologisk choklad","og_description":"K\u00f6p v\u00e5r adventskalender med ekologisk choklad (72% m\u00f6rk choklad). St\u00f6d Plant a Tree Foundation med 5 DKK per s\u00e5ld kalender. R\u00e4kna ner till jul med klimat- och milj\u00f6v\u00e4nlig choklad.","og_url":"https:\/\/grontkontor.dk\/sv\/shop\/oekologisk-chokolade-julekalender\/","og_site_name":"Gr\u00f8nt Kontor","article_publisher":"https:\/\/www.facebook.com\/grontkontor.dk\/","article_modified_time":"2025-11-06T08:28:05+00:00","og_image":[{"width":900,"height":639,"url":"https:\/\/grontkontor.dk\/wp-content\/uploads\/2025\/10\/Oekologisk-chokolade-julekalender.jpg","type":"image\/jpeg"}],"twitter_card":"summary_large_image","twitter_misc":{"Ber\u00e4knad l\u00e4stid":"2 minuter"},"schema":{"@context":"https:\/\/schema.org","@graph":[{"@type":"WebPage","@id":"https:\/\/grontkontor.dk\/sv\/shop\/oekologisk-chokolade-julekalender\/","url":"https:\/\/grontkontor.dk\/sv\/shop\/oekologisk-chokolade-julekalender\/","name":"Adventskalender i ekologisk choklad","isPartOf":{"@id":"https:\/\/grontkontor.dk\/#website"},"datePublished":"2025-10-29T10:56:49+00:00","dateModified":"2025-11-06T08:28:05+00:00","description":"K\u00f6p v\u00e5r adventskalender med ekologisk choklad (72% m\u00f6rk choklad). St\u00f6d Plant a Tree Foundation med 5 DKK per s\u00e5ld kalender. R\u00e4kna ner till jul med klimat- och milj\u00f6v\u00e4nlig choklad.","breadcrumb":{"@id":"https:\/\/grontkontor.dk\/sv\/shop\/oekologisk-chokolade-julekalender\/#breadcrumb"},"inLanguage":"sv-SE","potentialAction":[{"@type":"ReadAction","target":["https:\/\/grontkontor.dk\/sv\/shop\/oekologisk-chokolade-julekalender\/"]}]},{"@type":"BreadcrumbList","@id":"https:\/\/grontkontor.dk\/sv\/shop\/oekologisk-chokolade-julekalender\/#breadcrumb","itemListElement":[{"@type":"ListItem","position":1,"name":"Forside","item":"https:\/\/grontkontor.dk\/"},{"@type":"ListItem","position":2,"name":"Shop","item":"https:\/\/grontkontor.dk\/sv\/shop\/"},{"@type":"ListItem","position":3,"name":"Jul og h\u00f8jtid","item":"https:\/\/grontkontor.dk\/produkt-kategori\/jul-og-hoejtid\/"},{"@type":"ListItem","position":4,"name":"Adventskalender i ekologisk choklad"}]},{"@type":"WebSite","@id":"https:\/\/grontkontor.dk\/#website","url":"https:\/\/grontkontor.dk\/","name":"Gr\u00f8nt Kontor","description":"Milj\u00f8venlige produkter til kontor og erhverv med fokus p\u00e5 b\u00e6redygtighed, design og fair trade.","publisher":{"@id":"https:\/\/grontkontor.dk\/#organization"},"potentialAction":[{"@type":"SearchAction","target":{"@type":"EntryPoint","urlTemplate":"https:\/\/grontkontor.dk\/?s={search_term_string}"},"query-input":"required name=search_term_string"}],"inLanguage":"sv-SE"},{"@type":"Organization","@id":"https:\/\/grontkontor.dk\/#organization","name":"Gr\u00f8nt Kontor","url":"https:\/\/grontkontor.dk\/","logo":{"@type":"ImageObject","inLanguage":"sv-SE","@id":"https:\/\/grontkontor.dk\/#\/schema\/logo\/image\/","url":"https:\/\/grontkontor.dk\/wp-content\/uploads\/2014\/02\/Logo_groent_kontor_300x80.png","contentUrl":"https:\/\/grontkontor.dk\/wp-content\/uploads\/2014\/02\/Logo_groent_kontor_300x80.png","width":300,"height":80,"caption":"Gr\u00f8nt Kontor"},"image":{"@id":"https:\/\/grontkontor.dk\/#\/schema\/logo\/image\/"},"sameAs":["https:\/\/www.facebook.com\/grontkontor.dk\/"]}]}},"_links":{"self":[{"href":"https:\/\/grontkontor.dk\/sv\/wp-json\/wp\/v2\/product\/130551"}],"collection":[{"href":"https:\/\/grontkontor.dk\/sv\/wp-json\/wp\/v2\/product"}],"about":[{"href":"https:\/\/grontkontor.dk\/sv\/wp-json\/wp\/v2\/types\/product"}],"replies":[{"embeddable":true,"href":"https:\/\/grontkontor.dk\/sv\/wp-json\/wp\/v2\/comments?post=130551"}],"wp:featuredmedia":[{"embeddable":true,"href":"https:\/\/grontkontor.dk\/sv\/wp-json\/wp\/v2\/media\/130558"}],"wp:attachment":[{"href":"https:\/\/grontkontor.dk\/sv\/wp-json\/wp\/v2\/media?parent=130551"}],"wp:term":[{"taxonomy":"product_cat","embeddable":true,"href":"https:\/\/grontkontor.dk\/sv\/wp-json\/wp\/v2\/product_cat?post=130551"},{"taxonomy":"product_tag","embeddable":true,"href":"https:\/\/grontkontor.dk\/sv\/wp-json\/wp\/v2\/product_tag?post=130551"}],"curies":[{"name":"wp","href":"https:\/\/api.w.org\/{rel}","templated":true}]}}