{"id":130561,"date":"2025-10-29T13:42:59","date_gmt":"2025-10-29T12:42:59","guid":{"rendered":"https:\/\/grontkontor.dk\/?post_type=product&#038;p=130561"},"modified":"2025-11-06T09:22:32","modified_gmt":"2025-11-06T08:22:32","slug":"oekologisk-chokolade-roerepinde","status":"publish","type":"product","link":"https:\/\/grontkontor.dk\/sv\/shop\/oekologisk-chokolade-roerepinde\/","title":{"rendered":"Ekologiska chokladr\u00f6rare"},"content":{"rendered":"<p>F\u00f6rvandla din varma dryck till en lyxig chokladupplevelse med v\u00e5rt set med ekologiska chokladr\u00f6rare. Dessa stavmixers \u00e4r det perfekta s\u00e4ttet att njuta av en intensiv och rik chokladsmak samtidigt som du g\u00f6r ett milj\u00f6v\u00e4nligt val. Varje pinne best\u00e5r av rik, m\u00f6rk choklad med 72 % kakaohalt, vilket garanterar en kraftfull och djup smakupplevelse som sm\u00e4lter perfekt i varm mj\u00f6lk eller kaffe.  <\/p>\n<p>Dessa ekologiska chokladr\u00f6rare \u00e4r tillverkade av ekologiska ingredienser, vilket understryker v\u00e5rt fokus p\u00e5 kvalitet och ansvar. Genom att v\u00e4lja ekologiskt s\u00e4kerst\u00e4ller du en klimatv\u00e4nlig produkt som \u00e4r producerad med respekt f\u00f6r naturen. Den enkla njutningen av en varm chokladmj\u00f6lk blir d\u00e4rmed ocks\u00e5 ett medvetet val.  <\/p>\n<p>Varje f\u00f6rpackning inneh\u00e5ller tv\u00e5 omr\u00f6rare, perfekta f\u00f6r att dela eller f\u00f6r tv\u00e5 stunder av ren bortsk\u00e4mdhet. R\u00f6r ner chokladen i 1,5 dl varm mj\u00f6lk f\u00f6r en klassisk varm choklad. Eller ge ditt kaffe en extra kick: r\u00f6r ner chokladen i varmt, starkt kaffe, tills\u00e4tt en skv\u00e4tt whisky, konjak eller tequila och toppa med vispad gr\u00e4dde och ett st\u00e4nk kanel f\u00f6r en himmelsk njutning. Dessa omr\u00f6rare \u00e4r den perfekta lilla f\u00f6retagspresenten eller ett milj\u00f6v\u00e4nligt tillskott till kaffepauserna.   <\/p>\n<p>Nettovikt: 50g<br \/>\nIngredienser:<br \/>\n Kakaostugga*, r\u00f6rsocker*, kakaosm\u00f6r*.<br \/>\nEmulgeringsmedel: sojalecitin*<br \/>\n* = Ekologiskt<br \/>\nMinst 70% kakao i chokladen.<br \/>\nKan inneh\u00e5lla sp\u00e5r av<br \/>\nmj\u00f6lk, mandel och hasseln\u00f6tter<br \/>\nN\u00e4ringsv\u00e4rde per 100 g.:<br \/>\nEnergi 2218 KJ<br \/>\nEnergi 535 kcal<br \/>\nFett 41g \u2013 varav m\u00e4ttat fett 25g<br \/>\nKolhydrater 31g \u2013 varav sockerarter 27g<br \/>\nProtein 8.4g<br \/>\nSalt 0.03g<br \/>\n<a href=\"https:\/\/www.foedevarestyrelsen.dk\/Leksikon\/Sider\/%C3%98-m%C3%A6rket.aspx\"><img loading=\"lazy\" decoding=\"async\" class=\"size-medium wp-image-24418\" src=\"https:\/\/grontkontor.dk\/wp-content\/uploads\/2024\/05\/statskontrolleret-oekologisk-2.jpg\" alt=\"Statskontrolleret \u00f8kologisk\" width=\"54\" height=\"50\" \/><\/a><\/p>\n","protected":false},"excerpt":{"rendered":"<p>F\u00f6rvandla din varma dryck till en lyxig chokladupplevelse med v\u00e5rt set med ekologiska chokladr\u00f6rare. Dessa stavmixers \u00e4r det perfekta s\u00e4ttet att njuta av en intensiv och rik chokladsmak samtidigt som du g\u00f6r ett milj\u00f6v\u00e4nligt val. Varje pinne best\u00e5r av rik, m\u00f6rk choklad med 72 % kakaohalt, vilket garanterar en kraftfull och djup smakupplevelse som sm\u00e4lter [&hellip;]<\/p>\n","protected":false},"featured_media":130568,"comment_status":"closed","ping_status":"closed","template":"","meta":{"_acf_changed":false},"product_cat":[2855,4847,2450,2445,2619],"product_tag":[3028],"class_list":{"0":"post-130561","1":"product","2":"type-product","3":"status-publish","4":"has-post-thumbnail","6":"product_cat-godis-snacks-och-laeckerhet","7":"product_cat-jul-och-helgdagar","8":"product_cat-dummy-moq-10-50-sv","9":"product_cat-godis-och-snacks","10":"product_cat-sweets-and-snacks-sv","11":"product_tag-choklad","12":"tm-no-options","14":"first","15":"instock","16":"taxable","17":"shipping-taxable","18":"purchasable","19":"product-type-simple"},"acf":[],"yoast_head":"<!-- This site is optimized with the Yoast SEO Premium plugin v21.2 (Yoast SEO v21.2) - https:\/\/yoast.com\/wordpress\/plugins\/seo\/ -->\n<title>Ekologiska chokladr\u00f6rare<\/title>\n<meta name=\"description\" content=\"K\u00f6p ekologiska chokladr\u00f6rare (2 st.) med 72% m\u00f6rk choklad. R\u00f6r ner chokladen i varm mj\u00f6lk eller kaffe f\u00f6r en lyxig dryck. Ett klimatv\u00e4nligt och milj\u00f6v\u00e4nligt val.\" \/>\n<meta name=\"robots\" content=\"index, follow, max-snippet:-1, max-image-preview:large, max-video-preview:-1\" \/>\n<link rel=\"canonical\" href=\"https:\/\/grontkontor.dk\/sv\/shop\/oekologisk-chokolade-roerepinde\/\" \/>\n<meta property=\"og:locale\" content=\"sv_SE\" \/>\n<meta property=\"og:type\" content=\"article\" \/>\n<meta property=\"og:title\" content=\"Ekologiska chokladr\u00f6rare\" \/>\n<meta property=\"og:description\" content=\"K\u00f6p ekologiska chokladr\u00f6rare (2 st.) med 72% m\u00f6rk choklad. R\u00f6r ner chokladen i varm mj\u00f6lk eller kaffe f\u00f6r en lyxig dryck. Ett klimatv\u00e4nligt och milj\u00f6v\u00e4nligt val.\" \/>\n<meta property=\"og:url\" content=\"https:\/\/grontkontor.dk\/sv\/shop\/oekologisk-chokolade-roerepinde\/\" \/>\n<meta property=\"og:site_name\" content=\"Gr\u00f8nt Kontor\" \/>\n<meta property=\"article:publisher\" content=\"https:\/\/www.facebook.com\/grontkontor.dk\/\" \/>\n<meta property=\"article:modified_time\" content=\"2025-11-06T08:22:32+00:00\" \/>\n<meta property=\"og:image\" content=\"https:\/\/grontkontor.dk\/wp-content\/uploads\/2025\/10\/Oekologisk-chokolade-roerepinde.jpg\" \/>\n\t<meta property=\"og:image:width\" content=\"900\" \/>\n\t<meta property=\"og:image:height\" content=\"639\" \/>\n\t<meta property=\"og:image:type\" content=\"image\/jpeg\" \/>\n<meta name=\"twitter:card\" content=\"summary_large_image\" \/>\n<meta name=\"twitter:label1\" content=\"Ber\u00e4knad l\u00e4stid\" \/>\n\t<meta name=\"twitter:data1\" content=\"1 minut\" \/>\n<script type=\"application\/ld+json\" class=\"yoast-schema-graph\">{\"@context\":\"https:\/\/schema.org\",\"@graph\":[{\"@type\":\"WebPage\",\"@id\":\"https:\/\/grontkontor.dk\/sv\/shop\/oekologisk-chokolade-roerepinde\/\",\"url\":\"https:\/\/grontkontor.dk\/sv\/shop\/oekologisk-chokolade-roerepinde\/\",\"name\":\"Ekologiska chokladr\u00f6rare\",\"isPartOf\":{\"@id\":\"https:\/\/grontkontor.dk\/#website\"},\"datePublished\":\"2025-10-29T12:42:59+00:00\",\"dateModified\":\"2025-11-06T08:22:32+00:00\",\"description\":\"K\u00f6p ekologiska chokladr\u00f6rare (2 st.) med 72% m\u00f6rk choklad. R\u00f6r ner chokladen i varm mj\u00f6lk eller kaffe f\u00f6r en lyxig dryck. Ett klimatv\u00e4nligt och milj\u00f6v\u00e4nligt val.\",\"breadcrumb\":{\"@id\":\"https:\/\/grontkontor.dk\/sv\/shop\/oekologisk-chokolade-roerepinde\/#breadcrumb\"},\"inLanguage\":\"sv-SE\",\"potentialAction\":[{\"@type\":\"ReadAction\",\"target\":[\"https:\/\/grontkontor.dk\/sv\/shop\/oekologisk-chokolade-roerepinde\/\"]}]},{\"@type\":\"BreadcrumbList\",\"@id\":\"https:\/\/grontkontor.dk\/sv\/shop\/oekologisk-chokolade-roerepinde\/#breadcrumb\",\"itemListElement\":[{\"@type\":\"ListItem\",\"position\":1,\"name\":\"Forside\",\"item\":\"https:\/\/grontkontor.dk\/\"},{\"@type\":\"ListItem\",\"position\":2,\"name\":\"Shop\",\"item\":\"https:\/\/grontkontor.dk\/sv\/shop\/\"},{\"@type\":\"ListItem\",\"position\":3,\"name\":\"Mad og drikke\",\"item\":\"https:\/\/grontkontor.dk\/produkt-kategori\/mad-og-drikke\/\"},{\"@type\":\"ListItem\",\"position\":4,\"name\":\"Slik og snacks\",\"item\":\"https:\/\/grontkontor.dk\/produkt-kategori\/mad-og-drikke\/slik-og-snacks\/\"},{\"@type\":\"ListItem\",\"position\":5,\"name\":\"Ekologiska chokladr\u00f6rare\"}]},{\"@type\":\"WebSite\",\"@id\":\"https:\/\/grontkontor.dk\/#website\",\"url\":\"https:\/\/grontkontor.dk\/\",\"name\":\"Gr\u00f8nt Kontor\",\"description\":\"Milj\u00f8venlige produkter til kontor og erhverv med fokus p\u00e5 b\u00e6redygtighed, design og fair trade.\",\"publisher\":{\"@id\":\"https:\/\/grontkontor.dk\/#organization\"},\"potentialAction\":[{\"@type\":\"SearchAction\",\"target\":{\"@type\":\"EntryPoint\",\"urlTemplate\":\"https:\/\/grontkontor.dk\/?s={search_term_string}\"},\"query-input\":\"required name=search_term_string\"}],\"inLanguage\":\"sv-SE\"},{\"@type\":\"Organization\",\"@id\":\"https:\/\/grontkontor.dk\/#organization\",\"name\":\"Gr\u00f8nt Kontor\",\"url\":\"https:\/\/grontkontor.dk\/\",\"logo\":{\"@type\":\"ImageObject\",\"inLanguage\":\"sv-SE\",\"@id\":\"https:\/\/grontkontor.dk\/#\/schema\/logo\/image\/\",\"url\":\"https:\/\/grontkontor.dk\/wp-content\/uploads\/2014\/02\/Logo_groent_kontor_300x80.png\",\"contentUrl\":\"https:\/\/grontkontor.dk\/wp-content\/uploads\/2014\/02\/Logo_groent_kontor_300x80.png\",\"width\":300,\"height\":80,\"caption\":\"Gr\u00f8nt Kontor\"},\"image\":{\"@id\":\"https:\/\/grontkontor.dk\/#\/schema\/logo\/image\/\"},\"sameAs\":[\"https:\/\/www.facebook.com\/grontkontor.dk\/\"]}]}<\/script>\n<!-- \/ Yoast SEO Premium plugin. -->","yoast_head_json":{"title":"Ekologiska chokladr\u00f6rare","description":"K\u00f6p ekologiska chokladr\u00f6rare (2 st.) med 72% m\u00f6rk choklad. R\u00f6r ner chokladen i varm mj\u00f6lk eller kaffe f\u00f6r en lyxig dryck. Ett klimatv\u00e4nligt och milj\u00f6v\u00e4nligt val.","robots":{"index":"index","follow":"follow","max-snippet":"max-snippet:-1","max-image-preview":"max-image-preview:large","max-video-preview":"max-video-preview:-1"},"canonical":"https:\/\/grontkontor.dk\/sv\/shop\/oekologisk-chokolade-roerepinde\/","og_locale":"sv_SE","og_type":"article","og_title":"Ekologiska chokladr\u00f6rare","og_description":"K\u00f6p ekologiska chokladr\u00f6rare (2 st.) med 72% m\u00f6rk choklad. R\u00f6r ner chokladen i varm mj\u00f6lk eller kaffe f\u00f6r en lyxig dryck. Ett klimatv\u00e4nligt och milj\u00f6v\u00e4nligt val.","og_url":"https:\/\/grontkontor.dk\/sv\/shop\/oekologisk-chokolade-roerepinde\/","og_site_name":"Gr\u00f8nt Kontor","article_publisher":"https:\/\/www.facebook.com\/grontkontor.dk\/","article_modified_time":"2025-11-06T08:22:32+00:00","og_image":[{"width":900,"height":639,"url":"https:\/\/grontkontor.dk\/wp-content\/uploads\/2025\/10\/Oekologisk-chokolade-roerepinde.jpg","type":"image\/jpeg"}],"twitter_card":"summary_large_image","twitter_misc":{"Ber\u00e4knad l\u00e4stid":"1 minut"},"schema":{"@context":"https:\/\/schema.org","@graph":[{"@type":"WebPage","@id":"https:\/\/grontkontor.dk\/sv\/shop\/oekologisk-chokolade-roerepinde\/","url":"https:\/\/grontkontor.dk\/sv\/shop\/oekologisk-chokolade-roerepinde\/","name":"Ekologiska chokladr\u00f6rare","isPartOf":{"@id":"https:\/\/grontkontor.dk\/#website"},"datePublished":"2025-10-29T12:42:59+00:00","dateModified":"2025-11-06T08:22:32+00:00","description":"K\u00f6p ekologiska chokladr\u00f6rare (2 st.) med 72% m\u00f6rk choklad. R\u00f6r ner chokladen i varm mj\u00f6lk eller kaffe f\u00f6r en lyxig dryck. Ett klimatv\u00e4nligt och milj\u00f6v\u00e4nligt val.","breadcrumb":{"@id":"https:\/\/grontkontor.dk\/sv\/shop\/oekologisk-chokolade-roerepinde\/#breadcrumb"},"inLanguage":"sv-SE","potentialAction":[{"@type":"ReadAction","target":["https:\/\/grontkontor.dk\/sv\/shop\/oekologisk-chokolade-roerepinde\/"]}]},{"@type":"BreadcrumbList","@id":"https:\/\/grontkontor.dk\/sv\/shop\/oekologisk-chokolade-roerepinde\/#breadcrumb","itemListElement":[{"@type":"ListItem","position":1,"name":"Forside","item":"https:\/\/grontkontor.dk\/"},{"@type":"ListItem","position":2,"name":"Shop","item":"https:\/\/grontkontor.dk\/sv\/shop\/"},{"@type":"ListItem","position":3,"name":"Mad og drikke","item":"https:\/\/grontkontor.dk\/produkt-kategori\/mad-og-drikke\/"},{"@type":"ListItem","position":4,"name":"Slik og snacks","item":"https:\/\/grontkontor.dk\/produkt-kategori\/mad-og-drikke\/slik-og-snacks\/"},{"@type":"ListItem","position":5,"name":"Ekologiska chokladr\u00f6rare"}]},{"@type":"WebSite","@id":"https:\/\/grontkontor.dk\/#website","url":"https:\/\/grontkontor.dk\/","name":"Gr\u00f8nt Kontor","description":"Milj\u00f8venlige produkter til kontor og erhverv med fokus p\u00e5 b\u00e6redygtighed, design og fair trade.","publisher":{"@id":"https:\/\/grontkontor.dk\/#organization"},"potentialAction":[{"@type":"SearchAction","target":{"@type":"EntryPoint","urlTemplate":"https:\/\/grontkontor.dk\/?s={search_term_string}"},"query-input":"required name=search_term_string"}],"inLanguage":"sv-SE"},{"@type":"Organization","@id":"https:\/\/grontkontor.dk\/#organization","name":"Gr\u00f8nt Kontor","url":"https:\/\/grontkontor.dk\/","logo":{"@type":"ImageObject","inLanguage":"sv-SE","@id":"https:\/\/grontkontor.dk\/#\/schema\/logo\/image\/","url":"https:\/\/grontkontor.dk\/wp-content\/uploads\/2014\/02\/Logo_groent_kontor_300x80.png","contentUrl":"https:\/\/grontkontor.dk\/wp-content\/uploads\/2014\/02\/Logo_groent_kontor_300x80.png","width":300,"height":80,"caption":"Gr\u00f8nt Kontor"},"image":{"@id":"https:\/\/grontkontor.dk\/#\/schema\/logo\/image\/"},"sameAs":["https:\/\/www.facebook.com\/grontkontor.dk\/"]}]}},"_links":{"self":[{"href":"https:\/\/grontkontor.dk\/sv\/wp-json\/wp\/v2\/product\/130561"}],"collection":[{"href":"https:\/\/grontkontor.dk\/sv\/wp-json\/wp\/v2\/product"}],"about":[{"href":"https:\/\/grontkontor.dk\/sv\/wp-json\/wp\/v2\/types\/product"}],"replies":[{"embeddable":true,"href":"https:\/\/grontkontor.dk\/sv\/wp-json\/wp\/v2\/comments?post=130561"}],"wp:featuredmedia":[{"embeddable":true,"href":"https:\/\/grontkontor.dk\/sv\/wp-json\/wp\/v2\/media\/130568"}],"wp:attachment":[{"href":"https:\/\/grontkontor.dk\/sv\/wp-json\/wp\/v2\/media?parent=130561"}],"wp:term":[{"taxonomy":"product_cat","embeddable":true,"href":"https:\/\/grontkontor.dk\/sv\/wp-json\/wp\/v2\/product_cat?post=130561"},{"taxonomy":"product_tag","embeddable":true,"href":"https:\/\/grontkontor.dk\/sv\/wp-json\/wp\/v2\/product_tag?post=130561"}],"curies":[{"name":"wp","href":"https:\/\/api.w.org\/{rel}","templated":true}]}}